{"id":1668,"date":"2025-02-19T09:10:34","date_gmt":"2025-02-19T09:10:34","guid":{"rendered":"https:\/\/awero.ee\/?post_type=product&#038;p=1668"},"modified":"2026-05-07T18:08:38","modified_gmt":"2026-05-07T18:08:38","slug":"ofuro-kulmtunn","status":"publish","type":"product","link":"https:\/\/awero.ee\/es\/toode\/ofuro-kulmtunn\/","title":{"rendered":"Ofuro k\u00fclmt\u00fcnn"},"content":{"rendered":"<div class=\"container single-product-description-text\">\n<div class=\"container single-product-description-text\">\n<p><strong>Komplekti kuulub:<\/strong><\/p>\n<ul>\n<li><strong>klaasfiibrist<\/strong> sisu (v\u00e4rvivalik: hall, valge, must, helesinine, sinine)<\/li>\n<li>termopuidust v\u00e4liskest (viimistletud puidukaitsevahendiga),<\/li>\n<li>\u00fcmar aste (viimistletud puidukaitsevahendiga).<\/li>\n<\/ul>\n<p>K\u00fclmt\u00fcnnile on v\u00f5imalik juurde tellida soojustatud kate ja vee jahutaja-soojendaja, mis v\u00f5imaldab t\u00fcnni kasutada nii k\u00fclma- kui soojateraapiaks. Samuti on v\u00f5imalik lasta t\u00fcnn v\u00e4ljast soojustada PUR vahuga, et tagada vee aeglasem temperatuuri muutumine. Lisavarustusena on saadaval ka LED valgusti ning termomeeter.<\/p>\n<p>Komplekti ei kuulu termopuidust kate jahutusseadmele.<\/p>\n<\/div>\n<\/div>\n","protected":false},"excerpt":{"rendered":"<p>Meie tootevalikusse on lisandunud <strong>uus k\u00fclmt\u00fcnn\u00a0 Ofuro IceTub<\/strong>, mis on sobilik karastavaks supluseks kahele inimesele. K\u00fclmt\u00fcnnil on lihtsasti hooldatav <strong>klaasfiibrist<\/strong> sisu ergonoomiliste istmetega, ovaalne kuju ja vastupidav <strong>termopuidust<\/strong> \u00fcmbris.<\/p>\n","protected":false},"featured_media":1555,"template":"","meta":{"_acf_changed":false},"product_brand":[],"product_cat":[272,214],"product_tag":[],"class_list":{"0":"post-1668","1":"product","2":"type-product","3":"status-publish","4":"has-post-thumbnail","6":"product_cat-jaatunnid","7":"product_cat-kumblustunnid","9":"first","10":"instock","11":"sale","12":"shipping-taxable","13":"product-type-variable"},"acf":[],"yoast_head":"<!-- This site is optimized with the Yoast SEO plugin v27.5 - https:\/\/yoast.com\/product\/yoast-seo-wordpress\/ -->\n<title>Ofuro k\u00fclmt\u00fcnn - Awero - S\u00fcdamega L\u00f5una-Eestist<\/title>\n<meta name=\"robots\" content=\"index, follow, max-snippet:-1, max-image-preview:large, max-video-preview:-1\" \/>\n<link rel=\"canonical\" href=\"https:\/\/awero.ee\/es\/toode\/ofuro-kulmtunn\/\" \/>\n<meta property=\"og:locale\" content=\"es_ES\" \/>\n<meta property=\"og:type\" content=\"article\" \/>\n<meta property=\"og:title\" content=\"Ofuro k\u00fclmt\u00fcnn - Awero - S\u00fcdamega L\u00f5una-Eestist\" \/>\n<meta property=\"og:description\" content=\"Meie tootevalikusse on lisandunud uus k\u00fclmt\u00fcnn\u00a0 Ofuro IceTub, mis on sobilik karastavaks supluseks kahele inimesele. K\u00fclmt\u00fcnnil on lihtsasti hooldatav klaasfiibrist sisu ergonoomiliste istmetega, ovaalne kuju ja vastupidav termopuidust \u00fcmbris.\" \/>\n<meta property=\"og:url\" content=\"https:\/\/awero.ee\/es\/toode\/ofuro-kulmtunn\/\" \/>\n<meta property=\"og:site_name\" content=\"Awero - S\u00fcdamega L\u00f5una-Eestist\" \/>\n<meta property=\"article:modified_time\" content=\"2026-05-07T18:08:38+00:00\" \/>\n<meta property=\"og:image\" content=\"https:\/\/awero.ee\/wp-content\/uploads\/2025\/02\/Ofuro-termo-chiller.jpg\" \/>\n\t<meta property=\"og:image:width\" content=\"2500\" \/>\n\t<meta property=\"og:image:height\" content=\"1667\" \/>\n\t<meta property=\"og:image:type\" content=\"image\/jpeg\" \/>\n<meta name=\"twitter:card\" content=\"summary_large_image\" \/>\n<meta name=\"twitter:label1\" content=\"Tiempo de lectura\" \/>\n\t<meta name=\"twitter:data1\" content=\"1 minuto\" \/>\n<script type=\"application\/ld+json\" class=\"yoast-schema-graph\">{\"@context\":\"https:\\\/\\\/schema.org\",\"@graph\":[{\"@type\":\"WebPage\",\"@id\":\"https:\\\/\\\/awero.ee\\\/es\\\/toode\\\/ofuro-kulmtunn\\\/\",\"url\":\"https:\\\/\\\/awero.ee\\\/es\\\/toode\\\/ofuro-kulmtunn\\\/\",\"name\":\"Ofuro k\u00fclmt\u00fcnn - Awero - S\u00fcdamega L\u00f5una-Eestist\",\"isPartOf\":{\"@id\":\"https:\\\/\\\/awero.ee\\\/es\\\/#website\"},\"primaryImageOfPage\":{\"@id\":\"https:\\\/\\\/awero.ee\\\/es\\\/toode\\\/ofuro-kulmtunn\\\/#primaryimage\"},\"image\":{\"@id\":\"https:\\\/\\\/awero.ee\\\/es\\\/toode\\\/ofuro-kulmtunn\\\/#primaryimage\"},\"thumbnailUrl\":\"https:\\\/\\\/awero.ee\\\/wp-content\\\/uploads\\\/2025\\\/02\\\/Ofuro-termo-chiller.jpg\",\"datePublished\":\"2025-02-19T09:10:34+00:00\",\"dateModified\":\"2026-05-07T18:08:38+00:00\",\"breadcrumb\":{\"@id\":\"https:\\\/\\\/awero.ee\\\/es\\\/toode\\\/ofuro-kulmtunn\\\/#breadcrumb\"},\"inLanguage\":\"es\",\"potentialAction\":[{\"@type\":\"ReadAction\",\"target\":[\"https:\\\/\\\/awero.ee\\\/es\\\/toode\\\/ofuro-kulmtunn\\\/\"]}]},{\"@type\":\"ImageObject\",\"inLanguage\":\"es\",\"@id\":\"https:\\\/\\\/awero.ee\\\/es\\\/toode\\\/ofuro-kulmtunn\\\/#primaryimage\",\"url\":\"https:\\\/\\\/awero.ee\\\/wp-content\\\/uploads\\\/2025\\\/02\\\/Ofuro-termo-chiller.jpg\",\"contentUrl\":\"https:\\\/\\\/awero.ee\\\/wp-content\\\/uploads\\\/2025\\\/02\\\/Ofuro-termo-chiller.jpg\",\"width\":2500,\"height\":1667},{\"@type\":\"BreadcrumbList\",\"@id\":\"https:\\\/\\\/awero.ee\\\/es\\\/toode\\\/ofuro-kulmtunn\\\/#breadcrumb\",\"itemListElement\":[{\"@type\":\"ListItem\",\"position\":1,\"name\":\"Home\",\"item\":\"https:\\\/\\\/awero.ee\\\/es\\\/pagina-de-inicio\\\/\"},{\"@type\":\"ListItem\",\"position\":2,\"name\":\"Pood\",\"item\":\"https:\\\/\\\/awero.ee\\\/pood\\\/\"},{\"@type\":\"ListItem\",\"position\":3,\"name\":\"Ofuro k\u00fclmt\u00fcnn\"}]},{\"@type\":\"WebSite\",\"@id\":\"https:\\\/\\\/awero.ee\\\/es\\\/#website\",\"url\":\"https:\\\/\\\/awero.ee\\\/es\\\/\",\"name\":\"Awero - S\u00fcdamega L\u00f5una Eestist\",\"description\":\"\",\"publisher\":{\"@id\":\"https:\\\/\\\/awero.ee\\\/es\\\/#organization\"},\"potentialAction\":[{\"@type\":\"SearchAction\",\"target\":{\"@type\":\"EntryPoint\",\"urlTemplate\":\"https:\\\/\\\/awero.ee\\\/es\\\/?s={search_term_string}\"},\"query-input\":{\"@type\":\"PropertyValueSpecification\",\"valueRequired\":true,\"valueName\":\"search_term_string\"}}],\"inLanguage\":\"es\"},{\"@type\":\"Organization\",\"@id\":\"https:\\\/\\\/awero.ee\\\/es\\\/#organization\",\"name\":\"Awero - S\u00fcdamega L\u00f5una Eestist\",\"url\":\"https:\\\/\\\/awero.ee\\\/es\\\/\",\"logo\":{\"@type\":\"ImageObject\",\"inLanguage\":\"es\",\"@id\":\"https:\\\/\\\/awero.ee\\\/es\\\/#\\\/schema\\\/logo\\\/image\\\/\",\"url\":\"https:\\\/\\\/awero.ee\\\/wp-content\\\/uploads\\\/2024\\\/07\\\/aweroplaceholder.jpg\",\"contentUrl\":\"https:\\\/\\\/awero.ee\\\/wp-content\\\/uploads\\\/2024\\\/07\\\/aweroplaceholder.jpg\",\"width\":1250,\"height\":834,\"caption\":\"Awero - S\u00fcdamega L\u00f5una Eestist\"},\"image\":{\"@id\":\"https:\\\/\\\/awero.ee\\\/es\\\/#\\\/schema\\\/logo\\\/image\\\/\"}}]}<\/script>\n<!-- \/ Yoast SEO plugin. -->","yoast_head_json":{"title":"Ofuro k\u00fclmt\u00fcnn - Awero - S\u00fcdamega L\u00f5una-Eestist","robots":{"index":"index","follow":"follow","max-snippet":"max-snippet:-1","max-image-preview":"max-image-preview:large","max-video-preview":"max-video-preview:-1"},"canonical":"https:\/\/awero.ee\/es\/toode\/ofuro-kulmtunn\/","og_locale":"es_ES","og_type":"article","og_title":"Ofuro k\u00fclmt\u00fcnn - Awero - S\u00fcdamega L\u00f5una-Eestist","og_description":"Meie tootevalikusse on lisandunud uus k\u00fclmt\u00fcnn\u00a0 Ofuro IceTub, mis on sobilik karastavaks supluseks kahele inimesele. K\u00fclmt\u00fcnnil on lihtsasti hooldatav klaasfiibrist sisu ergonoomiliste istmetega, ovaalne kuju ja vastupidav termopuidust \u00fcmbris.","og_url":"https:\/\/awero.ee\/es\/toode\/ofuro-kulmtunn\/","og_site_name":"Awero - S\u00fcdamega L\u00f5una-Eestist","article_modified_time":"2026-05-07T18:08:38+00:00","og_image":[{"width":2500,"height":1667,"url":"https:\/\/awero.ee\/wp-content\/uploads\/2025\/02\/Ofuro-termo-chiller.jpg","type":"image\/jpeg"}],"twitter_card":"summary_large_image","twitter_misc":{"Tiempo de lectura":"1 minuto"},"schema":{"@context":"https:\/\/schema.org","@graph":[{"@type":"WebPage","@id":"https:\/\/awero.ee\/es\/toode\/ofuro-kulmtunn\/","url":"https:\/\/awero.ee\/es\/toode\/ofuro-kulmtunn\/","name":"Ofuro k\u00fclmt\u00fcnn - Awero - S\u00fcdamega L\u00f5una-Eestist","isPartOf":{"@id":"https:\/\/awero.ee\/es\/#website"},"primaryImageOfPage":{"@id":"https:\/\/awero.ee\/es\/toode\/ofuro-kulmtunn\/#primaryimage"},"image":{"@id":"https:\/\/awero.ee\/es\/toode\/ofuro-kulmtunn\/#primaryimage"},"thumbnailUrl":"https:\/\/awero.ee\/wp-content\/uploads\/2025\/02\/Ofuro-termo-chiller.jpg","datePublished":"2025-02-19T09:10:34+00:00","dateModified":"2026-05-07T18:08:38+00:00","breadcrumb":{"@id":"https:\/\/awero.ee\/es\/toode\/ofuro-kulmtunn\/#breadcrumb"},"inLanguage":"es","potentialAction":[{"@type":"ReadAction","target":["https:\/\/awero.ee\/es\/toode\/ofuro-kulmtunn\/"]}]},{"@type":"ImageObject","inLanguage":"es","@id":"https:\/\/awero.ee\/es\/toode\/ofuro-kulmtunn\/#primaryimage","url":"https:\/\/awero.ee\/wp-content\/uploads\/2025\/02\/Ofuro-termo-chiller.jpg","contentUrl":"https:\/\/awero.ee\/wp-content\/uploads\/2025\/02\/Ofuro-termo-chiller.jpg","width":2500,"height":1667},{"@type":"BreadcrumbList","@id":"https:\/\/awero.ee\/es\/toode\/ofuro-kulmtunn\/#breadcrumb","itemListElement":[{"@type":"ListItem","position":1,"name":"Home","item":"https:\/\/awero.ee\/es\/pagina-de-inicio\/"},{"@type":"ListItem","position":2,"name":"Pood","item":"https:\/\/awero.ee\/pood\/"},{"@type":"ListItem","position":3,"name":"Ofuro k\u00fclmt\u00fcnn"}]},{"@type":"WebSite","@id":"https:\/\/awero.ee\/es\/#website","url":"https:\/\/awero.ee\/es\/","name":"Awero - S\u00fcdamega L\u00f5una Eestist","description":"","publisher":{"@id":"https:\/\/awero.ee\/es\/#organization"},"potentialAction":[{"@type":"SearchAction","target":{"@type":"EntryPoint","urlTemplate":"https:\/\/awero.ee\/es\/?s={search_term_string}"},"query-input":{"@type":"PropertyValueSpecification","valueRequired":true,"valueName":"search_term_string"}}],"inLanguage":"es"},{"@type":"Organization","@id":"https:\/\/awero.ee\/es\/#organization","name":"Awero - S\u00fcdamega L\u00f5una Eestist","url":"https:\/\/awero.ee\/es\/","logo":{"@type":"ImageObject","inLanguage":"es","@id":"https:\/\/awero.ee\/es\/#\/schema\/logo\/image\/","url":"https:\/\/awero.ee\/wp-content\/uploads\/2024\/07\/aweroplaceholder.jpg","contentUrl":"https:\/\/awero.ee\/wp-content\/uploads\/2024\/07\/aweroplaceholder.jpg","width":1250,"height":834,"caption":"Awero - S\u00fcdamega L\u00f5una Eestist"},"image":{"@id":"https:\/\/awero.ee\/es\/#\/schema\/logo\/image\/"}}]}},"_links":{"self":[{"href":"https:\/\/awero.ee\/es\/wp-json\/wp\/v2\/product\/1668","targetHints":{"allow":["GET"]}}],"collection":[{"href":"https:\/\/awero.ee\/es\/wp-json\/wp\/v2\/product"}],"about":[{"href":"https:\/\/awero.ee\/es\/wp-json\/wp\/v2\/types\/product"}],"wp:featuredmedia":[{"embeddable":true,"href":"https:\/\/awero.ee\/es\/wp-json\/wp\/v2\/media\/1555"}],"wp:attachment":[{"href":"https:\/\/awero.ee\/es\/wp-json\/wp\/v2\/media?parent=1668"}],"wp:term":[{"taxonomy":"product_brand","embeddable":true,"href":"https:\/\/awero.ee\/es\/wp-json\/wp\/v2\/product_brand?post=1668"},{"taxonomy":"product_cat","embeddable":true,"href":"https:\/\/awero.ee\/es\/wp-json\/wp\/v2\/product_cat?post=1668"},{"taxonomy":"product_tag","embeddable":true,"href":"https:\/\/awero.ee\/es\/wp-json\/wp\/v2\/product_tag?post=1668"}],"curies":[{"name":"wp","href":"https:\/\/api.w.org\/{rel}","templated":true}]}}