{"id":12822,"date":"2025-10-22T12:16:54","date_gmt":"2025-10-22T12:16:54","guid":{"rendered":"https:\/\/awero.ee\/toode\/enfriador-de-agua-g-05\/"},"modified":"2026-04-01T12:31:37","modified_gmt":"2026-04-01T12:31:37","slug":"enfriador-de-agua-g-05","status":"publish","type":"product","link":"https:\/\/awero.ee\/es\/toode\/enfriador-de-agua-g-05\/","title":{"rendered":"Enfriador de agua G-05"},"content":{"rendered":"<p>El kit incluye:<\/p>\n<p>\u2022 Enfriador de agua G-05 \/ 220V \u2013 0,5 HP<br \/>\n\u2022 Accesorios de conexi\u00f3n<\/p>\n<p>&nbsp;<\/p>\n<p><strong>Entre los modelos Awero, el dispositivo es ideal para ba\u00f1eras de hielo <a href=\"https:\/\/awero.ee\/es\/toode\/icetub-100\/\">IceTub 100<\/a> e <a href=\"https:\/\/awero.ee\/es\/toode\/icon-icetub\/\">Icon IceTub.<\/a><br \/><\/strong><\/p>\n<p>&nbsp;<\/p>\n<p data-start=\"53\" data-end=\"74\"><strong>Datos t\u00e9cnicos <\/strong><\/p>\n<ul data-start=\"76\" data-end=\"505\">\n<li data-start=\"76\" data-end=\"104\">\n<p data-start=\"78\" data-end=\"104\">Potencia de entrada: 695 W<\/p>\n<\/li>\n<li data-start=\"105\" data-end=\"130\">\n<p data-start=\"107\" data-end=\"130\">Frecuencia de operaci\u00f3n: 50 Hz<\/p>\n<\/li>\n<li data-start=\"131\" data-end=\"158\">\n<p data-start=\"133\" data-end=\"158\">Tensi\u00f3n de trabajo: 220\u2013240 V<\/p>\n<\/li>\n<li data-start=\"159\" data-end=\"186\">\n<p data-start=\"161\" data-end=\"186\">Corriente: 3,2 A<\/p>\n<\/li>\n<li data-start=\"187\" data-end=\"221\">\n<p data-start=\"189\" data-end=\"221\">Potencia del compresor: 410 W<\/p>\n<\/li>\n<li data-start=\"222\" data-end=\"252\">\n<p data-start=\"224\" data-end=\"252\">Capacidad de refrigeraci\u00f3n: 1200 W<\/p>\n<\/li>\n<li data-start=\"253\" data-end=\"275\">\n<p data-start=\"255\" data-end=\"275\">Refrigerante: R32<\/p>\n<\/li>\n<li data-start=\"276\" data-end=\"313\">\n<p data-start=\"278\" data-end=\"313\">Temperatura de enfriamiento: hasta 3 \u00b0C<\/p>\n<\/li>\n<li data-start=\"314\" data-end=\"356\">\n<p data-start=\"316\" data-end=\"356\">Tiempo de enfriamiento: 20 \u00b0C \u2192 3 \u00b0C \u2248 8 horas<\/p>\n<\/li>\n<li data-start=\"357\" data-end=\"392\">\n<p data-start=\"359\" data-end=\"392\">Rango de operaci\u00f3n: 2 \u00b0C \u2013 45 \u00b0C<\/p>\n<\/li>\n<li data-start=\"393\" data-end=\"426\">\n<p data-start=\"395\" data-end=\"426\">Volumen del tanque de agua: 300\u2013400 L<\/p>\n<\/li>\n<li data-start=\"427\" data-end=\"452\">\n<p data-start=\"429\" data-end=\"452\">Peso neto: 22,2 kg<\/p>\n<\/li>\n<li data-start=\"453\" data-end=\"505\">\n<p data-start=\"455\" data-end=\"505\">Dimensiones del producto (An \u00d7 L \u00d7 Al): 375 \u00d7 300 \u00d7 345 mm<\/p>\n<\/li>\n<\/ul>\n","protected":false},"excerpt":{"rendered":"<p><strong data-start=\"123\" data-end=\"141\">El enfriador de agua G-05 <\/strong>es un dispositivo compacto dise\u00f1ado para ba\u00f1eras de hielo, capaz de enfriar hasta 400 litros de agua a 3 \u00b0C. Su amplio rango de operaci\u00f3n +2\u2026+45 \u00b0C garantiza una refrigeraci\u00f3n estable y eficiente incluso con un uso intensivo. Perfecto para ba\u00f1os de hielo y soluciones de terapia de fr\u00edo.  <\/p>\n","protected":false},"featured_media":9701,"template":"","meta":{"_acf_changed":false},"product_brand":[],"product_cat":[1646,1334],"product_tag":[],"class_list":{"0":"post-12822","1":"product","2":"type-product","3":"status-publish","4":"has-post-thumbnail","6":"product_cat-uncategorized-et","7":"product_cat-accesorios","9":"first","10":"instock","11":"shipping-taxable","12":"product-type-simple"},"acf":[],"yoast_head":"<!-- This site is optimized with the Yoast SEO plugin v26.8 - https:\/\/yoast.com\/product\/yoast-seo-wordpress\/ -->\n<title>Enfriador de agua G-05 - Awero - S\u00fcdamega L\u00f5una-Eestist<\/title>\n<meta name=\"robots\" content=\"index, follow, max-snippet:-1, max-image-preview:large, max-video-preview:-1\" \/>\n<link rel=\"canonical\" href=\"https:\/\/awero.ee\/es\/toode\/enfriador-de-agua-g-05\/\" \/>\n<meta property=\"og:locale\" content=\"es_ES\" \/>\n<meta property=\"og:type\" content=\"article\" \/>\n<meta property=\"og:title\" content=\"Enfriador de agua G-05 - Awero - S\u00fcdamega L\u00f5una-Eestist\" \/>\n<meta property=\"og:description\" content=\"El enfriador de agua G-05 es un dispositivo compacto dise\u00f1ado para ba\u00f1eras de hielo, capaz de enfriar hasta 400 litros de agua a 3 \u00b0C. Su amplio rango de operaci\u00f3n +2\u2026+45 \u00b0C garantiza una refrigeraci\u00f3n estable y eficiente incluso con un uso intensivo. Perfecto para ba\u00f1os de hielo y soluciones de terapia de fr\u00edo.\" \/>\n<meta property=\"og:url\" content=\"https:\/\/awero.ee\/es\/toode\/enfriador-de-agua-g-05\/\" \/>\n<meta property=\"og:site_name\" content=\"Awero - S\u00fcdamega L\u00f5una-Eestist\" \/>\n<meta property=\"article:modified_time\" content=\"2026-04-01T12:31:37+00:00\" \/>\n<meta property=\"og:image\" content=\"https:\/\/awero.ee\/wp-content\/uploads\/2025\/10\/WhatsApp-Image-2025-04-18-at-11.53.42.jpeg\" \/>\n\t<meta property=\"og:image:width\" content=\"1600\" \/>\n\t<meta property=\"og:image:height\" content=\"1600\" \/>\n\t<meta property=\"og:image:type\" content=\"image\/jpeg\" \/>\n<meta name=\"twitter:card\" content=\"summary_large_image\" \/>\n<script type=\"application\/ld+json\" class=\"yoast-schema-graph\">{\"@context\":\"https:\/\/schema.org\",\"@graph\":[{\"@type\":\"WebPage\",\"@id\":\"https:\/\/awero.ee\/es\/toode\/enfriador-de-agua-g-05\/\",\"url\":\"https:\/\/awero.ee\/es\/toode\/enfriador-de-agua-g-05\/\",\"name\":\"Enfriador de agua G-05 - Awero - S\u00fcdamega L\u00f5una-Eestist\",\"isPartOf\":{\"@id\":\"https:\/\/awero.ee\/es\/#website\"},\"primaryImageOfPage\":{\"@id\":\"https:\/\/awero.ee\/es\/toode\/enfriador-de-agua-g-05\/#primaryimage\"},\"image\":{\"@id\":\"https:\/\/awero.ee\/es\/toode\/enfriador-de-agua-g-05\/#primaryimage\"},\"thumbnailUrl\":\"https:\/\/awero.ee\/wp-content\/uploads\/2025\/10\/WhatsApp-Image-2025-04-18-at-11.53.42.jpeg\",\"datePublished\":\"2025-10-22T12:16:54+00:00\",\"dateModified\":\"2026-04-01T12:31:37+00:00\",\"breadcrumb\":{\"@id\":\"https:\/\/awero.ee\/es\/toode\/enfriador-de-agua-g-05\/#breadcrumb\"},\"inLanguage\":\"es\",\"potentialAction\":[{\"@type\":\"ReadAction\",\"target\":[\"https:\/\/awero.ee\/es\/toode\/enfriador-de-agua-g-05\/\"]}]},{\"@type\":\"ImageObject\",\"inLanguage\":\"es\",\"@id\":\"https:\/\/awero.ee\/es\/toode\/enfriador-de-agua-g-05\/#primaryimage\",\"url\":\"https:\/\/awero.ee\/wp-content\/uploads\/2025\/10\/WhatsApp-Image-2025-04-18-at-11.53.42.jpeg\",\"contentUrl\":\"https:\/\/awero.ee\/wp-content\/uploads\/2025\/10\/WhatsApp-Image-2025-04-18-at-11.53.42.jpeg\",\"width\":1600,\"height\":1600},{\"@type\":\"BreadcrumbList\",\"@id\":\"https:\/\/awero.ee\/es\/toode\/enfriador-de-agua-g-05\/#breadcrumb\",\"itemListElement\":[{\"@type\":\"ListItem\",\"position\":1,\"name\":\"Home\",\"item\":\"https:\/\/awero.ee\/es\/pagina-de-inicio\/\"},{\"@type\":\"ListItem\",\"position\":2,\"name\":\"Pood\",\"item\":\"https:\/\/awero.ee\/pood\/\"},{\"@type\":\"ListItem\",\"position\":3,\"name\":\"Enfriador de agua G-05\"}]},{\"@type\":\"WebSite\",\"@id\":\"https:\/\/awero.ee\/es\/#website\",\"url\":\"https:\/\/awero.ee\/es\/\",\"name\":\"Awero - S\u00fcdamega L\u00f5una Eestist\",\"description\":\"\",\"publisher\":{\"@id\":\"https:\/\/awero.ee\/es\/#organization\"},\"potentialAction\":[{\"@type\":\"SearchAction\",\"target\":{\"@type\":\"EntryPoint\",\"urlTemplate\":\"https:\/\/awero.ee\/es\/?s={search_term_string}\"},\"query-input\":{\"@type\":\"PropertyValueSpecification\",\"valueRequired\":true,\"valueName\":\"search_term_string\"}}],\"inLanguage\":\"es\"},{\"@type\":\"Organization\",\"@id\":\"https:\/\/awero.ee\/es\/#organization\",\"name\":\"Awero - S\u00fcdamega L\u00f5una Eestist\",\"url\":\"https:\/\/awero.ee\/es\/\",\"logo\":{\"@type\":\"ImageObject\",\"inLanguage\":\"es\",\"@id\":\"https:\/\/awero.ee\/es\/#\/schema\/logo\/image\/\",\"url\":\"https:\/\/awero.ee\/wp-content\/uploads\/2024\/07\/aweroplaceholder.jpg\",\"contentUrl\":\"https:\/\/awero.ee\/wp-content\/uploads\/2024\/07\/aweroplaceholder.jpg\",\"width\":1250,\"height\":834,\"caption\":\"Awero - S\u00fcdamega L\u00f5una Eestist\"},\"image\":{\"@id\":\"https:\/\/awero.ee\/es\/#\/schema\/logo\/image\/\"}}]}<\/script>\n<!-- \/ Yoast SEO plugin. -->","yoast_head_json":{"title":"Enfriador de agua G-05 - Awero - S\u00fcdamega L\u00f5una-Eestist","robots":{"index":"index","follow":"follow","max-snippet":"max-snippet:-1","max-image-preview":"max-image-preview:large","max-video-preview":"max-video-preview:-1"},"canonical":"https:\/\/awero.ee\/es\/toode\/enfriador-de-agua-g-05\/","og_locale":"es_ES","og_type":"article","og_title":"Enfriador de agua G-05 - Awero - S\u00fcdamega L\u00f5una-Eestist","og_description":"El enfriador de agua G-05 es un dispositivo compacto dise\u00f1ado para ba\u00f1eras de hielo, capaz de enfriar hasta 400 litros de agua a 3 \u00b0C. Su amplio rango de operaci\u00f3n +2\u2026+45 \u00b0C garantiza una refrigeraci\u00f3n estable y eficiente incluso con un uso intensivo. Perfecto para ba\u00f1os de hielo y soluciones de terapia de fr\u00edo.","og_url":"https:\/\/awero.ee\/es\/toode\/enfriador-de-agua-g-05\/","og_site_name":"Awero - S\u00fcdamega L\u00f5una-Eestist","article_modified_time":"2026-04-01T12:31:37+00:00","og_image":[{"width":1600,"height":1600,"url":"https:\/\/awero.ee\/wp-content\/uploads\/2025\/10\/WhatsApp-Image-2025-04-18-at-11.53.42.jpeg","type":"image\/jpeg"}],"twitter_card":"summary_large_image","schema":{"@context":"https:\/\/schema.org","@graph":[{"@type":"WebPage","@id":"https:\/\/awero.ee\/es\/toode\/enfriador-de-agua-g-05\/","url":"https:\/\/awero.ee\/es\/toode\/enfriador-de-agua-g-05\/","name":"Enfriador de agua G-05 - Awero - S\u00fcdamega L\u00f5una-Eestist","isPartOf":{"@id":"https:\/\/awero.ee\/es\/#website"},"primaryImageOfPage":{"@id":"https:\/\/awero.ee\/es\/toode\/enfriador-de-agua-g-05\/#primaryimage"},"image":{"@id":"https:\/\/awero.ee\/es\/toode\/enfriador-de-agua-g-05\/#primaryimage"},"thumbnailUrl":"https:\/\/awero.ee\/wp-content\/uploads\/2025\/10\/WhatsApp-Image-2025-04-18-at-11.53.42.jpeg","datePublished":"2025-10-22T12:16:54+00:00","dateModified":"2026-04-01T12:31:37+00:00","breadcrumb":{"@id":"https:\/\/awero.ee\/es\/toode\/enfriador-de-agua-g-05\/#breadcrumb"},"inLanguage":"es","potentialAction":[{"@type":"ReadAction","target":["https:\/\/awero.ee\/es\/toode\/enfriador-de-agua-g-05\/"]}]},{"@type":"ImageObject","inLanguage":"es","@id":"https:\/\/awero.ee\/es\/toode\/enfriador-de-agua-g-05\/#primaryimage","url":"https:\/\/awero.ee\/wp-content\/uploads\/2025\/10\/WhatsApp-Image-2025-04-18-at-11.53.42.jpeg","contentUrl":"https:\/\/awero.ee\/wp-content\/uploads\/2025\/10\/WhatsApp-Image-2025-04-18-at-11.53.42.jpeg","width":1600,"height":1600},{"@type":"BreadcrumbList","@id":"https:\/\/awero.ee\/es\/toode\/enfriador-de-agua-g-05\/#breadcrumb","itemListElement":[{"@type":"ListItem","position":1,"name":"Home","item":"https:\/\/awero.ee\/es\/pagina-de-inicio\/"},{"@type":"ListItem","position":2,"name":"Pood","item":"https:\/\/awero.ee\/pood\/"},{"@type":"ListItem","position":3,"name":"Enfriador de agua G-05"}]},{"@type":"WebSite","@id":"https:\/\/awero.ee\/es\/#website","url":"https:\/\/awero.ee\/es\/","name":"Awero - S\u00fcdamega L\u00f5una Eestist","description":"","publisher":{"@id":"https:\/\/awero.ee\/es\/#organization"},"potentialAction":[{"@type":"SearchAction","target":{"@type":"EntryPoint","urlTemplate":"https:\/\/awero.ee\/es\/?s={search_term_string}"},"query-input":{"@type":"PropertyValueSpecification","valueRequired":true,"valueName":"search_term_string"}}],"inLanguage":"es"},{"@type":"Organization","@id":"https:\/\/awero.ee\/es\/#organization","name":"Awero - S\u00fcdamega L\u00f5una Eestist","url":"https:\/\/awero.ee\/es\/","logo":{"@type":"ImageObject","inLanguage":"es","@id":"https:\/\/awero.ee\/es\/#\/schema\/logo\/image\/","url":"https:\/\/awero.ee\/wp-content\/uploads\/2024\/07\/aweroplaceholder.jpg","contentUrl":"https:\/\/awero.ee\/wp-content\/uploads\/2024\/07\/aweroplaceholder.jpg","width":1250,"height":834,"caption":"Awero - S\u00fcdamega L\u00f5una Eestist"},"image":{"@id":"https:\/\/awero.ee\/es\/#\/schema\/logo\/image\/"}}]}},"_links":{"self":[{"href":"https:\/\/awero.ee\/es\/wp-json\/wp\/v2\/product\/12822","targetHints":{"allow":["GET"]}}],"collection":[{"href":"https:\/\/awero.ee\/es\/wp-json\/wp\/v2\/product"}],"about":[{"href":"https:\/\/awero.ee\/es\/wp-json\/wp\/v2\/types\/product"}],"wp:featuredmedia":[{"embeddable":true,"href":"https:\/\/awero.ee\/es\/wp-json\/wp\/v2\/media\/9701"}],"wp:attachment":[{"href":"https:\/\/awero.ee\/es\/wp-json\/wp\/v2\/media?parent=12822"}],"wp:term":[{"taxonomy":"product_brand","embeddable":true,"href":"https:\/\/awero.ee\/es\/wp-json\/wp\/v2\/product_brand?post=12822"},{"taxonomy":"product_cat","embeddable":true,"href":"https:\/\/awero.ee\/es\/wp-json\/wp\/v2\/product_cat?post=12822"},{"taxonomy":"product_tag","embeddable":true,"href":"https:\/\/awero.ee\/es\/wp-json\/wp\/v2\/product_tag?post=12822"}],"curies":[{"name":"wp","href":"https:\/\/api.w.org\/{rel}","templated":true}]}}