{"id":12805,"date":"2025-03-01T06:40:55","date_gmt":"2025-03-01T06:40:55","guid":{"rendered":"https:\/\/awero.ee\/toode\/calefaccion-electrica-6-kw\/"},"modified":"2026-03-10T07:58:57","modified_gmt":"2026-03-10T07:58:57","slug":"calefaccion-electrica-6-kw","status":"publish","type":"product","link":"https:\/\/awero.ee\/es\/toode\/calefaccion-electrica-6-kw\/","title":{"rendered":"Calefacci\u00f3n el\u00e9ctrica 6 kW"},"content":{"rendered":"<p data-start=\"619\" data-end=\"641\"><strong data-start=\"619\" data-end=\"641\">Datos t\u00e9cnicos<\/strong><\/p>\n<ul>\n<li data-start=\"644\" data-end=\"661\">Potencia: 6 kW<\/li>\n<li data-start=\"664\" data-end=\"697\">Alimentaci\u00f3n: trif\u00e1sica (400 V)<\/li>\n<li data-start=\"700\" data-end=\"723\">Consumo de corriente: 3 \u00d7 9 A<\/li>\n<li data-start=\"726\" data-end=\"754\">Funciona junto con un sistema de filtraci\u00f3n<\/li>\n<li data-start=\"757\" data-end=\"807\">El elemento calefactor no dispone de sistema de circulaci\u00f3n integrado<\/li>\n<\/ul>\n","protected":false},"excerpt":{"rendered":"<p data-start=\"180\" data-end=\"386\">El elemento calefactor trif\u00e1sico de 6 kW est\u00e1 dise\u00f1ado para calentar el agua de la ba\u00f1era de hidromasaje de manera r\u00e1pida y eficiente. La mayor potencia de calefacci\u00f3n permite reducir el tiempo de calentamiento y es ideal para un uso regular. <\/p>\n<p data-start=\"388\" data-end=\"617\">El dispositivo funciona \u00fanicamente junto con un <strong data-start=\"401\" data-end=\"437\"><a href=\"https:\/\/awero.ee\/es\/toode\/sistema-de-filtrado-de-agua-con-bolas-filtrantes\/\">sistema de filtraci\u00f3n<\/a><\/strong>, ya que el elemento calefactor no dispone de circulaci\u00f3n independiente. El sistema de filtraci\u00f3n garantiza un flujo continuo de agua a trav\u00e9s del calefactor, lo cual es necesario tanto para un calentamiento eficiente como para un funcionamiento seguro. <\/p>\n","protected":false},"featured_media":9279,"template":"","meta":{"_acf_changed":false},"product_brand":[],"product_cat":[1334],"product_tag":[],"class_list":{"0":"post-12805","1":"product","2":"type-product","3":"status-publish","4":"has-post-thumbnail","6":"product_cat-accesorios","8":"first","9":"instock","10":"shipping-taxable","11":"product-type-simple"},"acf":[],"yoast_head":"<!-- This site is optimized with the Yoast SEO plugin v26.8 - https:\/\/yoast.com\/product\/yoast-seo-wordpress\/ -->\n<title>Calefacci\u00f3n el\u00e9ctrica 6 kW - Awero - S\u00fcdamega L\u00f5una-Eestist<\/title>\n<meta name=\"robots\" content=\"index, follow, max-snippet:-1, max-image-preview:large, max-video-preview:-1\" \/>\n<link rel=\"canonical\" href=\"https:\/\/awero.ee\/es\/toode\/calefaccion-electrica-6-kw\/\" \/>\n<meta property=\"og:locale\" content=\"es_ES\" \/>\n<meta property=\"og:type\" content=\"article\" \/>\n<meta property=\"og:title\" content=\"Calefacci\u00f3n el\u00e9ctrica 6 kW - Awero - S\u00fcdamega L\u00f5una-Eestist\" \/>\n<meta property=\"og:description\" content=\"El elemento calefactor trif\u00e1sico de 6 kW est\u00e1 dise\u00f1ado para calentar el agua de la ba\u00f1era de hidromasaje de manera r\u00e1pida y eficiente. La mayor potencia de calefacci\u00f3n permite reducir el tiempo de calentamiento y es ideal para un uso regular. El dispositivo funciona \u00fanicamente junto con un sistema de filtraci\u00f3n, ya que el elemento calefactor no dispone de circulaci\u00f3n independiente. El sistema de filtraci\u00f3n garantiza un flujo continuo de agua a trav\u00e9s del calefactor, lo cual es necesario tanto para un calentamiento eficiente como para un funcionamiento seguro.\" \/>\n<meta property=\"og:url\" content=\"https:\/\/awero.ee\/es\/toode\/calefaccion-electrica-6-kw\/\" \/>\n<meta property=\"og:site_name\" content=\"Awero - S\u00fcdamega L\u00f5una-Eestist\" \/>\n<meta property=\"article:modified_time\" content=\"2026-03-10T07:58:57+00:00\" \/>\n<meta property=\"og:image\" content=\"https:\/\/awero.ee\/wp-content\/uploads\/2025\/03\/Elektrikutte-element-6kW.jpg\" \/>\n\t<meta property=\"og:image:width\" content=\"768\" \/>\n\t<meta property=\"og:image:height\" content=\"843\" \/>\n\t<meta property=\"og:image:type\" content=\"image\/jpeg\" \/>\n<meta name=\"twitter:card\" content=\"summary_large_image\" \/>\n<script type=\"application\/ld+json\" class=\"yoast-schema-graph\">{\"@context\":\"https:\/\/schema.org\",\"@graph\":[{\"@type\":\"WebPage\",\"@id\":\"https:\/\/awero.ee\/es\/toode\/calefaccion-electrica-6-kw\/\",\"url\":\"https:\/\/awero.ee\/es\/toode\/calefaccion-electrica-6-kw\/\",\"name\":\"Calefacci\u00f3n el\u00e9ctrica 6 kW - Awero - S\u00fcdamega L\u00f5una-Eestist\",\"isPartOf\":{\"@id\":\"https:\/\/awero.ee\/es\/#website\"},\"primaryImageOfPage\":{\"@id\":\"https:\/\/awero.ee\/es\/toode\/calefaccion-electrica-6-kw\/#primaryimage\"},\"image\":{\"@id\":\"https:\/\/awero.ee\/es\/toode\/calefaccion-electrica-6-kw\/#primaryimage\"},\"thumbnailUrl\":\"https:\/\/awero.ee\/wp-content\/uploads\/2025\/03\/Elektrikutte-element-6kW.jpg\",\"datePublished\":\"2025-03-01T06:40:55+00:00\",\"dateModified\":\"2026-03-10T07:58:57+00:00\",\"breadcrumb\":{\"@id\":\"https:\/\/awero.ee\/es\/toode\/calefaccion-electrica-6-kw\/#breadcrumb\"},\"inLanguage\":\"es\",\"potentialAction\":[{\"@type\":\"ReadAction\",\"target\":[\"https:\/\/awero.ee\/es\/toode\/calefaccion-electrica-6-kw\/\"]}]},{\"@type\":\"ImageObject\",\"inLanguage\":\"es\",\"@id\":\"https:\/\/awero.ee\/es\/toode\/calefaccion-electrica-6-kw\/#primaryimage\",\"url\":\"https:\/\/awero.ee\/wp-content\/uploads\/2025\/03\/Elektrikutte-element-6kW.jpg\",\"contentUrl\":\"https:\/\/awero.ee\/wp-content\/uploads\/2025\/03\/Elektrikutte-element-6kW.jpg\",\"width\":768,\"height\":843},{\"@type\":\"BreadcrumbList\",\"@id\":\"https:\/\/awero.ee\/es\/toode\/calefaccion-electrica-6-kw\/#breadcrumb\",\"itemListElement\":[{\"@type\":\"ListItem\",\"position\":1,\"name\":\"Home\",\"item\":\"https:\/\/awero.ee\/es\/pagina-de-inicio\/\"},{\"@type\":\"ListItem\",\"position\":2,\"name\":\"Pood\",\"item\":\"https:\/\/awero.ee\/pood\/\"},{\"@type\":\"ListItem\",\"position\":3,\"name\":\"Calefacci\u00f3n el\u00e9ctrica 6 kW\"}]},{\"@type\":\"WebSite\",\"@id\":\"https:\/\/awero.ee\/es\/#website\",\"url\":\"https:\/\/awero.ee\/es\/\",\"name\":\"Awero - S\u00fcdamega L\u00f5una Eestist\",\"description\":\"\",\"publisher\":{\"@id\":\"https:\/\/awero.ee\/es\/#organization\"},\"potentialAction\":[{\"@type\":\"SearchAction\",\"target\":{\"@type\":\"EntryPoint\",\"urlTemplate\":\"https:\/\/awero.ee\/es\/?s={search_term_string}\"},\"query-input\":{\"@type\":\"PropertyValueSpecification\",\"valueRequired\":true,\"valueName\":\"search_term_string\"}}],\"inLanguage\":\"es\"},{\"@type\":\"Organization\",\"@id\":\"https:\/\/awero.ee\/es\/#organization\",\"name\":\"Awero - S\u00fcdamega L\u00f5una Eestist\",\"url\":\"https:\/\/awero.ee\/es\/\",\"logo\":{\"@type\":\"ImageObject\",\"inLanguage\":\"es\",\"@id\":\"https:\/\/awero.ee\/es\/#\/schema\/logo\/image\/\",\"url\":\"https:\/\/awero.ee\/wp-content\/uploads\/2024\/07\/aweroplaceholder.jpg\",\"contentUrl\":\"https:\/\/awero.ee\/wp-content\/uploads\/2024\/07\/aweroplaceholder.jpg\",\"width\":1250,\"height\":834,\"caption\":\"Awero - S\u00fcdamega L\u00f5una Eestist\"},\"image\":{\"@id\":\"https:\/\/awero.ee\/es\/#\/schema\/logo\/image\/\"}}]}<\/script>\n<!-- \/ Yoast SEO plugin. -->","yoast_head_json":{"title":"Calefacci\u00f3n el\u00e9ctrica 6 kW - Awero - S\u00fcdamega L\u00f5una-Eestist","robots":{"index":"index","follow":"follow","max-snippet":"max-snippet:-1","max-image-preview":"max-image-preview:large","max-video-preview":"max-video-preview:-1"},"canonical":"https:\/\/awero.ee\/es\/toode\/calefaccion-electrica-6-kw\/","og_locale":"es_ES","og_type":"article","og_title":"Calefacci\u00f3n el\u00e9ctrica 6 kW - Awero - S\u00fcdamega L\u00f5una-Eestist","og_description":"El elemento calefactor trif\u00e1sico de 6 kW est\u00e1 dise\u00f1ado para calentar el agua de la ba\u00f1era de hidromasaje de manera r\u00e1pida y eficiente. La mayor potencia de calefacci\u00f3n permite reducir el tiempo de calentamiento y es ideal para un uso regular. El dispositivo funciona \u00fanicamente junto con un sistema de filtraci\u00f3n, ya que el elemento calefactor no dispone de circulaci\u00f3n independiente. El sistema de filtraci\u00f3n garantiza un flujo continuo de agua a trav\u00e9s del calefactor, lo cual es necesario tanto para un calentamiento eficiente como para un funcionamiento seguro.","og_url":"https:\/\/awero.ee\/es\/toode\/calefaccion-electrica-6-kw\/","og_site_name":"Awero - S\u00fcdamega L\u00f5una-Eestist","article_modified_time":"2026-03-10T07:58:57+00:00","og_image":[{"width":768,"height":843,"url":"https:\/\/awero.ee\/wp-content\/uploads\/2025\/03\/Elektrikutte-element-6kW.jpg","type":"image\/jpeg"}],"twitter_card":"summary_large_image","schema":{"@context":"https:\/\/schema.org","@graph":[{"@type":"WebPage","@id":"https:\/\/awero.ee\/es\/toode\/calefaccion-electrica-6-kw\/","url":"https:\/\/awero.ee\/es\/toode\/calefaccion-electrica-6-kw\/","name":"Calefacci\u00f3n el\u00e9ctrica 6 kW - Awero - S\u00fcdamega L\u00f5una-Eestist","isPartOf":{"@id":"https:\/\/awero.ee\/es\/#website"},"primaryImageOfPage":{"@id":"https:\/\/awero.ee\/es\/toode\/calefaccion-electrica-6-kw\/#primaryimage"},"image":{"@id":"https:\/\/awero.ee\/es\/toode\/calefaccion-electrica-6-kw\/#primaryimage"},"thumbnailUrl":"https:\/\/awero.ee\/wp-content\/uploads\/2025\/03\/Elektrikutte-element-6kW.jpg","datePublished":"2025-03-01T06:40:55+00:00","dateModified":"2026-03-10T07:58:57+00:00","breadcrumb":{"@id":"https:\/\/awero.ee\/es\/toode\/calefaccion-electrica-6-kw\/#breadcrumb"},"inLanguage":"es","potentialAction":[{"@type":"ReadAction","target":["https:\/\/awero.ee\/es\/toode\/calefaccion-electrica-6-kw\/"]}]},{"@type":"ImageObject","inLanguage":"es","@id":"https:\/\/awero.ee\/es\/toode\/calefaccion-electrica-6-kw\/#primaryimage","url":"https:\/\/awero.ee\/wp-content\/uploads\/2025\/03\/Elektrikutte-element-6kW.jpg","contentUrl":"https:\/\/awero.ee\/wp-content\/uploads\/2025\/03\/Elektrikutte-element-6kW.jpg","width":768,"height":843},{"@type":"BreadcrumbList","@id":"https:\/\/awero.ee\/es\/toode\/calefaccion-electrica-6-kw\/#breadcrumb","itemListElement":[{"@type":"ListItem","position":1,"name":"Home","item":"https:\/\/awero.ee\/es\/pagina-de-inicio\/"},{"@type":"ListItem","position":2,"name":"Pood","item":"https:\/\/awero.ee\/pood\/"},{"@type":"ListItem","position":3,"name":"Calefacci\u00f3n el\u00e9ctrica 6 kW"}]},{"@type":"WebSite","@id":"https:\/\/awero.ee\/es\/#website","url":"https:\/\/awero.ee\/es\/","name":"Awero - S\u00fcdamega L\u00f5una Eestist","description":"","publisher":{"@id":"https:\/\/awero.ee\/es\/#organization"},"potentialAction":[{"@type":"SearchAction","target":{"@type":"EntryPoint","urlTemplate":"https:\/\/awero.ee\/es\/?s={search_term_string}"},"query-input":{"@type":"PropertyValueSpecification","valueRequired":true,"valueName":"search_term_string"}}],"inLanguage":"es"},{"@type":"Organization","@id":"https:\/\/awero.ee\/es\/#organization","name":"Awero - S\u00fcdamega L\u00f5una Eestist","url":"https:\/\/awero.ee\/es\/","logo":{"@type":"ImageObject","inLanguage":"es","@id":"https:\/\/awero.ee\/es\/#\/schema\/logo\/image\/","url":"https:\/\/awero.ee\/wp-content\/uploads\/2024\/07\/aweroplaceholder.jpg","contentUrl":"https:\/\/awero.ee\/wp-content\/uploads\/2024\/07\/aweroplaceholder.jpg","width":1250,"height":834,"caption":"Awero - S\u00fcdamega L\u00f5una Eestist"},"image":{"@id":"https:\/\/awero.ee\/es\/#\/schema\/logo\/image\/"}}]}},"_links":{"self":[{"href":"https:\/\/awero.ee\/es\/wp-json\/wp\/v2\/product\/12805","targetHints":{"allow":["GET"]}}],"collection":[{"href":"https:\/\/awero.ee\/es\/wp-json\/wp\/v2\/product"}],"about":[{"href":"https:\/\/awero.ee\/es\/wp-json\/wp\/v2\/types\/product"}],"wp:featuredmedia":[{"embeddable":true,"href":"https:\/\/awero.ee\/es\/wp-json\/wp\/v2\/media\/9279"}],"wp:attachment":[{"href":"https:\/\/awero.ee\/es\/wp-json\/wp\/v2\/media?parent=12805"}],"wp:term":[{"taxonomy":"product_brand","embeddable":true,"href":"https:\/\/awero.ee\/es\/wp-json\/wp\/v2\/product_brand?post=12805"},{"taxonomy":"product_cat","embeddable":true,"href":"https:\/\/awero.ee\/es\/wp-json\/wp\/v2\/product_cat?post=12805"},{"taxonomy":"product_tag","embeddable":true,"href":"https:\/\/awero.ee\/es\/wp-json\/wp\/v2\/product_tag?post=12805"}],"curies":[{"name":"wp","href":"https:\/\/api.w.org\/{rel}","templated":true}]}}