{"id":12801,"date":"2025-03-01T06:41:20","date_gmt":"2025-03-01T06:41:20","guid":{"rendered":"https:\/\/awero.ee\/toode\/elemento-calefactor-electrico-3-kw\/"},"modified":"2026-03-10T07:58:56","modified_gmt":"2026-03-10T07:58:56","slug":"elemento-calefactor-electrico-3-kw","status":"publish","type":"product","link":"https:\/\/awero.ee\/es\/toode\/elemento-calefactor-electrico-3-kw\/","title":{"rendered":"Elemento calefactor el\u00e9ctrico 3 kW"},"content":{"rendered":"<p><strong data-start=\"641\" data-end=\"663\">Caracter\u00edsticas principales:<\/strong><\/p>\n<ul>\n<li>Potencia: 3 kW<\/li>\n<li>Consumo de corriente: 12 A<\/li>\n<li>Alimentaci\u00f3n: monof\u00e1sica (230 V)<\/li>\n<li>Dise\u00f1ado para calentar el agua de la ba\u00f1era de hidromasaje<\/li>\n<li>Funciona \u00fanicamente junto con un sistema de filtraci\u00f3n<\/li>\n<li>El elemento calefactor no dispone de sistema de circulaci\u00f3n integrado<\/li>\n<li>Soluci\u00f3n eficiente y de bajo consumo energ\u00e9tico<\/li>\n<\/ul>\n","protected":false},"excerpt":{"rendered":"<p data-start=\"143\" data-end=\"417\">El elemento calefactor el\u00e9ctrico de 3 kW es una soluci\u00f3n fiable y eficiente para calentar el agua de la ba\u00f1era de hidromasaje. El dispositivo est\u00e1 dise\u00f1ado para funcionar en conjunto con un <strong data-start=\"280\" data-end=\"309\"><a href=\"https:\/\/awero.ee\/es\/toode\/sistema-de-filtrado-de-agua-con-bolas-filtrantes\/\">sistema de filtraci\u00f3n<\/a><\/strong>, ya que el elemento calefactor no dispone de circulaci\u00f3n independiente; el flujo de agua a trav\u00e9s del calentador se realiza mediante el sistema de filtraci\u00f3n. <\/p>\n<p data-start=\"419\" data-end=\"639\">La calefacci\u00f3n el\u00e9ctrica garantiza un calentamiento estable y uniforme y es adecuada tanto para uso estacional como regular. Gracias a la conexi\u00f3n monof\u00e1sica, la instalaci\u00f3n es sencilla y apta para una red el\u00e9ctrica dom\u00e9stica est\u00e1ndar. <\/p>\n","protected":false},"featured_media":9280,"template":"","meta":{"_acf_changed":false},"product_brand":[],"product_cat":[1334],"product_tag":[],"class_list":{"0":"post-12801","1":"product","2":"type-product","3":"status-publish","4":"has-post-thumbnail","6":"product_cat-accesorios","8":"first","9":"instock","10":"shipping-taxable","11":"product-type-simple"},"acf":[],"yoast_head":"<!-- This site is optimized with the Yoast SEO plugin v27.5 - https:\/\/yoast.com\/product\/yoast-seo-wordpress\/ -->\n<title>Elemento calefactor el\u00e9ctrico 3 kW - Awero - S\u00fcdamega L\u00f5una-Eestist<\/title>\n<meta name=\"robots\" content=\"index, follow, max-snippet:-1, max-image-preview:large, max-video-preview:-1\" \/>\n<link rel=\"canonical\" href=\"https:\/\/awero.ee\/es\/toode\/elemento-calefactor-electrico-3-kw\/\" \/>\n<meta property=\"og:locale\" content=\"es_ES\" \/>\n<meta property=\"og:type\" content=\"article\" \/>\n<meta property=\"og:title\" content=\"Elemento calefactor el\u00e9ctrico 3 kW - Awero - S\u00fcdamega L\u00f5una-Eestist\" \/>\n<meta property=\"og:description\" content=\"El elemento calefactor el\u00e9ctrico de 3 kW es una soluci\u00f3n fiable y eficiente para calentar el agua de la ba\u00f1era de hidromasaje. El dispositivo est\u00e1 dise\u00f1ado para funcionar en conjunto con un sistema de filtraci\u00f3n, ya que el elemento calefactor no dispone de circulaci\u00f3n independiente; el flujo de agua a trav\u00e9s del calentador se realiza mediante el sistema de filtraci\u00f3n. La calefacci\u00f3n el\u00e9ctrica garantiza un calentamiento estable y uniforme y es adecuada tanto para uso estacional como regular. Gracias a la conexi\u00f3n monof\u00e1sica, la instalaci\u00f3n es sencilla y apta para una red el\u00e9ctrica dom\u00e9stica est\u00e1ndar.\" \/>\n<meta property=\"og:url\" content=\"https:\/\/awero.ee\/es\/toode\/elemento-calefactor-electrico-3-kw\/\" \/>\n<meta property=\"og:site_name\" content=\"Awero - S\u00fcdamega L\u00f5una-Eestist\" \/>\n<meta property=\"article:modified_time\" content=\"2026-03-10T07:58:56+00:00\" \/>\n<meta property=\"og:image\" content=\"https:\/\/awero.ee\/wp-content\/uploads\/2025\/03\/Elektrikutte-element-3kW.png\" \/>\n\t<meta property=\"og:image:width\" content=\"700\" \/>\n\t<meta property=\"og:image:height\" content=\"700\" \/>\n\t<meta property=\"og:image:type\" content=\"image\/png\" \/>\n<meta name=\"twitter:card\" content=\"summary_large_image\" \/>\n<script type=\"application\/ld+json\" class=\"yoast-schema-graph\">{\"@context\":\"https:\\\/\\\/schema.org\",\"@graph\":[{\"@type\":\"WebPage\",\"@id\":\"https:\\\/\\\/awero.ee\\\/es\\\/toode\\\/elemento-calefactor-electrico-3-kw\\\/\",\"url\":\"https:\\\/\\\/awero.ee\\\/es\\\/toode\\\/elemento-calefactor-electrico-3-kw\\\/\",\"name\":\"Elemento calefactor el\u00e9ctrico 3 kW - Awero - S\u00fcdamega L\u00f5una-Eestist\",\"isPartOf\":{\"@id\":\"https:\\\/\\\/awero.ee\\\/es\\\/#website\"},\"primaryImageOfPage\":{\"@id\":\"https:\\\/\\\/awero.ee\\\/es\\\/toode\\\/elemento-calefactor-electrico-3-kw\\\/#primaryimage\"},\"image\":{\"@id\":\"https:\\\/\\\/awero.ee\\\/es\\\/toode\\\/elemento-calefactor-electrico-3-kw\\\/#primaryimage\"},\"thumbnailUrl\":\"https:\\\/\\\/awero.ee\\\/wp-content\\\/uploads\\\/2025\\\/03\\\/Elektrikutte-element-3kW.png\",\"datePublished\":\"2025-03-01T06:41:20+00:00\",\"dateModified\":\"2026-03-10T07:58:56+00:00\",\"breadcrumb\":{\"@id\":\"https:\\\/\\\/awero.ee\\\/es\\\/toode\\\/elemento-calefactor-electrico-3-kw\\\/#breadcrumb\"},\"inLanguage\":\"es\",\"potentialAction\":[{\"@type\":\"ReadAction\",\"target\":[\"https:\\\/\\\/awero.ee\\\/es\\\/toode\\\/elemento-calefactor-electrico-3-kw\\\/\"]}]},{\"@type\":\"ImageObject\",\"inLanguage\":\"es\",\"@id\":\"https:\\\/\\\/awero.ee\\\/es\\\/toode\\\/elemento-calefactor-electrico-3-kw\\\/#primaryimage\",\"url\":\"https:\\\/\\\/awero.ee\\\/wp-content\\\/uploads\\\/2025\\\/03\\\/Elektrikutte-element-3kW.png\",\"contentUrl\":\"https:\\\/\\\/awero.ee\\\/wp-content\\\/uploads\\\/2025\\\/03\\\/Elektrikutte-element-3kW.png\",\"width\":700,\"height\":700},{\"@type\":\"BreadcrumbList\",\"@id\":\"https:\\\/\\\/awero.ee\\\/es\\\/toode\\\/elemento-calefactor-electrico-3-kw\\\/#breadcrumb\",\"itemListElement\":[{\"@type\":\"ListItem\",\"position\":1,\"name\":\"Home\",\"item\":\"https:\\\/\\\/awero.ee\\\/es\\\/pagina-de-inicio\\\/\"},{\"@type\":\"ListItem\",\"position\":2,\"name\":\"Pood\",\"item\":\"https:\\\/\\\/awero.ee\\\/pood\\\/\"},{\"@type\":\"ListItem\",\"position\":3,\"name\":\"Elemento calefactor el\u00e9ctrico 3 kW\"}]},{\"@type\":\"WebSite\",\"@id\":\"https:\\\/\\\/awero.ee\\\/es\\\/#website\",\"url\":\"https:\\\/\\\/awero.ee\\\/es\\\/\",\"name\":\"Awero - S\u00fcdamega L\u00f5una Eestist\",\"description\":\"\",\"publisher\":{\"@id\":\"https:\\\/\\\/awero.ee\\\/es\\\/#organization\"},\"potentialAction\":[{\"@type\":\"SearchAction\",\"target\":{\"@type\":\"EntryPoint\",\"urlTemplate\":\"https:\\\/\\\/awero.ee\\\/es\\\/?s={search_term_string}\"},\"query-input\":{\"@type\":\"PropertyValueSpecification\",\"valueRequired\":true,\"valueName\":\"search_term_string\"}}],\"inLanguage\":\"es\"},{\"@type\":\"Organization\",\"@id\":\"https:\\\/\\\/awero.ee\\\/es\\\/#organization\",\"name\":\"Awero - S\u00fcdamega L\u00f5una Eestist\",\"url\":\"https:\\\/\\\/awero.ee\\\/es\\\/\",\"logo\":{\"@type\":\"ImageObject\",\"inLanguage\":\"es\",\"@id\":\"https:\\\/\\\/awero.ee\\\/es\\\/#\\\/schema\\\/logo\\\/image\\\/\",\"url\":\"https:\\\/\\\/awero.ee\\\/wp-content\\\/uploads\\\/2024\\\/07\\\/aweroplaceholder.jpg\",\"contentUrl\":\"https:\\\/\\\/awero.ee\\\/wp-content\\\/uploads\\\/2024\\\/07\\\/aweroplaceholder.jpg\",\"width\":1250,\"height\":834,\"caption\":\"Awero - S\u00fcdamega L\u00f5una Eestist\"},\"image\":{\"@id\":\"https:\\\/\\\/awero.ee\\\/es\\\/#\\\/schema\\\/logo\\\/image\\\/\"}}]}<\/script>\n<!-- \/ Yoast SEO plugin. -->","yoast_head_json":{"title":"Elemento calefactor el\u00e9ctrico 3 kW - Awero - S\u00fcdamega L\u00f5una-Eestist","robots":{"index":"index","follow":"follow","max-snippet":"max-snippet:-1","max-image-preview":"max-image-preview:large","max-video-preview":"max-video-preview:-1"},"canonical":"https:\/\/awero.ee\/es\/toode\/elemento-calefactor-electrico-3-kw\/","og_locale":"es_ES","og_type":"article","og_title":"Elemento calefactor el\u00e9ctrico 3 kW - Awero - S\u00fcdamega L\u00f5una-Eestist","og_description":"El elemento calefactor el\u00e9ctrico de 3 kW es una soluci\u00f3n fiable y eficiente para calentar el agua de la ba\u00f1era de hidromasaje. El dispositivo est\u00e1 dise\u00f1ado para funcionar en conjunto con un sistema de filtraci\u00f3n, ya que el elemento calefactor no dispone de circulaci\u00f3n independiente; el flujo de agua a trav\u00e9s del calentador se realiza mediante el sistema de filtraci\u00f3n. La calefacci\u00f3n el\u00e9ctrica garantiza un calentamiento estable y uniforme y es adecuada tanto para uso estacional como regular. Gracias a la conexi\u00f3n monof\u00e1sica, la instalaci\u00f3n es sencilla y apta para una red el\u00e9ctrica dom\u00e9stica est\u00e1ndar.","og_url":"https:\/\/awero.ee\/es\/toode\/elemento-calefactor-electrico-3-kw\/","og_site_name":"Awero - S\u00fcdamega L\u00f5una-Eestist","article_modified_time":"2026-03-10T07:58:56+00:00","og_image":[{"width":700,"height":700,"url":"https:\/\/awero.ee\/wp-content\/uploads\/2025\/03\/Elektrikutte-element-3kW.png","type":"image\/png"}],"twitter_card":"summary_large_image","schema":{"@context":"https:\/\/schema.org","@graph":[{"@type":"WebPage","@id":"https:\/\/awero.ee\/es\/toode\/elemento-calefactor-electrico-3-kw\/","url":"https:\/\/awero.ee\/es\/toode\/elemento-calefactor-electrico-3-kw\/","name":"Elemento calefactor el\u00e9ctrico 3 kW - Awero - S\u00fcdamega L\u00f5una-Eestist","isPartOf":{"@id":"https:\/\/awero.ee\/es\/#website"},"primaryImageOfPage":{"@id":"https:\/\/awero.ee\/es\/toode\/elemento-calefactor-electrico-3-kw\/#primaryimage"},"image":{"@id":"https:\/\/awero.ee\/es\/toode\/elemento-calefactor-electrico-3-kw\/#primaryimage"},"thumbnailUrl":"https:\/\/awero.ee\/wp-content\/uploads\/2025\/03\/Elektrikutte-element-3kW.png","datePublished":"2025-03-01T06:41:20+00:00","dateModified":"2026-03-10T07:58:56+00:00","breadcrumb":{"@id":"https:\/\/awero.ee\/es\/toode\/elemento-calefactor-electrico-3-kw\/#breadcrumb"},"inLanguage":"es","potentialAction":[{"@type":"ReadAction","target":["https:\/\/awero.ee\/es\/toode\/elemento-calefactor-electrico-3-kw\/"]}]},{"@type":"ImageObject","inLanguage":"es","@id":"https:\/\/awero.ee\/es\/toode\/elemento-calefactor-electrico-3-kw\/#primaryimage","url":"https:\/\/awero.ee\/wp-content\/uploads\/2025\/03\/Elektrikutte-element-3kW.png","contentUrl":"https:\/\/awero.ee\/wp-content\/uploads\/2025\/03\/Elektrikutte-element-3kW.png","width":700,"height":700},{"@type":"BreadcrumbList","@id":"https:\/\/awero.ee\/es\/toode\/elemento-calefactor-electrico-3-kw\/#breadcrumb","itemListElement":[{"@type":"ListItem","position":1,"name":"Home","item":"https:\/\/awero.ee\/es\/pagina-de-inicio\/"},{"@type":"ListItem","position":2,"name":"Pood","item":"https:\/\/awero.ee\/pood\/"},{"@type":"ListItem","position":3,"name":"Elemento calefactor el\u00e9ctrico 3 kW"}]},{"@type":"WebSite","@id":"https:\/\/awero.ee\/es\/#website","url":"https:\/\/awero.ee\/es\/","name":"Awero - S\u00fcdamega L\u00f5una Eestist","description":"","publisher":{"@id":"https:\/\/awero.ee\/es\/#organization"},"potentialAction":[{"@type":"SearchAction","target":{"@type":"EntryPoint","urlTemplate":"https:\/\/awero.ee\/es\/?s={search_term_string}"},"query-input":{"@type":"PropertyValueSpecification","valueRequired":true,"valueName":"search_term_string"}}],"inLanguage":"es"},{"@type":"Organization","@id":"https:\/\/awero.ee\/es\/#organization","name":"Awero - S\u00fcdamega L\u00f5una Eestist","url":"https:\/\/awero.ee\/es\/","logo":{"@type":"ImageObject","inLanguage":"es","@id":"https:\/\/awero.ee\/es\/#\/schema\/logo\/image\/","url":"https:\/\/awero.ee\/wp-content\/uploads\/2024\/07\/aweroplaceholder.jpg","contentUrl":"https:\/\/awero.ee\/wp-content\/uploads\/2024\/07\/aweroplaceholder.jpg","width":1250,"height":834,"caption":"Awero - S\u00fcdamega L\u00f5una Eestist"},"image":{"@id":"https:\/\/awero.ee\/es\/#\/schema\/logo\/image\/"}}]}},"_links":{"self":[{"href":"https:\/\/awero.ee\/es\/wp-json\/wp\/v2\/product\/12801","targetHints":{"allow":["GET"]}}],"collection":[{"href":"https:\/\/awero.ee\/es\/wp-json\/wp\/v2\/product"}],"about":[{"href":"https:\/\/awero.ee\/es\/wp-json\/wp\/v2\/types\/product"}],"wp:featuredmedia":[{"embeddable":true,"href":"https:\/\/awero.ee\/es\/wp-json\/wp\/v2\/media\/9280"}],"wp:attachment":[{"href":"https:\/\/awero.ee\/es\/wp-json\/wp\/v2\/media?parent=12801"}],"wp:term":[{"taxonomy":"product_brand","embeddable":true,"href":"https:\/\/awero.ee\/es\/wp-json\/wp\/v2\/product_brand?post=12801"},{"taxonomy":"product_cat","embeddable":true,"href":"https:\/\/awero.ee\/es\/wp-json\/wp\/v2\/product_cat?post=12801"},{"taxonomy":"product_tag","embeddable":true,"href":"https:\/\/awero.ee\/es\/wp-json\/wp\/v2\/product_tag?post=12801"}],"curies":[{"name":"wp","href":"https:\/\/api.w.org\/{rel}","templated":true}]}}