{"id":12795,"date":"2025-03-24T13:44:54","date_gmt":"2025-03-24T13:44:54","guid":{"rendered":"https:\/\/awero.ee\/toode\/hidromasaje-motor-11-kw\/"},"modified":"2026-03-10T07:58:54","modified_gmt":"2026-03-10T07:58:54","slug":"hidromasaje-motor-11-kw","status":"publish","type":"product","link":"https:\/\/awero.ee\/es\/toode\/hidromasaje-motor-11-kw\/","title":{"rendered":"Hidromasaje (motor 1,1 kW)"},"content":{"rendered":"<p data-start=\"627\" data-end=\"649\"><strong>Caracter\u00edsticas principales:<\/strong><\/p>\n<ul>\n<li data-start=\"652\" data-end=\"679\">Potencia del motor: 1,1 kW<\/li>\n<li data-start=\"682\" data-end=\"713\">Fuerte presi\u00f3n de agua y efecto de masaje<\/li>\n<li data-start=\"716\" data-end=\"763\">Dise\u00f1ado principalmente para uso en temporadas c\u00e1lidas<\/li>\n<li data-start=\"766\" data-end=\"811\">Mayor riesgo de congelaci\u00f3n en invierno<\/li>\n<\/ul>\n","protected":false},"excerpt":{"rendered":"<p data-start=\"124\" data-end=\"375\">El sistema de hidromasaje est\u00e1 equipado con un motor de 1,1 kW, que proporciona un masaje de agua fuerte y agradable en la ba\u00f1era de hidromasaje. El sistema est\u00e1 dise\u00f1ado principalmente para su uso en \u00e9pocas c\u00e1lidas, ya que no es adecuado para uso invernal debido al riesgo de congelaci\u00f3n. <\/p>\n<p data-start=\"377\" data-end=\"625\">El hidromasaje funciona mediante circulaci\u00f3n de agua y requiere un llenado continuo de agua para un funcionamiento correcto y seguro. A bajas temperaturas, las tuber\u00edas y el motor del sistema pueden da\u00f1arse si el equipo no se drena o protege adecuadamente. <\/p>\n","protected":false},"featured_media":9289,"template":"","meta":{"_acf_changed":false},"product_brand":[],"product_cat":[1334],"product_tag":[],"class_list":{"0":"post-12795","1":"product","2":"type-product","3":"status-publish","4":"has-post-thumbnail","6":"product_cat-accesorios","8":"first","9":"instock","10":"shipping-taxable","11":"product-type-simple"},"acf":[],"yoast_head":"<!-- This site is optimized with the Yoast SEO plugin v26.8 - https:\/\/yoast.com\/product\/yoast-seo-wordpress\/ -->\n<title>Hidromasaje (motor 1,1 kW) - Awero - S\u00fcdamega L\u00f5una-Eestist<\/title>\n<meta name=\"robots\" content=\"index, follow, max-snippet:-1, max-image-preview:large, max-video-preview:-1\" \/>\n<link rel=\"canonical\" href=\"https:\/\/awero.ee\/es\/toode\/hidromasaje-motor-11-kw\/\" \/>\n<meta property=\"og:locale\" content=\"es_ES\" \/>\n<meta property=\"og:type\" content=\"article\" \/>\n<meta property=\"og:title\" content=\"Hidromasaje (motor 1,1 kW) - Awero - S\u00fcdamega L\u00f5una-Eestist\" \/>\n<meta property=\"og:description\" content=\"El sistema de hidromasaje est\u00e1 equipado con un motor de 1,1 kW, que proporciona un masaje de agua fuerte y agradable en la ba\u00f1era de hidromasaje. El sistema est\u00e1 dise\u00f1ado principalmente para su uso en \u00e9pocas c\u00e1lidas, ya que no es adecuado para uso invernal debido al riesgo de congelaci\u00f3n. El hidromasaje funciona mediante circulaci\u00f3n de agua y requiere un llenado continuo de agua para un funcionamiento correcto y seguro. A bajas temperaturas, las tuber\u00edas y el motor del sistema pueden da\u00f1arse si el equipo no se drena o protege adecuadamente.\" \/>\n<meta property=\"og:url\" content=\"https:\/\/awero.ee\/es\/toode\/hidromasaje-motor-11-kw\/\" \/>\n<meta property=\"og:site_name\" content=\"Awero - S\u00fcdamega L\u00f5una-Eestist\" \/>\n<meta property=\"article:modified_time\" content=\"2026-03-10T07:58:54+00:00\" \/>\n<meta property=\"og:image\" content=\"https:\/\/awero.ee\/wp-content\/uploads\/2025\/03\/Hudromassaaz.jpg\" \/>\n\t<meta property=\"og:image:width\" content=\"735\" \/>\n\t<meta property=\"og:image:height\" content=\"446\" \/>\n\t<meta property=\"og:image:type\" content=\"image\/jpeg\" \/>\n<meta name=\"twitter:card\" content=\"summary_large_image\" \/>\n<script type=\"application\/ld+json\" class=\"yoast-schema-graph\">{\"@context\":\"https:\/\/schema.org\",\"@graph\":[{\"@type\":\"WebPage\",\"@id\":\"https:\/\/awero.ee\/es\/toode\/hidromasaje-motor-11-kw\/\",\"url\":\"https:\/\/awero.ee\/es\/toode\/hidromasaje-motor-11-kw\/\",\"name\":\"Hidromasaje (motor 1,1 kW) - Awero - S\u00fcdamega L\u00f5una-Eestist\",\"isPartOf\":{\"@id\":\"https:\/\/awero.ee\/es\/#website\"},\"primaryImageOfPage\":{\"@id\":\"https:\/\/awero.ee\/es\/toode\/hidromasaje-motor-11-kw\/#primaryimage\"},\"image\":{\"@id\":\"https:\/\/awero.ee\/es\/toode\/hidromasaje-motor-11-kw\/#primaryimage\"},\"thumbnailUrl\":\"https:\/\/awero.ee\/wp-content\/uploads\/2025\/03\/Hudromassaaz.jpg\",\"datePublished\":\"2025-03-24T13:44:54+00:00\",\"dateModified\":\"2026-03-10T07:58:54+00:00\",\"breadcrumb\":{\"@id\":\"https:\/\/awero.ee\/es\/toode\/hidromasaje-motor-11-kw\/#breadcrumb\"},\"inLanguage\":\"es\",\"potentialAction\":[{\"@type\":\"ReadAction\",\"target\":[\"https:\/\/awero.ee\/es\/toode\/hidromasaje-motor-11-kw\/\"]}]},{\"@type\":\"ImageObject\",\"inLanguage\":\"es\",\"@id\":\"https:\/\/awero.ee\/es\/toode\/hidromasaje-motor-11-kw\/#primaryimage\",\"url\":\"https:\/\/awero.ee\/wp-content\/uploads\/2025\/03\/Hudromassaaz.jpg\",\"contentUrl\":\"https:\/\/awero.ee\/wp-content\/uploads\/2025\/03\/Hudromassaaz.jpg\",\"width\":735,\"height\":446},{\"@type\":\"BreadcrumbList\",\"@id\":\"https:\/\/awero.ee\/es\/toode\/hidromasaje-motor-11-kw\/#breadcrumb\",\"itemListElement\":[{\"@type\":\"ListItem\",\"position\":1,\"name\":\"Home\",\"item\":\"https:\/\/awero.ee\/es\/pagina-de-inicio\/\"},{\"@type\":\"ListItem\",\"position\":2,\"name\":\"Pood\",\"item\":\"https:\/\/awero.ee\/pood\/\"},{\"@type\":\"ListItem\",\"position\":3,\"name\":\"Hidromasaje (motor 1,1 kW)\"}]},{\"@type\":\"WebSite\",\"@id\":\"https:\/\/awero.ee\/es\/#website\",\"url\":\"https:\/\/awero.ee\/es\/\",\"name\":\"Awero - S\u00fcdamega L\u00f5una Eestist\",\"description\":\"\",\"publisher\":{\"@id\":\"https:\/\/awero.ee\/es\/#organization\"},\"potentialAction\":[{\"@type\":\"SearchAction\",\"target\":{\"@type\":\"EntryPoint\",\"urlTemplate\":\"https:\/\/awero.ee\/es\/?s={search_term_string}\"},\"query-input\":{\"@type\":\"PropertyValueSpecification\",\"valueRequired\":true,\"valueName\":\"search_term_string\"}}],\"inLanguage\":\"es\"},{\"@type\":\"Organization\",\"@id\":\"https:\/\/awero.ee\/es\/#organization\",\"name\":\"Awero - S\u00fcdamega L\u00f5una Eestist\",\"url\":\"https:\/\/awero.ee\/es\/\",\"logo\":{\"@type\":\"ImageObject\",\"inLanguage\":\"es\",\"@id\":\"https:\/\/awero.ee\/es\/#\/schema\/logo\/image\/\",\"url\":\"https:\/\/awero.ee\/wp-content\/uploads\/2024\/07\/aweroplaceholder.jpg\",\"contentUrl\":\"https:\/\/awero.ee\/wp-content\/uploads\/2024\/07\/aweroplaceholder.jpg\",\"width\":1250,\"height\":834,\"caption\":\"Awero - S\u00fcdamega L\u00f5una Eestist\"},\"image\":{\"@id\":\"https:\/\/awero.ee\/es\/#\/schema\/logo\/image\/\"}}]}<\/script>\n<!-- \/ Yoast SEO plugin. -->","yoast_head_json":{"title":"Hidromasaje (motor 1,1 kW) - Awero - S\u00fcdamega L\u00f5una-Eestist","robots":{"index":"index","follow":"follow","max-snippet":"max-snippet:-1","max-image-preview":"max-image-preview:large","max-video-preview":"max-video-preview:-1"},"canonical":"https:\/\/awero.ee\/es\/toode\/hidromasaje-motor-11-kw\/","og_locale":"es_ES","og_type":"article","og_title":"Hidromasaje (motor 1,1 kW) - Awero - S\u00fcdamega L\u00f5una-Eestist","og_description":"El sistema de hidromasaje est\u00e1 equipado con un motor de 1,1 kW, que proporciona un masaje de agua fuerte y agradable en la ba\u00f1era de hidromasaje. El sistema est\u00e1 dise\u00f1ado principalmente para su uso en \u00e9pocas c\u00e1lidas, ya que no es adecuado para uso invernal debido al riesgo de congelaci\u00f3n. El hidromasaje funciona mediante circulaci\u00f3n de agua y requiere un llenado continuo de agua para un funcionamiento correcto y seguro. A bajas temperaturas, las tuber\u00edas y el motor del sistema pueden da\u00f1arse si el equipo no se drena o protege adecuadamente.","og_url":"https:\/\/awero.ee\/es\/toode\/hidromasaje-motor-11-kw\/","og_site_name":"Awero - S\u00fcdamega L\u00f5una-Eestist","article_modified_time":"2026-03-10T07:58:54+00:00","og_image":[{"width":735,"height":446,"url":"https:\/\/awero.ee\/wp-content\/uploads\/2025\/03\/Hudromassaaz.jpg","type":"image\/jpeg"}],"twitter_card":"summary_large_image","schema":{"@context":"https:\/\/schema.org","@graph":[{"@type":"WebPage","@id":"https:\/\/awero.ee\/es\/toode\/hidromasaje-motor-11-kw\/","url":"https:\/\/awero.ee\/es\/toode\/hidromasaje-motor-11-kw\/","name":"Hidromasaje (motor 1,1 kW) - Awero - S\u00fcdamega L\u00f5una-Eestist","isPartOf":{"@id":"https:\/\/awero.ee\/es\/#website"},"primaryImageOfPage":{"@id":"https:\/\/awero.ee\/es\/toode\/hidromasaje-motor-11-kw\/#primaryimage"},"image":{"@id":"https:\/\/awero.ee\/es\/toode\/hidromasaje-motor-11-kw\/#primaryimage"},"thumbnailUrl":"https:\/\/awero.ee\/wp-content\/uploads\/2025\/03\/Hudromassaaz.jpg","datePublished":"2025-03-24T13:44:54+00:00","dateModified":"2026-03-10T07:58:54+00:00","breadcrumb":{"@id":"https:\/\/awero.ee\/es\/toode\/hidromasaje-motor-11-kw\/#breadcrumb"},"inLanguage":"es","potentialAction":[{"@type":"ReadAction","target":["https:\/\/awero.ee\/es\/toode\/hidromasaje-motor-11-kw\/"]}]},{"@type":"ImageObject","inLanguage":"es","@id":"https:\/\/awero.ee\/es\/toode\/hidromasaje-motor-11-kw\/#primaryimage","url":"https:\/\/awero.ee\/wp-content\/uploads\/2025\/03\/Hudromassaaz.jpg","contentUrl":"https:\/\/awero.ee\/wp-content\/uploads\/2025\/03\/Hudromassaaz.jpg","width":735,"height":446},{"@type":"BreadcrumbList","@id":"https:\/\/awero.ee\/es\/toode\/hidromasaje-motor-11-kw\/#breadcrumb","itemListElement":[{"@type":"ListItem","position":1,"name":"Home","item":"https:\/\/awero.ee\/es\/pagina-de-inicio\/"},{"@type":"ListItem","position":2,"name":"Pood","item":"https:\/\/awero.ee\/pood\/"},{"@type":"ListItem","position":3,"name":"Hidromasaje (motor 1,1 kW)"}]},{"@type":"WebSite","@id":"https:\/\/awero.ee\/es\/#website","url":"https:\/\/awero.ee\/es\/","name":"Awero - S\u00fcdamega L\u00f5una Eestist","description":"","publisher":{"@id":"https:\/\/awero.ee\/es\/#organization"},"potentialAction":[{"@type":"SearchAction","target":{"@type":"EntryPoint","urlTemplate":"https:\/\/awero.ee\/es\/?s={search_term_string}"},"query-input":{"@type":"PropertyValueSpecification","valueRequired":true,"valueName":"search_term_string"}}],"inLanguage":"es"},{"@type":"Organization","@id":"https:\/\/awero.ee\/es\/#organization","name":"Awero - S\u00fcdamega L\u00f5una Eestist","url":"https:\/\/awero.ee\/es\/","logo":{"@type":"ImageObject","inLanguage":"es","@id":"https:\/\/awero.ee\/es\/#\/schema\/logo\/image\/","url":"https:\/\/awero.ee\/wp-content\/uploads\/2024\/07\/aweroplaceholder.jpg","contentUrl":"https:\/\/awero.ee\/wp-content\/uploads\/2024\/07\/aweroplaceholder.jpg","width":1250,"height":834,"caption":"Awero - S\u00fcdamega L\u00f5una Eestist"},"image":{"@id":"https:\/\/awero.ee\/es\/#\/schema\/logo\/image\/"}}]}},"_links":{"self":[{"href":"https:\/\/awero.ee\/es\/wp-json\/wp\/v2\/product\/12795","targetHints":{"allow":["GET"]}}],"collection":[{"href":"https:\/\/awero.ee\/es\/wp-json\/wp\/v2\/product"}],"about":[{"href":"https:\/\/awero.ee\/es\/wp-json\/wp\/v2\/types\/product"}],"wp:featuredmedia":[{"embeddable":true,"href":"https:\/\/awero.ee\/es\/wp-json\/wp\/v2\/media\/9289"}],"wp:attachment":[{"href":"https:\/\/awero.ee\/es\/wp-json\/wp\/v2\/media?parent=12795"}],"wp:term":[{"taxonomy":"product_brand","embeddable":true,"href":"https:\/\/awero.ee\/es\/wp-json\/wp\/v2\/product_brand?post=12795"},{"taxonomy":"product_cat","embeddable":true,"href":"https:\/\/awero.ee\/es\/wp-json\/wp\/v2\/product_cat?post=12795"},{"taxonomy":"product_tag","embeddable":true,"href":"https:\/\/awero.ee\/es\/wp-json\/wp\/v2\/product_tag?post=12795"}],"curies":[{"name":"wp","href":"https:\/\/api.w.org\/{rel}","templated":true}]}}