{"id":12762,"date":"2025-10-27T11:52:46","date_gmt":"2025-10-27T11:52:46","guid":{"rendered":"https:\/\/awero.ee\/toode\/iluminacion-led-con-termometro-de-agua\/"},"modified":"2026-04-01T12:32:22","modified_gmt":"2026-04-01T12:32:22","slug":"iluminacion-led-con-termometro-de-agua","status":"publish","type":"product","link":"https:\/\/awero.ee\/es\/toode\/iluminacion-led-con-termometro-de-agua\/","title":{"rendered":"Iluminaci\u00f3n LED con term\u00f3metro de agua"},"content":{"rendered":"<p>La l\u00e1mpara LED para tinas de hidromasaje est\u00e1 fabricada con materiales resistentes a la intemperie y duraderos, lo que garantiza una larga vida \u00fatil.<\/p>\n<p>La l\u00e1mpara cuenta con luces LED RGB multicolor, que permiten elegir entre diferentes modos de iluminaci\u00f3n y tonos seg\u00fan el estado de \u00e1nimo.<\/p>\n<p>El n\u00famero de luces LED depende del tama\u00f1o de la tina y del efecto de iluminaci\u00f3n deseado:<\/p>\n<p>1 luz LED \u2013 crea un ambiente suave y acogedor, ideal para modelos m\u00e1s peque\u00f1os y tinas de hielo.<br \/>\n2 luces LED \u2013 proporcionan una iluminaci\u00f3n m\u00e1s uniforme y hacen que el agua y el interior de la tina parezcan visualmente m\u00e1s amplios.<br \/>\n3 luces LED \u2013 ofrecen iluminaci\u00f3n completa y un efecto luminoso fuerte, adecuado para tinas m\u00e1s grandes o para quienes buscan una atm\u00f3sfera m\u00e1xima.<\/p>\n","protected":false},"excerpt":{"rendered":"<p>La l\u00e1mpara LED con term\u00f3metro de agua combina atm\u00f3sfera y funcionalidad: crea luz ambiental y muestra la temperatura del agua.<br \/>La tecnolog\u00eda LED garantiza un bajo consumo de energ\u00eda y una mayor vida \u00fatil en comparaci\u00f3n con las l\u00e1mparas tradicionales.<br \/>\nLa l\u00e1mpara LED se puede instalar en tinas de fibra de vidrio y acr\u00edlico.<\/p>\n","protected":false},"featured_media":9706,"template":"","meta":{"_acf_changed":false},"product_brand":[],"product_cat":[1334],"product_tag":[],"class_list":{"0":"post-12762","1":"product","2":"type-product","3":"status-publish","4":"has-post-thumbnail","6":"product_cat-accesorios","7":"product_shipping_class-pakiautomaat","9":"first","10":"instock","11":"shipping-taxable","12":"product-type-variable"},"acf":[],"yoast_head":"<!-- This site is optimized with the Yoast SEO plugin v26.8 - https:\/\/yoast.com\/product\/yoast-seo-wordpress\/ -->\n<title>Iluminaci\u00f3n LED con term\u00f3metro de agua - Awero - S\u00fcdamega L\u00f5una-Eestist<\/title>\n<meta name=\"robots\" content=\"index, follow, max-snippet:-1, max-image-preview:large, max-video-preview:-1\" \/>\n<link rel=\"canonical\" href=\"https:\/\/awero.ee\/es\/toode\/iluminacion-led-con-termometro-de-agua\/\" \/>\n<meta property=\"og:locale\" content=\"es_ES\" \/>\n<meta property=\"og:type\" content=\"article\" \/>\n<meta property=\"og:title\" content=\"Iluminaci\u00f3n LED con term\u00f3metro de agua - Awero - S\u00fcdamega L\u00f5una-Eestist\" \/>\n<meta property=\"og:description\" content=\"La l\u00e1mpara LED con term\u00f3metro de agua combina atm\u00f3sfera y funcionalidad: crea luz ambiental y muestra la temperatura del agua.La tecnolog\u00eda LED garantiza un bajo consumo de energ\u00eda y una mayor vida \u00fatil en comparaci\u00f3n con las l\u00e1mparas tradicionales. La l\u00e1mpara LED se puede instalar en tinas de fibra de vidrio y acr\u00edlico.\" \/>\n<meta property=\"og:url\" content=\"https:\/\/awero.ee\/es\/toode\/iluminacion-led-con-termometro-de-agua\/\" \/>\n<meta property=\"og:site_name\" content=\"Awero - S\u00fcdamega L\u00f5una-Eestist\" \/>\n<meta property=\"article:modified_time\" content=\"2026-04-01T12:32:22+00:00\" \/>\n<meta property=\"og:image\" content=\"https:\/\/awero.ee\/wp-content\/uploads\/2025\/10\/WhatsApp-Image-2025-10-27-at-09.40.35_7be80c80.jpg\" \/>\n\t<meta property=\"og:image:width\" content=\"1600\" \/>\n\t<meta property=\"og:image:height\" content=\"1066\" \/>\n\t<meta property=\"og:image:type\" content=\"image\/jpeg\" \/>\n<meta name=\"twitter:card\" content=\"summary_large_image\" \/>\n<meta name=\"twitter:label1\" content=\"Tiempo de lectura\" \/>\n\t<meta name=\"twitter:data1\" content=\"1 minuto\" \/>\n<script type=\"application\/ld+json\" class=\"yoast-schema-graph\">{\"@context\":\"https:\/\/schema.org\",\"@graph\":[{\"@type\":\"WebPage\",\"@id\":\"https:\/\/awero.ee\/es\/toode\/iluminacion-led-con-termometro-de-agua\/\",\"url\":\"https:\/\/awero.ee\/es\/toode\/iluminacion-led-con-termometro-de-agua\/\",\"name\":\"Iluminaci\u00f3n LED con term\u00f3metro de agua - Awero - S\u00fcdamega L\u00f5una-Eestist\",\"isPartOf\":{\"@id\":\"https:\/\/awero.ee\/es\/#website\"},\"primaryImageOfPage\":{\"@id\":\"https:\/\/awero.ee\/es\/toode\/iluminacion-led-con-termometro-de-agua\/#primaryimage\"},\"image\":{\"@id\":\"https:\/\/awero.ee\/es\/toode\/iluminacion-led-con-termometro-de-agua\/#primaryimage\"},\"thumbnailUrl\":\"https:\/\/awero.ee\/wp-content\/uploads\/2025\/10\/WhatsApp-Image-2025-10-27-at-09.40.35_7be80c80.jpg\",\"datePublished\":\"2025-10-27T11:52:46+00:00\",\"dateModified\":\"2026-04-01T12:32:22+00:00\",\"breadcrumb\":{\"@id\":\"https:\/\/awero.ee\/es\/toode\/iluminacion-led-con-termometro-de-agua\/#breadcrumb\"},\"inLanguage\":\"es\",\"potentialAction\":[{\"@type\":\"ReadAction\",\"target\":[\"https:\/\/awero.ee\/es\/toode\/iluminacion-led-con-termometro-de-agua\/\"]}]},{\"@type\":\"ImageObject\",\"inLanguage\":\"es\",\"@id\":\"https:\/\/awero.ee\/es\/toode\/iluminacion-led-con-termometro-de-agua\/#primaryimage\",\"url\":\"https:\/\/awero.ee\/wp-content\/uploads\/2025\/10\/WhatsApp-Image-2025-10-27-at-09.40.35_7be80c80.jpg\",\"contentUrl\":\"https:\/\/awero.ee\/wp-content\/uploads\/2025\/10\/WhatsApp-Image-2025-10-27-at-09.40.35_7be80c80.jpg\",\"width\":1600,\"height\":1066},{\"@type\":\"BreadcrumbList\",\"@id\":\"https:\/\/awero.ee\/es\/toode\/iluminacion-led-con-termometro-de-agua\/#breadcrumb\",\"itemListElement\":[{\"@type\":\"ListItem\",\"position\":1,\"name\":\"Home\",\"item\":\"https:\/\/awero.ee\/es\/pagina-de-inicio\/\"},{\"@type\":\"ListItem\",\"position\":2,\"name\":\"Pood\",\"item\":\"https:\/\/awero.ee\/pood\/\"},{\"@type\":\"ListItem\",\"position\":3,\"name\":\"Iluminaci\u00f3n LED con term\u00f3metro de agua\"}]},{\"@type\":\"WebSite\",\"@id\":\"https:\/\/awero.ee\/es\/#website\",\"url\":\"https:\/\/awero.ee\/es\/\",\"name\":\"Awero - S\u00fcdamega L\u00f5una Eestist\",\"description\":\"\",\"publisher\":{\"@id\":\"https:\/\/awero.ee\/es\/#organization\"},\"potentialAction\":[{\"@type\":\"SearchAction\",\"target\":{\"@type\":\"EntryPoint\",\"urlTemplate\":\"https:\/\/awero.ee\/es\/?s={search_term_string}\"},\"query-input\":{\"@type\":\"PropertyValueSpecification\",\"valueRequired\":true,\"valueName\":\"search_term_string\"}}],\"inLanguage\":\"es\"},{\"@type\":\"Organization\",\"@id\":\"https:\/\/awero.ee\/es\/#organization\",\"name\":\"Awero - S\u00fcdamega L\u00f5una Eestist\",\"url\":\"https:\/\/awero.ee\/es\/\",\"logo\":{\"@type\":\"ImageObject\",\"inLanguage\":\"es\",\"@id\":\"https:\/\/awero.ee\/es\/#\/schema\/logo\/image\/\",\"url\":\"https:\/\/awero.ee\/wp-content\/uploads\/2024\/07\/aweroplaceholder.jpg\",\"contentUrl\":\"https:\/\/awero.ee\/wp-content\/uploads\/2024\/07\/aweroplaceholder.jpg\",\"width\":1250,\"height\":834,\"caption\":\"Awero - S\u00fcdamega L\u00f5una Eestist\"},\"image\":{\"@id\":\"https:\/\/awero.ee\/es\/#\/schema\/logo\/image\/\"}}]}<\/script>\n<!-- \/ Yoast SEO plugin. -->","yoast_head_json":{"title":"Iluminaci\u00f3n LED con term\u00f3metro de agua - Awero - S\u00fcdamega L\u00f5una-Eestist","robots":{"index":"index","follow":"follow","max-snippet":"max-snippet:-1","max-image-preview":"max-image-preview:large","max-video-preview":"max-video-preview:-1"},"canonical":"https:\/\/awero.ee\/es\/toode\/iluminacion-led-con-termometro-de-agua\/","og_locale":"es_ES","og_type":"article","og_title":"Iluminaci\u00f3n LED con term\u00f3metro de agua - Awero - S\u00fcdamega L\u00f5una-Eestist","og_description":"La l\u00e1mpara LED con term\u00f3metro de agua combina atm\u00f3sfera y funcionalidad: crea luz ambiental y muestra la temperatura del agua.La tecnolog\u00eda LED garantiza un bajo consumo de energ\u00eda y una mayor vida \u00fatil en comparaci\u00f3n con las l\u00e1mparas tradicionales. La l\u00e1mpara LED se puede instalar en tinas de fibra de vidrio y acr\u00edlico.","og_url":"https:\/\/awero.ee\/es\/toode\/iluminacion-led-con-termometro-de-agua\/","og_site_name":"Awero - S\u00fcdamega L\u00f5una-Eestist","article_modified_time":"2026-04-01T12:32:22+00:00","og_image":[{"width":1600,"height":1066,"url":"https:\/\/awero.ee\/wp-content\/uploads\/2025\/10\/WhatsApp-Image-2025-10-27-at-09.40.35_7be80c80.jpg","type":"image\/jpeg"}],"twitter_card":"summary_large_image","twitter_misc":{"Tiempo de lectura":"1 minuto"},"schema":{"@context":"https:\/\/schema.org","@graph":[{"@type":"WebPage","@id":"https:\/\/awero.ee\/es\/toode\/iluminacion-led-con-termometro-de-agua\/","url":"https:\/\/awero.ee\/es\/toode\/iluminacion-led-con-termometro-de-agua\/","name":"Iluminaci\u00f3n LED con term\u00f3metro de agua - Awero - S\u00fcdamega L\u00f5una-Eestist","isPartOf":{"@id":"https:\/\/awero.ee\/es\/#website"},"primaryImageOfPage":{"@id":"https:\/\/awero.ee\/es\/toode\/iluminacion-led-con-termometro-de-agua\/#primaryimage"},"image":{"@id":"https:\/\/awero.ee\/es\/toode\/iluminacion-led-con-termometro-de-agua\/#primaryimage"},"thumbnailUrl":"https:\/\/awero.ee\/wp-content\/uploads\/2025\/10\/WhatsApp-Image-2025-10-27-at-09.40.35_7be80c80.jpg","datePublished":"2025-10-27T11:52:46+00:00","dateModified":"2026-04-01T12:32:22+00:00","breadcrumb":{"@id":"https:\/\/awero.ee\/es\/toode\/iluminacion-led-con-termometro-de-agua\/#breadcrumb"},"inLanguage":"es","potentialAction":[{"@type":"ReadAction","target":["https:\/\/awero.ee\/es\/toode\/iluminacion-led-con-termometro-de-agua\/"]}]},{"@type":"ImageObject","inLanguage":"es","@id":"https:\/\/awero.ee\/es\/toode\/iluminacion-led-con-termometro-de-agua\/#primaryimage","url":"https:\/\/awero.ee\/wp-content\/uploads\/2025\/10\/WhatsApp-Image-2025-10-27-at-09.40.35_7be80c80.jpg","contentUrl":"https:\/\/awero.ee\/wp-content\/uploads\/2025\/10\/WhatsApp-Image-2025-10-27-at-09.40.35_7be80c80.jpg","width":1600,"height":1066},{"@type":"BreadcrumbList","@id":"https:\/\/awero.ee\/es\/toode\/iluminacion-led-con-termometro-de-agua\/#breadcrumb","itemListElement":[{"@type":"ListItem","position":1,"name":"Home","item":"https:\/\/awero.ee\/es\/pagina-de-inicio\/"},{"@type":"ListItem","position":2,"name":"Pood","item":"https:\/\/awero.ee\/pood\/"},{"@type":"ListItem","position":3,"name":"Iluminaci\u00f3n LED con term\u00f3metro de agua"}]},{"@type":"WebSite","@id":"https:\/\/awero.ee\/es\/#website","url":"https:\/\/awero.ee\/es\/","name":"Awero - S\u00fcdamega L\u00f5una Eestist","description":"","publisher":{"@id":"https:\/\/awero.ee\/es\/#organization"},"potentialAction":[{"@type":"SearchAction","target":{"@type":"EntryPoint","urlTemplate":"https:\/\/awero.ee\/es\/?s={search_term_string}"},"query-input":{"@type":"PropertyValueSpecification","valueRequired":true,"valueName":"search_term_string"}}],"inLanguage":"es"},{"@type":"Organization","@id":"https:\/\/awero.ee\/es\/#organization","name":"Awero - S\u00fcdamega L\u00f5una Eestist","url":"https:\/\/awero.ee\/es\/","logo":{"@type":"ImageObject","inLanguage":"es","@id":"https:\/\/awero.ee\/es\/#\/schema\/logo\/image\/","url":"https:\/\/awero.ee\/wp-content\/uploads\/2024\/07\/aweroplaceholder.jpg","contentUrl":"https:\/\/awero.ee\/wp-content\/uploads\/2024\/07\/aweroplaceholder.jpg","width":1250,"height":834,"caption":"Awero - S\u00fcdamega L\u00f5una Eestist"},"image":{"@id":"https:\/\/awero.ee\/es\/#\/schema\/logo\/image\/"}}]}},"_links":{"self":[{"href":"https:\/\/awero.ee\/es\/wp-json\/wp\/v2\/product\/12762","targetHints":{"allow":["GET"]}}],"collection":[{"href":"https:\/\/awero.ee\/es\/wp-json\/wp\/v2\/product"}],"about":[{"href":"https:\/\/awero.ee\/es\/wp-json\/wp\/v2\/types\/product"}],"wp:featuredmedia":[{"embeddable":true,"href":"https:\/\/awero.ee\/es\/wp-json\/wp\/v2\/media\/9706"}],"wp:attachment":[{"href":"https:\/\/awero.ee\/es\/wp-json\/wp\/v2\/media?parent=12762"}],"wp:term":[{"taxonomy":"product_brand","embeddable":true,"href":"https:\/\/awero.ee\/es\/wp-json\/wp\/v2\/product_brand?post=12762"},{"taxonomy":"product_cat","embeddable":true,"href":"https:\/\/awero.ee\/es\/wp-json\/wp\/v2\/product_cat?post=12762"},{"taxonomy":"product_tag","embeddable":true,"href":"https:\/\/awero.ee\/es\/wp-json\/wp\/v2\/product_tag?post=12762"}],"curies":[{"name":"wp","href":"https:\/\/api.w.org\/{rel}","templated":true}]}}