{"id":12723,"date":"2026-02-13T08:06:24","date_gmt":"2026-02-13T08:06:24","guid":{"rendered":"https:\/\/awero.ee\/toode\/kit-de-calentador-electrico-balboa-3-kw\/"},"modified":"2026-04-01T12:31:35","modified_gmt":"2026-04-01T12:31:35","slug":"kit-de-calentador-electrico-balboa-3-kw","status":"publish","type":"product","link":"https:\/\/awero.ee\/es\/toode\/kit-de-calentador-electrico-balboa-3-kw\/","title":{"rendered":"Kit de calentador el\u00e9ctrico Balboa 3 kW<br>"},"content":{"rendered":"<h4 data-start=\"128\" data-end=\"186\"><\/h4>\n<h4 data-start=\"128\" data-end=\"186\"><strong data-start=\"128\" data-end=\"184\">Calentador el\u00e9ctrico (Balboa BP200):<\/strong><\/h4>\n<ul data-start=\"187\" data-end=\"511\">\n<li data-start=\"187\" data-end=\"223\">\n<p data-start=\"189\" data-end=\"223\">Tensi\u00f3n de alimentaci\u00f3n: 230 V AC \/ 50 Hz<\/p>\n<\/li>\n<li data-start=\"224\" data-end=\"252\">\n<p data-start=\"226\" data-end=\"252\">Potencia de calentamiento: 3,0 kW<\/p>\n<\/li>\n<li data-start=\"253\" data-end=\"283\">\n<p data-start=\"255\" data-end=\"283\">Corriente de funcionamiento: aproximadamente 11\u201313 A<\/p>\n<\/li>\n<li data-start=\"284\" data-end=\"357\">\n<p data-start=\"286\" data-end=\"357\">Material del elemento calefactor: Incoloy (inoxidable y resistente a la corrosi\u00f3n)<\/p>\n<\/li>\n<li data-start=\"358\" data-end=\"452\">\n<p data-start=\"360\" data-end=\"452\">Sensores de temperatura: sensores patentados M7 (control de temperatura seguro y preciso)<\/p>\n<\/li>\n<li data-start=\"453\" data-end=\"511\">\n<p data-start=\"455\" data-end=\"511\">Conexi\u00f3n: tuber\u00eda de 2 pulgadas<\/p>\n<\/li>\n<\/ul>\n<h4 data-start=\"125\" data-end=\"195\"><strong data-start=\"125\" data-end=\"193\">Bomba de circulaci\u00f3n (Balboa Koller 0,27 HP):<br \/><\/strong><\/h4>\n<ul data-start=\"196\" data-end=\"305\">\n<li data-start=\"196\" data-end=\"228\">\n<p data-start=\"198\" data-end=\"228\">Potencia: 200 W (0,27 HP)<\/p>\n<\/li>\n<li data-start=\"229\" data-end=\"264\">\n<p data-start=\"231\" data-end=\"264\">Velocidad de rotaci\u00f3n: 2800 rpm<\/p>\n<\/li>\n<li data-start=\"265\" data-end=\"305\">\n<p data-start=\"267\" data-end=\"305\">Caudal m\u00e1ximo de agua: 114 L\/min<\/p>\n<\/li>\n<\/ul>\n","protected":false},"excerpt":{"rendered":"<p data-start=\"240\" data-end=\"428\">\u00a1Haz que el uso de tu ba\u00f1era de hidromasaje sea a\u00fan m\u00e1s c\u00f3modo y moderno! El kit de calefacci\u00f3n el\u00e9ctrica permite calentar el agua y mantener la temperatura de forma autom\u00e1tica y c\u00f3moda, incluso a distancia. <\/p>\n<p data-start=\"430\" data-end=\"571\">El kit es ideal como equipamiento adicional o como fuente principal de calefacci\u00f3n para ba\u00f1eras de hidromasaje, ofreciendo una soluci\u00f3n estable y energ\u00e9ticamente eficiente para regular la temperatura del agua.<\/p>\n<h4 data-start=\"573\" data-end=\"595\">El kit incluye:<\/h4>\n<ul data-start=\"596\" data-end=\"883\">\n<li data-start=\"596\" data-end=\"682\">\n<p data-start=\"598\" data-end=\"682\">Bomba de circulaci\u00f3n \u2013 garantiza la circulaci\u00f3n continua del agua a trav\u00e9s del calentador el\u00e9ctrico, ya que el propio calentador no dispone de circulaci\u00f3n integrada. Esto permite una distribuci\u00f3n uniforme del calor y un calentamiento eficiente del agua. <\/p>\n<\/li>\n<li data-start=\"683\" data-end=\"750\">\n<p data-start=\"685\" data-end=\"750\">Calentador el\u00e9ctrico de 3 kW \u2013 garantiza un calentamiento uniforme y controlado del agua y mantiene de forma estable la temperatura deseada.<\/p>\n<\/li>\n<li data-start=\"751\" data-end=\"813\">\n<p data-start=\"753\" data-end=\"813\">M\u00f3dulo WiFi \u2013 permite el control mediante un dispositivo inteligente.<\/p>\n<\/li>\n<li data-start=\"814\" data-end=\"883\">\n<p data-start=\"816\" data-end=\"883\">Panel de control \u2013 soluci\u00f3n de control mediante la cual se puede ajustar la temperatura y controlar el sistema de burbujas y la iluminaci\u00f3n LED.<\/p>\n<\/li>\n<\/ul>\n<p>&nbsp;<\/p>\n","protected":false},"featured_media":11124,"template":"","meta":{"_acf_changed":false},"product_brand":[],"product_cat":[1334],"product_tag":[1346],"class_list":{"0":"post-12723","1":"product","2":"type-product","3":"status-publish","4":"has-post-thumbnail","6":"product_cat-accesorios","7":"product_tag-etkumblustunni_lisad-es","9":"first","10":"instock","11":"shipping-taxable","12":"product-type-simple"},"acf":[],"yoast_head":"<!-- This site is optimized with the Yoast SEO plugin v26.8 - https:\/\/yoast.com\/product\/yoast-seo-wordpress\/ -->\n<title>Kit de calentador el\u00e9ctrico Balboa 3 kW - Awero - S\u00fcdamega L\u00f5una-Eestist<\/title>\n<meta name=\"robots\" content=\"index, follow, max-snippet:-1, max-image-preview:large, max-video-preview:-1\" \/>\n<link rel=\"canonical\" href=\"https:\/\/awero.ee\/es\/toode\/kit-de-calentador-electrico-balboa-3-kw\/\" \/>\n<meta property=\"og:locale\" content=\"es_ES\" \/>\n<meta property=\"og:type\" content=\"article\" \/>\n<meta property=\"og:title\" content=\"Kit de calentador el\u00e9ctrico Balboa 3 kW - Awero - S\u00fcdamega L\u00f5una-Eestist\" \/>\n<meta property=\"og:description\" content=\"\u00a1Haz que el uso de tu ba\u00f1era de hidromasaje sea a\u00fan m\u00e1s c\u00f3modo y moderno! El kit de calefacci\u00f3n el\u00e9ctrica permite calentar el agua y mantener la temperatura de forma autom\u00e1tica y c\u00f3moda, incluso a distancia. El kit es ideal como equipamiento adicional o como fuente principal de calefacci\u00f3n para ba\u00f1eras de hidromasaje, ofreciendo una soluci\u00f3n estable y energ\u00e9ticamente eficiente para regular la temperatura del agua. El kit incluye:   Bomba de circulaci\u00f3n \u2013 garantiza la circulaci\u00f3n continua del agua a trav\u00e9s del calentador el\u00e9ctrico, ya que el propio calentador no dispone de circulaci\u00f3n integrada. Esto permite una distribuci\u00f3n uniforme del calor y un calentamiento eficiente del agua.   Calentador el\u00e9ctrico de 3 kW \u2013 garantiza un calentamiento uniforme y controlado del agua y mantiene de forma estable la temperatura deseada.   M\u00f3dulo WiFi \u2013 permite el control mediante un dispositivo inteligente.   Panel de control \u2013 soluci\u00f3n de control mediante la cual se puede ajustar la temperatura y controlar el sistema de burbujas y la iluminaci\u00f3n LED.  &nbsp;\" \/>\n<meta property=\"og:url\" content=\"https:\/\/awero.ee\/es\/toode\/kit-de-calentador-electrico-balboa-3-kw\/\" \/>\n<meta property=\"og:site_name\" content=\"Awero - S\u00fcdamega L\u00f5una-Eestist\" \/>\n<meta property=\"article:modified_time\" content=\"2026-04-01T12:31:35+00:00\" \/>\n<meta property=\"og:image\" content=\"https:\/\/awero.ee\/wp-content\/uploads\/2026\/02\/Elektrikute-Balboa-canva.png\" \/>\n\t<meta property=\"og:image:width\" content=\"971\" \/>\n\t<meta property=\"og:image:height\" content=\"582\" \/>\n\t<meta property=\"og:image:type\" content=\"image\/png\" \/>\n<meta name=\"twitter:card\" content=\"summary_large_image\" \/>\n<script type=\"application\/ld+json\" class=\"yoast-schema-graph\">{\"@context\":\"https:\/\/schema.org\",\"@graph\":[{\"@type\":\"WebPage\",\"@id\":\"https:\/\/awero.ee\/es\/toode\/kit-de-calentador-electrico-balboa-3-kw\/\",\"url\":\"https:\/\/awero.ee\/es\/toode\/kit-de-calentador-electrico-balboa-3-kw\/\",\"name\":\"Kit de calentador el\u00e9ctrico Balboa 3 kW - Awero - S\u00fcdamega L\u00f5una-Eestist\",\"isPartOf\":{\"@id\":\"https:\/\/awero.ee\/es\/#website\"},\"primaryImageOfPage\":{\"@id\":\"https:\/\/awero.ee\/es\/toode\/kit-de-calentador-electrico-balboa-3-kw\/#primaryimage\"},\"image\":{\"@id\":\"https:\/\/awero.ee\/es\/toode\/kit-de-calentador-electrico-balboa-3-kw\/#primaryimage\"},\"thumbnailUrl\":\"https:\/\/awero.ee\/wp-content\/uploads\/2026\/02\/Elektrikute-Balboa-canva.png\",\"datePublished\":\"2026-02-13T08:06:24+00:00\",\"dateModified\":\"2026-04-01T12:31:35+00:00\",\"breadcrumb\":{\"@id\":\"https:\/\/awero.ee\/es\/toode\/kit-de-calentador-electrico-balboa-3-kw\/#breadcrumb\"},\"inLanguage\":\"es\",\"potentialAction\":[{\"@type\":\"ReadAction\",\"target\":[\"https:\/\/awero.ee\/es\/toode\/kit-de-calentador-electrico-balboa-3-kw\/\"]}]},{\"@type\":\"ImageObject\",\"inLanguage\":\"es\",\"@id\":\"https:\/\/awero.ee\/es\/toode\/kit-de-calentador-electrico-balboa-3-kw\/#primaryimage\",\"url\":\"https:\/\/awero.ee\/wp-content\/uploads\/2026\/02\/Elektrikute-Balboa-canva.png\",\"contentUrl\":\"https:\/\/awero.ee\/wp-content\/uploads\/2026\/02\/Elektrikute-Balboa-canva.png\",\"width\":971,\"height\":582},{\"@type\":\"BreadcrumbList\",\"@id\":\"https:\/\/awero.ee\/es\/toode\/kit-de-calentador-electrico-balboa-3-kw\/#breadcrumb\",\"itemListElement\":[{\"@type\":\"ListItem\",\"position\":1,\"name\":\"Home\",\"item\":\"https:\/\/awero.ee\/es\/pagina-de-inicio\/\"},{\"@type\":\"ListItem\",\"position\":2,\"name\":\"Pood\",\"item\":\"https:\/\/awero.ee\/pood\/\"},{\"@type\":\"ListItem\",\"position\":3,\"name\":\"Kit de calentador el\u00e9ctrico Balboa 3 kW\"}]},{\"@type\":\"WebSite\",\"@id\":\"https:\/\/awero.ee\/es\/#website\",\"url\":\"https:\/\/awero.ee\/es\/\",\"name\":\"Awero - S\u00fcdamega L\u00f5una Eestist\",\"description\":\"\",\"publisher\":{\"@id\":\"https:\/\/awero.ee\/es\/#organization\"},\"potentialAction\":[{\"@type\":\"SearchAction\",\"target\":{\"@type\":\"EntryPoint\",\"urlTemplate\":\"https:\/\/awero.ee\/es\/?s={search_term_string}\"},\"query-input\":{\"@type\":\"PropertyValueSpecification\",\"valueRequired\":true,\"valueName\":\"search_term_string\"}}],\"inLanguage\":\"es\"},{\"@type\":\"Organization\",\"@id\":\"https:\/\/awero.ee\/es\/#organization\",\"name\":\"Awero - S\u00fcdamega L\u00f5una Eestist\",\"url\":\"https:\/\/awero.ee\/es\/\",\"logo\":{\"@type\":\"ImageObject\",\"inLanguage\":\"es\",\"@id\":\"https:\/\/awero.ee\/es\/#\/schema\/logo\/image\/\",\"url\":\"https:\/\/awero.ee\/wp-content\/uploads\/2024\/07\/aweroplaceholder.jpg\",\"contentUrl\":\"https:\/\/awero.ee\/wp-content\/uploads\/2024\/07\/aweroplaceholder.jpg\",\"width\":1250,\"height\":834,\"caption\":\"Awero - S\u00fcdamega L\u00f5una Eestist\"},\"image\":{\"@id\":\"https:\/\/awero.ee\/es\/#\/schema\/logo\/image\/\"}}]}<\/script>\n<!-- \/ Yoast SEO plugin. -->","yoast_head_json":{"title":"Kit de calentador el\u00e9ctrico Balboa 3 kW - Awero - S\u00fcdamega L\u00f5una-Eestist","robots":{"index":"index","follow":"follow","max-snippet":"max-snippet:-1","max-image-preview":"max-image-preview:large","max-video-preview":"max-video-preview:-1"},"canonical":"https:\/\/awero.ee\/es\/toode\/kit-de-calentador-electrico-balboa-3-kw\/","og_locale":"es_ES","og_type":"article","og_title":"Kit de calentador el\u00e9ctrico Balboa 3 kW - Awero - S\u00fcdamega L\u00f5una-Eestist","og_description":"\u00a1Haz que el uso de tu ba\u00f1era de hidromasaje sea a\u00fan m\u00e1s c\u00f3modo y moderno! El kit de calefacci\u00f3n el\u00e9ctrica permite calentar el agua y mantener la temperatura de forma autom\u00e1tica y c\u00f3moda, incluso a distancia. El kit es ideal como equipamiento adicional o como fuente principal de calefacci\u00f3n para ba\u00f1eras de hidromasaje, ofreciendo una soluci\u00f3n estable y energ\u00e9ticamente eficiente para regular la temperatura del agua. El kit incluye:   Bomba de circulaci\u00f3n \u2013 garantiza la circulaci\u00f3n continua del agua a trav\u00e9s del calentador el\u00e9ctrico, ya que el propio calentador no dispone de circulaci\u00f3n integrada. Esto permite una distribuci\u00f3n uniforme del calor y un calentamiento eficiente del agua.   Calentador el\u00e9ctrico de 3 kW \u2013 garantiza un calentamiento uniforme y controlado del agua y mantiene de forma estable la temperatura deseada.   M\u00f3dulo WiFi \u2013 permite el control mediante un dispositivo inteligente.   Panel de control \u2013 soluci\u00f3n de control mediante la cual se puede ajustar la temperatura y controlar el sistema de burbujas y la iluminaci\u00f3n LED.  &nbsp;","og_url":"https:\/\/awero.ee\/es\/toode\/kit-de-calentador-electrico-balboa-3-kw\/","og_site_name":"Awero - S\u00fcdamega L\u00f5una-Eestist","article_modified_time":"2026-04-01T12:31:35+00:00","og_image":[{"width":971,"height":582,"url":"https:\/\/awero.ee\/wp-content\/uploads\/2026\/02\/Elektrikute-Balboa-canva.png","type":"image\/png"}],"twitter_card":"summary_large_image","schema":{"@context":"https:\/\/schema.org","@graph":[{"@type":"WebPage","@id":"https:\/\/awero.ee\/es\/toode\/kit-de-calentador-electrico-balboa-3-kw\/","url":"https:\/\/awero.ee\/es\/toode\/kit-de-calentador-electrico-balboa-3-kw\/","name":"Kit de calentador el\u00e9ctrico Balboa 3 kW - Awero - S\u00fcdamega L\u00f5una-Eestist","isPartOf":{"@id":"https:\/\/awero.ee\/es\/#website"},"primaryImageOfPage":{"@id":"https:\/\/awero.ee\/es\/toode\/kit-de-calentador-electrico-balboa-3-kw\/#primaryimage"},"image":{"@id":"https:\/\/awero.ee\/es\/toode\/kit-de-calentador-electrico-balboa-3-kw\/#primaryimage"},"thumbnailUrl":"https:\/\/awero.ee\/wp-content\/uploads\/2026\/02\/Elektrikute-Balboa-canva.png","datePublished":"2026-02-13T08:06:24+00:00","dateModified":"2026-04-01T12:31:35+00:00","breadcrumb":{"@id":"https:\/\/awero.ee\/es\/toode\/kit-de-calentador-electrico-balboa-3-kw\/#breadcrumb"},"inLanguage":"es","potentialAction":[{"@type":"ReadAction","target":["https:\/\/awero.ee\/es\/toode\/kit-de-calentador-electrico-balboa-3-kw\/"]}]},{"@type":"ImageObject","inLanguage":"es","@id":"https:\/\/awero.ee\/es\/toode\/kit-de-calentador-electrico-balboa-3-kw\/#primaryimage","url":"https:\/\/awero.ee\/wp-content\/uploads\/2026\/02\/Elektrikute-Balboa-canva.png","contentUrl":"https:\/\/awero.ee\/wp-content\/uploads\/2026\/02\/Elektrikute-Balboa-canva.png","width":971,"height":582},{"@type":"BreadcrumbList","@id":"https:\/\/awero.ee\/es\/toode\/kit-de-calentador-electrico-balboa-3-kw\/#breadcrumb","itemListElement":[{"@type":"ListItem","position":1,"name":"Home","item":"https:\/\/awero.ee\/es\/pagina-de-inicio\/"},{"@type":"ListItem","position":2,"name":"Pood","item":"https:\/\/awero.ee\/pood\/"},{"@type":"ListItem","position":3,"name":"Kit de calentador el\u00e9ctrico Balboa 3 kW"}]},{"@type":"WebSite","@id":"https:\/\/awero.ee\/es\/#website","url":"https:\/\/awero.ee\/es\/","name":"Awero - S\u00fcdamega L\u00f5una Eestist","description":"","publisher":{"@id":"https:\/\/awero.ee\/es\/#organization"},"potentialAction":[{"@type":"SearchAction","target":{"@type":"EntryPoint","urlTemplate":"https:\/\/awero.ee\/es\/?s={search_term_string}"},"query-input":{"@type":"PropertyValueSpecification","valueRequired":true,"valueName":"search_term_string"}}],"inLanguage":"es"},{"@type":"Organization","@id":"https:\/\/awero.ee\/es\/#organization","name":"Awero - S\u00fcdamega L\u00f5una Eestist","url":"https:\/\/awero.ee\/es\/","logo":{"@type":"ImageObject","inLanguage":"es","@id":"https:\/\/awero.ee\/es\/#\/schema\/logo\/image\/","url":"https:\/\/awero.ee\/wp-content\/uploads\/2024\/07\/aweroplaceholder.jpg","contentUrl":"https:\/\/awero.ee\/wp-content\/uploads\/2024\/07\/aweroplaceholder.jpg","width":1250,"height":834,"caption":"Awero - S\u00fcdamega L\u00f5una Eestist"},"image":{"@id":"https:\/\/awero.ee\/es\/#\/schema\/logo\/image\/"}}]}},"_links":{"self":[{"href":"https:\/\/awero.ee\/es\/wp-json\/wp\/v2\/product\/12723","targetHints":{"allow":["GET"]}}],"collection":[{"href":"https:\/\/awero.ee\/es\/wp-json\/wp\/v2\/product"}],"about":[{"href":"https:\/\/awero.ee\/es\/wp-json\/wp\/v2\/types\/product"}],"wp:featuredmedia":[{"embeddable":true,"href":"https:\/\/awero.ee\/es\/wp-json\/wp\/v2\/media\/11124"}],"wp:attachment":[{"href":"https:\/\/awero.ee\/es\/wp-json\/wp\/v2\/media?parent=12723"}],"wp:term":[{"taxonomy":"product_brand","embeddable":true,"href":"https:\/\/awero.ee\/es\/wp-json\/wp\/v2\/product_brand?post=12723"},{"taxonomy":"product_cat","embeddable":true,"href":"https:\/\/awero.ee\/es\/wp-json\/wp\/v2\/product_cat?post=12723"},{"taxonomy":"product_tag","embeddable":true,"href":"https:\/\/awero.ee\/es\/wp-json\/wp\/v2\/product_tag?post=12723"}],"curies":[{"name":"wp","href":"https:\/\/api.w.org\/{rel}","templated":true}]}}