{"id":10341,"date":"2025-04-13T17:23:23","date_gmt":"2025-04-13T17:23:23","guid":{"rendered":"https:\/\/awero.ee\/toode\/sauna-caravana-en-remolque\/"},"modified":"2026-04-01T12:31:54","modified_gmt":"2026-04-01T12:31:54","slug":"sauna-caravana-en-remolque","status":"publish","type":"product","link":"https:\/\/awero.ee\/es\/toode\/sauna-caravana-en-remolque\/","title":{"rendered":"Sauna Caravana en remolque"},"content":{"rendered":"<div style=\"width: 1920px;\" class=\"wp-video\"><video class=\"wp-video-shortcode\" id=\"video-10341-1\" width=\"1920\" height=\"1080\" preload=\"metadata\" controls=\"controls\"><source type=\"video\/mp4\" src=\"https:\/\/awero.ee\/wp-content\/uploads\/2025\/04\/Awero-karusaun-eng.mp4?_=1\" \/><a href=\"https:\/\/awero.ee\/wp-content\/uploads\/2025\/04\/Awero-karusaun-eng.mp4\">https:\/\/awero.ee\/wp-content\/uploads\/2025\/04\/Awero-karusaun-eng.mp4<\/a><\/video><\/div>\n<p>La sauna est\u00e1 instalada en un remolque RESPO e incluye:<\/p>\n<p>Estufa de le\u00f1a Harvia con piedras para la estufa<br \/>\nChimenea de acero inoxidable resistente al fuego con dep\u00f3sito de agua caliente de 30 L<br \/>\nMaterial de las paredes: pino tratado t\u00e9rmicamente de 28 mm<br \/>\nCubierta de techo resistente de PVC<br \/>\nMaterial del suelo: pino tratado t\u00e9rmicamente<br \/>\nPatas de soporte en las cuatro esquinas<br \/>\nRejillas del suelo: pino tratado t\u00e9rmicamente<br \/>\nBater\u00eda con cargador<br \/>\nIluminaci\u00f3n LED dentro y fuera de la sauna<br \/>\nDos ventanas con funci\u00f3n de ventilaci\u00f3n<br \/>\nEst\u00e9reo (radio, Bluetooth, AUX, USB, altavoces)<br \/>\nEspacio de almacenamiento<\/p>\n<p>&nbsp;<\/p>\n<p>Remolque plataforma RESPO de categor\u00eda B<\/p>\n<ul>\n<li>Longitud: 4621 mm<\/li>\n<li>Anchura: 2007 mm<\/li>\n<li>Altura: 600 mm<\/li>\n<li>Longitud de la caja de carga: 3074 mm<\/li>\n<\/ul>\n<p>Con ruedas bajas de 10 pulgadas, equipadas con suspensi\u00f3n de ballestas y amortiguadores.<\/p>\n<p>En cada esquina hay soportes de esquina para caravana, ajustables con una llave para patas de apoyo, y cada uno tiene una capacidad de carga de 500 kg.<\/p>\n","protected":false},"excerpt":{"rendered":"<p>Dise\u00f1ada inteligentemente y pensada hasta el \u00faltimo detalle para garantizar la m\u00e1xima amplitud y comodidad, incluso para disfrutar de la sauna en grupo.<br \/>Este remolque sauna m\u00f3vil est\u00e1 fabricado con madera termo tratada resistente y equipado con estufa de le\u00f1a Harvia, iluminaci\u00f3n LED a bater\u00eda y sistema de m\u00fasica.<\/p>\n","protected":false},"featured_media":9351,"template":"","meta":{"_acf_changed":false},"product_brand":[],"product_cat":[1324],"product_tag":[],"class_list":{"0":"post-10341","1":"product","2":"type-product","3":"status-publish","4":"has-post-thumbnail","6":"product_cat-productos-para-remolques","8":"first","9":"instock","10":"shipping-taxable","11":"product-type-simple"},"acf":[],"yoast_head":"<!-- This site is optimized with the Yoast SEO plugin v27.5 - https:\/\/yoast.com\/product\/yoast-seo-wordpress\/ -->\n<title>Sauna Caravana en remolque - Awero - S\u00fcdamega L\u00f5una-Eestist<\/title>\n<meta name=\"robots\" content=\"index, follow, max-snippet:-1, max-image-preview:large, max-video-preview:-1\" \/>\n<link rel=\"canonical\" href=\"https:\/\/awero.ee\/es\/toode\/sauna-caravana-en-remolque\/\" \/>\n<meta property=\"og:locale\" content=\"es_ES\" \/>\n<meta property=\"og:type\" content=\"article\" \/>\n<meta property=\"og:title\" content=\"Sauna Caravana en remolque - Awero - S\u00fcdamega L\u00f5una-Eestist\" \/>\n<meta property=\"og:description\" content=\"Dise\u00f1ada inteligentemente y pensada hasta el \u00faltimo detalle para garantizar la m\u00e1xima amplitud y comodidad, incluso para disfrutar de la sauna en grupo.Este remolque sauna m\u00f3vil est\u00e1 fabricado con madera termo tratada resistente y equipado con estufa de le\u00f1a Harvia, iluminaci\u00f3n LED a bater\u00eda y sistema de m\u00fasica.\" \/>\n<meta property=\"og:url\" content=\"https:\/\/awero.ee\/es\/toode\/sauna-caravana-en-remolque\/\" \/>\n<meta property=\"og:site_name\" content=\"Awero - S\u00fcdamega L\u00f5una-Eestist\" \/>\n<meta property=\"article:modified_time\" content=\"2026-04-01T12:31:54+00:00\" \/>\n<meta property=\"og:image\" content=\"https:\/\/awero.ee\/wp-content\/uploads\/2025\/04\/Haagis_saun_loige.png\" \/>\n\t<meta property=\"og:image:width\" content=\"872\" \/>\n\t<meta property=\"og:image:height\" content=\"581\" \/>\n\t<meta property=\"og:image:type\" content=\"image\/png\" \/>\n<meta name=\"twitter:card\" content=\"summary_large_image\" \/>\n<meta name=\"twitter:label1\" content=\"Tiempo de lectura\" \/>\n\t<meta name=\"twitter:data1\" content=\"1 minuto\" \/>\n<script type=\"application\/ld+json\" class=\"yoast-schema-graph\">{\"@context\":\"https:\\\/\\\/schema.org\",\"@graph\":[{\"@type\":\"WebPage\",\"@id\":\"https:\\\/\\\/awero.ee\\\/es\\\/toode\\\/sauna-caravana-en-remolque\\\/\",\"url\":\"https:\\\/\\\/awero.ee\\\/es\\\/toode\\\/sauna-caravana-en-remolque\\\/\",\"name\":\"Sauna Caravana en remolque - Awero - S\u00fcdamega L\u00f5una-Eestist\",\"isPartOf\":{\"@id\":\"https:\\\/\\\/awero.ee\\\/es\\\/#website\"},\"primaryImageOfPage\":{\"@id\":\"https:\\\/\\\/awero.ee\\\/es\\\/toode\\\/sauna-caravana-en-remolque\\\/#primaryimage\"},\"image\":{\"@id\":\"https:\\\/\\\/awero.ee\\\/es\\\/toode\\\/sauna-caravana-en-remolque\\\/#primaryimage\"},\"thumbnailUrl\":\"https:\\\/\\\/awero.ee\\\/wp-content\\\/uploads\\\/2025\\\/04\\\/Haagis_saun_loige.png\",\"datePublished\":\"2025-04-13T17:23:23+00:00\",\"dateModified\":\"2026-04-01T12:31:54+00:00\",\"breadcrumb\":{\"@id\":\"https:\\\/\\\/awero.ee\\\/es\\\/toode\\\/sauna-caravana-en-remolque\\\/#breadcrumb\"},\"inLanguage\":\"es\",\"potentialAction\":[{\"@type\":\"ReadAction\",\"target\":[\"https:\\\/\\\/awero.ee\\\/es\\\/toode\\\/sauna-caravana-en-remolque\\\/\"]}]},{\"@type\":\"ImageObject\",\"inLanguage\":\"es\",\"@id\":\"https:\\\/\\\/awero.ee\\\/es\\\/toode\\\/sauna-caravana-en-remolque\\\/#primaryimage\",\"url\":\"https:\\\/\\\/awero.ee\\\/wp-content\\\/uploads\\\/2025\\\/04\\\/Haagis_saun_loige.png\",\"contentUrl\":\"https:\\\/\\\/awero.ee\\\/wp-content\\\/uploads\\\/2025\\\/04\\\/Haagis_saun_loige.png\",\"width\":872,\"height\":581},{\"@type\":\"BreadcrumbList\",\"@id\":\"https:\\\/\\\/awero.ee\\\/es\\\/toode\\\/sauna-caravana-en-remolque\\\/#breadcrumb\",\"itemListElement\":[{\"@type\":\"ListItem\",\"position\":1,\"name\":\"Home\",\"item\":\"https:\\\/\\\/awero.ee\\\/es\\\/pagina-de-inicio\\\/\"},{\"@type\":\"ListItem\",\"position\":2,\"name\":\"Pood\",\"item\":\"https:\\\/\\\/awero.ee\\\/pood\\\/\"},{\"@type\":\"ListItem\",\"position\":3,\"name\":\"Sauna Caravana en remolque\"}]},{\"@type\":\"WebSite\",\"@id\":\"https:\\\/\\\/awero.ee\\\/es\\\/#website\",\"url\":\"https:\\\/\\\/awero.ee\\\/es\\\/\",\"name\":\"Awero - S\u00fcdamega L\u00f5una Eestist\",\"description\":\"\",\"publisher\":{\"@id\":\"https:\\\/\\\/awero.ee\\\/es\\\/#organization\"},\"potentialAction\":[{\"@type\":\"SearchAction\",\"target\":{\"@type\":\"EntryPoint\",\"urlTemplate\":\"https:\\\/\\\/awero.ee\\\/es\\\/?s={search_term_string}\"},\"query-input\":{\"@type\":\"PropertyValueSpecification\",\"valueRequired\":true,\"valueName\":\"search_term_string\"}}],\"inLanguage\":\"es\"},{\"@type\":\"Organization\",\"@id\":\"https:\\\/\\\/awero.ee\\\/es\\\/#organization\",\"name\":\"Awero - S\u00fcdamega L\u00f5una Eestist\",\"url\":\"https:\\\/\\\/awero.ee\\\/es\\\/\",\"logo\":{\"@type\":\"ImageObject\",\"inLanguage\":\"es\",\"@id\":\"https:\\\/\\\/awero.ee\\\/es\\\/#\\\/schema\\\/logo\\\/image\\\/\",\"url\":\"https:\\\/\\\/awero.ee\\\/wp-content\\\/uploads\\\/2024\\\/07\\\/aweroplaceholder.jpg\",\"contentUrl\":\"https:\\\/\\\/awero.ee\\\/wp-content\\\/uploads\\\/2024\\\/07\\\/aweroplaceholder.jpg\",\"width\":1250,\"height\":834,\"caption\":\"Awero - S\u00fcdamega L\u00f5una Eestist\"},\"image\":{\"@id\":\"https:\\\/\\\/awero.ee\\\/es\\\/#\\\/schema\\\/logo\\\/image\\\/\"}}]}<\/script>\n<!-- \/ Yoast SEO plugin. -->","yoast_head_json":{"title":"Sauna Caravana en remolque - Awero - S\u00fcdamega L\u00f5una-Eestist","robots":{"index":"index","follow":"follow","max-snippet":"max-snippet:-1","max-image-preview":"max-image-preview:large","max-video-preview":"max-video-preview:-1"},"canonical":"https:\/\/awero.ee\/es\/toode\/sauna-caravana-en-remolque\/","og_locale":"es_ES","og_type":"article","og_title":"Sauna Caravana en remolque - Awero - S\u00fcdamega L\u00f5una-Eestist","og_description":"Dise\u00f1ada inteligentemente y pensada hasta el \u00faltimo detalle para garantizar la m\u00e1xima amplitud y comodidad, incluso para disfrutar de la sauna en grupo.Este remolque sauna m\u00f3vil est\u00e1 fabricado con madera termo tratada resistente y equipado con estufa de le\u00f1a Harvia, iluminaci\u00f3n LED a bater\u00eda y sistema de m\u00fasica.","og_url":"https:\/\/awero.ee\/es\/toode\/sauna-caravana-en-remolque\/","og_site_name":"Awero - S\u00fcdamega L\u00f5una-Eestist","article_modified_time":"2026-04-01T12:31:54+00:00","og_image":[{"width":872,"height":581,"url":"https:\/\/awero.ee\/wp-content\/uploads\/2025\/04\/Haagis_saun_loige.png","type":"image\/png"}],"twitter_card":"summary_large_image","twitter_misc":{"Tiempo de lectura":"1 minuto"},"schema":{"@context":"https:\/\/schema.org","@graph":[{"@type":"WebPage","@id":"https:\/\/awero.ee\/es\/toode\/sauna-caravana-en-remolque\/","url":"https:\/\/awero.ee\/es\/toode\/sauna-caravana-en-remolque\/","name":"Sauna Caravana en remolque - Awero - S\u00fcdamega L\u00f5una-Eestist","isPartOf":{"@id":"https:\/\/awero.ee\/es\/#website"},"primaryImageOfPage":{"@id":"https:\/\/awero.ee\/es\/toode\/sauna-caravana-en-remolque\/#primaryimage"},"image":{"@id":"https:\/\/awero.ee\/es\/toode\/sauna-caravana-en-remolque\/#primaryimage"},"thumbnailUrl":"https:\/\/awero.ee\/wp-content\/uploads\/2025\/04\/Haagis_saun_loige.png","datePublished":"2025-04-13T17:23:23+00:00","dateModified":"2026-04-01T12:31:54+00:00","breadcrumb":{"@id":"https:\/\/awero.ee\/es\/toode\/sauna-caravana-en-remolque\/#breadcrumb"},"inLanguage":"es","potentialAction":[{"@type":"ReadAction","target":["https:\/\/awero.ee\/es\/toode\/sauna-caravana-en-remolque\/"]}]},{"@type":"ImageObject","inLanguage":"es","@id":"https:\/\/awero.ee\/es\/toode\/sauna-caravana-en-remolque\/#primaryimage","url":"https:\/\/awero.ee\/wp-content\/uploads\/2025\/04\/Haagis_saun_loige.png","contentUrl":"https:\/\/awero.ee\/wp-content\/uploads\/2025\/04\/Haagis_saun_loige.png","width":872,"height":581},{"@type":"BreadcrumbList","@id":"https:\/\/awero.ee\/es\/toode\/sauna-caravana-en-remolque\/#breadcrumb","itemListElement":[{"@type":"ListItem","position":1,"name":"Home","item":"https:\/\/awero.ee\/es\/pagina-de-inicio\/"},{"@type":"ListItem","position":2,"name":"Pood","item":"https:\/\/awero.ee\/pood\/"},{"@type":"ListItem","position":3,"name":"Sauna Caravana en remolque"}]},{"@type":"WebSite","@id":"https:\/\/awero.ee\/es\/#website","url":"https:\/\/awero.ee\/es\/","name":"Awero - S\u00fcdamega L\u00f5una Eestist","description":"","publisher":{"@id":"https:\/\/awero.ee\/es\/#organization"},"potentialAction":[{"@type":"SearchAction","target":{"@type":"EntryPoint","urlTemplate":"https:\/\/awero.ee\/es\/?s={search_term_string}"},"query-input":{"@type":"PropertyValueSpecification","valueRequired":true,"valueName":"search_term_string"}}],"inLanguage":"es"},{"@type":"Organization","@id":"https:\/\/awero.ee\/es\/#organization","name":"Awero - S\u00fcdamega L\u00f5una Eestist","url":"https:\/\/awero.ee\/es\/","logo":{"@type":"ImageObject","inLanguage":"es","@id":"https:\/\/awero.ee\/es\/#\/schema\/logo\/image\/","url":"https:\/\/awero.ee\/wp-content\/uploads\/2024\/07\/aweroplaceholder.jpg","contentUrl":"https:\/\/awero.ee\/wp-content\/uploads\/2024\/07\/aweroplaceholder.jpg","width":1250,"height":834,"caption":"Awero - S\u00fcdamega L\u00f5una Eestist"},"image":{"@id":"https:\/\/awero.ee\/es\/#\/schema\/logo\/image\/"}}]}},"_links":{"self":[{"href":"https:\/\/awero.ee\/es\/wp-json\/wp\/v2\/product\/10341","targetHints":{"allow":["GET"]}}],"collection":[{"href":"https:\/\/awero.ee\/es\/wp-json\/wp\/v2\/product"}],"about":[{"href":"https:\/\/awero.ee\/es\/wp-json\/wp\/v2\/types\/product"}],"wp:featuredmedia":[{"embeddable":true,"href":"https:\/\/awero.ee\/es\/wp-json\/wp\/v2\/media\/9351"}],"wp:attachment":[{"href":"https:\/\/awero.ee\/es\/wp-json\/wp\/v2\/media?parent=10341"}],"wp:term":[{"taxonomy":"product_brand","embeddable":true,"href":"https:\/\/awero.ee\/es\/wp-json\/wp\/v2\/product_brand?post=10341"},{"taxonomy":"product_cat","embeddable":true,"href":"https:\/\/awero.ee\/es\/wp-json\/wp\/v2\/product_cat?post=10341"},{"taxonomy":"product_tag","embeddable":true,"href":"https:\/\/awero.ee\/es\/wp-json\/wp\/v2\/product_tag?post=10341"}],"curies":[{"name":"wp","href":"https:\/\/api.w.org\/{rel}","templated":true}]}}