{"id":10340,"date":"2025-04-13T17:20:32","date_gmt":"2025-04-13T17:20:32","guid":{"rendered":"https:\/\/awero.ee\/toode\/icon-tub-200-en-remolque\/"},"modified":"2026-04-01T12:31:54","modified_gmt":"2026-04-01T12:31:54","slug":"icon-tub-200-en-remolque","status":"publish","type":"product","link":"https:\/\/awero.ee\/es\/toode\/icon-tub-200-en-remolque\/","title":{"rendered":"Icon Tub 200 en remolque"},"content":{"rendered":"<div style=\"width: 3840px;\" class=\"wp-video\"><video class=\"wp-video-shortcode\" id=\"video-10340-1\" width=\"3840\" height=\"2160\" preload=\"metadata\" controls=\"controls\"><source type=\"video\/mp4\" src=\"https:\/\/awero.ee\/wp-content\/uploads\/2025\/05\/Haagise_icon_tub_video.mp4?_=1\" \/><a href=\"https:\/\/awero.ee\/wp-content\/uploads\/2025\/05\/Haagise_icon_tub_video.mp4\">https:\/\/awero.ee\/wp-content\/uploads\/2025\/05\/Haagise_icon_tub_video.mp4<\/a><\/video><\/div>\n<p>&nbsp;<\/p>\n<p>Interior ergon\u00f3mico cuadrangular de fibra de vidrio<br \/>\nEstufa integrada de acero inoxidable (AISI 304) (30 kW)<br \/>\nchimenea de 2 m con protector de malla para tubo de chimenea<br \/>\nGrifo de drenaje<br \/>\nEscalera<br \/>\nCubierta exterior de madera termotratada con acabado en nogal<br \/>\nBater\u00eda, bornes, desconectador de bater\u00eda<br \/>\nEquipo de sonido Marine L<br \/>\nTerm\u00f3metro digital para ba\u00f1era<br \/>\nIluminaci\u00f3n LED con dos l\u00e1mparas + 4 unidades en el remolque.<br \/>\nSistema de burbujas con 12 boquillas<br \/>\nTapa t\u00e9rmica aislante \u00d8 205cm con 8 puntos de sujeci\u00f3n<br \/>\nN.\u00ba de personas: 6<br \/>\nTiempo de calentamiento 5-38 \u00b0C: 1,5-2 h<br \/>\nCapacidad m\u00e1xima: 1150 L<br \/>\nDi\u00e1metro exterior: 2050 mm<br \/>\nDi\u00e1metro interior: 1770 mm<br \/>\nAltura: 1100 mm<br \/>\nProfundidad: 990 mm<br \/>\nPeso: 300 kg<\/p>\n<p>&nbsp;<\/p>\n<p>Remolque plataforma RESPO de categor\u00eda B<\/p>\n<ul>\n<li>Longitud: 4621 mm<\/li>\n<li>Anchura: 2007 mm<\/li>\n<li>Altura: 600 mm<\/li>\n<li>Longitud de la caja de carga: 3074 mm<\/li>\n<\/ul>\n<p>Con ruedas bajas de 10 pulgadas, equipadas con suspensi\u00f3n de ballestas y amortiguadores.<\/p>\n<p>En cada esquina hay soportes de esquina para caravana, ajustables con una llave para patas de apoyo, y cada uno tiene una capacidad de carga de 500 kg.<\/p>\n<p>&nbsp;<\/p>\n<p>&nbsp;<\/p>\n","protected":false},"excerpt":{"rendered":"<p>El interior ergon\u00f3mico cuadrado de fibra de vidrio y el exterior acabado en madera termo tratada garantizan durabilidad y estilo.<\/p>\n","protected":false},"featured_media":9342,"template":"","meta":{"_acf_changed":false},"product_brand":[],"product_cat":[1324],"product_tag":[],"class_list":{"0":"post-10340","1":"product","2":"type-product","3":"status-publish","4":"has-post-thumbnail","6":"product_cat-productos-para-remolques","8":"first","9":"instock","10":"shipping-taxable","11":"product-type-simple"},"acf":[],"yoast_head":"<!-- This site is optimized with the Yoast SEO plugin v27.5 - https:\/\/yoast.com\/product\/yoast-seo-wordpress\/ -->\n<title>Icon Tub 200 en remolque - Awero - S\u00fcdamega L\u00f5una-Eestist<\/title>\n<meta name=\"robots\" content=\"index, follow, max-snippet:-1, max-image-preview:large, max-video-preview:-1\" \/>\n<link rel=\"canonical\" href=\"https:\/\/awero.ee\/es\/toode\/icon-tub-200-en-remolque\/\" \/>\n<meta property=\"og:locale\" content=\"es_ES\" \/>\n<meta property=\"og:type\" content=\"article\" \/>\n<meta property=\"og:title\" content=\"Icon Tub 200 en remolque - Awero - S\u00fcdamega L\u00f5una-Eestist\" \/>\n<meta property=\"og:description\" content=\"El interior ergon\u00f3mico cuadrado de fibra de vidrio y el exterior acabado en madera termo tratada garantizan durabilidad y estilo.\" \/>\n<meta property=\"og:url\" content=\"https:\/\/awero.ee\/es\/toode\/icon-tub-200-en-remolque\/\" \/>\n<meta property=\"og:site_name\" content=\"Awero - S\u00fcdamega L\u00f5una-Eestist\" \/>\n<meta property=\"article:modified_time\" content=\"2026-04-01T12:31:54+00:00\" \/>\n<meta property=\"og:image\" content=\"https:\/\/awero.ee\/wp-content\/uploads\/2025\/04\/Icon-Tube-200-haagisel_eest_kattega.jpg\" \/>\n\t<meta property=\"og:image:width\" content=\"1920\" \/>\n\t<meta property=\"og:image:height\" content=\"1280\" \/>\n\t<meta property=\"og:image:type\" content=\"image\/jpeg\" \/>\n<meta name=\"twitter:card\" content=\"summary_large_image\" \/>\n<meta name=\"twitter:label1\" content=\"Tiempo de lectura\" \/>\n\t<meta name=\"twitter:data1\" content=\"1 minuto\" \/>\n<script type=\"application\/ld+json\" class=\"yoast-schema-graph\">{\"@context\":\"https:\\\/\\\/schema.org\",\"@graph\":[{\"@type\":\"WebPage\",\"@id\":\"https:\\\/\\\/awero.ee\\\/es\\\/toode\\\/icon-tub-200-en-remolque\\\/\",\"url\":\"https:\\\/\\\/awero.ee\\\/es\\\/toode\\\/icon-tub-200-en-remolque\\\/\",\"name\":\"Icon Tub 200 en remolque - Awero - S\u00fcdamega L\u00f5una-Eestist\",\"isPartOf\":{\"@id\":\"https:\\\/\\\/awero.ee\\\/es\\\/#website\"},\"primaryImageOfPage\":{\"@id\":\"https:\\\/\\\/awero.ee\\\/es\\\/toode\\\/icon-tub-200-en-remolque\\\/#primaryimage\"},\"image\":{\"@id\":\"https:\\\/\\\/awero.ee\\\/es\\\/toode\\\/icon-tub-200-en-remolque\\\/#primaryimage\"},\"thumbnailUrl\":\"https:\\\/\\\/awero.ee\\\/wp-content\\\/uploads\\\/2025\\\/04\\\/Icon-Tube-200-haagisel_eest_kattega.jpg\",\"datePublished\":\"2025-04-13T17:20:32+00:00\",\"dateModified\":\"2026-04-01T12:31:54+00:00\",\"breadcrumb\":{\"@id\":\"https:\\\/\\\/awero.ee\\\/es\\\/toode\\\/icon-tub-200-en-remolque\\\/#breadcrumb\"},\"inLanguage\":\"es\",\"potentialAction\":[{\"@type\":\"ReadAction\",\"target\":[\"https:\\\/\\\/awero.ee\\\/es\\\/toode\\\/icon-tub-200-en-remolque\\\/\"]}]},{\"@type\":\"ImageObject\",\"inLanguage\":\"es\",\"@id\":\"https:\\\/\\\/awero.ee\\\/es\\\/toode\\\/icon-tub-200-en-remolque\\\/#primaryimage\",\"url\":\"https:\\\/\\\/awero.ee\\\/wp-content\\\/uploads\\\/2025\\\/04\\\/Icon-Tube-200-haagisel_eest_kattega.jpg\",\"contentUrl\":\"https:\\\/\\\/awero.ee\\\/wp-content\\\/uploads\\\/2025\\\/04\\\/Icon-Tube-200-haagisel_eest_kattega.jpg\",\"width\":1920,\"height\":1280},{\"@type\":\"BreadcrumbList\",\"@id\":\"https:\\\/\\\/awero.ee\\\/es\\\/toode\\\/icon-tub-200-en-remolque\\\/#breadcrumb\",\"itemListElement\":[{\"@type\":\"ListItem\",\"position\":1,\"name\":\"Home\",\"item\":\"https:\\\/\\\/awero.ee\\\/es\\\/pagina-de-inicio\\\/\"},{\"@type\":\"ListItem\",\"position\":2,\"name\":\"Pood\",\"item\":\"https:\\\/\\\/awero.ee\\\/pood\\\/\"},{\"@type\":\"ListItem\",\"position\":3,\"name\":\"Icon Tub 200 en remolque\"}]},{\"@type\":\"WebSite\",\"@id\":\"https:\\\/\\\/awero.ee\\\/es\\\/#website\",\"url\":\"https:\\\/\\\/awero.ee\\\/es\\\/\",\"name\":\"Awero - S\u00fcdamega L\u00f5una Eestist\",\"description\":\"\",\"publisher\":{\"@id\":\"https:\\\/\\\/awero.ee\\\/es\\\/#organization\"},\"potentialAction\":[{\"@type\":\"SearchAction\",\"target\":{\"@type\":\"EntryPoint\",\"urlTemplate\":\"https:\\\/\\\/awero.ee\\\/es\\\/?s={search_term_string}\"},\"query-input\":{\"@type\":\"PropertyValueSpecification\",\"valueRequired\":true,\"valueName\":\"search_term_string\"}}],\"inLanguage\":\"es\"},{\"@type\":\"Organization\",\"@id\":\"https:\\\/\\\/awero.ee\\\/es\\\/#organization\",\"name\":\"Awero - S\u00fcdamega L\u00f5una Eestist\",\"url\":\"https:\\\/\\\/awero.ee\\\/es\\\/\",\"logo\":{\"@type\":\"ImageObject\",\"inLanguage\":\"es\",\"@id\":\"https:\\\/\\\/awero.ee\\\/es\\\/#\\\/schema\\\/logo\\\/image\\\/\",\"url\":\"https:\\\/\\\/awero.ee\\\/wp-content\\\/uploads\\\/2024\\\/07\\\/aweroplaceholder.jpg\",\"contentUrl\":\"https:\\\/\\\/awero.ee\\\/wp-content\\\/uploads\\\/2024\\\/07\\\/aweroplaceholder.jpg\",\"width\":1250,\"height\":834,\"caption\":\"Awero - S\u00fcdamega L\u00f5una Eestist\"},\"image\":{\"@id\":\"https:\\\/\\\/awero.ee\\\/es\\\/#\\\/schema\\\/logo\\\/image\\\/\"}}]}<\/script>\n<!-- \/ Yoast SEO plugin. -->","yoast_head_json":{"title":"Icon Tub 200 en remolque - Awero - S\u00fcdamega L\u00f5una-Eestist","robots":{"index":"index","follow":"follow","max-snippet":"max-snippet:-1","max-image-preview":"max-image-preview:large","max-video-preview":"max-video-preview:-1"},"canonical":"https:\/\/awero.ee\/es\/toode\/icon-tub-200-en-remolque\/","og_locale":"es_ES","og_type":"article","og_title":"Icon Tub 200 en remolque - Awero - S\u00fcdamega L\u00f5una-Eestist","og_description":"El interior ergon\u00f3mico cuadrado de fibra de vidrio y el exterior acabado en madera termo tratada garantizan durabilidad y estilo.","og_url":"https:\/\/awero.ee\/es\/toode\/icon-tub-200-en-remolque\/","og_site_name":"Awero - S\u00fcdamega L\u00f5una-Eestist","article_modified_time":"2026-04-01T12:31:54+00:00","og_image":[{"width":1920,"height":1280,"url":"https:\/\/awero.ee\/wp-content\/uploads\/2025\/04\/Icon-Tube-200-haagisel_eest_kattega.jpg","type":"image\/jpeg"}],"twitter_card":"summary_large_image","twitter_misc":{"Tiempo de lectura":"1 minuto"},"schema":{"@context":"https:\/\/schema.org","@graph":[{"@type":"WebPage","@id":"https:\/\/awero.ee\/es\/toode\/icon-tub-200-en-remolque\/","url":"https:\/\/awero.ee\/es\/toode\/icon-tub-200-en-remolque\/","name":"Icon Tub 200 en remolque - Awero - S\u00fcdamega L\u00f5una-Eestist","isPartOf":{"@id":"https:\/\/awero.ee\/es\/#website"},"primaryImageOfPage":{"@id":"https:\/\/awero.ee\/es\/toode\/icon-tub-200-en-remolque\/#primaryimage"},"image":{"@id":"https:\/\/awero.ee\/es\/toode\/icon-tub-200-en-remolque\/#primaryimage"},"thumbnailUrl":"https:\/\/awero.ee\/wp-content\/uploads\/2025\/04\/Icon-Tube-200-haagisel_eest_kattega.jpg","datePublished":"2025-04-13T17:20:32+00:00","dateModified":"2026-04-01T12:31:54+00:00","breadcrumb":{"@id":"https:\/\/awero.ee\/es\/toode\/icon-tub-200-en-remolque\/#breadcrumb"},"inLanguage":"es","potentialAction":[{"@type":"ReadAction","target":["https:\/\/awero.ee\/es\/toode\/icon-tub-200-en-remolque\/"]}]},{"@type":"ImageObject","inLanguage":"es","@id":"https:\/\/awero.ee\/es\/toode\/icon-tub-200-en-remolque\/#primaryimage","url":"https:\/\/awero.ee\/wp-content\/uploads\/2025\/04\/Icon-Tube-200-haagisel_eest_kattega.jpg","contentUrl":"https:\/\/awero.ee\/wp-content\/uploads\/2025\/04\/Icon-Tube-200-haagisel_eest_kattega.jpg","width":1920,"height":1280},{"@type":"BreadcrumbList","@id":"https:\/\/awero.ee\/es\/toode\/icon-tub-200-en-remolque\/#breadcrumb","itemListElement":[{"@type":"ListItem","position":1,"name":"Home","item":"https:\/\/awero.ee\/es\/pagina-de-inicio\/"},{"@type":"ListItem","position":2,"name":"Pood","item":"https:\/\/awero.ee\/pood\/"},{"@type":"ListItem","position":3,"name":"Icon Tub 200 en remolque"}]},{"@type":"WebSite","@id":"https:\/\/awero.ee\/es\/#website","url":"https:\/\/awero.ee\/es\/","name":"Awero - S\u00fcdamega L\u00f5una Eestist","description":"","publisher":{"@id":"https:\/\/awero.ee\/es\/#organization"},"potentialAction":[{"@type":"SearchAction","target":{"@type":"EntryPoint","urlTemplate":"https:\/\/awero.ee\/es\/?s={search_term_string}"},"query-input":{"@type":"PropertyValueSpecification","valueRequired":true,"valueName":"search_term_string"}}],"inLanguage":"es"},{"@type":"Organization","@id":"https:\/\/awero.ee\/es\/#organization","name":"Awero - S\u00fcdamega L\u00f5una Eestist","url":"https:\/\/awero.ee\/es\/","logo":{"@type":"ImageObject","inLanguage":"es","@id":"https:\/\/awero.ee\/es\/#\/schema\/logo\/image\/","url":"https:\/\/awero.ee\/wp-content\/uploads\/2024\/07\/aweroplaceholder.jpg","contentUrl":"https:\/\/awero.ee\/wp-content\/uploads\/2024\/07\/aweroplaceholder.jpg","width":1250,"height":834,"caption":"Awero - S\u00fcdamega L\u00f5una Eestist"},"image":{"@id":"https:\/\/awero.ee\/es\/#\/schema\/logo\/image\/"}}]}},"_links":{"self":[{"href":"https:\/\/awero.ee\/es\/wp-json\/wp\/v2\/product\/10340","targetHints":{"allow":["GET"]}}],"collection":[{"href":"https:\/\/awero.ee\/es\/wp-json\/wp\/v2\/product"}],"about":[{"href":"https:\/\/awero.ee\/es\/wp-json\/wp\/v2\/types\/product"}],"wp:featuredmedia":[{"embeddable":true,"href":"https:\/\/awero.ee\/es\/wp-json\/wp\/v2\/media\/9342"}],"wp:attachment":[{"href":"https:\/\/awero.ee\/es\/wp-json\/wp\/v2\/media?parent=10340"}],"wp:term":[{"taxonomy":"product_brand","embeddable":true,"href":"https:\/\/awero.ee\/es\/wp-json\/wp\/v2\/product_brand?post=10340"},{"taxonomy":"product_cat","embeddable":true,"href":"https:\/\/awero.ee\/es\/wp-json\/wp\/v2\/product_cat?post=10340"},{"taxonomy":"product_tag","embeddable":true,"href":"https:\/\/awero.ee\/es\/wp-json\/wp\/v2\/product_tag?post=10340"}],"curies":[{"name":"wp","href":"https:\/\/api.w.org\/{rel}","templated":true}]}}