{"id":10337,"date":"2025-05-14T12:53:16","date_gmt":"2025-05-14T12:53:16","guid":{"rendered":"https:\/\/awero.ee\/toode\/inodoro-seco-komplet-de-biolan\/"},"modified":"2026-04-01T12:31:37","modified_gmt":"2026-04-01T12:31:37","slug":"inodoro-seco-komplet-de-biolan","status":"publish","type":"product","link":"https:\/\/awero.ee\/es\/toode\/inodoro-seco-komplet-de-biolan\/","title":{"rendered":"Inodoro seco KOMPLET de Biolan"},"content":{"rendered":"<p><span class=\"\">El inodoro seco KOMPLET de Biolan es un inodoro libre de olores y f\u00e1cil de usar para casas de campo y de verano. El inodoro es f\u00e1cil de instalar en el suelo de un aseo incorporado y puede utilizarse tanto en una caseta de ba\u00f1o independiente, en el interior de una vivienda o para renovar una caseta de ba\u00f1o antigua. El inodoro seco KOMPLET de Biolan resulta c\u00f3modo y agradable en el uso diario. No requiere agua ni electricidad, basta con utilizar el producto Turba para Compost e Inodoros secos de Biolan.   <\/span><\/p>\n","protected":false},"excerpt":{"rendered":"<h4>\u00a1Comodidad para tu casa de campo y tu residencia de verano!<\/h4>\n<ul>\n<li>Un inodoro seco c\u00f3modo y f\u00e1cil de usar<\/li>\n<li>Gracias al conducto de ventilaci\u00f3n que va desde el dep\u00f3sito del inodoro hasta el tejado, se evitan los olores desagradables en el interior<\/li>\n<li>C\u00f3modo e higi\u00e9nico asiento t\u00e9rmico con tapa<\/li>\n<li>F\u00e1cil de limpiar<\/li>\n<li>Se instala en el suelo<\/li>\n<\/ul>\n","protected":false},"featured_media":3213,"template":"","meta":{"_acf_changed":false},"product_brand":[],"product_cat":[1334],"product_tag":[],"class_list":{"0":"post-10337","1":"product","2":"type-product","3":"status-publish","4":"has-post-thumbnail","6":"product_cat-accesorios","8":"first","9":"instock","10":"shipping-taxable","11":"product-type-simple"},"acf":[],"yoast_head":"<!-- This site is optimized with the Yoast SEO plugin v26.8 - https:\/\/yoast.com\/product\/yoast-seo-wordpress\/ -->\n<title>Inodoro seco KOMPLET de Biolan - Awero - S\u00fcdamega L\u00f5una-Eestist<\/title>\n<meta name=\"robots\" content=\"index, follow, max-snippet:-1, max-image-preview:large, max-video-preview:-1\" \/>\n<link rel=\"canonical\" href=\"https:\/\/awero.ee\/es\/toode\/inodoro-seco-komplet-de-biolan\/\" \/>\n<meta property=\"og:locale\" content=\"es_ES\" \/>\n<meta property=\"og:type\" content=\"article\" \/>\n<meta property=\"og:title\" content=\"Inodoro seco KOMPLET de Biolan - Awero - S\u00fcdamega L\u00f5una-Eestist\" \/>\n<meta property=\"og:description\" content=\"\u00a1Comodidad para tu casa de campo y tu residencia de verano!  Un inodoro seco c\u00f3modo y f\u00e1cil de usar  Gracias al conducto de ventilaci\u00f3n que va desde el dep\u00f3sito del inodoro hasta el tejado, se evitan los olores desagradables en el interior  C\u00f3modo e higi\u00e9nico asiento t\u00e9rmico con tapa  F\u00e1cil de limpiar  Se instala en el suelo\" \/>\n<meta property=\"og:url\" content=\"https:\/\/awero.ee\/es\/toode\/inodoro-seco-komplet-de-biolan\/\" \/>\n<meta property=\"og:site_name\" content=\"Awero - S\u00fcdamega L\u00f5una-Eestist\" \/>\n<meta property=\"article:modified_time\" content=\"2026-04-01T12:31:37+00:00\" \/>\n<meta property=\"og:image\" content=\"https:\/\/awero.ee\/wp-content\/uploads\/2025\/05\/biolan_kuivikekaymala_tummanharmaa-1120x500q85.jpg\" \/>\n\t<meta property=\"og:image:width\" content=\"373\" \/>\n\t<meta property=\"og:image:height\" content=\"500\" \/>\n\t<meta property=\"og:image:type\" content=\"image\/jpeg\" \/>\n<meta name=\"twitter:card\" content=\"summary_large_image\" \/>\n<script type=\"application\/ld+json\" class=\"yoast-schema-graph\">{\"@context\":\"https:\/\/schema.org\",\"@graph\":[{\"@type\":\"WebPage\",\"@id\":\"https:\/\/awero.ee\/es\/toode\/inodoro-seco-komplet-de-biolan\/\",\"url\":\"https:\/\/awero.ee\/es\/toode\/inodoro-seco-komplet-de-biolan\/\",\"name\":\"Inodoro seco KOMPLET de Biolan - Awero - S\u00fcdamega L\u00f5una-Eestist\",\"isPartOf\":{\"@id\":\"https:\/\/awero.ee\/es\/#website\"},\"primaryImageOfPage\":{\"@id\":\"https:\/\/awero.ee\/es\/toode\/inodoro-seco-komplet-de-biolan\/#primaryimage\"},\"image\":{\"@id\":\"https:\/\/awero.ee\/es\/toode\/inodoro-seco-komplet-de-biolan\/#primaryimage\"},\"thumbnailUrl\":\"https:\/\/awero.ee\/wp-content\/uploads\/2025\/05\/biolan_kuivikekaymala_tummanharmaa-1120x500q85.jpg\",\"datePublished\":\"2025-05-14T12:53:16+00:00\",\"dateModified\":\"2026-04-01T12:31:37+00:00\",\"breadcrumb\":{\"@id\":\"https:\/\/awero.ee\/es\/toode\/inodoro-seco-komplet-de-biolan\/#breadcrumb\"},\"inLanguage\":\"es\",\"potentialAction\":[{\"@type\":\"ReadAction\",\"target\":[\"https:\/\/awero.ee\/es\/toode\/inodoro-seco-komplet-de-biolan\/\"]}]},{\"@type\":\"ImageObject\",\"inLanguage\":\"es\",\"@id\":\"https:\/\/awero.ee\/es\/toode\/inodoro-seco-komplet-de-biolan\/#primaryimage\",\"url\":\"https:\/\/awero.ee\/wp-content\/uploads\/2025\/05\/biolan_kuivikekaymala_tummanharmaa-1120x500q85.jpg\",\"contentUrl\":\"https:\/\/awero.ee\/wp-content\/uploads\/2025\/05\/biolan_kuivikekaymala_tummanharmaa-1120x500q85.jpg\",\"width\":373,\"height\":500},{\"@type\":\"BreadcrumbList\",\"@id\":\"https:\/\/awero.ee\/es\/toode\/inodoro-seco-komplet-de-biolan\/#breadcrumb\",\"itemListElement\":[{\"@type\":\"ListItem\",\"position\":1,\"name\":\"Home\",\"item\":\"https:\/\/awero.ee\/es\/pagina-de-inicio\/\"},{\"@type\":\"ListItem\",\"position\":2,\"name\":\"Pood\",\"item\":\"https:\/\/awero.ee\/pood\/\"},{\"@type\":\"ListItem\",\"position\":3,\"name\":\"Inodoro seco KOMPLET de Biolan\"}]},{\"@type\":\"WebSite\",\"@id\":\"https:\/\/awero.ee\/es\/#website\",\"url\":\"https:\/\/awero.ee\/es\/\",\"name\":\"Awero - S\u00fcdamega L\u00f5una Eestist\",\"description\":\"\",\"publisher\":{\"@id\":\"https:\/\/awero.ee\/es\/#organization\"},\"potentialAction\":[{\"@type\":\"SearchAction\",\"target\":{\"@type\":\"EntryPoint\",\"urlTemplate\":\"https:\/\/awero.ee\/es\/?s={search_term_string}\"},\"query-input\":{\"@type\":\"PropertyValueSpecification\",\"valueRequired\":true,\"valueName\":\"search_term_string\"}}],\"inLanguage\":\"es\"},{\"@type\":\"Organization\",\"@id\":\"https:\/\/awero.ee\/es\/#organization\",\"name\":\"Awero - S\u00fcdamega L\u00f5una Eestist\",\"url\":\"https:\/\/awero.ee\/es\/\",\"logo\":{\"@type\":\"ImageObject\",\"inLanguage\":\"es\",\"@id\":\"https:\/\/awero.ee\/es\/#\/schema\/logo\/image\/\",\"url\":\"https:\/\/awero.ee\/wp-content\/uploads\/2024\/07\/aweroplaceholder.jpg\",\"contentUrl\":\"https:\/\/awero.ee\/wp-content\/uploads\/2024\/07\/aweroplaceholder.jpg\",\"width\":1250,\"height\":834,\"caption\":\"Awero - S\u00fcdamega L\u00f5una Eestist\"},\"image\":{\"@id\":\"https:\/\/awero.ee\/es\/#\/schema\/logo\/image\/\"}}]}<\/script>\n<!-- \/ Yoast SEO plugin. -->","yoast_head_json":{"title":"Inodoro seco KOMPLET de Biolan - Awero - S\u00fcdamega L\u00f5una-Eestist","robots":{"index":"index","follow":"follow","max-snippet":"max-snippet:-1","max-image-preview":"max-image-preview:large","max-video-preview":"max-video-preview:-1"},"canonical":"https:\/\/awero.ee\/es\/toode\/inodoro-seco-komplet-de-biolan\/","og_locale":"es_ES","og_type":"article","og_title":"Inodoro seco KOMPLET de Biolan - Awero - S\u00fcdamega L\u00f5una-Eestist","og_description":"\u00a1Comodidad para tu casa de campo y tu residencia de verano!  Un inodoro seco c\u00f3modo y f\u00e1cil de usar  Gracias al conducto de ventilaci\u00f3n que va desde el dep\u00f3sito del inodoro hasta el tejado, se evitan los olores desagradables en el interior  C\u00f3modo e higi\u00e9nico asiento t\u00e9rmico con tapa  F\u00e1cil de limpiar  Se instala en el suelo","og_url":"https:\/\/awero.ee\/es\/toode\/inodoro-seco-komplet-de-biolan\/","og_site_name":"Awero - S\u00fcdamega L\u00f5una-Eestist","article_modified_time":"2026-04-01T12:31:37+00:00","og_image":[{"width":373,"height":500,"url":"https:\/\/awero.ee\/wp-content\/uploads\/2025\/05\/biolan_kuivikekaymala_tummanharmaa-1120x500q85.jpg","type":"image\/jpeg"}],"twitter_card":"summary_large_image","schema":{"@context":"https:\/\/schema.org","@graph":[{"@type":"WebPage","@id":"https:\/\/awero.ee\/es\/toode\/inodoro-seco-komplet-de-biolan\/","url":"https:\/\/awero.ee\/es\/toode\/inodoro-seco-komplet-de-biolan\/","name":"Inodoro seco KOMPLET de Biolan - Awero - S\u00fcdamega L\u00f5una-Eestist","isPartOf":{"@id":"https:\/\/awero.ee\/es\/#website"},"primaryImageOfPage":{"@id":"https:\/\/awero.ee\/es\/toode\/inodoro-seco-komplet-de-biolan\/#primaryimage"},"image":{"@id":"https:\/\/awero.ee\/es\/toode\/inodoro-seco-komplet-de-biolan\/#primaryimage"},"thumbnailUrl":"https:\/\/awero.ee\/wp-content\/uploads\/2025\/05\/biolan_kuivikekaymala_tummanharmaa-1120x500q85.jpg","datePublished":"2025-05-14T12:53:16+00:00","dateModified":"2026-04-01T12:31:37+00:00","breadcrumb":{"@id":"https:\/\/awero.ee\/es\/toode\/inodoro-seco-komplet-de-biolan\/#breadcrumb"},"inLanguage":"es","potentialAction":[{"@type":"ReadAction","target":["https:\/\/awero.ee\/es\/toode\/inodoro-seco-komplet-de-biolan\/"]}]},{"@type":"ImageObject","inLanguage":"es","@id":"https:\/\/awero.ee\/es\/toode\/inodoro-seco-komplet-de-biolan\/#primaryimage","url":"https:\/\/awero.ee\/wp-content\/uploads\/2025\/05\/biolan_kuivikekaymala_tummanharmaa-1120x500q85.jpg","contentUrl":"https:\/\/awero.ee\/wp-content\/uploads\/2025\/05\/biolan_kuivikekaymala_tummanharmaa-1120x500q85.jpg","width":373,"height":500},{"@type":"BreadcrumbList","@id":"https:\/\/awero.ee\/es\/toode\/inodoro-seco-komplet-de-biolan\/#breadcrumb","itemListElement":[{"@type":"ListItem","position":1,"name":"Home","item":"https:\/\/awero.ee\/es\/pagina-de-inicio\/"},{"@type":"ListItem","position":2,"name":"Pood","item":"https:\/\/awero.ee\/pood\/"},{"@type":"ListItem","position":3,"name":"Inodoro seco KOMPLET de Biolan"}]},{"@type":"WebSite","@id":"https:\/\/awero.ee\/es\/#website","url":"https:\/\/awero.ee\/es\/","name":"Awero - S\u00fcdamega L\u00f5una Eestist","description":"","publisher":{"@id":"https:\/\/awero.ee\/es\/#organization"},"potentialAction":[{"@type":"SearchAction","target":{"@type":"EntryPoint","urlTemplate":"https:\/\/awero.ee\/es\/?s={search_term_string}"},"query-input":{"@type":"PropertyValueSpecification","valueRequired":true,"valueName":"search_term_string"}}],"inLanguage":"es"},{"@type":"Organization","@id":"https:\/\/awero.ee\/es\/#organization","name":"Awero - S\u00fcdamega L\u00f5una Eestist","url":"https:\/\/awero.ee\/es\/","logo":{"@type":"ImageObject","inLanguage":"es","@id":"https:\/\/awero.ee\/es\/#\/schema\/logo\/image\/","url":"https:\/\/awero.ee\/wp-content\/uploads\/2024\/07\/aweroplaceholder.jpg","contentUrl":"https:\/\/awero.ee\/wp-content\/uploads\/2024\/07\/aweroplaceholder.jpg","width":1250,"height":834,"caption":"Awero - S\u00fcdamega L\u00f5una Eestist"},"image":{"@id":"https:\/\/awero.ee\/es\/#\/schema\/logo\/image\/"}}]}},"_links":{"self":[{"href":"https:\/\/awero.ee\/es\/wp-json\/wp\/v2\/product\/10337","targetHints":{"allow":["GET"]}}],"collection":[{"href":"https:\/\/awero.ee\/es\/wp-json\/wp\/v2\/product"}],"about":[{"href":"https:\/\/awero.ee\/es\/wp-json\/wp\/v2\/types\/product"}],"wp:featuredmedia":[{"embeddable":true,"href":"https:\/\/awero.ee\/es\/wp-json\/wp\/v2\/media\/3213"}],"wp:attachment":[{"href":"https:\/\/awero.ee\/es\/wp-json\/wp\/v2\/media?parent=10337"}],"wp:term":[{"taxonomy":"product_brand","embeddable":true,"href":"https:\/\/awero.ee\/es\/wp-json\/wp\/v2\/product_brand?post=10337"},{"taxonomy":"product_cat","embeddable":true,"href":"https:\/\/awero.ee\/es\/wp-json\/wp\/v2\/product_cat?post=10337"},{"taxonomy":"product_tag","embeddable":true,"href":"https:\/\/awero.ee\/es\/wp-json\/wp\/v2\/product_tag?post=10337"}],"curies":[{"name":"wp","href":"https:\/\/api.w.org\/{rel}","templated":true}]}}