{"id":10330,"date":"2025-04-25T05:48:37","date_gmt":"2025-04-25T05:48:37","guid":{"rendered":"https:\/\/awero.ee\/toode\/banera-de-terraza-250\/"},"modified":"2026-05-07T18:08:39","modified_gmt":"2026-05-07T18:08:39","slug":"banera-de-terraza-250","status":"publish","type":"product","link":"https:\/\/awero.ee\/es\/toode\/banera-de-terraza-250\/","title":{"rendered":"Ba\u00f1era de terraza 250"},"content":{"rendered":"<div class=\"p-rich_text_section\">La <b data-stringify-type=\"bold\">Ba\u00f1era de terraza 250 de Awero<\/b> no es simplemente una ba\u00f1era, sino toda una experiencia que puedes dise\u00f1ar a tu gusto. Elige accesorios que lleven la comodidad y la sofisticaci\u00f3n a otro nivel. <\/div>\n<ul class=\"p-rich_text_list p-rich_text_list__bullet p-rich_text_list--nested\" data-stringify-type=\"unordered-list\" data-list-tree=\"true\" data-indent=\"0\" data-border=\"0\">\n<li data-stringify-indent=\"0\" data-stringify-border=\"0\"><b data-stringify-type=\"bold\">Iluminaci\u00f3n LED<\/b>: crea un ambiente acogedor y rom\u00e1ntico, especialmente al atardecer.<\/li>\n<li data-stringify-indent=\"0\" data-stringify-border=\"0\"><b data-stringify-type=\"bold\">Sistema de burbujas y funciones de masaje: <\/b>deja que tu cuerpo se relaje como en un aut\u00e9ntico spa de lujo.<\/li>\n<li data-stringify-indent=\"0\" data-stringify-border=\"0\"><b data-stringify-type=\"bold\">C\u00f3modos reposacabezas<\/b>: para que cada momento sea lo m\u00e1s c\u00f3modo y agradable posible.<\/li>\n<li data-stringify-indent=\"0\" data-stringify-border=\"0\"><b data-stringify-type=\"bold\">Calentador el\u00e9ctrico y sistema de filtrado:<\/b> garantizan que el agua est\u00e9 siempre a la temperatura adecuada y totalmente cristalina, las 24 horas del d\u00eda.<\/li>\n<\/ul>\n<div class=\"p-rich_text_section\"><b data-stringify-type=\"bold\">\u00bfBuscas una soluci\u00f3n integral?<\/b><br \/>\nSolicita tambi\u00e9n un presupuesto para que un profesional realice la instalaci\u00f3n: te ayudaremos a crear el espacio de relax de tus sue\u00f1os en tu hogar.<\/div>\n","protected":false},"excerpt":{"rendered":"<p>Imagina un momento en el que las preocupaciones del d\u00eda se desvanecen poco a poco&#8230; El agua caliente acaricia tu cuerpo, una suave luz te invita a relajarte y todo lo dem\u00e1s parece quedar en pausa. La<b data-stringify-type=\"bold\"><span style=\"unicode-bidi: embed;\"> ba\u00f1era de terraza 250 de Awero<\/span> <\/b>est\u00e1 dise\u00f1ada para llevar la tranquilidad y la sofisticaci\u00f3n directamente a tu hogar, ya sea en el centro de una ciudad o en una tranquila zona rural. El precio incluye:<a href=\"https:\/\/awero.ee\/es\/categoria-de-producto\/componentes-para-tinas-de-bano\/\"> interior de fibra de vidrio<\/a>, <a href=\"https:\/\/awero.ee\/es\/toode\/tapa-termica-aislante-para-banera-nordica\/\">tapa t\u00e9rmica<\/a>, <a href=\"https:\/\/awero.ee\/es\/toode\/kumblustunni-soojustus-aislamiento-termico-de-banera-nordica-con-espuma-de-poliuretano-purvahuga\/\">aislamiento con espuma de poliuretano (PUR)<\/a>.<\/p>\n","protected":false},"featured_media":9692,"template":"","meta":{"_acf_changed":false},"product_brand":[],"product_cat":[1337,1325],"product_tag":[],"class_list":{"0":"post-10330","1":"product","2":"type-product","3":"status-publish","4":"has-post-thumbnail","6":"product_cat-jacuzzis-de-terraza","7":"product_cat-tinas-de-bano","9":"first","10":"instock","11":"sale","12":"shipping-taxable","13":"product-type-variable"},"acf":[],"yoast_head":"<!-- This site is optimized with the Yoast SEO plugin v27.5 - https:\/\/yoast.com\/product\/yoast-seo-wordpress\/ -->\n<title>Ba\u00f1era de terraza 250 - Awero - S\u00fcdamega L\u00f5una-Eestist<\/title>\n<meta name=\"robots\" content=\"index, follow, max-snippet:-1, max-image-preview:large, max-video-preview:-1\" \/>\n<link rel=\"canonical\" href=\"https:\/\/awero.ee\/es\/toode\/banera-de-terraza-250\/\" \/>\n<meta property=\"og:locale\" content=\"es_ES\" \/>\n<meta property=\"og:type\" content=\"article\" \/>\n<meta property=\"og:title\" content=\"Ba\u00f1era de terraza 250 - Awero - S\u00fcdamega L\u00f5una-Eestist\" \/>\n<meta property=\"og:description\" content=\"Imagina un momento en el que las preocupaciones del d\u00eda se desvanecen poco a poco... El agua caliente acaricia tu cuerpo, una suave luz te invita a relajarte y todo lo dem\u00e1s parece quedar en pausa. La ba\u00f1era de terraza 250 de Awero est\u00e1 dise\u00f1ada para llevar la tranquilidad y la sofisticaci\u00f3n directamente a tu hogar, ya sea en el centro de una ciudad o en una tranquila zona rural. El precio incluye: interior de fibra de vidrio, tapa t\u00e9rmica, aislamiento con espuma de poliuretano (PUR).\" \/>\n<meta property=\"og:url\" content=\"https:\/\/awero.ee\/es\/toode\/banera-de-terraza-250\/\" \/>\n<meta property=\"og:site_name\" content=\"Awero - S\u00fcdamega L\u00f5una-Eestist\" \/>\n<meta property=\"article:modified_time\" content=\"2026-05-07T18:08:39+00:00\" \/>\n<meta property=\"og:image\" content=\"https:\/\/awero.ee\/wp-content\/uploads\/2025\/04\/3f-scaled.jpg\" \/>\n\t<meta property=\"og:image:width\" content=\"2560\" \/>\n\t<meta property=\"og:image:height\" content=\"1600\" \/>\n\t<meta property=\"og:image:type\" content=\"image\/jpeg\" \/>\n<meta name=\"twitter:card\" content=\"summary_large_image\" \/>\n<meta name=\"twitter:label1\" content=\"Tiempo de lectura\" \/>\n\t<meta name=\"twitter:data1\" content=\"1 minuto\" \/>\n<script type=\"application\/ld+json\" class=\"yoast-schema-graph\">{\"@context\":\"https:\\\/\\\/schema.org\",\"@graph\":[{\"@type\":\"WebPage\",\"@id\":\"https:\\\/\\\/awero.ee\\\/es\\\/toode\\\/banera-de-terraza-250\\\/\",\"url\":\"https:\\\/\\\/awero.ee\\\/es\\\/toode\\\/banera-de-terraza-250\\\/\",\"name\":\"Ba\u00f1era de terraza 250 - Awero - S\u00fcdamega L\u00f5una-Eestist\",\"isPartOf\":{\"@id\":\"https:\\\/\\\/awero.ee\\\/es\\\/#website\"},\"primaryImageOfPage\":{\"@id\":\"https:\\\/\\\/awero.ee\\\/es\\\/toode\\\/banera-de-terraza-250\\\/#primaryimage\"},\"image\":{\"@id\":\"https:\\\/\\\/awero.ee\\\/es\\\/toode\\\/banera-de-terraza-250\\\/#primaryimage\"},\"thumbnailUrl\":\"https:\\\/\\\/awero.ee\\\/wp-content\\\/uploads\\\/2025\\\/04\\\/3f-scaled.jpg\",\"datePublished\":\"2025-04-25T05:48:37+00:00\",\"dateModified\":\"2026-05-07T18:08:39+00:00\",\"breadcrumb\":{\"@id\":\"https:\\\/\\\/awero.ee\\\/es\\\/toode\\\/banera-de-terraza-250\\\/#breadcrumb\"},\"inLanguage\":\"es\",\"potentialAction\":[{\"@type\":\"ReadAction\",\"target\":[\"https:\\\/\\\/awero.ee\\\/es\\\/toode\\\/banera-de-terraza-250\\\/\"]}]},{\"@type\":\"ImageObject\",\"inLanguage\":\"es\",\"@id\":\"https:\\\/\\\/awero.ee\\\/es\\\/toode\\\/banera-de-terraza-250\\\/#primaryimage\",\"url\":\"https:\\\/\\\/awero.ee\\\/wp-content\\\/uploads\\\/2025\\\/04\\\/3f-scaled.jpg\",\"contentUrl\":\"https:\\\/\\\/awero.ee\\\/wp-content\\\/uploads\\\/2025\\\/04\\\/3f-scaled.jpg\",\"width\":2560,\"height\":1600},{\"@type\":\"BreadcrumbList\",\"@id\":\"https:\\\/\\\/awero.ee\\\/es\\\/toode\\\/banera-de-terraza-250\\\/#breadcrumb\",\"itemListElement\":[{\"@type\":\"ListItem\",\"position\":1,\"name\":\"Home\",\"item\":\"https:\\\/\\\/awero.ee\\\/es\\\/pagina-de-inicio\\\/\"},{\"@type\":\"ListItem\",\"position\":2,\"name\":\"Pood\",\"item\":\"https:\\\/\\\/awero.ee\\\/pood\\\/\"},{\"@type\":\"ListItem\",\"position\":3,\"name\":\"Ba\u00f1era de terraza 250\"}]},{\"@type\":\"WebSite\",\"@id\":\"https:\\\/\\\/awero.ee\\\/es\\\/#website\",\"url\":\"https:\\\/\\\/awero.ee\\\/es\\\/\",\"name\":\"Awero - S\u00fcdamega L\u00f5una Eestist\",\"description\":\"\",\"publisher\":{\"@id\":\"https:\\\/\\\/awero.ee\\\/es\\\/#organization\"},\"potentialAction\":[{\"@type\":\"SearchAction\",\"target\":{\"@type\":\"EntryPoint\",\"urlTemplate\":\"https:\\\/\\\/awero.ee\\\/es\\\/?s={search_term_string}\"},\"query-input\":{\"@type\":\"PropertyValueSpecification\",\"valueRequired\":true,\"valueName\":\"search_term_string\"}}],\"inLanguage\":\"es\"},{\"@type\":\"Organization\",\"@id\":\"https:\\\/\\\/awero.ee\\\/es\\\/#organization\",\"name\":\"Awero - S\u00fcdamega L\u00f5una Eestist\",\"url\":\"https:\\\/\\\/awero.ee\\\/es\\\/\",\"logo\":{\"@type\":\"ImageObject\",\"inLanguage\":\"es\",\"@id\":\"https:\\\/\\\/awero.ee\\\/es\\\/#\\\/schema\\\/logo\\\/image\\\/\",\"url\":\"https:\\\/\\\/awero.ee\\\/wp-content\\\/uploads\\\/2024\\\/07\\\/aweroplaceholder.jpg\",\"contentUrl\":\"https:\\\/\\\/awero.ee\\\/wp-content\\\/uploads\\\/2024\\\/07\\\/aweroplaceholder.jpg\",\"width\":1250,\"height\":834,\"caption\":\"Awero - S\u00fcdamega L\u00f5una Eestist\"},\"image\":{\"@id\":\"https:\\\/\\\/awero.ee\\\/es\\\/#\\\/schema\\\/logo\\\/image\\\/\"}}]}<\/script>\n<!-- \/ Yoast SEO plugin. -->","yoast_head_json":{"title":"Ba\u00f1era de terraza 250 - Awero - S\u00fcdamega L\u00f5una-Eestist","robots":{"index":"index","follow":"follow","max-snippet":"max-snippet:-1","max-image-preview":"max-image-preview:large","max-video-preview":"max-video-preview:-1"},"canonical":"https:\/\/awero.ee\/es\/toode\/banera-de-terraza-250\/","og_locale":"es_ES","og_type":"article","og_title":"Ba\u00f1era de terraza 250 - Awero - S\u00fcdamega L\u00f5una-Eestist","og_description":"Imagina un momento en el que las preocupaciones del d\u00eda se desvanecen poco a poco... El agua caliente acaricia tu cuerpo, una suave luz te invita a relajarte y todo lo dem\u00e1s parece quedar en pausa. La ba\u00f1era de terraza 250 de Awero est\u00e1 dise\u00f1ada para llevar la tranquilidad y la sofisticaci\u00f3n directamente a tu hogar, ya sea en el centro de una ciudad o en una tranquila zona rural. El precio incluye: interior de fibra de vidrio, tapa t\u00e9rmica, aislamiento con espuma de poliuretano (PUR).","og_url":"https:\/\/awero.ee\/es\/toode\/banera-de-terraza-250\/","og_site_name":"Awero - S\u00fcdamega L\u00f5una-Eestist","article_modified_time":"2026-05-07T18:08:39+00:00","og_image":[{"width":2560,"height":1600,"url":"https:\/\/awero.ee\/wp-content\/uploads\/2025\/04\/3f-scaled.jpg","type":"image\/jpeg"}],"twitter_card":"summary_large_image","twitter_misc":{"Tiempo de lectura":"1 minuto"},"schema":{"@context":"https:\/\/schema.org","@graph":[{"@type":"WebPage","@id":"https:\/\/awero.ee\/es\/toode\/banera-de-terraza-250\/","url":"https:\/\/awero.ee\/es\/toode\/banera-de-terraza-250\/","name":"Ba\u00f1era de terraza 250 - Awero - S\u00fcdamega L\u00f5una-Eestist","isPartOf":{"@id":"https:\/\/awero.ee\/es\/#website"},"primaryImageOfPage":{"@id":"https:\/\/awero.ee\/es\/toode\/banera-de-terraza-250\/#primaryimage"},"image":{"@id":"https:\/\/awero.ee\/es\/toode\/banera-de-terraza-250\/#primaryimage"},"thumbnailUrl":"https:\/\/awero.ee\/wp-content\/uploads\/2025\/04\/3f-scaled.jpg","datePublished":"2025-04-25T05:48:37+00:00","dateModified":"2026-05-07T18:08:39+00:00","breadcrumb":{"@id":"https:\/\/awero.ee\/es\/toode\/banera-de-terraza-250\/#breadcrumb"},"inLanguage":"es","potentialAction":[{"@type":"ReadAction","target":["https:\/\/awero.ee\/es\/toode\/banera-de-terraza-250\/"]}]},{"@type":"ImageObject","inLanguage":"es","@id":"https:\/\/awero.ee\/es\/toode\/banera-de-terraza-250\/#primaryimage","url":"https:\/\/awero.ee\/wp-content\/uploads\/2025\/04\/3f-scaled.jpg","contentUrl":"https:\/\/awero.ee\/wp-content\/uploads\/2025\/04\/3f-scaled.jpg","width":2560,"height":1600},{"@type":"BreadcrumbList","@id":"https:\/\/awero.ee\/es\/toode\/banera-de-terraza-250\/#breadcrumb","itemListElement":[{"@type":"ListItem","position":1,"name":"Home","item":"https:\/\/awero.ee\/es\/pagina-de-inicio\/"},{"@type":"ListItem","position":2,"name":"Pood","item":"https:\/\/awero.ee\/pood\/"},{"@type":"ListItem","position":3,"name":"Ba\u00f1era de terraza 250"}]},{"@type":"WebSite","@id":"https:\/\/awero.ee\/es\/#website","url":"https:\/\/awero.ee\/es\/","name":"Awero - S\u00fcdamega L\u00f5una Eestist","description":"","publisher":{"@id":"https:\/\/awero.ee\/es\/#organization"},"potentialAction":[{"@type":"SearchAction","target":{"@type":"EntryPoint","urlTemplate":"https:\/\/awero.ee\/es\/?s={search_term_string}"},"query-input":{"@type":"PropertyValueSpecification","valueRequired":true,"valueName":"search_term_string"}}],"inLanguage":"es"},{"@type":"Organization","@id":"https:\/\/awero.ee\/es\/#organization","name":"Awero - S\u00fcdamega L\u00f5una Eestist","url":"https:\/\/awero.ee\/es\/","logo":{"@type":"ImageObject","inLanguage":"es","@id":"https:\/\/awero.ee\/es\/#\/schema\/logo\/image\/","url":"https:\/\/awero.ee\/wp-content\/uploads\/2024\/07\/aweroplaceholder.jpg","contentUrl":"https:\/\/awero.ee\/wp-content\/uploads\/2024\/07\/aweroplaceholder.jpg","width":1250,"height":834,"caption":"Awero - S\u00fcdamega L\u00f5una Eestist"},"image":{"@id":"https:\/\/awero.ee\/es\/#\/schema\/logo\/image\/"}}]}},"_links":{"self":[{"href":"https:\/\/awero.ee\/es\/wp-json\/wp\/v2\/product\/10330","targetHints":{"allow":["GET"]}}],"collection":[{"href":"https:\/\/awero.ee\/es\/wp-json\/wp\/v2\/product"}],"about":[{"href":"https:\/\/awero.ee\/es\/wp-json\/wp\/v2\/types\/product"}],"wp:featuredmedia":[{"embeddable":true,"href":"https:\/\/awero.ee\/es\/wp-json\/wp\/v2\/media\/9692"}],"wp:attachment":[{"href":"https:\/\/awero.ee\/es\/wp-json\/wp\/v2\/media?parent=10330"}],"wp:term":[{"taxonomy":"product_brand","embeddable":true,"href":"https:\/\/awero.ee\/es\/wp-json\/wp\/v2\/product_brand?post=10330"},{"taxonomy":"product_cat","embeddable":true,"href":"https:\/\/awero.ee\/es\/wp-json\/wp\/v2\/product_cat?post=10330"},{"taxonomy":"product_tag","embeddable":true,"href":"https:\/\/awero.ee\/es\/wp-json\/wp\/v2\/product_tag?post=10330"}],"curies":[{"name":"wp","href":"https:\/\/api.w.org\/{rel}","templated":true}]}}