{"id":10328,"date":"2025-04-17T09:02:58","date_gmt":"2025-04-17T09:02:58","guid":{"rendered":"https:\/\/awero.ee\/toode\/calentador-electrico-de-3-kw\/"},"modified":"2026-04-01T12:31:47","modified_gmt":"2026-04-01T12:31:47","slug":"calentador-electrico-de-3-kw","status":"publish","type":"product","link":"https:\/\/awero.ee\/es\/toode\/calentador-electrico-de-3-kw\/","title":{"rendered":"Calentador el\u00e9ctrico de 3 kW"},"content":{"rendered":"","protected":false},"excerpt":{"rendered":"<p>El calentador el\u00e9ctrico se instala junto con un sistema de filtrado que debe adquirirse por separado. El calentador el\u00e9ctrico puede utilizarse como complemento de una estufa de le\u00f1a (para mantener la temperatura deseada del agua) o como \u00fanica opci\u00f3n de calefacci\u00f3n.<\/p>\n<p>&nbsp;<\/p>\n","protected":false},"featured_media":9389,"template":"","meta":{"_acf_changed":false},"product_brand":[],"product_cat":[1334],"product_tag":[],"class_list":{"0":"post-10328","1":"product","2":"type-product","3":"status-publish","4":"has-post-thumbnail","6":"product_cat-accesorios","8":"first","9":"instock","10":"shipping-taxable","11":"product-type-simple"},"acf":[],"yoast_head":"<!-- This site is optimized with the Yoast SEO plugin v27.5 - https:\/\/yoast.com\/product\/yoast-seo-wordpress\/ -->\n<title>Calentador el\u00e9ctrico de 3 kW - Awero - S\u00fcdamega L\u00f5una-Eestist<\/title>\n<meta name=\"robots\" content=\"index, follow, max-snippet:-1, max-image-preview:large, max-video-preview:-1\" \/>\n<link rel=\"canonical\" href=\"https:\/\/awero.ee\/es\/toode\/calentador-electrico-de-3-kw\/\" \/>\n<meta property=\"og:locale\" content=\"es_ES\" \/>\n<meta property=\"og:type\" content=\"article\" \/>\n<meta property=\"og:title\" content=\"Calentador el\u00e9ctrico de 3 kW - Awero - S\u00fcdamega L\u00f5una-Eestist\" \/>\n<meta property=\"og:description\" content=\"El calentador el\u00e9ctrico se instala junto con un sistema de filtrado que debe adquirirse por separado. El calentador el\u00e9ctrico puede utilizarse como complemento de una estufa de le\u00f1a (para mantener la temperatura deseada del agua) o como \u00fanica opci\u00f3n de calefacci\u00f3n. &nbsp;\" \/>\n<meta property=\"og:url\" content=\"https:\/\/awero.ee\/es\/toode\/calentador-electrico-de-3-kw\/\" \/>\n<meta property=\"og:site_name\" content=\"Awero - S\u00fcdamega L\u00f5una-Eestist\" \/>\n<meta property=\"article:modified_time\" content=\"2026-04-01T12:31:47+00:00\" \/>\n<meta property=\"og:image\" content=\"https:\/\/awero.ee\/wp-content\/uploads\/2025\/04\/3kwkuttekeha.jpeg\" \/>\n\t<meta property=\"og:image:width\" content=\"876\" \/>\n\t<meta property=\"og:image:height\" content=\"545\" \/>\n\t<meta property=\"og:image:type\" content=\"image\/jpeg\" \/>\n<meta name=\"twitter:card\" content=\"summary_large_image\" \/>\n<script type=\"application\/ld+json\" class=\"yoast-schema-graph\">{\"@context\":\"https:\\\/\\\/schema.org\",\"@graph\":[{\"@type\":\"WebPage\",\"@id\":\"https:\\\/\\\/awero.ee\\\/es\\\/toode\\\/calentador-electrico-de-3-kw\\\/\",\"url\":\"https:\\\/\\\/awero.ee\\\/es\\\/toode\\\/calentador-electrico-de-3-kw\\\/\",\"name\":\"Calentador el\u00e9ctrico de 3 kW - Awero - S\u00fcdamega L\u00f5una-Eestist\",\"isPartOf\":{\"@id\":\"https:\\\/\\\/awero.ee\\\/es\\\/#website\"},\"primaryImageOfPage\":{\"@id\":\"https:\\\/\\\/awero.ee\\\/es\\\/toode\\\/calentador-electrico-de-3-kw\\\/#primaryimage\"},\"image\":{\"@id\":\"https:\\\/\\\/awero.ee\\\/es\\\/toode\\\/calentador-electrico-de-3-kw\\\/#primaryimage\"},\"thumbnailUrl\":\"https:\\\/\\\/awero.ee\\\/wp-content\\\/uploads\\\/2025\\\/04\\\/3kwkuttekeha.jpeg\",\"datePublished\":\"2025-04-17T09:02:58+00:00\",\"dateModified\":\"2026-04-01T12:31:47+00:00\",\"breadcrumb\":{\"@id\":\"https:\\\/\\\/awero.ee\\\/es\\\/toode\\\/calentador-electrico-de-3-kw\\\/#breadcrumb\"},\"inLanguage\":\"es\",\"potentialAction\":[{\"@type\":\"ReadAction\",\"target\":[\"https:\\\/\\\/awero.ee\\\/es\\\/toode\\\/calentador-electrico-de-3-kw\\\/\"]}]},{\"@type\":\"ImageObject\",\"inLanguage\":\"es\",\"@id\":\"https:\\\/\\\/awero.ee\\\/es\\\/toode\\\/calentador-electrico-de-3-kw\\\/#primaryimage\",\"url\":\"https:\\\/\\\/awero.ee\\\/wp-content\\\/uploads\\\/2025\\\/04\\\/3kwkuttekeha.jpeg\",\"contentUrl\":\"https:\\\/\\\/awero.ee\\\/wp-content\\\/uploads\\\/2025\\\/04\\\/3kwkuttekeha.jpeg\",\"width\":876,\"height\":545},{\"@type\":\"BreadcrumbList\",\"@id\":\"https:\\\/\\\/awero.ee\\\/es\\\/toode\\\/calentador-electrico-de-3-kw\\\/#breadcrumb\",\"itemListElement\":[{\"@type\":\"ListItem\",\"position\":1,\"name\":\"Home\",\"item\":\"https:\\\/\\\/awero.ee\\\/es\\\/pagina-de-inicio\\\/\"},{\"@type\":\"ListItem\",\"position\":2,\"name\":\"Pood\",\"item\":\"https:\\\/\\\/awero.ee\\\/pood\\\/\"},{\"@type\":\"ListItem\",\"position\":3,\"name\":\"Calentador el\u00e9ctrico de 3 kW\"}]},{\"@type\":\"WebSite\",\"@id\":\"https:\\\/\\\/awero.ee\\\/es\\\/#website\",\"url\":\"https:\\\/\\\/awero.ee\\\/es\\\/\",\"name\":\"Awero - S\u00fcdamega L\u00f5una Eestist\",\"description\":\"\",\"publisher\":{\"@id\":\"https:\\\/\\\/awero.ee\\\/es\\\/#organization\"},\"potentialAction\":[{\"@type\":\"SearchAction\",\"target\":{\"@type\":\"EntryPoint\",\"urlTemplate\":\"https:\\\/\\\/awero.ee\\\/es\\\/?s={search_term_string}\"},\"query-input\":{\"@type\":\"PropertyValueSpecification\",\"valueRequired\":true,\"valueName\":\"search_term_string\"}}],\"inLanguage\":\"es\"},{\"@type\":\"Organization\",\"@id\":\"https:\\\/\\\/awero.ee\\\/es\\\/#organization\",\"name\":\"Awero - S\u00fcdamega L\u00f5una Eestist\",\"url\":\"https:\\\/\\\/awero.ee\\\/es\\\/\",\"logo\":{\"@type\":\"ImageObject\",\"inLanguage\":\"es\",\"@id\":\"https:\\\/\\\/awero.ee\\\/es\\\/#\\\/schema\\\/logo\\\/image\\\/\",\"url\":\"https:\\\/\\\/awero.ee\\\/wp-content\\\/uploads\\\/2024\\\/07\\\/aweroplaceholder.jpg\",\"contentUrl\":\"https:\\\/\\\/awero.ee\\\/wp-content\\\/uploads\\\/2024\\\/07\\\/aweroplaceholder.jpg\",\"width\":1250,\"height\":834,\"caption\":\"Awero - S\u00fcdamega L\u00f5una Eestist\"},\"image\":{\"@id\":\"https:\\\/\\\/awero.ee\\\/es\\\/#\\\/schema\\\/logo\\\/image\\\/\"}}]}<\/script>\n<!-- \/ Yoast SEO plugin. -->","yoast_head_json":{"title":"Calentador el\u00e9ctrico de 3 kW - Awero - S\u00fcdamega L\u00f5una-Eestist","robots":{"index":"index","follow":"follow","max-snippet":"max-snippet:-1","max-image-preview":"max-image-preview:large","max-video-preview":"max-video-preview:-1"},"canonical":"https:\/\/awero.ee\/es\/toode\/calentador-electrico-de-3-kw\/","og_locale":"es_ES","og_type":"article","og_title":"Calentador el\u00e9ctrico de 3 kW - Awero - S\u00fcdamega L\u00f5una-Eestist","og_description":"El calentador el\u00e9ctrico se instala junto con un sistema de filtrado que debe adquirirse por separado. El calentador el\u00e9ctrico puede utilizarse como complemento de una estufa de le\u00f1a (para mantener la temperatura deseada del agua) o como \u00fanica opci\u00f3n de calefacci\u00f3n. &nbsp;","og_url":"https:\/\/awero.ee\/es\/toode\/calentador-electrico-de-3-kw\/","og_site_name":"Awero - S\u00fcdamega L\u00f5una-Eestist","article_modified_time":"2026-04-01T12:31:47+00:00","og_image":[{"width":876,"height":545,"url":"https:\/\/awero.ee\/wp-content\/uploads\/2025\/04\/3kwkuttekeha.jpeg","type":"image\/jpeg"}],"twitter_card":"summary_large_image","schema":{"@context":"https:\/\/schema.org","@graph":[{"@type":"WebPage","@id":"https:\/\/awero.ee\/es\/toode\/calentador-electrico-de-3-kw\/","url":"https:\/\/awero.ee\/es\/toode\/calentador-electrico-de-3-kw\/","name":"Calentador el\u00e9ctrico de 3 kW - Awero - S\u00fcdamega L\u00f5una-Eestist","isPartOf":{"@id":"https:\/\/awero.ee\/es\/#website"},"primaryImageOfPage":{"@id":"https:\/\/awero.ee\/es\/toode\/calentador-electrico-de-3-kw\/#primaryimage"},"image":{"@id":"https:\/\/awero.ee\/es\/toode\/calentador-electrico-de-3-kw\/#primaryimage"},"thumbnailUrl":"https:\/\/awero.ee\/wp-content\/uploads\/2025\/04\/3kwkuttekeha.jpeg","datePublished":"2025-04-17T09:02:58+00:00","dateModified":"2026-04-01T12:31:47+00:00","breadcrumb":{"@id":"https:\/\/awero.ee\/es\/toode\/calentador-electrico-de-3-kw\/#breadcrumb"},"inLanguage":"es","potentialAction":[{"@type":"ReadAction","target":["https:\/\/awero.ee\/es\/toode\/calentador-electrico-de-3-kw\/"]}]},{"@type":"ImageObject","inLanguage":"es","@id":"https:\/\/awero.ee\/es\/toode\/calentador-electrico-de-3-kw\/#primaryimage","url":"https:\/\/awero.ee\/wp-content\/uploads\/2025\/04\/3kwkuttekeha.jpeg","contentUrl":"https:\/\/awero.ee\/wp-content\/uploads\/2025\/04\/3kwkuttekeha.jpeg","width":876,"height":545},{"@type":"BreadcrumbList","@id":"https:\/\/awero.ee\/es\/toode\/calentador-electrico-de-3-kw\/#breadcrumb","itemListElement":[{"@type":"ListItem","position":1,"name":"Home","item":"https:\/\/awero.ee\/es\/pagina-de-inicio\/"},{"@type":"ListItem","position":2,"name":"Pood","item":"https:\/\/awero.ee\/pood\/"},{"@type":"ListItem","position":3,"name":"Calentador el\u00e9ctrico de 3 kW"}]},{"@type":"WebSite","@id":"https:\/\/awero.ee\/es\/#website","url":"https:\/\/awero.ee\/es\/","name":"Awero - S\u00fcdamega L\u00f5una Eestist","description":"","publisher":{"@id":"https:\/\/awero.ee\/es\/#organization"},"potentialAction":[{"@type":"SearchAction","target":{"@type":"EntryPoint","urlTemplate":"https:\/\/awero.ee\/es\/?s={search_term_string}"},"query-input":{"@type":"PropertyValueSpecification","valueRequired":true,"valueName":"search_term_string"}}],"inLanguage":"es"},{"@type":"Organization","@id":"https:\/\/awero.ee\/es\/#organization","name":"Awero - S\u00fcdamega L\u00f5una Eestist","url":"https:\/\/awero.ee\/es\/","logo":{"@type":"ImageObject","inLanguage":"es","@id":"https:\/\/awero.ee\/es\/#\/schema\/logo\/image\/","url":"https:\/\/awero.ee\/wp-content\/uploads\/2024\/07\/aweroplaceholder.jpg","contentUrl":"https:\/\/awero.ee\/wp-content\/uploads\/2024\/07\/aweroplaceholder.jpg","width":1250,"height":834,"caption":"Awero - S\u00fcdamega L\u00f5una Eestist"},"image":{"@id":"https:\/\/awero.ee\/es\/#\/schema\/logo\/image\/"}}]}},"_links":{"self":[{"href":"https:\/\/awero.ee\/es\/wp-json\/wp\/v2\/product\/10328","targetHints":{"allow":["GET"]}}],"collection":[{"href":"https:\/\/awero.ee\/es\/wp-json\/wp\/v2\/product"}],"about":[{"href":"https:\/\/awero.ee\/es\/wp-json\/wp\/v2\/types\/product"}],"wp:featuredmedia":[{"embeddable":true,"href":"https:\/\/awero.ee\/es\/wp-json\/wp\/v2\/media\/9389"}],"wp:attachment":[{"href":"https:\/\/awero.ee\/es\/wp-json\/wp\/v2\/media?parent=10328"}],"wp:term":[{"taxonomy":"product_brand","embeddable":true,"href":"https:\/\/awero.ee\/es\/wp-json\/wp\/v2\/product_brand?post=10328"},{"taxonomy":"product_cat","embeddable":true,"href":"https:\/\/awero.ee\/es\/wp-json\/wp\/v2\/product_cat?post=10328"},{"taxonomy":"product_tag","embeddable":true,"href":"https:\/\/awero.ee\/es\/wp-json\/wp\/v2\/product_tag?post=10328"}],"curies":[{"name":"wp","href":"https:\/\/api.w.org\/{rel}","templated":true}]}}