{"id":10296,"date":"2025-04-10T10:34:47","date_gmt":"2025-04-10T10:34:47","guid":{"rendered":"https:\/\/awero.ee\/toode\/nano-spa\/"},"modified":"2026-04-01T12:32:24","modified_gmt":"2026-04-01T12:32:24","slug":"nano-spa","status":"publish","type":"product","link":"https:\/\/awero.ee\/es\/toode\/nano-spa\/","title":{"rendered":"Nano Spa"},"content":{"rendered":"<div class=\"container single-product-description-text\">\n<p>Esta ba\u00f1era n\u00f3rdica se caracteriza por su<strong> ergon\u00f3mico <\/strong>y f\u00e1cil de mantener interior<strong> de fibra de vidrio<\/strong>, su lujoso revestimiento de madera termotratada y su calentador el\u00e9ctrico. La ba\u00f1era est\u00e1 disponible con estufas el\u00e9ctricas de diferente potencia: 3 kW o 6 kW. La ba\u00f1era n\u00f3rdica con estufa el\u00e9ctrica incluye un sistema de filtrado que mantiene el agua limpia y en constante movimiento. La estufa el\u00e9ctrica permite calentar el agua de la ba\u00f1era de forma c\u00f3moda y sencilla, para poder disfrutar de la armon\u00eda y de los agradables momentos de relax que ofrece.   <\/p>\n<p><strong>El kit incluye:<\/strong><\/p>\n<ul>\n<li>calentador el\u00e9ctrico integrado (3 kW o 6 kW)<\/li>\n<li>panel de control de estufa<\/li>\n<li>sistema de filtrado con bolas filtrantes<\/li>\n<li>cubierta exterior de madera termotratada (tratada con protector para madera)<\/li>\n<li>escalera semicircular de dos escalones<\/li>\n<li>interior <strong>ergon\u00f3mico de fibra de vidrio <\/strong>(colores disponibles: gris, azul, negro, blanco).<\/li>\n<\/ul>\n<p>Adem\u00e1s, la ba\u00f1era puede equiparse con una amplia gama de <strong><a href=\"https:\/\/awero.ee\/es\/categoria-de-producto\/accesorios\/\">accesorios opcionales<\/a><\/strong>: iluminaci\u00f3n LED (RGB), sistema de burbujas, term\u00f3metro digital para ba\u00f1era, equipo de sonido, portavasos, tapa t\u00e9rmica aislante y base de hormig\u00f3n para ba\u00f1era n\u00f3rdica.<\/p>\n<\/div>\n","protected":false},"excerpt":{"rendered":"<p>Esta ba\u00f1era n\u00f3rdica <strong>con calentador el\u00e9ctrico<\/strong> es un spa dom\u00e9stico de alta calidad, con un acabado cuidado hasta el \u00faltimo detalle, dise\u00f1ado para ser utilizado durante todo el a\u00f1o y f\u00e1cil de mantener. Opcionalmente, la ba\u00f1era puede equiparse con accesorios que aportan mayor comodidad y elegancia. El kit de ba\u00f1era n\u00f3rdica con calentador el\u00e9ctrico tambi\u00e9n incluye un sistema de filtrado con bolas filtrantes.  <\/p>\n","protected":false},"featured_media":13317,"template":"","meta":{"_acf_changed":false},"product_brand":[],"product_cat":[1326,1325],"product_tag":[],"class_list":{"0":"post-10296","1":"product","2":"type-product","3":"status-publish","4":"has-post-thumbnail","6":"product_cat-calefaccion-electrica","7":"product_cat-tinas-de-bano","9":"first","10":"instock","11":"sale","12":"shipping-taxable","13":"product-type-variable"},"acf":[],"yoast_head":"<!-- This site is optimized with the Yoast SEO plugin v27.5 - https:\/\/yoast.com\/product\/yoast-seo-wordpress\/ -->\n<title>Nano Spa - Awero - S\u00fcdamega L\u00f5una-Eestist<\/title>\n<meta name=\"robots\" content=\"index, follow, max-snippet:-1, max-image-preview:large, max-video-preview:-1\" \/>\n<link rel=\"canonical\" href=\"https:\/\/awero.ee\/es\/toode\/nano-spa\/\" \/>\n<meta property=\"og:locale\" content=\"es_ES\" \/>\n<meta property=\"og:type\" content=\"article\" \/>\n<meta property=\"og:title\" content=\"Nano Spa - Awero - S\u00fcdamega L\u00f5una-Eestist\" \/>\n<meta property=\"og:description\" content=\"Esta ba\u00f1era n\u00f3rdica con calentador el\u00e9ctrico es un spa dom\u00e9stico de alta calidad, con un acabado cuidado hasta el \u00faltimo detalle, dise\u00f1ado para ser utilizado durante todo el a\u00f1o y f\u00e1cil de mantener. Opcionalmente, la ba\u00f1era puede equiparse con accesorios que aportan mayor comodidad y elegancia. El kit de ba\u00f1era n\u00f3rdica con calentador el\u00e9ctrico tambi\u00e9n incluye un sistema de filtrado con bolas filtrantes.\" \/>\n<meta property=\"og:url\" content=\"https:\/\/awero.ee\/es\/toode\/nano-spa\/\" \/>\n<meta property=\"og:site_name\" content=\"Awero - S\u00fcdamega L\u00f5una-Eestist\" \/>\n<meta property=\"article:modified_time\" content=\"2026-04-01T12:32:24+00:00\" \/>\n<meta property=\"og:image\" content=\"https:\/\/awero.ee\/wp-content\/uploads\/2025\/04\/nanospa3.jpg\" \/>\n\t<meta property=\"og:image:width\" content=\"1920\" \/>\n\t<meta property=\"og:image:height\" content=\"1280\" \/>\n\t<meta property=\"og:image:type\" content=\"image\/jpeg\" \/>\n<meta name=\"twitter:card\" content=\"summary_large_image\" \/>\n<meta name=\"twitter:label1\" content=\"Tiempo de lectura\" \/>\n\t<meta name=\"twitter:data1\" content=\"1 minuto\" \/>\n<script type=\"application\/ld+json\" class=\"yoast-schema-graph\">{\"@context\":\"https:\\\/\\\/schema.org\",\"@graph\":[{\"@type\":\"WebPage\",\"@id\":\"https:\\\/\\\/awero.ee\\\/es\\\/toode\\\/nano-spa\\\/\",\"url\":\"https:\\\/\\\/awero.ee\\\/es\\\/toode\\\/nano-spa\\\/\",\"name\":\"Nano Spa - Awero - S\u00fcdamega L\u00f5una-Eestist\",\"isPartOf\":{\"@id\":\"https:\\\/\\\/awero.ee\\\/es\\\/#website\"},\"primaryImageOfPage\":{\"@id\":\"https:\\\/\\\/awero.ee\\\/es\\\/toode\\\/nano-spa\\\/#primaryimage\"},\"image\":{\"@id\":\"https:\\\/\\\/awero.ee\\\/es\\\/toode\\\/nano-spa\\\/#primaryimage\"},\"thumbnailUrl\":\"https:\\\/\\\/awero.ee\\\/wp-content\\\/uploads\\\/2025\\\/04\\\/taust-termo-hall-3-scaled.jpg\",\"datePublished\":\"2025-04-10T10:34:47+00:00\",\"dateModified\":\"2026-04-01T12:32:24+00:00\",\"breadcrumb\":{\"@id\":\"https:\\\/\\\/awero.ee\\\/es\\\/toode\\\/nano-spa\\\/#breadcrumb\"},\"inLanguage\":\"es\",\"potentialAction\":[{\"@type\":\"ReadAction\",\"target\":[\"https:\\\/\\\/awero.ee\\\/es\\\/toode\\\/nano-spa\\\/\"]}]},{\"@type\":\"ImageObject\",\"inLanguage\":\"es\",\"@id\":\"https:\\\/\\\/awero.ee\\\/es\\\/toode\\\/nano-spa\\\/#primaryimage\",\"url\":\"https:\\\/\\\/awero.ee\\\/wp-content\\\/uploads\\\/2025\\\/04\\\/taust-termo-hall-3-scaled.jpg\",\"contentUrl\":\"https:\\\/\\\/awero.ee\\\/wp-content\\\/uploads\\\/2025\\\/04\\\/taust-termo-hall-3-scaled.jpg\",\"width\":2560,\"height\":2134},{\"@type\":\"BreadcrumbList\",\"@id\":\"https:\\\/\\\/awero.ee\\\/es\\\/toode\\\/nano-spa\\\/#breadcrumb\",\"itemListElement\":[{\"@type\":\"ListItem\",\"position\":1,\"name\":\"Home\",\"item\":\"https:\\\/\\\/awero.ee\\\/es\\\/pagina-de-inicio\\\/\"},{\"@type\":\"ListItem\",\"position\":2,\"name\":\"Pood\",\"item\":\"https:\\\/\\\/awero.ee\\\/pood\\\/\"},{\"@type\":\"ListItem\",\"position\":3,\"name\":\"Nano Spa\"}]},{\"@type\":\"WebSite\",\"@id\":\"https:\\\/\\\/awero.ee\\\/es\\\/#website\",\"url\":\"https:\\\/\\\/awero.ee\\\/es\\\/\",\"name\":\"Awero - S\u00fcdamega L\u00f5una Eestist\",\"description\":\"\",\"publisher\":{\"@id\":\"https:\\\/\\\/awero.ee\\\/es\\\/#organization\"},\"potentialAction\":[{\"@type\":\"SearchAction\",\"target\":{\"@type\":\"EntryPoint\",\"urlTemplate\":\"https:\\\/\\\/awero.ee\\\/es\\\/?s={search_term_string}\"},\"query-input\":{\"@type\":\"PropertyValueSpecification\",\"valueRequired\":true,\"valueName\":\"search_term_string\"}}],\"inLanguage\":\"es\"},{\"@type\":\"Organization\",\"@id\":\"https:\\\/\\\/awero.ee\\\/es\\\/#organization\",\"name\":\"Awero - S\u00fcdamega L\u00f5una Eestist\",\"url\":\"https:\\\/\\\/awero.ee\\\/es\\\/\",\"logo\":{\"@type\":\"ImageObject\",\"inLanguage\":\"es\",\"@id\":\"https:\\\/\\\/awero.ee\\\/es\\\/#\\\/schema\\\/logo\\\/image\\\/\",\"url\":\"https:\\\/\\\/awero.ee\\\/wp-content\\\/uploads\\\/2024\\\/07\\\/aweroplaceholder.jpg\",\"contentUrl\":\"https:\\\/\\\/awero.ee\\\/wp-content\\\/uploads\\\/2024\\\/07\\\/aweroplaceholder.jpg\",\"width\":1250,\"height\":834,\"caption\":\"Awero - S\u00fcdamega L\u00f5una Eestist\"},\"image\":{\"@id\":\"https:\\\/\\\/awero.ee\\\/es\\\/#\\\/schema\\\/logo\\\/image\\\/\"}}]}<\/script>\n<!-- \/ Yoast SEO plugin. -->","yoast_head_json":{"title":"Nano Spa - Awero - S\u00fcdamega L\u00f5una-Eestist","robots":{"index":"index","follow":"follow","max-snippet":"max-snippet:-1","max-image-preview":"max-image-preview:large","max-video-preview":"max-video-preview:-1"},"canonical":"https:\/\/awero.ee\/es\/toode\/nano-spa\/","og_locale":"es_ES","og_type":"article","og_title":"Nano Spa - Awero - S\u00fcdamega L\u00f5una-Eestist","og_description":"Esta ba\u00f1era n\u00f3rdica con calentador el\u00e9ctrico es un spa dom\u00e9stico de alta calidad, con un acabado cuidado hasta el \u00faltimo detalle, dise\u00f1ado para ser utilizado durante todo el a\u00f1o y f\u00e1cil de mantener. Opcionalmente, la ba\u00f1era puede equiparse con accesorios que aportan mayor comodidad y elegancia. El kit de ba\u00f1era n\u00f3rdica con calentador el\u00e9ctrico tambi\u00e9n incluye un sistema de filtrado con bolas filtrantes.","og_url":"https:\/\/awero.ee\/es\/toode\/nano-spa\/","og_site_name":"Awero - S\u00fcdamega L\u00f5una-Eestist","article_modified_time":"2026-04-01T12:32:24+00:00","og_image":[{"width":1920,"height":1280,"url":"https:\/\/awero.ee\/wp-content\/uploads\/2025\/04\/nanospa3.jpg","type":"image\/jpeg"}],"twitter_card":"summary_large_image","twitter_misc":{"Tiempo de lectura":"1 minuto"},"schema":{"@context":"https:\/\/schema.org","@graph":[{"@type":"WebPage","@id":"https:\/\/awero.ee\/es\/toode\/nano-spa\/","url":"https:\/\/awero.ee\/es\/toode\/nano-spa\/","name":"Nano Spa - Awero - S\u00fcdamega L\u00f5una-Eestist","isPartOf":{"@id":"https:\/\/awero.ee\/es\/#website"},"primaryImageOfPage":{"@id":"https:\/\/awero.ee\/es\/toode\/nano-spa\/#primaryimage"},"image":{"@id":"https:\/\/awero.ee\/es\/toode\/nano-spa\/#primaryimage"},"thumbnailUrl":"https:\/\/awero.ee\/wp-content\/uploads\/2025\/04\/taust-termo-hall-3-scaled.jpg","datePublished":"2025-04-10T10:34:47+00:00","dateModified":"2026-04-01T12:32:24+00:00","breadcrumb":{"@id":"https:\/\/awero.ee\/es\/toode\/nano-spa\/#breadcrumb"},"inLanguage":"es","potentialAction":[{"@type":"ReadAction","target":["https:\/\/awero.ee\/es\/toode\/nano-spa\/"]}]},{"@type":"ImageObject","inLanguage":"es","@id":"https:\/\/awero.ee\/es\/toode\/nano-spa\/#primaryimage","url":"https:\/\/awero.ee\/wp-content\/uploads\/2025\/04\/taust-termo-hall-3-scaled.jpg","contentUrl":"https:\/\/awero.ee\/wp-content\/uploads\/2025\/04\/taust-termo-hall-3-scaled.jpg","width":2560,"height":2134},{"@type":"BreadcrumbList","@id":"https:\/\/awero.ee\/es\/toode\/nano-spa\/#breadcrumb","itemListElement":[{"@type":"ListItem","position":1,"name":"Home","item":"https:\/\/awero.ee\/es\/pagina-de-inicio\/"},{"@type":"ListItem","position":2,"name":"Pood","item":"https:\/\/awero.ee\/pood\/"},{"@type":"ListItem","position":3,"name":"Nano Spa"}]},{"@type":"WebSite","@id":"https:\/\/awero.ee\/es\/#website","url":"https:\/\/awero.ee\/es\/","name":"Awero - S\u00fcdamega L\u00f5una Eestist","description":"","publisher":{"@id":"https:\/\/awero.ee\/es\/#organization"},"potentialAction":[{"@type":"SearchAction","target":{"@type":"EntryPoint","urlTemplate":"https:\/\/awero.ee\/es\/?s={search_term_string}"},"query-input":{"@type":"PropertyValueSpecification","valueRequired":true,"valueName":"search_term_string"}}],"inLanguage":"es"},{"@type":"Organization","@id":"https:\/\/awero.ee\/es\/#organization","name":"Awero - S\u00fcdamega L\u00f5una Eestist","url":"https:\/\/awero.ee\/es\/","logo":{"@type":"ImageObject","inLanguage":"es","@id":"https:\/\/awero.ee\/es\/#\/schema\/logo\/image\/","url":"https:\/\/awero.ee\/wp-content\/uploads\/2024\/07\/aweroplaceholder.jpg","contentUrl":"https:\/\/awero.ee\/wp-content\/uploads\/2024\/07\/aweroplaceholder.jpg","width":1250,"height":834,"caption":"Awero - S\u00fcdamega L\u00f5una Eestist"},"image":{"@id":"https:\/\/awero.ee\/es\/#\/schema\/logo\/image\/"}}]}},"_links":{"self":[{"href":"https:\/\/awero.ee\/es\/wp-json\/wp\/v2\/product\/10296","targetHints":{"allow":["GET"]}}],"collection":[{"href":"https:\/\/awero.ee\/es\/wp-json\/wp\/v2\/product"}],"about":[{"href":"https:\/\/awero.ee\/es\/wp-json\/wp\/v2\/types\/product"}],"wp:featuredmedia":[{"embeddable":true,"href":"https:\/\/awero.ee\/es\/wp-json\/wp\/v2\/media\/13317"}],"wp:attachment":[{"href":"https:\/\/awero.ee\/es\/wp-json\/wp\/v2\/media?parent=10296"}],"wp:term":[{"taxonomy":"product_brand","embeddable":true,"href":"https:\/\/awero.ee\/es\/wp-json\/wp\/v2\/product_brand?post=10296"},{"taxonomy":"product_cat","embeddable":true,"href":"https:\/\/awero.ee\/es\/wp-json\/wp\/v2\/product_cat?post=10296"},{"taxonomy":"product_tag","embeddable":true,"href":"https:\/\/awero.ee\/es\/wp-json\/wp\/v2\/product_tag?post=10296"}],"curies":[{"name":"wp","href":"https:\/\/api.w.org\/{rel}","templated":true}]}}