{"id":10252,"date":"2025-03-10T06:43:16","date_gmt":"2025-03-10T06:43:16","guid":{"rendered":"https:\/\/awero.ee\/toode\/banera-nordica-180-con-estufa-interna-termo-pvc\/"},"modified":"2026-03-10T07:59:10","modified_gmt":"2026-03-10T07:59:10","slug":"banera-nordica-180-con-estufa-interna-termo-pvc","status":"publish","type":"product","link":"https:\/\/awero.ee\/es\/toode\/banera-nordica-180-con-estufa-interna-termo-pvc\/","title":{"rendered":"Ba\u00f1era n\u00f3rdica 180 con estufa interna termo\/pvc"},"content":{"rendered":"<p><strong>El kit incluye:<\/strong><\/p>\n<ul>\n<li>estufa interna de acero inoxidable AISI 304 (25 kW)<\/li>\n<li>chimenea de 2 m con protector de malla para tubo de chimenea y sombrerete<\/li>\n<li>atizador y pala<\/li>\n<li>escalera<\/li>\n<li><strong>cubierta exterior de madera termotratada<\/strong><\/li>\n<li><strong>interior de PVC gris.<\/strong><\/li>\n<\/ul>\n<p>&nbsp;<\/p>\n<p>Adem\u00e1s, la ba\u00f1era puede equiparse con una amplia gama de<a href=\"https:\/\/awero.ee\/es\/categoria-de-producto\/accesorios\/\"> accesorios opcionales:<\/a> portavasos, sistema de filtrado, tapa de PVC, tapa de madera y base de hormig\u00f3n para ba\u00f1era n\u00f3rdica.<\/p>\n","protected":false},"excerpt":{"rendered":"<p>: Ba\u00f1era n\u00f3rdica de madera termotratada con interior de PVC y calentador interno incluidos.<br \/>\nLa cubierta exterior de madera termotratada y el interior de PVC de la ba\u00f1era n\u00f3rdica garantizan una vida \u00fatil m\u00e1s larga y una mayor facilidad de uso, al tiempo que evitan las fugas de agua.<\/p>\n","protected":false},"featured_media":9245,"template":"","meta":{"_acf_changed":false},"product_brand":[],"product_cat":[1336,1325,1330],"product_tag":[],"class_list":{"0":"post-10252","1":"product","2":"type-product","3":"status-publish","4":"has-post-thumbnail","6":"product_cat-oferta","7":"product_cat-tinas-de-bano","8":"product_cat-con-estufa-interna","10":"first","11":"instock","12":"sale","13":"shipping-taxable","14":"product-type-variable"},"acf":[],"yoast_head":"<!-- This site is optimized with the Yoast SEO plugin v26.8 - https:\/\/yoast.com\/product\/yoast-seo-wordpress\/ -->\n<title>Ba\u00f1era n\u00f3rdica 180 con estufa interna termo\/pvc - Awero - S\u00fcdamega L\u00f5una-Eestist<\/title>\n<meta name=\"robots\" content=\"index, follow, max-snippet:-1, max-image-preview:large, max-video-preview:-1\" \/>\n<link rel=\"canonical\" href=\"https:\/\/awero.ee\/es\/toode\/banera-nordica-180-con-estufa-interna-termo-pvc\/\" \/>\n<meta property=\"og:locale\" content=\"es_ES\" \/>\n<meta property=\"og:type\" content=\"article\" \/>\n<meta property=\"og:title\" content=\"Ba\u00f1era n\u00f3rdica 180 con estufa interna termo\/pvc - Awero - S\u00fcdamega L\u00f5una-Eestist\" \/>\n<meta property=\"og:description\" content=\": Ba\u00f1era n\u00f3rdica de madera termotratada con interior de PVC y calentador interno incluidos. La cubierta exterior de madera termotratada y el interior de PVC de la ba\u00f1era n\u00f3rdica garantizan una vida \u00fatil m\u00e1s larga y una mayor facilidad de uso, al tiempo que evitan las fugas de agua.\" \/>\n<meta property=\"og:url\" content=\"https:\/\/awero.ee\/es\/toode\/banera-nordica-180-con-estufa-interna-termo-pvc\/\" \/>\n<meta property=\"og:site_name\" content=\"Awero - S\u00fcdamega L\u00f5una-Eestist\" \/>\n<meta property=\"article:modified_time\" content=\"2026-03-10T07:59:10+00:00\" \/>\n<meta property=\"og:image\" content=\"https:\/\/awero.ee\/wp-content\/uploads\/2025\/03\/Hottub_Eco_D180_siseahjuga.jpg\" \/>\n\t<meta property=\"og:image:width\" content=\"2500\" \/>\n\t<meta property=\"og:image:height\" content=\"1667\" \/>\n\t<meta property=\"og:image:type\" content=\"image\/jpeg\" \/>\n<meta name=\"twitter:card\" content=\"summary_large_image\" \/>\n<script type=\"application\/ld+json\" class=\"yoast-schema-graph\">{\"@context\":\"https:\/\/schema.org\",\"@graph\":[{\"@type\":\"WebPage\",\"@id\":\"https:\/\/awero.ee\/es\/toode\/banera-nordica-180-con-estufa-interna-termo-pvc\/\",\"url\":\"https:\/\/awero.ee\/es\/toode\/banera-nordica-180-con-estufa-interna-termo-pvc\/\",\"name\":\"Ba\u00f1era n\u00f3rdica 180 con estufa interna termo\/pvc - Awero - S\u00fcdamega L\u00f5una-Eestist\",\"isPartOf\":{\"@id\":\"https:\/\/awero.ee\/es\/#website\"},\"primaryImageOfPage\":{\"@id\":\"https:\/\/awero.ee\/es\/toode\/banera-nordica-180-con-estufa-interna-termo-pvc\/#primaryimage\"},\"image\":{\"@id\":\"https:\/\/awero.ee\/es\/toode\/banera-nordica-180-con-estufa-interna-termo-pvc\/#primaryimage\"},\"thumbnailUrl\":\"https:\/\/awero.ee\/wp-content\/uploads\/2025\/03\/Hottub_Eco_D180_siseahjuga.jpg\",\"datePublished\":\"2025-03-10T06:43:16+00:00\",\"dateModified\":\"2026-03-10T07:59:10+00:00\",\"breadcrumb\":{\"@id\":\"https:\/\/awero.ee\/es\/toode\/banera-nordica-180-con-estufa-interna-termo-pvc\/#breadcrumb\"},\"inLanguage\":\"es\",\"potentialAction\":[{\"@type\":\"ReadAction\",\"target\":[\"https:\/\/awero.ee\/es\/toode\/banera-nordica-180-con-estufa-interna-termo-pvc\/\"]}]},{\"@type\":\"ImageObject\",\"inLanguage\":\"es\",\"@id\":\"https:\/\/awero.ee\/es\/toode\/banera-nordica-180-con-estufa-interna-termo-pvc\/#primaryimage\",\"url\":\"https:\/\/awero.ee\/wp-content\/uploads\/2025\/03\/Hottub_Eco_D180_siseahjuga.jpg\",\"contentUrl\":\"https:\/\/awero.ee\/wp-content\/uploads\/2025\/03\/Hottub_Eco_D180_siseahjuga.jpg\",\"width\":2500,\"height\":1667},{\"@type\":\"BreadcrumbList\",\"@id\":\"https:\/\/awero.ee\/es\/toode\/banera-nordica-180-con-estufa-interna-termo-pvc\/#breadcrumb\",\"itemListElement\":[{\"@type\":\"ListItem\",\"position\":1,\"name\":\"Home\",\"item\":\"https:\/\/awero.ee\/es\/pagina-de-inicio\/\"},{\"@type\":\"ListItem\",\"position\":2,\"name\":\"Pood\",\"item\":\"https:\/\/awero.ee\/pood\/\"},{\"@type\":\"ListItem\",\"position\":3,\"name\":\"Ba\u00f1era n\u00f3rdica 180 con estufa interna termo\/pvc\"}]},{\"@type\":\"WebSite\",\"@id\":\"https:\/\/awero.ee\/es\/#website\",\"url\":\"https:\/\/awero.ee\/es\/\",\"name\":\"Awero - S\u00fcdamega L\u00f5una Eestist\",\"description\":\"\",\"publisher\":{\"@id\":\"https:\/\/awero.ee\/es\/#organization\"},\"potentialAction\":[{\"@type\":\"SearchAction\",\"target\":{\"@type\":\"EntryPoint\",\"urlTemplate\":\"https:\/\/awero.ee\/es\/?s={search_term_string}\"},\"query-input\":{\"@type\":\"PropertyValueSpecification\",\"valueRequired\":true,\"valueName\":\"search_term_string\"}}],\"inLanguage\":\"es\"},{\"@type\":\"Organization\",\"@id\":\"https:\/\/awero.ee\/es\/#organization\",\"name\":\"Awero - S\u00fcdamega L\u00f5una Eestist\",\"url\":\"https:\/\/awero.ee\/es\/\",\"logo\":{\"@type\":\"ImageObject\",\"inLanguage\":\"es\",\"@id\":\"https:\/\/awero.ee\/es\/#\/schema\/logo\/image\/\",\"url\":\"https:\/\/awero.ee\/wp-content\/uploads\/2024\/07\/aweroplaceholder.jpg\",\"contentUrl\":\"https:\/\/awero.ee\/wp-content\/uploads\/2024\/07\/aweroplaceholder.jpg\",\"width\":1250,\"height\":834,\"caption\":\"Awero - S\u00fcdamega L\u00f5una Eestist\"},\"image\":{\"@id\":\"https:\/\/awero.ee\/es\/#\/schema\/logo\/image\/\"}}]}<\/script>\n<!-- \/ Yoast SEO plugin. -->","yoast_head_json":{"title":"Ba\u00f1era n\u00f3rdica 180 con estufa interna termo\/pvc - Awero - S\u00fcdamega L\u00f5una-Eestist","robots":{"index":"index","follow":"follow","max-snippet":"max-snippet:-1","max-image-preview":"max-image-preview:large","max-video-preview":"max-video-preview:-1"},"canonical":"https:\/\/awero.ee\/es\/toode\/banera-nordica-180-con-estufa-interna-termo-pvc\/","og_locale":"es_ES","og_type":"article","og_title":"Ba\u00f1era n\u00f3rdica 180 con estufa interna termo\/pvc - Awero - S\u00fcdamega L\u00f5una-Eestist","og_description":": Ba\u00f1era n\u00f3rdica de madera termotratada con interior de PVC y calentador interno incluidos. La cubierta exterior de madera termotratada y el interior de PVC de la ba\u00f1era n\u00f3rdica garantizan una vida \u00fatil m\u00e1s larga y una mayor facilidad de uso, al tiempo que evitan las fugas de agua.","og_url":"https:\/\/awero.ee\/es\/toode\/banera-nordica-180-con-estufa-interna-termo-pvc\/","og_site_name":"Awero - S\u00fcdamega L\u00f5una-Eestist","article_modified_time":"2026-03-10T07:59:10+00:00","og_image":[{"width":2500,"height":1667,"url":"https:\/\/awero.ee\/wp-content\/uploads\/2025\/03\/Hottub_Eco_D180_siseahjuga.jpg","type":"image\/jpeg"}],"twitter_card":"summary_large_image","schema":{"@context":"https:\/\/schema.org","@graph":[{"@type":"WebPage","@id":"https:\/\/awero.ee\/es\/toode\/banera-nordica-180-con-estufa-interna-termo-pvc\/","url":"https:\/\/awero.ee\/es\/toode\/banera-nordica-180-con-estufa-interna-termo-pvc\/","name":"Ba\u00f1era n\u00f3rdica 180 con estufa interna termo\/pvc - Awero - S\u00fcdamega L\u00f5una-Eestist","isPartOf":{"@id":"https:\/\/awero.ee\/es\/#website"},"primaryImageOfPage":{"@id":"https:\/\/awero.ee\/es\/toode\/banera-nordica-180-con-estufa-interna-termo-pvc\/#primaryimage"},"image":{"@id":"https:\/\/awero.ee\/es\/toode\/banera-nordica-180-con-estufa-interna-termo-pvc\/#primaryimage"},"thumbnailUrl":"https:\/\/awero.ee\/wp-content\/uploads\/2025\/03\/Hottub_Eco_D180_siseahjuga.jpg","datePublished":"2025-03-10T06:43:16+00:00","dateModified":"2026-03-10T07:59:10+00:00","breadcrumb":{"@id":"https:\/\/awero.ee\/es\/toode\/banera-nordica-180-con-estufa-interna-termo-pvc\/#breadcrumb"},"inLanguage":"es","potentialAction":[{"@type":"ReadAction","target":["https:\/\/awero.ee\/es\/toode\/banera-nordica-180-con-estufa-interna-termo-pvc\/"]}]},{"@type":"ImageObject","inLanguage":"es","@id":"https:\/\/awero.ee\/es\/toode\/banera-nordica-180-con-estufa-interna-termo-pvc\/#primaryimage","url":"https:\/\/awero.ee\/wp-content\/uploads\/2025\/03\/Hottub_Eco_D180_siseahjuga.jpg","contentUrl":"https:\/\/awero.ee\/wp-content\/uploads\/2025\/03\/Hottub_Eco_D180_siseahjuga.jpg","width":2500,"height":1667},{"@type":"BreadcrumbList","@id":"https:\/\/awero.ee\/es\/toode\/banera-nordica-180-con-estufa-interna-termo-pvc\/#breadcrumb","itemListElement":[{"@type":"ListItem","position":1,"name":"Home","item":"https:\/\/awero.ee\/es\/pagina-de-inicio\/"},{"@type":"ListItem","position":2,"name":"Pood","item":"https:\/\/awero.ee\/pood\/"},{"@type":"ListItem","position":3,"name":"Ba\u00f1era n\u00f3rdica 180 con estufa interna termo\/pvc"}]},{"@type":"WebSite","@id":"https:\/\/awero.ee\/es\/#website","url":"https:\/\/awero.ee\/es\/","name":"Awero - S\u00fcdamega L\u00f5una Eestist","description":"","publisher":{"@id":"https:\/\/awero.ee\/es\/#organization"},"potentialAction":[{"@type":"SearchAction","target":{"@type":"EntryPoint","urlTemplate":"https:\/\/awero.ee\/es\/?s={search_term_string}"},"query-input":{"@type":"PropertyValueSpecification","valueRequired":true,"valueName":"search_term_string"}}],"inLanguage":"es"},{"@type":"Organization","@id":"https:\/\/awero.ee\/es\/#organization","name":"Awero - S\u00fcdamega L\u00f5una Eestist","url":"https:\/\/awero.ee\/es\/","logo":{"@type":"ImageObject","inLanguage":"es","@id":"https:\/\/awero.ee\/es\/#\/schema\/logo\/image\/","url":"https:\/\/awero.ee\/wp-content\/uploads\/2024\/07\/aweroplaceholder.jpg","contentUrl":"https:\/\/awero.ee\/wp-content\/uploads\/2024\/07\/aweroplaceholder.jpg","width":1250,"height":834,"caption":"Awero - S\u00fcdamega L\u00f5una Eestist"},"image":{"@id":"https:\/\/awero.ee\/es\/#\/schema\/logo\/image\/"}}]}},"_links":{"self":[{"href":"https:\/\/awero.ee\/es\/wp-json\/wp\/v2\/product\/10252","targetHints":{"allow":["GET"]}}],"collection":[{"href":"https:\/\/awero.ee\/es\/wp-json\/wp\/v2\/product"}],"about":[{"href":"https:\/\/awero.ee\/es\/wp-json\/wp\/v2\/types\/product"}],"wp:featuredmedia":[{"embeddable":true,"href":"https:\/\/awero.ee\/es\/wp-json\/wp\/v2\/media\/9245"}],"wp:attachment":[{"href":"https:\/\/awero.ee\/es\/wp-json\/wp\/v2\/media?parent=10252"}],"wp:term":[{"taxonomy":"product_brand","embeddable":true,"href":"https:\/\/awero.ee\/es\/wp-json\/wp\/v2\/product_brand?post=10252"},{"taxonomy":"product_cat","embeddable":true,"href":"https:\/\/awero.ee\/es\/wp-json\/wp\/v2\/product_cat?post=10252"},{"taxonomy":"product_tag","embeddable":true,"href":"https:\/\/awero.ee\/es\/wp-json\/wp\/v2\/product_tag?post=10252"}],"curies":[{"name":"wp","href":"https:\/\/api.w.org\/{rel}","templated":true}]}}