{"id":10242,"date":"2025-03-09T07:30:47","date_gmt":"2025-03-09T07:30:47","guid":{"rendered":"https:\/\/awero.ee\/toode\/banera-nordica-180-con-estufa-externa-y-acabado-en-abeto\/"},"modified":"2026-03-10T07:59:10","modified_gmt":"2026-03-10T07:59:10","slug":"banera-nordica-180-con-estufa-externa-y-acabado-en-abeto","status":"publish","type":"product","link":"https:\/\/awero.ee\/es\/toode\/banera-nordica-180-con-estufa-externa-y-acabado-en-abeto\/","title":{"rendered":"Ba\u00f1era n\u00f3rdica 180 con estufa externa y acabado en abeto"},"content":{"rendered":"<p><strong>El kit incluye:<\/strong><\/p>\n<ul>\n<li>estufa externa de acero inoxidable AISI 304 (30 kW)<\/li>\n<li>chimenea de 2 m con cubierta para tubo de chimenea y sombrerete<\/li>\n<li>escalera<\/li>\n<li>pala para remover agua.<\/li>\n<\/ul>\n<p>&nbsp;<\/p>\n<p>Adem\u00e1s, la ba\u00f1era puede equiparse con una amplia gama de<a href=\"https:\/\/awero.ee\/es\/categoria-de-producto\/accesorios\/\"> accesorios opcionales:<\/a> portavasos, sistema de filtrado, tapa de PVC, tapa de madera y base de hormig\u00f3n para ba\u00f1era n\u00f3rdica.<\/p>\n","protected":false},"excerpt":{"rendered":"<p>Una cl\u00e1sica ba\u00f1era n\u00f3rdica de madera que requiere un poco m\u00e1s de cuidados y de personalizaci\u00f3n, pero que no deja de ser una soluci\u00f3n buena y econ\u00f3mica para las personas de gustos sencillos y amantes de la madera natural.<\/p>\n<p>Durante los meses de verano, es importante no dejar la ba\u00f1era sin agua, ya que debido a las propiedades de la madera, podr\u00edan aparecer grietas. Sin embargo, volver a llenar la ba\u00f1era con agua para que la madera se vuelva impermeable es un proceso largo, por lo que, para evitarlo, se recomienda mantenerla llena con agua al menos hasta la mitad. Recomendamos cambiar el agua antes de volver a utilizar la ba\u00f1era.  <\/p>\n","protected":false},"featured_media":9244,"template":"","meta":{"_acf_changed":false},"product_brand":[],"product_cat":[1336,1325,1331],"product_tag":[],"class_list":{"0":"post-10242","1":"product","2":"type-product","3":"status-publish","4":"has-post-thumbnail","6":"product_cat-oferta","7":"product_cat-tinas-de-bano","8":"product_cat-con-estufa-externa","10":"first","11":"instock","12":"sale","13":"shipping-taxable","14":"product-type-variable"},"acf":[],"yoast_head":"<!-- This site is optimized with the Yoast SEO plugin v26.8 - https:\/\/yoast.com\/product\/yoast-seo-wordpress\/ -->\n<title>Ba\u00f1era n\u00f3rdica 180 con estufa externa y acabado en abeto - Awero - S\u00fcdamega L\u00f5una-Eestist<\/title>\n<meta name=\"robots\" content=\"index, follow, max-snippet:-1, max-image-preview:large, max-video-preview:-1\" \/>\n<link rel=\"canonical\" href=\"https:\/\/awero.ee\/es\/toode\/banera-nordica-180-con-estufa-externa-y-acabado-en-abeto\/\" \/>\n<meta property=\"og:locale\" content=\"es_ES\" \/>\n<meta property=\"og:type\" content=\"article\" \/>\n<meta property=\"og:title\" content=\"Ba\u00f1era n\u00f3rdica 180 con estufa externa y acabado en abeto - Awero - S\u00fcdamega L\u00f5una-Eestist\" \/>\n<meta property=\"og:description\" content=\"Una cl\u00e1sica ba\u00f1era n\u00f3rdica de madera que requiere un poco m\u00e1s de cuidados y de personalizaci\u00f3n, pero que no deja de ser una soluci\u00f3n buena y econ\u00f3mica para las personas de gustos sencillos y amantes de la madera natural. Durante los meses de verano, es importante no dejar la ba\u00f1era sin agua, ya que debido a las propiedades de la madera, podr\u00edan aparecer grietas. Sin embargo, volver a llenar la ba\u00f1era con agua para que la madera se vuelva impermeable es un proceso largo, por lo que, para evitarlo, se recomienda mantenerla llena con agua al menos hasta la mitad. Recomendamos cambiar el agua antes de volver a utilizar la ba\u00f1era.\" \/>\n<meta property=\"og:url\" content=\"https:\/\/awero.ee\/es\/toode\/banera-nordica-180-con-estufa-externa-y-acabado-en-abeto\/\" \/>\n<meta property=\"og:site_name\" content=\"Awero - S\u00fcdamega L\u00f5una-Eestist\" \/>\n<meta property=\"article:modified_time\" content=\"2026-03-10T07:59:10+00:00\" \/>\n<meta property=\"og:image\" content=\"https:\/\/awero.ee\/wp-content\/uploads\/2025\/03\/Hottub_Eco_D180_kuusk_external.jpg\" \/>\n\t<meta property=\"og:image:width\" content=\"2500\" \/>\n\t<meta property=\"og:image:height\" content=\"1667\" \/>\n\t<meta property=\"og:image:type\" content=\"image\/jpeg\" \/>\n<meta name=\"twitter:card\" content=\"summary_large_image\" \/>\n<script type=\"application\/ld+json\" class=\"yoast-schema-graph\">{\"@context\":\"https:\/\/schema.org\",\"@graph\":[{\"@type\":\"WebPage\",\"@id\":\"https:\/\/awero.ee\/es\/toode\/banera-nordica-180-con-estufa-externa-y-acabado-en-abeto\/\",\"url\":\"https:\/\/awero.ee\/es\/toode\/banera-nordica-180-con-estufa-externa-y-acabado-en-abeto\/\",\"name\":\"Ba\u00f1era n\u00f3rdica 180 con estufa externa y acabado en abeto - Awero - S\u00fcdamega L\u00f5una-Eestist\",\"isPartOf\":{\"@id\":\"https:\/\/awero.ee\/es\/#website\"},\"primaryImageOfPage\":{\"@id\":\"https:\/\/awero.ee\/es\/toode\/banera-nordica-180-con-estufa-externa-y-acabado-en-abeto\/#primaryimage\"},\"image\":{\"@id\":\"https:\/\/awero.ee\/es\/toode\/banera-nordica-180-con-estufa-externa-y-acabado-en-abeto\/#primaryimage\"},\"thumbnailUrl\":\"https:\/\/awero.ee\/wp-content\/uploads\/2025\/03\/Hottub_Eco_D180_kuusk_external.jpg\",\"datePublished\":\"2025-03-09T07:30:47+00:00\",\"dateModified\":\"2026-03-10T07:59:10+00:00\",\"breadcrumb\":{\"@id\":\"https:\/\/awero.ee\/es\/toode\/banera-nordica-180-con-estufa-externa-y-acabado-en-abeto\/#breadcrumb\"},\"inLanguage\":\"es\",\"potentialAction\":[{\"@type\":\"ReadAction\",\"target\":[\"https:\/\/awero.ee\/es\/toode\/banera-nordica-180-con-estufa-externa-y-acabado-en-abeto\/\"]}]},{\"@type\":\"ImageObject\",\"inLanguage\":\"es\",\"@id\":\"https:\/\/awero.ee\/es\/toode\/banera-nordica-180-con-estufa-externa-y-acabado-en-abeto\/#primaryimage\",\"url\":\"https:\/\/awero.ee\/wp-content\/uploads\/2025\/03\/Hottub_Eco_D180_kuusk_external.jpg\",\"contentUrl\":\"https:\/\/awero.ee\/wp-content\/uploads\/2025\/03\/Hottub_Eco_D180_kuusk_external.jpg\",\"width\":2500,\"height\":1667},{\"@type\":\"BreadcrumbList\",\"@id\":\"https:\/\/awero.ee\/es\/toode\/banera-nordica-180-con-estufa-externa-y-acabado-en-abeto\/#breadcrumb\",\"itemListElement\":[{\"@type\":\"ListItem\",\"position\":1,\"name\":\"Home\",\"item\":\"https:\/\/awero.ee\/es\/pagina-de-inicio\/\"},{\"@type\":\"ListItem\",\"position\":2,\"name\":\"Pood\",\"item\":\"https:\/\/awero.ee\/pood\/\"},{\"@type\":\"ListItem\",\"position\":3,\"name\":\"Ba\u00f1era n\u00f3rdica 180 con estufa externa y acabado en abeto\"}]},{\"@type\":\"WebSite\",\"@id\":\"https:\/\/awero.ee\/es\/#website\",\"url\":\"https:\/\/awero.ee\/es\/\",\"name\":\"Awero - S\u00fcdamega L\u00f5una Eestist\",\"description\":\"\",\"publisher\":{\"@id\":\"https:\/\/awero.ee\/es\/#organization\"},\"potentialAction\":[{\"@type\":\"SearchAction\",\"target\":{\"@type\":\"EntryPoint\",\"urlTemplate\":\"https:\/\/awero.ee\/es\/?s={search_term_string}\"},\"query-input\":{\"@type\":\"PropertyValueSpecification\",\"valueRequired\":true,\"valueName\":\"search_term_string\"}}],\"inLanguage\":\"es\"},{\"@type\":\"Organization\",\"@id\":\"https:\/\/awero.ee\/es\/#organization\",\"name\":\"Awero - S\u00fcdamega L\u00f5una Eestist\",\"url\":\"https:\/\/awero.ee\/es\/\",\"logo\":{\"@type\":\"ImageObject\",\"inLanguage\":\"es\",\"@id\":\"https:\/\/awero.ee\/es\/#\/schema\/logo\/image\/\",\"url\":\"https:\/\/awero.ee\/wp-content\/uploads\/2024\/07\/aweroplaceholder.jpg\",\"contentUrl\":\"https:\/\/awero.ee\/wp-content\/uploads\/2024\/07\/aweroplaceholder.jpg\",\"width\":1250,\"height\":834,\"caption\":\"Awero - S\u00fcdamega L\u00f5una Eestist\"},\"image\":{\"@id\":\"https:\/\/awero.ee\/es\/#\/schema\/logo\/image\/\"}}]}<\/script>\n<!-- \/ Yoast SEO plugin. -->","yoast_head_json":{"title":"Ba\u00f1era n\u00f3rdica 180 con estufa externa y acabado en abeto - Awero - S\u00fcdamega L\u00f5una-Eestist","robots":{"index":"index","follow":"follow","max-snippet":"max-snippet:-1","max-image-preview":"max-image-preview:large","max-video-preview":"max-video-preview:-1"},"canonical":"https:\/\/awero.ee\/es\/toode\/banera-nordica-180-con-estufa-externa-y-acabado-en-abeto\/","og_locale":"es_ES","og_type":"article","og_title":"Ba\u00f1era n\u00f3rdica 180 con estufa externa y acabado en abeto - Awero - S\u00fcdamega L\u00f5una-Eestist","og_description":"Una cl\u00e1sica ba\u00f1era n\u00f3rdica de madera que requiere un poco m\u00e1s de cuidados y de personalizaci\u00f3n, pero que no deja de ser una soluci\u00f3n buena y econ\u00f3mica para las personas de gustos sencillos y amantes de la madera natural. Durante los meses de verano, es importante no dejar la ba\u00f1era sin agua, ya que debido a las propiedades de la madera, podr\u00edan aparecer grietas. Sin embargo, volver a llenar la ba\u00f1era con agua para que la madera se vuelva impermeable es un proceso largo, por lo que, para evitarlo, se recomienda mantenerla llena con agua al menos hasta la mitad. Recomendamos cambiar el agua antes de volver a utilizar la ba\u00f1era.","og_url":"https:\/\/awero.ee\/es\/toode\/banera-nordica-180-con-estufa-externa-y-acabado-en-abeto\/","og_site_name":"Awero - S\u00fcdamega L\u00f5una-Eestist","article_modified_time":"2026-03-10T07:59:10+00:00","og_image":[{"width":2500,"height":1667,"url":"https:\/\/awero.ee\/wp-content\/uploads\/2025\/03\/Hottub_Eco_D180_kuusk_external.jpg","type":"image\/jpeg"}],"twitter_card":"summary_large_image","schema":{"@context":"https:\/\/schema.org","@graph":[{"@type":"WebPage","@id":"https:\/\/awero.ee\/es\/toode\/banera-nordica-180-con-estufa-externa-y-acabado-en-abeto\/","url":"https:\/\/awero.ee\/es\/toode\/banera-nordica-180-con-estufa-externa-y-acabado-en-abeto\/","name":"Ba\u00f1era n\u00f3rdica 180 con estufa externa y acabado en abeto - Awero - S\u00fcdamega L\u00f5una-Eestist","isPartOf":{"@id":"https:\/\/awero.ee\/es\/#website"},"primaryImageOfPage":{"@id":"https:\/\/awero.ee\/es\/toode\/banera-nordica-180-con-estufa-externa-y-acabado-en-abeto\/#primaryimage"},"image":{"@id":"https:\/\/awero.ee\/es\/toode\/banera-nordica-180-con-estufa-externa-y-acabado-en-abeto\/#primaryimage"},"thumbnailUrl":"https:\/\/awero.ee\/wp-content\/uploads\/2025\/03\/Hottub_Eco_D180_kuusk_external.jpg","datePublished":"2025-03-09T07:30:47+00:00","dateModified":"2026-03-10T07:59:10+00:00","breadcrumb":{"@id":"https:\/\/awero.ee\/es\/toode\/banera-nordica-180-con-estufa-externa-y-acabado-en-abeto\/#breadcrumb"},"inLanguage":"es","potentialAction":[{"@type":"ReadAction","target":["https:\/\/awero.ee\/es\/toode\/banera-nordica-180-con-estufa-externa-y-acabado-en-abeto\/"]}]},{"@type":"ImageObject","inLanguage":"es","@id":"https:\/\/awero.ee\/es\/toode\/banera-nordica-180-con-estufa-externa-y-acabado-en-abeto\/#primaryimage","url":"https:\/\/awero.ee\/wp-content\/uploads\/2025\/03\/Hottub_Eco_D180_kuusk_external.jpg","contentUrl":"https:\/\/awero.ee\/wp-content\/uploads\/2025\/03\/Hottub_Eco_D180_kuusk_external.jpg","width":2500,"height":1667},{"@type":"BreadcrumbList","@id":"https:\/\/awero.ee\/es\/toode\/banera-nordica-180-con-estufa-externa-y-acabado-en-abeto\/#breadcrumb","itemListElement":[{"@type":"ListItem","position":1,"name":"Home","item":"https:\/\/awero.ee\/es\/pagina-de-inicio\/"},{"@type":"ListItem","position":2,"name":"Pood","item":"https:\/\/awero.ee\/pood\/"},{"@type":"ListItem","position":3,"name":"Ba\u00f1era n\u00f3rdica 180 con estufa externa y acabado en abeto"}]},{"@type":"WebSite","@id":"https:\/\/awero.ee\/es\/#website","url":"https:\/\/awero.ee\/es\/","name":"Awero - S\u00fcdamega L\u00f5una Eestist","description":"","publisher":{"@id":"https:\/\/awero.ee\/es\/#organization"},"potentialAction":[{"@type":"SearchAction","target":{"@type":"EntryPoint","urlTemplate":"https:\/\/awero.ee\/es\/?s={search_term_string}"},"query-input":{"@type":"PropertyValueSpecification","valueRequired":true,"valueName":"search_term_string"}}],"inLanguage":"es"},{"@type":"Organization","@id":"https:\/\/awero.ee\/es\/#organization","name":"Awero - S\u00fcdamega L\u00f5una Eestist","url":"https:\/\/awero.ee\/es\/","logo":{"@type":"ImageObject","inLanguage":"es","@id":"https:\/\/awero.ee\/es\/#\/schema\/logo\/image\/","url":"https:\/\/awero.ee\/wp-content\/uploads\/2024\/07\/aweroplaceholder.jpg","contentUrl":"https:\/\/awero.ee\/wp-content\/uploads\/2024\/07\/aweroplaceholder.jpg","width":1250,"height":834,"caption":"Awero - S\u00fcdamega L\u00f5una Eestist"},"image":{"@id":"https:\/\/awero.ee\/es\/#\/schema\/logo\/image\/"}}]}},"_links":{"self":[{"href":"https:\/\/awero.ee\/es\/wp-json\/wp\/v2\/product\/10242","targetHints":{"allow":["GET"]}}],"collection":[{"href":"https:\/\/awero.ee\/es\/wp-json\/wp\/v2\/product"}],"about":[{"href":"https:\/\/awero.ee\/es\/wp-json\/wp\/v2\/types\/product"}],"wp:featuredmedia":[{"embeddable":true,"href":"https:\/\/awero.ee\/es\/wp-json\/wp\/v2\/media\/9244"}],"wp:attachment":[{"href":"https:\/\/awero.ee\/es\/wp-json\/wp\/v2\/media?parent=10242"}],"wp:term":[{"taxonomy":"product_brand","embeddable":true,"href":"https:\/\/awero.ee\/es\/wp-json\/wp\/v2\/product_brand?post=10242"},{"taxonomy":"product_cat","embeddable":true,"href":"https:\/\/awero.ee\/es\/wp-json\/wp\/v2\/product_cat?post=10242"},{"taxonomy":"product_tag","embeddable":true,"href":"https:\/\/awero.ee\/es\/wp-json\/wp\/v2\/product_tag?post=10242"}],"curies":[{"name":"wp","href":"https:\/\/api.w.org\/{rel}","templated":true}]}}