{"id":10215,"date":"2025-03-09T06:46:42","date_gmt":"2025-03-09T06:46:42","guid":{"rendered":"https:\/\/awero.ee\/toode\/banera-nordica-208-con-estufa-externa\/"},"modified":"2026-03-10T07:59:09","modified_gmt":"2026-03-10T07:59:09","slug":"banera-nordica-208-con-estufa-externa","status":"publish","type":"product","link":"https:\/\/awero.ee\/es\/toode\/banera-nordica-208-con-estufa-externa\/","title":{"rendered":"Ba\u00f1era n\u00f3rdica 208 con estufa externa"},"content":{"rendered":"","protected":false},"excerpt":{"rendered":"<p>Esta ba\u00f1era n\u00f3rdica de 208 cm de di\u00e1metro con estufa externa es una excelente opci\u00f3n para disfrutar de unos c\u00f3modos momentos de relax. Su exterior es de madera termotratada muy resistente y apta para exteriores. Su interior es de fibra de vidrio f\u00e1cil de mantener, lo que garantiza una vida \u00fatil m\u00e1s larga y una mayor facilidad de uso. Para calentar el agua, se ha instalado una eficiente estufa externa de acero inoxidable que garantiza un calentamiento r\u00e1pido y uniforme del agua. El kit tambi\u00e9n incluye una escalera semicircular de madera termotratada de dos escalones. Ideal para familias o grupos de amigos durante todo el a\u00f1o.     <\/p>\n","protected":false},"featured_media":9241,"template":"","meta":{"_acf_changed":false},"product_brand":[],"product_cat":[1325,1331],"product_tag":[],"class_list":{"0":"post-10215","1":"product","2":"type-product","3":"status-publish","4":"has-post-thumbnail","6":"product_cat-tinas-de-bano","7":"product_cat-con-estufa-externa","9":"first","10":"instock","11":"sale","12":"shipping-taxable","13":"product-type-variable"},"acf":[],"yoast_head":"<!-- This site is optimized with the Yoast SEO plugin v26.8 - https:\/\/yoast.com\/product\/yoast-seo-wordpress\/ -->\n<title>Ba\u00f1era n\u00f3rdica 208 con estufa externa - Awero - S\u00fcdamega L\u00f5una-Eestist<\/title>\n<meta name=\"robots\" content=\"index, follow, max-snippet:-1, max-image-preview:large, max-video-preview:-1\" \/>\n<link rel=\"canonical\" href=\"https:\/\/awero.ee\/es\/toode\/banera-nordica-208-con-estufa-externa\/\" \/>\n<meta property=\"og:locale\" content=\"es_ES\" \/>\n<meta property=\"og:type\" content=\"article\" \/>\n<meta property=\"og:title\" content=\"Ba\u00f1era n\u00f3rdica 208 con estufa externa - Awero - S\u00fcdamega L\u00f5una-Eestist\" \/>\n<meta property=\"og:description\" content=\"Esta ba\u00f1era n\u00f3rdica de 208 cm de di\u00e1metro con estufa externa es una excelente opci\u00f3n para disfrutar de unos c\u00f3modos momentos de relax. Su exterior es de madera termotratada muy resistente y apta para exteriores. Su interior es de fibra de vidrio f\u00e1cil de mantener, lo que garantiza una vida \u00fatil m\u00e1s larga y una mayor facilidad de uso. Para calentar el agua, se ha instalado una eficiente estufa externa de acero inoxidable que garantiza un calentamiento r\u00e1pido y uniforme del agua. El kit tambi\u00e9n incluye una escalera semicircular de madera termotratada de dos escalones. Ideal para familias o grupos de amigos durante todo el a\u00f1o.\" \/>\n<meta property=\"og:url\" content=\"https:\/\/awero.ee\/es\/toode\/banera-nordica-208-con-estufa-externa\/\" \/>\n<meta property=\"og:site_name\" content=\"Awero - S\u00fcdamega L\u00f5una-Eestist\" \/>\n<meta property=\"article:modified_time\" content=\"2026-03-10T07:59:09+00:00\" \/>\n<meta property=\"og:image\" content=\"https:\/\/awero.ee\/wp-content\/uploads\/2025\/03\/Kumblustunn-D208-valisahjuga.jpg\" \/>\n\t<meta property=\"og:image:width\" content=\"2500\" \/>\n\t<meta property=\"og:image:height\" content=\"1667\" \/>\n\t<meta property=\"og:image:type\" content=\"image\/jpeg\" \/>\n<meta name=\"twitter:card\" content=\"summary_large_image\" \/>\n<script type=\"application\/ld+json\" class=\"yoast-schema-graph\">{\"@context\":\"https:\/\/schema.org\",\"@graph\":[{\"@type\":\"WebPage\",\"@id\":\"https:\/\/awero.ee\/es\/toode\/banera-nordica-208-con-estufa-externa\/\",\"url\":\"https:\/\/awero.ee\/es\/toode\/banera-nordica-208-con-estufa-externa\/\",\"name\":\"Ba\u00f1era n\u00f3rdica 208 con estufa externa - Awero - S\u00fcdamega L\u00f5una-Eestist\",\"isPartOf\":{\"@id\":\"https:\/\/awero.ee\/es\/#website\"},\"primaryImageOfPage\":{\"@id\":\"https:\/\/awero.ee\/es\/toode\/banera-nordica-208-con-estufa-externa\/#primaryimage\"},\"image\":{\"@id\":\"https:\/\/awero.ee\/es\/toode\/banera-nordica-208-con-estufa-externa\/#primaryimage\"},\"thumbnailUrl\":\"https:\/\/awero.ee\/wp-content\/uploads\/2025\/03\/Kumblustunn-D208-valisahjuga.jpg\",\"datePublished\":\"2025-03-09T06:46:42+00:00\",\"dateModified\":\"2026-03-10T07:59:09+00:00\",\"breadcrumb\":{\"@id\":\"https:\/\/awero.ee\/es\/toode\/banera-nordica-208-con-estufa-externa\/#breadcrumb\"},\"inLanguage\":\"es\",\"potentialAction\":[{\"@type\":\"ReadAction\",\"target\":[\"https:\/\/awero.ee\/es\/toode\/banera-nordica-208-con-estufa-externa\/\"]}]},{\"@type\":\"ImageObject\",\"inLanguage\":\"es\",\"@id\":\"https:\/\/awero.ee\/es\/toode\/banera-nordica-208-con-estufa-externa\/#primaryimage\",\"url\":\"https:\/\/awero.ee\/wp-content\/uploads\/2025\/03\/Kumblustunn-D208-valisahjuga.jpg\",\"contentUrl\":\"https:\/\/awero.ee\/wp-content\/uploads\/2025\/03\/Kumblustunn-D208-valisahjuga.jpg\",\"width\":2500,\"height\":1667},{\"@type\":\"BreadcrumbList\",\"@id\":\"https:\/\/awero.ee\/es\/toode\/banera-nordica-208-con-estufa-externa\/#breadcrumb\",\"itemListElement\":[{\"@type\":\"ListItem\",\"position\":1,\"name\":\"Home\",\"item\":\"https:\/\/awero.ee\/es\/pagina-de-inicio\/\"},{\"@type\":\"ListItem\",\"position\":2,\"name\":\"Pood\",\"item\":\"https:\/\/awero.ee\/pood\/\"},{\"@type\":\"ListItem\",\"position\":3,\"name\":\"Ba\u00f1era n\u00f3rdica 208 con estufa externa\"}]},{\"@type\":\"WebSite\",\"@id\":\"https:\/\/awero.ee\/es\/#website\",\"url\":\"https:\/\/awero.ee\/es\/\",\"name\":\"Awero - S\u00fcdamega L\u00f5una Eestist\",\"description\":\"\",\"publisher\":{\"@id\":\"https:\/\/awero.ee\/es\/#organization\"},\"potentialAction\":[{\"@type\":\"SearchAction\",\"target\":{\"@type\":\"EntryPoint\",\"urlTemplate\":\"https:\/\/awero.ee\/es\/?s={search_term_string}\"},\"query-input\":{\"@type\":\"PropertyValueSpecification\",\"valueRequired\":true,\"valueName\":\"search_term_string\"}}],\"inLanguage\":\"es\"},{\"@type\":\"Organization\",\"@id\":\"https:\/\/awero.ee\/es\/#organization\",\"name\":\"Awero - S\u00fcdamega L\u00f5una Eestist\",\"url\":\"https:\/\/awero.ee\/es\/\",\"logo\":{\"@type\":\"ImageObject\",\"inLanguage\":\"es\",\"@id\":\"https:\/\/awero.ee\/es\/#\/schema\/logo\/image\/\",\"url\":\"https:\/\/awero.ee\/wp-content\/uploads\/2024\/07\/aweroplaceholder.jpg\",\"contentUrl\":\"https:\/\/awero.ee\/wp-content\/uploads\/2024\/07\/aweroplaceholder.jpg\",\"width\":1250,\"height\":834,\"caption\":\"Awero - S\u00fcdamega L\u00f5una Eestist\"},\"image\":{\"@id\":\"https:\/\/awero.ee\/es\/#\/schema\/logo\/image\/\"}}]}<\/script>\n<!-- \/ Yoast SEO plugin. -->","yoast_head_json":{"title":"Ba\u00f1era n\u00f3rdica 208 con estufa externa - Awero - S\u00fcdamega L\u00f5una-Eestist","robots":{"index":"index","follow":"follow","max-snippet":"max-snippet:-1","max-image-preview":"max-image-preview:large","max-video-preview":"max-video-preview:-1"},"canonical":"https:\/\/awero.ee\/es\/toode\/banera-nordica-208-con-estufa-externa\/","og_locale":"es_ES","og_type":"article","og_title":"Ba\u00f1era n\u00f3rdica 208 con estufa externa - Awero - S\u00fcdamega L\u00f5una-Eestist","og_description":"Esta ba\u00f1era n\u00f3rdica de 208 cm de di\u00e1metro con estufa externa es una excelente opci\u00f3n para disfrutar de unos c\u00f3modos momentos de relax. Su exterior es de madera termotratada muy resistente y apta para exteriores. Su interior es de fibra de vidrio f\u00e1cil de mantener, lo que garantiza una vida \u00fatil m\u00e1s larga y una mayor facilidad de uso. Para calentar el agua, se ha instalado una eficiente estufa externa de acero inoxidable que garantiza un calentamiento r\u00e1pido y uniforme del agua. El kit tambi\u00e9n incluye una escalera semicircular de madera termotratada de dos escalones. Ideal para familias o grupos de amigos durante todo el a\u00f1o.","og_url":"https:\/\/awero.ee\/es\/toode\/banera-nordica-208-con-estufa-externa\/","og_site_name":"Awero - S\u00fcdamega L\u00f5una-Eestist","article_modified_time":"2026-03-10T07:59:09+00:00","og_image":[{"width":2500,"height":1667,"url":"https:\/\/awero.ee\/wp-content\/uploads\/2025\/03\/Kumblustunn-D208-valisahjuga.jpg","type":"image\/jpeg"}],"twitter_card":"summary_large_image","schema":{"@context":"https:\/\/schema.org","@graph":[{"@type":"WebPage","@id":"https:\/\/awero.ee\/es\/toode\/banera-nordica-208-con-estufa-externa\/","url":"https:\/\/awero.ee\/es\/toode\/banera-nordica-208-con-estufa-externa\/","name":"Ba\u00f1era n\u00f3rdica 208 con estufa externa - Awero - S\u00fcdamega L\u00f5una-Eestist","isPartOf":{"@id":"https:\/\/awero.ee\/es\/#website"},"primaryImageOfPage":{"@id":"https:\/\/awero.ee\/es\/toode\/banera-nordica-208-con-estufa-externa\/#primaryimage"},"image":{"@id":"https:\/\/awero.ee\/es\/toode\/banera-nordica-208-con-estufa-externa\/#primaryimage"},"thumbnailUrl":"https:\/\/awero.ee\/wp-content\/uploads\/2025\/03\/Kumblustunn-D208-valisahjuga.jpg","datePublished":"2025-03-09T06:46:42+00:00","dateModified":"2026-03-10T07:59:09+00:00","breadcrumb":{"@id":"https:\/\/awero.ee\/es\/toode\/banera-nordica-208-con-estufa-externa\/#breadcrumb"},"inLanguage":"es","potentialAction":[{"@type":"ReadAction","target":["https:\/\/awero.ee\/es\/toode\/banera-nordica-208-con-estufa-externa\/"]}]},{"@type":"ImageObject","inLanguage":"es","@id":"https:\/\/awero.ee\/es\/toode\/banera-nordica-208-con-estufa-externa\/#primaryimage","url":"https:\/\/awero.ee\/wp-content\/uploads\/2025\/03\/Kumblustunn-D208-valisahjuga.jpg","contentUrl":"https:\/\/awero.ee\/wp-content\/uploads\/2025\/03\/Kumblustunn-D208-valisahjuga.jpg","width":2500,"height":1667},{"@type":"BreadcrumbList","@id":"https:\/\/awero.ee\/es\/toode\/banera-nordica-208-con-estufa-externa\/#breadcrumb","itemListElement":[{"@type":"ListItem","position":1,"name":"Home","item":"https:\/\/awero.ee\/es\/pagina-de-inicio\/"},{"@type":"ListItem","position":2,"name":"Pood","item":"https:\/\/awero.ee\/pood\/"},{"@type":"ListItem","position":3,"name":"Ba\u00f1era n\u00f3rdica 208 con estufa externa"}]},{"@type":"WebSite","@id":"https:\/\/awero.ee\/es\/#website","url":"https:\/\/awero.ee\/es\/","name":"Awero - S\u00fcdamega L\u00f5una Eestist","description":"","publisher":{"@id":"https:\/\/awero.ee\/es\/#organization"},"potentialAction":[{"@type":"SearchAction","target":{"@type":"EntryPoint","urlTemplate":"https:\/\/awero.ee\/es\/?s={search_term_string}"},"query-input":{"@type":"PropertyValueSpecification","valueRequired":true,"valueName":"search_term_string"}}],"inLanguage":"es"},{"@type":"Organization","@id":"https:\/\/awero.ee\/es\/#organization","name":"Awero - S\u00fcdamega L\u00f5una Eestist","url":"https:\/\/awero.ee\/es\/","logo":{"@type":"ImageObject","inLanguage":"es","@id":"https:\/\/awero.ee\/es\/#\/schema\/logo\/image\/","url":"https:\/\/awero.ee\/wp-content\/uploads\/2024\/07\/aweroplaceholder.jpg","contentUrl":"https:\/\/awero.ee\/wp-content\/uploads\/2024\/07\/aweroplaceholder.jpg","width":1250,"height":834,"caption":"Awero - S\u00fcdamega L\u00f5una Eestist"},"image":{"@id":"https:\/\/awero.ee\/es\/#\/schema\/logo\/image\/"}}]}},"_links":{"self":[{"href":"https:\/\/awero.ee\/es\/wp-json\/wp\/v2\/product\/10215","targetHints":{"allow":["GET"]}}],"collection":[{"href":"https:\/\/awero.ee\/es\/wp-json\/wp\/v2\/product"}],"about":[{"href":"https:\/\/awero.ee\/es\/wp-json\/wp\/v2\/types\/product"}],"wp:featuredmedia":[{"embeddable":true,"href":"https:\/\/awero.ee\/es\/wp-json\/wp\/v2\/media\/9241"}],"wp:attachment":[{"href":"https:\/\/awero.ee\/es\/wp-json\/wp\/v2\/media?parent=10215"}],"wp:term":[{"taxonomy":"product_brand","embeddable":true,"href":"https:\/\/awero.ee\/es\/wp-json\/wp\/v2\/product_brand?post=10215"},{"taxonomy":"product_cat","embeddable":true,"href":"https:\/\/awero.ee\/es\/wp-json\/wp\/v2\/product_cat?post=10215"},{"taxonomy":"product_tag","embeddable":true,"href":"https:\/\/awero.ee\/es\/wp-json\/wp\/v2\/product_tag?post=10215"}],"curies":[{"name":"wp","href":"https:\/\/api.w.org\/{rel}","templated":true}]}}