{"id":10114,"date":"2025-02-18T11:01:16","date_gmt":"2025-02-18T11:01:16","guid":{"rendered":"https:\/\/awero.ee\/toode\/ofuro-con-estufa-de-gas\/"},"modified":"2026-04-01T12:32:23","modified_gmt":"2026-04-01T12:32:23","slug":"ofuro-con-estufa-de-gas","status":"publish","type":"product","link":"https:\/\/awero.ee\/es\/toode\/ofuro-con-estufa-de-gas\/","title":{"rendered":"Ofuro con estufa de gas"},"content":{"rendered":"<div class=\"container single-product-description-text\">\n<p><strong>La ba\u00f1era n\u00f3rdica Ofuro<\/strong> se caracteriza por sus <strong>asientos ergon\u00f3micos<\/strong> y su f\u00e1cil de mantener interior <strong>de fibra de vidrio<\/strong>, su lujoso revestimiento de madera termotratada y su estufa de gas de acero inoxidable de alta calidad. Calentar el agua de la ba\u00f1era es c\u00f3modo y r\u00e1pido, por lo que podr\u00e1s empezar a disfrutar antes de la armon\u00eda y de los agradables momentos de relax que ofrece. <\/p>\n<p><strong>El kit incluye:<\/strong><\/p>\n<ul>\n<li>estufa de gas 32 kW<\/li>\n<li>cubierta exterior de madera termotratada (tratada con protector para madera)<\/li>\n<li>escalera semicircular de dos escalones<\/li>\n<li>interior <strong>de fibra de vidrio de color gris con asientos ergon\u00f3micos<\/strong><\/li>\n<\/ul>\n<p>Adem\u00e1s, la ba\u00f1era puede equiparse con una amplia gama de <strong><a href=\"https:\/\/awero.ee\/es\/categoria-de-producto\/accesorios\/\">accesorios opcionales<\/a><\/strong>: iluminaci\u00f3n LED (RGB), sistema de burbujas, term\u00f3metro digital para ba\u00f1era, equipo de sonido, portavasos, sistema de filtrado, tapa aislante.<\/p>\n<\/div>\n","protected":false},"excerpt":{"rendered":"<p>La ba\u00f1era n\u00f3rdica <strong>OFURO<\/strong> <strong>con estufa de gas<\/strong> <strong>de acero inoxidable AISI 304<\/strong> es un spa dom\u00e9stico privado y de alta calidad <strong>para dos personas<\/strong>, con un acabado cuidado hasta el \u00faltimo detalle, dise\u00f1ado para ser utilizado durante todo el a\u00f1o y f\u00e1cil de mantener.<\/p>\n","protected":false},"featured_media":9194,"template":"","meta":{"_acf_changed":false},"product_brand":[],"product_cat":[1325,1327],"product_tag":[],"class_list":{"0":"post-10114","1":"product","2":"type-product","3":"status-publish","4":"has-post-thumbnail","6":"product_cat-tinas-de-bano","7":"product_cat-con-estufa-de-gas","9":"first","10":"instock","11":"sale","12":"shipping-taxable","13":"product-type-variable"},"acf":[],"yoast_head":"<!-- This site is optimized with the Yoast SEO plugin v26.8 - https:\/\/yoast.com\/product\/yoast-seo-wordpress\/ -->\n<title>Ofuro con estufa de gas - Awero - S\u00fcdamega L\u00f5una-Eestist<\/title>\n<meta name=\"robots\" content=\"index, follow, max-snippet:-1, max-image-preview:large, max-video-preview:-1\" \/>\n<link rel=\"canonical\" href=\"https:\/\/awero.ee\/es\/toode\/ofuro-con-estufa-de-gas\/\" \/>\n<meta property=\"og:locale\" content=\"es_ES\" \/>\n<meta property=\"og:type\" content=\"article\" \/>\n<meta property=\"og:title\" content=\"Ofuro con estufa de gas - Awero - S\u00fcdamega L\u00f5una-Eestist\" \/>\n<meta property=\"og:description\" content=\"La ba\u00f1era n\u00f3rdica OFURO con estufa de gas de acero inoxidable AISI 304 es un spa dom\u00e9stico privado y de alta calidad para dos personas, con un acabado cuidado hasta el \u00faltimo detalle, dise\u00f1ado para ser utilizado durante todo el a\u00f1o y f\u00e1cil de mantener.\" \/>\n<meta property=\"og:url\" content=\"https:\/\/awero.ee\/es\/toode\/ofuro-con-estufa-de-gas\/\" \/>\n<meta property=\"og:site_name\" content=\"Awero - S\u00fcdamega L\u00f5una-Eestist\" \/>\n<meta property=\"article:modified_time\" content=\"2026-04-01T12:32:23+00:00\" \/>\n<meta property=\"og:image\" content=\"https:\/\/awero.ee\/wp-content\/uploads\/2025\/02\/Ofuro_gaasiahjuga.jpg\" \/>\n\t<meta property=\"og:image:width\" content=\"2500\" \/>\n\t<meta property=\"og:image:height\" content=\"1667\" \/>\n\t<meta property=\"og:image:type\" content=\"image\/jpeg\" \/>\n<meta name=\"twitter:card\" content=\"summary_large_image\" \/>\n<meta name=\"twitter:label1\" content=\"Tiempo de lectura\" \/>\n\t<meta name=\"twitter:data1\" content=\"1 minuto\" \/>\n<script type=\"application\/ld+json\" class=\"yoast-schema-graph\">{\"@context\":\"https:\/\/schema.org\",\"@graph\":[{\"@type\":\"WebPage\",\"@id\":\"https:\/\/awero.ee\/es\/toode\/ofuro-con-estufa-de-gas\/\",\"url\":\"https:\/\/awero.ee\/es\/toode\/ofuro-con-estufa-de-gas\/\",\"name\":\"Ofuro con estufa de gas - Awero - S\u00fcdamega L\u00f5una-Eestist\",\"isPartOf\":{\"@id\":\"https:\/\/awero.ee\/es\/#website\"},\"primaryImageOfPage\":{\"@id\":\"https:\/\/awero.ee\/es\/toode\/ofuro-con-estufa-de-gas\/#primaryimage\"},\"image\":{\"@id\":\"https:\/\/awero.ee\/es\/toode\/ofuro-con-estufa-de-gas\/#primaryimage\"},\"thumbnailUrl\":\"https:\/\/awero.ee\/wp-content\/uploads\/2025\/02\/Ofuro_gaasiahjuga.jpg\",\"datePublished\":\"2025-02-18T11:01:16+00:00\",\"dateModified\":\"2026-04-01T12:32:23+00:00\",\"breadcrumb\":{\"@id\":\"https:\/\/awero.ee\/es\/toode\/ofuro-con-estufa-de-gas\/#breadcrumb\"},\"inLanguage\":\"es\",\"potentialAction\":[{\"@type\":\"ReadAction\",\"target\":[\"https:\/\/awero.ee\/es\/toode\/ofuro-con-estufa-de-gas\/\"]}]},{\"@type\":\"ImageObject\",\"inLanguage\":\"es\",\"@id\":\"https:\/\/awero.ee\/es\/toode\/ofuro-con-estufa-de-gas\/#primaryimage\",\"url\":\"https:\/\/awero.ee\/wp-content\/uploads\/2025\/02\/Ofuro_gaasiahjuga.jpg\",\"contentUrl\":\"https:\/\/awero.ee\/wp-content\/uploads\/2025\/02\/Ofuro_gaasiahjuga.jpg\",\"width\":2500,\"height\":1667},{\"@type\":\"BreadcrumbList\",\"@id\":\"https:\/\/awero.ee\/es\/toode\/ofuro-con-estufa-de-gas\/#breadcrumb\",\"itemListElement\":[{\"@type\":\"ListItem\",\"position\":1,\"name\":\"Home\",\"item\":\"https:\/\/awero.ee\/es\/pagina-de-inicio\/\"},{\"@type\":\"ListItem\",\"position\":2,\"name\":\"Pood\",\"item\":\"https:\/\/awero.ee\/pood\/\"},{\"@type\":\"ListItem\",\"position\":3,\"name\":\"Ofuro con estufa de gas\"}]},{\"@type\":\"WebSite\",\"@id\":\"https:\/\/awero.ee\/es\/#website\",\"url\":\"https:\/\/awero.ee\/es\/\",\"name\":\"Awero - S\u00fcdamega L\u00f5una Eestist\",\"description\":\"\",\"publisher\":{\"@id\":\"https:\/\/awero.ee\/es\/#organization\"},\"potentialAction\":[{\"@type\":\"SearchAction\",\"target\":{\"@type\":\"EntryPoint\",\"urlTemplate\":\"https:\/\/awero.ee\/es\/?s={search_term_string}\"},\"query-input\":{\"@type\":\"PropertyValueSpecification\",\"valueRequired\":true,\"valueName\":\"search_term_string\"}}],\"inLanguage\":\"es\"},{\"@type\":\"Organization\",\"@id\":\"https:\/\/awero.ee\/es\/#organization\",\"name\":\"Awero - S\u00fcdamega L\u00f5una Eestist\",\"url\":\"https:\/\/awero.ee\/es\/\",\"logo\":{\"@type\":\"ImageObject\",\"inLanguage\":\"es\",\"@id\":\"https:\/\/awero.ee\/es\/#\/schema\/logo\/image\/\",\"url\":\"https:\/\/awero.ee\/wp-content\/uploads\/2024\/07\/aweroplaceholder.jpg\",\"contentUrl\":\"https:\/\/awero.ee\/wp-content\/uploads\/2024\/07\/aweroplaceholder.jpg\",\"width\":1250,\"height\":834,\"caption\":\"Awero - S\u00fcdamega L\u00f5una Eestist\"},\"image\":{\"@id\":\"https:\/\/awero.ee\/es\/#\/schema\/logo\/image\/\"}}]}<\/script>\n<!-- \/ Yoast SEO plugin. -->","yoast_head_json":{"title":"Ofuro con estufa de gas - Awero - S\u00fcdamega L\u00f5una-Eestist","robots":{"index":"index","follow":"follow","max-snippet":"max-snippet:-1","max-image-preview":"max-image-preview:large","max-video-preview":"max-video-preview:-1"},"canonical":"https:\/\/awero.ee\/es\/toode\/ofuro-con-estufa-de-gas\/","og_locale":"es_ES","og_type":"article","og_title":"Ofuro con estufa de gas - Awero - S\u00fcdamega L\u00f5una-Eestist","og_description":"La ba\u00f1era n\u00f3rdica OFURO con estufa de gas de acero inoxidable AISI 304 es un spa dom\u00e9stico privado y de alta calidad para dos personas, con un acabado cuidado hasta el \u00faltimo detalle, dise\u00f1ado para ser utilizado durante todo el a\u00f1o y f\u00e1cil de mantener.","og_url":"https:\/\/awero.ee\/es\/toode\/ofuro-con-estufa-de-gas\/","og_site_name":"Awero - S\u00fcdamega L\u00f5una-Eestist","article_modified_time":"2026-04-01T12:32:23+00:00","og_image":[{"width":2500,"height":1667,"url":"https:\/\/awero.ee\/wp-content\/uploads\/2025\/02\/Ofuro_gaasiahjuga.jpg","type":"image\/jpeg"}],"twitter_card":"summary_large_image","twitter_misc":{"Tiempo de lectura":"1 minuto"},"schema":{"@context":"https:\/\/schema.org","@graph":[{"@type":"WebPage","@id":"https:\/\/awero.ee\/es\/toode\/ofuro-con-estufa-de-gas\/","url":"https:\/\/awero.ee\/es\/toode\/ofuro-con-estufa-de-gas\/","name":"Ofuro con estufa de gas - Awero - S\u00fcdamega L\u00f5una-Eestist","isPartOf":{"@id":"https:\/\/awero.ee\/es\/#website"},"primaryImageOfPage":{"@id":"https:\/\/awero.ee\/es\/toode\/ofuro-con-estufa-de-gas\/#primaryimage"},"image":{"@id":"https:\/\/awero.ee\/es\/toode\/ofuro-con-estufa-de-gas\/#primaryimage"},"thumbnailUrl":"https:\/\/awero.ee\/wp-content\/uploads\/2025\/02\/Ofuro_gaasiahjuga.jpg","datePublished":"2025-02-18T11:01:16+00:00","dateModified":"2026-04-01T12:32:23+00:00","breadcrumb":{"@id":"https:\/\/awero.ee\/es\/toode\/ofuro-con-estufa-de-gas\/#breadcrumb"},"inLanguage":"es","potentialAction":[{"@type":"ReadAction","target":["https:\/\/awero.ee\/es\/toode\/ofuro-con-estufa-de-gas\/"]}]},{"@type":"ImageObject","inLanguage":"es","@id":"https:\/\/awero.ee\/es\/toode\/ofuro-con-estufa-de-gas\/#primaryimage","url":"https:\/\/awero.ee\/wp-content\/uploads\/2025\/02\/Ofuro_gaasiahjuga.jpg","contentUrl":"https:\/\/awero.ee\/wp-content\/uploads\/2025\/02\/Ofuro_gaasiahjuga.jpg","width":2500,"height":1667},{"@type":"BreadcrumbList","@id":"https:\/\/awero.ee\/es\/toode\/ofuro-con-estufa-de-gas\/#breadcrumb","itemListElement":[{"@type":"ListItem","position":1,"name":"Home","item":"https:\/\/awero.ee\/es\/pagina-de-inicio\/"},{"@type":"ListItem","position":2,"name":"Pood","item":"https:\/\/awero.ee\/pood\/"},{"@type":"ListItem","position":3,"name":"Ofuro con estufa de gas"}]},{"@type":"WebSite","@id":"https:\/\/awero.ee\/es\/#website","url":"https:\/\/awero.ee\/es\/","name":"Awero - S\u00fcdamega L\u00f5una Eestist","description":"","publisher":{"@id":"https:\/\/awero.ee\/es\/#organization"},"potentialAction":[{"@type":"SearchAction","target":{"@type":"EntryPoint","urlTemplate":"https:\/\/awero.ee\/es\/?s={search_term_string}"},"query-input":{"@type":"PropertyValueSpecification","valueRequired":true,"valueName":"search_term_string"}}],"inLanguage":"es"},{"@type":"Organization","@id":"https:\/\/awero.ee\/es\/#organization","name":"Awero - S\u00fcdamega L\u00f5una Eestist","url":"https:\/\/awero.ee\/es\/","logo":{"@type":"ImageObject","inLanguage":"es","@id":"https:\/\/awero.ee\/es\/#\/schema\/logo\/image\/","url":"https:\/\/awero.ee\/wp-content\/uploads\/2024\/07\/aweroplaceholder.jpg","contentUrl":"https:\/\/awero.ee\/wp-content\/uploads\/2024\/07\/aweroplaceholder.jpg","width":1250,"height":834,"caption":"Awero - S\u00fcdamega L\u00f5una Eestist"},"image":{"@id":"https:\/\/awero.ee\/es\/#\/schema\/logo\/image\/"}}]}},"_links":{"self":[{"href":"https:\/\/awero.ee\/es\/wp-json\/wp\/v2\/product\/10114","targetHints":{"allow":["GET"]}}],"collection":[{"href":"https:\/\/awero.ee\/es\/wp-json\/wp\/v2\/product"}],"about":[{"href":"https:\/\/awero.ee\/es\/wp-json\/wp\/v2\/types\/product"}],"wp:featuredmedia":[{"embeddable":true,"href":"https:\/\/awero.ee\/es\/wp-json\/wp\/v2\/media\/9194"}],"wp:attachment":[{"href":"https:\/\/awero.ee\/es\/wp-json\/wp\/v2\/media?parent=10114"}],"wp:term":[{"taxonomy":"product_brand","embeddable":true,"href":"https:\/\/awero.ee\/es\/wp-json\/wp\/v2\/product_brand?post=10114"},{"taxonomy":"product_cat","embeddable":true,"href":"https:\/\/awero.ee\/es\/wp-json\/wp\/v2\/product_cat?post=10114"},{"taxonomy":"product_tag","embeddable":true,"href":"https:\/\/awero.ee\/es\/wp-json\/wp\/v2\/product_tag?post=10114"}],"curies":[{"name":"wp","href":"https:\/\/api.w.org\/{rel}","templated":true}]}}