{"id":9769,"date":"2025-07-07T08:51:39","date_gmt":"2025-07-07T08:51:39","guid":{"rendered":"https:\/\/awero.ee\/condiciones-de-venta\/"},"modified":"2025-11-04T06:54:23","modified_gmt":"2025-11-04T06:54:23","slug":"condiciones-de-venta","status":"publish","type":"page","link":"https:\/\/awero.ee\/es\/condiciones-de-venta\/","title":{"rendered":"Condiciones de venta"},"content":{"rendered":"\n<h2 class=\"wp-block-heading\"><\/h2>\n\n<p>El propietario de la tienda online <strong>Awero.ee<\/strong> (en lo sucesivo, la <strong>Tienda Online<\/strong>) es <strong>Awero O\u00dc<\/strong> (c\u00f3digo de registro <strong>16456392)<\/strong>, situada en <strong>el condado de Valga, parroquia de Otep\u00e4\u00e4, pueblo de Sihva, Vokipoe, 67301<\/strong>.<\/p>\n\n<hr class=\"wp-block-separator has-alpha-channel-opacity\"\/>\n\n<h3 class=\"wp-block-heading\">Validez del contrato de venta, informaci\u00f3n comercial y de precios<\/h3>\n\n<p>Los t\u00e9rminos y condiciones de venta se aplican a la compra de productos en la Tienda Online.<\/p>\n\n<p>Los precios de los productos vendidos en la tienda online se indican con los productos. El precio est\u00e1 sujeto a gastos de env\u00edo. Todos los precios est\u00e1n en euros.  <\/p>\n\n<p>Los gastos de env\u00edo dependen de la ubicaci\u00f3n del comprador y del m\u00e9todo de env\u00edo elegido. El coste exacto se mostrar\u00e1 al realizar el pedido. <\/p>\n\n<p>La informaci\u00f3n sobre el producto est\u00e1 disponible en la tienda online del producto.<\/p>\n\n<hr class=\"wp-block-separator has-alpha-channel-opacity\"\/>\n\n<h3 class=\"wp-block-heading\">Hacer un pedido<\/h3>\n\n<p>Para hacer un pedido, tienes que a\u00f1adir los productos deseados a la cesta de la compra, rellenar los campos de informaci\u00f3n necesarios y seleccionar el m\u00e9todo de entrega apropiado. A continuaci\u00f3n se te mostrar\u00e1 el importe a pagar, que podr\u00e1s abonar de forma segura utilizando los siguientes m\u00e9todos de pago: <\/p>\n\n<ul class=\"wp-block-list\">\n<li>Enlaces bancarios estonios, finlandeses, letones y lituanos<\/li>\n\n\n\n<li>Pagos con tarjeta Visa\/Mastercard<\/li>\n\n\n\n<li>Apple Pay y Google Pay<\/li>\n\n\n\n<li>Soluciones de pago aplazado<\/li>\n\n\n\n<li>Tarjeta regalo Kniks<\/li>\n<\/ul>\n\n<p><strong>\u00a1NB!<\/strong>  Cuando pagues por transferencia bancaria, aseg\u00farate de hacer clic en el bot\u00f3n \u00abVolver al comerciante\u00bb de la p\u00e1gina del banco.<\/p>\n\n<p>Los pagos son intermediados por <strong>Maksekeskus AS.<\/strong> El pago se realiza fuera de la Tienda Online en un entorno seguro. El comerciante no tiene acceso a los datos bancarios y de la tarjeta del cliente. El contrato de venta entra en vigor en cuanto el dinero se ha abonado en la cuenta de la Tienda Online.   <\/p>\n\n<p>La tienda online env\u00eda los datos personales necesarios para realizar los pagos a Maksekeskus AS.<\/p>\n\n<p>Si la mercanc\u00eda pedida no puede entregarse (por ejemplo, el producto est\u00e1 agotado), se informar\u00e1 inmediatamente al comprador y se le reembolsar\u00e1 el importe pagado, incluidos los gastos de env\u00edo, en un plazo m\u00e1ximo de 14 d\u00edas.<\/p>\n\n<hr class=\"wp-block-separator has-alpha-channel-opacity\"\/>\n\n<h3 class=\"wp-block-heading\">Entrega a<\/h3>\n\n<p>Las mercanc\u00edas se env\u00edan a <strong>Estonia, Finlandia, Letonia y Lituania.<\/strong><\/p>\n\n<p>Para recoger la mercanc\u00eda, el comprador puede elegir entre los siguientes m\u00e9todos de entrega:<\/p>\n\n<ul class=\"wp-block-list\">\n<li><strong>M\u00e1quinas de paqueter\u00eda Omniva<\/strong><\/li>\n\n\n\n<li><strong>Servicio de mensajer\u00eda Awero<\/strong><\/li>\n<\/ul>\n\n<p>Los gastos de env\u00edo corren a cargo del comprador. La tarifa es visible al realizar el pedido con el m\u00e9todo de env\u00edo seleccionado. <\/p>\n\n<p>Los env\u00edos dentro de Estonia suelen llegar al comprador en un plazo de <strong>3 a 5 d\u00edas laborables<\/strong> desde la entrada en vigor del contrato de venta. Fuera de Estonia, la entrega puede tardar hasta <strong>14 d\u00edas naturales.<\/strong> <\/p>\n\n<p>En casos excepcionales, la Tienda Online tiene derecho a entregar la mercanc\u00eda en un plazo de 45 d\u00edas naturales.<\/p>\n\n<hr class=\"wp-block-separator has-alpha-channel-opacity\"\/>\n\n<h3 class=\"wp-block-heading\">Derecho de desistimiento<\/h3>\n\n<p>Tras la recepci\u00f3n del pedido, el comprador tiene derecho a rescindir el contrato electr\u00f3nico en un plazo de 14 d\u00edas.<\/p>\n\n<p><strong>El derecho de desistimiento no se aplica si el comprador es una persona jur\u00eddica.<\/strong><\/p>\n\n<p>Para ejercer el derecho de desistimiento, el producto no podr\u00e1 utilizarse de forma distinta a la necesaria para conocer su naturaleza, caracter\u00edsticas y prestaciones.<\/p>\n\n<p>Si los bienes se han utilizado m\u00e1s de lo permitido o si hay rastros de uso, Veebipoel tiene derecho a reducir el importe reembolsable en funci\u00f3n de la reducci\u00f3n de valor.<\/p>\n\n<p><strong>Para devolver los productos, debes enviar una solicitud de cancelaci\u00f3n a <a>info@awero.ee<\/a><\/strong> en un plazo de 14 d\u00edas a partir de la recepci\u00f3n de los productos.<\/p>\n\n<p>Los gastos de devoluci\u00f3n de la mercanc\u00eda corren a cargo del comprador, a menos que el producto no se corresponda con lo que se pidi\u00f3 (por ejemplo, producto equivocado o defectuoso).<\/p>\n\n<p>El comprador debe devolver la mercanc\u00eda en un plazo de 14 d\u00edas a partir del env\u00edo de la notificaci\u00f3n de cancelaci\u00f3n o presentar una prueba de que la ha entregado al transportista.<\/p>\n\n<p>La tienda online reembolsar\u00e1 el importe pagado (incluidos los gastos de env\u00edo) sin demora, pero en un plazo m\u00e1ximo de 14 d\u00edas a partir de la fecha de recepci\u00f3n de la solicitud de desistimiento.<\/p>\n\n<p>La tienda online puede esperar para reembolsar hasta que haya recibido la mercanc\u00eda de vuelta o el comprador haya aportado una prueba de ello.<\/p>\n\n<p>Si el comprador eligi\u00f3 un m\u00e9todo de env\u00edo m\u00e1s caro que el est\u00e1ndar, s\u00f3lo se reembolsar\u00e1 el coste del env\u00edo est\u00e1ndar.<\/p>\n\n<p>La tienda online tiene derecho a rescindir el contrato de venta si el precio era enga\u00f1osamente muy inferior al precio de mercado.<\/p>\n\n<hr class=\"wp-block-separator has-alpha-channel-opacity\"\/>\n\n<h3 class=\"wp-block-heading\">Derecho a presentar una denuncia<\/h3>\n\n<p>La tienda online responder\u00e1 de la falta de conformidad de los bienes con los t\u00e9rminos del contrato durante un plazo de hasta dos a\u00f1os desde la entrega de los bienes.<\/p>\n\n<p>Durante el primer a\u00f1o, se presume que la deficiencia ya exist\u00eda en el momento de la transferencia -la carga de la prueba recae en Veebipoel-.<\/p>\n\n<p>En caso de deficiencia, debe enviarse una reclamaci\u00f3n en el plazo m\u00e1ximo de dos meses por correo electr\u00f3nico a <strong><a>info@awero.ee<\/a><\/strong> o llamando al <strong>+372 5661 5676<\/strong>.<\/p>\n\n<p>La tienda online no se hace responsable de los defectos que se produzcan despu\u00e9s de la entrega de la mercanc\u00eda.<\/p>\n\n<p>En caso de defecto, el producto ser\u00e1 reparado o sustituido. Si esto no fuera posible, se reembolsar\u00e1n al comprador todas las cantidades abonadas en virtud del contrato. <\/p>\n\n<p>Las reclamaciones se contestar\u00e1n en un plazo de 15 d\u00edas.<\/p>\n\n<hr class=\"wp-block-separator has-alpha-channel-opacity\"\/>\n\n<h3 class=\"wp-block-heading\">Marketing directo y tratamiento de datos personales<\/h3>\n\n<p>La tienda online s\u00f3lo utiliza los datos del comprador para la tramitaci\u00f3n del pedido y la entrega. Los datos s\u00f3lo se transferir\u00e1n a los socios de entrega. <\/p>\n\n<p>S\u00f3lo se enviar\u00e1n boletines y ofertas si el comprador ha dado su consentimiento.<\/p>\n\n<p>El comprador tiene derecho a excluirse del marketing directo en cualquier momento enviando un correo electr\u00f3nico o siguiendo el enlace de exclusi\u00f3n que aparece al final del bolet\u00edn.<\/p>\n\n<hr class=\"wp-block-separator has-alpha-channel-opacity\"\/>\n\n<h3 class=\"wp-block-heading\">Resoluci\u00f3n de conflictos<\/h3>\n\n<p>Las reclamaciones deben enviarse a la siguiente direcci\u00f3n de correo electr\u00f3nico <strong><a>info@awero.ee<\/a><\/strong> o llamar al <strong>+372 5661 5676<\/strong>.<\/p>\n\n<p>Si no se puede encontrar una soluci\u00f3n, se puede contactar con el <strong>Comit\u00e9 de Disputas de los Consumidores<\/strong><a class=\"\" href=\"https:\/\/komisjon.ee\">(https:\/\/komisjon.ee)<\/a>. La revisi\u00f3n de la reclamaci\u00f3n es gratuita. <\/p>\n\n<p>Tambi\u00e9n puedes ponerte en contacto con la plataforma de resoluci\u00f3n de litigios en l\u00ednea de la Uni\u00f3n Europea: <a class=\"\" href=\"https:\/\/ec.europa.eu\/odr\">https:\/\/ec.europa.eu\/odr<\/a>.<\/p>\n","protected":false},"excerpt":{"rendered":"<p>El propietario de la tienda online Awero.ee (en lo sucesivo, la Tienda Online) es Awero O\u00dc (c\u00f3digo de registro 16456392), situada en el condado de Valga, parroquia de Otep\u00e4\u00e4, pueblo de Sihva, Vokipoe, 67301. Validez del contrato de venta, informaci\u00f3n comercial y de precios Los t\u00e9rminos y condiciones de venta se aplican a la compra [&hellip;]<\/p>\n","protected":false},"author":1,"featured_media":0,"parent":0,"menu_order":0,"comment_status":"closed","ping_status":"closed","template":"muugitingimused.php","meta":{"_acf_changed":false,"footnotes":""},"class_list":["post-9769","page","type-page","status-publish","hentry"],"acf":[],"yoast_head":"<!-- This site is optimized with the Yoast SEO plugin v26.8 - https:\/\/yoast.com\/product\/yoast-seo-wordpress\/ -->\n<title>Condiciones de venta - Awero - S\u00fcdamega L\u00f5una-Eestist<\/title>\n<meta name=\"robots\" content=\"index, follow, max-snippet:-1, max-image-preview:large, max-video-preview:-1\" \/>\n<link rel=\"canonical\" href=\"https:\/\/awero.ee\/es\/condiciones-de-venta\/\" \/>\n<meta property=\"og:locale\" content=\"es_ES\" \/>\n<meta property=\"og:type\" content=\"article\" \/>\n<meta property=\"og:title\" content=\"Condiciones de venta - Awero - S\u00fcdamega L\u00f5una-Eestist\" \/>\n<meta property=\"og:description\" content=\"El propietario de la tienda online Awero.ee (en lo sucesivo, la Tienda Online) es Awero O\u00dc (c\u00f3digo de registro 16456392), situada en el condado de Valga, parroquia de Otep\u00e4\u00e4, pueblo de Sihva, Vokipoe, 67301. Validez del contrato de venta, informaci\u00f3n comercial y de precios Los t\u00e9rminos y condiciones de venta se aplican a la compra [&hellip;]\" \/>\n<meta property=\"og:url\" content=\"https:\/\/awero.ee\/es\/condiciones-de-venta\/\" \/>\n<meta property=\"og:site_name\" content=\"Awero - S\u00fcdamega L\u00f5una-Eestist\" \/>\n<meta property=\"article:modified_time\" content=\"2025-11-04T06:54:23+00:00\" \/>\n<meta property=\"og:image\" content=\"https:\/\/awero.ee\/wp-content\/uploads\/2025\/06\/land.png\" \/>\n\t<meta property=\"og:image:width\" content=\"1200\" \/>\n\t<meta property=\"og:image:height\" content=\"675\" \/>\n\t<meta property=\"og:image:type\" content=\"image\/png\" \/>\n<meta name=\"twitter:card\" content=\"summary_large_image\" \/>\n<meta name=\"twitter:label1\" content=\"Tiempo de lectura\" \/>\n\t<meta name=\"twitter:data1\" content=\"6 minutos\" \/>\n<script type=\"application\/ld+json\" class=\"yoast-schema-graph\">{\"@context\":\"https:\/\/schema.org\",\"@graph\":[{\"@type\":\"WebPage\",\"@id\":\"https:\/\/awero.ee\/es\/condiciones-de-venta\/\",\"url\":\"https:\/\/awero.ee\/es\/condiciones-de-venta\/\",\"name\":\"Condiciones de venta - Awero - S\u00fcdamega L\u00f5una-Eestist\",\"isPartOf\":{\"@id\":\"https:\/\/awero.ee\/es\/#website\"},\"datePublished\":\"2025-07-07T08:51:39+00:00\",\"dateModified\":\"2025-11-04T06:54:23+00:00\",\"breadcrumb\":{\"@id\":\"https:\/\/awero.ee\/es\/condiciones-de-venta\/#breadcrumb\"},\"inLanguage\":\"es\",\"potentialAction\":[{\"@type\":\"ReadAction\",\"target\":[\"https:\/\/awero.ee\/es\/condiciones-de-venta\/\"]}]},{\"@type\":\"BreadcrumbList\",\"@id\":\"https:\/\/awero.ee\/es\/condiciones-de-venta\/#breadcrumb\",\"itemListElement\":[{\"@type\":\"ListItem\",\"position\":1,\"name\":\"Home\",\"item\":\"https:\/\/awero.ee\/es\/pagina-de-inicio\/\"},{\"@type\":\"ListItem\",\"position\":2,\"name\":\"Condiciones de venta\"}]},{\"@type\":\"WebSite\",\"@id\":\"https:\/\/awero.ee\/es\/#website\",\"url\":\"https:\/\/awero.ee\/es\/\",\"name\":\"Awero - S\u00fcdamega L\u00f5una Eestist\",\"description\":\"\",\"publisher\":{\"@id\":\"https:\/\/awero.ee\/es\/#organization\"},\"potentialAction\":[{\"@type\":\"SearchAction\",\"target\":{\"@type\":\"EntryPoint\",\"urlTemplate\":\"https:\/\/awero.ee\/es\/?s={search_term_string}\"},\"query-input\":{\"@type\":\"PropertyValueSpecification\",\"valueRequired\":true,\"valueName\":\"search_term_string\"}}],\"inLanguage\":\"es\"},{\"@type\":\"Organization\",\"@id\":\"https:\/\/awero.ee\/es\/#organization\",\"name\":\"Awero - S\u00fcdamega L\u00f5una Eestist\",\"url\":\"https:\/\/awero.ee\/es\/\",\"logo\":{\"@type\":\"ImageObject\",\"inLanguage\":\"es\",\"@id\":\"https:\/\/awero.ee\/es\/#\/schema\/logo\/image\/\",\"url\":\"https:\/\/awero.ee\/wp-content\/uploads\/2024\/07\/aweroplaceholder.jpg\",\"contentUrl\":\"https:\/\/awero.ee\/wp-content\/uploads\/2024\/07\/aweroplaceholder.jpg\",\"width\":1250,\"height\":834,\"caption\":\"Awero - S\u00fcdamega L\u00f5una Eestist\"},\"image\":{\"@id\":\"https:\/\/awero.ee\/es\/#\/schema\/logo\/image\/\"}}]}<\/script>\n<!-- \/ Yoast SEO plugin. -->","yoast_head_json":{"title":"Condiciones de venta - Awero - S\u00fcdamega L\u00f5una-Eestist","robots":{"index":"index","follow":"follow","max-snippet":"max-snippet:-1","max-image-preview":"max-image-preview:large","max-video-preview":"max-video-preview:-1"},"canonical":"https:\/\/awero.ee\/es\/condiciones-de-venta\/","og_locale":"es_ES","og_type":"article","og_title":"Condiciones de venta - Awero - S\u00fcdamega L\u00f5una-Eestist","og_description":"El propietario de la tienda online Awero.ee (en lo sucesivo, la Tienda Online) es Awero O\u00dc (c\u00f3digo de registro 16456392), situada en el condado de Valga, parroquia de Otep\u00e4\u00e4, pueblo de Sihva, Vokipoe, 67301. Validez del contrato de venta, informaci\u00f3n comercial y de precios Los t\u00e9rminos y condiciones de venta se aplican a la compra [&hellip;]","og_url":"https:\/\/awero.ee\/es\/condiciones-de-venta\/","og_site_name":"Awero - S\u00fcdamega L\u00f5una-Eestist","article_modified_time":"2025-11-04T06:54:23+00:00","og_image":[{"width":1200,"height":675,"url":"https:\/\/awero.ee\/wp-content\/uploads\/2025\/06\/land.png","type":"image\/png"}],"twitter_card":"summary_large_image","twitter_misc":{"Tiempo de lectura":"6 minutos"},"schema":{"@context":"https:\/\/schema.org","@graph":[{"@type":"WebPage","@id":"https:\/\/awero.ee\/es\/condiciones-de-venta\/","url":"https:\/\/awero.ee\/es\/condiciones-de-venta\/","name":"Condiciones de venta - Awero - S\u00fcdamega L\u00f5una-Eestist","isPartOf":{"@id":"https:\/\/awero.ee\/es\/#website"},"datePublished":"2025-07-07T08:51:39+00:00","dateModified":"2025-11-04T06:54:23+00:00","breadcrumb":{"@id":"https:\/\/awero.ee\/es\/condiciones-de-venta\/#breadcrumb"},"inLanguage":"es","potentialAction":[{"@type":"ReadAction","target":["https:\/\/awero.ee\/es\/condiciones-de-venta\/"]}]},{"@type":"BreadcrumbList","@id":"https:\/\/awero.ee\/es\/condiciones-de-venta\/#breadcrumb","itemListElement":[{"@type":"ListItem","position":1,"name":"Home","item":"https:\/\/awero.ee\/es\/pagina-de-inicio\/"},{"@type":"ListItem","position":2,"name":"Condiciones de venta"}]},{"@type":"WebSite","@id":"https:\/\/awero.ee\/es\/#website","url":"https:\/\/awero.ee\/es\/","name":"Awero - S\u00fcdamega L\u00f5una Eestist","description":"","publisher":{"@id":"https:\/\/awero.ee\/es\/#organization"},"potentialAction":[{"@type":"SearchAction","target":{"@type":"EntryPoint","urlTemplate":"https:\/\/awero.ee\/es\/?s={search_term_string}"},"query-input":{"@type":"PropertyValueSpecification","valueRequired":true,"valueName":"search_term_string"}}],"inLanguage":"es"},{"@type":"Organization","@id":"https:\/\/awero.ee\/es\/#organization","name":"Awero - S\u00fcdamega L\u00f5una Eestist","url":"https:\/\/awero.ee\/es\/","logo":{"@type":"ImageObject","inLanguage":"es","@id":"https:\/\/awero.ee\/es\/#\/schema\/logo\/image\/","url":"https:\/\/awero.ee\/wp-content\/uploads\/2024\/07\/aweroplaceholder.jpg","contentUrl":"https:\/\/awero.ee\/wp-content\/uploads\/2024\/07\/aweroplaceholder.jpg","width":1250,"height":834,"caption":"Awero - S\u00fcdamega L\u00f5una Eestist"},"image":{"@id":"https:\/\/awero.ee\/es\/#\/schema\/logo\/image\/"}}]}},"_links":{"self":[{"href":"https:\/\/awero.ee\/es\/wp-json\/wp\/v2\/pages\/9769","targetHints":{"allow":["GET"]}}],"collection":[{"href":"https:\/\/awero.ee\/es\/wp-json\/wp\/v2\/pages"}],"about":[{"href":"https:\/\/awero.ee\/es\/wp-json\/wp\/v2\/types\/page"}],"author":[{"embeddable":true,"href":"https:\/\/awero.ee\/es\/wp-json\/wp\/v2\/users\/1"}],"replies":[{"embeddable":true,"href":"https:\/\/awero.ee\/es\/wp-json\/wp\/v2\/comments?post=9769"}],"version-history":[{"count":1,"href":"https:\/\/awero.ee\/es\/wp-json\/wp\/v2\/pages\/9769\/revisions"}],"predecessor-version":[{"id":9770,"href":"https:\/\/awero.ee\/es\/wp-json\/wp\/v2\/pages\/9769\/revisions\/9770"}],"wp:attachment":[{"href":"https:\/\/awero.ee\/es\/wp-json\/wp\/v2\/media?parent=9769"}],"curies":[{"name":"wp","href":"https:\/\/api.w.org\/{rel}","templated":true}]}}