{"id":8670,"date":"2025-10-22T12:16:54","date_gmt":"2025-10-22T12:16:54","guid":{"rendered":"https:\/\/awero.ee\/toode\/water-chiller-g-05\/"},"modified":"2026-05-07T18:08:07","modified_gmt":"2026-05-07T18:08:07","slug":"water-chiller-g-05","status":"publish","type":"product","link":"https:\/\/awero.ee\/en\/toode\/water-chiller-g-05\/","title":{"rendered":"Water Chiller G-05"},"content":{"rendered":"<p><strong>The set includes:<\/strong><\/p>\n<p>\u2022 Water Chiller G-05 \/ 220 V \u2013 0.5 HP<br \/>\n\u2022 Connection fittings<\/p>\n<p>&nbsp;<\/p>\n<p><strong>The unit is ideal for Awero models <a href=\"https:\/\/awero.ee\/en\/toode\/icetub-100\/\">IceTub 100<\/a> and <a href=\"https:\/\/awero.ee\/en\/toode\/icon-icetub\/\">Icon IceTub.<\/a><\/strong><\/p>\n<p>&nbsp;<\/p>\n<p data-start=\"53\" data-end=\"74\"><strong>Technical Specifications <\/strong><\/p>\n<ul data-start=\"76\" data-end=\"505\">\n<li data-start=\"76\" data-end=\"104\">\n<p data-start=\"78\" data-end=\"104\">Power input: 695 W<\/p>\n<\/li>\n<li data-start=\"105\" data-end=\"130\">\n<p data-start=\"107\" data-end=\"130\">Frequency: 50 Hz<\/p>\n<\/li>\n<li data-start=\"131\" data-end=\"158\">\n<p data-start=\"133\" data-end=\"158\">Voltage: 220\u2013240 V<\/p>\n<\/li>\n<li data-start=\"159\" data-end=\"186\">\n<p data-start=\"161\" data-end=\"186\">Power consumption: 3.2 A<\/p>\n<\/li>\n<li data-start=\"187\" data-end=\"221\">\n<p data-start=\"189\" data-end=\"221\">Compressor power: 410 W<\/p>\n<\/li>\n<li data-start=\"222\" data-end=\"252\">\n<p data-start=\"224\" data-end=\"252\">Cooling capacity: 1200 W<\/p>\n<\/li>\n<li data-start=\"253\" data-end=\"275\">\n<p data-start=\"255\" data-end=\"275\">Refrigerant: R32<\/p>\n<\/li>\n<li data-start=\"276\" data-end=\"313\">\n<p data-start=\"278\" data-end=\"313\">Cooling temperature: down to 3 \u00b0C<\/p>\n<\/li>\n<li data-start=\"314\" data-end=\"356\">\n<p data-start=\"316\" data-end=\"356\">Cooling time: from 20 \u00b0C to 3 \u00b0C \u2248 8 hours<\/p>\n<\/li>\n<li data-start=\"357\" data-end=\"392\">\n<p data-start=\"359\" data-end=\"392\">T\u00f6\u00f6vahemik: 2 \u00b0C kuni 45 \u00b0C<\/p>\n<\/li>\n<li data-start=\"393\" data-end=\"426\">\n<p data-start=\"395\" data-end=\"426\">Water volume: 300\u2013400 L<\/p>\n<\/li>\n<li data-start=\"427\" data-end=\"452\">\n<p data-start=\"429\" data-end=\"452\">Net weight: 22.2 kg<\/p>\n<\/li>\n<li data-start=\"453\" data-end=\"505\">\n<p data-start=\"455\" data-end=\"505\">Product dimensions (L \u00d7 W \u00d7 H): 375 \u00d7 300 \u00d7 345 mm<\/p>\n<\/li>\n<\/ul>\n","protected":false},"excerpt":{"rendered":"<p>Water chiller unit for cold plunge tubs, capable of cooling up to 400 L of water down to 3 \u00b0C.<\/p>\n<p>The device operates within a temperature range of 2 \u00b0C to 45 \u00b0C.<\/p>\n<p><strong>Currently out of stock.<\/strong><\/p>\n<p><strong>Available again from the beginning of December.<\/strong><\/p>\n","protected":false},"featured_media":8604,"template":"","meta":{"_acf_changed":false},"product_brand":[],"product_cat":[383,1096],"product_tag":[],"class_list":{"0":"post-8670","1":"product","2":"type-product","3":"status-publish","4":"has-post-thumbnail","6":"product_cat-accessories","7":"product_cat-uncategorized-et-en","9":"first","10":"instock","11":"shipping-taxable","12":"product-type-simple"},"acf":[],"yoast_head":"<!-- This site is optimized with the Yoast SEO plugin v27.5 - https:\/\/yoast.com\/product\/yoast-seo-wordpress\/ -->\n<title>Water Chiller G-05 - Awero - S\u00fcdamega L\u00f5una-Eestist<\/title>\n<meta name=\"robots\" content=\"index, follow, max-snippet:-1, max-image-preview:large, max-video-preview:-1\" \/>\n<link rel=\"canonical\" href=\"https:\/\/awero.ee\/en\/toode\/water-chiller-g-05\/\" \/>\n<meta property=\"og:locale\" content=\"en_US\" \/>\n<meta property=\"og:type\" content=\"article\" \/>\n<meta property=\"og:title\" content=\"Water Chiller G-05 - Awero - S\u00fcdamega L\u00f5una-Eestist\" \/>\n<meta property=\"og:description\" content=\"Water chiller unit for cold plunge tubs, capable of cooling up to 400 L of water down to 3 \u00b0C.  The device operates within a temperature range of 2 \u00b0C to 45 \u00b0C.  Currently out of stock.  Available again from the beginning of December.\" \/>\n<meta property=\"og:url\" content=\"https:\/\/awero.ee\/en\/toode\/water-chiller-g-05\/\" \/>\n<meta property=\"og:site_name\" content=\"Awero - S\u00fcdamega L\u00f5una-Eestist\" \/>\n<meta property=\"article:modified_time\" content=\"2026-05-07T18:08:07+00:00\" \/>\n<meta property=\"og:image\" content=\"https:\/\/awero.ee\/wp-content\/uploads\/2025\/10\/WhatsApp-Image-2025-04-18-at-11.53.42.jpeg\" \/>\n\t<meta property=\"og:image:width\" content=\"1600\" \/>\n\t<meta property=\"og:image:height\" content=\"1600\" \/>\n\t<meta property=\"og:image:type\" content=\"image\/jpeg\" \/>\n<meta name=\"twitter:card\" content=\"summary_large_image\" \/>\n<meta name=\"twitter:label1\" content=\"Est. reading time\" \/>\n\t<meta name=\"twitter:data1\" content=\"1 minute\" \/>\n<script type=\"application\/ld+json\" class=\"yoast-schema-graph\">{\"@context\":\"https:\\\/\\\/schema.org\",\"@graph\":[{\"@type\":\"WebPage\",\"@id\":\"https:\\\/\\\/awero.ee\\\/en\\\/toode\\\/water-chiller-g-05\\\/\",\"url\":\"https:\\\/\\\/awero.ee\\\/en\\\/toode\\\/water-chiller-g-05\\\/\",\"name\":\"Water Chiller G-05 - Awero - S\u00fcdamega L\u00f5una-Eestist\",\"isPartOf\":{\"@id\":\"https:\\\/\\\/awero.ee\\\/en\\\/#website\"},\"primaryImageOfPage\":{\"@id\":\"https:\\\/\\\/awero.ee\\\/en\\\/toode\\\/water-chiller-g-05\\\/#primaryimage\"},\"image\":{\"@id\":\"https:\\\/\\\/awero.ee\\\/en\\\/toode\\\/water-chiller-g-05\\\/#primaryimage\"},\"thumbnailUrl\":\"https:\\\/\\\/awero.ee\\\/wp-content\\\/uploads\\\/2025\\\/10\\\/WhatsApp-Image-2025-04-18-at-11.53.42.jpeg\",\"datePublished\":\"2025-10-22T12:16:54+00:00\",\"dateModified\":\"2026-05-07T18:08:07+00:00\",\"breadcrumb\":{\"@id\":\"https:\\\/\\\/awero.ee\\\/en\\\/toode\\\/water-chiller-g-05\\\/#breadcrumb\"},\"inLanguage\":\"en-US\",\"potentialAction\":[{\"@type\":\"ReadAction\",\"target\":[\"https:\\\/\\\/awero.ee\\\/en\\\/toode\\\/water-chiller-g-05\\\/\"]}]},{\"@type\":\"ImageObject\",\"inLanguage\":\"en-US\",\"@id\":\"https:\\\/\\\/awero.ee\\\/en\\\/toode\\\/water-chiller-g-05\\\/#primaryimage\",\"url\":\"https:\\\/\\\/awero.ee\\\/wp-content\\\/uploads\\\/2025\\\/10\\\/WhatsApp-Image-2025-04-18-at-11.53.42.jpeg\",\"contentUrl\":\"https:\\\/\\\/awero.ee\\\/wp-content\\\/uploads\\\/2025\\\/10\\\/WhatsApp-Image-2025-04-18-at-11.53.42.jpeg\",\"width\":1600,\"height\":1600},{\"@type\":\"BreadcrumbList\",\"@id\":\"https:\\\/\\\/awero.ee\\\/en\\\/toode\\\/water-chiller-g-05\\\/#breadcrumb\",\"itemListElement\":[{\"@type\":\"ListItem\",\"position\":1,\"name\":\"Home\",\"item\":\"https:\\\/\\\/awero.ee\\\/en\\\/frontpage\\\/\"},{\"@type\":\"ListItem\",\"position\":2,\"name\":\"Shop\",\"item\":\"https:\\\/\\\/awero.ee\\\/en\\\/shop\\\/\"},{\"@type\":\"ListItem\",\"position\":3,\"name\":\"Water Chiller G-05\"}]},{\"@type\":\"WebSite\",\"@id\":\"https:\\\/\\\/awero.ee\\\/en\\\/#website\",\"url\":\"https:\\\/\\\/awero.ee\\\/en\\\/\",\"name\":\"Awero - S\u00fcdamega L\u00f5una Eestist\",\"description\":\"\",\"publisher\":{\"@id\":\"https:\\\/\\\/awero.ee\\\/en\\\/#organization\"},\"potentialAction\":[{\"@type\":\"SearchAction\",\"target\":{\"@type\":\"EntryPoint\",\"urlTemplate\":\"https:\\\/\\\/awero.ee\\\/en\\\/?s={search_term_string}\"},\"query-input\":{\"@type\":\"PropertyValueSpecification\",\"valueRequired\":true,\"valueName\":\"search_term_string\"}}],\"inLanguage\":\"en-US\"},{\"@type\":\"Organization\",\"@id\":\"https:\\\/\\\/awero.ee\\\/en\\\/#organization\",\"name\":\"Awero - S\u00fcdamega L\u00f5una Eestist\",\"url\":\"https:\\\/\\\/awero.ee\\\/en\\\/\",\"logo\":{\"@type\":\"ImageObject\",\"inLanguage\":\"en-US\",\"@id\":\"https:\\\/\\\/awero.ee\\\/en\\\/#\\\/schema\\\/logo\\\/image\\\/\",\"url\":\"https:\\\/\\\/awero.ee\\\/wp-content\\\/uploads\\\/2024\\\/07\\\/aweroplaceholder.jpg\",\"contentUrl\":\"https:\\\/\\\/awero.ee\\\/wp-content\\\/uploads\\\/2024\\\/07\\\/aweroplaceholder.jpg\",\"width\":1250,\"height\":834,\"caption\":\"Awero - S\u00fcdamega L\u00f5una Eestist\"},\"image\":{\"@id\":\"https:\\\/\\\/awero.ee\\\/en\\\/#\\\/schema\\\/logo\\\/image\\\/\"}}]}<\/script>\n<!-- \/ Yoast SEO plugin. -->","yoast_head_json":{"title":"Water Chiller G-05 - Awero - S\u00fcdamega L\u00f5una-Eestist","robots":{"index":"index","follow":"follow","max-snippet":"max-snippet:-1","max-image-preview":"max-image-preview:large","max-video-preview":"max-video-preview:-1"},"canonical":"https:\/\/awero.ee\/en\/toode\/water-chiller-g-05\/","og_locale":"en_US","og_type":"article","og_title":"Water Chiller G-05 - Awero - S\u00fcdamega L\u00f5una-Eestist","og_description":"Water chiller unit for cold plunge tubs, capable of cooling up to 400 L of water down to 3 \u00b0C.  The device operates within a temperature range of 2 \u00b0C to 45 \u00b0C.  Currently out of stock.  Available again from the beginning of December.","og_url":"https:\/\/awero.ee\/en\/toode\/water-chiller-g-05\/","og_site_name":"Awero - S\u00fcdamega L\u00f5una-Eestist","article_modified_time":"2026-05-07T18:08:07+00:00","og_image":[{"width":1600,"height":1600,"url":"https:\/\/awero.ee\/wp-content\/uploads\/2025\/10\/WhatsApp-Image-2025-04-18-at-11.53.42.jpeg","type":"image\/jpeg"}],"twitter_card":"summary_large_image","twitter_misc":{"Est. reading time":"1 minute"},"schema":{"@context":"https:\/\/schema.org","@graph":[{"@type":"WebPage","@id":"https:\/\/awero.ee\/en\/toode\/water-chiller-g-05\/","url":"https:\/\/awero.ee\/en\/toode\/water-chiller-g-05\/","name":"Water Chiller G-05 - Awero - S\u00fcdamega L\u00f5una-Eestist","isPartOf":{"@id":"https:\/\/awero.ee\/en\/#website"},"primaryImageOfPage":{"@id":"https:\/\/awero.ee\/en\/toode\/water-chiller-g-05\/#primaryimage"},"image":{"@id":"https:\/\/awero.ee\/en\/toode\/water-chiller-g-05\/#primaryimage"},"thumbnailUrl":"https:\/\/awero.ee\/wp-content\/uploads\/2025\/10\/WhatsApp-Image-2025-04-18-at-11.53.42.jpeg","datePublished":"2025-10-22T12:16:54+00:00","dateModified":"2026-05-07T18:08:07+00:00","breadcrumb":{"@id":"https:\/\/awero.ee\/en\/toode\/water-chiller-g-05\/#breadcrumb"},"inLanguage":"en-US","potentialAction":[{"@type":"ReadAction","target":["https:\/\/awero.ee\/en\/toode\/water-chiller-g-05\/"]}]},{"@type":"ImageObject","inLanguage":"en-US","@id":"https:\/\/awero.ee\/en\/toode\/water-chiller-g-05\/#primaryimage","url":"https:\/\/awero.ee\/wp-content\/uploads\/2025\/10\/WhatsApp-Image-2025-04-18-at-11.53.42.jpeg","contentUrl":"https:\/\/awero.ee\/wp-content\/uploads\/2025\/10\/WhatsApp-Image-2025-04-18-at-11.53.42.jpeg","width":1600,"height":1600},{"@type":"BreadcrumbList","@id":"https:\/\/awero.ee\/en\/toode\/water-chiller-g-05\/#breadcrumb","itemListElement":[{"@type":"ListItem","position":1,"name":"Home","item":"https:\/\/awero.ee\/en\/frontpage\/"},{"@type":"ListItem","position":2,"name":"Shop","item":"https:\/\/awero.ee\/en\/shop\/"},{"@type":"ListItem","position":3,"name":"Water Chiller G-05"}]},{"@type":"WebSite","@id":"https:\/\/awero.ee\/en\/#website","url":"https:\/\/awero.ee\/en\/","name":"Awero - S\u00fcdamega L\u00f5una Eestist","description":"","publisher":{"@id":"https:\/\/awero.ee\/en\/#organization"},"potentialAction":[{"@type":"SearchAction","target":{"@type":"EntryPoint","urlTemplate":"https:\/\/awero.ee\/en\/?s={search_term_string}"},"query-input":{"@type":"PropertyValueSpecification","valueRequired":true,"valueName":"search_term_string"}}],"inLanguage":"en-US"},{"@type":"Organization","@id":"https:\/\/awero.ee\/en\/#organization","name":"Awero - S\u00fcdamega L\u00f5una Eestist","url":"https:\/\/awero.ee\/en\/","logo":{"@type":"ImageObject","inLanguage":"en-US","@id":"https:\/\/awero.ee\/en\/#\/schema\/logo\/image\/","url":"https:\/\/awero.ee\/wp-content\/uploads\/2024\/07\/aweroplaceholder.jpg","contentUrl":"https:\/\/awero.ee\/wp-content\/uploads\/2024\/07\/aweroplaceholder.jpg","width":1250,"height":834,"caption":"Awero - S\u00fcdamega L\u00f5una Eestist"},"image":{"@id":"https:\/\/awero.ee\/en\/#\/schema\/logo\/image\/"}}]}},"_links":{"self":[{"href":"https:\/\/awero.ee\/en\/wp-json\/wp\/v2\/product\/8670","targetHints":{"allow":["GET"]}}],"collection":[{"href":"https:\/\/awero.ee\/en\/wp-json\/wp\/v2\/product"}],"about":[{"href":"https:\/\/awero.ee\/en\/wp-json\/wp\/v2\/types\/product"}],"wp:featuredmedia":[{"embeddable":true,"href":"https:\/\/awero.ee\/en\/wp-json\/wp\/v2\/media\/8604"}],"wp:attachment":[{"href":"https:\/\/awero.ee\/en\/wp-json\/wp\/v2\/media?parent=8670"}],"wp:term":[{"taxonomy":"product_brand","embeddable":true,"href":"https:\/\/awero.ee\/en\/wp-json\/wp\/v2\/product_brand?post=8670"},{"taxonomy":"product_cat","embeddable":true,"href":"https:\/\/awero.ee\/en\/wp-json\/wp\/v2\/product_cat?post=8670"},{"taxonomy":"product_tag","embeddable":true,"href":"https:\/\/awero.ee\/en\/wp-json\/wp\/v2\/product_tag?post=8670"}],"curies":[{"name":"wp","href":"https:\/\/api.w.org\/{rel}","templated":true}]}}