{"id":14610,"date":"2026-04-15T08:45:06","date_gmt":"2026-04-15T08:45:06","guid":{"rendered":"https:\/\/awero.ee\/?post_type=product&#038;p=14610"},"modified":"2026-04-15T08:45:43","modified_gmt":"2026-04-15T08:45:43","slug":"valikaimla-naturaalsest-kuusest-2","status":"publish","type":"product","link":"https:\/\/awero.ee\/en\/toode\/valikaimla-naturaalsest-kuusest-2\/","title":{"rendered":"V\u00e4lik\u00e4imla naturaalsest kuusest"},"content":{"rendered":"<ul>\n<li>Toode on kokku pandud ja kasutamiseks valmis<\/li>\n<\/ul>\n","protected":false},"excerpt":{"rendered":"<p>Toode on kokku pandud ja kasutamiseks valmis<\/p>\n","protected":false},"featured_media":2772,"template":"","meta":{"_acf_changed":false},"product_brand":[],"product_cat":[311,1921],"product_tag":[],"class_list":{"0":"post-14610","1":"product","2":"type-product","3":"status-publish","4":"has-post-thumbnail","6":"product_cat-laotooted","7":"product_cat-aiatooted-ladu","9":"first","10":"instock","11":"shipping-taxable","12":"product-type-simple"},"acf":[],"yoast_head":"<!-- This site is optimized with the Yoast SEO plugin v26.8 - https:\/\/yoast.com\/product\/yoast-seo-wordpress\/ -->\n<title>V\u00e4lik\u00e4imla naturaalsest kuusest - Awero - S\u00fcdamega L\u00f5una-Eestist<\/title>\n<meta name=\"robots\" content=\"index, follow, max-snippet:-1, max-image-preview:large, max-video-preview:-1\" \/>\n<link rel=\"canonical\" href=\"https:\/\/awero.ee\/en\/toode\/valikaimla-naturaalsest-kuusest-2\/\" \/>\n<meta property=\"og:locale\" content=\"en_US\" \/>\n<meta property=\"og:type\" content=\"article\" \/>\n<meta property=\"og:title\" content=\"V\u00e4lik\u00e4imla naturaalsest kuusest - Awero - S\u00fcdamega L\u00f5una-Eestist\" \/>\n<meta property=\"og:description\" content=\"Toode on kokku pandud ja kasutamiseks valmis\" \/>\n<meta property=\"og:url\" content=\"https:\/\/awero.ee\/en\/toode\/valikaimla-naturaalsest-kuusest-2\/\" \/>\n<meta property=\"og:site_name\" content=\"Awero - S\u00fcdamega L\u00f5una-Eestist\" \/>\n<meta property=\"article:modified_time\" content=\"2026-04-15T08:45:43+00:00\" \/>\n<meta property=\"og:image\" content=\"https:\/\/awero.ee\/wp-content\/uploads\/2025\/04\/Valiwc_kuusk_w.png\" \/>\n\t<meta property=\"og:image:width\" content=\"1076\" \/>\n\t<meta property=\"og:image:height\" content=\"718\" \/>\n\t<meta property=\"og:image:type\" content=\"image\/png\" \/>\n<meta name=\"twitter:card\" content=\"summary_large_image\" \/>\n<meta name=\"twitter:label1\" content=\"Est. reading time\" \/>\n\t<meta name=\"twitter:data1\" content=\"1 minute\" \/>\n<script type=\"application\/ld+json\" class=\"yoast-schema-graph\">{\"@context\":\"https:\/\/schema.org\",\"@graph\":[{\"@type\":\"WebPage\",\"@id\":\"https:\/\/awero.ee\/en\/toode\/valikaimla-naturaalsest-kuusest-2\/\",\"url\":\"https:\/\/awero.ee\/en\/toode\/valikaimla-naturaalsest-kuusest-2\/\",\"name\":\"V\u00e4lik\u00e4imla naturaalsest kuusest - Awero - S\u00fcdamega L\u00f5una-Eestist\",\"isPartOf\":{\"@id\":\"https:\/\/awero.ee\/en\/#website\"},\"primaryImageOfPage\":{\"@id\":\"https:\/\/awero.ee\/en\/toode\/valikaimla-naturaalsest-kuusest-2\/#primaryimage\"},\"image\":{\"@id\":\"https:\/\/awero.ee\/en\/toode\/valikaimla-naturaalsest-kuusest-2\/#primaryimage\"},\"thumbnailUrl\":\"https:\/\/awero.ee\/wp-content\/uploads\/2025\/04\/Valiwc_kuusk_w.png\",\"datePublished\":\"2026-04-15T08:45:06+00:00\",\"dateModified\":\"2026-04-15T08:45:43+00:00\",\"breadcrumb\":{\"@id\":\"https:\/\/awero.ee\/en\/toode\/valikaimla-naturaalsest-kuusest-2\/#breadcrumb\"},\"inLanguage\":\"en-US\",\"potentialAction\":[{\"@type\":\"ReadAction\",\"target\":[\"https:\/\/awero.ee\/en\/toode\/valikaimla-naturaalsest-kuusest-2\/\"]}]},{\"@type\":\"ImageObject\",\"inLanguage\":\"en-US\",\"@id\":\"https:\/\/awero.ee\/en\/toode\/valikaimla-naturaalsest-kuusest-2\/#primaryimage\",\"url\":\"https:\/\/awero.ee\/wp-content\/uploads\/2025\/04\/Valiwc_kuusk_w.png\",\"contentUrl\":\"https:\/\/awero.ee\/wp-content\/uploads\/2025\/04\/Valiwc_kuusk_w.png\",\"width\":1076,\"height\":718},{\"@type\":\"BreadcrumbList\",\"@id\":\"https:\/\/awero.ee\/en\/toode\/valikaimla-naturaalsest-kuusest-2\/#breadcrumb\",\"itemListElement\":[{\"@type\":\"ListItem\",\"position\":1,\"name\":\"Home\",\"item\":\"https:\/\/awero.ee\/en\/frontpage\/\"},{\"@type\":\"ListItem\",\"position\":2,\"name\":\"Shop\",\"item\":\"https:\/\/awero.ee\/en\/shop\/\"},{\"@type\":\"ListItem\",\"position\":3,\"name\":\"V\u00e4lik\u00e4imla naturaalsest kuusest\"}]},{\"@type\":\"WebSite\",\"@id\":\"https:\/\/awero.ee\/en\/#website\",\"url\":\"https:\/\/awero.ee\/en\/\",\"name\":\"Awero - S\u00fcdamega L\u00f5una Eestist\",\"description\":\"\",\"publisher\":{\"@id\":\"https:\/\/awero.ee\/en\/#organization\"},\"potentialAction\":[{\"@type\":\"SearchAction\",\"target\":{\"@type\":\"EntryPoint\",\"urlTemplate\":\"https:\/\/awero.ee\/en\/?s={search_term_string}\"},\"query-input\":{\"@type\":\"PropertyValueSpecification\",\"valueRequired\":true,\"valueName\":\"search_term_string\"}}],\"inLanguage\":\"en-US\"},{\"@type\":\"Organization\",\"@id\":\"https:\/\/awero.ee\/en\/#organization\",\"name\":\"Awero - S\u00fcdamega L\u00f5una Eestist\",\"url\":\"https:\/\/awero.ee\/en\/\",\"logo\":{\"@type\":\"ImageObject\",\"inLanguage\":\"en-US\",\"@id\":\"https:\/\/awero.ee\/en\/#\/schema\/logo\/image\/\",\"url\":\"https:\/\/awero.ee\/wp-content\/uploads\/2024\/07\/aweroplaceholder.jpg\",\"contentUrl\":\"https:\/\/awero.ee\/wp-content\/uploads\/2024\/07\/aweroplaceholder.jpg\",\"width\":1250,\"height\":834,\"caption\":\"Awero - S\u00fcdamega L\u00f5una Eestist\"},\"image\":{\"@id\":\"https:\/\/awero.ee\/en\/#\/schema\/logo\/image\/\"}}]}<\/script>\n<!-- \/ Yoast SEO plugin. -->","yoast_head_json":{"title":"V\u00e4lik\u00e4imla naturaalsest kuusest - Awero - S\u00fcdamega L\u00f5una-Eestist","robots":{"index":"index","follow":"follow","max-snippet":"max-snippet:-1","max-image-preview":"max-image-preview:large","max-video-preview":"max-video-preview:-1"},"canonical":"https:\/\/awero.ee\/en\/toode\/valikaimla-naturaalsest-kuusest-2\/","og_locale":"en_US","og_type":"article","og_title":"V\u00e4lik\u00e4imla naturaalsest kuusest - Awero - S\u00fcdamega L\u00f5una-Eestist","og_description":"Toode on kokku pandud ja kasutamiseks valmis","og_url":"https:\/\/awero.ee\/en\/toode\/valikaimla-naturaalsest-kuusest-2\/","og_site_name":"Awero - S\u00fcdamega L\u00f5una-Eestist","article_modified_time":"2026-04-15T08:45:43+00:00","og_image":[{"width":1076,"height":718,"url":"https:\/\/awero.ee\/wp-content\/uploads\/2025\/04\/Valiwc_kuusk_w.png","type":"image\/png"}],"twitter_card":"summary_large_image","twitter_misc":{"Est. reading time":"1 minute"},"schema":{"@context":"https:\/\/schema.org","@graph":[{"@type":"WebPage","@id":"https:\/\/awero.ee\/en\/toode\/valikaimla-naturaalsest-kuusest-2\/","url":"https:\/\/awero.ee\/en\/toode\/valikaimla-naturaalsest-kuusest-2\/","name":"V\u00e4lik\u00e4imla naturaalsest kuusest - Awero - S\u00fcdamega L\u00f5una-Eestist","isPartOf":{"@id":"https:\/\/awero.ee\/en\/#website"},"primaryImageOfPage":{"@id":"https:\/\/awero.ee\/en\/toode\/valikaimla-naturaalsest-kuusest-2\/#primaryimage"},"image":{"@id":"https:\/\/awero.ee\/en\/toode\/valikaimla-naturaalsest-kuusest-2\/#primaryimage"},"thumbnailUrl":"https:\/\/awero.ee\/wp-content\/uploads\/2025\/04\/Valiwc_kuusk_w.png","datePublished":"2026-04-15T08:45:06+00:00","dateModified":"2026-04-15T08:45:43+00:00","breadcrumb":{"@id":"https:\/\/awero.ee\/en\/toode\/valikaimla-naturaalsest-kuusest-2\/#breadcrumb"},"inLanguage":"en-US","potentialAction":[{"@type":"ReadAction","target":["https:\/\/awero.ee\/en\/toode\/valikaimla-naturaalsest-kuusest-2\/"]}]},{"@type":"ImageObject","inLanguage":"en-US","@id":"https:\/\/awero.ee\/en\/toode\/valikaimla-naturaalsest-kuusest-2\/#primaryimage","url":"https:\/\/awero.ee\/wp-content\/uploads\/2025\/04\/Valiwc_kuusk_w.png","contentUrl":"https:\/\/awero.ee\/wp-content\/uploads\/2025\/04\/Valiwc_kuusk_w.png","width":1076,"height":718},{"@type":"BreadcrumbList","@id":"https:\/\/awero.ee\/en\/toode\/valikaimla-naturaalsest-kuusest-2\/#breadcrumb","itemListElement":[{"@type":"ListItem","position":1,"name":"Home","item":"https:\/\/awero.ee\/en\/frontpage\/"},{"@type":"ListItem","position":2,"name":"Shop","item":"https:\/\/awero.ee\/en\/shop\/"},{"@type":"ListItem","position":3,"name":"V\u00e4lik\u00e4imla naturaalsest kuusest"}]},{"@type":"WebSite","@id":"https:\/\/awero.ee\/en\/#website","url":"https:\/\/awero.ee\/en\/","name":"Awero - S\u00fcdamega L\u00f5una Eestist","description":"","publisher":{"@id":"https:\/\/awero.ee\/en\/#organization"},"potentialAction":[{"@type":"SearchAction","target":{"@type":"EntryPoint","urlTemplate":"https:\/\/awero.ee\/en\/?s={search_term_string}"},"query-input":{"@type":"PropertyValueSpecification","valueRequired":true,"valueName":"search_term_string"}}],"inLanguage":"en-US"},{"@type":"Organization","@id":"https:\/\/awero.ee\/en\/#organization","name":"Awero - S\u00fcdamega L\u00f5una Eestist","url":"https:\/\/awero.ee\/en\/","logo":{"@type":"ImageObject","inLanguage":"en-US","@id":"https:\/\/awero.ee\/en\/#\/schema\/logo\/image\/","url":"https:\/\/awero.ee\/wp-content\/uploads\/2024\/07\/aweroplaceholder.jpg","contentUrl":"https:\/\/awero.ee\/wp-content\/uploads\/2024\/07\/aweroplaceholder.jpg","width":1250,"height":834,"caption":"Awero - S\u00fcdamega L\u00f5una Eestist"},"image":{"@id":"https:\/\/awero.ee\/en\/#\/schema\/logo\/image\/"}}]}},"_links":{"self":[{"href":"https:\/\/awero.ee\/en\/wp-json\/wp\/v2\/product\/14610","targetHints":{"allow":["GET"]}}],"collection":[{"href":"https:\/\/awero.ee\/en\/wp-json\/wp\/v2\/product"}],"about":[{"href":"https:\/\/awero.ee\/en\/wp-json\/wp\/v2\/types\/product"}],"wp:featuredmedia":[{"embeddable":true,"href":"https:\/\/awero.ee\/en\/wp-json\/wp\/v2\/media\/2772"}],"wp:attachment":[{"href":"https:\/\/awero.ee\/en\/wp-json\/wp\/v2\/media?parent=14610"}],"wp:term":[{"taxonomy":"product_brand","embeddable":true,"href":"https:\/\/awero.ee\/en\/wp-json\/wp\/v2\/product_brand?post=14610"},{"taxonomy":"product_cat","embeddable":true,"href":"https:\/\/awero.ee\/en\/wp-json\/wp\/v2\/product_cat?post=14610"},{"taxonomy":"product_tag","embeddable":true,"href":"https:\/\/awero.ee\/en\/wp-json\/wp\/v2\/product_tag?post=14610"}],"curies":[{"name":"wp","href":"https:\/\/api.w.org\/{rel}","templated":true}]}}