{"id":12175,"date":"2026-02-26T13:10:40","date_gmt":"2026-02-26T13:10:40","guid":{"rendered":"https:\/\/awero.ee\/?post_type=product&#038;p=12175"},"modified":"2026-04-01T12:31:34","modified_gmt":"2026-04-01T12:31:34","slug":"validuss","status":"publish","type":"product","link":"https:\/\/awero.ee\/en\/toode\/validuss\/","title":{"rendered":"V\u00e4lidu\u0161\u0161"},"content":{"rendered":"<ul>\n<li data-start=\"1737\" data-end=\"1759\">\n<p data-start=\"1739\" data-end=\"1759\">Tugev puidust raam<\/p>\n<\/li>\n<li data-start=\"1795\" data-end=\"1830\">\n<p data-start=\"1797\" data-end=\"1830\">Sobib hooajaliseks kasutamiseks.<\/p>\n<\/li>\n<li data-start=\"1831\" data-end=\"1895\">\n<p data-start=\"1833\" data-end=\"1895\">V\u00f5imalik \u00fchendada aiavooliku v\u00f5i statsionaarse vee\u00fchendusega<\/p>\n<\/li>\n<\/ul>\n<p data-start=\"247\" data-end=\"262\"><strong data-start=\"247\" data-end=\"260\">Alusraam:<\/strong><\/p>\n<ul data-start=\"263\" data-end=\"329\">\n<li data-start=\"263\" data-end=\"286\">\n<p data-start=\"265\" data-end=\"286\">Pikkus: <strong data-start=\"273\" data-end=\"284\">1265 mm<\/strong><\/p>\n<\/li>\n<li data-start=\"287\" data-end=\"308\">\n<p data-start=\"289\" data-end=\"308\">Laius: <strong data-start=\"296\" data-end=\"306\">960 mm<\/strong><\/p>\n<\/li>\n<li data-start=\"309\" data-end=\"329\">\n<p data-start=\"311\" data-end=\"329\">K\u00f5rgus: <strong data-start=\"319\" data-end=\"329\">120 mm<\/strong><\/p>\n<\/li>\n<\/ul>\n<p data-start=\"331\" data-end=\"361\"><strong data-start=\"331\" data-end=\"359\">Du\u0161ip\u00fcstak (kandev osa):<\/strong><\/p>\n<ul data-start=\"362\" data-end=\"428\">\n<li data-start=\"362\" data-end=\"385\">\n<p data-start=\"364\" data-end=\"385\">K\u00f5rgus: <strong data-start=\"372\" data-end=\"383\">2085 mm<\/strong><\/p>\n<\/li>\n<li data-start=\"386\" data-end=\"407\">\n<p data-start=\"388\" data-end=\"407\">Laius: <strong data-start=\"395\" data-end=\"405\">370 mm<\/strong><\/p>\n<\/li>\n<li data-start=\"408\" data-end=\"428\">\n<p data-start=\"410\" data-end=\"428\">Paksus: <strong data-start=\"418\" data-end=\"428\">130 mm<\/strong><\/p>\n<\/li>\n<\/ul>\n","protected":false},"excerpt":{"rendered":"<p>Lihtne, naturaalne ja praktiline v\u00e4lidu\u0161\u0161, mis sobib ideaalselt sauna k\u00f5rvale, suvilasse v\u00f5i koduaeda suviseks kasutamiseks. M\u00f5eldud eelk\u00f5ige k\u00fclma vee nautimiseks \u2013 kosutavaks karastuseks p\u00e4rast leili v\u00f5i v\u00e4rskenduseks kuumal p\u00e4eval.<\/p>\n<p>Toodet transporditakse kliendini alusel.<\/p>\n","protected":false},"featured_media":12176,"template":"","meta":{"_acf_changed":false},"product_brand":[],"product_cat":[316],"product_tag":[],"class_list":{"0":"post-12175","1":"product","2":"type-product","3":"status-publish","4":"has-post-thumbnail","6":"product_cat-aiatooted","8":"first","9":"instock","10":"shipping-taxable","11":"product-type-simple"},"acf":[],"yoast_head":"<!-- This site is optimized with the Yoast SEO plugin v26.8 - https:\/\/yoast.com\/product\/yoast-seo-wordpress\/ -->\n<title>V\u00e4lidu\u0161\u0161 - Awero - S\u00fcdamega L\u00f5una-Eestist<\/title>\n<meta name=\"robots\" content=\"index, follow, max-snippet:-1, max-image-preview:large, max-video-preview:-1\" \/>\n<link rel=\"canonical\" href=\"https:\/\/awero.ee\/en\/toode\/validuss\/\" \/>\n<meta property=\"og:locale\" content=\"en_US\" \/>\n<meta property=\"og:type\" content=\"article\" \/>\n<meta property=\"og:title\" content=\"V\u00e4lidu\u0161\u0161 - Awero - S\u00fcdamega L\u00f5una-Eestist\" \/>\n<meta property=\"og:description\" content=\"Lihtne, naturaalne ja praktiline v\u00e4lidu\u0161\u0161, mis sobib ideaalselt sauna k\u00f5rvale, suvilasse v\u00f5i koduaeda suviseks kasutamiseks. M\u00f5eldud eelk\u00f5ige k\u00fclma vee nautimiseks \u2013 kosutavaks karastuseks p\u00e4rast leili v\u00f5i v\u00e4rskenduseks kuumal p\u00e4eval.  Toodet transporditakse kliendini alusel.\" \/>\n<meta property=\"og:url\" content=\"https:\/\/awero.ee\/en\/toode\/validuss\/\" \/>\n<meta property=\"og:site_name\" content=\"Awero - S\u00fcdamega L\u00f5una-Eestist\" \/>\n<meta property=\"article:modified_time\" content=\"2026-04-01T12:31:34+00:00\" \/>\n<meta property=\"og:image\" content=\"https:\/\/awero.ee\/wp-content\/uploads\/2026\/02\/1-kroom-scaled.jpg\" \/>\n\t<meta property=\"og:image:width\" content=\"2328\" \/>\n\t<meta property=\"og:image:height\" content=\"2560\" \/>\n\t<meta property=\"og:image:type\" content=\"image\/jpeg\" \/>\n<meta name=\"twitter:card\" content=\"summary_large_image\" \/>\n<meta name=\"twitter:label1\" content=\"Est. reading time\" \/>\n\t<meta name=\"twitter:data1\" content=\"1 minute\" \/>\n<script type=\"application\/ld+json\" class=\"yoast-schema-graph\">{\"@context\":\"https:\/\/schema.org\",\"@graph\":[{\"@type\":\"WebPage\",\"@id\":\"https:\/\/awero.ee\/en\/toode\/validuss\/\",\"url\":\"https:\/\/awero.ee\/en\/toode\/validuss\/\",\"name\":\"V\u00e4lidu\u0161\u0161 - Awero - S\u00fcdamega L\u00f5una-Eestist\",\"isPartOf\":{\"@id\":\"https:\/\/awero.ee\/en\/#website\"},\"primaryImageOfPage\":{\"@id\":\"https:\/\/awero.ee\/en\/toode\/validuss\/#primaryimage\"},\"image\":{\"@id\":\"https:\/\/awero.ee\/en\/toode\/validuss\/#primaryimage\"},\"thumbnailUrl\":\"https:\/\/awero.ee\/wp-content\/uploads\/2026\/02\/1-kroom-scaled.jpg\",\"datePublished\":\"2026-02-26T13:10:40+00:00\",\"dateModified\":\"2026-04-01T12:31:34+00:00\",\"breadcrumb\":{\"@id\":\"https:\/\/awero.ee\/en\/toode\/validuss\/#breadcrumb\"},\"inLanguage\":\"en-US\",\"potentialAction\":[{\"@type\":\"ReadAction\",\"target\":[\"https:\/\/awero.ee\/en\/toode\/validuss\/\"]}]},{\"@type\":\"ImageObject\",\"inLanguage\":\"en-US\",\"@id\":\"https:\/\/awero.ee\/en\/toode\/validuss\/#primaryimage\",\"url\":\"https:\/\/awero.ee\/wp-content\/uploads\/2026\/02\/1-kroom-scaled.jpg\",\"contentUrl\":\"https:\/\/awero.ee\/wp-content\/uploads\/2026\/02\/1-kroom-scaled.jpg\",\"width\":2328,\"height\":2560},{\"@type\":\"BreadcrumbList\",\"@id\":\"https:\/\/awero.ee\/en\/toode\/validuss\/#breadcrumb\",\"itemListElement\":[{\"@type\":\"ListItem\",\"position\":1,\"name\":\"Home\",\"item\":\"https:\/\/awero.ee\/en\/frontpage\/\"},{\"@type\":\"ListItem\",\"position\":2,\"name\":\"Shop\",\"item\":\"https:\/\/awero.ee\/en\/shop\/\"},{\"@type\":\"ListItem\",\"position\":3,\"name\":\"V\u00e4lidu\u0161\u0161\"}]},{\"@type\":\"WebSite\",\"@id\":\"https:\/\/awero.ee\/en\/#website\",\"url\":\"https:\/\/awero.ee\/en\/\",\"name\":\"Awero - S\u00fcdamega L\u00f5una Eestist\",\"description\":\"\",\"publisher\":{\"@id\":\"https:\/\/awero.ee\/en\/#organization\"},\"potentialAction\":[{\"@type\":\"SearchAction\",\"target\":{\"@type\":\"EntryPoint\",\"urlTemplate\":\"https:\/\/awero.ee\/en\/?s={search_term_string}\"},\"query-input\":{\"@type\":\"PropertyValueSpecification\",\"valueRequired\":true,\"valueName\":\"search_term_string\"}}],\"inLanguage\":\"en-US\"},{\"@type\":\"Organization\",\"@id\":\"https:\/\/awero.ee\/en\/#organization\",\"name\":\"Awero - S\u00fcdamega L\u00f5una Eestist\",\"url\":\"https:\/\/awero.ee\/en\/\",\"logo\":{\"@type\":\"ImageObject\",\"inLanguage\":\"en-US\",\"@id\":\"https:\/\/awero.ee\/en\/#\/schema\/logo\/image\/\",\"url\":\"https:\/\/awero.ee\/wp-content\/uploads\/2024\/07\/aweroplaceholder.jpg\",\"contentUrl\":\"https:\/\/awero.ee\/wp-content\/uploads\/2024\/07\/aweroplaceholder.jpg\",\"width\":1250,\"height\":834,\"caption\":\"Awero - S\u00fcdamega L\u00f5una Eestist\"},\"image\":{\"@id\":\"https:\/\/awero.ee\/en\/#\/schema\/logo\/image\/\"}}]}<\/script>\n<!-- \/ Yoast SEO plugin. -->","yoast_head_json":{"title":"V\u00e4lidu\u0161\u0161 - Awero - S\u00fcdamega L\u00f5una-Eestist","robots":{"index":"index","follow":"follow","max-snippet":"max-snippet:-1","max-image-preview":"max-image-preview:large","max-video-preview":"max-video-preview:-1"},"canonical":"https:\/\/awero.ee\/en\/toode\/validuss\/","og_locale":"en_US","og_type":"article","og_title":"V\u00e4lidu\u0161\u0161 - Awero - S\u00fcdamega L\u00f5una-Eestist","og_description":"Lihtne, naturaalne ja praktiline v\u00e4lidu\u0161\u0161, mis sobib ideaalselt sauna k\u00f5rvale, suvilasse v\u00f5i koduaeda suviseks kasutamiseks. M\u00f5eldud eelk\u00f5ige k\u00fclma vee nautimiseks \u2013 kosutavaks karastuseks p\u00e4rast leili v\u00f5i v\u00e4rskenduseks kuumal p\u00e4eval.  Toodet transporditakse kliendini alusel.","og_url":"https:\/\/awero.ee\/en\/toode\/validuss\/","og_site_name":"Awero - S\u00fcdamega L\u00f5una-Eestist","article_modified_time":"2026-04-01T12:31:34+00:00","og_image":[{"width":2328,"height":2560,"url":"https:\/\/awero.ee\/wp-content\/uploads\/2026\/02\/1-kroom-scaled.jpg","type":"image\/jpeg"}],"twitter_card":"summary_large_image","twitter_misc":{"Est. reading time":"1 minute"},"schema":{"@context":"https:\/\/schema.org","@graph":[{"@type":"WebPage","@id":"https:\/\/awero.ee\/en\/toode\/validuss\/","url":"https:\/\/awero.ee\/en\/toode\/validuss\/","name":"V\u00e4lidu\u0161\u0161 - Awero - S\u00fcdamega L\u00f5una-Eestist","isPartOf":{"@id":"https:\/\/awero.ee\/en\/#website"},"primaryImageOfPage":{"@id":"https:\/\/awero.ee\/en\/toode\/validuss\/#primaryimage"},"image":{"@id":"https:\/\/awero.ee\/en\/toode\/validuss\/#primaryimage"},"thumbnailUrl":"https:\/\/awero.ee\/wp-content\/uploads\/2026\/02\/1-kroom-scaled.jpg","datePublished":"2026-02-26T13:10:40+00:00","dateModified":"2026-04-01T12:31:34+00:00","breadcrumb":{"@id":"https:\/\/awero.ee\/en\/toode\/validuss\/#breadcrumb"},"inLanguage":"en-US","potentialAction":[{"@type":"ReadAction","target":["https:\/\/awero.ee\/en\/toode\/validuss\/"]}]},{"@type":"ImageObject","inLanguage":"en-US","@id":"https:\/\/awero.ee\/en\/toode\/validuss\/#primaryimage","url":"https:\/\/awero.ee\/wp-content\/uploads\/2026\/02\/1-kroom-scaled.jpg","contentUrl":"https:\/\/awero.ee\/wp-content\/uploads\/2026\/02\/1-kroom-scaled.jpg","width":2328,"height":2560},{"@type":"BreadcrumbList","@id":"https:\/\/awero.ee\/en\/toode\/validuss\/#breadcrumb","itemListElement":[{"@type":"ListItem","position":1,"name":"Home","item":"https:\/\/awero.ee\/en\/frontpage\/"},{"@type":"ListItem","position":2,"name":"Shop","item":"https:\/\/awero.ee\/en\/shop\/"},{"@type":"ListItem","position":3,"name":"V\u00e4lidu\u0161\u0161"}]},{"@type":"WebSite","@id":"https:\/\/awero.ee\/en\/#website","url":"https:\/\/awero.ee\/en\/","name":"Awero - S\u00fcdamega L\u00f5una Eestist","description":"","publisher":{"@id":"https:\/\/awero.ee\/en\/#organization"},"potentialAction":[{"@type":"SearchAction","target":{"@type":"EntryPoint","urlTemplate":"https:\/\/awero.ee\/en\/?s={search_term_string}"},"query-input":{"@type":"PropertyValueSpecification","valueRequired":true,"valueName":"search_term_string"}}],"inLanguage":"en-US"},{"@type":"Organization","@id":"https:\/\/awero.ee\/en\/#organization","name":"Awero - S\u00fcdamega L\u00f5una Eestist","url":"https:\/\/awero.ee\/en\/","logo":{"@type":"ImageObject","inLanguage":"en-US","@id":"https:\/\/awero.ee\/en\/#\/schema\/logo\/image\/","url":"https:\/\/awero.ee\/wp-content\/uploads\/2024\/07\/aweroplaceholder.jpg","contentUrl":"https:\/\/awero.ee\/wp-content\/uploads\/2024\/07\/aweroplaceholder.jpg","width":1250,"height":834,"caption":"Awero - S\u00fcdamega L\u00f5una Eestist"},"image":{"@id":"https:\/\/awero.ee\/en\/#\/schema\/logo\/image\/"}}]}},"_links":{"self":[{"href":"https:\/\/awero.ee\/en\/wp-json\/wp\/v2\/product\/12175","targetHints":{"allow":["GET"]}}],"collection":[{"href":"https:\/\/awero.ee\/en\/wp-json\/wp\/v2\/product"}],"about":[{"href":"https:\/\/awero.ee\/en\/wp-json\/wp\/v2\/types\/product"}],"wp:featuredmedia":[{"embeddable":true,"href":"https:\/\/awero.ee\/en\/wp-json\/wp\/v2\/media\/12176"}],"wp:attachment":[{"href":"https:\/\/awero.ee\/en\/wp-json\/wp\/v2\/media?parent=12175"}],"wp:term":[{"taxonomy":"product_brand","embeddable":true,"href":"https:\/\/awero.ee\/en\/wp-json\/wp\/v2\/product_brand?post=12175"},{"taxonomy":"product_cat","embeddable":true,"href":"https:\/\/awero.ee\/en\/wp-json\/wp\/v2\/product_cat?post=12175"},{"taxonomy":"product_tag","embeddable":true,"href":"https:\/\/awero.ee\/en\/wp-json\/wp\/v2\/product_tag?post=12175"}],"curies":[{"name":"wp","href":"https:\/\/api.w.org\/{rel}","templated":true}]}}