{"id":6703,"date":"2025-06-02T08:40:22","date_gmt":"2025-06-02T08:40:22","guid":{"rendered":"https:\/\/awero.ee\/find-us\/"},"modified":"2025-07-24T12:31:57","modified_gmt":"2025-07-24T12:31:57","slug":"find-us","status":"publish","type":"page","link":"https:\/\/awero.ee\/en\/find-us\/","title":{"rendered":"Find us"},"content":{"rendered":"\n<h2 class=\"wp-block-heading has-text-align-center\"><\/h2>\n\n\n<div class=\"awero-locations-accordion\">            <div class=\"accordion-item\">\n                <button class=\"accordion-header\">\n                    Tallinna m\u00fc\u00fcgisalong                    <span class=\"chevron chevron-up\"><\/span>\n                <\/button>\n                <div class=\"accordion-content active\">\n                    <div class=\"accordion-inner\">\n                        <div class=\"accordion-image\">\n                                                            <img decoding=\"async\" src=\"https:\/\/awero.ee\/wp-content\/uploads\/2025\/12\/DSC09874.jpg\" alt=\"Tallinna m\u00fc\u00fcgisalong\">\n                                                    <\/div>\n                        <div class=\"accordion-details\">\n                            <h3>Tallinna m\u00fc\u00fcgisalong<\/h3>\n                            <p class=\"location-address\">\n                                <a href=\"https:\/\/maps.google.com\/?q=Karamelli+tn+2%2C+11317%2C+Tallinn\" target=\"_blank\">\n                                    Karamelli tn 2, 11317, Tallinn                                <\/a>\n                            <\/p>\n                            <hr>\n                            <div class=\"location-description\"><p>Tallinna m\u00fc\u00fcgisalongis on v\u00f5imalik tutvuda k\u00f5igi meie toodetega.<\/p>\n<p>Avatud E-R kl 11-19.<\/p>\n<p>L\u00a0 11-17.<\/p>\n<p>P suletud.<\/p>\n<p>Tel: <a class=\"c-link\" href=\"tel:+3725052642\" target=\"_blank\" rel=\"noopener noreferrer\" data-stringify-link=\"tel:+3725052642\" data-sk=\"tooltip_parent\">+372 505 2642<\/a>.<\/p>\n<\/div>\n                        <\/div>\n                    <\/div>\n                <\/div>\n            <\/div>\n                        <div class=\"accordion-item\">\n                <button class=\"accordion-header\">\n                    L\u00f5unakeskus                    <span class=\"chevron chevron-down\"><\/span>\n                <\/button>\n                <div class=\"accordion-content \">\n                    <div class=\"accordion-inner\">\n                        <div class=\"accordion-image\">\n                                                            <img decoding=\"async\" src=\"https:\/\/awero.ee\/wp-content\/uploads\/2025\/07\/lounakeskus-scaled.jpeg\" alt=\"L\u00f5unakeskus\">\n                                                    <\/div>\n                        <div class=\"accordion-details\">\n                            <h3>L\u00f5unakeskus<\/h3>\n                            <p class=\"location-address\">\n                                <a href=\"https:\/\/maps.google.com\/?q=L%C3%A4%C3%A4neringtee+39%2C+50501+Tartu\" target=\"_blank\">\n                                    L\u00e4\u00e4neringtee 39, 50501 Tartu                                <\/a>\n                            <\/p>\n                            <hr>\n                            <div class=\"location-description\"><p>Tartu L\u00f5unakeskuses on v\u00f5imalik tutvuda <a href=\"https:\/\/awero.ee\/toode\/icon-tub-200-integreeritud-ahjuga\/\">k\u00fcmblust\u00fcnn Icon Tub<\/a><a href=\"https:\/\/awero.ee\/toode\/icon-tub-200-integreeritud-ahjuga\/\"> 200<\/a>-ga.<\/p>\n<\/div>\n                        <\/div>\n                    <\/div>\n                <\/div>\n            <\/div>\n                        <div class=\"accordion-item\">\n                <button class=\"accordion-header\">\n                    Tartu &#8211; InPuit O\u00dc                    <span class=\"chevron chevron-down\"><\/span>\n                <\/button>\n                <div class=\"accordion-content \">\n                    <div class=\"accordion-inner\">\n                        <div class=\"accordion-image\">\n                                                            <img decoding=\"async\" src=\"https:\/\/awero.ee\/wp-content\/uploads\/2025\/08\/inpuit-scaled.jpeg\" alt=\"Tartu &#8211; InPuit O\u00dc\">\n                                                    <\/div>\n                        <div class=\"accordion-details\">\n                            <h3>Tartu &#8211; InPuit O\u00dc<\/h3>\n                            <p class=\"location-address\">\n                                <a href=\"https:\/\/maps.google.com\/?q=Aardla+108%2C+50414%2C+Tartu\" target=\"_blank\">\n                                    Aardla 108, 50414, Tartu                                <\/a>\n                            <\/p>\n                            <hr>\n                            <div class=\"location-description\"><p>Tartus Inpuit kaupluses on v\u00f5imalik tutvuda erinevate k\u00fcmblust\u00fcnnidega ning v\u00e4ljast leiab ka<a href=\"https:\/\/awero.ee\/toode\/kumblustunn-delux-200-https:\/\/awero.ee\/toode\/kumblustunn-delux-220\/-ahjuga\/\"> DeLux 220 k\u00fcmblust\u00fcnni!<\/a><\/p>\n<\/div>\n                        <\/div>\n                    <\/div>\n                <\/div>\n            <\/div>\n                        <div class=\"accordion-item\">\n                <button class=\"accordion-header\">\n                    Tikupoiss                    <span class=\"chevron chevron-down\"><\/span>\n                <\/button>\n                <div class=\"accordion-content \">\n                    <div class=\"accordion-inner\">\n                        <div class=\"accordion-image\">\n                                                            <img decoding=\"async\" src=\"https:\/\/awero.ee\/wp-content\/uploads\/2025\/07\/WhatsApp-Image-2025-08-28-at-16.10.07.jpeg\" alt=\"Tikupoiss\">\n                                                    <\/div>\n                        <div class=\"accordion-details\">\n                            <h3>Tikupoiss<\/h3>\n                            <p class=\"location-address\">\n                                <a href=\"https:\/\/maps.google.com\/?q=Paiaristi%2C+Imavere+k%C3%BCla%2C+72401\" target=\"_blank\">\n                                    Paiaristi, Imavere k\u00fcla, 72401                                <\/a>\n                            <\/p>\n                            <hr>\n                            <div class=\"location-description\"><p>Teel Tartust Tallinnasse v\u00f5i Tallinnast Tartusse saad Tikupoisis vahepeatust tehes tutvuda <a href=\"https:\/\/awero.ee\/toode\/kumblustunn-delux-220\/\"><strong>Delux 220 k\u00fcmblust\u00fcnniga<\/strong><\/a><\/p>\n<\/div>\n                        <\/div>\n                    <\/div>\n                <\/div>\n            <\/div>\n            <\/div>\n","protected":false},"excerpt":{"rendered":"","protected":false},"author":1,"featured_media":0,"parent":0,"menu_order":0,"comment_status":"closed","ping_status":"closed","template":"leiameid.php","meta":{"_acf_changed":false,"footnotes":""},"class_list":["post-6703","page","type-page","status-publish","hentry"],"acf":[],"yoast_head":"<!-- This site is optimized with the Yoast SEO plugin v27.5 - https:\/\/yoast.com\/product\/yoast-seo-wordpress\/ -->\n<title>Find us - Awero - S\u00fcdamega L\u00f5una-Eestist<\/title>\n<meta name=\"robots\" content=\"index, follow, max-snippet:-1, max-image-preview:large, max-video-preview:-1\" \/>\n<link rel=\"canonical\" href=\"https:\/\/awero.ee\/en\/find-us\/\" \/>\n<meta property=\"og:locale\" content=\"en_US\" \/>\n<meta property=\"og:type\" content=\"article\" \/>\n<meta property=\"og:title\" content=\"Find us - Awero - S\u00fcdamega L\u00f5una-Eestist\" \/>\n<meta property=\"og:url\" content=\"https:\/\/awero.ee\/en\/find-us\/\" \/>\n<meta property=\"og:site_name\" content=\"Awero - S\u00fcdamega L\u00f5una-Eestist\" \/>\n<meta property=\"article:modified_time\" content=\"2025-07-24T12:31:57+00:00\" \/>\n<meta property=\"og:image\" content=\"https:\/\/awero.ee\/wp-content\/uploads\/2025\/06\/land.png\" \/>\n\t<meta property=\"og:image:width\" content=\"1200\" \/>\n\t<meta property=\"og:image:height\" content=\"675\" \/>\n\t<meta property=\"og:image:type\" content=\"image\/png\" \/>\n<meta name=\"twitter:card\" content=\"summary_large_image\" \/>\n<meta name=\"twitter:label1\" content=\"Est. reading time\" \/>\n\t<meta name=\"twitter:data1\" content=\"1 minute\" \/>\n<script type=\"application\/ld+json\" class=\"yoast-schema-graph\">{\"@context\":\"https:\\\/\\\/schema.org\",\"@graph\":[{\"@type\":\"WebPage\",\"@id\":\"https:\\\/\\\/awero.ee\\\/en\\\/find-us\\\/\",\"url\":\"https:\\\/\\\/awero.ee\\\/en\\\/find-us\\\/\",\"name\":\"Find us - Awero - S\u00fcdamega L\u00f5una-Eestist\",\"isPartOf\":{\"@id\":\"https:\\\/\\\/awero.ee\\\/en\\\/#website\"},\"datePublished\":\"2025-06-02T08:40:22+00:00\",\"dateModified\":\"2025-07-24T12:31:57+00:00\",\"breadcrumb\":{\"@id\":\"https:\\\/\\\/awero.ee\\\/en\\\/find-us\\\/#breadcrumb\"},\"inLanguage\":\"en-US\",\"potentialAction\":[{\"@type\":\"ReadAction\",\"target\":[\"https:\\\/\\\/awero.ee\\\/en\\\/find-us\\\/\"]}]},{\"@type\":\"BreadcrumbList\",\"@id\":\"https:\\\/\\\/awero.ee\\\/en\\\/find-us\\\/#breadcrumb\",\"itemListElement\":[{\"@type\":\"ListItem\",\"position\":1,\"name\":\"Home\",\"item\":\"https:\\\/\\\/awero.ee\\\/en\\\/frontpage\\\/\"},{\"@type\":\"ListItem\",\"position\":2,\"name\":\"Find us\"}]},{\"@type\":\"WebSite\",\"@id\":\"https:\\\/\\\/awero.ee\\\/en\\\/#website\",\"url\":\"https:\\\/\\\/awero.ee\\\/en\\\/\",\"name\":\"Awero - S\u00fcdamega L\u00f5una Eestist\",\"description\":\"\",\"publisher\":{\"@id\":\"https:\\\/\\\/awero.ee\\\/en\\\/#organization\"},\"potentialAction\":[{\"@type\":\"SearchAction\",\"target\":{\"@type\":\"EntryPoint\",\"urlTemplate\":\"https:\\\/\\\/awero.ee\\\/en\\\/?s={search_term_string}\"},\"query-input\":{\"@type\":\"PropertyValueSpecification\",\"valueRequired\":true,\"valueName\":\"search_term_string\"}}],\"inLanguage\":\"en-US\"},{\"@type\":\"Organization\",\"@id\":\"https:\\\/\\\/awero.ee\\\/en\\\/#organization\",\"name\":\"Awero - S\u00fcdamega L\u00f5una Eestist\",\"url\":\"https:\\\/\\\/awero.ee\\\/en\\\/\",\"logo\":{\"@type\":\"ImageObject\",\"inLanguage\":\"en-US\",\"@id\":\"https:\\\/\\\/awero.ee\\\/en\\\/#\\\/schema\\\/logo\\\/image\\\/\",\"url\":\"https:\\\/\\\/awero.ee\\\/wp-content\\\/uploads\\\/2024\\\/07\\\/aweroplaceholder.jpg\",\"contentUrl\":\"https:\\\/\\\/awero.ee\\\/wp-content\\\/uploads\\\/2024\\\/07\\\/aweroplaceholder.jpg\",\"width\":1250,\"height\":834,\"caption\":\"Awero - S\u00fcdamega L\u00f5una Eestist\"},\"image\":{\"@id\":\"https:\\\/\\\/awero.ee\\\/en\\\/#\\\/schema\\\/logo\\\/image\\\/\"}}]}<\/script>\n<!-- \/ Yoast SEO plugin. -->","yoast_head_json":{"title":"Find us - Awero - S\u00fcdamega L\u00f5una-Eestist","robots":{"index":"index","follow":"follow","max-snippet":"max-snippet:-1","max-image-preview":"max-image-preview:large","max-video-preview":"max-video-preview:-1"},"canonical":"https:\/\/awero.ee\/en\/find-us\/","og_locale":"en_US","og_type":"article","og_title":"Find us - Awero - S\u00fcdamega L\u00f5una-Eestist","og_url":"https:\/\/awero.ee\/en\/find-us\/","og_site_name":"Awero - S\u00fcdamega L\u00f5una-Eestist","article_modified_time":"2025-07-24T12:31:57+00:00","og_image":[{"width":1200,"height":675,"url":"https:\/\/awero.ee\/wp-content\/uploads\/2025\/06\/land.png","type":"image\/png"}],"twitter_card":"summary_large_image","twitter_misc":{"Est. reading time":"1 minute"},"schema":{"@context":"https:\/\/schema.org","@graph":[{"@type":"WebPage","@id":"https:\/\/awero.ee\/en\/find-us\/","url":"https:\/\/awero.ee\/en\/find-us\/","name":"Find us - Awero - S\u00fcdamega L\u00f5una-Eestist","isPartOf":{"@id":"https:\/\/awero.ee\/en\/#website"},"datePublished":"2025-06-02T08:40:22+00:00","dateModified":"2025-07-24T12:31:57+00:00","breadcrumb":{"@id":"https:\/\/awero.ee\/en\/find-us\/#breadcrumb"},"inLanguage":"en-US","potentialAction":[{"@type":"ReadAction","target":["https:\/\/awero.ee\/en\/find-us\/"]}]},{"@type":"BreadcrumbList","@id":"https:\/\/awero.ee\/en\/find-us\/#breadcrumb","itemListElement":[{"@type":"ListItem","position":1,"name":"Home","item":"https:\/\/awero.ee\/en\/frontpage\/"},{"@type":"ListItem","position":2,"name":"Find us"}]},{"@type":"WebSite","@id":"https:\/\/awero.ee\/en\/#website","url":"https:\/\/awero.ee\/en\/","name":"Awero - S\u00fcdamega L\u00f5una Eestist","description":"","publisher":{"@id":"https:\/\/awero.ee\/en\/#organization"},"potentialAction":[{"@type":"SearchAction","target":{"@type":"EntryPoint","urlTemplate":"https:\/\/awero.ee\/en\/?s={search_term_string}"},"query-input":{"@type":"PropertyValueSpecification","valueRequired":true,"valueName":"search_term_string"}}],"inLanguage":"en-US"},{"@type":"Organization","@id":"https:\/\/awero.ee\/en\/#organization","name":"Awero - S\u00fcdamega L\u00f5una Eestist","url":"https:\/\/awero.ee\/en\/","logo":{"@type":"ImageObject","inLanguage":"en-US","@id":"https:\/\/awero.ee\/en\/#\/schema\/logo\/image\/","url":"https:\/\/awero.ee\/wp-content\/uploads\/2024\/07\/aweroplaceholder.jpg","contentUrl":"https:\/\/awero.ee\/wp-content\/uploads\/2024\/07\/aweroplaceholder.jpg","width":1250,"height":834,"caption":"Awero - S\u00fcdamega L\u00f5una Eestist"},"image":{"@id":"https:\/\/awero.ee\/en\/#\/schema\/logo\/image\/"}}]}},"_links":{"self":[{"href":"https:\/\/awero.ee\/en\/wp-json\/wp\/v2\/pages\/6703","targetHints":{"allow":["GET"]}}],"collection":[{"href":"https:\/\/awero.ee\/en\/wp-json\/wp\/v2\/pages"}],"about":[{"href":"https:\/\/awero.ee\/en\/wp-json\/wp\/v2\/types\/page"}],"author":[{"embeddable":true,"href":"https:\/\/awero.ee\/en\/wp-json\/wp\/v2\/users\/1"}],"replies":[{"embeddable":true,"href":"https:\/\/awero.ee\/en\/wp-json\/wp\/v2\/comments?post=6703"}],"version-history":[{"count":1,"href":"https:\/\/awero.ee\/en\/wp-json\/wp\/v2\/pages\/6703\/revisions"}],"predecessor-version":[{"id":6704,"href":"https:\/\/awero.ee\/en\/wp-json\/wp\/v2\/pages\/6703\/revisions\/6704"}],"wp:attachment":[{"href":"https:\/\/awero.ee\/en\/wp-json\/wp\/v2\/media?parent=6703"}],"curies":[{"name":"wp","href":"https:\/\/api.w.org\/{rel}","templated":true}]}}