{"id":14661,"date":"2026-04-30T13:20:37","date_gmt":"2026-04-30T13:20:37","guid":{"rendered":"https:\/\/awero.ee\/?post_type=product&#038;p=14661"},"modified":"2026-04-30T13:21:58","modified_gmt":"2026-04-30T13:21:58","slug":"dosaator-combitab-veepuhastustabletile-veepuhastustabletid-combitab-800g","status":"publish","type":"product","link":"https:\/\/awero.ee\/de\/toode\/dosaator-combitab-veepuhastustabletile-veepuhastustabletid-combitab-800g\/","title":{"rendered":"Dosaator CombiTab veepuhastustabletile +  Veepuhastustabletid CombiTab  (800g)"},"content":{"rendered":"<p>Veepuhastustablettide dosaator on loodud lihtsustamaks veepuhastusainete kasutamist ning tagama vee kvaliteedi p\u00fcsimise k\u00fcmblust\u00fcnnis. Dosaator v\u00f5imaldab doseerida \u00f5ige koguse puhastustablette vastavalt veemahule ja vajadustele. Lisaks aitab see tagada veepuhastusprotsessi efektiivsuse ja\u00a0 v\u00e4hendada veepuhastusainete raiskamist. Dosaatori disain on lihtne ja kasutajas\u00f5bralik.<\/p>\n<p>Veepuhastustablettide dosaator sobib ideaalselt koos veepuhastustablettidega, tagades nende t\u00e4pse ja mugava doseerimise. Dosaatori reguleerimiseks ja hooldamiseks j\u00e4rgige hoolikalt tootepakendil olevaid juhiseid ja soovitusi. Hoidke dosaatorit lastele k\u00e4ttesaamatus kohas.<\/p>\n<p>&nbsp;<\/p>\n<p>CombiTab veepuhastustabletid on loodud tagama k\u00fcmblust\u00fcnni vee puhtust ja selgust, v\u00e4hendades samal ajal kloori kasutamisega seotud ebamugavusi ja l\u00f5hnu. Nende tablettide koostis on kloorivaba, muutes need nahas\u00f5bralikuks ja ohutuks nii kasutajatele kui ka keskkonnale. Aktiivhapnik toimib kiiresti ja t\u00f5husalt, h\u00e4vitades bakterid, viirused ja muud mikroorganismid. CombiTab ei j\u00e4ta ebameeldivaid l\u00f5hnu ega \u00e4rrita nahka ja silmi.<\/p>\n<p><strong>Kasutamine<\/strong><\/p>\n<p>\u00dcks pakend sisaldab 800 g veepuhastustablette (1 tablett 20g). CombiTab tablette on lihtne kasutada: lisage tabletid k\u00fcmblust\u00fcnni vette vastavalt pakendil olevatele juhistele ja laske neil oma t\u00f6\u00f6d teha.<\/p>\n<p>Basseinidele lisatakse 1 CombiTab tablett iga p\u00e4ev 3000 liitri basseinivee kohta. Annust tuleb suurendada k\u00f5rge vee temperatuuri ja sagedase suplemise korral. Kui kasutate CombiTabi kuuma veega mullivannides\/k\u00fcmblust\u00fcnnides (kuni 1000 liitrit), lisage 1 tablett iga 3 p\u00e4eva j\u00e4rel (sagedasel kasutamisel iga 2. p\u00e4ev). P\u00e4rast suplemise l\u00f5petamist laske filtris\u00fcsteemil t\u00f6\u00f6tada v\u00e4hemalt 2 tundi. Veenduge, et CombiTab tabletid oleksid hoiustamisel niiskuse eest kaitstud. Toodet tuleb hoida originaalpakendis, lastele k\u00e4ttesaamatus kohas ja otsese p\u00e4ikesevalguse eest kaitstuna. Enne kasutamist lugege alati etiketti ja tooteteavet.<\/p>\n","protected":false},"excerpt":{"rendered":"<p>Veepuhastustablettide dosaator on mugav ja praktiline seade, mis v\u00f5imaldab t\u00e4pselt doseerida veepuhastusaineid. See on mugav t\u00f6\u00f6riist, mis tagab veepuhastusainete optimaalse kasutamise ja vee kvaliteedi s\u00e4ilimise.<\/p>\n<p>&nbsp;<\/p>\n<p>CombiTab veepuhastustabletid pakuvad efektiivset ja mugavat lahendust k\u00fcmblust\u00fcnni vee puhtana hoidmiseks, muutes kogu k\u00fcmbluskogemuse meeldivaks ja muretuks. Tablettide kloorivaba koostis ning aktiivhapnikul p\u00f5hinev toimeaine tagavad t\u00f5husa vee puhastuse ja desinfitseerimise.<\/p>\n","protected":false},"featured_media":14662,"template":"","meta":{"_acf_changed":false},"product_brand":[],"product_cat":[213],"product_tag":[],"class_list":{"0":"post-14661","1":"product","2":"type-product","3":"status-publish","4":"has-post-thumbnail","6":"product_cat-lisavarustus","8":"first","9":"instock","10":"shipping-taxable","11":"product-type-simple"},"acf":[],"yoast_head":"<!-- This site is optimized with the Yoast SEO plugin v27.5 - https:\/\/yoast.com\/product\/yoast-seo-wordpress\/ -->\n<title>Dosaator CombiTab veepuhastustabletile + Veepuhastustabletid CombiTab (800g) - Awero - S\u00fcdamega L\u00f5una-Eestist<\/title>\n<meta name=\"robots\" content=\"index, follow, max-snippet:-1, max-image-preview:large, max-video-preview:-1\" \/>\n<link rel=\"canonical\" href=\"https:\/\/awero.ee\/de\/toode\/dosaator-combitab-veepuhastustabletile-veepuhastustabletid-combitab-800g\/\" \/>\n<meta property=\"og:locale\" content=\"de_DE\" \/>\n<meta property=\"og:type\" content=\"article\" \/>\n<meta property=\"og:title\" content=\"Dosaator CombiTab veepuhastustabletile + Veepuhastustabletid CombiTab (800g) - Awero - S\u00fcdamega L\u00f5una-Eestist\" \/>\n<meta property=\"og:description\" content=\"Veepuhastustablettide dosaator on mugav ja praktiline seade, mis v\u00f5imaldab t\u00e4pselt doseerida veepuhastusaineid. See on mugav t\u00f6\u00f6riist, mis tagab veepuhastusainete optimaalse kasutamise ja vee kvaliteedi s\u00e4ilimise.  &nbsp;  CombiTab veepuhastustabletid pakuvad efektiivset ja mugavat lahendust k\u00fcmblust\u00fcnni vee puhtana hoidmiseks, muutes kogu k\u00fcmbluskogemuse meeldivaks ja muretuks. Tablettide kloorivaba koostis ning aktiivhapnikul p\u00f5hinev toimeaine tagavad t\u00f5husa vee puhastuse ja desinfitseerimise.\" \/>\n<meta property=\"og:url\" content=\"https:\/\/awero.ee\/de\/toode\/dosaator-combitab-veepuhastustabletile-veepuhastustabletid-combitab-800g\/\" \/>\n<meta property=\"og:site_name\" content=\"Awero - S\u00fcdamega L\u00f5una-Eestist\" \/>\n<meta property=\"article:modified_time\" content=\"2026-04-30T13:21:58+00:00\" \/>\n<meta property=\"og:image\" content=\"https:\/\/awero.ee\/wp-content\/uploads\/2026\/04\/combidosaator.jpg\" \/>\n\t<meta property=\"og:image:width\" content=\"600\" \/>\n\t<meta property=\"og:image:height\" content=\"600\" \/>\n\t<meta property=\"og:image:type\" content=\"image\/jpeg\" \/>\n<meta name=\"twitter:card\" content=\"summary_large_image\" \/>\n<meta name=\"twitter:label1\" content=\"Gesch\u00e4tzte Lesezeit\" \/>\n\t<meta name=\"twitter:data1\" content=\"2\u00a0Minuten\" \/>\n<script type=\"application\/ld+json\" class=\"yoast-schema-graph\">{\"@context\":\"https:\\\/\\\/schema.org\",\"@graph\":[{\"@type\":\"WebPage\",\"@id\":\"https:\\\/\\\/awero.ee\\\/de\\\/toode\\\/dosaator-combitab-veepuhastustabletile-veepuhastustabletid-combitab-800g\\\/\",\"url\":\"https:\\\/\\\/awero.ee\\\/de\\\/toode\\\/dosaator-combitab-veepuhastustabletile-veepuhastustabletid-combitab-800g\\\/\",\"name\":\"Dosaator CombiTab veepuhastustabletile + Veepuhastustabletid CombiTab (800g) - Awero - S\u00fcdamega L\u00f5una-Eestist\",\"isPartOf\":{\"@id\":\"https:\\\/\\\/awero.ee\\\/de\\\/#website\"},\"primaryImageOfPage\":{\"@id\":\"https:\\\/\\\/awero.ee\\\/de\\\/toode\\\/dosaator-combitab-veepuhastustabletile-veepuhastustabletid-combitab-800g\\\/#primaryimage\"},\"image\":{\"@id\":\"https:\\\/\\\/awero.ee\\\/de\\\/toode\\\/dosaator-combitab-veepuhastustabletile-veepuhastustabletid-combitab-800g\\\/#primaryimage\"},\"thumbnailUrl\":\"https:\\\/\\\/awero.ee\\\/wp-content\\\/uploads\\\/2026\\\/04\\\/combidosaator.jpg\",\"datePublished\":\"2026-04-30T13:20:37+00:00\",\"dateModified\":\"2026-04-30T13:21:58+00:00\",\"breadcrumb\":{\"@id\":\"https:\\\/\\\/awero.ee\\\/de\\\/toode\\\/dosaator-combitab-veepuhastustabletile-veepuhastustabletid-combitab-800g\\\/#breadcrumb\"},\"inLanguage\":\"de\",\"potentialAction\":[{\"@type\":\"ReadAction\",\"target\":[\"https:\\\/\\\/awero.ee\\\/de\\\/toode\\\/dosaator-combitab-veepuhastustabletile-veepuhastustabletid-combitab-800g\\\/\"]}]},{\"@type\":\"ImageObject\",\"inLanguage\":\"de\",\"@id\":\"https:\\\/\\\/awero.ee\\\/de\\\/toode\\\/dosaator-combitab-veepuhastustabletile-veepuhastustabletid-combitab-800g\\\/#primaryimage\",\"url\":\"https:\\\/\\\/awero.ee\\\/wp-content\\\/uploads\\\/2026\\\/04\\\/combidosaator.jpg\",\"contentUrl\":\"https:\\\/\\\/awero.ee\\\/wp-content\\\/uploads\\\/2026\\\/04\\\/combidosaator.jpg\",\"width\":600,\"height\":600},{\"@type\":\"BreadcrumbList\",\"@id\":\"https:\\\/\\\/awero.ee\\\/de\\\/toode\\\/dosaator-combitab-veepuhastustabletile-veepuhastustabletid-combitab-800g\\\/#breadcrumb\",\"itemListElement\":[{\"@type\":\"ListItem\",\"position\":1,\"name\":\"Home\",\"item\":\"https:\\\/\\\/awero.ee\\\/de\\\/startseite\\\/\"},{\"@type\":\"ListItem\",\"position\":2,\"name\":\"Pood\",\"item\":\"https:\\\/\\\/awero.ee\\\/pood\\\/\"},{\"@type\":\"ListItem\",\"position\":3,\"name\":\"Dosaator CombiTab veepuhastustabletile + Veepuhastustabletid CombiTab (800g)\"}]},{\"@type\":\"WebSite\",\"@id\":\"https:\\\/\\\/awero.ee\\\/de\\\/#website\",\"url\":\"https:\\\/\\\/awero.ee\\\/de\\\/\",\"name\":\"Awero - S\u00fcdamega L\u00f5una Eestist\",\"description\":\"\",\"publisher\":{\"@id\":\"https:\\\/\\\/awero.ee\\\/de\\\/#organization\"},\"potentialAction\":[{\"@type\":\"SearchAction\",\"target\":{\"@type\":\"EntryPoint\",\"urlTemplate\":\"https:\\\/\\\/awero.ee\\\/de\\\/?s={search_term_string}\"},\"query-input\":{\"@type\":\"PropertyValueSpecification\",\"valueRequired\":true,\"valueName\":\"search_term_string\"}}],\"inLanguage\":\"de\"},{\"@type\":\"Organization\",\"@id\":\"https:\\\/\\\/awero.ee\\\/de\\\/#organization\",\"name\":\"Awero - S\u00fcdamega L\u00f5una Eestist\",\"url\":\"https:\\\/\\\/awero.ee\\\/de\\\/\",\"logo\":{\"@type\":\"ImageObject\",\"inLanguage\":\"de\",\"@id\":\"https:\\\/\\\/awero.ee\\\/de\\\/#\\\/schema\\\/logo\\\/image\\\/\",\"url\":\"https:\\\/\\\/awero.ee\\\/wp-content\\\/uploads\\\/2024\\\/07\\\/aweroplaceholder.jpg\",\"contentUrl\":\"https:\\\/\\\/awero.ee\\\/wp-content\\\/uploads\\\/2024\\\/07\\\/aweroplaceholder.jpg\",\"width\":1250,\"height\":834,\"caption\":\"Awero - S\u00fcdamega L\u00f5una Eestist\"},\"image\":{\"@id\":\"https:\\\/\\\/awero.ee\\\/de\\\/#\\\/schema\\\/logo\\\/image\\\/\"}}]}<\/script>\n<!-- \/ Yoast SEO plugin. -->","yoast_head_json":{"title":"Dosaator CombiTab veepuhastustabletile + Veepuhastustabletid CombiTab (800g) - Awero - S\u00fcdamega L\u00f5una-Eestist","robots":{"index":"index","follow":"follow","max-snippet":"max-snippet:-1","max-image-preview":"max-image-preview:large","max-video-preview":"max-video-preview:-1"},"canonical":"https:\/\/awero.ee\/de\/toode\/dosaator-combitab-veepuhastustabletile-veepuhastustabletid-combitab-800g\/","og_locale":"de_DE","og_type":"article","og_title":"Dosaator CombiTab veepuhastustabletile + Veepuhastustabletid CombiTab (800g) - Awero - S\u00fcdamega L\u00f5una-Eestist","og_description":"Veepuhastustablettide dosaator on mugav ja praktiline seade, mis v\u00f5imaldab t\u00e4pselt doseerida veepuhastusaineid. See on mugav t\u00f6\u00f6riist, mis tagab veepuhastusainete optimaalse kasutamise ja vee kvaliteedi s\u00e4ilimise.  &nbsp;  CombiTab veepuhastustabletid pakuvad efektiivset ja mugavat lahendust k\u00fcmblust\u00fcnni vee puhtana hoidmiseks, muutes kogu k\u00fcmbluskogemuse meeldivaks ja muretuks. Tablettide kloorivaba koostis ning aktiivhapnikul p\u00f5hinev toimeaine tagavad t\u00f5husa vee puhastuse ja desinfitseerimise.","og_url":"https:\/\/awero.ee\/de\/toode\/dosaator-combitab-veepuhastustabletile-veepuhastustabletid-combitab-800g\/","og_site_name":"Awero - S\u00fcdamega L\u00f5una-Eestist","article_modified_time":"2026-04-30T13:21:58+00:00","og_image":[{"width":600,"height":600,"url":"https:\/\/awero.ee\/wp-content\/uploads\/2026\/04\/combidosaator.jpg","type":"image\/jpeg"}],"twitter_card":"summary_large_image","twitter_misc":{"Gesch\u00e4tzte Lesezeit":"2\u00a0Minuten"},"schema":{"@context":"https:\/\/schema.org","@graph":[{"@type":"WebPage","@id":"https:\/\/awero.ee\/de\/toode\/dosaator-combitab-veepuhastustabletile-veepuhastustabletid-combitab-800g\/","url":"https:\/\/awero.ee\/de\/toode\/dosaator-combitab-veepuhastustabletile-veepuhastustabletid-combitab-800g\/","name":"Dosaator CombiTab veepuhastustabletile + Veepuhastustabletid CombiTab (800g) - Awero - S\u00fcdamega L\u00f5una-Eestist","isPartOf":{"@id":"https:\/\/awero.ee\/de\/#website"},"primaryImageOfPage":{"@id":"https:\/\/awero.ee\/de\/toode\/dosaator-combitab-veepuhastustabletile-veepuhastustabletid-combitab-800g\/#primaryimage"},"image":{"@id":"https:\/\/awero.ee\/de\/toode\/dosaator-combitab-veepuhastustabletile-veepuhastustabletid-combitab-800g\/#primaryimage"},"thumbnailUrl":"https:\/\/awero.ee\/wp-content\/uploads\/2026\/04\/combidosaator.jpg","datePublished":"2026-04-30T13:20:37+00:00","dateModified":"2026-04-30T13:21:58+00:00","breadcrumb":{"@id":"https:\/\/awero.ee\/de\/toode\/dosaator-combitab-veepuhastustabletile-veepuhastustabletid-combitab-800g\/#breadcrumb"},"inLanguage":"de","potentialAction":[{"@type":"ReadAction","target":["https:\/\/awero.ee\/de\/toode\/dosaator-combitab-veepuhastustabletile-veepuhastustabletid-combitab-800g\/"]}]},{"@type":"ImageObject","inLanguage":"de","@id":"https:\/\/awero.ee\/de\/toode\/dosaator-combitab-veepuhastustabletile-veepuhastustabletid-combitab-800g\/#primaryimage","url":"https:\/\/awero.ee\/wp-content\/uploads\/2026\/04\/combidosaator.jpg","contentUrl":"https:\/\/awero.ee\/wp-content\/uploads\/2026\/04\/combidosaator.jpg","width":600,"height":600},{"@type":"BreadcrumbList","@id":"https:\/\/awero.ee\/de\/toode\/dosaator-combitab-veepuhastustabletile-veepuhastustabletid-combitab-800g\/#breadcrumb","itemListElement":[{"@type":"ListItem","position":1,"name":"Home","item":"https:\/\/awero.ee\/de\/startseite\/"},{"@type":"ListItem","position":2,"name":"Pood","item":"https:\/\/awero.ee\/pood\/"},{"@type":"ListItem","position":3,"name":"Dosaator CombiTab veepuhastustabletile + Veepuhastustabletid CombiTab (800g)"}]},{"@type":"WebSite","@id":"https:\/\/awero.ee\/de\/#website","url":"https:\/\/awero.ee\/de\/","name":"Awero - S\u00fcdamega L\u00f5una Eestist","description":"","publisher":{"@id":"https:\/\/awero.ee\/de\/#organization"},"potentialAction":[{"@type":"SearchAction","target":{"@type":"EntryPoint","urlTemplate":"https:\/\/awero.ee\/de\/?s={search_term_string}"},"query-input":{"@type":"PropertyValueSpecification","valueRequired":true,"valueName":"search_term_string"}}],"inLanguage":"de"},{"@type":"Organization","@id":"https:\/\/awero.ee\/de\/#organization","name":"Awero - S\u00fcdamega L\u00f5una Eestist","url":"https:\/\/awero.ee\/de\/","logo":{"@type":"ImageObject","inLanguage":"de","@id":"https:\/\/awero.ee\/de\/#\/schema\/logo\/image\/","url":"https:\/\/awero.ee\/wp-content\/uploads\/2024\/07\/aweroplaceholder.jpg","contentUrl":"https:\/\/awero.ee\/wp-content\/uploads\/2024\/07\/aweroplaceholder.jpg","width":1250,"height":834,"caption":"Awero - S\u00fcdamega L\u00f5una Eestist"},"image":{"@id":"https:\/\/awero.ee\/de\/#\/schema\/logo\/image\/"}}]}},"_links":{"self":[{"href":"https:\/\/awero.ee\/de\/wp-json\/wp\/v2\/product\/14661","targetHints":{"allow":["GET"]}}],"collection":[{"href":"https:\/\/awero.ee\/de\/wp-json\/wp\/v2\/product"}],"about":[{"href":"https:\/\/awero.ee\/de\/wp-json\/wp\/v2\/types\/product"}],"wp:featuredmedia":[{"embeddable":true,"href":"https:\/\/awero.ee\/de\/wp-json\/wp\/v2\/media\/14662"}],"wp:attachment":[{"href":"https:\/\/awero.ee\/de\/wp-json\/wp\/v2\/media?parent=14661"}],"wp:term":[{"taxonomy":"product_brand","embeddable":true,"href":"https:\/\/awero.ee\/de\/wp-json\/wp\/v2\/product_brand?post=14661"},{"taxonomy":"product_cat","embeddable":true,"href":"https:\/\/awero.ee\/de\/wp-json\/wp\/v2\/product_cat?post=14661"},{"taxonomy":"product_tag","embeddable":true,"href":"https:\/\/awero.ee\/de\/wp-json\/wp\/v2\/product_tag?post=14661"}],"curies":[{"name":"wp","href":"https:\/\/api.w.org\/{rel}","templated":true}]}}