{"id":14603,"date":"2026-04-15T08:37:24","date_gmt":"2026-04-15T08:37:24","guid":{"rendered":"https:\/\/awero.ee\/?post_type=product&#038;p=14603"},"modified":"2026-04-15T09:01:43","modified_gmt":"2026-04-15T09:01:43","slug":"tunnisisu-umar-2260-x-2260-mm","status":"publish","type":"product","link":"https:\/\/awero.ee\/de\/toode\/tunnisisu-umar-2260-x-2260-mm\/","title":{"rendered":"T\u00fcnnisisu \u00fcmar 2260 x 2260 mm"},"content":{"rendered":"<ul>\n<li>Defektne sisu<\/li>\n<li>Funktsionaalne osa korras<\/li>\n<li>Esineda v\u00f5ib:<\/li>\n<li>Kriimustusi<\/li>\n<li>Visuaalseid defekte<\/li>\n<li>Muid v\u00e4ikeseid pindmisi kahjustusi<\/li>\n<\/ul>\n","protected":false},"excerpt":{"rendered":"<p>Defektne sisu Funktsionaalne osa korras Esineda v\u00f5ib: Kriimustusi Visuaalseid defekte Muid v\u00e4ikeseid pindmisi kahjustusi<\/p>\n","protected":false},"featured_media":3555,"template":"","meta":{"_acf_changed":false},"product_brand":[],"product_cat":[311,1920],"product_tag":[],"class_list":{"0":"post-14603","1":"product","2":"type-product","3":"status-publish","4":"has-post-thumbnail","6":"product_cat-laotooted","7":"product_cat-kumblustunnide-sisud-ladu","9":"first","10":"instock","11":"shipping-taxable","12":"product-type-simple"},"acf":[],"yoast_head":"<!-- This site is optimized with the Yoast SEO plugin v26.8 - https:\/\/yoast.com\/product\/yoast-seo-wordpress\/ -->\n<title>T\u00fcnnisisu \u00fcmar 2260 x 2260 mm - Awero - S\u00fcdamega L\u00f5una-Eestist<\/title>\n<meta name=\"robots\" content=\"index, follow, max-snippet:-1, max-image-preview:large, max-video-preview:-1\" \/>\n<link rel=\"canonical\" href=\"https:\/\/awero.ee\/de\/toode\/tunnisisu-umar-2260-x-2260-mm\/\" \/>\n<meta property=\"og:locale\" content=\"de_DE\" \/>\n<meta property=\"og:type\" content=\"article\" \/>\n<meta property=\"og:title\" content=\"T\u00fcnnisisu \u00fcmar 2260 x 2260 mm - Awero - S\u00fcdamega L\u00f5una-Eestist\" \/>\n<meta property=\"og:description\" content=\"Defektne sisu Funktsionaalne osa korras Esineda v\u00f5ib: Kriimustusi Visuaalseid defekte Muid v\u00e4ikeseid pindmisi kahjustusi\" \/>\n<meta property=\"og:url\" content=\"https:\/\/awero.ee\/de\/toode\/tunnisisu-umar-2260-x-2260-mm\/\" \/>\n<meta property=\"og:site_name\" content=\"Awero - S\u00fcdamega L\u00f5una-Eestist\" \/>\n<meta property=\"article:modified_time\" content=\"2026-04-15T09:01:43+00:00\" \/>\n<meta property=\"og:image\" content=\"https:\/\/awero.ee\/wp-content\/uploads\/2025\/06\/220.jpg\" \/>\n\t<meta property=\"og:image:width\" content=\"444\" \/>\n\t<meta property=\"og:image:height\" content=\"524\" \/>\n\t<meta property=\"og:image:type\" content=\"image\/jpeg\" \/>\n<meta name=\"twitter:card\" content=\"summary_large_image\" \/>\n<meta name=\"twitter:label1\" content=\"Gesch\u00e4tzte Lesezeit\" \/>\n\t<meta name=\"twitter:data1\" content=\"1\u00a0Minute\" \/>\n<script type=\"application\/ld+json\" class=\"yoast-schema-graph\">{\"@context\":\"https:\/\/schema.org\",\"@graph\":[{\"@type\":\"WebPage\",\"@id\":\"https:\/\/awero.ee\/de\/toode\/tunnisisu-umar-2260-x-2260-mm\/\",\"url\":\"https:\/\/awero.ee\/de\/toode\/tunnisisu-umar-2260-x-2260-mm\/\",\"name\":\"T\u00fcnnisisu \u00fcmar 2260 x 2260 mm - Awero - S\u00fcdamega L\u00f5una-Eestist\",\"isPartOf\":{\"@id\":\"https:\/\/awero.ee\/de\/#website\"},\"primaryImageOfPage\":{\"@id\":\"https:\/\/awero.ee\/de\/toode\/tunnisisu-umar-2260-x-2260-mm\/#primaryimage\"},\"image\":{\"@id\":\"https:\/\/awero.ee\/de\/toode\/tunnisisu-umar-2260-x-2260-mm\/#primaryimage\"},\"thumbnailUrl\":\"https:\/\/awero.ee\/wp-content\/uploads\/2025\/06\/220.jpg\",\"datePublished\":\"2026-04-15T08:37:24+00:00\",\"dateModified\":\"2026-04-15T09:01:43+00:00\",\"breadcrumb\":{\"@id\":\"https:\/\/awero.ee\/de\/toode\/tunnisisu-umar-2260-x-2260-mm\/#breadcrumb\"},\"inLanguage\":\"de\",\"potentialAction\":[{\"@type\":\"ReadAction\",\"target\":[\"https:\/\/awero.ee\/de\/toode\/tunnisisu-umar-2260-x-2260-mm\/\"]}]},{\"@type\":\"ImageObject\",\"inLanguage\":\"de\",\"@id\":\"https:\/\/awero.ee\/de\/toode\/tunnisisu-umar-2260-x-2260-mm\/#primaryimage\",\"url\":\"https:\/\/awero.ee\/wp-content\/uploads\/2025\/06\/220.jpg\",\"contentUrl\":\"https:\/\/awero.ee\/wp-content\/uploads\/2025\/06\/220.jpg\",\"width\":444,\"height\":524},{\"@type\":\"BreadcrumbList\",\"@id\":\"https:\/\/awero.ee\/de\/toode\/tunnisisu-umar-2260-x-2260-mm\/#breadcrumb\",\"itemListElement\":[{\"@type\":\"ListItem\",\"position\":1,\"name\":\"Home\",\"item\":\"https:\/\/awero.ee\/de\/startseite\/\"},{\"@type\":\"ListItem\",\"position\":2,\"name\":\"Pood\",\"item\":\"https:\/\/awero.ee\/pood\/\"},{\"@type\":\"ListItem\",\"position\":3,\"name\":\"T\u00fcnnisisu \u00fcmar 2260 x 2260 mm\"}]},{\"@type\":\"WebSite\",\"@id\":\"https:\/\/awero.ee\/de\/#website\",\"url\":\"https:\/\/awero.ee\/de\/\",\"name\":\"Awero - S\u00fcdamega L\u00f5una Eestist\",\"description\":\"\",\"publisher\":{\"@id\":\"https:\/\/awero.ee\/de\/#organization\"},\"potentialAction\":[{\"@type\":\"SearchAction\",\"target\":{\"@type\":\"EntryPoint\",\"urlTemplate\":\"https:\/\/awero.ee\/de\/?s={search_term_string}\"},\"query-input\":{\"@type\":\"PropertyValueSpecification\",\"valueRequired\":true,\"valueName\":\"search_term_string\"}}],\"inLanguage\":\"de\"},{\"@type\":\"Organization\",\"@id\":\"https:\/\/awero.ee\/de\/#organization\",\"name\":\"Awero - S\u00fcdamega L\u00f5una Eestist\",\"url\":\"https:\/\/awero.ee\/de\/\",\"logo\":{\"@type\":\"ImageObject\",\"inLanguage\":\"de\",\"@id\":\"https:\/\/awero.ee\/de\/#\/schema\/logo\/image\/\",\"url\":\"https:\/\/awero.ee\/wp-content\/uploads\/2024\/07\/aweroplaceholder.jpg\",\"contentUrl\":\"https:\/\/awero.ee\/wp-content\/uploads\/2024\/07\/aweroplaceholder.jpg\",\"width\":1250,\"height\":834,\"caption\":\"Awero - S\u00fcdamega L\u00f5una Eestist\"},\"image\":{\"@id\":\"https:\/\/awero.ee\/de\/#\/schema\/logo\/image\/\"}}]}<\/script>\n<!-- \/ Yoast SEO plugin. -->","yoast_head_json":{"title":"T\u00fcnnisisu \u00fcmar 2260 x 2260 mm - Awero - S\u00fcdamega L\u00f5una-Eestist","robots":{"index":"index","follow":"follow","max-snippet":"max-snippet:-1","max-image-preview":"max-image-preview:large","max-video-preview":"max-video-preview:-1"},"canonical":"https:\/\/awero.ee\/de\/toode\/tunnisisu-umar-2260-x-2260-mm\/","og_locale":"de_DE","og_type":"article","og_title":"T\u00fcnnisisu \u00fcmar 2260 x 2260 mm - Awero - S\u00fcdamega L\u00f5una-Eestist","og_description":"Defektne sisu Funktsionaalne osa korras Esineda v\u00f5ib: Kriimustusi Visuaalseid defekte Muid v\u00e4ikeseid pindmisi kahjustusi","og_url":"https:\/\/awero.ee\/de\/toode\/tunnisisu-umar-2260-x-2260-mm\/","og_site_name":"Awero - S\u00fcdamega L\u00f5una-Eestist","article_modified_time":"2026-04-15T09:01:43+00:00","og_image":[{"width":444,"height":524,"url":"https:\/\/awero.ee\/wp-content\/uploads\/2025\/06\/220.jpg","type":"image\/jpeg"}],"twitter_card":"summary_large_image","twitter_misc":{"Gesch\u00e4tzte Lesezeit":"1\u00a0Minute"},"schema":{"@context":"https:\/\/schema.org","@graph":[{"@type":"WebPage","@id":"https:\/\/awero.ee\/de\/toode\/tunnisisu-umar-2260-x-2260-mm\/","url":"https:\/\/awero.ee\/de\/toode\/tunnisisu-umar-2260-x-2260-mm\/","name":"T\u00fcnnisisu \u00fcmar 2260 x 2260 mm - Awero - S\u00fcdamega L\u00f5una-Eestist","isPartOf":{"@id":"https:\/\/awero.ee\/de\/#website"},"primaryImageOfPage":{"@id":"https:\/\/awero.ee\/de\/toode\/tunnisisu-umar-2260-x-2260-mm\/#primaryimage"},"image":{"@id":"https:\/\/awero.ee\/de\/toode\/tunnisisu-umar-2260-x-2260-mm\/#primaryimage"},"thumbnailUrl":"https:\/\/awero.ee\/wp-content\/uploads\/2025\/06\/220.jpg","datePublished":"2026-04-15T08:37:24+00:00","dateModified":"2026-04-15T09:01:43+00:00","breadcrumb":{"@id":"https:\/\/awero.ee\/de\/toode\/tunnisisu-umar-2260-x-2260-mm\/#breadcrumb"},"inLanguage":"de","potentialAction":[{"@type":"ReadAction","target":["https:\/\/awero.ee\/de\/toode\/tunnisisu-umar-2260-x-2260-mm\/"]}]},{"@type":"ImageObject","inLanguage":"de","@id":"https:\/\/awero.ee\/de\/toode\/tunnisisu-umar-2260-x-2260-mm\/#primaryimage","url":"https:\/\/awero.ee\/wp-content\/uploads\/2025\/06\/220.jpg","contentUrl":"https:\/\/awero.ee\/wp-content\/uploads\/2025\/06\/220.jpg","width":444,"height":524},{"@type":"BreadcrumbList","@id":"https:\/\/awero.ee\/de\/toode\/tunnisisu-umar-2260-x-2260-mm\/#breadcrumb","itemListElement":[{"@type":"ListItem","position":1,"name":"Home","item":"https:\/\/awero.ee\/de\/startseite\/"},{"@type":"ListItem","position":2,"name":"Pood","item":"https:\/\/awero.ee\/pood\/"},{"@type":"ListItem","position":3,"name":"T\u00fcnnisisu \u00fcmar 2260 x 2260 mm"}]},{"@type":"WebSite","@id":"https:\/\/awero.ee\/de\/#website","url":"https:\/\/awero.ee\/de\/","name":"Awero - S\u00fcdamega L\u00f5una Eestist","description":"","publisher":{"@id":"https:\/\/awero.ee\/de\/#organization"},"potentialAction":[{"@type":"SearchAction","target":{"@type":"EntryPoint","urlTemplate":"https:\/\/awero.ee\/de\/?s={search_term_string}"},"query-input":{"@type":"PropertyValueSpecification","valueRequired":true,"valueName":"search_term_string"}}],"inLanguage":"de"},{"@type":"Organization","@id":"https:\/\/awero.ee\/de\/#organization","name":"Awero - S\u00fcdamega L\u00f5una Eestist","url":"https:\/\/awero.ee\/de\/","logo":{"@type":"ImageObject","inLanguage":"de","@id":"https:\/\/awero.ee\/de\/#\/schema\/logo\/image\/","url":"https:\/\/awero.ee\/wp-content\/uploads\/2024\/07\/aweroplaceholder.jpg","contentUrl":"https:\/\/awero.ee\/wp-content\/uploads\/2024\/07\/aweroplaceholder.jpg","width":1250,"height":834,"caption":"Awero - S\u00fcdamega L\u00f5una Eestist"},"image":{"@id":"https:\/\/awero.ee\/de\/#\/schema\/logo\/image\/"}}]}},"_links":{"self":[{"href":"https:\/\/awero.ee\/de\/wp-json\/wp\/v2\/product\/14603","targetHints":{"allow":["GET"]}}],"collection":[{"href":"https:\/\/awero.ee\/de\/wp-json\/wp\/v2\/product"}],"about":[{"href":"https:\/\/awero.ee\/de\/wp-json\/wp\/v2\/types\/product"}],"wp:featuredmedia":[{"embeddable":true,"href":"https:\/\/awero.ee\/de\/wp-json\/wp\/v2\/media\/3555"}],"wp:attachment":[{"href":"https:\/\/awero.ee\/de\/wp-json\/wp\/v2\/media?parent=14603"}],"wp:term":[{"taxonomy":"product_brand","embeddable":true,"href":"https:\/\/awero.ee\/de\/wp-json\/wp\/v2\/product_brand?post=14603"},{"taxonomy":"product_cat","embeddable":true,"href":"https:\/\/awero.ee\/de\/wp-json\/wp\/v2\/product_cat?post=14603"},{"taxonomy":"product_tag","embeddable":true,"href":"https:\/\/awero.ee\/de\/wp-json\/wp\/v2\/product_tag?post=14603"}],"curies":[{"name":"wp","href":"https:\/\/api.w.org\/{rel}","templated":true}]}}