{"id":14594,"date":"2026-04-15T08:19:36","date_gmt":"2026-04-15T08:19:36","guid":{"rendered":"https:\/\/awero.ee\/?post_type=product&#038;p=14594"},"modified":"2026-04-15T09:03:22","modified_gmt":"2026-04-15T09:03:22","slug":"kumblustunn-180-valisahjuga-termo-pvc-2","status":"publish","type":"product","link":"https:\/\/awero.ee\/de\/toode\/kumblustunn-180-valisahjuga-termo-pvc-2\/","title":{"rendered":"K\u00fcmblust\u00fcnn 180 v\u00e4lisahjuga termo\/pvc"},"content":{"rendered":"<p><strong>Komplekti kuulub:<\/strong><\/p>\n<ul>\n<li>AISI 304 roostevabast terasest v\u00e4lisahi (30 kW)<\/li>\n<li>2 m korsten koos korstnakaite v\u00f5re ja korstnam\u00fctsiga<\/li>\n<li>Trepp<\/li>\n<li>Termopuidust v\u00e4liskest<\/li>\n<li>Hall PVC sisu<\/li>\n<li>Toode on alusele pakitud ja tuleb ise kokku panna.<\/li>\n<\/ul>\n<p>&nbsp;<\/p>\n","protected":false},"excerpt":{"rendered":"<p>Komplekti kuulub: AISI 304 roostevabast terasest v\u00e4lisahi (30 kW) 2 m korsten koos korstnakaite v\u00f5re ja korstnam\u00fctsiga Trepp Termopuidust v\u00e4liskest Hall PVC sisu Toode on alusele pakitud ja tuleb ise kokku panna. &nbsp;<\/p>\n","protected":false},"featured_media":1989,"template":"","meta":{"_acf_changed":false},"product_brand":[],"product_cat":[311,1919],"product_tag":[],"class_list":{"0":"post-14594","1":"product","2":"type-product","3":"status-publish","4":"has-post-thumbnail","6":"product_cat-laotooted","7":"product_cat-kumblustunnid-ladu","9":"first","10":"instock","11":"shipping-taxable","12":"product-type-simple"},"acf":[],"yoast_head":"<!-- This site is optimized with the Yoast SEO plugin v26.8 - https:\/\/yoast.com\/product\/yoast-seo-wordpress\/ -->\n<title>K\u00fcmblust\u00fcnn 180 v\u00e4lisahjuga termo\/pvc - Awero - S\u00fcdamega L\u00f5una-Eestist<\/title>\n<meta name=\"robots\" content=\"index, follow, max-snippet:-1, max-image-preview:large, max-video-preview:-1\" \/>\n<link rel=\"canonical\" href=\"https:\/\/awero.ee\/de\/toode\/kumblustunn-180-valisahjuga-termo-pvc-2\/\" \/>\n<meta property=\"og:locale\" content=\"de_DE\" \/>\n<meta property=\"og:type\" content=\"article\" \/>\n<meta property=\"og:title\" content=\"K\u00fcmblust\u00fcnn 180 v\u00e4lisahjuga termo\/pvc - Awero - S\u00fcdamega L\u00f5una-Eestist\" \/>\n<meta property=\"og:description\" content=\"Komplekti kuulub: AISI 304 roostevabast terasest v\u00e4lisahi (30 kW) 2 m korsten koos korstnakaite v\u00f5re ja korstnam\u00fctsiga Trepp Termopuidust v\u00e4liskest Hall PVC sisu Toode on alusele pakitud ja tuleb ise kokku panna. &nbsp;\" \/>\n<meta property=\"og:url\" content=\"https:\/\/awero.ee\/de\/toode\/kumblustunn-180-valisahjuga-termo-pvc-2\/\" \/>\n<meta property=\"og:site_name\" content=\"Awero - S\u00fcdamega L\u00f5una-Eestist\" \/>\n<meta property=\"article:modified_time\" content=\"2026-04-15T09:03:22+00:00\" \/>\n<meta property=\"og:image\" content=\"https:\/\/awero.ee\/wp-content\/uploads\/2025\/03\/Hottub_Eco_D180_external.jpg\" \/>\n\t<meta property=\"og:image:width\" content=\"2500\" \/>\n\t<meta property=\"og:image:height\" content=\"1667\" \/>\n\t<meta property=\"og:image:type\" content=\"image\/jpeg\" \/>\n<meta name=\"twitter:card\" content=\"summary_large_image\" \/>\n<meta name=\"twitter:label1\" content=\"Gesch\u00e4tzte Lesezeit\" \/>\n\t<meta name=\"twitter:data1\" content=\"1\u00a0Minute\" \/>\n<script type=\"application\/ld+json\" class=\"yoast-schema-graph\">{\"@context\":\"https:\/\/schema.org\",\"@graph\":[{\"@type\":\"WebPage\",\"@id\":\"https:\/\/awero.ee\/de\/toode\/kumblustunn-180-valisahjuga-termo-pvc-2\/\",\"url\":\"https:\/\/awero.ee\/de\/toode\/kumblustunn-180-valisahjuga-termo-pvc-2\/\",\"name\":\"K\u00fcmblust\u00fcnn 180 v\u00e4lisahjuga termo\/pvc - Awero - S\u00fcdamega L\u00f5una-Eestist\",\"isPartOf\":{\"@id\":\"https:\/\/awero.ee\/de\/#website\"},\"primaryImageOfPage\":{\"@id\":\"https:\/\/awero.ee\/de\/toode\/kumblustunn-180-valisahjuga-termo-pvc-2\/#primaryimage\"},\"image\":{\"@id\":\"https:\/\/awero.ee\/de\/toode\/kumblustunn-180-valisahjuga-termo-pvc-2\/#primaryimage\"},\"thumbnailUrl\":\"https:\/\/awero.ee\/wp-content\/uploads\/2025\/03\/Hottub_Eco_D180_external.jpg\",\"datePublished\":\"2026-04-15T08:19:36+00:00\",\"dateModified\":\"2026-04-15T09:03:22+00:00\",\"breadcrumb\":{\"@id\":\"https:\/\/awero.ee\/de\/toode\/kumblustunn-180-valisahjuga-termo-pvc-2\/#breadcrumb\"},\"inLanguage\":\"de\",\"potentialAction\":[{\"@type\":\"ReadAction\",\"target\":[\"https:\/\/awero.ee\/de\/toode\/kumblustunn-180-valisahjuga-termo-pvc-2\/\"]}]},{\"@type\":\"ImageObject\",\"inLanguage\":\"de\",\"@id\":\"https:\/\/awero.ee\/de\/toode\/kumblustunn-180-valisahjuga-termo-pvc-2\/#primaryimage\",\"url\":\"https:\/\/awero.ee\/wp-content\/uploads\/2025\/03\/Hottub_Eco_D180_external.jpg\",\"contentUrl\":\"https:\/\/awero.ee\/wp-content\/uploads\/2025\/03\/Hottub_Eco_D180_external.jpg\",\"width\":2500,\"height\":1667},{\"@type\":\"BreadcrumbList\",\"@id\":\"https:\/\/awero.ee\/de\/toode\/kumblustunn-180-valisahjuga-termo-pvc-2\/#breadcrumb\",\"itemListElement\":[{\"@type\":\"ListItem\",\"position\":1,\"name\":\"Home\",\"item\":\"https:\/\/awero.ee\/de\/startseite\/\"},{\"@type\":\"ListItem\",\"position\":2,\"name\":\"Pood\",\"item\":\"https:\/\/awero.ee\/pood\/\"},{\"@type\":\"ListItem\",\"position\":3,\"name\":\"K\u00fcmblust\u00fcnn 180 v\u00e4lisahjuga termo\/pvc\"}]},{\"@type\":\"WebSite\",\"@id\":\"https:\/\/awero.ee\/de\/#website\",\"url\":\"https:\/\/awero.ee\/de\/\",\"name\":\"Awero - S\u00fcdamega L\u00f5una Eestist\",\"description\":\"\",\"publisher\":{\"@id\":\"https:\/\/awero.ee\/de\/#organization\"},\"potentialAction\":[{\"@type\":\"SearchAction\",\"target\":{\"@type\":\"EntryPoint\",\"urlTemplate\":\"https:\/\/awero.ee\/de\/?s={search_term_string}\"},\"query-input\":{\"@type\":\"PropertyValueSpecification\",\"valueRequired\":true,\"valueName\":\"search_term_string\"}}],\"inLanguage\":\"de\"},{\"@type\":\"Organization\",\"@id\":\"https:\/\/awero.ee\/de\/#organization\",\"name\":\"Awero - S\u00fcdamega L\u00f5una Eestist\",\"url\":\"https:\/\/awero.ee\/de\/\",\"logo\":{\"@type\":\"ImageObject\",\"inLanguage\":\"de\",\"@id\":\"https:\/\/awero.ee\/de\/#\/schema\/logo\/image\/\",\"url\":\"https:\/\/awero.ee\/wp-content\/uploads\/2024\/07\/aweroplaceholder.jpg\",\"contentUrl\":\"https:\/\/awero.ee\/wp-content\/uploads\/2024\/07\/aweroplaceholder.jpg\",\"width\":1250,\"height\":834,\"caption\":\"Awero - S\u00fcdamega L\u00f5una Eestist\"},\"image\":{\"@id\":\"https:\/\/awero.ee\/de\/#\/schema\/logo\/image\/\"}}]}<\/script>\n<!-- \/ Yoast SEO plugin. -->","yoast_head_json":{"title":"K\u00fcmblust\u00fcnn 180 v\u00e4lisahjuga termo\/pvc - Awero - S\u00fcdamega L\u00f5una-Eestist","robots":{"index":"index","follow":"follow","max-snippet":"max-snippet:-1","max-image-preview":"max-image-preview:large","max-video-preview":"max-video-preview:-1"},"canonical":"https:\/\/awero.ee\/de\/toode\/kumblustunn-180-valisahjuga-termo-pvc-2\/","og_locale":"de_DE","og_type":"article","og_title":"K\u00fcmblust\u00fcnn 180 v\u00e4lisahjuga termo\/pvc - Awero - S\u00fcdamega L\u00f5una-Eestist","og_description":"Komplekti kuulub: AISI 304 roostevabast terasest v\u00e4lisahi (30 kW) 2 m korsten koos korstnakaite v\u00f5re ja korstnam\u00fctsiga Trepp Termopuidust v\u00e4liskest Hall PVC sisu Toode on alusele pakitud ja tuleb ise kokku panna. &nbsp;","og_url":"https:\/\/awero.ee\/de\/toode\/kumblustunn-180-valisahjuga-termo-pvc-2\/","og_site_name":"Awero - S\u00fcdamega L\u00f5una-Eestist","article_modified_time":"2026-04-15T09:03:22+00:00","og_image":[{"width":2500,"height":1667,"url":"https:\/\/awero.ee\/wp-content\/uploads\/2025\/03\/Hottub_Eco_D180_external.jpg","type":"image\/jpeg"}],"twitter_card":"summary_large_image","twitter_misc":{"Gesch\u00e4tzte Lesezeit":"1\u00a0Minute"},"schema":{"@context":"https:\/\/schema.org","@graph":[{"@type":"WebPage","@id":"https:\/\/awero.ee\/de\/toode\/kumblustunn-180-valisahjuga-termo-pvc-2\/","url":"https:\/\/awero.ee\/de\/toode\/kumblustunn-180-valisahjuga-termo-pvc-2\/","name":"K\u00fcmblust\u00fcnn 180 v\u00e4lisahjuga termo\/pvc - Awero - S\u00fcdamega L\u00f5una-Eestist","isPartOf":{"@id":"https:\/\/awero.ee\/de\/#website"},"primaryImageOfPage":{"@id":"https:\/\/awero.ee\/de\/toode\/kumblustunn-180-valisahjuga-termo-pvc-2\/#primaryimage"},"image":{"@id":"https:\/\/awero.ee\/de\/toode\/kumblustunn-180-valisahjuga-termo-pvc-2\/#primaryimage"},"thumbnailUrl":"https:\/\/awero.ee\/wp-content\/uploads\/2025\/03\/Hottub_Eco_D180_external.jpg","datePublished":"2026-04-15T08:19:36+00:00","dateModified":"2026-04-15T09:03:22+00:00","breadcrumb":{"@id":"https:\/\/awero.ee\/de\/toode\/kumblustunn-180-valisahjuga-termo-pvc-2\/#breadcrumb"},"inLanguage":"de","potentialAction":[{"@type":"ReadAction","target":["https:\/\/awero.ee\/de\/toode\/kumblustunn-180-valisahjuga-termo-pvc-2\/"]}]},{"@type":"ImageObject","inLanguage":"de","@id":"https:\/\/awero.ee\/de\/toode\/kumblustunn-180-valisahjuga-termo-pvc-2\/#primaryimage","url":"https:\/\/awero.ee\/wp-content\/uploads\/2025\/03\/Hottub_Eco_D180_external.jpg","contentUrl":"https:\/\/awero.ee\/wp-content\/uploads\/2025\/03\/Hottub_Eco_D180_external.jpg","width":2500,"height":1667},{"@type":"BreadcrumbList","@id":"https:\/\/awero.ee\/de\/toode\/kumblustunn-180-valisahjuga-termo-pvc-2\/#breadcrumb","itemListElement":[{"@type":"ListItem","position":1,"name":"Home","item":"https:\/\/awero.ee\/de\/startseite\/"},{"@type":"ListItem","position":2,"name":"Pood","item":"https:\/\/awero.ee\/pood\/"},{"@type":"ListItem","position":3,"name":"K\u00fcmblust\u00fcnn 180 v\u00e4lisahjuga termo\/pvc"}]},{"@type":"WebSite","@id":"https:\/\/awero.ee\/de\/#website","url":"https:\/\/awero.ee\/de\/","name":"Awero - S\u00fcdamega L\u00f5una Eestist","description":"","publisher":{"@id":"https:\/\/awero.ee\/de\/#organization"},"potentialAction":[{"@type":"SearchAction","target":{"@type":"EntryPoint","urlTemplate":"https:\/\/awero.ee\/de\/?s={search_term_string}"},"query-input":{"@type":"PropertyValueSpecification","valueRequired":true,"valueName":"search_term_string"}}],"inLanguage":"de"},{"@type":"Organization","@id":"https:\/\/awero.ee\/de\/#organization","name":"Awero - S\u00fcdamega L\u00f5una Eestist","url":"https:\/\/awero.ee\/de\/","logo":{"@type":"ImageObject","inLanguage":"de","@id":"https:\/\/awero.ee\/de\/#\/schema\/logo\/image\/","url":"https:\/\/awero.ee\/wp-content\/uploads\/2024\/07\/aweroplaceholder.jpg","contentUrl":"https:\/\/awero.ee\/wp-content\/uploads\/2024\/07\/aweroplaceholder.jpg","width":1250,"height":834,"caption":"Awero - S\u00fcdamega L\u00f5una Eestist"},"image":{"@id":"https:\/\/awero.ee\/de\/#\/schema\/logo\/image\/"}}]}},"_links":{"self":[{"href":"https:\/\/awero.ee\/de\/wp-json\/wp\/v2\/product\/14594","targetHints":{"allow":["GET"]}}],"collection":[{"href":"https:\/\/awero.ee\/de\/wp-json\/wp\/v2\/product"}],"about":[{"href":"https:\/\/awero.ee\/de\/wp-json\/wp\/v2\/types\/product"}],"wp:featuredmedia":[{"embeddable":true,"href":"https:\/\/awero.ee\/de\/wp-json\/wp\/v2\/media\/1989"}],"wp:attachment":[{"href":"https:\/\/awero.ee\/de\/wp-json\/wp\/v2\/media?parent=14594"}],"wp:term":[{"taxonomy":"product_brand","embeddable":true,"href":"https:\/\/awero.ee\/de\/wp-json\/wp\/v2\/product_brand?post=14594"},{"taxonomy":"product_cat","embeddable":true,"href":"https:\/\/awero.ee\/de\/wp-json\/wp\/v2\/product_cat?post=14594"},{"taxonomy":"product_tag","embeddable":true,"href":"https:\/\/awero.ee\/de\/wp-json\/wp\/v2\/product_tag?post=14594"}],"curies":[{"name":"wp","href":"https:\/\/api.w.org\/{rel}","templated":true}]}}