{"id":14559,"date":"2025-11-03T11:59:09","date_gmt":"2025-11-03T11:59:09","guid":{"rendered":"https:\/\/awero.ee\/toode\/anhaenger-spa\/"},"modified":"2025-11-03T11:59:09","modified_gmt":"2025-11-03T11:59:09","slug":"anhaenger-spa","status":"publish","type":"product","link":"https:\/\/awero.ee\/de\/toode\/anhaenger-spa\/","title":{"rendered":"Anh\u00e4nger-Spa"},"content":{"rendered":"<p>Bitte beachten Sie die Produktseite, auf der die Abmessungen des Produkts angegeben sind.<\/p>\n<p>&nbsp;<\/p>\n<p><strong>Hinweis:<\/strong><br \/><strong data-start=\"158\" data-end=\"194\">Die Zulassung des <\/strong>Anh\u00e4ngers (Anmeldung) ist nicht im Produktpreis enthalten und kann gegen <strong data-start=\"236\" data-end=\"253\">Aufpreis erfolgen. <\/strong>Auf Wunsch \u00fcbernehmen wir die Anmeldung des Anh\u00e4ngers im Namen des Kunden. <\/p>\n","protected":false},"excerpt":{"rendered":"<p>Der Anh\u00e4nger-Spa vereint moderne Sauna und hochwertigen Badebottich und bietet ein ganzheitliches Wohlf\u00fchlerlebnis, sowohl im heimischen Garten als auch in der Natur.<br \/>Die Sauna ist mit einer halbmondf\u00f6rmigen Glasfassade und Glast\u00fcr gestaltet. Sie ist ausgestattet mit Innen- und Au\u00dfenbeleuchtung, einem schwarzen PVC-Dach sowie einem Harvia Linear Compact 18 Ofen inklusive Edelstahlkamin und Wassertank. <\/p>\n<p>Neben der Sauna befindet sich der Icon Tub 200 Badebottich mit grauem Fiberglas-Innenbereich, ausgestattet mit zwei LED-Leuchten, einem Sprudelsystem und einem digitalen Thermometer.<br \/>Komfortfunktionen wie ein Stereo-System und eine isolierte Abdeckung helfen, die Wassertemperatur zu halten und den Energieverbrauch zu reduzieren.<\/p>\n<p>Das Ergebnis ist ein eleganter und funktionaler mobiler Spa, der Luxus, Komfort und ein echtes Saunaerlebnis \u00fcberall bietet, wohin die Reise geht.<\/p>\n","protected":false},"featured_media":14562,"template":"","meta":{"_acf_changed":false},"product_brand":[],"product_cat":[1671],"product_tag":[],"class_list":{"0":"post-14559","1":"product","2":"type-product","3":"status-publish","4":"has-post-thumbnail","6":"product_cat-anhangerprodukte","8":"first","9":"instock","10":"sale","11":"shipping-taxable","12":"product-type-simple"},"acf":[],"yoast_head":"<!-- This site is optimized with the Yoast SEO plugin v27.5 - https:\/\/yoast.com\/product\/yoast-seo-wordpress\/ -->\n<title>Anh\u00e4nger-Spa - Awero - S\u00fcdamega L\u00f5una-Eestist<\/title>\n<meta name=\"robots\" content=\"index, follow, max-snippet:-1, max-image-preview:large, max-video-preview:-1\" \/>\n<link rel=\"canonical\" href=\"https:\/\/awero.ee\/de\/toode\/anhaenger-spa\/\" \/>\n<meta property=\"og:locale\" content=\"de_DE\" \/>\n<meta property=\"og:type\" content=\"article\" \/>\n<meta property=\"og:title\" content=\"Anh\u00e4nger-Spa - Awero - S\u00fcdamega L\u00f5una-Eestist\" \/>\n<meta property=\"og:description\" content=\"Der Anh\u00e4nger-Spa vereint moderne Sauna und hochwertigen Badebottich und bietet ein ganzheitliches Wohlf\u00fchlerlebnis, sowohl im heimischen Garten als auch in der Natur.Die Sauna ist mit einer halbmondf\u00f6rmigen Glasfassade und Glast\u00fcr gestaltet. Sie ist ausgestattet mit Innen- und Au\u00dfenbeleuchtung, einem schwarzen PVC-Dach sowie einem Harvia Linear Compact 18 Ofen inklusive Edelstahlkamin und Wassertank.  Neben der Sauna befindet sich der Icon Tub 200 Badebottich mit grauem Fiberglas-Innenbereich, ausgestattet mit zwei LED-Leuchten, einem Sprudelsystem und einem digitalen Thermometer.Komfortfunktionen wie ein Stereo-System und eine isolierte Abdeckung helfen, die Wassertemperatur zu halten und den Energieverbrauch zu reduzieren. Das Ergebnis ist ein eleganter und funktionaler mobiler Spa, der Luxus, Komfort und ein echtes Saunaerlebnis \u00fcberall bietet, wohin die Reise geht.\" \/>\n<meta property=\"og:url\" content=\"https:\/\/awero.ee\/de\/toode\/anhaenger-spa\/\" \/>\n<meta property=\"og:site_name\" content=\"Awero - S\u00fcdamega L\u00f5una-Eestist\" \/>\n<meta property=\"og:image\" content=\"https:\/\/awero.ee\/wp-content\/uploads\/2025\/11\/IMG_1024.jpg\" \/>\n\t<meta property=\"og:image:width\" content=\"1344\" \/>\n\t<meta property=\"og:image:height\" content=\"768\" \/>\n\t<meta property=\"og:image:type\" content=\"image\/jpeg\" \/>\n<meta name=\"twitter:card\" content=\"summary_large_image\" \/>\n<script type=\"application\/ld+json\" class=\"yoast-schema-graph\">{\"@context\":\"https:\\\/\\\/schema.org\",\"@graph\":[{\"@type\":\"WebPage\",\"@id\":\"https:\\\/\\\/awero.ee\\\/de\\\/toode\\\/anhaenger-spa\\\/\",\"url\":\"https:\\\/\\\/awero.ee\\\/de\\\/toode\\\/anhaenger-spa\\\/\",\"name\":\"Anh\u00e4nger-Spa - Awero - S\u00fcdamega L\u00f5una-Eestist\",\"isPartOf\":{\"@id\":\"https:\\\/\\\/awero.ee\\\/de\\\/#website\"},\"primaryImageOfPage\":{\"@id\":\"https:\\\/\\\/awero.ee\\\/de\\\/toode\\\/anhaenger-spa\\\/#primaryimage\"},\"image\":{\"@id\":\"https:\\\/\\\/awero.ee\\\/de\\\/toode\\\/anhaenger-spa\\\/#primaryimage\"},\"thumbnailUrl\":\"https:\\\/\\\/awero.ee\\\/wp-content\\\/uploads\\\/2025\\\/11\\\/IMG_1024.jpg\",\"datePublished\":\"2025-11-03T11:59:09+00:00\",\"breadcrumb\":{\"@id\":\"https:\\\/\\\/awero.ee\\\/de\\\/toode\\\/anhaenger-spa\\\/#breadcrumb\"},\"inLanguage\":\"de\",\"potentialAction\":[{\"@type\":\"ReadAction\",\"target\":[\"https:\\\/\\\/awero.ee\\\/de\\\/toode\\\/anhaenger-spa\\\/\"]}]},{\"@type\":\"ImageObject\",\"inLanguage\":\"de\",\"@id\":\"https:\\\/\\\/awero.ee\\\/de\\\/toode\\\/anhaenger-spa\\\/#primaryimage\",\"url\":\"https:\\\/\\\/awero.ee\\\/wp-content\\\/uploads\\\/2025\\\/11\\\/IMG_1024.jpg\",\"contentUrl\":\"https:\\\/\\\/awero.ee\\\/wp-content\\\/uploads\\\/2025\\\/11\\\/IMG_1024.jpg\",\"width\":1344,\"height\":768},{\"@type\":\"BreadcrumbList\",\"@id\":\"https:\\\/\\\/awero.ee\\\/de\\\/toode\\\/anhaenger-spa\\\/#breadcrumb\",\"itemListElement\":[{\"@type\":\"ListItem\",\"position\":1,\"name\":\"Home\",\"item\":\"https:\\\/\\\/awero.ee\\\/de\\\/startseite\\\/\"},{\"@type\":\"ListItem\",\"position\":2,\"name\":\"Pood\",\"item\":\"https:\\\/\\\/awero.ee\\\/pood\\\/\"},{\"@type\":\"ListItem\",\"position\":3,\"name\":\"Anh\u00e4nger-Spa\"}]},{\"@type\":\"WebSite\",\"@id\":\"https:\\\/\\\/awero.ee\\\/de\\\/#website\",\"url\":\"https:\\\/\\\/awero.ee\\\/de\\\/\",\"name\":\"Awero - S\u00fcdamega L\u00f5una Eestist\",\"description\":\"\",\"publisher\":{\"@id\":\"https:\\\/\\\/awero.ee\\\/de\\\/#organization\"},\"potentialAction\":[{\"@type\":\"SearchAction\",\"target\":{\"@type\":\"EntryPoint\",\"urlTemplate\":\"https:\\\/\\\/awero.ee\\\/de\\\/?s={search_term_string}\"},\"query-input\":{\"@type\":\"PropertyValueSpecification\",\"valueRequired\":true,\"valueName\":\"search_term_string\"}}],\"inLanguage\":\"de\"},{\"@type\":\"Organization\",\"@id\":\"https:\\\/\\\/awero.ee\\\/de\\\/#organization\",\"name\":\"Awero - S\u00fcdamega L\u00f5una Eestist\",\"url\":\"https:\\\/\\\/awero.ee\\\/de\\\/\",\"logo\":{\"@type\":\"ImageObject\",\"inLanguage\":\"de\",\"@id\":\"https:\\\/\\\/awero.ee\\\/de\\\/#\\\/schema\\\/logo\\\/image\\\/\",\"url\":\"https:\\\/\\\/awero.ee\\\/wp-content\\\/uploads\\\/2024\\\/07\\\/aweroplaceholder.jpg\",\"contentUrl\":\"https:\\\/\\\/awero.ee\\\/wp-content\\\/uploads\\\/2024\\\/07\\\/aweroplaceholder.jpg\",\"width\":1250,\"height\":834,\"caption\":\"Awero - S\u00fcdamega L\u00f5una Eestist\"},\"image\":{\"@id\":\"https:\\\/\\\/awero.ee\\\/de\\\/#\\\/schema\\\/logo\\\/image\\\/\"}}]}<\/script>\n<!-- \/ Yoast SEO plugin. -->","yoast_head_json":{"title":"Anh\u00e4nger-Spa - Awero - S\u00fcdamega L\u00f5una-Eestist","robots":{"index":"index","follow":"follow","max-snippet":"max-snippet:-1","max-image-preview":"max-image-preview:large","max-video-preview":"max-video-preview:-1"},"canonical":"https:\/\/awero.ee\/de\/toode\/anhaenger-spa\/","og_locale":"de_DE","og_type":"article","og_title":"Anh\u00e4nger-Spa - Awero - S\u00fcdamega L\u00f5una-Eestist","og_description":"Der Anh\u00e4nger-Spa vereint moderne Sauna und hochwertigen Badebottich und bietet ein ganzheitliches Wohlf\u00fchlerlebnis, sowohl im heimischen Garten als auch in der Natur.Die Sauna ist mit einer halbmondf\u00f6rmigen Glasfassade und Glast\u00fcr gestaltet. Sie ist ausgestattet mit Innen- und Au\u00dfenbeleuchtung, einem schwarzen PVC-Dach sowie einem Harvia Linear Compact 18 Ofen inklusive Edelstahlkamin und Wassertank.  Neben der Sauna befindet sich der Icon Tub 200 Badebottich mit grauem Fiberglas-Innenbereich, ausgestattet mit zwei LED-Leuchten, einem Sprudelsystem und einem digitalen Thermometer.Komfortfunktionen wie ein Stereo-System und eine isolierte Abdeckung helfen, die Wassertemperatur zu halten und den Energieverbrauch zu reduzieren. Das Ergebnis ist ein eleganter und funktionaler mobiler Spa, der Luxus, Komfort und ein echtes Saunaerlebnis \u00fcberall bietet, wohin die Reise geht.","og_url":"https:\/\/awero.ee\/de\/toode\/anhaenger-spa\/","og_site_name":"Awero - S\u00fcdamega L\u00f5una-Eestist","og_image":[{"width":1344,"height":768,"url":"https:\/\/awero.ee\/wp-content\/uploads\/2025\/11\/IMG_1024.jpg","type":"image\/jpeg"}],"twitter_card":"summary_large_image","schema":{"@context":"https:\/\/schema.org","@graph":[{"@type":"WebPage","@id":"https:\/\/awero.ee\/de\/toode\/anhaenger-spa\/","url":"https:\/\/awero.ee\/de\/toode\/anhaenger-spa\/","name":"Anh\u00e4nger-Spa - Awero - S\u00fcdamega L\u00f5una-Eestist","isPartOf":{"@id":"https:\/\/awero.ee\/de\/#website"},"primaryImageOfPage":{"@id":"https:\/\/awero.ee\/de\/toode\/anhaenger-spa\/#primaryimage"},"image":{"@id":"https:\/\/awero.ee\/de\/toode\/anhaenger-spa\/#primaryimage"},"thumbnailUrl":"https:\/\/awero.ee\/wp-content\/uploads\/2025\/11\/IMG_1024.jpg","datePublished":"2025-11-03T11:59:09+00:00","breadcrumb":{"@id":"https:\/\/awero.ee\/de\/toode\/anhaenger-spa\/#breadcrumb"},"inLanguage":"de","potentialAction":[{"@type":"ReadAction","target":["https:\/\/awero.ee\/de\/toode\/anhaenger-spa\/"]}]},{"@type":"ImageObject","inLanguage":"de","@id":"https:\/\/awero.ee\/de\/toode\/anhaenger-spa\/#primaryimage","url":"https:\/\/awero.ee\/wp-content\/uploads\/2025\/11\/IMG_1024.jpg","contentUrl":"https:\/\/awero.ee\/wp-content\/uploads\/2025\/11\/IMG_1024.jpg","width":1344,"height":768},{"@type":"BreadcrumbList","@id":"https:\/\/awero.ee\/de\/toode\/anhaenger-spa\/#breadcrumb","itemListElement":[{"@type":"ListItem","position":1,"name":"Home","item":"https:\/\/awero.ee\/de\/startseite\/"},{"@type":"ListItem","position":2,"name":"Pood","item":"https:\/\/awero.ee\/pood\/"},{"@type":"ListItem","position":3,"name":"Anh\u00e4nger-Spa"}]},{"@type":"WebSite","@id":"https:\/\/awero.ee\/de\/#website","url":"https:\/\/awero.ee\/de\/","name":"Awero - S\u00fcdamega L\u00f5una Eestist","description":"","publisher":{"@id":"https:\/\/awero.ee\/de\/#organization"},"potentialAction":[{"@type":"SearchAction","target":{"@type":"EntryPoint","urlTemplate":"https:\/\/awero.ee\/de\/?s={search_term_string}"},"query-input":{"@type":"PropertyValueSpecification","valueRequired":true,"valueName":"search_term_string"}}],"inLanguage":"de"},{"@type":"Organization","@id":"https:\/\/awero.ee\/de\/#organization","name":"Awero - S\u00fcdamega L\u00f5una Eestist","url":"https:\/\/awero.ee\/de\/","logo":{"@type":"ImageObject","inLanguage":"de","@id":"https:\/\/awero.ee\/de\/#\/schema\/logo\/image\/","url":"https:\/\/awero.ee\/wp-content\/uploads\/2024\/07\/aweroplaceholder.jpg","contentUrl":"https:\/\/awero.ee\/wp-content\/uploads\/2024\/07\/aweroplaceholder.jpg","width":1250,"height":834,"caption":"Awero - S\u00fcdamega L\u00f5una Eestist"},"image":{"@id":"https:\/\/awero.ee\/de\/#\/schema\/logo\/image\/"}}]}},"_links":{"self":[{"href":"https:\/\/awero.ee\/de\/wp-json\/wp\/v2\/product\/14559","targetHints":{"allow":["GET"]}}],"collection":[{"href":"https:\/\/awero.ee\/de\/wp-json\/wp\/v2\/product"}],"about":[{"href":"https:\/\/awero.ee\/de\/wp-json\/wp\/v2\/types\/product"}],"wp:featuredmedia":[{"embeddable":true,"href":"https:\/\/awero.ee\/de\/wp-json\/wp\/v2\/media\/14562"}],"wp:attachment":[{"href":"https:\/\/awero.ee\/de\/wp-json\/wp\/v2\/media?parent=14559"}],"wp:term":[{"taxonomy":"product_brand","embeddable":true,"href":"https:\/\/awero.ee\/de\/wp-json\/wp\/v2\/product_brand?post=14559"},{"taxonomy":"product_cat","embeddable":true,"href":"https:\/\/awero.ee\/de\/wp-json\/wp\/v2\/product_cat?post=14559"},{"taxonomy":"product_tag","embeddable":true,"href":"https:\/\/awero.ee\/de\/wp-json\/wp\/v2\/product_tag?post=14559"}],"curies":[{"name":"wp","href":"https:\/\/api.w.org\/{rel}","templated":true}]}}