{"id":14555,"date":"2025-11-03T10:33:23","date_gmt":"2025-11-03T10:33:23","guid":{"rendered":"https:\/\/awero.ee\/toode\/anhaenger-badebottich-hexagon\/"},"modified":"2025-11-03T10:33:23","modified_gmt":"2025-11-03T10:33:23","slug":"anhaenger-badebottich-hexagon","status":"publish","type":"product","link":"https:\/\/awero.ee\/de\/toode\/anhaenger-badebottich-hexagon\/","title":{"rendered":"Anh\u00e4nger-Badebottich Hexagon"},"content":{"rendered":"<p><strong>Badebottich-Informationen: <\/strong><\/p>\n<p>\u2022 Innenfarbe: Grau<br \/>\n\u2022 Ofentyp: Au\u00dfenofen aus AISI 304 Edelstahl (30 kW)<br \/>\n\u2022 Material: Thermokiefer<br \/>\n\u2022 Au\u00dfenfinish: Braunwalnuss<br \/>\n\u2022 Innenmaterial: Fiberglas<br \/>\n\u2022 Kapazit\u00e4t: 5\u20137 Personen<br \/>\n\u2022 Aufheizzeit 5\u201338 \u00b0C: ca. 2,5 h<br \/>\n\u2022 Fassungsverm\u00f6gen: 1500 L<br \/>\n\u2022 Au\u00dfendurchmesser: 2000 mm<br \/>\n\u2022 Innendurchmesser: 1850 mm<br \/>\n\u2022 H\u00f6he: 970 mm<br \/>\n\u2022 Tiefe: 940 mm<br \/>\n\u2022 Stauraum<br \/>\n\u2022 Treppe mit Handlauf<br \/>\n\u2022 PVC-Abdeckung<\/p>\n<p><strong>RESPO Plattformanh\u00e4nger (F\u00fchrerscheinklasse B):<\/strong><\/p>\n<p>\u2022 L\u00e4nge: 4621 mm<br \/>\n\u2022 Breite: 2007 mm<br \/>\n\u2022 H\u00f6he: 600 mm<br \/>\n\u2022 Ladefl\u00e4che L\u00e4nge: 3074 mm<\/p>\n<p>Ausgestattet mit niedrigen 10-Zoll-R\u00e4dern sowie Blattfeder- und Sto\u00dfd\u00e4mpferfederung.<\/p>\n<p>In jeder Ecke befinden sich mit einer Kurbel verstellbare St\u00fctzf\u00fc\u00dfe f\u00fcr den Anh\u00e4nger, von denen jeder eine Tragf\u00e4higkeit von 500 kg hat.<\/p>\n<p>&nbsp;<\/p>\n<p><strong>Hinweis! <\/strong>Die <strong data-start=\"236\" data-end=\"253\">Zulassung des Anh\u00e4ngers <\/strong>ist nicht im Produktpreis enthalten und kann gegen <strong data-start=\"158\" data-end=\"194\">Aufpreis erfolgen.<\/strong> Auf Wunsch \u00fcbernehmen wir die Zulassung des Anh\u00e4ngers im Namen des Kunden. <\/p>\n","protected":false},"excerpt":{"rendered":"<p data-start=\"186\" data-end=\"522\">Anh\u00e4nger-Badebottich \u201eHexagon\u201c \u2013 vereint auff\u00e4lliges Design, praktische Mobilit\u00e4t und Benutzerfreundlichkeit. Der <strong data-start=\"301\" data-end=\"334\">sechseckige Innenbereich aus Fiberglas bietet<\/strong> ein gro\u00dfz\u00fcgiges Raumgef\u00fchl sowie ergonomische Sitzpl\u00e4tze, wodurch das Baden f\u00fcr mehrere Personen gleichzeitig komfortabel wird. Die robuste Konstruktion gew\u00e4hrleistet eine lange Lebensdauer, selbst bei intensiver Nutzung. <\/p>\n<p data-start=\"524\" data-end=\"847\">Das \u00c4u\u00dfere des Badebottichs ist mit <strong data-start=\"561\" data-end=\"589\">hochwertigem Thermoholz veredel<\/strong>t, das nat\u00fcrliche \u00c4sthetik verleiht und die Konstruktion vor Witterungseinfl\u00fcssen sch\u00fctzt. Die auf dem Anh\u00e4nger montierte L\u00f6sung erm\u00f6glicht einen einfachen Transport des Badebottichs an verschiedene Standorte und ist ideal f\u00fcr Vermietung, Veranstaltungen oder den privaten Gebrauch. <\/p>\n","protected":false},"featured_media":14556,"template":"","meta":{"_acf_changed":false},"product_brand":[],"product_cat":[1671],"product_tag":[],"class_list":{"0":"post-14555","1":"product","2":"type-product","3":"status-publish","4":"has-post-thumbnail","6":"product_cat-anhangerprodukte","8":"first","9":"instock","10":"sale","11":"shipping-taxable","12":"product-type-simple"},"acf":[],"yoast_head":"<!-- This site is optimized with the Yoast SEO plugin v27.5 - https:\/\/yoast.com\/product\/yoast-seo-wordpress\/ -->\n<title>Anh\u00e4nger-Badebottich Hexagon - Awero - S\u00fcdamega L\u00f5una-Eestist<\/title>\n<meta name=\"robots\" content=\"index, follow, max-snippet:-1, max-image-preview:large, max-video-preview:-1\" \/>\n<link rel=\"canonical\" href=\"https:\/\/awero.ee\/de\/toode\/anhaenger-badebottich-hexagon\/\" \/>\n<meta property=\"og:locale\" content=\"de_DE\" \/>\n<meta property=\"og:type\" content=\"article\" \/>\n<meta property=\"og:title\" content=\"Anh\u00e4nger-Badebottich Hexagon - Awero - S\u00fcdamega L\u00f5una-Eestist\" \/>\n<meta property=\"og:description\" content=\"Anh\u00e4nger-Badebottich \u201eHexagon\u201c \u2013 vereint auff\u00e4lliges Design, praktische Mobilit\u00e4t und Benutzerfreundlichkeit. Der sechseckige Innenbereich aus Fiberglas bietet ein gro\u00dfz\u00fcgiges Raumgef\u00fchl sowie ergonomische Sitzpl\u00e4tze, wodurch das Baden f\u00fcr mehrere Personen gleichzeitig komfortabel wird. Die robuste Konstruktion gew\u00e4hrleistet eine lange Lebensdauer, selbst bei intensiver Nutzung. Das \u00c4u\u00dfere des Badebottichs ist mit hochwertigem Thermoholz veredelt, das nat\u00fcrliche \u00c4sthetik verleiht und die Konstruktion vor Witterungseinfl\u00fcssen sch\u00fctzt. Die auf dem Anh\u00e4nger montierte L\u00f6sung erm\u00f6glicht einen einfachen Transport des Badebottichs an verschiedene Standorte und ist ideal f\u00fcr Vermietung, Veranstaltungen oder den privaten Gebrauch.\" \/>\n<meta property=\"og:url\" content=\"https:\/\/awero.ee\/de\/toode\/anhaenger-badebottich-hexagon\/\" \/>\n<meta property=\"og:site_name\" content=\"Awero - S\u00fcdamega L\u00f5una-Eestist\" \/>\n<meta property=\"og:image\" content=\"https:\/\/awero.ee\/wp-content\/uploads\/2025\/11\/2f-6-scaled.jpg\" \/>\n\t<meta property=\"og:image:width\" content=\"2560\" \/>\n\t<meta property=\"og:image:height\" content=\"1936\" \/>\n\t<meta property=\"og:image:type\" content=\"image\/jpeg\" \/>\n<meta name=\"twitter:card\" content=\"summary_large_image\" \/>\n<meta name=\"twitter:label1\" content=\"Gesch\u00e4tzte Lesezeit\" \/>\n\t<meta name=\"twitter:data1\" content=\"1\u00a0Minute\" \/>\n<script type=\"application\/ld+json\" class=\"yoast-schema-graph\">{\"@context\":\"https:\\\/\\\/schema.org\",\"@graph\":[{\"@type\":\"WebPage\",\"@id\":\"https:\\\/\\\/awero.ee\\\/de\\\/toode\\\/anhaenger-badebottich-hexagon\\\/\",\"url\":\"https:\\\/\\\/awero.ee\\\/de\\\/toode\\\/anhaenger-badebottich-hexagon\\\/\",\"name\":\"Anh\u00e4nger-Badebottich Hexagon - Awero - S\u00fcdamega L\u00f5una-Eestist\",\"isPartOf\":{\"@id\":\"https:\\\/\\\/awero.ee\\\/de\\\/#website\"},\"primaryImageOfPage\":{\"@id\":\"https:\\\/\\\/awero.ee\\\/de\\\/toode\\\/anhaenger-badebottich-hexagon\\\/#primaryimage\"},\"image\":{\"@id\":\"https:\\\/\\\/awero.ee\\\/de\\\/toode\\\/anhaenger-badebottich-hexagon\\\/#primaryimage\"},\"thumbnailUrl\":\"https:\\\/\\\/awero.ee\\\/wp-content\\\/uploads\\\/2025\\\/11\\\/2f-6-scaled.jpg\",\"datePublished\":\"2025-11-03T10:33:23+00:00\",\"breadcrumb\":{\"@id\":\"https:\\\/\\\/awero.ee\\\/de\\\/toode\\\/anhaenger-badebottich-hexagon\\\/#breadcrumb\"},\"inLanguage\":\"de\",\"potentialAction\":[{\"@type\":\"ReadAction\",\"target\":[\"https:\\\/\\\/awero.ee\\\/de\\\/toode\\\/anhaenger-badebottich-hexagon\\\/\"]}]},{\"@type\":\"ImageObject\",\"inLanguage\":\"de\",\"@id\":\"https:\\\/\\\/awero.ee\\\/de\\\/toode\\\/anhaenger-badebottich-hexagon\\\/#primaryimage\",\"url\":\"https:\\\/\\\/awero.ee\\\/wp-content\\\/uploads\\\/2025\\\/11\\\/2f-6-scaled.jpg\",\"contentUrl\":\"https:\\\/\\\/awero.ee\\\/wp-content\\\/uploads\\\/2025\\\/11\\\/2f-6-scaled.jpg\",\"width\":2560,\"height\":1936},{\"@type\":\"BreadcrumbList\",\"@id\":\"https:\\\/\\\/awero.ee\\\/de\\\/toode\\\/anhaenger-badebottich-hexagon\\\/#breadcrumb\",\"itemListElement\":[{\"@type\":\"ListItem\",\"position\":1,\"name\":\"Home\",\"item\":\"https:\\\/\\\/awero.ee\\\/de\\\/startseite\\\/\"},{\"@type\":\"ListItem\",\"position\":2,\"name\":\"Pood\",\"item\":\"https:\\\/\\\/awero.ee\\\/pood\\\/\"},{\"@type\":\"ListItem\",\"position\":3,\"name\":\"Anh\u00e4nger-Badebottich Hexagon\"}]},{\"@type\":\"WebSite\",\"@id\":\"https:\\\/\\\/awero.ee\\\/de\\\/#website\",\"url\":\"https:\\\/\\\/awero.ee\\\/de\\\/\",\"name\":\"Awero - S\u00fcdamega L\u00f5una Eestist\",\"description\":\"\",\"publisher\":{\"@id\":\"https:\\\/\\\/awero.ee\\\/de\\\/#organization\"},\"potentialAction\":[{\"@type\":\"SearchAction\",\"target\":{\"@type\":\"EntryPoint\",\"urlTemplate\":\"https:\\\/\\\/awero.ee\\\/de\\\/?s={search_term_string}\"},\"query-input\":{\"@type\":\"PropertyValueSpecification\",\"valueRequired\":true,\"valueName\":\"search_term_string\"}}],\"inLanguage\":\"de\"},{\"@type\":\"Organization\",\"@id\":\"https:\\\/\\\/awero.ee\\\/de\\\/#organization\",\"name\":\"Awero - S\u00fcdamega L\u00f5una Eestist\",\"url\":\"https:\\\/\\\/awero.ee\\\/de\\\/\",\"logo\":{\"@type\":\"ImageObject\",\"inLanguage\":\"de\",\"@id\":\"https:\\\/\\\/awero.ee\\\/de\\\/#\\\/schema\\\/logo\\\/image\\\/\",\"url\":\"https:\\\/\\\/awero.ee\\\/wp-content\\\/uploads\\\/2024\\\/07\\\/aweroplaceholder.jpg\",\"contentUrl\":\"https:\\\/\\\/awero.ee\\\/wp-content\\\/uploads\\\/2024\\\/07\\\/aweroplaceholder.jpg\",\"width\":1250,\"height\":834,\"caption\":\"Awero - S\u00fcdamega L\u00f5una Eestist\"},\"image\":{\"@id\":\"https:\\\/\\\/awero.ee\\\/de\\\/#\\\/schema\\\/logo\\\/image\\\/\"}}]}<\/script>\n<!-- \/ Yoast SEO plugin. -->","yoast_head_json":{"title":"Anh\u00e4nger-Badebottich Hexagon - Awero - S\u00fcdamega L\u00f5una-Eestist","robots":{"index":"index","follow":"follow","max-snippet":"max-snippet:-1","max-image-preview":"max-image-preview:large","max-video-preview":"max-video-preview:-1"},"canonical":"https:\/\/awero.ee\/de\/toode\/anhaenger-badebottich-hexagon\/","og_locale":"de_DE","og_type":"article","og_title":"Anh\u00e4nger-Badebottich Hexagon - Awero - S\u00fcdamega L\u00f5una-Eestist","og_description":"Anh\u00e4nger-Badebottich \u201eHexagon\u201c \u2013 vereint auff\u00e4lliges Design, praktische Mobilit\u00e4t und Benutzerfreundlichkeit. Der sechseckige Innenbereich aus Fiberglas bietet ein gro\u00dfz\u00fcgiges Raumgef\u00fchl sowie ergonomische Sitzpl\u00e4tze, wodurch das Baden f\u00fcr mehrere Personen gleichzeitig komfortabel wird. Die robuste Konstruktion gew\u00e4hrleistet eine lange Lebensdauer, selbst bei intensiver Nutzung. Das \u00c4u\u00dfere des Badebottichs ist mit hochwertigem Thermoholz veredelt, das nat\u00fcrliche \u00c4sthetik verleiht und die Konstruktion vor Witterungseinfl\u00fcssen sch\u00fctzt. Die auf dem Anh\u00e4nger montierte L\u00f6sung erm\u00f6glicht einen einfachen Transport des Badebottichs an verschiedene Standorte und ist ideal f\u00fcr Vermietung, Veranstaltungen oder den privaten Gebrauch.","og_url":"https:\/\/awero.ee\/de\/toode\/anhaenger-badebottich-hexagon\/","og_site_name":"Awero - S\u00fcdamega L\u00f5una-Eestist","og_image":[{"width":2560,"height":1936,"url":"https:\/\/awero.ee\/wp-content\/uploads\/2025\/11\/2f-6-scaled.jpg","type":"image\/jpeg"}],"twitter_card":"summary_large_image","twitter_misc":{"Gesch\u00e4tzte Lesezeit":"1\u00a0Minute"},"schema":{"@context":"https:\/\/schema.org","@graph":[{"@type":"WebPage","@id":"https:\/\/awero.ee\/de\/toode\/anhaenger-badebottich-hexagon\/","url":"https:\/\/awero.ee\/de\/toode\/anhaenger-badebottich-hexagon\/","name":"Anh\u00e4nger-Badebottich Hexagon - Awero - S\u00fcdamega L\u00f5una-Eestist","isPartOf":{"@id":"https:\/\/awero.ee\/de\/#website"},"primaryImageOfPage":{"@id":"https:\/\/awero.ee\/de\/toode\/anhaenger-badebottich-hexagon\/#primaryimage"},"image":{"@id":"https:\/\/awero.ee\/de\/toode\/anhaenger-badebottich-hexagon\/#primaryimage"},"thumbnailUrl":"https:\/\/awero.ee\/wp-content\/uploads\/2025\/11\/2f-6-scaled.jpg","datePublished":"2025-11-03T10:33:23+00:00","breadcrumb":{"@id":"https:\/\/awero.ee\/de\/toode\/anhaenger-badebottich-hexagon\/#breadcrumb"},"inLanguage":"de","potentialAction":[{"@type":"ReadAction","target":["https:\/\/awero.ee\/de\/toode\/anhaenger-badebottich-hexagon\/"]}]},{"@type":"ImageObject","inLanguage":"de","@id":"https:\/\/awero.ee\/de\/toode\/anhaenger-badebottich-hexagon\/#primaryimage","url":"https:\/\/awero.ee\/wp-content\/uploads\/2025\/11\/2f-6-scaled.jpg","contentUrl":"https:\/\/awero.ee\/wp-content\/uploads\/2025\/11\/2f-6-scaled.jpg","width":2560,"height":1936},{"@type":"BreadcrumbList","@id":"https:\/\/awero.ee\/de\/toode\/anhaenger-badebottich-hexagon\/#breadcrumb","itemListElement":[{"@type":"ListItem","position":1,"name":"Home","item":"https:\/\/awero.ee\/de\/startseite\/"},{"@type":"ListItem","position":2,"name":"Pood","item":"https:\/\/awero.ee\/pood\/"},{"@type":"ListItem","position":3,"name":"Anh\u00e4nger-Badebottich Hexagon"}]},{"@type":"WebSite","@id":"https:\/\/awero.ee\/de\/#website","url":"https:\/\/awero.ee\/de\/","name":"Awero - S\u00fcdamega L\u00f5una Eestist","description":"","publisher":{"@id":"https:\/\/awero.ee\/de\/#organization"},"potentialAction":[{"@type":"SearchAction","target":{"@type":"EntryPoint","urlTemplate":"https:\/\/awero.ee\/de\/?s={search_term_string}"},"query-input":{"@type":"PropertyValueSpecification","valueRequired":true,"valueName":"search_term_string"}}],"inLanguage":"de"},{"@type":"Organization","@id":"https:\/\/awero.ee\/de\/#organization","name":"Awero - S\u00fcdamega L\u00f5una Eestist","url":"https:\/\/awero.ee\/de\/","logo":{"@type":"ImageObject","inLanguage":"de","@id":"https:\/\/awero.ee\/de\/#\/schema\/logo\/image\/","url":"https:\/\/awero.ee\/wp-content\/uploads\/2024\/07\/aweroplaceholder.jpg","contentUrl":"https:\/\/awero.ee\/wp-content\/uploads\/2024\/07\/aweroplaceholder.jpg","width":1250,"height":834,"caption":"Awero - S\u00fcdamega L\u00f5una Eestist"},"image":{"@id":"https:\/\/awero.ee\/de\/#\/schema\/logo\/image\/"}}]}},"_links":{"self":[{"href":"https:\/\/awero.ee\/de\/wp-json\/wp\/v2\/product\/14555","targetHints":{"allow":["GET"]}}],"collection":[{"href":"https:\/\/awero.ee\/de\/wp-json\/wp\/v2\/product"}],"about":[{"href":"https:\/\/awero.ee\/de\/wp-json\/wp\/v2\/types\/product"}],"wp:featuredmedia":[{"embeddable":true,"href":"https:\/\/awero.ee\/de\/wp-json\/wp\/v2\/media\/14556"}],"wp:attachment":[{"href":"https:\/\/awero.ee\/de\/wp-json\/wp\/v2\/media?parent=14555"}],"wp:term":[{"taxonomy":"product_brand","embeddable":true,"href":"https:\/\/awero.ee\/de\/wp-json\/wp\/v2\/product_brand?post=14555"},{"taxonomy":"product_cat","embeddable":true,"href":"https:\/\/awero.ee\/de\/wp-json\/wp\/v2\/product_cat?post=14555"},{"taxonomy":"product_tag","embeddable":true,"href":"https:\/\/awero.ee\/de\/wp-json\/wp\/v2\/product_tag?post=14555"}],"curies":[{"name":"wp","href":"https:\/\/api.w.org\/{rel}","templated":true}]}}