{"id":14554,"date":"2026-02-26T13:10:40","date_gmt":"2026-02-26T13:10:40","guid":{"rendered":"https:\/\/awero.ee\/toode\/aussendusche\/"},"modified":"2026-02-26T13:10:40","modified_gmt":"2026-02-26T13:10:40","slug":"aussendusche","status":"publish","type":"product","link":"https:\/\/awero.ee\/de\/toode\/aussendusche\/","title":{"rendered":"Au\u00dfendusche"},"content":{"rendered":"<ul>\n<li data-start=\"1737\" data-end=\"1759\">\n<p data-start=\"1739\" data-end=\"1759\">Robuster Holzrahmen<\/p>\n<\/li>\n<li data-start=\"1795\" data-end=\"1830\">\n<p data-start=\"1797\" data-end=\"1830\">Geeignet f\u00fcr den saisonalen Gebrauch<\/p>\n<\/li>\n<li data-start=\"1831\" data-end=\"1895\">\n<p data-start=\"1833\" data-end=\"1895\">Anschluss m\u00f6glich \u00fcber Gartenschlauch oder station\u00e4re Wasserleitung<\/p>\n<\/li>\n<\/ul>\n<p data-start=\"247\" data-end=\"262\"><strong data-start=\"247\" data-end=\"260\">Grundrahmen:<\/strong><\/p>\n<ul data-start=\"263\" data-end=\"329\">\n<li data-start=\"263\" data-end=\"286\">\n<p data-start=\"265\" data-end=\"286\">L\u00e4nge: <strong data-start=\"273\" data-end=\"284\">1265 mm<\/strong><\/p>\n<\/li>\n<li data-start=\"287\" data-end=\"308\">\n<p data-start=\"289\" data-end=\"308\">Breite: <strong data-start=\"296\" data-end=\"306\">960 mm<\/strong><\/p>\n<\/li>\n<li data-start=\"309\" data-end=\"329\">\n<p data-start=\"311\" data-end=\"329\">H\u00f6he: <strong data-start=\"319\" data-end=\"329\">120 mm<\/strong><\/p>\n<\/li>\n<\/ul>\n<p data-start=\"331\" data-end=\"361\"><strong data-start=\"331\" data-end=\"359\">Duschpfosten (tragender Teil):<\/strong><\/p>\n<ul data-start=\"362\" data-end=\"428\">\n<li data-start=\"362\" data-end=\"385\">\n<p data-start=\"364\" data-end=\"385\">H\u00f6he:<strong data-start=\"372\" data-end=\"383\"> 2085 mm<\/strong><\/p>\n<\/li>\n<li data-start=\"386\" data-end=\"407\">\n<p data-start=\"388\" data-end=\"407\">Breite: <strong data-start=\"395\" data-end=\"405\">370 mm<\/strong><\/p>\n<\/li>\n<li data-start=\"408\" data-end=\"428\">\n<p data-start=\"410\" data-end=\"428\">St\u00e4rke: <strong data-start=\"418\" data-end=\"428\">130 mm<\/strong><\/p>\n<\/li>\n<\/ul>\n","protected":false},"excerpt":{"rendered":"<p>Einfache, nat\u00fcrliche und praktische Au\u00dfendusche, die sich ideal neben der Sauna, im Ferienhaus oder im heimischen Garten f\u00fcr den Sommer eignet. Haupts\u00e4chlich f\u00fcr die Nutzung mit kaltem Wasser gedacht \u2013 zur erfrischenden Abk\u00fchlung nach dem Saunagang oder als frische Abk\u00fchlung an hei\u00dfen Tagen. <\/p>\n<p>Das Produkt wird auf einer Basis zum Kunden geliefert.<\/p>\n","protected":false},"featured_media":12179,"template":"","meta":{"_acf_changed":false},"product_brand":[],"product_cat":[1670],"product_tag":[],"class_list":{"0":"post-14554","1":"product","2":"type-product","3":"status-publish","4":"has-post-thumbnail","6":"product_cat-gartenzubehor-voi-gartenprodukte","8":"first","9":"instock","10":"shipping-taxable","11":"product-type-simple"},"acf":[],"yoast_head":"<!-- This site is optimized with the Yoast SEO plugin v26.8 - https:\/\/yoast.com\/product\/yoast-seo-wordpress\/ -->\n<title>Au\u00dfendusche - Awero - S\u00fcdamega L\u00f5una-Eestist<\/title>\n<meta name=\"robots\" content=\"index, follow, max-snippet:-1, max-image-preview:large, max-video-preview:-1\" \/>\n<link rel=\"canonical\" href=\"https:\/\/awero.ee\/de\/toode\/aussendusche\/\" \/>\n<meta property=\"og:locale\" content=\"de_DE\" \/>\n<meta property=\"og:type\" content=\"article\" \/>\n<meta property=\"og:title\" content=\"Au\u00dfendusche - Awero - S\u00fcdamega L\u00f5una-Eestist\" \/>\n<meta property=\"og:description\" content=\"Einfache, nat\u00fcrliche und praktische Au\u00dfendusche, die sich ideal neben der Sauna, im Ferienhaus oder im heimischen Garten f\u00fcr den Sommer eignet. Haupts\u00e4chlich f\u00fcr die Nutzung mit kaltem Wasser gedacht \u2013 zur erfrischenden Abk\u00fchlung nach dem Saunagang oder als frische Abk\u00fchlung an hei\u00dfen Tagen.  Das Produkt wird auf einer Basis zum Kunden geliefert.\" \/>\n<meta property=\"og:url\" content=\"https:\/\/awero.ee\/de\/toode\/aussendusche\/\" \/>\n<meta property=\"og:site_name\" content=\"Awero - S\u00fcdamega L\u00f5una-Eestist\" \/>\n<meta property=\"og:image\" content=\"https:\/\/awero.ee\/wp-content\/uploads\/2026\/02\/1-kroom-scaled.jpg\" \/>\n\t<meta property=\"og:image:width\" content=\"2328\" \/>\n\t<meta property=\"og:image:height\" content=\"2560\" \/>\n\t<meta property=\"og:image:type\" content=\"image\/jpeg\" \/>\n<meta name=\"twitter:card\" content=\"summary_large_image\" \/>\n<script type=\"application\/ld+json\" class=\"yoast-schema-graph\">{\"@context\":\"https:\/\/schema.org\",\"@graph\":[{\"@type\":\"WebPage\",\"@id\":\"https:\/\/awero.ee\/de\/toode\/aussendusche\/\",\"url\":\"https:\/\/awero.ee\/de\/toode\/aussendusche\/\",\"name\":\"Au\u00dfendusche - Awero - S\u00fcdamega L\u00f5una-Eestist\",\"isPartOf\":{\"@id\":\"https:\/\/awero.ee\/de\/#website\"},\"primaryImageOfPage\":{\"@id\":\"https:\/\/awero.ee\/de\/toode\/aussendusche\/#primaryimage\"},\"image\":{\"@id\":\"https:\/\/awero.ee\/de\/toode\/aussendusche\/#primaryimage\"},\"thumbnailUrl\":\"https:\/\/awero.ee\/wp-content\/uploads\/2026\/02\/1-kroom-scaled.jpg\",\"datePublished\":\"2026-02-26T13:10:40+00:00\",\"breadcrumb\":{\"@id\":\"https:\/\/awero.ee\/de\/toode\/aussendusche\/#breadcrumb\"},\"inLanguage\":\"de\",\"potentialAction\":[{\"@type\":\"ReadAction\",\"target\":[\"https:\/\/awero.ee\/de\/toode\/aussendusche\/\"]}]},{\"@type\":\"ImageObject\",\"inLanguage\":\"de\",\"@id\":\"https:\/\/awero.ee\/de\/toode\/aussendusche\/#primaryimage\",\"url\":\"https:\/\/awero.ee\/wp-content\/uploads\/2026\/02\/1-kroom-scaled.jpg\",\"contentUrl\":\"https:\/\/awero.ee\/wp-content\/uploads\/2026\/02\/1-kroom-scaled.jpg\",\"width\":2328,\"height\":2560},{\"@type\":\"BreadcrumbList\",\"@id\":\"https:\/\/awero.ee\/de\/toode\/aussendusche\/#breadcrumb\",\"itemListElement\":[{\"@type\":\"ListItem\",\"position\":1,\"name\":\"Home\",\"item\":\"https:\/\/awero.ee\/de\/startseite\/\"},{\"@type\":\"ListItem\",\"position\":2,\"name\":\"Pood\",\"item\":\"https:\/\/awero.ee\/pood\/\"},{\"@type\":\"ListItem\",\"position\":3,\"name\":\"Au\u00dfendusche\"}]},{\"@type\":\"WebSite\",\"@id\":\"https:\/\/awero.ee\/de\/#website\",\"url\":\"https:\/\/awero.ee\/de\/\",\"name\":\"Awero - S\u00fcdamega L\u00f5una Eestist\",\"description\":\"\",\"publisher\":{\"@id\":\"https:\/\/awero.ee\/de\/#organization\"},\"potentialAction\":[{\"@type\":\"SearchAction\",\"target\":{\"@type\":\"EntryPoint\",\"urlTemplate\":\"https:\/\/awero.ee\/de\/?s={search_term_string}\"},\"query-input\":{\"@type\":\"PropertyValueSpecification\",\"valueRequired\":true,\"valueName\":\"search_term_string\"}}],\"inLanguage\":\"de\"},{\"@type\":\"Organization\",\"@id\":\"https:\/\/awero.ee\/de\/#organization\",\"name\":\"Awero - S\u00fcdamega L\u00f5una Eestist\",\"url\":\"https:\/\/awero.ee\/de\/\",\"logo\":{\"@type\":\"ImageObject\",\"inLanguage\":\"de\",\"@id\":\"https:\/\/awero.ee\/de\/#\/schema\/logo\/image\/\",\"url\":\"https:\/\/awero.ee\/wp-content\/uploads\/2024\/07\/aweroplaceholder.jpg\",\"contentUrl\":\"https:\/\/awero.ee\/wp-content\/uploads\/2024\/07\/aweroplaceholder.jpg\",\"width\":1250,\"height\":834,\"caption\":\"Awero - S\u00fcdamega L\u00f5una Eestist\"},\"image\":{\"@id\":\"https:\/\/awero.ee\/de\/#\/schema\/logo\/image\/\"}}]}<\/script>\n<!-- \/ Yoast SEO plugin. -->","yoast_head_json":{"title":"Au\u00dfendusche - Awero - S\u00fcdamega L\u00f5una-Eestist","robots":{"index":"index","follow":"follow","max-snippet":"max-snippet:-1","max-image-preview":"max-image-preview:large","max-video-preview":"max-video-preview:-1"},"canonical":"https:\/\/awero.ee\/de\/toode\/aussendusche\/","og_locale":"de_DE","og_type":"article","og_title":"Au\u00dfendusche - Awero - S\u00fcdamega L\u00f5una-Eestist","og_description":"Einfache, nat\u00fcrliche und praktische Au\u00dfendusche, die sich ideal neben der Sauna, im Ferienhaus oder im heimischen Garten f\u00fcr den Sommer eignet. Haupts\u00e4chlich f\u00fcr die Nutzung mit kaltem Wasser gedacht \u2013 zur erfrischenden Abk\u00fchlung nach dem Saunagang oder als frische Abk\u00fchlung an hei\u00dfen Tagen.  Das Produkt wird auf einer Basis zum Kunden geliefert.","og_url":"https:\/\/awero.ee\/de\/toode\/aussendusche\/","og_site_name":"Awero - S\u00fcdamega L\u00f5una-Eestist","og_image":[{"width":2328,"height":2560,"url":"https:\/\/awero.ee\/wp-content\/uploads\/2026\/02\/1-kroom-scaled.jpg","type":"image\/jpeg"}],"twitter_card":"summary_large_image","schema":{"@context":"https:\/\/schema.org","@graph":[{"@type":"WebPage","@id":"https:\/\/awero.ee\/de\/toode\/aussendusche\/","url":"https:\/\/awero.ee\/de\/toode\/aussendusche\/","name":"Au\u00dfendusche - Awero - S\u00fcdamega L\u00f5una-Eestist","isPartOf":{"@id":"https:\/\/awero.ee\/de\/#website"},"primaryImageOfPage":{"@id":"https:\/\/awero.ee\/de\/toode\/aussendusche\/#primaryimage"},"image":{"@id":"https:\/\/awero.ee\/de\/toode\/aussendusche\/#primaryimage"},"thumbnailUrl":"https:\/\/awero.ee\/wp-content\/uploads\/2026\/02\/1-kroom-scaled.jpg","datePublished":"2026-02-26T13:10:40+00:00","breadcrumb":{"@id":"https:\/\/awero.ee\/de\/toode\/aussendusche\/#breadcrumb"},"inLanguage":"de","potentialAction":[{"@type":"ReadAction","target":["https:\/\/awero.ee\/de\/toode\/aussendusche\/"]}]},{"@type":"ImageObject","inLanguage":"de","@id":"https:\/\/awero.ee\/de\/toode\/aussendusche\/#primaryimage","url":"https:\/\/awero.ee\/wp-content\/uploads\/2026\/02\/1-kroom-scaled.jpg","contentUrl":"https:\/\/awero.ee\/wp-content\/uploads\/2026\/02\/1-kroom-scaled.jpg","width":2328,"height":2560},{"@type":"BreadcrumbList","@id":"https:\/\/awero.ee\/de\/toode\/aussendusche\/#breadcrumb","itemListElement":[{"@type":"ListItem","position":1,"name":"Home","item":"https:\/\/awero.ee\/de\/startseite\/"},{"@type":"ListItem","position":2,"name":"Pood","item":"https:\/\/awero.ee\/pood\/"},{"@type":"ListItem","position":3,"name":"Au\u00dfendusche"}]},{"@type":"WebSite","@id":"https:\/\/awero.ee\/de\/#website","url":"https:\/\/awero.ee\/de\/","name":"Awero - S\u00fcdamega L\u00f5una Eestist","description":"","publisher":{"@id":"https:\/\/awero.ee\/de\/#organization"},"potentialAction":[{"@type":"SearchAction","target":{"@type":"EntryPoint","urlTemplate":"https:\/\/awero.ee\/de\/?s={search_term_string}"},"query-input":{"@type":"PropertyValueSpecification","valueRequired":true,"valueName":"search_term_string"}}],"inLanguage":"de"},{"@type":"Organization","@id":"https:\/\/awero.ee\/de\/#organization","name":"Awero - S\u00fcdamega L\u00f5una Eestist","url":"https:\/\/awero.ee\/de\/","logo":{"@type":"ImageObject","inLanguage":"de","@id":"https:\/\/awero.ee\/de\/#\/schema\/logo\/image\/","url":"https:\/\/awero.ee\/wp-content\/uploads\/2024\/07\/aweroplaceholder.jpg","contentUrl":"https:\/\/awero.ee\/wp-content\/uploads\/2024\/07\/aweroplaceholder.jpg","width":1250,"height":834,"caption":"Awero - S\u00fcdamega L\u00f5una Eestist"},"image":{"@id":"https:\/\/awero.ee\/de\/#\/schema\/logo\/image\/"}}]}},"_links":{"self":[{"href":"https:\/\/awero.ee\/de\/wp-json\/wp\/v2\/product\/14554","targetHints":{"allow":["GET"]}}],"collection":[{"href":"https:\/\/awero.ee\/de\/wp-json\/wp\/v2\/product"}],"about":[{"href":"https:\/\/awero.ee\/de\/wp-json\/wp\/v2\/types\/product"}],"wp:featuredmedia":[{"embeddable":true,"href":"https:\/\/awero.ee\/de\/wp-json\/wp\/v2\/media\/12179"}],"wp:attachment":[{"href":"https:\/\/awero.ee\/de\/wp-json\/wp\/v2\/media?parent=14554"}],"wp:term":[{"taxonomy":"product_brand","embeddable":true,"href":"https:\/\/awero.ee\/de\/wp-json\/wp\/v2\/product_brand?post=14554"},{"taxonomy":"product_cat","embeddable":true,"href":"https:\/\/awero.ee\/de\/wp-json\/wp\/v2\/product_cat?post=14554"},{"taxonomy":"product_tag","embeddable":true,"href":"https:\/\/awero.ee\/de\/wp-json\/wp\/v2\/product_tag?post=14554"}],"curies":[{"name":"wp","href":"https:\/\/api.w.org\/{rel}","templated":true}]}}