{"id":14552,"date":"2025-03-01T06:40:55","date_gmt":"2025-03-01T06:40:55","guid":{"rendered":"https:\/\/awero.ee\/toode\/elektroheizung-6-kw\/"},"modified":"2025-03-01T06:40:55","modified_gmt":"2025-03-01T06:40:55","slug":"elektroheizung-6-kw","status":"publish","type":"product","link":"https:\/\/awero.ee\/de\/toode\/elektroheizung-6-kw\/","title":{"rendered":"Elektroheizung 6 kW"},"content":{"rendered":"<p data-start=\"619\" data-end=\"641\"><strong data-start=\"619\" data-end=\"641\">Technische Daten:<\/strong><\/p>\n<ul>\n<li data-start=\"644\" data-end=\"661\">Leistung: <strong data-start=\"653\" data-end=\"661\">6 kW<\/strong><\/li>\n<li data-start=\"664\" data-end=\"697\">Stromversorgung: <strong data-start=\"671\" data-end=\"697\">Dreiphasig (400 V)<\/strong><\/li>\n<li data-start=\"700\" data-end=\"723\">Stromaufnahme: <strong data-start=\"712\" data-end=\"723\">3 \u00d7 9 A<\/strong><\/li>\n<li data-start=\"726\" data-end=\"754\">Funktioniert in Verbindung mit einem Filtersystem<\/li>\n<li data-start=\"757\" data-end=\"807\">Das Heizelement verf\u00fcgt \u00fcber keine integrierte Umw\u00e4lzung<\/li>\n<\/ul>\n","protected":false},"excerpt":{"rendered":"<p data-start=\"180\" data-end=\"386\">Das dreiphasige 6 kW Elektroheizelement ist f\u00fcr das <strong data-start=\"249\" data-end=\"287\">schnelle und effiziente Erw\u00e4rmen<\/strong> des Wassers im Badebottich konzipiert. Die h\u00f6here Heizleistung erm\u00f6glicht k\u00fcrzere Aufheizzeiten und eignet sich besonders f\u00fcr den regelm\u00e4\u00dfigen Gebrauch. <\/p>\n<p data-start=\"388\" data-end=\"617\">Das Ger\u00e4t arbeitet ausschlie\u00dflich in Verbindung mit einem <strong data-start=\"401\" data-end=\"437\"><a href=\"https:\/\/awero.ee\/de\/toode\/wasserfiltersystem-mit-filterkugeln-filtermax\/\">Filtersystem<\/a><\/strong>, da das Heizelement \u00fcber keine eigene Umw\u00e4lzung verf\u00fcgt. Das Filtersystem sorgt f\u00fcr eine kontinuierliche Wasserzirkulation durch das Heizelement, was sowohl f\u00fcr eine effiziente Erw\u00e4rmung als auch f\u00fcr einen sicheren Betrieb notwendig ist. <\/p>\n","protected":false},"featured_media":14553,"template":"","meta":{"_acf_changed":false},"product_brand":[],"product_cat":[1681],"product_tag":[],"class_list":{"0":"post-14552","1":"product","2":"type-product","3":"status-publish","4":"has-post-thumbnail","6":"product_cat-zusatzausstattungen","8":"first","9":"instock","10":"shipping-taxable","11":"product-type-simple"},"acf":[],"yoast_head":"<!-- This site is optimized with the Yoast SEO plugin v26.8 - https:\/\/yoast.com\/product\/yoast-seo-wordpress\/ -->\n<title>Elektroheizung 6 kW - Awero - S\u00fcdamega L\u00f5una-Eestist<\/title>\n<meta name=\"robots\" content=\"index, follow, max-snippet:-1, max-image-preview:large, max-video-preview:-1\" \/>\n<link rel=\"canonical\" href=\"https:\/\/awero.ee\/de\/toode\/elektroheizung-6-kw\/\" \/>\n<meta property=\"og:locale\" content=\"de_DE\" \/>\n<meta property=\"og:type\" content=\"article\" \/>\n<meta property=\"og:title\" content=\"Elektroheizung 6 kW - Awero - S\u00fcdamega L\u00f5una-Eestist\" \/>\n<meta property=\"og:description\" content=\"Das dreiphasige 6 kW Elektroheizelement ist f\u00fcr das schnelle und effiziente Erw\u00e4rmen des Wassers im Badebottich konzipiert. Die h\u00f6here Heizleistung erm\u00f6glicht k\u00fcrzere Aufheizzeiten und eignet sich besonders f\u00fcr den regelm\u00e4\u00dfigen Gebrauch. Das Ger\u00e4t arbeitet ausschlie\u00dflich in Verbindung mit einem Filtersystem, da das Heizelement \u00fcber keine eigene Umw\u00e4lzung verf\u00fcgt. Das Filtersystem sorgt f\u00fcr eine kontinuierliche Wasserzirkulation durch das Heizelement, was sowohl f\u00fcr eine effiziente Erw\u00e4rmung als auch f\u00fcr einen sicheren Betrieb notwendig ist.\" \/>\n<meta property=\"og:url\" content=\"https:\/\/awero.ee\/de\/toode\/elektroheizung-6-kw\/\" \/>\n<meta property=\"og:site_name\" content=\"Awero - S\u00fcdamega L\u00f5una-Eestist\" \/>\n<meta property=\"og:image\" content=\"https:\/\/awero.ee\/wp-content\/uploads\/2025\/03\/Elektrikutte-element-6kW.jpg\" \/>\n\t<meta property=\"og:image:width\" content=\"768\" \/>\n\t<meta property=\"og:image:height\" content=\"843\" \/>\n\t<meta property=\"og:image:type\" content=\"image\/jpeg\" \/>\n<meta name=\"twitter:card\" content=\"summary_large_image\" \/>\n<script type=\"application\/ld+json\" class=\"yoast-schema-graph\">{\"@context\":\"https:\/\/schema.org\",\"@graph\":[{\"@type\":\"WebPage\",\"@id\":\"https:\/\/awero.ee\/de\/toode\/elektroheizung-6-kw\/\",\"url\":\"https:\/\/awero.ee\/de\/toode\/elektroheizung-6-kw\/\",\"name\":\"Elektroheizung 6 kW - Awero - S\u00fcdamega L\u00f5una-Eestist\",\"isPartOf\":{\"@id\":\"https:\/\/awero.ee\/de\/#website\"},\"primaryImageOfPage\":{\"@id\":\"https:\/\/awero.ee\/de\/toode\/elektroheizung-6-kw\/#primaryimage\"},\"image\":{\"@id\":\"https:\/\/awero.ee\/de\/toode\/elektroheizung-6-kw\/#primaryimage\"},\"thumbnailUrl\":\"https:\/\/awero.ee\/wp-content\/uploads\/2025\/03\/Elektrikutte-element-6kW.jpg\",\"datePublished\":\"2025-03-01T06:40:55+00:00\",\"breadcrumb\":{\"@id\":\"https:\/\/awero.ee\/de\/toode\/elektroheizung-6-kw\/#breadcrumb\"},\"inLanguage\":\"de\",\"potentialAction\":[{\"@type\":\"ReadAction\",\"target\":[\"https:\/\/awero.ee\/de\/toode\/elektroheizung-6-kw\/\"]}]},{\"@type\":\"ImageObject\",\"inLanguage\":\"de\",\"@id\":\"https:\/\/awero.ee\/de\/toode\/elektroheizung-6-kw\/#primaryimage\",\"url\":\"https:\/\/awero.ee\/wp-content\/uploads\/2025\/03\/Elektrikutte-element-6kW.jpg\",\"contentUrl\":\"https:\/\/awero.ee\/wp-content\/uploads\/2025\/03\/Elektrikutte-element-6kW.jpg\",\"width\":768,\"height\":843},{\"@type\":\"BreadcrumbList\",\"@id\":\"https:\/\/awero.ee\/de\/toode\/elektroheizung-6-kw\/#breadcrumb\",\"itemListElement\":[{\"@type\":\"ListItem\",\"position\":1,\"name\":\"Home\",\"item\":\"https:\/\/awero.ee\/de\/startseite\/\"},{\"@type\":\"ListItem\",\"position\":2,\"name\":\"Pood\",\"item\":\"https:\/\/awero.ee\/pood\/\"},{\"@type\":\"ListItem\",\"position\":3,\"name\":\"Elektroheizung 6 kW\"}]},{\"@type\":\"WebSite\",\"@id\":\"https:\/\/awero.ee\/de\/#website\",\"url\":\"https:\/\/awero.ee\/de\/\",\"name\":\"Awero - S\u00fcdamega L\u00f5una Eestist\",\"description\":\"\",\"publisher\":{\"@id\":\"https:\/\/awero.ee\/de\/#organization\"},\"potentialAction\":[{\"@type\":\"SearchAction\",\"target\":{\"@type\":\"EntryPoint\",\"urlTemplate\":\"https:\/\/awero.ee\/de\/?s={search_term_string}\"},\"query-input\":{\"@type\":\"PropertyValueSpecification\",\"valueRequired\":true,\"valueName\":\"search_term_string\"}}],\"inLanguage\":\"de\"},{\"@type\":\"Organization\",\"@id\":\"https:\/\/awero.ee\/de\/#organization\",\"name\":\"Awero - S\u00fcdamega L\u00f5una Eestist\",\"url\":\"https:\/\/awero.ee\/de\/\",\"logo\":{\"@type\":\"ImageObject\",\"inLanguage\":\"de\",\"@id\":\"https:\/\/awero.ee\/de\/#\/schema\/logo\/image\/\",\"url\":\"https:\/\/awero.ee\/wp-content\/uploads\/2024\/07\/aweroplaceholder.jpg\",\"contentUrl\":\"https:\/\/awero.ee\/wp-content\/uploads\/2024\/07\/aweroplaceholder.jpg\",\"width\":1250,\"height\":834,\"caption\":\"Awero - S\u00fcdamega L\u00f5una Eestist\"},\"image\":{\"@id\":\"https:\/\/awero.ee\/de\/#\/schema\/logo\/image\/\"}}]}<\/script>\n<!-- \/ Yoast SEO plugin. -->","yoast_head_json":{"title":"Elektroheizung 6 kW - Awero - S\u00fcdamega L\u00f5una-Eestist","robots":{"index":"index","follow":"follow","max-snippet":"max-snippet:-1","max-image-preview":"max-image-preview:large","max-video-preview":"max-video-preview:-1"},"canonical":"https:\/\/awero.ee\/de\/toode\/elektroheizung-6-kw\/","og_locale":"de_DE","og_type":"article","og_title":"Elektroheizung 6 kW - Awero - S\u00fcdamega L\u00f5una-Eestist","og_description":"Das dreiphasige 6 kW Elektroheizelement ist f\u00fcr das schnelle und effiziente Erw\u00e4rmen des Wassers im Badebottich konzipiert. Die h\u00f6here Heizleistung erm\u00f6glicht k\u00fcrzere Aufheizzeiten und eignet sich besonders f\u00fcr den regelm\u00e4\u00dfigen Gebrauch. Das Ger\u00e4t arbeitet ausschlie\u00dflich in Verbindung mit einem Filtersystem, da das Heizelement \u00fcber keine eigene Umw\u00e4lzung verf\u00fcgt. Das Filtersystem sorgt f\u00fcr eine kontinuierliche Wasserzirkulation durch das Heizelement, was sowohl f\u00fcr eine effiziente Erw\u00e4rmung als auch f\u00fcr einen sicheren Betrieb notwendig ist.","og_url":"https:\/\/awero.ee\/de\/toode\/elektroheizung-6-kw\/","og_site_name":"Awero - S\u00fcdamega L\u00f5una-Eestist","og_image":[{"width":768,"height":843,"url":"https:\/\/awero.ee\/wp-content\/uploads\/2025\/03\/Elektrikutte-element-6kW.jpg","type":"image\/jpeg"}],"twitter_card":"summary_large_image","schema":{"@context":"https:\/\/schema.org","@graph":[{"@type":"WebPage","@id":"https:\/\/awero.ee\/de\/toode\/elektroheizung-6-kw\/","url":"https:\/\/awero.ee\/de\/toode\/elektroheizung-6-kw\/","name":"Elektroheizung 6 kW - Awero - S\u00fcdamega L\u00f5una-Eestist","isPartOf":{"@id":"https:\/\/awero.ee\/de\/#website"},"primaryImageOfPage":{"@id":"https:\/\/awero.ee\/de\/toode\/elektroheizung-6-kw\/#primaryimage"},"image":{"@id":"https:\/\/awero.ee\/de\/toode\/elektroheizung-6-kw\/#primaryimage"},"thumbnailUrl":"https:\/\/awero.ee\/wp-content\/uploads\/2025\/03\/Elektrikutte-element-6kW.jpg","datePublished":"2025-03-01T06:40:55+00:00","breadcrumb":{"@id":"https:\/\/awero.ee\/de\/toode\/elektroheizung-6-kw\/#breadcrumb"},"inLanguage":"de","potentialAction":[{"@type":"ReadAction","target":["https:\/\/awero.ee\/de\/toode\/elektroheizung-6-kw\/"]}]},{"@type":"ImageObject","inLanguage":"de","@id":"https:\/\/awero.ee\/de\/toode\/elektroheizung-6-kw\/#primaryimage","url":"https:\/\/awero.ee\/wp-content\/uploads\/2025\/03\/Elektrikutte-element-6kW.jpg","contentUrl":"https:\/\/awero.ee\/wp-content\/uploads\/2025\/03\/Elektrikutte-element-6kW.jpg","width":768,"height":843},{"@type":"BreadcrumbList","@id":"https:\/\/awero.ee\/de\/toode\/elektroheizung-6-kw\/#breadcrumb","itemListElement":[{"@type":"ListItem","position":1,"name":"Home","item":"https:\/\/awero.ee\/de\/startseite\/"},{"@type":"ListItem","position":2,"name":"Pood","item":"https:\/\/awero.ee\/pood\/"},{"@type":"ListItem","position":3,"name":"Elektroheizung 6 kW"}]},{"@type":"WebSite","@id":"https:\/\/awero.ee\/de\/#website","url":"https:\/\/awero.ee\/de\/","name":"Awero - S\u00fcdamega L\u00f5una Eestist","description":"","publisher":{"@id":"https:\/\/awero.ee\/de\/#organization"},"potentialAction":[{"@type":"SearchAction","target":{"@type":"EntryPoint","urlTemplate":"https:\/\/awero.ee\/de\/?s={search_term_string}"},"query-input":{"@type":"PropertyValueSpecification","valueRequired":true,"valueName":"search_term_string"}}],"inLanguage":"de"},{"@type":"Organization","@id":"https:\/\/awero.ee\/de\/#organization","name":"Awero - S\u00fcdamega L\u00f5una Eestist","url":"https:\/\/awero.ee\/de\/","logo":{"@type":"ImageObject","inLanguage":"de","@id":"https:\/\/awero.ee\/de\/#\/schema\/logo\/image\/","url":"https:\/\/awero.ee\/wp-content\/uploads\/2024\/07\/aweroplaceholder.jpg","contentUrl":"https:\/\/awero.ee\/wp-content\/uploads\/2024\/07\/aweroplaceholder.jpg","width":1250,"height":834,"caption":"Awero - S\u00fcdamega L\u00f5una Eestist"},"image":{"@id":"https:\/\/awero.ee\/de\/#\/schema\/logo\/image\/"}}]}},"_links":{"self":[{"href":"https:\/\/awero.ee\/de\/wp-json\/wp\/v2\/product\/14552","targetHints":{"allow":["GET"]}}],"collection":[{"href":"https:\/\/awero.ee\/de\/wp-json\/wp\/v2\/product"}],"about":[{"href":"https:\/\/awero.ee\/de\/wp-json\/wp\/v2\/types\/product"}],"wp:featuredmedia":[{"embeddable":true,"href":"https:\/\/awero.ee\/de\/wp-json\/wp\/v2\/media\/14553"}],"wp:attachment":[{"href":"https:\/\/awero.ee\/de\/wp-json\/wp\/v2\/media?parent=14552"}],"wp:term":[{"taxonomy":"product_brand","embeddable":true,"href":"https:\/\/awero.ee\/de\/wp-json\/wp\/v2\/product_brand?post=14552"},{"taxonomy":"product_cat","embeddable":true,"href":"https:\/\/awero.ee\/de\/wp-json\/wp\/v2\/product_cat?post=14552"},{"taxonomy":"product_tag","embeddable":true,"href":"https:\/\/awero.ee\/de\/wp-json\/wp\/v2\/product_tag?post=14552"}],"curies":[{"name":"wp","href":"https:\/\/api.w.org\/{rel}","templated":true}]}}