{"id":14550,"date":"2025-10-31T11:47:38","date_gmt":"2025-10-31T11:47:38","guid":{"rendered":"https:\/\/awero.ee\/toode\/icespa-7-kw-vollinverter-waermepumpe\/"},"modified":"2025-10-31T11:47:38","modified_gmt":"2025-10-31T11:47:38","slug":"icespa-7-kw-vollinverter-waermepumpe","status":"publish","type":"product","link":"https:\/\/awero.ee\/de\/toode\/icespa-7-kw-vollinverter-waermepumpe\/","title":{"rendered":"IceSpa 7 kW Vollinverter-W\u00e4rmepumpe"},"content":{"rendered":"<p>Technische Daten:<\/p>\n<p>\u2022 Funktionen: Heizen und K\u00fchlen<br \/>\n\u2022 Max. elektrische Leistungsaufnahme: 1,7 kW<br \/>\n\u2022 Arbeitslufttemperaturbereich: -25 \u00b0C \u2013 43 \u00b0C<br \/>\n\u2022 Heizleistung: 3,3 ~ 7,0 kW (Luft 26 \u00b0C \/ Wasser 26 \u00b0C); 3,3 kW @ -10 \u00b0C (Luft -10 \u00b0C \/ Wasser 38 \u00b0C)<br \/>\n\u2022 Verbrauchsleistung: 0,28 ~ 1,4 kW (abh\u00e4ngig vom Betriebsmodus)<br \/>\n\u2022 K\u00fchlleistung: bis zu 3,7 kW (Luft 35 \u00b0C \/ Wasser 27 \u00b0C)<br \/>\n\u2022 Betriebsspannung: 220\u2013240 V, 1-phasig, 50\/60 Hz<br \/>\n\u2022 Anschl\u00fcsse: \u00d832 mm \/ \u00d838 mm Wasserrohr<br \/>\n\u2022 Max.  Stromst\u00e4rke: 9 A<br \/>\n\u2022 Heizwassertemperaturbereich: 15 \u00b0C \u2013 40 \u00b0C<br \/>\n\u2022 K\u00fchlend bis: 4 \u00b0C<br \/>\n\u2022 Ger\u00e4tema\u00dfe (B \u00d7 L \u00d7 H): 710 \u00d7 490 \u00d7 500 mm<br \/>\n\u2022 Verpackungsma\u00dfe: 910 \u00d7 550 \u00d7 540 mm<br \/>\n\u2022 Netto-\/Bruttogewicht: 43 kg \/ 46 kg<br \/>\n\u2022 Ger\u00e4uschpegel: &lt;&lt;48 dB(A) @1 m; &lt;&lt;36 dB(A) @4 m; &lt;&lt;28 dB(A) @10 m<\/p>\n","protected":false},"excerpt":{"rendered":"<p>Die Poolex Spawer IceSpa 7 kW ist eine W\u00e4rmepumpe, die dank der EVI-Technologie auch bei Au\u00dfentemperaturen bis zu \u201325 \u00b0C effizient arbeitet. Der Vollinverter-Kompressor passt sich automatisch an und erm\u00f6glicht bis zu 75 % Energieeinsparung im Vergleich zu einem Elektroheizer. Sie eignet sich f\u00fcr gr\u00f6\u00dfere Badebottiche und Terrassenpools und ist mit Wi-Fi-Fernsteuerung ausgestattet. Der reversible Betrieb erlaubt die K\u00fchlung des Wassers im Sommer und die Beheizung im Winter. Das Ger\u00e4t arbeitet leise, ist einfach zu installieren und langlebig unter allen klimatischen Bedingungen.    <\/p>\n","protected":false},"featured_media":14551,"template":"","meta":{"_acf_changed":false},"product_brand":[],"product_cat":[1681],"product_tag":[],"class_list":{"0":"post-14550","1":"product","2":"type-product","3":"status-publish","4":"has-post-thumbnail","6":"product_cat-zusatzausstattungen","8":"first","9":"instock","10":"shipping-taxable","11":"product-type-simple"},"acf":[],"yoast_head":"<!-- This site is optimized with the Yoast SEO plugin v26.8 - https:\/\/yoast.com\/product\/yoast-seo-wordpress\/ -->\n<title>IceSpa 7 kW Vollinverter-W\u00e4rmepumpe - Awero - S\u00fcdamega L\u00f5una-Eestist<\/title>\n<meta name=\"robots\" content=\"index, follow, max-snippet:-1, max-image-preview:large, max-video-preview:-1\" \/>\n<link rel=\"canonical\" href=\"https:\/\/awero.ee\/de\/toode\/icespa-7-kw-vollinverter-waermepumpe\/\" \/>\n<meta property=\"og:locale\" content=\"de_DE\" \/>\n<meta property=\"og:type\" content=\"article\" \/>\n<meta property=\"og:title\" content=\"IceSpa 7 kW Vollinverter-W\u00e4rmepumpe - Awero - S\u00fcdamega L\u00f5una-Eestist\" \/>\n<meta property=\"og:description\" content=\"Die Poolex Spawer IceSpa 7 kW ist eine W\u00e4rmepumpe, die dank der EVI-Technologie auch bei Au\u00dfentemperaturen bis zu \u201325 \u00b0C effizient arbeitet. Der Vollinverter-Kompressor passt sich automatisch an und erm\u00f6glicht bis zu 75 % Energieeinsparung im Vergleich zu einem Elektroheizer. Sie eignet sich f\u00fcr gr\u00f6\u00dfere Badebottiche und Terrassenpools und ist mit Wi-Fi-Fernsteuerung ausgestattet. Der reversible Betrieb erlaubt die K\u00fchlung des Wassers im Sommer und die Beheizung im Winter. Das Ger\u00e4t arbeitet leise, ist einfach zu installieren und langlebig unter allen klimatischen Bedingungen.\" \/>\n<meta property=\"og:url\" content=\"https:\/\/awero.ee\/de\/toode\/icespa-7-kw-vollinverter-waermepumpe\/\" \/>\n<meta property=\"og:site_name\" content=\"Awero - S\u00fcdamega L\u00f5una-Eestist\" \/>\n<meta property=\"og:image\" content=\"https:\/\/awero.ee\/wp-content\/uploads\/2025\/10\/poolex-icespa-7-kw.jpg\" \/>\n\t<meta property=\"og:image:width\" content=\"678\" \/>\n\t<meta property=\"og:image:height\" content=\"469\" \/>\n\t<meta property=\"og:image:type\" content=\"image\/jpeg\" \/>\n<meta name=\"twitter:card\" content=\"summary_large_image\" \/>\n<script type=\"application\/ld+json\" class=\"yoast-schema-graph\">{\"@context\":\"https:\/\/schema.org\",\"@graph\":[{\"@type\":\"WebPage\",\"@id\":\"https:\/\/awero.ee\/de\/toode\/icespa-7-kw-vollinverter-waermepumpe\/\",\"url\":\"https:\/\/awero.ee\/de\/toode\/icespa-7-kw-vollinverter-waermepumpe\/\",\"name\":\"IceSpa 7 kW Vollinverter-W\u00e4rmepumpe - Awero - S\u00fcdamega L\u00f5una-Eestist\",\"isPartOf\":{\"@id\":\"https:\/\/awero.ee\/de\/#website\"},\"primaryImageOfPage\":{\"@id\":\"https:\/\/awero.ee\/de\/toode\/icespa-7-kw-vollinverter-waermepumpe\/#primaryimage\"},\"image\":{\"@id\":\"https:\/\/awero.ee\/de\/toode\/icespa-7-kw-vollinverter-waermepumpe\/#primaryimage\"},\"thumbnailUrl\":\"https:\/\/awero.ee\/wp-content\/uploads\/2025\/10\/poolex-icespa-7-kw.jpg\",\"datePublished\":\"2025-10-31T11:47:38+00:00\",\"breadcrumb\":{\"@id\":\"https:\/\/awero.ee\/de\/toode\/icespa-7-kw-vollinverter-waermepumpe\/#breadcrumb\"},\"inLanguage\":\"de\",\"potentialAction\":[{\"@type\":\"ReadAction\",\"target\":[\"https:\/\/awero.ee\/de\/toode\/icespa-7-kw-vollinverter-waermepumpe\/\"]}]},{\"@type\":\"ImageObject\",\"inLanguage\":\"de\",\"@id\":\"https:\/\/awero.ee\/de\/toode\/icespa-7-kw-vollinverter-waermepumpe\/#primaryimage\",\"url\":\"https:\/\/awero.ee\/wp-content\/uploads\/2025\/10\/poolex-icespa-7-kw.jpg\",\"contentUrl\":\"https:\/\/awero.ee\/wp-content\/uploads\/2025\/10\/poolex-icespa-7-kw.jpg\",\"width\":678,\"height\":469},{\"@type\":\"BreadcrumbList\",\"@id\":\"https:\/\/awero.ee\/de\/toode\/icespa-7-kw-vollinverter-waermepumpe\/#breadcrumb\",\"itemListElement\":[{\"@type\":\"ListItem\",\"position\":1,\"name\":\"Home\",\"item\":\"https:\/\/awero.ee\/de\/startseite\/\"},{\"@type\":\"ListItem\",\"position\":2,\"name\":\"Pood\",\"item\":\"https:\/\/awero.ee\/pood\/\"},{\"@type\":\"ListItem\",\"position\":3,\"name\":\"IceSpa 7 kW Vollinverter-W\u00e4rmepumpe\"}]},{\"@type\":\"WebSite\",\"@id\":\"https:\/\/awero.ee\/de\/#website\",\"url\":\"https:\/\/awero.ee\/de\/\",\"name\":\"Awero - S\u00fcdamega L\u00f5una Eestist\",\"description\":\"\",\"publisher\":{\"@id\":\"https:\/\/awero.ee\/de\/#organization\"},\"potentialAction\":[{\"@type\":\"SearchAction\",\"target\":{\"@type\":\"EntryPoint\",\"urlTemplate\":\"https:\/\/awero.ee\/de\/?s={search_term_string}\"},\"query-input\":{\"@type\":\"PropertyValueSpecification\",\"valueRequired\":true,\"valueName\":\"search_term_string\"}}],\"inLanguage\":\"de\"},{\"@type\":\"Organization\",\"@id\":\"https:\/\/awero.ee\/de\/#organization\",\"name\":\"Awero - S\u00fcdamega L\u00f5una Eestist\",\"url\":\"https:\/\/awero.ee\/de\/\",\"logo\":{\"@type\":\"ImageObject\",\"inLanguage\":\"de\",\"@id\":\"https:\/\/awero.ee\/de\/#\/schema\/logo\/image\/\",\"url\":\"https:\/\/awero.ee\/wp-content\/uploads\/2024\/07\/aweroplaceholder.jpg\",\"contentUrl\":\"https:\/\/awero.ee\/wp-content\/uploads\/2024\/07\/aweroplaceholder.jpg\",\"width\":1250,\"height\":834,\"caption\":\"Awero - S\u00fcdamega L\u00f5una Eestist\"},\"image\":{\"@id\":\"https:\/\/awero.ee\/de\/#\/schema\/logo\/image\/\"}}]}<\/script>\n<!-- \/ Yoast SEO plugin. -->","yoast_head_json":{"title":"IceSpa 7 kW Vollinverter-W\u00e4rmepumpe - Awero - S\u00fcdamega L\u00f5una-Eestist","robots":{"index":"index","follow":"follow","max-snippet":"max-snippet:-1","max-image-preview":"max-image-preview:large","max-video-preview":"max-video-preview:-1"},"canonical":"https:\/\/awero.ee\/de\/toode\/icespa-7-kw-vollinverter-waermepumpe\/","og_locale":"de_DE","og_type":"article","og_title":"IceSpa 7 kW Vollinverter-W\u00e4rmepumpe - Awero - S\u00fcdamega L\u00f5una-Eestist","og_description":"Die Poolex Spawer IceSpa 7 kW ist eine W\u00e4rmepumpe, die dank der EVI-Technologie auch bei Au\u00dfentemperaturen bis zu \u201325 \u00b0C effizient arbeitet. Der Vollinverter-Kompressor passt sich automatisch an und erm\u00f6glicht bis zu 75 % Energieeinsparung im Vergleich zu einem Elektroheizer. Sie eignet sich f\u00fcr gr\u00f6\u00dfere Badebottiche und Terrassenpools und ist mit Wi-Fi-Fernsteuerung ausgestattet. Der reversible Betrieb erlaubt die K\u00fchlung des Wassers im Sommer und die Beheizung im Winter. Das Ger\u00e4t arbeitet leise, ist einfach zu installieren und langlebig unter allen klimatischen Bedingungen.","og_url":"https:\/\/awero.ee\/de\/toode\/icespa-7-kw-vollinverter-waermepumpe\/","og_site_name":"Awero - S\u00fcdamega L\u00f5una-Eestist","og_image":[{"width":678,"height":469,"url":"https:\/\/awero.ee\/wp-content\/uploads\/2025\/10\/poolex-icespa-7-kw.jpg","type":"image\/jpeg"}],"twitter_card":"summary_large_image","schema":{"@context":"https:\/\/schema.org","@graph":[{"@type":"WebPage","@id":"https:\/\/awero.ee\/de\/toode\/icespa-7-kw-vollinverter-waermepumpe\/","url":"https:\/\/awero.ee\/de\/toode\/icespa-7-kw-vollinverter-waermepumpe\/","name":"IceSpa 7 kW Vollinverter-W\u00e4rmepumpe - Awero - S\u00fcdamega L\u00f5una-Eestist","isPartOf":{"@id":"https:\/\/awero.ee\/de\/#website"},"primaryImageOfPage":{"@id":"https:\/\/awero.ee\/de\/toode\/icespa-7-kw-vollinverter-waermepumpe\/#primaryimage"},"image":{"@id":"https:\/\/awero.ee\/de\/toode\/icespa-7-kw-vollinverter-waermepumpe\/#primaryimage"},"thumbnailUrl":"https:\/\/awero.ee\/wp-content\/uploads\/2025\/10\/poolex-icespa-7-kw.jpg","datePublished":"2025-10-31T11:47:38+00:00","breadcrumb":{"@id":"https:\/\/awero.ee\/de\/toode\/icespa-7-kw-vollinverter-waermepumpe\/#breadcrumb"},"inLanguage":"de","potentialAction":[{"@type":"ReadAction","target":["https:\/\/awero.ee\/de\/toode\/icespa-7-kw-vollinverter-waermepumpe\/"]}]},{"@type":"ImageObject","inLanguage":"de","@id":"https:\/\/awero.ee\/de\/toode\/icespa-7-kw-vollinverter-waermepumpe\/#primaryimage","url":"https:\/\/awero.ee\/wp-content\/uploads\/2025\/10\/poolex-icespa-7-kw.jpg","contentUrl":"https:\/\/awero.ee\/wp-content\/uploads\/2025\/10\/poolex-icespa-7-kw.jpg","width":678,"height":469},{"@type":"BreadcrumbList","@id":"https:\/\/awero.ee\/de\/toode\/icespa-7-kw-vollinverter-waermepumpe\/#breadcrumb","itemListElement":[{"@type":"ListItem","position":1,"name":"Home","item":"https:\/\/awero.ee\/de\/startseite\/"},{"@type":"ListItem","position":2,"name":"Pood","item":"https:\/\/awero.ee\/pood\/"},{"@type":"ListItem","position":3,"name":"IceSpa 7 kW Vollinverter-W\u00e4rmepumpe"}]},{"@type":"WebSite","@id":"https:\/\/awero.ee\/de\/#website","url":"https:\/\/awero.ee\/de\/","name":"Awero - S\u00fcdamega L\u00f5una Eestist","description":"","publisher":{"@id":"https:\/\/awero.ee\/de\/#organization"},"potentialAction":[{"@type":"SearchAction","target":{"@type":"EntryPoint","urlTemplate":"https:\/\/awero.ee\/de\/?s={search_term_string}"},"query-input":{"@type":"PropertyValueSpecification","valueRequired":true,"valueName":"search_term_string"}}],"inLanguage":"de"},{"@type":"Organization","@id":"https:\/\/awero.ee\/de\/#organization","name":"Awero - S\u00fcdamega L\u00f5una Eestist","url":"https:\/\/awero.ee\/de\/","logo":{"@type":"ImageObject","inLanguage":"de","@id":"https:\/\/awero.ee\/de\/#\/schema\/logo\/image\/","url":"https:\/\/awero.ee\/wp-content\/uploads\/2024\/07\/aweroplaceholder.jpg","contentUrl":"https:\/\/awero.ee\/wp-content\/uploads\/2024\/07\/aweroplaceholder.jpg","width":1250,"height":834,"caption":"Awero - S\u00fcdamega L\u00f5una Eestist"},"image":{"@id":"https:\/\/awero.ee\/de\/#\/schema\/logo\/image\/"}}]}},"_links":{"self":[{"href":"https:\/\/awero.ee\/de\/wp-json\/wp\/v2\/product\/14550","targetHints":{"allow":["GET"]}}],"collection":[{"href":"https:\/\/awero.ee\/de\/wp-json\/wp\/v2\/product"}],"about":[{"href":"https:\/\/awero.ee\/de\/wp-json\/wp\/v2\/types\/product"}],"wp:featuredmedia":[{"embeddable":true,"href":"https:\/\/awero.ee\/de\/wp-json\/wp\/v2\/media\/14551"}],"wp:attachment":[{"href":"https:\/\/awero.ee\/de\/wp-json\/wp\/v2\/media?parent=14550"}],"wp:term":[{"taxonomy":"product_brand","embeddable":true,"href":"https:\/\/awero.ee\/de\/wp-json\/wp\/v2\/product_brand?post=14550"},{"taxonomy":"product_cat","embeddable":true,"href":"https:\/\/awero.ee\/de\/wp-json\/wp\/v2\/product_cat?post=14550"},{"taxonomy":"product_tag","embeddable":true,"href":"https:\/\/awero.ee\/de\/wp-json\/wp\/v2\/product_tag?post=14550"}],"curies":[{"name":"wp","href":"https:\/\/api.w.org\/{rel}","templated":true}]}}