{"id":14544,"date":"2025-10-22T12:16:54","date_gmt":"2025-10-22T12:16:54","guid":{"rendered":"https:\/\/awero.ee\/toode\/wasser-kuehler-g-05\/"},"modified":"2025-10-22T12:16:54","modified_gmt":"2025-10-22T12:16:54","slug":"wasser-kuehler-g-05","status":"publish","type":"product","link":"https:\/\/awero.ee\/de\/toode\/wasser-kuehler-g-05\/","title":{"rendered":"Wasser-K\u00fchler G-05"},"content":{"rendered":"<p><strong>Das Set beinhaltet:<\/strong><\/p>\n<p>\u2022 Wasser-K\u00fchler G-05 \/ 220V \u2013 0,5 PS<br \/>\n\u2022 Anschlusszubeh\u00f6r<\/p>\n<p>&nbsp;<\/p>\n<p><strong>F\u00fcr Awero-Modelle eignet sich das Ger\u00e4t ideal f\u00fcr die Kaltwannen <a href=\"https:\/\/awero.ee\/de\/toode\/icetub-100-2\/\">IceTub 100<\/a> und<a href=\"https:\/\/awero.ee\/de\/toode\/icon-icetub-2\/\"> Icon IceTub.<\/a><\/strong><\/p>\n<p>&nbsp;<\/p>\n<p data-start=\"53\" data-end=\"74\"><strong>Technische Daten: <\/strong><\/p>\n<ul data-start=\"76\" data-end=\"505\">\n<li data-start=\"76\" data-end=\"104\">\n<p data-start=\"78\" data-end=\"104\">Eingangsleistung: 695 W<\/p>\n<\/li>\n<li data-start=\"105\" data-end=\"130\">\n<p data-start=\"107\" data-end=\"130\">Betriebsfrequenz: 50 Hz<\/p>\n<\/li>\n<li data-start=\"131\" data-end=\"158\">\n<p data-start=\"133\" data-end=\"158\">Betriebsspannung: 220\u2013240 V<\/p>\n<\/li>\n<li data-start=\"159\" data-end=\"186\">\n<p data-start=\"161\" data-end=\"186\">Stromst\u00e4rke: 3,2 A<\/p>\n<\/li>\n<li data-start=\"187\" data-end=\"221\">\n<p data-start=\"189\" data-end=\"221\">Kompressorleistung: 410 W<\/p>\n<\/li>\n<li data-start=\"222\" data-end=\"252\">\n<p data-start=\"224\" data-end=\"252\">K\u00fchlleistung: 1200 W<\/p>\n<\/li>\n<li data-start=\"253\" data-end=\"275\">\n<p data-start=\"255\" data-end=\"275\">K\u00e4ltemittel: R32<\/p>\n<\/li>\n<li data-start=\"276\" data-end=\"313\">\n<p data-start=\"278\" data-end=\"313\">K\u00fchltemperatur: bis zu 3 \u00b0C<\/p>\n<\/li>\n<li data-start=\"314\" data-end=\"356\">\n<p data-start=\"316\" data-end=\"356\">K\u00fchlzeit: 20 \u00b0C \u2192 3 \u00b0C \u2248 8 Stunden<\/p>\n<\/li>\n<li data-start=\"357\" data-end=\"392\">\n<p data-start=\"359\" data-end=\"392\">Betriebsbereich: 2 \u00b0C bis 45 \u00b0C<\/p>\n<\/li>\n<li data-start=\"393\" data-end=\"426\">\n<p data-start=\"395\" data-end=\"426\">Wassertankvolumen: 300\u2013400 L<\/p>\n<\/li>\n<li data-start=\"427\" data-end=\"452\">\n<p data-start=\"429\" data-end=\"452\">Nettogewicht: 22,2 kg<\/p>\n<\/li>\n<li data-start=\"453\" data-end=\"505\">\n<p data-start=\"455\" data-end=\"505\">Produktabmessungen (B \u00d7 L \u00d7 H): 375 \u00d7 300 \u00d7 345 mm<\/p>\n<\/li>\n<\/ul>\n","protected":false},"excerpt":{"rendered":"<p><strong data-start=\"123\" data-end=\"141\">Der Wasser-K\u00fchler <\/strong>G-05 ist ein kompakte K\u00fchlvorrichtung f\u00fcr Eisbottiche, die bis zu 400 Liter Wasser auf eine Temperatur von 3 \u00b0C abk\u00fchlen kann. Das Ger\u00e4t arbeitet in einem weiten Temperaturbereich von +2 bis +45 \u00b0C und gew\u00e4hrleistet auch bei intensiver Nutzung eine stabile und effiziente K\u00fchlung. Es eignet sich ideal f\u00fcr Eisbad- und K\u00e4ltetherapie-L\u00f6sungen.  <\/p>\n","protected":false},"featured_media":14545,"template":"","meta":{"_acf_changed":false},"product_brand":[],"product_cat":[1685,1681],"product_tag":[],"class_list":{"0":"post-14544","1":"product","2":"type-product","3":"status-publish","4":"has-post-thumbnail","6":"product_cat-unbestimmt-2","7":"product_cat-zusatzausstattungen","9":"first","10":"instock","11":"shipping-taxable","12":"product-type-simple"},"acf":[],"yoast_head":"<!-- This site is optimized with the Yoast SEO plugin v26.8 - https:\/\/yoast.com\/product\/yoast-seo-wordpress\/ -->\n<title>Wasser-K\u00fchler G-05 - Awero - S\u00fcdamega L\u00f5una-Eestist<\/title>\n<meta name=\"robots\" content=\"index, follow, max-snippet:-1, max-image-preview:large, max-video-preview:-1\" \/>\n<link rel=\"canonical\" href=\"https:\/\/awero.ee\/de\/toode\/wasser-kuehler-g-05\/\" \/>\n<meta property=\"og:locale\" content=\"de_DE\" \/>\n<meta property=\"og:type\" content=\"article\" \/>\n<meta property=\"og:title\" content=\"Wasser-K\u00fchler G-05 - Awero - S\u00fcdamega L\u00f5una-Eestist\" \/>\n<meta property=\"og:description\" content=\"Der Wasser-K\u00fchler G-05 ist ein kompakte K\u00fchlvorrichtung f\u00fcr Eisbottiche, die bis zu 400 Liter Wasser auf eine Temperatur von 3 \u00b0C abk\u00fchlen kann. Das Ger\u00e4t arbeitet in einem weiten Temperaturbereich von +2 bis +45 \u00b0C und gew\u00e4hrleistet auch bei intensiver Nutzung eine stabile und effiziente K\u00fchlung. Es eignet sich ideal f\u00fcr Eisbad- und K\u00e4ltetherapie-L\u00f6sungen.\" \/>\n<meta property=\"og:url\" content=\"https:\/\/awero.ee\/de\/toode\/wasser-kuehler-g-05\/\" \/>\n<meta property=\"og:site_name\" content=\"Awero - S\u00fcdamega L\u00f5una-Eestist\" \/>\n<meta property=\"og:image\" content=\"https:\/\/awero.ee\/wp-content\/uploads\/2025\/10\/WhatsApp-Image-2025-04-18-at-11.53.42.jpeg\" \/>\n\t<meta property=\"og:image:width\" content=\"1600\" \/>\n\t<meta property=\"og:image:height\" content=\"1600\" \/>\n\t<meta property=\"og:image:type\" content=\"image\/jpeg\" \/>\n<meta name=\"twitter:card\" content=\"summary_large_image\" \/>\n<script type=\"application\/ld+json\" class=\"yoast-schema-graph\">{\"@context\":\"https:\/\/schema.org\",\"@graph\":[{\"@type\":\"WebPage\",\"@id\":\"https:\/\/awero.ee\/de\/toode\/wasser-kuehler-g-05\/\",\"url\":\"https:\/\/awero.ee\/de\/toode\/wasser-kuehler-g-05\/\",\"name\":\"Wasser-K\u00fchler G-05 - Awero - S\u00fcdamega L\u00f5una-Eestist\",\"isPartOf\":{\"@id\":\"https:\/\/awero.ee\/de\/#website\"},\"primaryImageOfPage\":{\"@id\":\"https:\/\/awero.ee\/de\/toode\/wasser-kuehler-g-05\/#primaryimage\"},\"image\":{\"@id\":\"https:\/\/awero.ee\/de\/toode\/wasser-kuehler-g-05\/#primaryimage\"},\"thumbnailUrl\":\"https:\/\/awero.ee\/wp-content\/uploads\/2025\/10\/WhatsApp-Image-2025-04-18-at-11.53.42.jpeg\",\"datePublished\":\"2025-10-22T12:16:54+00:00\",\"breadcrumb\":{\"@id\":\"https:\/\/awero.ee\/de\/toode\/wasser-kuehler-g-05\/#breadcrumb\"},\"inLanguage\":\"de\",\"potentialAction\":[{\"@type\":\"ReadAction\",\"target\":[\"https:\/\/awero.ee\/de\/toode\/wasser-kuehler-g-05\/\"]}]},{\"@type\":\"ImageObject\",\"inLanguage\":\"de\",\"@id\":\"https:\/\/awero.ee\/de\/toode\/wasser-kuehler-g-05\/#primaryimage\",\"url\":\"https:\/\/awero.ee\/wp-content\/uploads\/2025\/10\/WhatsApp-Image-2025-04-18-at-11.53.42.jpeg\",\"contentUrl\":\"https:\/\/awero.ee\/wp-content\/uploads\/2025\/10\/WhatsApp-Image-2025-04-18-at-11.53.42.jpeg\",\"width\":1600,\"height\":1600},{\"@type\":\"BreadcrumbList\",\"@id\":\"https:\/\/awero.ee\/de\/toode\/wasser-kuehler-g-05\/#breadcrumb\",\"itemListElement\":[{\"@type\":\"ListItem\",\"position\":1,\"name\":\"Home\",\"item\":\"https:\/\/awero.ee\/de\/startseite\/\"},{\"@type\":\"ListItem\",\"position\":2,\"name\":\"Pood\",\"item\":\"https:\/\/awero.ee\/pood\/\"},{\"@type\":\"ListItem\",\"position\":3,\"name\":\"Wasser-K\u00fchler G-05\"}]},{\"@type\":\"WebSite\",\"@id\":\"https:\/\/awero.ee\/de\/#website\",\"url\":\"https:\/\/awero.ee\/de\/\",\"name\":\"Awero - S\u00fcdamega L\u00f5una Eestist\",\"description\":\"\",\"publisher\":{\"@id\":\"https:\/\/awero.ee\/de\/#organization\"},\"potentialAction\":[{\"@type\":\"SearchAction\",\"target\":{\"@type\":\"EntryPoint\",\"urlTemplate\":\"https:\/\/awero.ee\/de\/?s={search_term_string}\"},\"query-input\":{\"@type\":\"PropertyValueSpecification\",\"valueRequired\":true,\"valueName\":\"search_term_string\"}}],\"inLanguage\":\"de\"},{\"@type\":\"Organization\",\"@id\":\"https:\/\/awero.ee\/de\/#organization\",\"name\":\"Awero - S\u00fcdamega L\u00f5una Eestist\",\"url\":\"https:\/\/awero.ee\/de\/\",\"logo\":{\"@type\":\"ImageObject\",\"inLanguage\":\"de\",\"@id\":\"https:\/\/awero.ee\/de\/#\/schema\/logo\/image\/\",\"url\":\"https:\/\/awero.ee\/wp-content\/uploads\/2024\/07\/aweroplaceholder.jpg\",\"contentUrl\":\"https:\/\/awero.ee\/wp-content\/uploads\/2024\/07\/aweroplaceholder.jpg\",\"width\":1250,\"height\":834,\"caption\":\"Awero - S\u00fcdamega L\u00f5una Eestist\"},\"image\":{\"@id\":\"https:\/\/awero.ee\/de\/#\/schema\/logo\/image\/\"}}]}<\/script>\n<!-- \/ Yoast SEO plugin. -->","yoast_head_json":{"title":"Wasser-K\u00fchler G-05 - Awero - S\u00fcdamega L\u00f5una-Eestist","robots":{"index":"index","follow":"follow","max-snippet":"max-snippet:-1","max-image-preview":"max-image-preview:large","max-video-preview":"max-video-preview:-1"},"canonical":"https:\/\/awero.ee\/de\/toode\/wasser-kuehler-g-05\/","og_locale":"de_DE","og_type":"article","og_title":"Wasser-K\u00fchler G-05 - Awero - S\u00fcdamega L\u00f5una-Eestist","og_description":"Der Wasser-K\u00fchler G-05 ist ein kompakte K\u00fchlvorrichtung f\u00fcr Eisbottiche, die bis zu 400 Liter Wasser auf eine Temperatur von 3 \u00b0C abk\u00fchlen kann. Das Ger\u00e4t arbeitet in einem weiten Temperaturbereich von +2 bis +45 \u00b0C und gew\u00e4hrleistet auch bei intensiver Nutzung eine stabile und effiziente K\u00fchlung. Es eignet sich ideal f\u00fcr Eisbad- und K\u00e4ltetherapie-L\u00f6sungen.","og_url":"https:\/\/awero.ee\/de\/toode\/wasser-kuehler-g-05\/","og_site_name":"Awero - S\u00fcdamega L\u00f5una-Eestist","og_image":[{"width":1600,"height":1600,"url":"https:\/\/awero.ee\/wp-content\/uploads\/2025\/10\/WhatsApp-Image-2025-04-18-at-11.53.42.jpeg","type":"image\/jpeg"}],"twitter_card":"summary_large_image","schema":{"@context":"https:\/\/schema.org","@graph":[{"@type":"WebPage","@id":"https:\/\/awero.ee\/de\/toode\/wasser-kuehler-g-05\/","url":"https:\/\/awero.ee\/de\/toode\/wasser-kuehler-g-05\/","name":"Wasser-K\u00fchler G-05 - Awero - S\u00fcdamega L\u00f5una-Eestist","isPartOf":{"@id":"https:\/\/awero.ee\/de\/#website"},"primaryImageOfPage":{"@id":"https:\/\/awero.ee\/de\/toode\/wasser-kuehler-g-05\/#primaryimage"},"image":{"@id":"https:\/\/awero.ee\/de\/toode\/wasser-kuehler-g-05\/#primaryimage"},"thumbnailUrl":"https:\/\/awero.ee\/wp-content\/uploads\/2025\/10\/WhatsApp-Image-2025-04-18-at-11.53.42.jpeg","datePublished":"2025-10-22T12:16:54+00:00","breadcrumb":{"@id":"https:\/\/awero.ee\/de\/toode\/wasser-kuehler-g-05\/#breadcrumb"},"inLanguage":"de","potentialAction":[{"@type":"ReadAction","target":["https:\/\/awero.ee\/de\/toode\/wasser-kuehler-g-05\/"]}]},{"@type":"ImageObject","inLanguage":"de","@id":"https:\/\/awero.ee\/de\/toode\/wasser-kuehler-g-05\/#primaryimage","url":"https:\/\/awero.ee\/wp-content\/uploads\/2025\/10\/WhatsApp-Image-2025-04-18-at-11.53.42.jpeg","contentUrl":"https:\/\/awero.ee\/wp-content\/uploads\/2025\/10\/WhatsApp-Image-2025-04-18-at-11.53.42.jpeg","width":1600,"height":1600},{"@type":"BreadcrumbList","@id":"https:\/\/awero.ee\/de\/toode\/wasser-kuehler-g-05\/#breadcrumb","itemListElement":[{"@type":"ListItem","position":1,"name":"Home","item":"https:\/\/awero.ee\/de\/startseite\/"},{"@type":"ListItem","position":2,"name":"Pood","item":"https:\/\/awero.ee\/pood\/"},{"@type":"ListItem","position":3,"name":"Wasser-K\u00fchler G-05"}]},{"@type":"WebSite","@id":"https:\/\/awero.ee\/de\/#website","url":"https:\/\/awero.ee\/de\/","name":"Awero - S\u00fcdamega L\u00f5una Eestist","description":"","publisher":{"@id":"https:\/\/awero.ee\/de\/#organization"},"potentialAction":[{"@type":"SearchAction","target":{"@type":"EntryPoint","urlTemplate":"https:\/\/awero.ee\/de\/?s={search_term_string}"},"query-input":{"@type":"PropertyValueSpecification","valueRequired":true,"valueName":"search_term_string"}}],"inLanguage":"de"},{"@type":"Organization","@id":"https:\/\/awero.ee\/de\/#organization","name":"Awero - S\u00fcdamega L\u00f5una Eestist","url":"https:\/\/awero.ee\/de\/","logo":{"@type":"ImageObject","inLanguage":"de","@id":"https:\/\/awero.ee\/de\/#\/schema\/logo\/image\/","url":"https:\/\/awero.ee\/wp-content\/uploads\/2024\/07\/aweroplaceholder.jpg","contentUrl":"https:\/\/awero.ee\/wp-content\/uploads\/2024\/07\/aweroplaceholder.jpg","width":1250,"height":834,"caption":"Awero - S\u00fcdamega L\u00f5una Eestist"},"image":{"@id":"https:\/\/awero.ee\/de\/#\/schema\/logo\/image\/"}}]}},"_links":{"self":[{"href":"https:\/\/awero.ee\/de\/wp-json\/wp\/v2\/product\/14544","targetHints":{"allow":["GET"]}}],"collection":[{"href":"https:\/\/awero.ee\/de\/wp-json\/wp\/v2\/product"}],"about":[{"href":"https:\/\/awero.ee\/de\/wp-json\/wp\/v2\/types\/product"}],"wp:featuredmedia":[{"embeddable":true,"href":"https:\/\/awero.ee\/de\/wp-json\/wp\/v2\/media\/14545"}],"wp:attachment":[{"href":"https:\/\/awero.ee\/de\/wp-json\/wp\/v2\/media?parent=14544"}],"wp:term":[{"taxonomy":"product_brand","embeddable":true,"href":"https:\/\/awero.ee\/de\/wp-json\/wp\/v2\/product_brand?post=14544"},{"taxonomy":"product_cat","embeddable":true,"href":"https:\/\/awero.ee\/de\/wp-json\/wp\/v2\/product_cat?post=14544"},{"taxonomy":"product_tag","embeddable":true,"href":"https:\/\/awero.ee\/de\/wp-json\/wp\/v2\/product_tag?post=14544"}],"curies":[{"name":"wp","href":"https:\/\/api.w.org\/{rel}","templated":true}]}}