{"id":14542,"date":"2025-02-17T11:40:51","date_gmt":"2025-02-17T11:40:51","guid":{"rendered":"https:\/\/awero.ee\/toode\/filterkugeln-700-g\/"},"modified":"2025-02-17T11:40:51","modified_gmt":"2025-02-17T11:40:51","slug":"filterkugeln-700-g","status":"publish","type":"product","link":"https:\/\/awero.ee\/de\/toode\/filterkugeln-700-g\/","title":{"rendered":"Filterkugeln (700 g)"},"content":{"rendered":"<p data-start=\"726\" data-end=\"748\"><strong data-start=\"726\" data-end=\"748\">Haupteigenschaften:<\/strong><\/p>\n<ul>\n<li data-start=\"751\" data-end=\"774\">Effiziente Wasserfiltration<\/li>\n<li data-start=\"777\" data-end=\"815\">Geeignet f\u00fcr den Einsatz in Filtersystemen<\/li>\n<li data-start=\"818\" data-end=\"845\">Leicht und wiederverwendbar<\/li>\n<li data-start=\"848\" data-end=\"877\">Einfache Pflege und Reinigung<\/li>\n<li data-start=\"880\" data-end=\"908\">Unterst\u00fctzen eine gleichm\u00e4\u00dfige Wasserzirkulation<\/li>\n<\/ul>\n<p data-start=\"910\" data-end=\"1022\">Filterkugeln sind eine praktische Wahl, um die Wasserqualit\u00e4t im Badebottich zu erhalten und die Zuverl\u00e4ssigkeit des Filtersystems zu gew\u00e4hrleisten.<\/p>\n","protected":false},"excerpt":{"rendered":"<p data-start=\"185\" data-end=\"410\">Filterkugeln sind eine effektive und moderne L\u00f6sung zur Wasserfiltration im Badebottich. Sie sind f\u00fcr den Einsatz in speziellen Filtersystemen konzipiert und sorgen f\u00fcr sauberes Wasser, indem sie Schmutz, feine Partikel und schwebende <a href=\"https:\/\/awero.ee\/de\/toode\/wasserfiltersystem-mit-filterkugeln-filtermax\/\">Verunreinigungen <\/a>auffangen. <\/p>\n<p data-start=\"412\" data-end=\"724\">Im Vergleich zu herk\u00f6mmlichen Filterl\u00f6sungen sind Filterkugeln leichter, langlebiger und wiederverwendbar. Sie erm\u00f6glichen einen gleichm\u00e4\u00dfigen Wasserfluss und unterst\u00fctzen die effiziente Funktion des gesamten Filtersystems. Filterkugeln sind einfach zu pflegen und bei Bedarf waschbar, was ihre Verwendung komfortabel und kosteneffektiv macht.  <\/p>\n","protected":false},"featured_media":14543,"template":"","meta":{"_acf_changed":false},"product_brand":[],"product_cat":[1681],"product_tag":[],"class_list":{"0":"post-14542","1":"product","2":"type-product","3":"status-publish","4":"has-post-thumbnail","6":"product_cat-zusatzausstattungen","7":"product_shipping_class-pakiautomaat","9":"first","10":"instock","11":"shipping-taxable","12":"product-type-simple"},"acf":[],"yoast_head":"<!-- This site is optimized with the Yoast SEO plugin v26.8 - https:\/\/yoast.com\/product\/yoast-seo-wordpress\/ -->\n<title>Filterkugeln (700 g) - Awero - S\u00fcdamega L\u00f5una-Eestist<\/title>\n<meta name=\"robots\" content=\"index, follow, max-snippet:-1, max-image-preview:large, max-video-preview:-1\" \/>\n<link rel=\"canonical\" href=\"https:\/\/awero.ee\/de\/toode\/filterkugeln-700-g\/\" \/>\n<meta property=\"og:locale\" content=\"de_DE\" \/>\n<meta property=\"og:type\" content=\"article\" \/>\n<meta property=\"og:title\" content=\"Filterkugeln (700 g) - Awero - S\u00fcdamega L\u00f5una-Eestist\" \/>\n<meta property=\"og:description\" content=\"Filterkugeln sind eine effektive und moderne L\u00f6sung zur Wasserfiltration im Badebottich. Sie sind f\u00fcr den Einsatz in speziellen Filtersystemen konzipiert und sorgen f\u00fcr sauberes Wasser, indem sie Schmutz, feine Partikel und schwebende Verunreinigungen auffangen. Im Vergleich zu herk\u00f6mmlichen Filterl\u00f6sungen sind Filterkugeln leichter, langlebiger und wiederverwendbar. Sie erm\u00f6glichen einen gleichm\u00e4\u00dfigen Wasserfluss und unterst\u00fctzen die effiziente Funktion des gesamten Filtersystems. Filterkugeln sind einfach zu pflegen und bei Bedarf waschbar, was ihre Verwendung komfortabel und kosteneffektiv macht.\" \/>\n<meta property=\"og:url\" content=\"https:\/\/awero.ee\/de\/toode\/filterkugeln-700-g\/\" \/>\n<meta property=\"og:site_name\" content=\"Awero - S\u00fcdamega L\u00f5una-Eestist\" \/>\n<meta property=\"og:image\" content=\"https:\/\/awero.ee\/wp-content\/uploads\/2025\/02\/Filtripallid.jpg\" \/>\n\t<meta property=\"og:image:width\" content=\"967\" \/>\n\t<meta property=\"og:image:height\" content=\"834\" \/>\n\t<meta property=\"og:image:type\" content=\"image\/jpeg\" \/>\n<meta name=\"twitter:card\" content=\"summary_large_image\" \/>\n<script type=\"application\/ld+json\" class=\"yoast-schema-graph\">{\"@context\":\"https:\/\/schema.org\",\"@graph\":[{\"@type\":\"WebPage\",\"@id\":\"https:\/\/awero.ee\/de\/toode\/filterkugeln-700-g\/\",\"url\":\"https:\/\/awero.ee\/de\/toode\/filterkugeln-700-g\/\",\"name\":\"Filterkugeln (700 g) - Awero - S\u00fcdamega L\u00f5una-Eestist\",\"isPartOf\":{\"@id\":\"https:\/\/awero.ee\/de\/#website\"},\"primaryImageOfPage\":{\"@id\":\"https:\/\/awero.ee\/de\/toode\/filterkugeln-700-g\/#primaryimage\"},\"image\":{\"@id\":\"https:\/\/awero.ee\/de\/toode\/filterkugeln-700-g\/#primaryimage\"},\"thumbnailUrl\":\"https:\/\/awero.ee\/wp-content\/uploads\/2025\/02\/Filtripallid.jpg\",\"datePublished\":\"2025-02-17T11:40:51+00:00\",\"breadcrumb\":{\"@id\":\"https:\/\/awero.ee\/de\/toode\/filterkugeln-700-g\/#breadcrumb\"},\"inLanguage\":\"de\",\"potentialAction\":[{\"@type\":\"ReadAction\",\"target\":[\"https:\/\/awero.ee\/de\/toode\/filterkugeln-700-g\/\"]}]},{\"@type\":\"ImageObject\",\"inLanguage\":\"de\",\"@id\":\"https:\/\/awero.ee\/de\/toode\/filterkugeln-700-g\/#primaryimage\",\"url\":\"https:\/\/awero.ee\/wp-content\/uploads\/2025\/02\/Filtripallid.jpg\",\"contentUrl\":\"https:\/\/awero.ee\/wp-content\/uploads\/2025\/02\/Filtripallid.jpg\",\"width\":967,\"height\":834},{\"@type\":\"BreadcrumbList\",\"@id\":\"https:\/\/awero.ee\/de\/toode\/filterkugeln-700-g\/#breadcrumb\",\"itemListElement\":[{\"@type\":\"ListItem\",\"position\":1,\"name\":\"Home\",\"item\":\"https:\/\/awero.ee\/de\/startseite\/\"},{\"@type\":\"ListItem\",\"position\":2,\"name\":\"Pood\",\"item\":\"https:\/\/awero.ee\/pood\/\"},{\"@type\":\"ListItem\",\"position\":3,\"name\":\"Filterkugeln (700 g)\"}]},{\"@type\":\"WebSite\",\"@id\":\"https:\/\/awero.ee\/de\/#website\",\"url\":\"https:\/\/awero.ee\/de\/\",\"name\":\"Awero - S\u00fcdamega L\u00f5una Eestist\",\"description\":\"\",\"publisher\":{\"@id\":\"https:\/\/awero.ee\/de\/#organization\"},\"potentialAction\":[{\"@type\":\"SearchAction\",\"target\":{\"@type\":\"EntryPoint\",\"urlTemplate\":\"https:\/\/awero.ee\/de\/?s={search_term_string}\"},\"query-input\":{\"@type\":\"PropertyValueSpecification\",\"valueRequired\":true,\"valueName\":\"search_term_string\"}}],\"inLanguage\":\"de\"},{\"@type\":\"Organization\",\"@id\":\"https:\/\/awero.ee\/de\/#organization\",\"name\":\"Awero - S\u00fcdamega L\u00f5una Eestist\",\"url\":\"https:\/\/awero.ee\/de\/\",\"logo\":{\"@type\":\"ImageObject\",\"inLanguage\":\"de\",\"@id\":\"https:\/\/awero.ee\/de\/#\/schema\/logo\/image\/\",\"url\":\"https:\/\/awero.ee\/wp-content\/uploads\/2024\/07\/aweroplaceholder.jpg\",\"contentUrl\":\"https:\/\/awero.ee\/wp-content\/uploads\/2024\/07\/aweroplaceholder.jpg\",\"width\":1250,\"height\":834,\"caption\":\"Awero - S\u00fcdamega L\u00f5una Eestist\"},\"image\":{\"@id\":\"https:\/\/awero.ee\/de\/#\/schema\/logo\/image\/\"}}]}<\/script>\n<!-- \/ Yoast SEO plugin. -->","yoast_head_json":{"title":"Filterkugeln (700 g) - Awero - S\u00fcdamega L\u00f5una-Eestist","robots":{"index":"index","follow":"follow","max-snippet":"max-snippet:-1","max-image-preview":"max-image-preview:large","max-video-preview":"max-video-preview:-1"},"canonical":"https:\/\/awero.ee\/de\/toode\/filterkugeln-700-g\/","og_locale":"de_DE","og_type":"article","og_title":"Filterkugeln (700 g) - Awero - S\u00fcdamega L\u00f5una-Eestist","og_description":"Filterkugeln sind eine effektive und moderne L\u00f6sung zur Wasserfiltration im Badebottich. Sie sind f\u00fcr den Einsatz in speziellen Filtersystemen konzipiert und sorgen f\u00fcr sauberes Wasser, indem sie Schmutz, feine Partikel und schwebende Verunreinigungen auffangen. Im Vergleich zu herk\u00f6mmlichen Filterl\u00f6sungen sind Filterkugeln leichter, langlebiger und wiederverwendbar. Sie erm\u00f6glichen einen gleichm\u00e4\u00dfigen Wasserfluss und unterst\u00fctzen die effiziente Funktion des gesamten Filtersystems. Filterkugeln sind einfach zu pflegen und bei Bedarf waschbar, was ihre Verwendung komfortabel und kosteneffektiv macht.","og_url":"https:\/\/awero.ee\/de\/toode\/filterkugeln-700-g\/","og_site_name":"Awero - S\u00fcdamega L\u00f5una-Eestist","og_image":[{"width":967,"height":834,"url":"https:\/\/awero.ee\/wp-content\/uploads\/2025\/02\/Filtripallid.jpg","type":"image\/jpeg"}],"twitter_card":"summary_large_image","schema":{"@context":"https:\/\/schema.org","@graph":[{"@type":"WebPage","@id":"https:\/\/awero.ee\/de\/toode\/filterkugeln-700-g\/","url":"https:\/\/awero.ee\/de\/toode\/filterkugeln-700-g\/","name":"Filterkugeln (700 g) - Awero - S\u00fcdamega L\u00f5una-Eestist","isPartOf":{"@id":"https:\/\/awero.ee\/de\/#website"},"primaryImageOfPage":{"@id":"https:\/\/awero.ee\/de\/toode\/filterkugeln-700-g\/#primaryimage"},"image":{"@id":"https:\/\/awero.ee\/de\/toode\/filterkugeln-700-g\/#primaryimage"},"thumbnailUrl":"https:\/\/awero.ee\/wp-content\/uploads\/2025\/02\/Filtripallid.jpg","datePublished":"2025-02-17T11:40:51+00:00","breadcrumb":{"@id":"https:\/\/awero.ee\/de\/toode\/filterkugeln-700-g\/#breadcrumb"},"inLanguage":"de","potentialAction":[{"@type":"ReadAction","target":["https:\/\/awero.ee\/de\/toode\/filterkugeln-700-g\/"]}]},{"@type":"ImageObject","inLanguage":"de","@id":"https:\/\/awero.ee\/de\/toode\/filterkugeln-700-g\/#primaryimage","url":"https:\/\/awero.ee\/wp-content\/uploads\/2025\/02\/Filtripallid.jpg","contentUrl":"https:\/\/awero.ee\/wp-content\/uploads\/2025\/02\/Filtripallid.jpg","width":967,"height":834},{"@type":"BreadcrumbList","@id":"https:\/\/awero.ee\/de\/toode\/filterkugeln-700-g\/#breadcrumb","itemListElement":[{"@type":"ListItem","position":1,"name":"Home","item":"https:\/\/awero.ee\/de\/startseite\/"},{"@type":"ListItem","position":2,"name":"Pood","item":"https:\/\/awero.ee\/pood\/"},{"@type":"ListItem","position":3,"name":"Filterkugeln (700 g)"}]},{"@type":"WebSite","@id":"https:\/\/awero.ee\/de\/#website","url":"https:\/\/awero.ee\/de\/","name":"Awero - S\u00fcdamega L\u00f5una Eestist","description":"","publisher":{"@id":"https:\/\/awero.ee\/de\/#organization"},"potentialAction":[{"@type":"SearchAction","target":{"@type":"EntryPoint","urlTemplate":"https:\/\/awero.ee\/de\/?s={search_term_string}"},"query-input":{"@type":"PropertyValueSpecification","valueRequired":true,"valueName":"search_term_string"}}],"inLanguage":"de"},{"@type":"Organization","@id":"https:\/\/awero.ee\/de\/#organization","name":"Awero - S\u00fcdamega L\u00f5una Eestist","url":"https:\/\/awero.ee\/de\/","logo":{"@type":"ImageObject","inLanguage":"de","@id":"https:\/\/awero.ee\/de\/#\/schema\/logo\/image\/","url":"https:\/\/awero.ee\/wp-content\/uploads\/2024\/07\/aweroplaceholder.jpg","contentUrl":"https:\/\/awero.ee\/wp-content\/uploads\/2024\/07\/aweroplaceholder.jpg","width":1250,"height":834,"caption":"Awero - S\u00fcdamega L\u00f5una Eestist"},"image":{"@id":"https:\/\/awero.ee\/de\/#\/schema\/logo\/image\/"}}]}},"_links":{"self":[{"href":"https:\/\/awero.ee\/de\/wp-json\/wp\/v2\/product\/14542","targetHints":{"allow":["GET"]}}],"collection":[{"href":"https:\/\/awero.ee\/de\/wp-json\/wp\/v2\/product"}],"about":[{"href":"https:\/\/awero.ee\/de\/wp-json\/wp\/v2\/types\/product"}],"wp:featuredmedia":[{"embeddable":true,"href":"https:\/\/awero.ee\/de\/wp-json\/wp\/v2\/media\/14543"}],"wp:attachment":[{"href":"https:\/\/awero.ee\/de\/wp-json\/wp\/v2\/media?parent=14542"}],"wp:term":[{"taxonomy":"product_brand","embeddable":true,"href":"https:\/\/awero.ee\/de\/wp-json\/wp\/v2\/product_brand?post=14542"},{"taxonomy":"product_cat","embeddable":true,"href":"https:\/\/awero.ee\/de\/wp-json\/wp\/v2\/product_cat?post=14542"},{"taxonomy":"product_tag","embeddable":true,"href":"https:\/\/awero.ee\/de\/wp-json\/wp\/v2\/product_tag?post=14542"}],"curies":[{"name":"wp","href":"https:\/\/api.w.org\/{rel}","templated":true}]}}