{"id":14532,"date":"2025-10-27T11:52:46","date_gmt":"2025-10-27T11:52:46","guid":{"rendered":"https:\/\/awero.ee\/toode\/led-beleuchtung-mit-wasserthermometer\/"},"modified":"2025-10-27T11:52:46","modified_gmt":"2025-10-27T11:52:46","slug":"led-beleuchtung-mit-wasserthermometer","status":"publish","type":"product","link":"https:\/\/awero.ee\/de\/toode\/led-beleuchtung-mit-wasserthermometer\/","title":{"rendered":"LED-Beleuchtung mit Wasserthermometer"},"content":{"rendered":"<p>Die LED-Leuchte f\u00fcr den Badebottich ist aus wetterfesten und langlebigen Materialien gefertigt, die eine lange Lebensdauer des Produkts gew\u00e4hrleisten.<\/p>\n<p>Die Leuchte ist mit mehrfarbigen RGB-LEDs ausgestattet, die es erm\u00f6glichen, zwischen verschiedenen Lichtmodi und Farbt\u00f6nen je nach Stimmung zu w\u00e4hlen.<\/p>\n<p>Die Anzahl der LED-Leuchten h\u00e4ngt von der Gr\u00f6\u00dfe des Badebottichs und dem gew\u00fcnschten Lichteffekt ab:<\/p>\n<p>1 LED-Leuchte \u2013 schafft eine sanfte und gem\u00fctliche Atmosph\u00e4re, besonders geeignet f\u00fcr kleinere Modelle und Eisbottiche.<br \/>\n2 LED-Leuchten \u2013 sorgen f\u00fcr eine gleichm\u00e4\u00dfigere Beleuchtung und lassen das Wasser und den Innenraum des Bottichs optisch ger\u00e4umiger erscheinen.<br \/>\n3 LED-Leuchten \u2013 bieten eine vollst\u00e4ndige Beleuchtung und einen starken Lichteffekt, ideal f\u00fcr gr\u00f6\u00dfere Badebottiche oder f\u00fcr diejenigen, die maximale Atmosph\u00e4re w\u00fcnschen.<\/p>\n","protected":false},"excerpt":{"rendered":"<p>Die LED-Leuchte mit Wassertemperaturanzeige verbindet Atmosph\u00e4re und Funktionalit\u00e4t \u2013 sie erzeugt Stimmungslicht und zeigt gleichzeitig die Wassertemperatur an.<\/p>\n<p>Die LED-Technologie sorgt f\u00fcr einen niedrigen Energieverbrauch und eine l\u00e4ngere Lebensdauer im Vergleich zu herk\u00f6mmlichen Leuchten.<\/p>\n<p>Die LED-Leuchte kann in Badebottiche aus Fiberglas oder Acryl installiert werden.<\/p>\n","protected":false},"featured_media":14533,"template":"","meta":{"_acf_changed":false},"product_brand":[],"product_cat":[1685,1681],"product_tag":[],"class_list":{"0":"post-14532","1":"product","2":"type-product","3":"status-publish","4":"has-post-thumbnail","6":"product_cat-unbestimmt-2","7":"product_cat-zusatzausstattungen","8":"product_shipping_class-pakiautomaat","10":"first","11":"instock","12":"shipping-taxable","13":"product-type-variable"},"acf":[],"yoast_head":"<!-- This site is optimized with the Yoast SEO plugin v26.8 - https:\/\/yoast.com\/product\/yoast-seo-wordpress\/ -->\n<title>LED-Beleuchtung mit Wasserthermometer - Awero - S\u00fcdamega L\u00f5una-Eestist<\/title>\n<meta name=\"robots\" content=\"index, follow, max-snippet:-1, max-image-preview:large, max-video-preview:-1\" \/>\n<link rel=\"canonical\" href=\"https:\/\/awero.ee\/de\/toode\/led-beleuchtung-mit-wasserthermometer\/\" \/>\n<meta property=\"og:locale\" content=\"de_DE\" \/>\n<meta property=\"og:type\" content=\"article\" \/>\n<meta property=\"og:title\" content=\"LED-Beleuchtung mit Wasserthermometer - Awero - S\u00fcdamega L\u00f5una-Eestist\" \/>\n<meta property=\"og:description\" content=\"Die LED-Leuchte mit Wassertemperaturanzeige verbindet Atmosph\u00e4re und Funktionalit\u00e4t \u2013 sie erzeugt Stimmungslicht und zeigt gleichzeitig die Wassertemperatur an.Die LED-Technologie sorgt f\u00fcr einen niedrigen Energieverbrauch und eine l\u00e4ngere Lebensdauer im Vergleich zu herk\u00f6mmlichen Leuchten.Die LED-Leuchte kann in Badebottiche aus Fiberglas oder Acryl installiert werden.\" \/>\n<meta property=\"og:url\" content=\"https:\/\/awero.ee\/de\/toode\/led-beleuchtung-mit-wasserthermometer\/\" \/>\n<meta property=\"og:site_name\" content=\"Awero - S\u00fcdamega L\u00f5una-Eestist\" \/>\n<meta property=\"og:image\" content=\"https:\/\/awero.ee\/wp-content\/uploads\/2025\/10\/WhatsApp-Image-2025-10-27-at-09.40.35_7be80c80.jpg\" \/>\n\t<meta property=\"og:image:width\" content=\"1600\" \/>\n\t<meta property=\"og:image:height\" content=\"1066\" \/>\n\t<meta property=\"og:image:type\" content=\"image\/jpeg\" \/>\n<meta name=\"twitter:card\" content=\"summary_large_image\" \/>\n<meta name=\"twitter:label1\" content=\"Gesch\u00e4tzte Lesezeit\" \/>\n\t<meta name=\"twitter:data1\" content=\"1\u00a0Minute\" \/>\n<script type=\"application\/ld+json\" class=\"yoast-schema-graph\">{\"@context\":\"https:\/\/schema.org\",\"@graph\":[{\"@type\":\"WebPage\",\"@id\":\"https:\/\/awero.ee\/de\/toode\/led-beleuchtung-mit-wasserthermometer\/\",\"url\":\"https:\/\/awero.ee\/de\/toode\/led-beleuchtung-mit-wasserthermometer\/\",\"name\":\"LED-Beleuchtung mit Wasserthermometer - Awero - S\u00fcdamega L\u00f5una-Eestist\",\"isPartOf\":{\"@id\":\"https:\/\/awero.ee\/de\/#website\"},\"primaryImageOfPage\":{\"@id\":\"https:\/\/awero.ee\/de\/toode\/led-beleuchtung-mit-wasserthermometer\/#primaryimage\"},\"image\":{\"@id\":\"https:\/\/awero.ee\/de\/toode\/led-beleuchtung-mit-wasserthermometer\/#primaryimage\"},\"thumbnailUrl\":\"https:\/\/awero.ee\/wp-content\/uploads\/2025\/10\/WhatsApp-Image-2025-10-27-at-09.40.35_7be80c80.jpg\",\"datePublished\":\"2025-10-27T11:52:46+00:00\",\"breadcrumb\":{\"@id\":\"https:\/\/awero.ee\/de\/toode\/led-beleuchtung-mit-wasserthermometer\/#breadcrumb\"},\"inLanguage\":\"de\",\"potentialAction\":[{\"@type\":\"ReadAction\",\"target\":[\"https:\/\/awero.ee\/de\/toode\/led-beleuchtung-mit-wasserthermometer\/\"]}]},{\"@type\":\"ImageObject\",\"inLanguage\":\"de\",\"@id\":\"https:\/\/awero.ee\/de\/toode\/led-beleuchtung-mit-wasserthermometer\/#primaryimage\",\"url\":\"https:\/\/awero.ee\/wp-content\/uploads\/2025\/10\/WhatsApp-Image-2025-10-27-at-09.40.35_7be80c80.jpg\",\"contentUrl\":\"https:\/\/awero.ee\/wp-content\/uploads\/2025\/10\/WhatsApp-Image-2025-10-27-at-09.40.35_7be80c80.jpg\",\"width\":1600,\"height\":1066},{\"@type\":\"BreadcrumbList\",\"@id\":\"https:\/\/awero.ee\/de\/toode\/led-beleuchtung-mit-wasserthermometer\/#breadcrumb\",\"itemListElement\":[{\"@type\":\"ListItem\",\"position\":1,\"name\":\"Home\",\"item\":\"https:\/\/awero.ee\/de\/startseite\/\"},{\"@type\":\"ListItem\",\"position\":2,\"name\":\"Pood\",\"item\":\"https:\/\/awero.ee\/pood\/\"},{\"@type\":\"ListItem\",\"position\":3,\"name\":\"LED-Beleuchtung mit Wasserthermometer\"}]},{\"@type\":\"WebSite\",\"@id\":\"https:\/\/awero.ee\/de\/#website\",\"url\":\"https:\/\/awero.ee\/de\/\",\"name\":\"Awero - S\u00fcdamega L\u00f5una Eestist\",\"description\":\"\",\"publisher\":{\"@id\":\"https:\/\/awero.ee\/de\/#organization\"},\"potentialAction\":[{\"@type\":\"SearchAction\",\"target\":{\"@type\":\"EntryPoint\",\"urlTemplate\":\"https:\/\/awero.ee\/de\/?s={search_term_string}\"},\"query-input\":{\"@type\":\"PropertyValueSpecification\",\"valueRequired\":true,\"valueName\":\"search_term_string\"}}],\"inLanguage\":\"de\"},{\"@type\":\"Organization\",\"@id\":\"https:\/\/awero.ee\/de\/#organization\",\"name\":\"Awero - S\u00fcdamega L\u00f5una Eestist\",\"url\":\"https:\/\/awero.ee\/de\/\",\"logo\":{\"@type\":\"ImageObject\",\"inLanguage\":\"de\",\"@id\":\"https:\/\/awero.ee\/de\/#\/schema\/logo\/image\/\",\"url\":\"https:\/\/awero.ee\/wp-content\/uploads\/2024\/07\/aweroplaceholder.jpg\",\"contentUrl\":\"https:\/\/awero.ee\/wp-content\/uploads\/2024\/07\/aweroplaceholder.jpg\",\"width\":1250,\"height\":834,\"caption\":\"Awero - S\u00fcdamega L\u00f5una Eestist\"},\"image\":{\"@id\":\"https:\/\/awero.ee\/de\/#\/schema\/logo\/image\/\"}}]}<\/script>\n<!-- \/ Yoast SEO plugin. -->","yoast_head_json":{"title":"LED-Beleuchtung mit Wasserthermometer - Awero - S\u00fcdamega L\u00f5una-Eestist","robots":{"index":"index","follow":"follow","max-snippet":"max-snippet:-1","max-image-preview":"max-image-preview:large","max-video-preview":"max-video-preview:-1"},"canonical":"https:\/\/awero.ee\/de\/toode\/led-beleuchtung-mit-wasserthermometer\/","og_locale":"de_DE","og_type":"article","og_title":"LED-Beleuchtung mit Wasserthermometer - Awero - S\u00fcdamega L\u00f5una-Eestist","og_description":"Die LED-Leuchte mit Wassertemperaturanzeige verbindet Atmosph\u00e4re und Funktionalit\u00e4t \u2013 sie erzeugt Stimmungslicht und zeigt gleichzeitig die Wassertemperatur an.Die LED-Technologie sorgt f\u00fcr einen niedrigen Energieverbrauch und eine l\u00e4ngere Lebensdauer im Vergleich zu herk\u00f6mmlichen Leuchten.Die LED-Leuchte kann in Badebottiche aus Fiberglas oder Acryl installiert werden.","og_url":"https:\/\/awero.ee\/de\/toode\/led-beleuchtung-mit-wasserthermometer\/","og_site_name":"Awero - S\u00fcdamega L\u00f5una-Eestist","og_image":[{"width":1600,"height":1066,"url":"https:\/\/awero.ee\/wp-content\/uploads\/2025\/10\/WhatsApp-Image-2025-10-27-at-09.40.35_7be80c80.jpg","type":"image\/jpeg"}],"twitter_card":"summary_large_image","twitter_misc":{"Gesch\u00e4tzte Lesezeit":"1\u00a0Minute"},"schema":{"@context":"https:\/\/schema.org","@graph":[{"@type":"WebPage","@id":"https:\/\/awero.ee\/de\/toode\/led-beleuchtung-mit-wasserthermometer\/","url":"https:\/\/awero.ee\/de\/toode\/led-beleuchtung-mit-wasserthermometer\/","name":"LED-Beleuchtung mit Wasserthermometer - Awero - S\u00fcdamega L\u00f5una-Eestist","isPartOf":{"@id":"https:\/\/awero.ee\/de\/#website"},"primaryImageOfPage":{"@id":"https:\/\/awero.ee\/de\/toode\/led-beleuchtung-mit-wasserthermometer\/#primaryimage"},"image":{"@id":"https:\/\/awero.ee\/de\/toode\/led-beleuchtung-mit-wasserthermometer\/#primaryimage"},"thumbnailUrl":"https:\/\/awero.ee\/wp-content\/uploads\/2025\/10\/WhatsApp-Image-2025-10-27-at-09.40.35_7be80c80.jpg","datePublished":"2025-10-27T11:52:46+00:00","breadcrumb":{"@id":"https:\/\/awero.ee\/de\/toode\/led-beleuchtung-mit-wasserthermometer\/#breadcrumb"},"inLanguage":"de","potentialAction":[{"@type":"ReadAction","target":["https:\/\/awero.ee\/de\/toode\/led-beleuchtung-mit-wasserthermometer\/"]}]},{"@type":"ImageObject","inLanguage":"de","@id":"https:\/\/awero.ee\/de\/toode\/led-beleuchtung-mit-wasserthermometer\/#primaryimage","url":"https:\/\/awero.ee\/wp-content\/uploads\/2025\/10\/WhatsApp-Image-2025-10-27-at-09.40.35_7be80c80.jpg","contentUrl":"https:\/\/awero.ee\/wp-content\/uploads\/2025\/10\/WhatsApp-Image-2025-10-27-at-09.40.35_7be80c80.jpg","width":1600,"height":1066},{"@type":"BreadcrumbList","@id":"https:\/\/awero.ee\/de\/toode\/led-beleuchtung-mit-wasserthermometer\/#breadcrumb","itemListElement":[{"@type":"ListItem","position":1,"name":"Home","item":"https:\/\/awero.ee\/de\/startseite\/"},{"@type":"ListItem","position":2,"name":"Pood","item":"https:\/\/awero.ee\/pood\/"},{"@type":"ListItem","position":3,"name":"LED-Beleuchtung mit Wasserthermometer"}]},{"@type":"WebSite","@id":"https:\/\/awero.ee\/de\/#website","url":"https:\/\/awero.ee\/de\/","name":"Awero - S\u00fcdamega L\u00f5una Eestist","description":"","publisher":{"@id":"https:\/\/awero.ee\/de\/#organization"},"potentialAction":[{"@type":"SearchAction","target":{"@type":"EntryPoint","urlTemplate":"https:\/\/awero.ee\/de\/?s={search_term_string}"},"query-input":{"@type":"PropertyValueSpecification","valueRequired":true,"valueName":"search_term_string"}}],"inLanguage":"de"},{"@type":"Organization","@id":"https:\/\/awero.ee\/de\/#organization","name":"Awero - S\u00fcdamega L\u00f5una Eestist","url":"https:\/\/awero.ee\/de\/","logo":{"@type":"ImageObject","inLanguage":"de","@id":"https:\/\/awero.ee\/de\/#\/schema\/logo\/image\/","url":"https:\/\/awero.ee\/wp-content\/uploads\/2024\/07\/aweroplaceholder.jpg","contentUrl":"https:\/\/awero.ee\/wp-content\/uploads\/2024\/07\/aweroplaceholder.jpg","width":1250,"height":834,"caption":"Awero - S\u00fcdamega L\u00f5una Eestist"},"image":{"@id":"https:\/\/awero.ee\/de\/#\/schema\/logo\/image\/"}}]}},"_links":{"self":[{"href":"https:\/\/awero.ee\/de\/wp-json\/wp\/v2\/product\/14532","targetHints":{"allow":["GET"]}}],"collection":[{"href":"https:\/\/awero.ee\/de\/wp-json\/wp\/v2\/product"}],"about":[{"href":"https:\/\/awero.ee\/de\/wp-json\/wp\/v2\/types\/product"}],"wp:featuredmedia":[{"embeddable":true,"href":"https:\/\/awero.ee\/de\/wp-json\/wp\/v2\/media\/14533"}],"wp:attachment":[{"href":"https:\/\/awero.ee\/de\/wp-json\/wp\/v2\/media?parent=14532"}],"wp:term":[{"taxonomy":"product_brand","embeddable":true,"href":"https:\/\/awero.ee\/de\/wp-json\/wp\/v2\/product_brand?post=14532"},{"taxonomy":"product_cat","embeddable":true,"href":"https:\/\/awero.ee\/de\/wp-json\/wp\/v2\/product_cat?post=14532"},{"taxonomy":"product_tag","embeddable":true,"href":"https:\/\/awero.ee\/de\/wp-json\/wp\/v2\/product_tag?post=14532"}],"curies":[{"name":"wp","href":"https:\/\/api.w.org\/{rel}","templated":true}]}}