{"id":14530,"date":"2025-03-24T13:44:54","date_gmt":"2025-03-24T13:44:54","guid":{"rendered":"https:\/\/awero.ee\/toode\/hydromassage-motor-11-kw\/"},"modified":"2025-03-24T13:44:54","modified_gmt":"2025-03-24T13:44:54","slug":"hydromassage-motor-11-kw","status":"publish","type":"product","link":"https:\/\/awero.ee\/de\/toode\/hydromassage-motor-11-kw\/","title":{"rendered":"Hydromassage (Motor 1,1 kW)"},"content":{"rendered":"<p data-start=\"627\" data-end=\"649\"><strong>Haupteigenschaften:<\/strong><\/p>\n<ul>\n<li data-start=\"652\" data-end=\"679\">Motorleistung: 1,1 kW<\/li>\n<li data-start=\"682\" data-end=\"713\">Starker Wasserdruck und Massageeffekt<\/li>\n<li data-start=\"716\" data-end=\"763\">Haupts\u00e4chlich f\u00fcr den Einsatz in w\u00e4rmeren Jahreszeiten geeignet<\/li>\n<li data-start=\"766\" data-end=\"811\">Bei Winterbetrieb erh\u00f6htes Einfrierungsrisiko<\/li>\n<\/ul>\n","protected":false},"excerpt":{"rendered":"<p data-start=\"124\" data-end=\"375\">Das Hydromassagesystem ist mit einem <strong data-start=\"159\" data-end=\"190\">1,1 kW starken Motor ausgestattet<\/strong>, der einen kr\u00e4ftigen und angenehmen Wasser-Massageeffekt im Badezuber gew\u00e4hrleistet. Das System ist vor allem f\u00fcr den Einsatz in w\u00e4rmeren Perioden konzipiert, <strong data-start=\"315\" data-end=\"374\">da es im Winter aufgrund des Einfrierungsrisikos nicht geeignet ist.<\/strong> <\/p>\n<p data-start=\"377\" data-end=\"625\">Das Hydromassage-System arbeitet nach dem Prinzip der Wasserzirkulation und ben\u00f6tigt f\u00fcr einen korrekten und sicheren Betrieb eine st\u00e4ndige Bef\u00fcllung mit Wasser. Bei niedrigen Temperaturen k\u00f6nnen die Rohrleitungen und der Motor des Systems besch\u00e4digt werden, wenn das Ger\u00e4t nicht ordnungsgem\u00e4\u00df entleert oder gesch\u00fctzt wird. <\/p>\n","protected":false},"featured_media":14531,"template":"","meta":{"_acf_changed":false},"product_brand":[],"product_cat":[1681],"product_tag":[],"class_list":{"0":"post-14530","1":"product","2":"type-product","3":"status-publish","4":"has-post-thumbnail","6":"product_cat-zusatzausstattungen","8":"first","9":"instock","10":"shipping-taxable","11":"product-type-simple"},"acf":[],"yoast_head":"<!-- This site is optimized with the Yoast SEO plugin v26.8 - https:\/\/yoast.com\/product\/yoast-seo-wordpress\/ -->\n<title>Hydromassage (Motor 1,1 kW) - Awero - S\u00fcdamega L\u00f5una-Eestist<\/title>\n<meta name=\"robots\" content=\"index, follow, max-snippet:-1, max-image-preview:large, max-video-preview:-1\" \/>\n<link rel=\"canonical\" href=\"https:\/\/awero.ee\/de\/toode\/hydromassage-motor-11-kw\/\" \/>\n<meta property=\"og:locale\" content=\"de_DE\" \/>\n<meta property=\"og:type\" content=\"article\" \/>\n<meta property=\"og:title\" content=\"Hydromassage (Motor 1,1 kW) - Awero - S\u00fcdamega L\u00f5una-Eestist\" \/>\n<meta property=\"og:description\" content=\"Das Hydromassagesystem ist mit einem 1,1 kW starken Motor ausgestattet, der einen kr\u00e4ftigen und angenehmen Wasser-Massageeffekt im Badezuber gew\u00e4hrleistet. Das System ist vor allem f\u00fcr den Einsatz in w\u00e4rmeren Perioden konzipiert, da es im Winter aufgrund des Einfrierungsrisikos nicht geeignet ist. Das Hydromassage-System arbeitet nach dem Prinzip der Wasserzirkulation und ben\u00f6tigt f\u00fcr einen korrekten und sicheren Betrieb eine st\u00e4ndige Bef\u00fcllung mit Wasser. Bei niedrigen Temperaturen k\u00f6nnen die Rohrleitungen und der Motor des Systems besch\u00e4digt werden, wenn das Ger\u00e4t nicht ordnungsgem\u00e4\u00df entleert oder gesch\u00fctzt wird.\" \/>\n<meta property=\"og:url\" content=\"https:\/\/awero.ee\/de\/toode\/hydromassage-motor-11-kw\/\" \/>\n<meta property=\"og:site_name\" content=\"Awero - S\u00fcdamega L\u00f5una-Eestist\" \/>\n<meta property=\"og:image\" content=\"https:\/\/awero.ee\/wp-content\/uploads\/2025\/03\/Hudromassaaz.jpg\" \/>\n\t<meta property=\"og:image:width\" content=\"735\" \/>\n\t<meta property=\"og:image:height\" content=\"446\" \/>\n\t<meta property=\"og:image:type\" content=\"image\/jpeg\" \/>\n<meta name=\"twitter:card\" content=\"summary_large_image\" \/>\n<script type=\"application\/ld+json\" class=\"yoast-schema-graph\">{\"@context\":\"https:\/\/schema.org\",\"@graph\":[{\"@type\":\"WebPage\",\"@id\":\"https:\/\/awero.ee\/de\/toode\/hydromassage-motor-11-kw\/\",\"url\":\"https:\/\/awero.ee\/de\/toode\/hydromassage-motor-11-kw\/\",\"name\":\"Hydromassage (Motor 1,1 kW) - Awero - S\u00fcdamega L\u00f5una-Eestist\",\"isPartOf\":{\"@id\":\"https:\/\/awero.ee\/de\/#website\"},\"primaryImageOfPage\":{\"@id\":\"https:\/\/awero.ee\/de\/toode\/hydromassage-motor-11-kw\/#primaryimage\"},\"image\":{\"@id\":\"https:\/\/awero.ee\/de\/toode\/hydromassage-motor-11-kw\/#primaryimage\"},\"thumbnailUrl\":\"https:\/\/awero.ee\/wp-content\/uploads\/2025\/03\/Hudromassaaz.jpg\",\"datePublished\":\"2025-03-24T13:44:54+00:00\",\"breadcrumb\":{\"@id\":\"https:\/\/awero.ee\/de\/toode\/hydromassage-motor-11-kw\/#breadcrumb\"},\"inLanguage\":\"de\",\"potentialAction\":[{\"@type\":\"ReadAction\",\"target\":[\"https:\/\/awero.ee\/de\/toode\/hydromassage-motor-11-kw\/\"]}]},{\"@type\":\"ImageObject\",\"inLanguage\":\"de\",\"@id\":\"https:\/\/awero.ee\/de\/toode\/hydromassage-motor-11-kw\/#primaryimage\",\"url\":\"https:\/\/awero.ee\/wp-content\/uploads\/2025\/03\/Hudromassaaz.jpg\",\"contentUrl\":\"https:\/\/awero.ee\/wp-content\/uploads\/2025\/03\/Hudromassaaz.jpg\",\"width\":735,\"height\":446},{\"@type\":\"BreadcrumbList\",\"@id\":\"https:\/\/awero.ee\/de\/toode\/hydromassage-motor-11-kw\/#breadcrumb\",\"itemListElement\":[{\"@type\":\"ListItem\",\"position\":1,\"name\":\"Home\",\"item\":\"https:\/\/awero.ee\/de\/startseite\/\"},{\"@type\":\"ListItem\",\"position\":2,\"name\":\"Pood\",\"item\":\"https:\/\/awero.ee\/pood\/\"},{\"@type\":\"ListItem\",\"position\":3,\"name\":\"Hydromassage (Motor 1,1 kW)\"}]},{\"@type\":\"WebSite\",\"@id\":\"https:\/\/awero.ee\/de\/#website\",\"url\":\"https:\/\/awero.ee\/de\/\",\"name\":\"Awero - S\u00fcdamega L\u00f5una Eestist\",\"description\":\"\",\"publisher\":{\"@id\":\"https:\/\/awero.ee\/de\/#organization\"},\"potentialAction\":[{\"@type\":\"SearchAction\",\"target\":{\"@type\":\"EntryPoint\",\"urlTemplate\":\"https:\/\/awero.ee\/de\/?s={search_term_string}\"},\"query-input\":{\"@type\":\"PropertyValueSpecification\",\"valueRequired\":true,\"valueName\":\"search_term_string\"}}],\"inLanguage\":\"de\"},{\"@type\":\"Organization\",\"@id\":\"https:\/\/awero.ee\/de\/#organization\",\"name\":\"Awero - S\u00fcdamega L\u00f5una Eestist\",\"url\":\"https:\/\/awero.ee\/de\/\",\"logo\":{\"@type\":\"ImageObject\",\"inLanguage\":\"de\",\"@id\":\"https:\/\/awero.ee\/de\/#\/schema\/logo\/image\/\",\"url\":\"https:\/\/awero.ee\/wp-content\/uploads\/2024\/07\/aweroplaceholder.jpg\",\"contentUrl\":\"https:\/\/awero.ee\/wp-content\/uploads\/2024\/07\/aweroplaceholder.jpg\",\"width\":1250,\"height\":834,\"caption\":\"Awero - S\u00fcdamega L\u00f5una Eestist\"},\"image\":{\"@id\":\"https:\/\/awero.ee\/de\/#\/schema\/logo\/image\/\"}}]}<\/script>\n<!-- \/ Yoast SEO plugin. -->","yoast_head_json":{"title":"Hydromassage (Motor 1,1 kW) - Awero - S\u00fcdamega L\u00f5una-Eestist","robots":{"index":"index","follow":"follow","max-snippet":"max-snippet:-1","max-image-preview":"max-image-preview:large","max-video-preview":"max-video-preview:-1"},"canonical":"https:\/\/awero.ee\/de\/toode\/hydromassage-motor-11-kw\/","og_locale":"de_DE","og_type":"article","og_title":"Hydromassage (Motor 1,1 kW) - Awero - S\u00fcdamega L\u00f5una-Eestist","og_description":"Das Hydromassagesystem ist mit einem 1,1 kW starken Motor ausgestattet, der einen kr\u00e4ftigen und angenehmen Wasser-Massageeffekt im Badezuber gew\u00e4hrleistet. Das System ist vor allem f\u00fcr den Einsatz in w\u00e4rmeren Perioden konzipiert, da es im Winter aufgrund des Einfrierungsrisikos nicht geeignet ist. Das Hydromassage-System arbeitet nach dem Prinzip der Wasserzirkulation und ben\u00f6tigt f\u00fcr einen korrekten und sicheren Betrieb eine st\u00e4ndige Bef\u00fcllung mit Wasser. Bei niedrigen Temperaturen k\u00f6nnen die Rohrleitungen und der Motor des Systems besch\u00e4digt werden, wenn das Ger\u00e4t nicht ordnungsgem\u00e4\u00df entleert oder gesch\u00fctzt wird.","og_url":"https:\/\/awero.ee\/de\/toode\/hydromassage-motor-11-kw\/","og_site_name":"Awero - S\u00fcdamega L\u00f5una-Eestist","og_image":[{"width":735,"height":446,"url":"https:\/\/awero.ee\/wp-content\/uploads\/2025\/03\/Hudromassaaz.jpg","type":"image\/jpeg"}],"twitter_card":"summary_large_image","schema":{"@context":"https:\/\/schema.org","@graph":[{"@type":"WebPage","@id":"https:\/\/awero.ee\/de\/toode\/hydromassage-motor-11-kw\/","url":"https:\/\/awero.ee\/de\/toode\/hydromassage-motor-11-kw\/","name":"Hydromassage (Motor 1,1 kW) - Awero - S\u00fcdamega L\u00f5una-Eestist","isPartOf":{"@id":"https:\/\/awero.ee\/de\/#website"},"primaryImageOfPage":{"@id":"https:\/\/awero.ee\/de\/toode\/hydromassage-motor-11-kw\/#primaryimage"},"image":{"@id":"https:\/\/awero.ee\/de\/toode\/hydromassage-motor-11-kw\/#primaryimage"},"thumbnailUrl":"https:\/\/awero.ee\/wp-content\/uploads\/2025\/03\/Hudromassaaz.jpg","datePublished":"2025-03-24T13:44:54+00:00","breadcrumb":{"@id":"https:\/\/awero.ee\/de\/toode\/hydromassage-motor-11-kw\/#breadcrumb"},"inLanguage":"de","potentialAction":[{"@type":"ReadAction","target":["https:\/\/awero.ee\/de\/toode\/hydromassage-motor-11-kw\/"]}]},{"@type":"ImageObject","inLanguage":"de","@id":"https:\/\/awero.ee\/de\/toode\/hydromassage-motor-11-kw\/#primaryimage","url":"https:\/\/awero.ee\/wp-content\/uploads\/2025\/03\/Hudromassaaz.jpg","contentUrl":"https:\/\/awero.ee\/wp-content\/uploads\/2025\/03\/Hudromassaaz.jpg","width":735,"height":446},{"@type":"BreadcrumbList","@id":"https:\/\/awero.ee\/de\/toode\/hydromassage-motor-11-kw\/#breadcrumb","itemListElement":[{"@type":"ListItem","position":1,"name":"Home","item":"https:\/\/awero.ee\/de\/startseite\/"},{"@type":"ListItem","position":2,"name":"Pood","item":"https:\/\/awero.ee\/pood\/"},{"@type":"ListItem","position":3,"name":"Hydromassage (Motor 1,1 kW)"}]},{"@type":"WebSite","@id":"https:\/\/awero.ee\/de\/#website","url":"https:\/\/awero.ee\/de\/","name":"Awero - S\u00fcdamega L\u00f5una Eestist","description":"","publisher":{"@id":"https:\/\/awero.ee\/de\/#organization"},"potentialAction":[{"@type":"SearchAction","target":{"@type":"EntryPoint","urlTemplate":"https:\/\/awero.ee\/de\/?s={search_term_string}"},"query-input":{"@type":"PropertyValueSpecification","valueRequired":true,"valueName":"search_term_string"}}],"inLanguage":"de"},{"@type":"Organization","@id":"https:\/\/awero.ee\/de\/#organization","name":"Awero - S\u00fcdamega L\u00f5una Eestist","url":"https:\/\/awero.ee\/de\/","logo":{"@type":"ImageObject","inLanguage":"de","@id":"https:\/\/awero.ee\/de\/#\/schema\/logo\/image\/","url":"https:\/\/awero.ee\/wp-content\/uploads\/2024\/07\/aweroplaceholder.jpg","contentUrl":"https:\/\/awero.ee\/wp-content\/uploads\/2024\/07\/aweroplaceholder.jpg","width":1250,"height":834,"caption":"Awero - S\u00fcdamega L\u00f5una Eestist"},"image":{"@id":"https:\/\/awero.ee\/de\/#\/schema\/logo\/image\/"}}]}},"_links":{"self":[{"href":"https:\/\/awero.ee\/de\/wp-json\/wp\/v2\/product\/14530","targetHints":{"allow":["GET"]}}],"collection":[{"href":"https:\/\/awero.ee\/de\/wp-json\/wp\/v2\/product"}],"about":[{"href":"https:\/\/awero.ee\/de\/wp-json\/wp\/v2\/types\/product"}],"wp:featuredmedia":[{"embeddable":true,"href":"https:\/\/awero.ee\/de\/wp-json\/wp\/v2\/media\/14531"}],"wp:attachment":[{"href":"https:\/\/awero.ee\/de\/wp-json\/wp\/v2\/media?parent=14530"}],"wp:term":[{"taxonomy":"product_brand","embeddable":true,"href":"https:\/\/awero.ee\/de\/wp-json\/wp\/v2\/product_brand?post=14530"},{"taxonomy":"product_cat","embeddable":true,"href":"https:\/\/awero.ee\/de\/wp-json\/wp\/v2\/product_cat?post=14530"},{"taxonomy":"product_tag","embeddable":true,"href":"https:\/\/awero.ee\/de\/wp-json\/wp\/v2\/product_tag?post=14530"}],"curies":[{"name":"wp","href":"https:\/\/api.w.org\/{rel}","templated":true}]}}