{"id":14524,"date":"2025-03-24T13:42:53","date_gmt":"2025-03-24T13:42:53","guid":{"rendered":"https:\/\/awero.ee\/toode\/schornsteinabdeckung-mit-funkenfaenger\/"},"modified":"2025-03-24T13:42:53","modified_gmt":"2025-03-24T13:42:53","slug":"schornsteinabdeckung-mit-funkenfaenger","status":"publish","type":"product","link":"https:\/\/awero.ee\/de\/toode\/schornsteinabdeckung-mit-funkenfaenger\/","title":{"rendered":"Schornsteinabdeckung mit Funkenf\u00e4nger"},"content":{"rendered":"","protected":false},"excerpt":{"rendered":"<p>Die Schornsteinabdeckung mit Funkenf\u00e4nger f\u00e4ngt Funken und gl\u00fchende Partikel aus dem Schornstein auf und reduziert das Brandrisiko erheblich. Diese L\u00f6sung ist besonders wichtig, wenn sich der Badezuber in der N\u00e4he von Geb\u00e4uden, Terrassen oder anderen brandgef\u00e4hrdeten Bereichen befindet. <\/p>\n","protected":false},"featured_media":14526,"template":"","meta":{"_acf_changed":false},"product_brand":[],"product_cat":[1681],"product_tag":[],"class_list":{"0":"post-14524","1":"product","2":"type-product","3":"status-publish","4":"has-post-thumbnail","6":"product_cat-zusatzausstattungen","8":"first","9":"instock","10":"shipping-taxable","11":"product-type-simple"},"acf":[],"yoast_head":"<!-- This site is optimized with the Yoast SEO plugin v26.8 - https:\/\/yoast.com\/product\/yoast-seo-wordpress\/ -->\n<title>Schornsteinabdeckung mit Funkenf\u00e4nger - Awero - S\u00fcdamega L\u00f5una-Eestist<\/title>\n<meta name=\"robots\" content=\"index, follow, max-snippet:-1, max-image-preview:large, max-video-preview:-1\" \/>\n<link rel=\"canonical\" href=\"https:\/\/awero.ee\/de\/toode\/schornsteinabdeckung-mit-funkenfaenger\/\" \/>\n<meta property=\"og:locale\" content=\"de_DE\" \/>\n<meta property=\"og:type\" content=\"article\" \/>\n<meta property=\"og:title\" content=\"Schornsteinabdeckung mit Funkenf\u00e4nger - Awero - S\u00fcdamega L\u00f5una-Eestist\" \/>\n<meta property=\"og:description\" content=\"Die Schornsteinabdeckung mit Funkenf\u00e4nger f\u00e4ngt Funken und gl\u00fchende Partikel aus dem Schornstein auf und reduziert das Brandrisiko erheblich. Diese L\u00f6sung ist besonders wichtig, wenn sich der Badezuber in der N\u00e4he von Geb\u00e4uden, Terrassen oder anderen brandgef\u00e4hrdeten Bereichen befindet.\" \/>\n<meta property=\"og:url\" content=\"https:\/\/awero.ee\/de\/toode\/schornsteinabdeckung-mit-funkenfaenger\/\" \/>\n<meta property=\"og:site_name\" content=\"Awero - S\u00fcdamega L\u00f5una-Eestist\" \/>\n<meta property=\"og:image\" content=\"https:\/\/awero.ee\/wp-content\/uploads\/2025\/03\/korstnamuts.png\" \/>\n\t<meta property=\"og:image:width\" content=\"875\" \/>\n\t<meta property=\"og:image:height\" content=\"1166\" \/>\n\t<meta property=\"og:image:type\" content=\"image\/png\" \/>\n<meta name=\"twitter:card\" content=\"summary_large_image\" \/>\n<script type=\"application\/ld+json\" class=\"yoast-schema-graph\">{\"@context\":\"https:\/\/schema.org\",\"@graph\":[{\"@type\":\"WebPage\",\"@id\":\"https:\/\/awero.ee\/de\/toode\/schornsteinabdeckung-mit-funkenfaenger\/\",\"url\":\"https:\/\/awero.ee\/de\/toode\/schornsteinabdeckung-mit-funkenfaenger\/\",\"name\":\"Schornsteinabdeckung mit Funkenf\u00e4nger - Awero - S\u00fcdamega L\u00f5una-Eestist\",\"isPartOf\":{\"@id\":\"https:\/\/awero.ee\/de\/#website\"},\"primaryImageOfPage\":{\"@id\":\"https:\/\/awero.ee\/de\/toode\/schornsteinabdeckung-mit-funkenfaenger\/#primaryimage\"},\"image\":{\"@id\":\"https:\/\/awero.ee\/de\/toode\/schornsteinabdeckung-mit-funkenfaenger\/#primaryimage\"},\"thumbnailUrl\":\"https:\/\/awero.ee\/wp-content\/uploads\/2025\/03\/korstnamuts.png\",\"datePublished\":\"2025-03-24T13:42:53+00:00\",\"breadcrumb\":{\"@id\":\"https:\/\/awero.ee\/de\/toode\/schornsteinabdeckung-mit-funkenfaenger\/#breadcrumb\"},\"inLanguage\":\"de\",\"potentialAction\":[{\"@type\":\"ReadAction\",\"target\":[\"https:\/\/awero.ee\/de\/toode\/schornsteinabdeckung-mit-funkenfaenger\/\"]}]},{\"@type\":\"ImageObject\",\"inLanguage\":\"de\",\"@id\":\"https:\/\/awero.ee\/de\/toode\/schornsteinabdeckung-mit-funkenfaenger\/#primaryimage\",\"url\":\"https:\/\/awero.ee\/wp-content\/uploads\/2025\/03\/korstnamuts.png\",\"contentUrl\":\"https:\/\/awero.ee\/wp-content\/uploads\/2025\/03\/korstnamuts.png\",\"width\":875,\"height\":1166},{\"@type\":\"BreadcrumbList\",\"@id\":\"https:\/\/awero.ee\/de\/toode\/schornsteinabdeckung-mit-funkenfaenger\/#breadcrumb\",\"itemListElement\":[{\"@type\":\"ListItem\",\"position\":1,\"name\":\"Home\",\"item\":\"https:\/\/awero.ee\/de\/startseite\/\"},{\"@type\":\"ListItem\",\"position\":2,\"name\":\"Pood\",\"item\":\"https:\/\/awero.ee\/pood\/\"},{\"@type\":\"ListItem\",\"position\":3,\"name\":\"Schornsteinabdeckung mit Funkenf\u00e4nger\"}]},{\"@type\":\"WebSite\",\"@id\":\"https:\/\/awero.ee\/de\/#website\",\"url\":\"https:\/\/awero.ee\/de\/\",\"name\":\"Awero - S\u00fcdamega L\u00f5una Eestist\",\"description\":\"\",\"publisher\":{\"@id\":\"https:\/\/awero.ee\/de\/#organization\"},\"potentialAction\":[{\"@type\":\"SearchAction\",\"target\":{\"@type\":\"EntryPoint\",\"urlTemplate\":\"https:\/\/awero.ee\/de\/?s={search_term_string}\"},\"query-input\":{\"@type\":\"PropertyValueSpecification\",\"valueRequired\":true,\"valueName\":\"search_term_string\"}}],\"inLanguage\":\"de\"},{\"@type\":\"Organization\",\"@id\":\"https:\/\/awero.ee\/de\/#organization\",\"name\":\"Awero - S\u00fcdamega L\u00f5una Eestist\",\"url\":\"https:\/\/awero.ee\/de\/\",\"logo\":{\"@type\":\"ImageObject\",\"inLanguage\":\"de\",\"@id\":\"https:\/\/awero.ee\/de\/#\/schema\/logo\/image\/\",\"url\":\"https:\/\/awero.ee\/wp-content\/uploads\/2024\/07\/aweroplaceholder.jpg\",\"contentUrl\":\"https:\/\/awero.ee\/wp-content\/uploads\/2024\/07\/aweroplaceholder.jpg\",\"width\":1250,\"height\":834,\"caption\":\"Awero - S\u00fcdamega L\u00f5una Eestist\"},\"image\":{\"@id\":\"https:\/\/awero.ee\/de\/#\/schema\/logo\/image\/\"}}]}<\/script>\n<!-- \/ Yoast SEO plugin. -->","yoast_head_json":{"title":"Schornsteinabdeckung mit Funkenf\u00e4nger - Awero - S\u00fcdamega L\u00f5una-Eestist","robots":{"index":"index","follow":"follow","max-snippet":"max-snippet:-1","max-image-preview":"max-image-preview:large","max-video-preview":"max-video-preview:-1"},"canonical":"https:\/\/awero.ee\/de\/toode\/schornsteinabdeckung-mit-funkenfaenger\/","og_locale":"de_DE","og_type":"article","og_title":"Schornsteinabdeckung mit Funkenf\u00e4nger - Awero - S\u00fcdamega L\u00f5una-Eestist","og_description":"Die Schornsteinabdeckung mit Funkenf\u00e4nger f\u00e4ngt Funken und gl\u00fchende Partikel aus dem Schornstein auf und reduziert das Brandrisiko erheblich. Diese L\u00f6sung ist besonders wichtig, wenn sich der Badezuber in der N\u00e4he von Geb\u00e4uden, Terrassen oder anderen brandgef\u00e4hrdeten Bereichen befindet.","og_url":"https:\/\/awero.ee\/de\/toode\/schornsteinabdeckung-mit-funkenfaenger\/","og_site_name":"Awero - S\u00fcdamega L\u00f5una-Eestist","og_image":[{"width":875,"height":1166,"url":"https:\/\/awero.ee\/wp-content\/uploads\/2025\/03\/korstnamuts.png","type":"image\/png"}],"twitter_card":"summary_large_image","schema":{"@context":"https:\/\/schema.org","@graph":[{"@type":"WebPage","@id":"https:\/\/awero.ee\/de\/toode\/schornsteinabdeckung-mit-funkenfaenger\/","url":"https:\/\/awero.ee\/de\/toode\/schornsteinabdeckung-mit-funkenfaenger\/","name":"Schornsteinabdeckung mit Funkenf\u00e4nger - Awero - S\u00fcdamega L\u00f5una-Eestist","isPartOf":{"@id":"https:\/\/awero.ee\/de\/#website"},"primaryImageOfPage":{"@id":"https:\/\/awero.ee\/de\/toode\/schornsteinabdeckung-mit-funkenfaenger\/#primaryimage"},"image":{"@id":"https:\/\/awero.ee\/de\/toode\/schornsteinabdeckung-mit-funkenfaenger\/#primaryimage"},"thumbnailUrl":"https:\/\/awero.ee\/wp-content\/uploads\/2025\/03\/korstnamuts.png","datePublished":"2025-03-24T13:42:53+00:00","breadcrumb":{"@id":"https:\/\/awero.ee\/de\/toode\/schornsteinabdeckung-mit-funkenfaenger\/#breadcrumb"},"inLanguage":"de","potentialAction":[{"@type":"ReadAction","target":["https:\/\/awero.ee\/de\/toode\/schornsteinabdeckung-mit-funkenfaenger\/"]}]},{"@type":"ImageObject","inLanguage":"de","@id":"https:\/\/awero.ee\/de\/toode\/schornsteinabdeckung-mit-funkenfaenger\/#primaryimage","url":"https:\/\/awero.ee\/wp-content\/uploads\/2025\/03\/korstnamuts.png","contentUrl":"https:\/\/awero.ee\/wp-content\/uploads\/2025\/03\/korstnamuts.png","width":875,"height":1166},{"@type":"BreadcrumbList","@id":"https:\/\/awero.ee\/de\/toode\/schornsteinabdeckung-mit-funkenfaenger\/#breadcrumb","itemListElement":[{"@type":"ListItem","position":1,"name":"Home","item":"https:\/\/awero.ee\/de\/startseite\/"},{"@type":"ListItem","position":2,"name":"Pood","item":"https:\/\/awero.ee\/pood\/"},{"@type":"ListItem","position":3,"name":"Schornsteinabdeckung mit Funkenf\u00e4nger"}]},{"@type":"WebSite","@id":"https:\/\/awero.ee\/de\/#website","url":"https:\/\/awero.ee\/de\/","name":"Awero - S\u00fcdamega L\u00f5una Eestist","description":"","publisher":{"@id":"https:\/\/awero.ee\/de\/#organization"},"potentialAction":[{"@type":"SearchAction","target":{"@type":"EntryPoint","urlTemplate":"https:\/\/awero.ee\/de\/?s={search_term_string}"},"query-input":{"@type":"PropertyValueSpecification","valueRequired":true,"valueName":"search_term_string"}}],"inLanguage":"de"},{"@type":"Organization","@id":"https:\/\/awero.ee\/de\/#organization","name":"Awero - S\u00fcdamega L\u00f5una Eestist","url":"https:\/\/awero.ee\/de\/","logo":{"@type":"ImageObject","inLanguage":"de","@id":"https:\/\/awero.ee\/de\/#\/schema\/logo\/image\/","url":"https:\/\/awero.ee\/wp-content\/uploads\/2024\/07\/aweroplaceholder.jpg","contentUrl":"https:\/\/awero.ee\/wp-content\/uploads\/2024\/07\/aweroplaceholder.jpg","width":1250,"height":834,"caption":"Awero - S\u00fcdamega L\u00f5una Eestist"},"image":{"@id":"https:\/\/awero.ee\/de\/#\/schema\/logo\/image\/"}}]}},"_links":{"self":[{"href":"https:\/\/awero.ee\/de\/wp-json\/wp\/v2\/product\/14524","targetHints":{"allow":["GET"]}}],"collection":[{"href":"https:\/\/awero.ee\/de\/wp-json\/wp\/v2\/product"}],"about":[{"href":"https:\/\/awero.ee\/de\/wp-json\/wp\/v2\/types\/product"}],"wp:featuredmedia":[{"embeddable":true,"href":"https:\/\/awero.ee\/de\/wp-json\/wp\/v2\/media\/14526"}],"wp:attachment":[{"href":"https:\/\/awero.ee\/de\/wp-json\/wp\/v2\/media?parent=14524"}],"wp:term":[{"taxonomy":"product_brand","embeddable":true,"href":"https:\/\/awero.ee\/de\/wp-json\/wp\/v2\/product_brand?post=14524"},{"taxonomy":"product_cat","embeddable":true,"href":"https:\/\/awero.ee\/de\/wp-json\/wp\/v2\/product_cat?post=14524"},{"taxonomy":"product_tag","embeddable":true,"href":"https:\/\/awero.ee\/de\/wp-json\/wp\/v2\/product_tag?post=14524"}],"curies":[{"name":"wp","href":"https:\/\/api.w.org\/{rel}","templated":true}]}}