{"id":14490,"date":"2025-04-13T16:59:30","date_gmt":"2025-04-13T16:59:30","guid":{"rendered":"https:\/\/awero.ee\/toode\/jacuzzi-mit-integriertem-ofen\/"},"modified":"2025-04-13T16:59:30","modified_gmt":"2025-04-13T16:59:30","slug":"jacuzzi-mit-integriertem-ofen","status":"publish","type":"product","link":"https:\/\/awero.ee\/de\/toode\/jacuzzi-mit-integriertem-ofen\/","title":{"rendered":"Jacuzzi mit integriertem Ofen"},"content":{"rendered":"","protected":false},"excerpt":{"rendered":"<p>Ein 2,4 m \u00d7 2,4 m gro\u00dfer Badezuber mit Acryl-Innenausstattung ist mit einem integrierten, aus Edelstahl gefertigten traditionellen Holzofen ausgestattet. Die glatte und widerstandsf\u00e4hige Innenfl\u00e4che ist leicht zu pflegen und ergonomisch geformt, wodurch bequeme Sitz- und Liegepositionen geboten werden. Der integrierte Holzofen sorgt f\u00fcr eine nat\u00fcrliche und effiziente Wassererw\u00e4rmung, ideal f\u00fcr umweltfreundliche Entspannung zu jeder Jahreszeit. Eine elegante und praktische Wahl sowohl f\u00fcr den heimischen Garten als auch f\u00fcr das Ferienhaus.   <\/p>\n","protected":false},"featured_media":14506,"template":"","meta":{"_acf_changed":false},"product_brand":[],"product_cat":[1672,1675],"product_tag":[],"class_list":{"0":"post-14490","1":"product","2":"type-product","3":"status-publish","4":"has-post-thumbnail","6":"product_cat-badefasser","7":"product_cat-mit-integriertem-ofen","9":"first","10":"instock","11":"sale","12":"shipping-taxable","13":"product-type-variable"},"acf":[],"yoast_head":"<!-- This site is optimized with the Yoast SEO plugin v26.8 - https:\/\/yoast.com\/product\/yoast-seo-wordpress\/ -->\n<title>Jacuzzi mit integriertem Ofen - Awero - S\u00fcdamega L\u00f5una-Eestist<\/title>\n<meta name=\"robots\" content=\"index, follow, max-snippet:-1, max-image-preview:large, max-video-preview:-1\" \/>\n<link rel=\"canonical\" href=\"https:\/\/awero.ee\/de\/toode\/jacuzzi-mit-integriertem-ofen\/\" \/>\n<meta property=\"og:locale\" content=\"de_DE\" \/>\n<meta property=\"og:type\" content=\"article\" \/>\n<meta property=\"og:title\" content=\"Jacuzzi mit integriertem Ofen - Awero - S\u00fcdamega L\u00f5una-Eestist\" \/>\n<meta property=\"og:description\" content=\"Ein 2,4 m \u00d7 2,4 m gro\u00dfer Badezuber mit Acryl-Innenausstattung ist mit einem integrierten, aus Edelstahl gefertigten traditionellen Holzofen ausgestattet. Die glatte und widerstandsf\u00e4hige Innenfl\u00e4che ist leicht zu pflegen und ergonomisch geformt, wodurch bequeme Sitz- und Liegepositionen geboten werden. Der integrierte Holzofen sorgt f\u00fcr eine nat\u00fcrliche und effiziente Wassererw\u00e4rmung, ideal f\u00fcr umweltfreundliche Entspannung zu jeder Jahreszeit. Eine elegante und praktische Wahl sowohl f\u00fcr den heimischen Garten als auch f\u00fcr das Ferienhaus.\" \/>\n<meta property=\"og:url\" content=\"https:\/\/awero.ee\/de\/toode\/jacuzzi-mit-integriertem-ofen\/\" \/>\n<meta property=\"og:site_name\" content=\"Awero - S\u00fcdamega L\u00f5una-Eestist\" \/>\n<meta property=\"og:image\" content=\"https:\/\/awero.ee\/wp-content\/uploads\/2025\/04\/3-1-scaled.jpg\" \/>\n\t<meta property=\"og:image:width\" content=\"2560\" \/>\n\t<meta property=\"og:image:height\" content=\"1920\" \/>\n\t<meta property=\"og:image:type\" content=\"image\/jpeg\" \/>\n<meta name=\"twitter:card\" content=\"summary_large_image\" \/>\n<script type=\"application\/ld+json\" class=\"yoast-schema-graph\">{\"@context\":\"https:\/\/schema.org\",\"@graph\":[{\"@type\":\"WebPage\",\"@id\":\"https:\/\/awero.ee\/de\/toode\/jacuzzi-mit-integriertem-ofen\/\",\"url\":\"https:\/\/awero.ee\/de\/toode\/jacuzzi-mit-integriertem-ofen\/\",\"name\":\"Jacuzzi mit integriertem Ofen - Awero - S\u00fcdamega L\u00f5una-Eestist\",\"isPartOf\":{\"@id\":\"https:\/\/awero.ee\/de\/#website\"},\"primaryImageOfPage\":{\"@id\":\"https:\/\/awero.ee\/de\/toode\/jacuzzi-mit-integriertem-ofen\/#primaryimage\"},\"image\":{\"@id\":\"https:\/\/awero.ee\/de\/toode\/jacuzzi-mit-integriertem-ofen\/#primaryimage\"},\"thumbnailUrl\":\"https:\/\/awero.ee\/wp-content\/uploads\/2025\/04\/3-1-scaled.jpg\",\"datePublished\":\"2025-04-13T16:59:30+00:00\",\"breadcrumb\":{\"@id\":\"https:\/\/awero.ee\/de\/toode\/jacuzzi-mit-integriertem-ofen\/#breadcrumb\"},\"inLanguage\":\"de\",\"potentialAction\":[{\"@type\":\"ReadAction\",\"target\":[\"https:\/\/awero.ee\/de\/toode\/jacuzzi-mit-integriertem-ofen\/\"]}]},{\"@type\":\"ImageObject\",\"inLanguage\":\"de\",\"@id\":\"https:\/\/awero.ee\/de\/toode\/jacuzzi-mit-integriertem-ofen\/#primaryimage\",\"url\":\"https:\/\/awero.ee\/wp-content\/uploads\/2025\/04\/3-1-scaled.jpg\",\"contentUrl\":\"https:\/\/awero.ee\/wp-content\/uploads\/2025\/04\/3-1-scaled.jpg\",\"width\":2560,\"height\":1920},{\"@type\":\"BreadcrumbList\",\"@id\":\"https:\/\/awero.ee\/de\/toode\/jacuzzi-mit-integriertem-ofen\/#breadcrumb\",\"itemListElement\":[{\"@type\":\"ListItem\",\"position\":1,\"name\":\"Home\",\"item\":\"https:\/\/awero.ee\/de\/startseite\/\"},{\"@type\":\"ListItem\",\"position\":2,\"name\":\"Pood\",\"item\":\"https:\/\/awero.ee\/pood\/\"},{\"@type\":\"ListItem\",\"position\":3,\"name\":\"Jacuzzi mit integriertem Ofen\"}]},{\"@type\":\"WebSite\",\"@id\":\"https:\/\/awero.ee\/de\/#website\",\"url\":\"https:\/\/awero.ee\/de\/\",\"name\":\"Awero - S\u00fcdamega L\u00f5una Eestist\",\"description\":\"\",\"publisher\":{\"@id\":\"https:\/\/awero.ee\/de\/#organization\"},\"potentialAction\":[{\"@type\":\"SearchAction\",\"target\":{\"@type\":\"EntryPoint\",\"urlTemplate\":\"https:\/\/awero.ee\/de\/?s={search_term_string}\"},\"query-input\":{\"@type\":\"PropertyValueSpecification\",\"valueRequired\":true,\"valueName\":\"search_term_string\"}}],\"inLanguage\":\"de\"},{\"@type\":\"Organization\",\"@id\":\"https:\/\/awero.ee\/de\/#organization\",\"name\":\"Awero - S\u00fcdamega L\u00f5una Eestist\",\"url\":\"https:\/\/awero.ee\/de\/\",\"logo\":{\"@type\":\"ImageObject\",\"inLanguage\":\"de\",\"@id\":\"https:\/\/awero.ee\/de\/#\/schema\/logo\/image\/\",\"url\":\"https:\/\/awero.ee\/wp-content\/uploads\/2024\/07\/aweroplaceholder.jpg\",\"contentUrl\":\"https:\/\/awero.ee\/wp-content\/uploads\/2024\/07\/aweroplaceholder.jpg\",\"width\":1250,\"height\":834,\"caption\":\"Awero - S\u00fcdamega L\u00f5una Eestist\"},\"image\":{\"@id\":\"https:\/\/awero.ee\/de\/#\/schema\/logo\/image\/\"}}]}<\/script>\n<!-- \/ Yoast SEO plugin. -->","yoast_head_json":{"title":"Jacuzzi mit integriertem Ofen - Awero - S\u00fcdamega L\u00f5una-Eestist","robots":{"index":"index","follow":"follow","max-snippet":"max-snippet:-1","max-image-preview":"max-image-preview:large","max-video-preview":"max-video-preview:-1"},"canonical":"https:\/\/awero.ee\/de\/toode\/jacuzzi-mit-integriertem-ofen\/","og_locale":"de_DE","og_type":"article","og_title":"Jacuzzi mit integriertem Ofen - Awero - S\u00fcdamega L\u00f5una-Eestist","og_description":"Ein 2,4 m \u00d7 2,4 m gro\u00dfer Badezuber mit Acryl-Innenausstattung ist mit einem integrierten, aus Edelstahl gefertigten traditionellen Holzofen ausgestattet. Die glatte und widerstandsf\u00e4hige Innenfl\u00e4che ist leicht zu pflegen und ergonomisch geformt, wodurch bequeme Sitz- und Liegepositionen geboten werden. Der integrierte Holzofen sorgt f\u00fcr eine nat\u00fcrliche und effiziente Wassererw\u00e4rmung, ideal f\u00fcr umweltfreundliche Entspannung zu jeder Jahreszeit. Eine elegante und praktische Wahl sowohl f\u00fcr den heimischen Garten als auch f\u00fcr das Ferienhaus.","og_url":"https:\/\/awero.ee\/de\/toode\/jacuzzi-mit-integriertem-ofen\/","og_site_name":"Awero - S\u00fcdamega L\u00f5una-Eestist","og_image":[{"width":2560,"height":1920,"url":"https:\/\/awero.ee\/wp-content\/uploads\/2025\/04\/3-1-scaled.jpg","type":"image\/jpeg"}],"twitter_card":"summary_large_image","schema":{"@context":"https:\/\/schema.org","@graph":[{"@type":"WebPage","@id":"https:\/\/awero.ee\/de\/toode\/jacuzzi-mit-integriertem-ofen\/","url":"https:\/\/awero.ee\/de\/toode\/jacuzzi-mit-integriertem-ofen\/","name":"Jacuzzi mit integriertem Ofen - Awero - S\u00fcdamega L\u00f5una-Eestist","isPartOf":{"@id":"https:\/\/awero.ee\/de\/#website"},"primaryImageOfPage":{"@id":"https:\/\/awero.ee\/de\/toode\/jacuzzi-mit-integriertem-ofen\/#primaryimage"},"image":{"@id":"https:\/\/awero.ee\/de\/toode\/jacuzzi-mit-integriertem-ofen\/#primaryimage"},"thumbnailUrl":"https:\/\/awero.ee\/wp-content\/uploads\/2025\/04\/3-1-scaled.jpg","datePublished":"2025-04-13T16:59:30+00:00","breadcrumb":{"@id":"https:\/\/awero.ee\/de\/toode\/jacuzzi-mit-integriertem-ofen\/#breadcrumb"},"inLanguage":"de","potentialAction":[{"@type":"ReadAction","target":["https:\/\/awero.ee\/de\/toode\/jacuzzi-mit-integriertem-ofen\/"]}]},{"@type":"ImageObject","inLanguage":"de","@id":"https:\/\/awero.ee\/de\/toode\/jacuzzi-mit-integriertem-ofen\/#primaryimage","url":"https:\/\/awero.ee\/wp-content\/uploads\/2025\/04\/3-1-scaled.jpg","contentUrl":"https:\/\/awero.ee\/wp-content\/uploads\/2025\/04\/3-1-scaled.jpg","width":2560,"height":1920},{"@type":"BreadcrumbList","@id":"https:\/\/awero.ee\/de\/toode\/jacuzzi-mit-integriertem-ofen\/#breadcrumb","itemListElement":[{"@type":"ListItem","position":1,"name":"Home","item":"https:\/\/awero.ee\/de\/startseite\/"},{"@type":"ListItem","position":2,"name":"Pood","item":"https:\/\/awero.ee\/pood\/"},{"@type":"ListItem","position":3,"name":"Jacuzzi mit integriertem Ofen"}]},{"@type":"WebSite","@id":"https:\/\/awero.ee\/de\/#website","url":"https:\/\/awero.ee\/de\/","name":"Awero - S\u00fcdamega L\u00f5una Eestist","description":"","publisher":{"@id":"https:\/\/awero.ee\/de\/#organization"},"potentialAction":[{"@type":"SearchAction","target":{"@type":"EntryPoint","urlTemplate":"https:\/\/awero.ee\/de\/?s={search_term_string}"},"query-input":{"@type":"PropertyValueSpecification","valueRequired":true,"valueName":"search_term_string"}}],"inLanguage":"de"},{"@type":"Organization","@id":"https:\/\/awero.ee\/de\/#organization","name":"Awero - S\u00fcdamega L\u00f5una Eestist","url":"https:\/\/awero.ee\/de\/","logo":{"@type":"ImageObject","inLanguage":"de","@id":"https:\/\/awero.ee\/de\/#\/schema\/logo\/image\/","url":"https:\/\/awero.ee\/wp-content\/uploads\/2024\/07\/aweroplaceholder.jpg","contentUrl":"https:\/\/awero.ee\/wp-content\/uploads\/2024\/07\/aweroplaceholder.jpg","width":1250,"height":834,"caption":"Awero - S\u00fcdamega L\u00f5una Eestist"},"image":{"@id":"https:\/\/awero.ee\/de\/#\/schema\/logo\/image\/"}}]}},"_links":{"self":[{"href":"https:\/\/awero.ee\/de\/wp-json\/wp\/v2\/product\/14490","targetHints":{"allow":["GET"]}}],"collection":[{"href":"https:\/\/awero.ee\/de\/wp-json\/wp\/v2\/product"}],"about":[{"href":"https:\/\/awero.ee\/de\/wp-json\/wp\/v2\/types\/product"}],"wp:featuredmedia":[{"embeddable":true,"href":"https:\/\/awero.ee\/de\/wp-json\/wp\/v2\/media\/14506"}],"wp:attachment":[{"href":"https:\/\/awero.ee\/de\/wp-json\/wp\/v2\/media?parent=14490"}],"wp:term":[{"taxonomy":"product_brand","embeddable":true,"href":"https:\/\/awero.ee\/de\/wp-json\/wp\/v2\/product_brand?post=14490"},{"taxonomy":"product_cat","embeddable":true,"href":"https:\/\/awero.ee\/de\/wp-json\/wp\/v2\/product_cat?post=14490"},{"taxonomy":"product_tag","embeddable":true,"href":"https:\/\/awero.ee\/de\/wp-json\/wp\/v2\/product_tag?post=14490"}],"curies":[{"name":"wp","href":"https:\/\/api.w.org\/{rel}","templated":true}]}}