{"id":14479,"date":"2025-04-13T17:31:24","date_gmt":"2025-04-13T17:31:24","guid":{"rendered":"https:\/\/awero.ee\/toode\/aussen-toilette\/"},"modified":"2025-04-13T17:31:24","modified_gmt":"2025-04-13T17:31:24","slug":"aussen-toilette","status":"publish","type":"product","link":"https:\/\/awero.ee\/de\/toode\/aussen-toilette\/","title":{"rendered":"Au\u00dfen-Toilette"},"content":{"rendered":"<p><strong><span dir=\"ltr\" role=\"presentation\">Das Set enth\u00e4lt:<\/span><\/strong><br role=\"presentation\"><span dir=\"ltr\" role=\"presentation\">Wandmaterial: 24 mm Fichte oder Thermokiefer<\/span><br role=\"presentation\"><span dir=\"ltr\" role=\"presentation\">Dachmaterial: Bitumenschindel, schwarz<\/span><br role=\"presentation\"><span dir=\"ltr\" role=\"presentation\">Au\u00dfent\u00fcr mit abschlie\u00dfbarem Fenster<\/span><\/p>\n<p><strong><span dir=\"ltr\" role=\"presentation\">Lisad:<\/span><\/strong><br role=\"presentation\"><span dir=\"ltr\" role=\"presentation\">Biolan Trockentoilette Set<strong> 380 \u20ac<\/strong><\/span><br role=\"presentation\"><span dir=\"ltr\" role=\"presentation\">Au\u00dfenverkleidung f\u00fcr das zusammengebaute Haus <strong>90 \u20ac<\/strong><\/span><\/p>\n<p>&nbsp;<\/p>\n","protected":false},"excerpt":{"rendered":"<p>Hergestellt aus robustem 24 mm naturbelassenem Fichtenholz oder 28 mm Thermokiefer. Das Haus verf\u00fcgt \u00fcber ein klassisches Satteldach mit Bitumenschindeln und eine T\u00fcr mit Fenster, die nat\u00fcrliches Licht hereinl\u00e4sst. Kompakt, aber funktional \u2013 ideal f\u00fcr Landh\u00e4user, Ferienh\u00e4user oder abgelegene Waldgrundst\u00fccke. Einfach zu montieren und ganzj\u00e4hrig nutzbar.   <\/p>\n","protected":false},"featured_media":14484,"template":"","meta":{"_acf_changed":false},"product_brand":[],"product_cat":[1670],"product_tag":[],"class_list":{"0":"post-14479","1":"product","2":"type-product","3":"status-publish","4":"has-post-thumbnail","6":"product_cat-gartenzubehor-voi-gartenprodukte","8":"first","9":"instock","10":"shipping-taxable","11":"product-type-variable"},"acf":[],"yoast_head":"<!-- This site is optimized with the Yoast SEO plugin v26.8 - https:\/\/yoast.com\/product\/yoast-seo-wordpress\/ -->\n<title>Au\u00dfen-Toilette - Awero - S\u00fcdamega L\u00f5una-Eestist<\/title>\n<meta name=\"robots\" content=\"index, follow, max-snippet:-1, max-image-preview:large, max-video-preview:-1\" \/>\n<link rel=\"canonical\" href=\"https:\/\/awero.ee\/de\/toode\/aussen-toilette\/\" \/>\n<meta property=\"og:locale\" content=\"de_DE\" \/>\n<meta property=\"og:type\" content=\"article\" \/>\n<meta property=\"og:title\" content=\"Au\u00dfen-Toilette - Awero - S\u00fcdamega L\u00f5una-Eestist\" \/>\n<meta property=\"og:description\" content=\"Hergestellt aus robustem 24 mm naturbelassenem Fichtenholz oder 28 mm Thermokiefer. Das Haus verf\u00fcgt \u00fcber ein klassisches Satteldach mit Bitumenschindeln und eine T\u00fcr mit Fenster, die nat\u00fcrliches Licht hereinl\u00e4sst. Kompakt, aber funktional \u2013 ideal f\u00fcr Landh\u00e4user, Ferienh\u00e4user oder abgelegene Waldgrundst\u00fccke. Einfach zu montieren und ganzj\u00e4hrig nutzbar.\" \/>\n<meta property=\"og:url\" content=\"https:\/\/awero.ee\/de\/toode\/aussen-toilette\/\" \/>\n<meta property=\"og:site_name\" content=\"Awero - S\u00fcdamega L\u00f5una-Eestist\" \/>\n<meta property=\"og:image\" content=\"https:\/\/awero.ee\/wp-content\/uploads\/2025\/04\/Valiwc.jpg\" \/>\n\t<meta property=\"og:image:width\" content=\"1920\" \/>\n\t<meta property=\"og:image:height\" content=\"1280\" \/>\n\t<meta property=\"og:image:type\" content=\"image\/jpeg\" \/>\n<meta name=\"twitter:card\" content=\"summary_large_image\" \/>\n<script type=\"application\/ld+json\" class=\"yoast-schema-graph\">{\"@context\":\"https:\/\/schema.org\",\"@graph\":[{\"@type\":\"WebPage\",\"@id\":\"https:\/\/awero.ee\/de\/toode\/aussen-toilette\/\",\"url\":\"https:\/\/awero.ee\/de\/toode\/aussen-toilette\/\",\"name\":\"Au\u00dfen-Toilette - Awero - S\u00fcdamega L\u00f5una-Eestist\",\"isPartOf\":{\"@id\":\"https:\/\/awero.ee\/de\/#website\"},\"primaryImageOfPage\":{\"@id\":\"https:\/\/awero.ee\/de\/toode\/aussen-toilette\/#primaryimage\"},\"image\":{\"@id\":\"https:\/\/awero.ee\/de\/toode\/aussen-toilette\/#primaryimage\"},\"thumbnailUrl\":\"https:\/\/awero.ee\/wp-content\/uploads\/2025\/04\/Valiwc.jpg\",\"datePublished\":\"2025-04-13T17:31:24+00:00\",\"breadcrumb\":{\"@id\":\"https:\/\/awero.ee\/de\/toode\/aussen-toilette\/#breadcrumb\"},\"inLanguage\":\"de\",\"potentialAction\":[{\"@type\":\"ReadAction\",\"target\":[\"https:\/\/awero.ee\/de\/toode\/aussen-toilette\/\"]}]},{\"@type\":\"ImageObject\",\"inLanguage\":\"de\",\"@id\":\"https:\/\/awero.ee\/de\/toode\/aussen-toilette\/#primaryimage\",\"url\":\"https:\/\/awero.ee\/wp-content\/uploads\/2025\/04\/Valiwc.jpg\",\"contentUrl\":\"https:\/\/awero.ee\/wp-content\/uploads\/2025\/04\/Valiwc.jpg\",\"width\":1920,\"height\":1280},{\"@type\":\"BreadcrumbList\",\"@id\":\"https:\/\/awero.ee\/de\/toode\/aussen-toilette\/#breadcrumb\",\"itemListElement\":[{\"@type\":\"ListItem\",\"position\":1,\"name\":\"Home\",\"item\":\"https:\/\/awero.ee\/de\/startseite\/\"},{\"@type\":\"ListItem\",\"position\":2,\"name\":\"Pood\",\"item\":\"https:\/\/awero.ee\/pood\/\"},{\"@type\":\"ListItem\",\"position\":3,\"name\":\"Au\u00dfen-Toilette\"}]},{\"@type\":\"WebSite\",\"@id\":\"https:\/\/awero.ee\/de\/#website\",\"url\":\"https:\/\/awero.ee\/de\/\",\"name\":\"Awero - S\u00fcdamega L\u00f5una Eestist\",\"description\":\"\",\"publisher\":{\"@id\":\"https:\/\/awero.ee\/de\/#organization\"},\"potentialAction\":[{\"@type\":\"SearchAction\",\"target\":{\"@type\":\"EntryPoint\",\"urlTemplate\":\"https:\/\/awero.ee\/de\/?s={search_term_string}\"},\"query-input\":{\"@type\":\"PropertyValueSpecification\",\"valueRequired\":true,\"valueName\":\"search_term_string\"}}],\"inLanguage\":\"de\"},{\"@type\":\"Organization\",\"@id\":\"https:\/\/awero.ee\/de\/#organization\",\"name\":\"Awero - S\u00fcdamega L\u00f5una Eestist\",\"url\":\"https:\/\/awero.ee\/de\/\",\"logo\":{\"@type\":\"ImageObject\",\"inLanguage\":\"de\",\"@id\":\"https:\/\/awero.ee\/de\/#\/schema\/logo\/image\/\",\"url\":\"https:\/\/awero.ee\/wp-content\/uploads\/2024\/07\/aweroplaceholder.jpg\",\"contentUrl\":\"https:\/\/awero.ee\/wp-content\/uploads\/2024\/07\/aweroplaceholder.jpg\",\"width\":1250,\"height\":834,\"caption\":\"Awero - S\u00fcdamega L\u00f5una Eestist\"},\"image\":{\"@id\":\"https:\/\/awero.ee\/de\/#\/schema\/logo\/image\/\"}}]}<\/script>\n<!-- \/ Yoast SEO plugin. -->","yoast_head_json":{"title":"Au\u00dfen-Toilette - Awero - S\u00fcdamega L\u00f5una-Eestist","robots":{"index":"index","follow":"follow","max-snippet":"max-snippet:-1","max-image-preview":"max-image-preview:large","max-video-preview":"max-video-preview:-1"},"canonical":"https:\/\/awero.ee\/de\/toode\/aussen-toilette\/","og_locale":"de_DE","og_type":"article","og_title":"Au\u00dfen-Toilette - Awero - S\u00fcdamega L\u00f5una-Eestist","og_description":"Hergestellt aus robustem 24 mm naturbelassenem Fichtenholz oder 28 mm Thermokiefer. Das Haus verf\u00fcgt \u00fcber ein klassisches Satteldach mit Bitumenschindeln und eine T\u00fcr mit Fenster, die nat\u00fcrliches Licht hereinl\u00e4sst. Kompakt, aber funktional \u2013 ideal f\u00fcr Landh\u00e4user, Ferienh\u00e4user oder abgelegene Waldgrundst\u00fccke. Einfach zu montieren und ganzj\u00e4hrig nutzbar.","og_url":"https:\/\/awero.ee\/de\/toode\/aussen-toilette\/","og_site_name":"Awero - S\u00fcdamega L\u00f5una-Eestist","og_image":[{"width":1920,"height":1280,"url":"https:\/\/awero.ee\/wp-content\/uploads\/2025\/04\/Valiwc.jpg","type":"image\/jpeg"}],"twitter_card":"summary_large_image","schema":{"@context":"https:\/\/schema.org","@graph":[{"@type":"WebPage","@id":"https:\/\/awero.ee\/de\/toode\/aussen-toilette\/","url":"https:\/\/awero.ee\/de\/toode\/aussen-toilette\/","name":"Au\u00dfen-Toilette - Awero - S\u00fcdamega L\u00f5una-Eestist","isPartOf":{"@id":"https:\/\/awero.ee\/de\/#website"},"primaryImageOfPage":{"@id":"https:\/\/awero.ee\/de\/toode\/aussen-toilette\/#primaryimage"},"image":{"@id":"https:\/\/awero.ee\/de\/toode\/aussen-toilette\/#primaryimage"},"thumbnailUrl":"https:\/\/awero.ee\/wp-content\/uploads\/2025\/04\/Valiwc.jpg","datePublished":"2025-04-13T17:31:24+00:00","breadcrumb":{"@id":"https:\/\/awero.ee\/de\/toode\/aussen-toilette\/#breadcrumb"},"inLanguage":"de","potentialAction":[{"@type":"ReadAction","target":["https:\/\/awero.ee\/de\/toode\/aussen-toilette\/"]}]},{"@type":"ImageObject","inLanguage":"de","@id":"https:\/\/awero.ee\/de\/toode\/aussen-toilette\/#primaryimage","url":"https:\/\/awero.ee\/wp-content\/uploads\/2025\/04\/Valiwc.jpg","contentUrl":"https:\/\/awero.ee\/wp-content\/uploads\/2025\/04\/Valiwc.jpg","width":1920,"height":1280},{"@type":"BreadcrumbList","@id":"https:\/\/awero.ee\/de\/toode\/aussen-toilette\/#breadcrumb","itemListElement":[{"@type":"ListItem","position":1,"name":"Home","item":"https:\/\/awero.ee\/de\/startseite\/"},{"@type":"ListItem","position":2,"name":"Pood","item":"https:\/\/awero.ee\/pood\/"},{"@type":"ListItem","position":3,"name":"Au\u00dfen-Toilette"}]},{"@type":"WebSite","@id":"https:\/\/awero.ee\/de\/#website","url":"https:\/\/awero.ee\/de\/","name":"Awero - S\u00fcdamega L\u00f5una Eestist","description":"","publisher":{"@id":"https:\/\/awero.ee\/de\/#organization"},"potentialAction":[{"@type":"SearchAction","target":{"@type":"EntryPoint","urlTemplate":"https:\/\/awero.ee\/de\/?s={search_term_string}"},"query-input":{"@type":"PropertyValueSpecification","valueRequired":true,"valueName":"search_term_string"}}],"inLanguage":"de"},{"@type":"Organization","@id":"https:\/\/awero.ee\/de\/#organization","name":"Awero - S\u00fcdamega L\u00f5una Eestist","url":"https:\/\/awero.ee\/de\/","logo":{"@type":"ImageObject","inLanguage":"de","@id":"https:\/\/awero.ee\/de\/#\/schema\/logo\/image\/","url":"https:\/\/awero.ee\/wp-content\/uploads\/2024\/07\/aweroplaceholder.jpg","contentUrl":"https:\/\/awero.ee\/wp-content\/uploads\/2024\/07\/aweroplaceholder.jpg","width":1250,"height":834,"caption":"Awero - S\u00fcdamega L\u00f5una Eestist"},"image":{"@id":"https:\/\/awero.ee\/de\/#\/schema\/logo\/image\/"}}]}},"_links":{"self":[{"href":"https:\/\/awero.ee\/de\/wp-json\/wp\/v2\/product\/14479","targetHints":{"allow":["GET"]}}],"collection":[{"href":"https:\/\/awero.ee\/de\/wp-json\/wp\/v2\/product"}],"about":[{"href":"https:\/\/awero.ee\/de\/wp-json\/wp\/v2\/types\/product"}],"wp:featuredmedia":[{"embeddable":true,"href":"https:\/\/awero.ee\/de\/wp-json\/wp\/v2\/media\/14484"}],"wp:attachment":[{"href":"https:\/\/awero.ee\/de\/wp-json\/wp\/v2\/media?parent=14479"}],"wp:term":[{"taxonomy":"product_brand","embeddable":true,"href":"https:\/\/awero.ee\/de\/wp-json\/wp\/v2\/product_brand?post=14479"},{"taxonomy":"product_cat","embeddable":true,"href":"https:\/\/awero.ee\/de\/wp-json\/wp\/v2\/product_cat?post=14479"},{"taxonomy":"product_tag","embeddable":true,"href":"https:\/\/awero.ee\/de\/wp-json\/wp\/v2\/product_tag?post=14479"}],"curies":[{"name":"wp","href":"https:\/\/api.w.org\/{rel}","templated":true}]}}