{"id":14297,"date":"2025-04-13T17:23:23","date_gmt":"2025-04-13T17:23:23","guid":{"rendered":"https:\/\/awero.ee\/toode\/wagensauna-auf-anhanger\/"},"modified":"2025-04-13T17:23:23","modified_gmt":"2025-04-13T17:23:23","slug":"wagensauna-auf-anhanger","status":"publish","type":"product","link":"https:\/\/awero.ee\/de\/toode\/wagensauna-auf-anhanger\/","title":{"rendered":"Wagensauna auf Anh\u00e4nger"},"content":{"rendered":"<div style=\"width: 1920px;\" class=\"wp-video\"><video class=\"wp-video-shortcode\" id=\"video-14297-1\" width=\"1920\" height=\"1080\" preload=\"metadata\" controls=\"controls\"><source type=\"video\/mp4\" src=\"https:\/\/awero.ee\/wp-content\/uploads\/2025\/04\/Awero-karusaun-eng.mp4?_=1\" \/><a href=\"https:\/\/awero.ee\/wp-content\/uploads\/2025\/04\/Awero-karusaun-eng.mp4\">https:\/\/awero.ee\/wp-content\/uploads\/2025\/04\/Awero-karusaun-eng.mp4<\/a><\/video><\/div>\n<p>Die Sauna ist auf einem RESPO-Anh\u00e4nger montiert und beinhaltet:<\/p>\n<p>\u2022 Sauna-Holzofen von Harvia mit Ofensteinen<br \/>\n\u2022 Feuerfester Edelstahlkamin mit 30-Liter-Warmwasserspeicher<br \/>\n\u2022 Wandmaterial: 28 mm thermobehandelte Kiefer<br \/>\n\u2022 Stabile PVC-Dachabdeckung<br \/>\n\u2022 Bodenmaterial: thermobehandelte Kiefer<br \/>\n\u2022 St\u00fctzf\u00fc\u00dfe an allen vier Ecken<br \/>\n\u2022 Bodenbalken: thermobehandelte Kiefer<br \/>\n\u2022 Akku mit Ladeger\u00e4t<br \/>\n\u2022 LED-Beleuchtung innerhalb und au\u00dferhalb der Sauna<br \/>\n\u2022 Zwei Fenster mit Bel\u00fcftungsfunktion<br \/>\n\u2022 Stereoanlage (Radio, Bluetooth, AUX, USB, Lautsprecher)<br \/>\n\u2022 Panipaik<\/p>\n<p>&nbsp;<\/p>\n<p>RESPO Plattformanh\u00e4nger (F\u00fchrerscheinklasse B):<\/p>\n<ul>\n<li>L\u00e4nge: 4621 mm<\/li>\n<li>Breite: 2007 mm<\/li>\n<li>H\u00f6he: 600 mm<\/li>\n<li>Ladefl\u00e4chenl\u00e4nge: 3074 mm<\/li>\n<\/ul>\n<p>Ausgestattet mit niedrigen 10-Zoll-R\u00e4dern sowie Blattfeder- und Sto\u00dfd\u00e4mpferfederung.<\/p>\n<p>In jeder Ecke befinden sich mit einer Kurbel verstellbare St\u00fctzf\u00fc\u00dfe f\u00fcr den Anh\u00e4nger, von denen jeder eine Tragf\u00e4higkeit von 500 kg hat.<\/p>\n<p>&nbsp;<\/p>\n<p><strong>Hinweis! <\/strong>Die <strong data-start=\"236\" data-end=\"253\">Zulassung des Anh\u00e4ngers <\/strong>ist nicht im Produktpreis enthalten und kann gegen <strong data-start=\"158\" data-end=\"194\">Aufpreis erfolgen.<\/strong> Auf Wunsch \u00fcbernehmen wir die Zulassung des Anh\u00e4ngers im Namen des Kunden. <\/p>\n","protected":false},"excerpt":{"rendered":"<p data-start=\"164\" data-end=\"435\">Die Fasssauna auf dem Anh\u00e4nger ist <strong data-start=\"186\" data-end=\"236\">intelligent gestaltet und bis ins Detail durchdacht,<\/strong> um maximale Ger\u00e4umigkeit und Komfort zu gew\u00e4hrleisten \u2013 auch f\u00fcr die<strong data-start=\"280\" data-end=\"322\"> gleichzeitige Nutzung durch mehrere Personen.<\/strong> Die durchdachte Raumaufteilung schafft ein gro\u00dfz\u00fcgiges und funktionales Umfeld und bietet ein hochwertiges Saunaerlebnis in jeder Situation. <\/p>\n<p data-start=\"437\" data-end=\"811\">Die mobile Anh\u00e4ngersauna ist aus <strong data-start=\"473\" data-end=\"524\">robustem und wetterbest\u00e4ndigem Thermoholz<\/strong> gefertigt, was eine lange Lebensdauer und ein repr\u00e4sentatives Erscheinungsbild gew\u00e4hrleistet. Die Sauna ist mit einem <strong data-start=\"595\" data-end=\"622\">Harvia-Holzofen <\/strong>ausgestattet, der ein authentisches und intensives Saunaerlebnis bietet. F\u00fcr zus\u00e4tzlichen Komfort und Atmosph\u00e4re sorgen die<strong data-start=\"686\" data-end=\"713\"> batteriebetriebene LED-Beleuchtung<\/strong> sowie das <strong data-start=\"719\" data-end=\"737\">Musiksystem<\/strong>, sodass die Sauna auch an Orten ohne feste Stromversorgung genutzt werden kann.  <\/p>\n<p data-start=\"813\" data-end=\"914\">Sie eignet sich hervorragend sowohl f\u00fcr den privaten als auch f\u00fcr den gewerblichen Gebrauch, f\u00fcr Veranstaltungen, zur Vermietung und f\u00fcr ein mobiles Saunaerlebnis.<\/p>\n","protected":false},"featured_media":14298,"template":"","meta":{"_acf_changed":false},"product_brand":[],"product_cat":[1671],"product_tag":[],"class_list":{"0":"post-14297","1":"product","2":"type-product","3":"status-publish","4":"has-post-thumbnail","6":"product_cat-anhangerprodukte","8":"first","9":"instock","10":"sale","11":"shipping-taxable","12":"product-type-simple"},"acf":[],"yoast_head":"<!-- This site is optimized with the Yoast SEO plugin v27.5 - https:\/\/yoast.com\/product\/yoast-seo-wordpress\/ -->\n<title>Wagensauna auf Anh\u00e4nger - Awero - S\u00fcdamega L\u00f5una-Eestist<\/title>\n<meta name=\"robots\" content=\"index, follow, max-snippet:-1, max-image-preview:large, max-video-preview:-1\" \/>\n<link rel=\"canonical\" href=\"https:\/\/awero.ee\/de\/toode\/wagensauna-auf-anhanger\/\" \/>\n<meta property=\"og:locale\" content=\"de_DE\" \/>\n<meta property=\"og:type\" content=\"article\" \/>\n<meta property=\"og:title\" content=\"Wagensauna auf Anh\u00e4nger - Awero - S\u00fcdamega L\u00f5una-Eestist\" \/>\n<meta property=\"og:description\" content=\"Die Fasssauna auf dem Anh\u00e4nger ist intelligent gestaltet und bis ins Detail durchdacht, um maximale Ger\u00e4umigkeit und Komfort zu gew\u00e4hrleisten \u2013 auch f\u00fcr die gleichzeitige Nutzung durch mehrere Personen. Die durchdachte Raumaufteilung schafft ein gro\u00dfz\u00fcgiges und funktionales Umfeld und bietet ein hochwertiges Saunaerlebnis in jeder Situation. Die mobile Anh\u00e4ngersauna ist aus robustem und wetterbest\u00e4ndigem Thermoholz gefertigt, was eine lange Lebensdauer und ein repr\u00e4sentatives Erscheinungsbild gew\u00e4hrleistet. Die Sauna ist mit einem Harvia-Holzofen ausgestattet, der ein authentisches und intensives Saunaerlebnis bietet. F\u00fcr zus\u00e4tzlichen Komfort und Atmosph\u00e4re sorgen die batteriebetriebene LED-Beleuchtung sowie das Musiksystem, sodass die Sauna auch an Orten ohne feste Stromversorgung genutzt werden kann.  Sie eignet sich hervorragend sowohl f\u00fcr den privaten als auch f\u00fcr den gewerblichen Gebrauch, f\u00fcr Veranstaltungen, zur Vermietung und f\u00fcr ein mobiles Saunaerlebnis.\" \/>\n<meta property=\"og:url\" content=\"https:\/\/awero.ee\/de\/toode\/wagensauna-auf-anhanger\/\" \/>\n<meta property=\"og:site_name\" content=\"Awero - S\u00fcdamega L\u00f5una-Eestist\" \/>\n<meta property=\"og:image\" content=\"https:\/\/awero.ee\/wp-content\/uploads\/2025\/04\/Haagis_saun_loige.png\" \/>\n\t<meta property=\"og:image:width\" content=\"872\" \/>\n\t<meta property=\"og:image:height\" content=\"581\" \/>\n\t<meta property=\"og:image:type\" content=\"image\/png\" \/>\n<meta name=\"twitter:card\" content=\"summary_large_image\" \/>\n<meta name=\"twitter:label1\" content=\"Gesch\u00e4tzte Lesezeit\" \/>\n\t<meta name=\"twitter:data1\" content=\"1\u00a0Minute\" \/>\n<script type=\"application\/ld+json\" class=\"yoast-schema-graph\">{\"@context\":\"https:\\\/\\\/schema.org\",\"@graph\":[{\"@type\":\"WebPage\",\"@id\":\"https:\\\/\\\/awero.ee\\\/de\\\/toode\\\/wagensauna-auf-anhanger\\\/\",\"url\":\"https:\\\/\\\/awero.ee\\\/de\\\/toode\\\/wagensauna-auf-anhanger\\\/\",\"name\":\"Wagensauna auf Anh\u00e4nger - Awero - S\u00fcdamega L\u00f5una-Eestist\",\"isPartOf\":{\"@id\":\"https:\\\/\\\/awero.ee\\\/de\\\/#website\"},\"primaryImageOfPage\":{\"@id\":\"https:\\\/\\\/awero.ee\\\/de\\\/toode\\\/wagensauna-auf-anhanger\\\/#primaryimage\"},\"image\":{\"@id\":\"https:\\\/\\\/awero.ee\\\/de\\\/toode\\\/wagensauna-auf-anhanger\\\/#primaryimage\"},\"thumbnailUrl\":\"https:\\\/\\\/awero.ee\\\/wp-content\\\/uploads\\\/2025\\\/04\\\/Haagis_saun_loige.png\",\"datePublished\":\"2025-04-13T17:23:23+00:00\",\"breadcrumb\":{\"@id\":\"https:\\\/\\\/awero.ee\\\/de\\\/toode\\\/wagensauna-auf-anhanger\\\/#breadcrumb\"},\"inLanguage\":\"de\",\"potentialAction\":[{\"@type\":\"ReadAction\",\"target\":[\"https:\\\/\\\/awero.ee\\\/de\\\/toode\\\/wagensauna-auf-anhanger\\\/\"]}]},{\"@type\":\"ImageObject\",\"inLanguage\":\"de\",\"@id\":\"https:\\\/\\\/awero.ee\\\/de\\\/toode\\\/wagensauna-auf-anhanger\\\/#primaryimage\",\"url\":\"https:\\\/\\\/awero.ee\\\/wp-content\\\/uploads\\\/2025\\\/04\\\/Haagis_saun_loige.png\",\"contentUrl\":\"https:\\\/\\\/awero.ee\\\/wp-content\\\/uploads\\\/2025\\\/04\\\/Haagis_saun_loige.png\",\"width\":872,\"height\":581},{\"@type\":\"BreadcrumbList\",\"@id\":\"https:\\\/\\\/awero.ee\\\/de\\\/toode\\\/wagensauna-auf-anhanger\\\/#breadcrumb\",\"itemListElement\":[{\"@type\":\"ListItem\",\"position\":1,\"name\":\"Home\",\"item\":\"https:\\\/\\\/awero.ee\\\/de\\\/startseite\\\/\"},{\"@type\":\"ListItem\",\"position\":2,\"name\":\"Pood\",\"item\":\"https:\\\/\\\/awero.ee\\\/pood\\\/\"},{\"@type\":\"ListItem\",\"position\":3,\"name\":\"Wagensauna auf Anh\u00e4nger\"}]},{\"@type\":\"WebSite\",\"@id\":\"https:\\\/\\\/awero.ee\\\/de\\\/#website\",\"url\":\"https:\\\/\\\/awero.ee\\\/de\\\/\",\"name\":\"Awero - S\u00fcdamega L\u00f5una Eestist\",\"description\":\"\",\"publisher\":{\"@id\":\"https:\\\/\\\/awero.ee\\\/de\\\/#organization\"},\"potentialAction\":[{\"@type\":\"SearchAction\",\"target\":{\"@type\":\"EntryPoint\",\"urlTemplate\":\"https:\\\/\\\/awero.ee\\\/de\\\/?s={search_term_string}\"},\"query-input\":{\"@type\":\"PropertyValueSpecification\",\"valueRequired\":true,\"valueName\":\"search_term_string\"}}],\"inLanguage\":\"de\"},{\"@type\":\"Organization\",\"@id\":\"https:\\\/\\\/awero.ee\\\/de\\\/#organization\",\"name\":\"Awero - S\u00fcdamega L\u00f5una Eestist\",\"url\":\"https:\\\/\\\/awero.ee\\\/de\\\/\",\"logo\":{\"@type\":\"ImageObject\",\"inLanguage\":\"de\",\"@id\":\"https:\\\/\\\/awero.ee\\\/de\\\/#\\\/schema\\\/logo\\\/image\\\/\",\"url\":\"https:\\\/\\\/awero.ee\\\/wp-content\\\/uploads\\\/2024\\\/07\\\/aweroplaceholder.jpg\",\"contentUrl\":\"https:\\\/\\\/awero.ee\\\/wp-content\\\/uploads\\\/2024\\\/07\\\/aweroplaceholder.jpg\",\"width\":1250,\"height\":834,\"caption\":\"Awero - S\u00fcdamega L\u00f5una Eestist\"},\"image\":{\"@id\":\"https:\\\/\\\/awero.ee\\\/de\\\/#\\\/schema\\\/logo\\\/image\\\/\"}}]}<\/script>\n<!-- \/ Yoast SEO plugin. -->","yoast_head_json":{"title":"Wagensauna auf Anh\u00e4nger - Awero - S\u00fcdamega L\u00f5una-Eestist","robots":{"index":"index","follow":"follow","max-snippet":"max-snippet:-1","max-image-preview":"max-image-preview:large","max-video-preview":"max-video-preview:-1"},"canonical":"https:\/\/awero.ee\/de\/toode\/wagensauna-auf-anhanger\/","og_locale":"de_DE","og_type":"article","og_title":"Wagensauna auf Anh\u00e4nger - Awero - S\u00fcdamega L\u00f5una-Eestist","og_description":"Die Fasssauna auf dem Anh\u00e4nger ist intelligent gestaltet und bis ins Detail durchdacht, um maximale Ger\u00e4umigkeit und Komfort zu gew\u00e4hrleisten \u2013 auch f\u00fcr die gleichzeitige Nutzung durch mehrere Personen. Die durchdachte Raumaufteilung schafft ein gro\u00dfz\u00fcgiges und funktionales Umfeld und bietet ein hochwertiges Saunaerlebnis in jeder Situation. Die mobile Anh\u00e4ngersauna ist aus robustem und wetterbest\u00e4ndigem Thermoholz gefertigt, was eine lange Lebensdauer und ein repr\u00e4sentatives Erscheinungsbild gew\u00e4hrleistet. Die Sauna ist mit einem Harvia-Holzofen ausgestattet, der ein authentisches und intensives Saunaerlebnis bietet. F\u00fcr zus\u00e4tzlichen Komfort und Atmosph\u00e4re sorgen die batteriebetriebene LED-Beleuchtung sowie das Musiksystem, sodass die Sauna auch an Orten ohne feste Stromversorgung genutzt werden kann.  Sie eignet sich hervorragend sowohl f\u00fcr den privaten als auch f\u00fcr den gewerblichen Gebrauch, f\u00fcr Veranstaltungen, zur Vermietung und f\u00fcr ein mobiles Saunaerlebnis.","og_url":"https:\/\/awero.ee\/de\/toode\/wagensauna-auf-anhanger\/","og_site_name":"Awero - S\u00fcdamega L\u00f5una-Eestist","og_image":[{"width":872,"height":581,"url":"https:\/\/awero.ee\/wp-content\/uploads\/2025\/04\/Haagis_saun_loige.png","type":"image\/png"}],"twitter_card":"summary_large_image","twitter_misc":{"Gesch\u00e4tzte Lesezeit":"1\u00a0Minute"},"schema":{"@context":"https:\/\/schema.org","@graph":[{"@type":"WebPage","@id":"https:\/\/awero.ee\/de\/toode\/wagensauna-auf-anhanger\/","url":"https:\/\/awero.ee\/de\/toode\/wagensauna-auf-anhanger\/","name":"Wagensauna auf Anh\u00e4nger - Awero - S\u00fcdamega L\u00f5una-Eestist","isPartOf":{"@id":"https:\/\/awero.ee\/de\/#website"},"primaryImageOfPage":{"@id":"https:\/\/awero.ee\/de\/toode\/wagensauna-auf-anhanger\/#primaryimage"},"image":{"@id":"https:\/\/awero.ee\/de\/toode\/wagensauna-auf-anhanger\/#primaryimage"},"thumbnailUrl":"https:\/\/awero.ee\/wp-content\/uploads\/2025\/04\/Haagis_saun_loige.png","datePublished":"2025-04-13T17:23:23+00:00","breadcrumb":{"@id":"https:\/\/awero.ee\/de\/toode\/wagensauna-auf-anhanger\/#breadcrumb"},"inLanguage":"de","potentialAction":[{"@type":"ReadAction","target":["https:\/\/awero.ee\/de\/toode\/wagensauna-auf-anhanger\/"]}]},{"@type":"ImageObject","inLanguage":"de","@id":"https:\/\/awero.ee\/de\/toode\/wagensauna-auf-anhanger\/#primaryimage","url":"https:\/\/awero.ee\/wp-content\/uploads\/2025\/04\/Haagis_saun_loige.png","contentUrl":"https:\/\/awero.ee\/wp-content\/uploads\/2025\/04\/Haagis_saun_loige.png","width":872,"height":581},{"@type":"BreadcrumbList","@id":"https:\/\/awero.ee\/de\/toode\/wagensauna-auf-anhanger\/#breadcrumb","itemListElement":[{"@type":"ListItem","position":1,"name":"Home","item":"https:\/\/awero.ee\/de\/startseite\/"},{"@type":"ListItem","position":2,"name":"Pood","item":"https:\/\/awero.ee\/pood\/"},{"@type":"ListItem","position":3,"name":"Wagensauna auf Anh\u00e4nger"}]},{"@type":"WebSite","@id":"https:\/\/awero.ee\/de\/#website","url":"https:\/\/awero.ee\/de\/","name":"Awero - S\u00fcdamega L\u00f5una Eestist","description":"","publisher":{"@id":"https:\/\/awero.ee\/de\/#organization"},"potentialAction":[{"@type":"SearchAction","target":{"@type":"EntryPoint","urlTemplate":"https:\/\/awero.ee\/de\/?s={search_term_string}"},"query-input":{"@type":"PropertyValueSpecification","valueRequired":true,"valueName":"search_term_string"}}],"inLanguage":"de"},{"@type":"Organization","@id":"https:\/\/awero.ee\/de\/#organization","name":"Awero - S\u00fcdamega L\u00f5una Eestist","url":"https:\/\/awero.ee\/de\/","logo":{"@type":"ImageObject","inLanguage":"de","@id":"https:\/\/awero.ee\/de\/#\/schema\/logo\/image\/","url":"https:\/\/awero.ee\/wp-content\/uploads\/2024\/07\/aweroplaceholder.jpg","contentUrl":"https:\/\/awero.ee\/wp-content\/uploads\/2024\/07\/aweroplaceholder.jpg","width":1250,"height":834,"caption":"Awero - S\u00fcdamega L\u00f5una Eestist"},"image":{"@id":"https:\/\/awero.ee\/de\/#\/schema\/logo\/image\/"}}]}},"_links":{"self":[{"href":"https:\/\/awero.ee\/de\/wp-json\/wp\/v2\/product\/14297","targetHints":{"allow":["GET"]}}],"collection":[{"href":"https:\/\/awero.ee\/de\/wp-json\/wp\/v2\/product"}],"about":[{"href":"https:\/\/awero.ee\/de\/wp-json\/wp\/v2\/types\/product"}],"wp:featuredmedia":[{"embeddable":true,"href":"https:\/\/awero.ee\/de\/wp-json\/wp\/v2\/media\/14298"}],"wp:attachment":[{"href":"https:\/\/awero.ee\/de\/wp-json\/wp\/v2\/media?parent=14297"}],"wp:term":[{"taxonomy":"product_brand","embeddable":true,"href":"https:\/\/awero.ee\/de\/wp-json\/wp\/v2\/product_brand?post=14297"},{"taxonomy":"product_cat","embeddable":true,"href":"https:\/\/awero.ee\/de\/wp-json\/wp\/v2\/product_cat?post=14297"},{"taxonomy":"product_tag","embeddable":true,"href":"https:\/\/awero.ee\/de\/wp-json\/wp\/v2\/product_tag?post=14297"}],"curies":[{"name":"wp","href":"https:\/\/api.w.org\/{rel}","templated":true}]}}