{"id":14279,"date":"2025-04-13T17:20:32","date_gmt":"2025-04-13T17:20:32","guid":{"rendered":"https:\/\/awero.ee\/toode\/icon-tub-200-auf-anhanger\/"},"modified":"2025-04-13T17:20:32","modified_gmt":"2025-04-13T17:20:32","slug":"icon-tub-200-auf-anhanger","status":"publish","type":"product","link":"https:\/\/awero.ee\/de\/toode\/icon-tub-200-auf-anhanger\/","title":{"rendered":"Icon Tub 200 auf Anh\u00e4nger"},"content":{"rendered":"<div style=\"width: 3840px;\" class=\"wp-video\"><video class=\"wp-video-shortcode\" id=\"video-14279-1\" width=\"3840\" height=\"2160\" preload=\"metadata\" controls=\"controls\"><source type=\"video\/mp4\" src=\"https:\/\/awero.ee\/wp-content\/uploads\/2025\/05\/Haagise_icon_tub_video.mp4?_=1\" \/><a href=\"https:\/\/awero.ee\/wp-content\/uploads\/2025\/05\/Haagise_icon_tub_video.mp4\">https:\/\/awero.ee\/wp-content\/uploads\/2025\/05\/Haagise_icon_tub_video.mp4<\/a><\/video><\/div>\n<p>&nbsp;<\/p>\n<p>\u2022 Ergonomische viereckige Wanne aus Glasfaserkunststoff<br \/>\n\u2022 Integrierter Ofen (30 kW) aus Edelstahl (AISI 304)<br \/>\n\u2022 2 m hoher Schornstein mit Funkenschutzgitter<br \/>\n\u2022 Ablasshahn<br \/>\n\u2022Treppe<br \/>\n\u2022 Au\u00dfenverkleidung aus thermisch behandeltem Holz, Nussbaum<br \/>\n\u2022 Batterie, Klemmen, Hauptschalter<br \/>\n\u2022 Stereoanlage Mariine stereo kmpl L<br \/>\n\u2022 Digitales Wasserthermometer<br \/>\n\u2022 LED-Beleuchtung mit zwei Lampen + 4 St\u00fcck am Anh\u00e4nger.<br \/>\n\u2022 Luftsprudelanlage mit 12 D\u00fcsen<br \/>\n\u2022 Isolierte Thermoabdeckung \u00d8 205 cm mit 8 Befestigungen<br \/>\n\u2022 Anzahl Personen: 6<br \/>\n\u2022 Aufheizzeit 5 bis 38 \u00b0C: 1,5 bis 2 h<br \/>\n\u2022 Volumen: 1150 l<br \/>\n\u2022 Au\u00dfendurchmesser: 2050 mm<br \/>\n\u2022 Innendurchmesser: 1770 mm<br \/>\n\u2022 H\u00f6he: 1100 mm<br \/>\n\u2022 Tiefe: 990 mm<br \/>\n\u2022 Gewicht: 300 kg<\/p>\n<p>&nbsp;<\/p>\n<p>RESPO Plattformanh\u00e4nger (F\u00fchrerscheinklasse B):<\/p>\n<ul>\n<li>L\u00e4nge: 4621 mm<\/li>\n<li>Breite: 2007 mm<\/li>\n<li>H\u00f6he: 600 mm<\/li>\n<li>Ladefl\u00e4chenl\u00e4nge: 3074 mm<\/li>\n<\/ul>\n<p>Ausgestattet mit niedrigen 10-Zoll-R\u00e4dern sowie Blattfeder- und Sto\u00dfd\u00e4mpferfederung.<\/p>\n<p>In jeder Ecke befinden sich mit einer Kurbel verstellbare St\u00fctzf\u00fc\u00dfe f\u00fcr den Anh\u00e4nger, von denen jeder eine Tragf\u00e4higkeit von 500 kg hat.<\/p>\n<p><strong>Hinweis! <\/strong>Die <strong data-start=\"236\" data-end=\"253\">Zulassung des Anh\u00e4ngers <\/strong>ist nicht im Produktpreis enthalten und kann gegen <strong data-start=\"158\" data-end=\"194\">Aufpreis erfolgen.<\/strong> Auf Wunsch \u00fcbernehmen wir die Zulassung des Anh\u00e4ngers im Namen des Kunden. <\/p>\n<p>&nbsp;<\/p>\n","protected":false},"excerpt":{"rendered":"<p data-start=\"121\" data-end=\"526\">Der Badezuber auf dem Anh\u00e4nger ist eine praktische und auff\u00e4llige L\u00f6sung f\u00fcr alle, die Mobilit\u00e4t, Komfort und Qualit\u00e4t sch\u00e4tzen. Die <strong data-start=\"235\" data-end=\"286\">ergonomische, viereckige Innenwanne aus Glasfaser<\/strong> sorgt f\u00fcr eine bequeme Sitzposition und ist \u00e4u\u00dferst langlebig. Die veredelte <strong data-start=\"381\" data-end=\"418\">Au\u00dfenverkleidung aus Thermoholz <\/strong>verleiht dem Badezuber ein nat\u00fcrliches und elegantes Erscheinungsbild und gew\u00e4hrleistet eine lange Lebensdauer auch bei wechselnden Wetterbedingungen.<\/p>\n<p data-start=\"528\" data-end=\"804\">Dank der Anh\u00e4ngerl\u00f6sung l\u00e4sst sich der Badezuber problemlos an verschiedene Standorte transportieren \u2013 ideal f\u00fcr Veranstaltungen, Vermietung sowie den privaten Gebrauch. Hochwertige Materialien und eine durchdachte Konstruktion machen das Produkt zuverl\u00e4ssig, und der Bedienkomfort ist auf h\u00f6chstem Niveau! <\/p>\n","protected":false},"featured_media":14280,"template":"","meta":{"_acf_changed":false},"product_brand":[],"product_cat":[1671],"product_tag":[],"class_list":{"0":"post-14279","1":"product","2":"type-product","3":"status-publish","4":"has-post-thumbnail","6":"product_cat-anhangerprodukte","8":"first","9":"instock","10":"sale","11":"shipping-taxable","12":"product-type-simple"},"acf":[],"yoast_head":"<!-- This site is optimized with the Yoast SEO plugin v27.5 - https:\/\/yoast.com\/product\/yoast-seo-wordpress\/ -->\n<title>Icon Tub 200 auf Anh\u00e4nger - Awero - S\u00fcdamega L\u00f5una-Eestist<\/title>\n<meta name=\"robots\" content=\"index, follow, max-snippet:-1, max-image-preview:large, max-video-preview:-1\" \/>\n<link rel=\"canonical\" href=\"https:\/\/awero.ee\/de\/toode\/icon-tub-200-auf-anhanger\/\" \/>\n<meta property=\"og:locale\" content=\"de_DE\" \/>\n<meta property=\"og:type\" content=\"article\" \/>\n<meta property=\"og:title\" content=\"Icon Tub 200 auf Anh\u00e4nger - Awero - S\u00fcdamega L\u00f5una-Eestist\" \/>\n<meta property=\"og:description\" content=\"Der Badezuber auf dem Anh\u00e4nger ist eine praktische und auff\u00e4llige L\u00f6sung f\u00fcr alle, die Mobilit\u00e4t, Komfort und Qualit\u00e4t sch\u00e4tzen. Die ergonomische, viereckige Innenwanne aus Glasfaser sorgt f\u00fcr eine bequeme Sitzposition und ist \u00e4u\u00dferst langlebig. Die veredelte Au\u00dfenverkleidung aus Thermoholz verleiht dem Badezuber ein nat\u00fcrliches und elegantes Erscheinungsbild und gew\u00e4hrleistet eine lange Lebensdauer auch bei wechselnden Wetterbedingungen. Dank der Anh\u00e4ngerl\u00f6sung l\u00e4sst sich der Badezuber problemlos an verschiedene Standorte transportieren \u2013 ideal f\u00fcr Veranstaltungen, Vermietung sowie den privaten Gebrauch. Hochwertige Materialien und eine durchdachte Konstruktion machen das Produkt zuverl\u00e4ssig, und der Bedienkomfort ist auf h\u00f6chstem Niveau!\" \/>\n<meta property=\"og:url\" content=\"https:\/\/awero.ee\/de\/toode\/icon-tub-200-auf-anhanger\/\" \/>\n<meta property=\"og:site_name\" content=\"Awero - S\u00fcdamega L\u00f5una-Eestist\" \/>\n<meta property=\"og:image\" content=\"https:\/\/awero.ee\/wp-content\/uploads\/2025\/04\/Icon-Tube-200-haagisel_eest_kattega.jpg\" \/>\n\t<meta property=\"og:image:width\" content=\"1920\" \/>\n\t<meta property=\"og:image:height\" content=\"1280\" \/>\n\t<meta property=\"og:image:type\" content=\"image\/jpeg\" \/>\n<meta name=\"twitter:card\" content=\"summary_large_image\" \/>\n<meta name=\"twitter:label1\" content=\"Gesch\u00e4tzte Lesezeit\" \/>\n\t<meta name=\"twitter:data1\" content=\"1\u00a0Minute\" \/>\n<script type=\"application\/ld+json\" class=\"yoast-schema-graph\">{\"@context\":\"https:\\\/\\\/schema.org\",\"@graph\":[{\"@type\":\"WebPage\",\"@id\":\"https:\\\/\\\/awero.ee\\\/de\\\/toode\\\/icon-tub-200-auf-anhanger\\\/\",\"url\":\"https:\\\/\\\/awero.ee\\\/de\\\/toode\\\/icon-tub-200-auf-anhanger\\\/\",\"name\":\"Icon Tub 200 auf Anh\u00e4nger - Awero - S\u00fcdamega L\u00f5una-Eestist\",\"isPartOf\":{\"@id\":\"https:\\\/\\\/awero.ee\\\/de\\\/#website\"},\"primaryImageOfPage\":{\"@id\":\"https:\\\/\\\/awero.ee\\\/de\\\/toode\\\/icon-tub-200-auf-anhanger\\\/#primaryimage\"},\"image\":{\"@id\":\"https:\\\/\\\/awero.ee\\\/de\\\/toode\\\/icon-tub-200-auf-anhanger\\\/#primaryimage\"},\"thumbnailUrl\":\"https:\\\/\\\/awero.ee\\\/wp-content\\\/uploads\\\/2025\\\/04\\\/Icon-Tube-200-haagisel_eest_kattega.jpg\",\"datePublished\":\"2025-04-13T17:20:32+00:00\",\"breadcrumb\":{\"@id\":\"https:\\\/\\\/awero.ee\\\/de\\\/toode\\\/icon-tub-200-auf-anhanger\\\/#breadcrumb\"},\"inLanguage\":\"de\",\"potentialAction\":[{\"@type\":\"ReadAction\",\"target\":[\"https:\\\/\\\/awero.ee\\\/de\\\/toode\\\/icon-tub-200-auf-anhanger\\\/\"]}]},{\"@type\":\"ImageObject\",\"inLanguage\":\"de\",\"@id\":\"https:\\\/\\\/awero.ee\\\/de\\\/toode\\\/icon-tub-200-auf-anhanger\\\/#primaryimage\",\"url\":\"https:\\\/\\\/awero.ee\\\/wp-content\\\/uploads\\\/2025\\\/04\\\/Icon-Tube-200-haagisel_eest_kattega.jpg\",\"contentUrl\":\"https:\\\/\\\/awero.ee\\\/wp-content\\\/uploads\\\/2025\\\/04\\\/Icon-Tube-200-haagisel_eest_kattega.jpg\",\"width\":1920,\"height\":1280},{\"@type\":\"BreadcrumbList\",\"@id\":\"https:\\\/\\\/awero.ee\\\/de\\\/toode\\\/icon-tub-200-auf-anhanger\\\/#breadcrumb\",\"itemListElement\":[{\"@type\":\"ListItem\",\"position\":1,\"name\":\"Home\",\"item\":\"https:\\\/\\\/awero.ee\\\/de\\\/startseite\\\/\"},{\"@type\":\"ListItem\",\"position\":2,\"name\":\"Pood\",\"item\":\"https:\\\/\\\/awero.ee\\\/pood\\\/\"},{\"@type\":\"ListItem\",\"position\":3,\"name\":\"Icon Tub 200 auf Anh\u00e4nger\"}]},{\"@type\":\"WebSite\",\"@id\":\"https:\\\/\\\/awero.ee\\\/de\\\/#website\",\"url\":\"https:\\\/\\\/awero.ee\\\/de\\\/\",\"name\":\"Awero - S\u00fcdamega L\u00f5una Eestist\",\"description\":\"\",\"publisher\":{\"@id\":\"https:\\\/\\\/awero.ee\\\/de\\\/#organization\"},\"potentialAction\":[{\"@type\":\"SearchAction\",\"target\":{\"@type\":\"EntryPoint\",\"urlTemplate\":\"https:\\\/\\\/awero.ee\\\/de\\\/?s={search_term_string}\"},\"query-input\":{\"@type\":\"PropertyValueSpecification\",\"valueRequired\":true,\"valueName\":\"search_term_string\"}}],\"inLanguage\":\"de\"},{\"@type\":\"Organization\",\"@id\":\"https:\\\/\\\/awero.ee\\\/de\\\/#organization\",\"name\":\"Awero - S\u00fcdamega L\u00f5una Eestist\",\"url\":\"https:\\\/\\\/awero.ee\\\/de\\\/\",\"logo\":{\"@type\":\"ImageObject\",\"inLanguage\":\"de\",\"@id\":\"https:\\\/\\\/awero.ee\\\/de\\\/#\\\/schema\\\/logo\\\/image\\\/\",\"url\":\"https:\\\/\\\/awero.ee\\\/wp-content\\\/uploads\\\/2024\\\/07\\\/aweroplaceholder.jpg\",\"contentUrl\":\"https:\\\/\\\/awero.ee\\\/wp-content\\\/uploads\\\/2024\\\/07\\\/aweroplaceholder.jpg\",\"width\":1250,\"height\":834,\"caption\":\"Awero - S\u00fcdamega L\u00f5una Eestist\"},\"image\":{\"@id\":\"https:\\\/\\\/awero.ee\\\/de\\\/#\\\/schema\\\/logo\\\/image\\\/\"}}]}<\/script>\n<!-- \/ Yoast SEO plugin. -->","yoast_head_json":{"title":"Icon Tub 200 auf Anh\u00e4nger - Awero - S\u00fcdamega L\u00f5una-Eestist","robots":{"index":"index","follow":"follow","max-snippet":"max-snippet:-1","max-image-preview":"max-image-preview:large","max-video-preview":"max-video-preview:-1"},"canonical":"https:\/\/awero.ee\/de\/toode\/icon-tub-200-auf-anhanger\/","og_locale":"de_DE","og_type":"article","og_title":"Icon Tub 200 auf Anh\u00e4nger - Awero - S\u00fcdamega L\u00f5una-Eestist","og_description":"Der Badezuber auf dem Anh\u00e4nger ist eine praktische und auff\u00e4llige L\u00f6sung f\u00fcr alle, die Mobilit\u00e4t, Komfort und Qualit\u00e4t sch\u00e4tzen. Die ergonomische, viereckige Innenwanne aus Glasfaser sorgt f\u00fcr eine bequeme Sitzposition und ist \u00e4u\u00dferst langlebig. Die veredelte Au\u00dfenverkleidung aus Thermoholz verleiht dem Badezuber ein nat\u00fcrliches und elegantes Erscheinungsbild und gew\u00e4hrleistet eine lange Lebensdauer auch bei wechselnden Wetterbedingungen. Dank der Anh\u00e4ngerl\u00f6sung l\u00e4sst sich der Badezuber problemlos an verschiedene Standorte transportieren \u2013 ideal f\u00fcr Veranstaltungen, Vermietung sowie den privaten Gebrauch. Hochwertige Materialien und eine durchdachte Konstruktion machen das Produkt zuverl\u00e4ssig, und der Bedienkomfort ist auf h\u00f6chstem Niveau!","og_url":"https:\/\/awero.ee\/de\/toode\/icon-tub-200-auf-anhanger\/","og_site_name":"Awero - S\u00fcdamega L\u00f5una-Eestist","og_image":[{"width":1920,"height":1280,"url":"https:\/\/awero.ee\/wp-content\/uploads\/2025\/04\/Icon-Tube-200-haagisel_eest_kattega.jpg","type":"image\/jpeg"}],"twitter_card":"summary_large_image","twitter_misc":{"Gesch\u00e4tzte Lesezeit":"1\u00a0Minute"},"schema":{"@context":"https:\/\/schema.org","@graph":[{"@type":"WebPage","@id":"https:\/\/awero.ee\/de\/toode\/icon-tub-200-auf-anhanger\/","url":"https:\/\/awero.ee\/de\/toode\/icon-tub-200-auf-anhanger\/","name":"Icon Tub 200 auf Anh\u00e4nger - Awero - S\u00fcdamega L\u00f5una-Eestist","isPartOf":{"@id":"https:\/\/awero.ee\/de\/#website"},"primaryImageOfPage":{"@id":"https:\/\/awero.ee\/de\/toode\/icon-tub-200-auf-anhanger\/#primaryimage"},"image":{"@id":"https:\/\/awero.ee\/de\/toode\/icon-tub-200-auf-anhanger\/#primaryimage"},"thumbnailUrl":"https:\/\/awero.ee\/wp-content\/uploads\/2025\/04\/Icon-Tube-200-haagisel_eest_kattega.jpg","datePublished":"2025-04-13T17:20:32+00:00","breadcrumb":{"@id":"https:\/\/awero.ee\/de\/toode\/icon-tub-200-auf-anhanger\/#breadcrumb"},"inLanguage":"de","potentialAction":[{"@type":"ReadAction","target":["https:\/\/awero.ee\/de\/toode\/icon-tub-200-auf-anhanger\/"]}]},{"@type":"ImageObject","inLanguage":"de","@id":"https:\/\/awero.ee\/de\/toode\/icon-tub-200-auf-anhanger\/#primaryimage","url":"https:\/\/awero.ee\/wp-content\/uploads\/2025\/04\/Icon-Tube-200-haagisel_eest_kattega.jpg","contentUrl":"https:\/\/awero.ee\/wp-content\/uploads\/2025\/04\/Icon-Tube-200-haagisel_eest_kattega.jpg","width":1920,"height":1280},{"@type":"BreadcrumbList","@id":"https:\/\/awero.ee\/de\/toode\/icon-tub-200-auf-anhanger\/#breadcrumb","itemListElement":[{"@type":"ListItem","position":1,"name":"Home","item":"https:\/\/awero.ee\/de\/startseite\/"},{"@type":"ListItem","position":2,"name":"Pood","item":"https:\/\/awero.ee\/pood\/"},{"@type":"ListItem","position":3,"name":"Icon Tub 200 auf Anh\u00e4nger"}]},{"@type":"WebSite","@id":"https:\/\/awero.ee\/de\/#website","url":"https:\/\/awero.ee\/de\/","name":"Awero - S\u00fcdamega L\u00f5una Eestist","description":"","publisher":{"@id":"https:\/\/awero.ee\/de\/#organization"},"potentialAction":[{"@type":"SearchAction","target":{"@type":"EntryPoint","urlTemplate":"https:\/\/awero.ee\/de\/?s={search_term_string}"},"query-input":{"@type":"PropertyValueSpecification","valueRequired":true,"valueName":"search_term_string"}}],"inLanguage":"de"},{"@type":"Organization","@id":"https:\/\/awero.ee\/de\/#organization","name":"Awero - S\u00fcdamega L\u00f5una Eestist","url":"https:\/\/awero.ee\/de\/","logo":{"@type":"ImageObject","inLanguage":"de","@id":"https:\/\/awero.ee\/de\/#\/schema\/logo\/image\/","url":"https:\/\/awero.ee\/wp-content\/uploads\/2024\/07\/aweroplaceholder.jpg","contentUrl":"https:\/\/awero.ee\/wp-content\/uploads\/2024\/07\/aweroplaceholder.jpg","width":1250,"height":834,"caption":"Awero - S\u00fcdamega L\u00f5una Eestist"},"image":{"@id":"https:\/\/awero.ee\/de\/#\/schema\/logo\/image\/"}}]}},"_links":{"self":[{"href":"https:\/\/awero.ee\/de\/wp-json\/wp\/v2\/product\/14279","targetHints":{"allow":["GET"]}}],"collection":[{"href":"https:\/\/awero.ee\/de\/wp-json\/wp\/v2\/product"}],"about":[{"href":"https:\/\/awero.ee\/de\/wp-json\/wp\/v2\/types\/product"}],"wp:featuredmedia":[{"embeddable":true,"href":"https:\/\/awero.ee\/de\/wp-json\/wp\/v2\/media\/14280"}],"wp:attachment":[{"href":"https:\/\/awero.ee\/de\/wp-json\/wp\/v2\/media?parent=14279"}],"wp:term":[{"taxonomy":"product_brand","embeddable":true,"href":"https:\/\/awero.ee\/de\/wp-json\/wp\/v2\/product_brand?post=14279"},{"taxonomy":"product_cat","embeddable":true,"href":"https:\/\/awero.ee\/de\/wp-json\/wp\/v2\/product_cat?post=14279"},{"taxonomy":"product_tag","embeddable":true,"href":"https:\/\/awero.ee\/de\/wp-json\/wp\/v2\/product_tag?post=14279"}],"curies":[{"name":"wp","href":"https:\/\/api.w.org\/{rel}","templated":true}]}}