{"id":14276,"date":"2025-04-01T09:01:42","date_gmt":"2025-04-01T09:01:42","guid":{"rendered":"https:\/\/awero.ee\/toode\/paddel-zum-umruhren-des-wassers\/"},"modified":"2025-04-01T09:01:42","modified_gmt":"2025-04-01T09:01:42","slug":"paddel-zum-umruhren-des-wassers","status":"publish","type":"product","link":"https:\/\/awero.ee\/de\/toode\/paddel-zum-umruhren-des-wassers\/","title":{"rendered":"Paddel zum Umr\u00fchren des Wassers"},"content":{"rendered":"","protected":false},"excerpt":{"rendered":"<p class=\"\" data-start=\"45\" data-end=\"322\">Sorgt f\u00fcr eine gleichm\u00e4\u00dfige Wassertemperatur im gesamten Badefass. Langlebig und bequem zu bedienen \u2013 ideal zum Umr\u00fchren des Wassers vor dem Baden. Das perfekte Entspannungserlebnis beginnt mit der richtigen Temperatur. Ein unverzichtbares Hilfsmittel f\u00fcr jeden Badefass-Besitzer.   <\/p>\n","protected":false},"featured_media":2340,"template":"","meta":{"_acf_changed":false},"product_brand":[],"product_cat":[1681],"product_tag":[],"class_list":{"0":"post-14276","1":"product","2":"type-product","3":"status-publish","4":"has-post-thumbnail","6":"product_cat-zusatzausstattungen","8":"first","9":"instock","10":"shipping-taxable","11":"product-type-simple"},"acf":[],"yoast_head":"<!-- This site is optimized with the Yoast SEO plugin v27.5 - https:\/\/yoast.com\/product\/yoast-seo-wordpress\/ -->\n<title>Paddel zum Umr\u00fchren des Wassers - Awero - S\u00fcdamega L\u00f5una-Eestist<\/title>\n<meta name=\"robots\" content=\"index, follow, max-snippet:-1, max-image-preview:large, max-video-preview:-1\" \/>\n<link rel=\"canonical\" href=\"https:\/\/awero.ee\/de\/toode\/paddel-zum-umruhren-des-wassers\/\" \/>\n<meta property=\"og:locale\" content=\"de_DE\" \/>\n<meta property=\"og:type\" content=\"article\" \/>\n<meta property=\"og:title\" content=\"Paddel zum Umr\u00fchren des Wassers - Awero - S\u00fcdamega L\u00f5una-Eestist\" \/>\n<meta property=\"og:description\" content=\"Sorgt f\u00fcr eine gleichm\u00e4\u00dfige Wassertemperatur im gesamten Badefass. Langlebig und bequem zu bedienen \u2013 ideal zum Umr\u00fchren des Wassers vor dem Baden. Das perfekte Entspannungserlebnis beginnt mit der richtigen Temperatur. Ein unverzichtbares Hilfsmittel f\u00fcr jeden Badefass-Besitzer.\" \/>\n<meta property=\"og:url\" content=\"https:\/\/awero.ee\/de\/toode\/paddel-zum-umruhren-des-wassers\/\" \/>\n<meta property=\"og:site_name\" content=\"Awero - S\u00fcdamega L\u00f5una-Eestist\" \/>\n<meta property=\"og:image\" content=\"https:\/\/awero.ee\/wp-content\/uploads\/2025\/04\/Mola-vee-segamiseks-1.jpg\" \/>\n\t<meta property=\"og:image:width\" content=\"1200\" \/>\n\t<meta property=\"og:image:height\" content=\"1600\" \/>\n\t<meta property=\"og:image:type\" content=\"image\/jpeg\" \/>\n<meta name=\"twitter:card\" content=\"summary_large_image\" \/>\n<script type=\"application\/ld+json\" class=\"yoast-schema-graph\">{\"@context\":\"https:\\\/\\\/schema.org\",\"@graph\":[{\"@type\":\"WebPage\",\"@id\":\"https:\\\/\\\/awero.ee\\\/de\\\/toode\\\/paddel-zum-umruhren-des-wassers\\\/\",\"url\":\"https:\\\/\\\/awero.ee\\\/de\\\/toode\\\/paddel-zum-umruhren-des-wassers\\\/\",\"name\":\"Paddel zum Umr\u00fchren des Wassers - Awero - S\u00fcdamega L\u00f5una-Eestist\",\"isPartOf\":{\"@id\":\"https:\\\/\\\/awero.ee\\\/de\\\/#website\"},\"primaryImageOfPage\":{\"@id\":\"https:\\\/\\\/awero.ee\\\/de\\\/toode\\\/paddel-zum-umruhren-des-wassers\\\/#primaryimage\"},\"image\":{\"@id\":\"https:\\\/\\\/awero.ee\\\/de\\\/toode\\\/paddel-zum-umruhren-des-wassers\\\/#primaryimage\"},\"thumbnailUrl\":\"https:\\\/\\\/awero.ee\\\/wp-content\\\/uploads\\\/2025\\\/04\\\/Mola-vee-segamiseks-1.jpg\",\"datePublished\":\"2025-04-01T09:01:42+00:00\",\"breadcrumb\":{\"@id\":\"https:\\\/\\\/awero.ee\\\/de\\\/toode\\\/paddel-zum-umruhren-des-wassers\\\/#breadcrumb\"},\"inLanguage\":\"de\",\"potentialAction\":[{\"@type\":\"ReadAction\",\"target\":[\"https:\\\/\\\/awero.ee\\\/de\\\/toode\\\/paddel-zum-umruhren-des-wassers\\\/\"]}]},{\"@type\":\"ImageObject\",\"inLanguage\":\"de\",\"@id\":\"https:\\\/\\\/awero.ee\\\/de\\\/toode\\\/paddel-zum-umruhren-des-wassers\\\/#primaryimage\",\"url\":\"https:\\\/\\\/awero.ee\\\/wp-content\\\/uploads\\\/2025\\\/04\\\/Mola-vee-segamiseks-1.jpg\",\"contentUrl\":\"https:\\\/\\\/awero.ee\\\/wp-content\\\/uploads\\\/2025\\\/04\\\/Mola-vee-segamiseks-1.jpg\",\"width\":1200,\"height\":1600},{\"@type\":\"BreadcrumbList\",\"@id\":\"https:\\\/\\\/awero.ee\\\/de\\\/toode\\\/paddel-zum-umruhren-des-wassers\\\/#breadcrumb\",\"itemListElement\":[{\"@type\":\"ListItem\",\"position\":1,\"name\":\"Home\",\"item\":\"https:\\\/\\\/awero.ee\\\/de\\\/startseite\\\/\"},{\"@type\":\"ListItem\",\"position\":2,\"name\":\"Pood\",\"item\":\"https:\\\/\\\/awero.ee\\\/pood\\\/\"},{\"@type\":\"ListItem\",\"position\":3,\"name\":\"Paddel zum Umr\u00fchren des Wassers\"}]},{\"@type\":\"WebSite\",\"@id\":\"https:\\\/\\\/awero.ee\\\/de\\\/#website\",\"url\":\"https:\\\/\\\/awero.ee\\\/de\\\/\",\"name\":\"Awero - S\u00fcdamega L\u00f5una Eestist\",\"description\":\"\",\"publisher\":{\"@id\":\"https:\\\/\\\/awero.ee\\\/de\\\/#organization\"},\"potentialAction\":[{\"@type\":\"SearchAction\",\"target\":{\"@type\":\"EntryPoint\",\"urlTemplate\":\"https:\\\/\\\/awero.ee\\\/de\\\/?s={search_term_string}\"},\"query-input\":{\"@type\":\"PropertyValueSpecification\",\"valueRequired\":true,\"valueName\":\"search_term_string\"}}],\"inLanguage\":\"de\"},{\"@type\":\"Organization\",\"@id\":\"https:\\\/\\\/awero.ee\\\/de\\\/#organization\",\"name\":\"Awero - S\u00fcdamega L\u00f5una Eestist\",\"url\":\"https:\\\/\\\/awero.ee\\\/de\\\/\",\"logo\":{\"@type\":\"ImageObject\",\"inLanguage\":\"de\",\"@id\":\"https:\\\/\\\/awero.ee\\\/de\\\/#\\\/schema\\\/logo\\\/image\\\/\",\"url\":\"https:\\\/\\\/awero.ee\\\/wp-content\\\/uploads\\\/2024\\\/07\\\/aweroplaceholder.jpg\",\"contentUrl\":\"https:\\\/\\\/awero.ee\\\/wp-content\\\/uploads\\\/2024\\\/07\\\/aweroplaceholder.jpg\",\"width\":1250,\"height\":834,\"caption\":\"Awero - S\u00fcdamega L\u00f5una Eestist\"},\"image\":{\"@id\":\"https:\\\/\\\/awero.ee\\\/de\\\/#\\\/schema\\\/logo\\\/image\\\/\"}}]}<\/script>\n<!-- \/ Yoast SEO plugin. -->","yoast_head_json":{"title":"Paddel zum Umr\u00fchren des Wassers - Awero - S\u00fcdamega L\u00f5una-Eestist","robots":{"index":"index","follow":"follow","max-snippet":"max-snippet:-1","max-image-preview":"max-image-preview:large","max-video-preview":"max-video-preview:-1"},"canonical":"https:\/\/awero.ee\/de\/toode\/paddel-zum-umruhren-des-wassers\/","og_locale":"de_DE","og_type":"article","og_title":"Paddel zum Umr\u00fchren des Wassers - Awero - S\u00fcdamega L\u00f5una-Eestist","og_description":"Sorgt f\u00fcr eine gleichm\u00e4\u00dfige Wassertemperatur im gesamten Badefass. Langlebig und bequem zu bedienen \u2013 ideal zum Umr\u00fchren des Wassers vor dem Baden. Das perfekte Entspannungserlebnis beginnt mit der richtigen Temperatur. Ein unverzichtbares Hilfsmittel f\u00fcr jeden Badefass-Besitzer.","og_url":"https:\/\/awero.ee\/de\/toode\/paddel-zum-umruhren-des-wassers\/","og_site_name":"Awero - S\u00fcdamega L\u00f5una-Eestist","og_image":[{"width":1200,"height":1600,"url":"https:\/\/awero.ee\/wp-content\/uploads\/2025\/04\/Mola-vee-segamiseks-1.jpg","type":"image\/jpeg"}],"twitter_card":"summary_large_image","schema":{"@context":"https:\/\/schema.org","@graph":[{"@type":"WebPage","@id":"https:\/\/awero.ee\/de\/toode\/paddel-zum-umruhren-des-wassers\/","url":"https:\/\/awero.ee\/de\/toode\/paddel-zum-umruhren-des-wassers\/","name":"Paddel zum Umr\u00fchren des Wassers - Awero - S\u00fcdamega L\u00f5una-Eestist","isPartOf":{"@id":"https:\/\/awero.ee\/de\/#website"},"primaryImageOfPage":{"@id":"https:\/\/awero.ee\/de\/toode\/paddel-zum-umruhren-des-wassers\/#primaryimage"},"image":{"@id":"https:\/\/awero.ee\/de\/toode\/paddel-zum-umruhren-des-wassers\/#primaryimage"},"thumbnailUrl":"https:\/\/awero.ee\/wp-content\/uploads\/2025\/04\/Mola-vee-segamiseks-1.jpg","datePublished":"2025-04-01T09:01:42+00:00","breadcrumb":{"@id":"https:\/\/awero.ee\/de\/toode\/paddel-zum-umruhren-des-wassers\/#breadcrumb"},"inLanguage":"de","potentialAction":[{"@type":"ReadAction","target":["https:\/\/awero.ee\/de\/toode\/paddel-zum-umruhren-des-wassers\/"]}]},{"@type":"ImageObject","inLanguage":"de","@id":"https:\/\/awero.ee\/de\/toode\/paddel-zum-umruhren-des-wassers\/#primaryimage","url":"https:\/\/awero.ee\/wp-content\/uploads\/2025\/04\/Mola-vee-segamiseks-1.jpg","contentUrl":"https:\/\/awero.ee\/wp-content\/uploads\/2025\/04\/Mola-vee-segamiseks-1.jpg","width":1200,"height":1600},{"@type":"BreadcrumbList","@id":"https:\/\/awero.ee\/de\/toode\/paddel-zum-umruhren-des-wassers\/#breadcrumb","itemListElement":[{"@type":"ListItem","position":1,"name":"Home","item":"https:\/\/awero.ee\/de\/startseite\/"},{"@type":"ListItem","position":2,"name":"Pood","item":"https:\/\/awero.ee\/pood\/"},{"@type":"ListItem","position":3,"name":"Paddel zum Umr\u00fchren des Wassers"}]},{"@type":"WebSite","@id":"https:\/\/awero.ee\/de\/#website","url":"https:\/\/awero.ee\/de\/","name":"Awero - S\u00fcdamega L\u00f5una Eestist","description":"","publisher":{"@id":"https:\/\/awero.ee\/de\/#organization"},"potentialAction":[{"@type":"SearchAction","target":{"@type":"EntryPoint","urlTemplate":"https:\/\/awero.ee\/de\/?s={search_term_string}"},"query-input":{"@type":"PropertyValueSpecification","valueRequired":true,"valueName":"search_term_string"}}],"inLanguage":"de"},{"@type":"Organization","@id":"https:\/\/awero.ee\/de\/#organization","name":"Awero - S\u00fcdamega L\u00f5una Eestist","url":"https:\/\/awero.ee\/de\/","logo":{"@type":"ImageObject","inLanguage":"de","@id":"https:\/\/awero.ee\/de\/#\/schema\/logo\/image\/","url":"https:\/\/awero.ee\/wp-content\/uploads\/2024\/07\/aweroplaceholder.jpg","contentUrl":"https:\/\/awero.ee\/wp-content\/uploads\/2024\/07\/aweroplaceholder.jpg","width":1250,"height":834,"caption":"Awero - S\u00fcdamega L\u00f5una Eestist"},"image":{"@id":"https:\/\/awero.ee\/de\/#\/schema\/logo\/image\/"}}]}},"_links":{"self":[{"href":"https:\/\/awero.ee\/de\/wp-json\/wp\/v2\/product\/14276","targetHints":{"allow":["GET"]}}],"collection":[{"href":"https:\/\/awero.ee\/de\/wp-json\/wp\/v2\/product"}],"about":[{"href":"https:\/\/awero.ee\/de\/wp-json\/wp\/v2\/types\/product"}],"wp:featuredmedia":[{"embeddable":true,"href":"https:\/\/awero.ee\/de\/wp-json\/wp\/v2\/media\/2340"}],"wp:attachment":[{"href":"https:\/\/awero.ee\/de\/wp-json\/wp\/v2\/media?parent=14276"}],"wp:term":[{"taxonomy":"product_brand","embeddable":true,"href":"https:\/\/awero.ee\/de\/wp-json\/wp\/v2\/product_brand?post=14276"},{"taxonomy":"product_cat","embeddable":true,"href":"https:\/\/awero.ee\/de\/wp-json\/wp\/v2\/product_cat?post=14276"},{"taxonomy":"product_tag","embeddable":true,"href":"https:\/\/awero.ee\/de\/wp-json\/wp\/v2\/product_tag?post=14276"}],"curies":[{"name":"wp","href":"https:\/\/api.w.org\/{rel}","templated":true}]}}