{"id":14270,"date":"2025-05-14T12:53:16","date_gmt":"2025-05-14T12:53:16","guid":{"rendered":"https:\/\/awero.ee\/toode\/biolan-trockentoilette-komplet\/"},"modified":"2025-05-14T12:53:16","modified_gmt":"2025-05-14T12:53:16","slug":"biolan-trockentoilette-komplet","status":"publish","type":"product","link":"https:\/\/awero.ee\/de\/toode\/biolan-trockentoilette-komplet\/","title":{"rendered":"Biolan-Trockentoilette KOMPLET"},"content":{"rendered":"<p><span class=\"\">Die Biolani-Trockentoilette KOMPLET ist eine geruchsfreie und einfach zu bedienende Toilette f\u00fcr Land- und Ferienh\u00e4user. Sie l\u00e4sst sich leicht auf dem Boden eines Toilettenraums installieren und kann entweder als separate Au\u00dfentoilette oder auch im Wohnhaus eingesetzt werden. Sie eignet sich au\u00dferdem zur Renovierung einer bestehenden Au\u00dfentoilette. Im t\u00e4glichen Gebrauch bleibt die Biolan-Trockentoilette KOMPLET sauber und angenehm. Wasser oder Strom sind nicht erforderlich \u2013 ben\u00f6tigt wird lediglich Kompost- und Trockentoilettentorf von Biolan.   <\/span><\/p>\n","protected":false},"excerpt":{"rendered":"<h4>Komfort f\u00fcr das Land- und Ferienhaus!<\/h4>\n<ul>\n<li>Saubere und benutzerfreundliche Trockentoilette<\/li>\n<li>Dank des L\u00fcftungsrohrs vom Toilettenbeh\u00e4lter bis zum Dach entstehen keine unangenehmen Ger\u00fcche im Raum<\/li>\n<li>Bequemer und hygienischer w\u00e4rmeisolierter Toilettensitz<\/li>\n<li>Leicht zu reinigen<\/li>\n<li>Bodenmontage<\/li>\n<\/ul>\n","protected":false},"featured_media":3213,"template":"","meta":{"_acf_changed":false},"product_brand":[],"product_cat":[1681],"product_tag":[],"class_list":{"0":"post-14270","1":"product","2":"type-product","3":"status-publish","4":"has-post-thumbnail","6":"product_cat-zusatzausstattungen","8":"first","9":"instock","10":"shipping-taxable","11":"product-type-simple"},"acf":[],"yoast_head":"<!-- This site is optimized with the Yoast SEO plugin v26.8 - https:\/\/yoast.com\/product\/yoast-seo-wordpress\/ -->\n<title>Biolan-Trockentoilette KOMPLET - Awero - S\u00fcdamega L\u00f5una-Eestist<\/title>\n<meta name=\"robots\" content=\"index, follow, max-snippet:-1, max-image-preview:large, max-video-preview:-1\" \/>\n<link rel=\"canonical\" href=\"https:\/\/awero.ee\/de\/toode\/biolan-trockentoilette-komplet\/\" \/>\n<meta property=\"og:locale\" content=\"de_DE\" \/>\n<meta property=\"og:type\" content=\"article\" \/>\n<meta property=\"og:title\" content=\"Biolan-Trockentoilette KOMPLET - Awero - S\u00fcdamega L\u00f5una-Eestist\" \/>\n<meta property=\"og:description\" content=\"Komfort f\u00fcr das Land- und Ferienhaus!  Saubere und benutzerfreundliche Trockentoilette  Dank des L\u00fcftungsrohrs vom Toilettenbeh\u00e4lter bis zum Dach entstehen keine unangenehmen Ger\u00fcche im Raum  Bequemer und hygienischer w\u00e4rmeisolierter Toilettensitz  Leicht zu reinigen  Bodenmontage\" \/>\n<meta property=\"og:url\" content=\"https:\/\/awero.ee\/de\/toode\/biolan-trockentoilette-komplet\/\" \/>\n<meta property=\"og:site_name\" content=\"Awero - S\u00fcdamega L\u00f5una-Eestist\" \/>\n<meta property=\"og:image\" content=\"https:\/\/awero.ee\/wp-content\/uploads\/2025\/05\/biolan_kuivikekaymala_tummanharmaa-1120x500q85.jpg\" \/>\n\t<meta property=\"og:image:width\" content=\"373\" \/>\n\t<meta property=\"og:image:height\" content=\"500\" \/>\n\t<meta property=\"og:image:type\" content=\"image\/jpeg\" \/>\n<meta name=\"twitter:card\" content=\"summary_large_image\" \/>\n<script type=\"application\/ld+json\" class=\"yoast-schema-graph\">{\"@context\":\"https:\/\/schema.org\",\"@graph\":[{\"@type\":\"WebPage\",\"@id\":\"https:\/\/awero.ee\/de\/toode\/biolan-trockentoilette-komplet\/\",\"url\":\"https:\/\/awero.ee\/de\/toode\/biolan-trockentoilette-komplet\/\",\"name\":\"Biolan-Trockentoilette KOMPLET - Awero - S\u00fcdamega L\u00f5una-Eestist\",\"isPartOf\":{\"@id\":\"https:\/\/awero.ee\/de\/#website\"},\"primaryImageOfPage\":{\"@id\":\"https:\/\/awero.ee\/de\/toode\/biolan-trockentoilette-komplet\/#primaryimage\"},\"image\":{\"@id\":\"https:\/\/awero.ee\/de\/toode\/biolan-trockentoilette-komplet\/#primaryimage\"},\"thumbnailUrl\":\"https:\/\/awero.ee\/wp-content\/uploads\/2025\/05\/biolan_kuivikekaymala_tummanharmaa-1120x500q85.jpg\",\"datePublished\":\"2025-05-14T12:53:16+00:00\",\"breadcrumb\":{\"@id\":\"https:\/\/awero.ee\/de\/toode\/biolan-trockentoilette-komplet\/#breadcrumb\"},\"inLanguage\":\"de\",\"potentialAction\":[{\"@type\":\"ReadAction\",\"target\":[\"https:\/\/awero.ee\/de\/toode\/biolan-trockentoilette-komplet\/\"]}]},{\"@type\":\"ImageObject\",\"inLanguage\":\"de\",\"@id\":\"https:\/\/awero.ee\/de\/toode\/biolan-trockentoilette-komplet\/#primaryimage\",\"url\":\"https:\/\/awero.ee\/wp-content\/uploads\/2025\/05\/biolan_kuivikekaymala_tummanharmaa-1120x500q85.jpg\",\"contentUrl\":\"https:\/\/awero.ee\/wp-content\/uploads\/2025\/05\/biolan_kuivikekaymala_tummanharmaa-1120x500q85.jpg\",\"width\":373,\"height\":500},{\"@type\":\"BreadcrumbList\",\"@id\":\"https:\/\/awero.ee\/de\/toode\/biolan-trockentoilette-komplet\/#breadcrumb\",\"itemListElement\":[{\"@type\":\"ListItem\",\"position\":1,\"name\":\"Home\",\"item\":\"https:\/\/awero.ee\/de\/startseite\/\"},{\"@type\":\"ListItem\",\"position\":2,\"name\":\"Pood\",\"item\":\"https:\/\/awero.ee\/pood\/\"},{\"@type\":\"ListItem\",\"position\":3,\"name\":\"Biolan-Trockentoilette KOMPLET\"}]},{\"@type\":\"WebSite\",\"@id\":\"https:\/\/awero.ee\/de\/#website\",\"url\":\"https:\/\/awero.ee\/de\/\",\"name\":\"Awero - S\u00fcdamega L\u00f5una Eestist\",\"description\":\"\",\"publisher\":{\"@id\":\"https:\/\/awero.ee\/de\/#organization\"},\"potentialAction\":[{\"@type\":\"SearchAction\",\"target\":{\"@type\":\"EntryPoint\",\"urlTemplate\":\"https:\/\/awero.ee\/de\/?s={search_term_string}\"},\"query-input\":{\"@type\":\"PropertyValueSpecification\",\"valueRequired\":true,\"valueName\":\"search_term_string\"}}],\"inLanguage\":\"de\"},{\"@type\":\"Organization\",\"@id\":\"https:\/\/awero.ee\/de\/#organization\",\"name\":\"Awero - S\u00fcdamega L\u00f5una Eestist\",\"url\":\"https:\/\/awero.ee\/de\/\",\"logo\":{\"@type\":\"ImageObject\",\"inLanguage\":\"de\",\"@id\":\"https:\/\/awero.ee\/de\/#\/schema\/logo\/image\/\",\"url\":\"https:\/\/awero.ee\/wp-content\/uploads\/2024\/07\/aweroplaceholder.jpg\",\"contentUrl\":\"https:\/\/awero.ee\/wp-content\/uploads\/2024\/07\/aweroplaceholder.jpg\",\"width\":1250,\"height\":834,\"caption\":\"Awero - S\u00fcdamega L\u00f5una Eestist\"},\"image\":{\"@id\":\"https:\/\/awero.ee\/de\/#\/schema\/logo\/image\/\"}}]}<\/script>\n<!-- \/ Yoast SEO plugin. -->","yoast_head_json":{"title":"Biolan-Trockentoilette KOMPLET - Awero - S\u00fcdamega L\u00f5una-Eestist","robots":{"index":"index","follow":"follow","max-snippet":"max-snippet:-1","max-image-preview":"max-image-preview:large","max-video-preview":"max-video-preview:-1"},"canonical":"https:\/\/awero.ee\/de\/toode\/biolan-trockentoilette-komplet\/","og_locale":"de_DE","og_type":"article","og_title":"Biolan-Trockentoilette KOMPLET - Awero - S\u00fcdamega L\u00f5una-Eestist","og_description":"Komfort f\u00fcr das Land- und Ferienhaus!  Saubere und benutzerfreundliche Trockentoilette  Dank des L\u00fcftungsrohrs vom Toilettenbeh\u00e4lter bis zum Dach entstehen keine unangenehmen Ger\u00fcche im Raum  Bequemer und hygienischer w\u00e4rmeisolierter Toilettensitz  Leicht zu reinigen  Bodenmontage","og_url":"https:\/\/awero.ee\/de\/toode\/biolan-trockentoilette-komplet\/","og_site_name":"Awero - S\u00fcdamega L\u00f5una-Eestist","og_image":[{"width":373,"height":500,"url":"https:\/\/awero.ee\/wp-content\/uploads\/2025\/05\/biolan_kuivikekaymala_tummanharmaa-1120x500q85.jpg","type":"image\/jpeg"}],"twitter_card":"summary_large_image","schema":{"@context":"https:\/\/schema.org","@graph":[{"@type":"WebPage","@id":"https:\/\/awero.ee\/de\/toode\/biolan-trockentoilette-komplet\/","url":"https:\/\/awero.ee\/de\/toode\/biolan-trockentoilette-komplet\/","name":"Biolan-Trockentoilette KOMPLET - Awero - S\u00fcdamega L\u00f5una-Eestist","isPartOf":{"@id":"https:\/\/awero.ee\/de\/#website"},"primaryImageOfPage":{"@id":"https:\/\/awero.ee\/de\/toode\/biolan-trockentoilette-komplet\/#primaryimage"},"image":{"@id":"https:\/\/awero.ee\/de\/toode\/biolan-trockentoilette-komplet\/#primaryimage"},"thumbnailUrl":"https:\/\/awero.ee\/wp-content\/uploads\/2025\/05\/biolan_kuivikekaymala_tummanharmaa-1120x500q85.jpg","datePublished":"2025-05-14T12:53:16+00:00","breadcrumb":{"@id":"https:\/\/awero.ee\/de\/toode\/biolan-trockentoilette-komplet\/#breadcrumb"},"inLanguage":"de","potentialAction":[{"@type":"ReadAction","target":["https:\/\/awero.ee\/de\/toode\/biolan-trockentoilette-komplet\/"]}]},{"@type":"ImageObject","inLanguage":"de","@id":"https:\/\/awero.ee\/de\/toode\/biolan-trockentoilette-komplet\/#primaryimage","url":"https:\/\/awero.ee\/wp-content\/uploads\/2025\/05\/biolan_kuivikekaymala_tummanharmaa-1120x500q85.jpg","contentUrl":"https:\/\/awero.ee\/wp-content\/uploads\/2025\/05\/biolan_kuivikekaymala_tummanharmaa-1120x500q85.jpg","width":373,"height":500},{"@type":"BreadcrumbList","@id":"https:\/\/awero.ee\/de\/toode\/biolan-trockentoilette-komplet\/#breadcrumb","itemListElement":[{"@type":"ListItem","position":1,"name":"Home","item":"https:\/\/awero.ee\/de\/startseite\/"},{"@type":"ListItem","position":2,"name":"Pood","item":"https:\/\/awero.ee\/pood\/"},{"@type":"ListItem","position":3,"name":"Biolan-Trockentoilette KOMPLET"}]},{"@type":"WebSite","@id":"https:\/\/awero.ee\/de\/#website","url":"https:\/\/awero.ee\/de\/","name":"Awero - S\u00fcdamega L\u00f5una Eestist","description":"","publisher":{"@id":"https:\/\/awero.ee\/de\/#organization"},"potentialAction":[{"@type":"SearchAction","target":{"@type":"EntryPoint","urlTemplate":"https:\/\/awero.ee\/de\/?s={search_term_string}"},"query-input":{"@type":"PropertyValueSpecification","valueRequired":true,"valueName":"search_term_string"}}],"inLanguage":"de"},{"@type":"Organization","@id":"https:\/\/awero.ee\/de\/#organization","name":"Awero - S\u00fcdamega L\u00f5una Eestist","url":"https:\/\/awero.ee\/de\/","logo":{"@type":"ImageObject","inLanguage":"de","@id":"https:\/\/awero.ee\/de\/#\/schema\/logo\/image\/","url":"https:\/\/awero.ee\/wp-content\/uploads\/2024\/07\/aweroplaceholder.jpg","contentUrl":"https:\/\/awero.ee\/wp-content\/uploads\/2024\/07\/aweroplaceholder.jpg","width":1250,"height":834,"caption":"Awero - S\u00fcdamega L\u00f5una Eestist"},"image":{"@id":"https:\/\/awero.ee\/de\/#\/schema\/logo\/image\/"}}]}},"_links":{"self":[{"href":"https:\/\/awero.ee\/de\/wp-json\/wp\/v2\/product\/14270","targetHints":{"allow":["GET"]}}],"collection":[{"href":"https:\/\/awero.ee\/de\/wp-json\/wp\/v2\/product"}],"about":[{"href":"https:\/\/awero.ee\/de\/wp-json\/wp\/v2\/types\/product"}],"wp:featuredmedia":[{"embeddable":true,"href":"https:\/\/awero.ee\/de\/wp-json\/wp\/v2\/media\/3213"}],"wp:attachment":[{"href":"https:\/\/awero.ee\/de\/wp-json\/wp\/v2\/media?parent=14270"}],"wp:term":[{"taxonomy":"product_brand","embeddable":true,"href":"https:\/\/awero.ee\/de\/wp-json\/wp\/v2\/product_brand?post=14270"},{"taxonomy":"product_cat","embeddable":true,"href":"https:\/\/awero.ee\/de\/wp-json\/wp\/v2\/product_cat?post=14270"},{"taxonomy":"product_tag","embeddable":true,"href":"https:\/\/awero.ee\/de\/wp-json\/wp\/v2\/product_tag?post=14270"}],"curies":[{"name":"wp","href":"https:\/\/api.w.org\/{rel}","templated":true}]}}