{"id":14255,"date":"2025-04-25T05:48:37","date_gmt":"2025-04-25T05:48:37","guid":{"rendered":"https:\/\/awero.ee\/toode\/terrassenpool-250\/"},"modified":"2025-04-25T05:48:37","modified_gmt":"2025-04-25T05:48:37","slug":"terrassenpool-250","status":"publish","type":"product","link":"https:\/\/awero.ee\/de\/toode\/terrassenpool-250\/","title":{"rendered":"Terrassenpool 250"},"content":{"rendered":"<div class=\"p-rich_text_section\">Der <b data-stringify-type=\"bold\">Terrassenpool 250<\/b> von Awero ist mehr als eine Badewanne \u2013 er ist ein Erlebnis, das Sie ganz nach Ihren W\u00fcnschen gestalten k\u00f6nnen. Gestalten Sie Ihr Badeerlebnis individuell mit Zusatzausstattungen, die Komfort und Luxus auf ein neues Niveau heben.<br \/>\nGenie\u00dfen Sie mehr, sorgen Sie sich weniger: <\/div>\n<ul class=\"p-rich_text_list p-rich_text_list__bullet p-rich_text_list--nested\" data-stringify-type=\"unordered-list\" data-list-tree=\"true\" data-indent=\"0\" data-border=\"0\">\n<li data-stringify-indent=\"0\" data-stringify-border=\"0\"><b data-stringify-type=\"bold\">die LED-Beleuchtung<\/b> schafft eine gem\u00fctliche, romantische Atmosph\u00e4re, besonders in den Abendstunden.<\/li>\n<li data-stringify-indent=\"0\" data-stringify-border=\"0\"><b data-stringify-type=\"bold\">die Luftsprudelanlage und Massagefunktionen<\/b> lassen den K\u00f6rper wie in einem echten Luxus-Spa entspannen.<\/li>\n<li data-stringify-indent=\"0\" data-stringify-border=\"0\"><b data-stringify-type=\"bold\">Weiche Kopfst\u00fctzen<\/b> sorgen daf\u00fcr, dass jeder Moment so bequem und unterst\u00fctzend wie m\u00f6glich ist.<\/li>\n<li data-stringify-indent=\"0\" data-stringify-border=\"0\"><b data-stringify-type=\"bold\">die Elektroheizung mit Filtersystem<\/b> h\u00e4lt das Wasser stets auf der gew\u00fcnschten Temperatur und kristallklar<\/li>\n<\/ul>\n<div class=\"p-rich_text_section\"><b data-stringify-type=\"bold\">Sie m\u00f6chten eine Komplettl\u00f6sung?<\/b><br \/>\nKontaktieren Sie uns f\u00fcr ein Angebot zur professionellen Installation \u2013 wir helfen Ihnen, Ihren Traum vom Entspannungsbereich zu Hause zu verwirklichen.<\/div>\n","protected":false},"excerpt":{"rendered":"<p>Stellen Sie sich einen Moment vor, in dem die Sorgen des Tages langsam dahinschmelzen: Warmes Wasser verw\u00f6hnt Ihren K\u00f6rper, sanftes Licht sorgt f\u00fcr Stimmung, und alles andere scheint wie auf Pause zu stehen.<b data-stringify-type=\"bold\"> Der Terrassenpool 250<\/b> von Awero bringt Ruhe und Luxus direkt zu Ihnen nach Hause \u2013 ganz gleich, ob Sie im Herzen der Stadt oder in einer ruhigen l\u00e4ndlichen Gegend wohnen.<\/p>\n<p><span style=\"unicode-bidi: embed;\">Im Preis inbegriffen:<\/span><br \/>\n<a href=\"https:\/\/awero.ee\/tootekategooria\/kumblustunni-sisud\/\">Wanne aus Glasfaserkunststoff,<\/a><br \/>\n<a href=\"https:\/\/awero.ee\/toode\/soojustatud-termokate-kumblustunnile\/\">Thermoabdeckung,<\/a><br \/>\n<a href=\"https:\/\/awero.ee\/toode\/kumblustunni-soojustus-pur-vahuga\/\">PUR-Isolierung.<\/a><\/p>\n","protected":false},"featured_media":14264,"template":"","meta":{"_acf_changed":false},"product_brand":[],"product_cat":[1672,1684],"product_tag":[],"class_list":{"0":"post-14255","1":"product","2":"type-product","3":"status-publish","4":"has-post-thumbnail","6":"product_cat-badefasser","7":"product_cat-terrassenpools","9":"first","10":"instock","11":"sale","12":"shipping-taxable","13":"product-type-variable"},"acf":[],"yoast_head":"<!-- This site is optimized with the Yoast SEO plugin v26.8 - https:\/\/yoast.com\/product\/yoast-seo-wordpress\/ -->\n<title>Terrassenpool 250 - Awero - S\u00fcdamega L\u00f5una-Eestist<\/title>\n<meta name=\"robots\" content=\"index, follow, max-snippet:-1, max-image-preview:large, max-video-preview:-1\" \/>\n<link rel=\"canonical\" href=\"https:\/\/awero.ee\/de\/toode\/terrassenpool-250\/\" \/>\n<meta property=\"og:locale\" content=\"de_DE\" \/>\n<meta property=\"og:type\" content=\"article\" \/>\n<meta property=\"og:title\" content=\"Terrassenpool 250 - Awero - S\u00fcdamega L\u00f5una-Eestist\" \/>\n<meta property=\"og:description\" content=\"Stellen Sie sich einen Moment vor, in dem die Sorgen des Tages langsam dahinschmelzen: Warmes Wasser verw\u00f6hnt Ihren K\u00f6rper, sanftes Licht sorgt f\u00fcr Stimmung, und alles andere scheint wie auf Pause zu stehen. Der Terrassenpool 250 von Awero bringt Ruhe und Luxus direkt zu Ihnen nach Hause \u2013 ganz gleich, ob Sie im Herzen der Stadt oder in einer ruhigen l\u00e4ndlichen Gegend wohnen.  Im Preis inbegriffen: Wanne aus Glasfaserkunststoff, Thermoabdeckung, PUR-Isolierung.\" \/>\n<meta property=\"og:url\" content=\"https:\/\/awero.ee\/de\/toode\/terrassenpool-250\/\" \/>\n<meta property=\"og:site_name\" content=\"Awero - S\u00fcdamega L\u00f5una-Eestist\" \/>\n<meta property=\"og:image\" content=\"https:\/\/awero.ee\/wp-content\/uploads\/2025\/04\/3f-scaled.jpg\" \/>\n\t<meta property=\"og:image:width\" content=\"2560\" \/>\n\t<meta property=\"og:image:height\" content=\"1600\" \/>\n\t<meta property=\"og:image:type\" content=\"image\/jpeg\" \/>\n<meta name=\"twitter:card\" content=\"summary_large_image\" \/>\n<meta name=\"twitter:label1\" content=\"Gesch\u00e4tzte Lesezeit\" \/>\n\t<meta name=\"twitter:data1\" content=\"1\u00a0Minute\" \/>\n<script type=\"application\/ld+json\" class=\"yoast-schema-graph\">{\"@context\":\"https:\/\/schema.org\",\"@graph\":[{\"@type\":\"WebPage\",\"@id\":\"https:\/\/awero.ee\/de\/toode\/terrassenpool-250\/\",\"url\":\"https:\/\/awero.ee\/de\/toode\/terrassenpool-250\/\",\"name\":\"Terrassenpool 250 - Awero - S\u00fcdamega L\u00f5una-Eestist\",\"isPartOf\":{\"@id\":\"https:\/\/awero.ee\/de\/#website\"},\"primaryImageOfPage\":{\"@id\":\"https:\/\/awero.ee\/de\/toode\/terrassenpool-250\/#primaryimage\"},\"image\":{\"@id\":\"https:\/\/awero.ee\/de\/toode\/terrassenpool-250\/#primaryimage\"},\"thumbnailUrl\":\"https:\/\/awero.ee\/wp-content\/uploads\/2025\/04\/3f-scaled.jpg\",\"datePublished\":\"2025-04-25T05:48:37+00:00\",\"breadcrumb\":{\"@id\":\"https:\/\/awero.ee\/de\/toode\/terrassenpool-250\/#breadcrumb\"},\"inLanguage\":\"de\",\"potentialAction\":[{\"@type\":\"ReadAction\",\"target\":[\"https:\/\/awero.ee\/de\/toode\/terrassenpool-250\/\"]}]},{\"@type\":\"ImageObject\",\"inLanguage\":\"de\",\"@id\":\"https:\/\/awero.ee\/de\/toode\/terrassenpool-250\/#primaryimage\",\"url\":\"https:\/\/awero.ee\/wp-content\/uploads\/2025\/04\/3f-scaled.jpg\",\"contentUrl\":\"https:\/\/awero.ee\/wp-content\/uploads\/2025\/04\/3f-scaled.jpg\",\"width\":2560,\"height\":1600},{\"@type\":\"BreadcrumbList\",\"@id\":\"https:\/\/awero.ee\/de\/toode\/terrassenpool-250\/#breadcrumb\",\"itemListElement\":[{\"@type\":\"ListItem\",\"position\":1,\"name\":\"Home\",\"item\":\"https:\/\/awero.ee\/de\/startseite\/\"},{\"@type\":\"ListItem\",\"position\":2,\"name\":\"Pood\",\"item\":\"https:\/\/awero.ee\/pood\/\"},{\"@type\":\"ListItem\",\"position\":3,\"name\":\"Terrassenpool 250\"}]},{\"@type\":\"WebSite\",\"@id\":\"https:\/\/awero.ee\/de\/#website\",\"url\":\"https:\/\/awero.ee\/de\/\",\"name\":\"Awero - S\u00fcdamega L\u00f5una Eestist\",\"description\":\"\",\"publisher\":{\"@id\":\"https:\/\/awero.ee\/de\/#organization\"},\"potentialAction\":[{\"@type\":\"SearchAction\",\"target\":{\"@type\":\"EntryPoint\",\"urlTemplate\":\"https:\/\/awero.ee\/de\/?s={search_term_string}\"},\"query-input\":{\"@type\":\"PropertyValueSpecification\",\"valueRequired\":true,\"valueName\":\"search_term_string\"}}],\"inLanguage\":\"de\"},{\"@type\":\"Organization\",\"@id\":\"https:\/\/awero.ee\/de\/#organization\",\"name\":\"Awero - S\u00fcdamega L\u00f5una Eestist\",\"url\":\"https:\/\/awero.ee\/de\/\",\"logo\":{\"@type\":\"ImageObject\",\"inLanguage\":\"de\",\"@id\":\"https:\/\/awero.ee\/de\/#\/schema\/logo\/image\/\",\"url\":\"https:\/\/awero.ee\/wp-content\/uploads\/2024\/07\/aweroplaceholder.jpg\",\"contentUrl\":\"https:\/\/awero.ee\/wp-content\/uploads\/2024\/07\/aweroplaceholder.jpg\",\"width\":1250,\"height\":834,\"caption\":\"Awero - S\u00fcdamega L\u00f5una Eestist\"},\"image\":{\"@id\":\"https:\/\/awero.ee\/de\/#\/schema\/logo\/image\/\"}}]}<\/script>\n<!-- \/ Yoast SEO plugin. -->","yoast_head_json":{"title":"Terrassenpool 250 - Awero - S\u00fcdamega L\u00f5una-Eestist","robots":{"index":"index","follow":"follow","max-snippet":"max-snippet:-1","max-image-preview":"max-image-preview:large","max-video-preview":"max-video-preview:-1"},"canonical":"https:\/\/awero.ee\/de\/toode\/terrassenpool-250\/","og_locale":"de_DE","og_type":"article","og_title":"Terrassenpool 250 - Awero - S\u00fcdamega L\u00f5una-Eestist","og_description":"Stellen Sie sich einen Moment vor, in dem die Sorgen des Tages langsam dahinschmelzen: Warmes Wasser verw\u00f6hnt Ihren K\u00f6rper, sanftes Licht sorgt f\u00fcr Stimmung, und alles andere scheint wie auf Pause zu stehen. Der Terrassenpool 250 von Awero bringt Ruhe und Luxus direkt zu Ihnen nach Hause \u2013 ganz gleich, ob Sie im Herzen der Stadt oder in einer ruhigen l\u00e4ndlichen Gegend wohnen.  Im Preis inbegriffen: Wanne aus Glasfaserkunststoff, Thermoabdeckung, PUR-Isolierung.","og_url":"https:\/\/awero.ee\/de\/toode\/terrassenpool-250\/","og_site_name":"Awero - S\u00fcdamega L\u00f5una-Eestist","og_image":[{"width":2560,"height":1600,"url":"https:\/\/awero.ee\/wp-content\/uploads\/2025\/04\/3f-scaled.jpg","type":"image\/jpeg"}],"twitter_card":"summary_large_image","twitter_misc":{"Gesch\u00e4tzte Lesezeit":"1\u00a0Minute"},"schema":{"@context":"https:\/\/schema.org","@graph":[{"@type":"WebPage","@id":"https:\/\/awero.ee\/de\/toode\/terrassenpool-250\/","url":"https:\/\/awero.ee\/de\/toode\/terrassenpool-250\/","name":"Terrassenpool 250 - Awero - S\u00fcdamega L\u00f5una-Eestist","isPartOf":{"@id":"https:\/\/awero.ee\/de\/#website"},"primaryImageOfPage":{"@id":"https:\/\/awero.ee\/de\/toode\/terrassenpool-250\/#primaryimage"},"image":{"@id":"https:\/\/awero.ee\/de\/toode\/terrassenpool-250\/#primaryimage"},"thumbnailUrl":"https:\/\/awero.ee\/wp-content\/uploads\/2025\/04\/3f-scaled.jpg","datePublished":"2025-04-25T05:48:37+00:00","breadcrumb":{"@id":"https:\/\/awero.ee\/de\/toode\/terrassenpool-250\/#breadcrumb"},"inLanguage":"de","potentialAction":[{"@type":"ReadAction","target":["https:\/\/awero.ee\/de\/toode\/terrassenpool-250\/"]}]},{"@type":"ImageObject","inLanguage":"de","@id":"https:\/\/awero.ee\/de\/toode\/terrassenpool-250\/#primaryimage","url":"https:\/\/awero.ee\/wp-content\/uploads\/2025\/04\/3f-scaled.jpg","contentUrl":"https:\/\/awero.ee\/wp-content\/uploads\/2025\/04\/3f-scaled.jpg","width":2560,"height":1600},{"@type":"BreadcrumbList","@id":"https:\/\/awero.ee\/de\/toode\/terrassenpool-250\/#breadcrumb","itemListElement":[{"@type":"ListItem","position":1,"name":"Home","item":"https:\/\/awero.ee\/de\/startseite\/"},{"@type":"ListItem","position":2,"name":"Pood","item":"https:\/\/awero.ee\/pood\/"},{"@type":"ListItem","position":3,"name":"Terrassenpool 250"}]},{"@type":"WebSite","@id":"https:\/\/awero.ee\/de\/#website","url":"https:\/\/awero.ee\/de\/","name":"Awero - S\u00fcdamega L\u00f5una Eestist","description":"","publisher":{"@id":"https:\/\/awero.ee\/de\/#organization"},"potentialAction":[{"@type":"SearchAction","target":{"@type":"EntryPoint","urlTemplate":"https:\/\/awero.ee\/de\/?s={search_term_string}"},"query-input":{"@type":"PropertyValueSpecification","valueRequired":true,"valueName":"search_term_string"}}],"inLanguage":"de"},{"@type":"Organization","@id":"https:\/\/awero.ee\/de\/#organization","name":"Awero - S\u00fcdamega L\u00f5una Eestist","url":"https:\/\/awero.ee\/de\/","logo":{"@type":"ImageObject","inLanguage":"de","@id":"https:\/\/awero.ee\/de\/#\/schema\/logo\/image\/","url":"https:\/\/awero.ee\/wp-content\/uploads\/2024\/07\/aweroplaceholder.jpg","contentUrl":"https:\/\/awero.ee\/wp-content\/uploads\/2024\/07\/aweroplaceholder.jpg","width":1250,"height":834,"caption":"Awero - S\u00fcdamega L\u00f5una Eestist"},"image":{"@id":"https:\/\/awero.ee\/de\/#\/schema\/logo\/image\/"}}]}},"_links":{"self":[{"href":"https:\/\/awero.ee\/de\/wp-json\/wp\/v2\/product\/14255","targetHints":{"allow":["GET"]}}],"collection":[{"href":"https:\/\/awero.ee\/de\/wp-json\/wp\/v2\/product"}],"about":[{"href":"https:\/\/awero.ee\/de\/wp-json\/wp\/v2\/types\/product"}],"wp:featuredmedia":[{"embeddable":true,"href":"https:\/\/awero.ee\/de\/wp-json\/wp\/v2\/media\/14264"}],"wp:attachment":[{"href":"https:\/\/awero.ee\/de\/wp-json\/wp\/v2\/media?parent=14255"}],"wp:term":[{"taxonomy":"product_brand","embeddable":true,"href":"https:\/\/awero.ee\/de\/wp-json\/wp\/v2\/product_brand?post=14255"},{"taxonomy":"product_cat","embeddable":true,"href":"https:\/\/awero.ee\/de\/wp-json\/wp\/v2\/product_cat?post=14255"},{"taxonomy":"product_tag","embeddable":true,"href":"https:\/\/awero.ee\/de\/wp-json\/wp\/v2\/product_tag?post=14255"}],"curies":[{"name":"wp","href":"https:\/\/api.w.org\/{rel}","templated":true}]}}