{"id":14224,"date":"2025-04-13T17:50:51","date_gmt":"2025-04-13T17:50:51","guid":{"rendered":"https:\/\/awero.ee\/toode\/gartenhaus\/"},"modified":"2025-04-13T17:50:51","modified_gmt":"2025-04-13T17:50:51","slug":"gartenhaus","status":"publish","type":"product","link":"https:\/\/awero.ee\/de\/toode\/gartenhaus\/","title":{"rendered":"Gartenhaus"},"content":{"rendered":"<p>Beschreibung: Das Set enth\u00e4lt:<br \/>Wandmaterial: Fichte (24 mm) oder Thermokiefer<br \/>\nDachmaterial: schwarze Bitumenschindeln<br \/>\nAu\u00dfent\u00fcr mit abschlie\u00dfbarem Fenster.<br \/>\nZusatzausstattung:<br \/>Au\u00dfenverkleidung f\u00fcr das zusammengebaute Haus, 90 \u20ac.<\/p>\n","protected":false},"excerpt":{"rendered":"<p>Dieses kompakte und stilvolle Gartenhaus bietet den perfekten Stauraum f\u00fcr Gartenwerkzeuge, Zubeh\u00f6r oder sonstige Utensilien. Hergestellt aus strapazierf\u00e4higem nat\u00fcrlichem Fichtenholz (24 mm) oder Thermokiefernholz (28 mm). Das Haus ist mit einem klassischen Satteldach aus Bitumenschindeln ausgestattet und besitzt eine T\u00fcr mit Fenster, die den Innenraum mit nat\u00fcrlichem Licht erhellt. Eine einfache und praktische L\u00f6sung f\u00fcr jeden Garten. Das Haus ist wahlweise fertig montiert oder als Bausatz (Einzelteile zur Selbstmontage) erh\u00e4ltlich.    <\/p>\n","protected":false},"featured_media":14230,"template":"","meta":{"_acf_changed":false},"product_brand":[],"product_cat":[1670],"product_tag":[],"class_list":{"0":"post-14224","1":"product","2":"type-product","3":"status-publish","4":"has-post-thumbnail","6":"product_cat-gartenzubehor-voi-gartenprodukte","8":"first","9":"instock","10":"shipping-taxable","11":"product-type-variable"},"acf":[],"yoast_head":"<!-- This site is optimized with the Yoast SEO plugin v26.8 - https:\/\/yoast.com\/product\/yoast-seo-wordpress\/ -->\n<title>Gartenhaus - Awero - S\u00fcdamega L\u00f5una-Eestist<\/title>\n<meta name=\"robots\" content=\"index, follow, max-snippet:-1, max-image-preview:large, max-video-preview:-1\" \/>\n<link rel=\"canonical\" href=\"https:\/\/awero.ee\/de\/toode\/gartenhaus\/\" \/>\n<meta property=\"og:locale\" content=\"de_DE\" \/>\n<meta property=\"og:type\" content=\"article\" \/>\n<meta property=\"og:title\" content=\"Gartenhaus - Awero - S\u00fcdamega L\u00f5una-Eestist\" \/>\n<meta property=\"og:description\" content=\"Dieses kompakte und stilvolle Gartenhaus bietet den perfekten Stauraum f\u00fcr Gartenwerkzeuge, Zubeh\u00f6r oder sonstige Utensilien. Hergestellt aus strapazierf\u00e4higem nat\u00fcrlichem Fichtenholz (24 mm) oder Thermokiefernholz (28 mm). Das Haus ist mit einem klassischen Satteldach aus Bitumenschindeln ausgestattet und besitzt eine T\u00fcr mit Fenster, die den Innenraum mit nat\u00fcrlichem Licht erhellt. Eine einfache und praktische L\u00f6sung f\u00fcr jeden Garten. Das Haus ist wahlweise fertig montiert oder als Bausatz (Einzelteile zur Selbstmontage) erh\u00e4ltlich.\" \/>\n<meta property=\"og:url\" content=\"https:\/\/awero.ee\/de\/toode\/gartenhaus\/\" \/>\n<meta property=\"og:site_name\" content=\"Awero - S\u00fcdamega L\u00f5una-Eestist\" \/>\n<meta property=\"og:image\" content=\"https:\/\/awero.ee\/wp-content\/uploads\/2025\/04\/aiamaja_termo.jpg\" \/>\n\t<meta property=\"og:image:width\" content=\"1920\" \/>\n\t<meta property=\"og:image:height\" content=\"1280\" \/>\n\t<meta property=\"og:image:type\" content=\"image\/jpeg\" \/>\n<meta name=\"twitter:card\" content=\"summary_large_image\" \/>\n<script type=\"application\/ld+json\" class=\"yoast-schema-graph\">{\"@context\":\"https:\/\/schema.org\",\"@graph\":[{\"@type\":\"WebPage\",\"@id\":\"https:\/\/awero.ee\/de\/toode\/gartenhaus\/\",\"url\":\"https:\/\/awero.ee\/de\/toode\/gartenhaus\/\",\"name\":\"Gartenhaus - Awero - S\u00fcdamega L\u00f5una-Eestist\",\"isPartOf\":{\"@id\":\"https:\/\/awero.ee\/de\/#website\"},\"primaryImageOfPage\":{\"@id\":\"https:\/\/awero.ee\/de\/toode\/gartenhaus\/#primaryimage\"},\"image\":{\"@id\":\"https:\/\/awero.ee\/de\/toode\/gartenhaus\/#primaryimage\"},\"thumbnailUrl\":\"https:\/\/awero.ee\/wp-content\/uploads\/2025\/04\/aiamaja_termo.jpg\",\"datePublished\":\"2025-04-13T17:50:51+00:00\",\"breadcrumb\":{\"@id\":\"https:\/\/awero.ee\/de\/toode\/gartenhaus\/#breadcrumb\"},\"inLanguage\":\"de\",\"potentialAction\":[{\"@type\":\"ReadAction\",\"target\":[\"https:\/\/awero.ee\/de\/toode\/gartenhaus\/\"]}]},{\"@type\":\"ImageObject\",\"inLanguage\":\"de\",\"@id\":\"https:\/\/awero.ee\/de\/toode\/gartenhaus\/#primaryimage\",\"url\":\"https:\/\/awero.ee\/wp-content\/uploads\/2025\/04\/aiamaja_termo.jpg\",\"contentUrl\":\"https:\/\/awero.ee\/wp-content\/uploads\/2025\/04\/aiamaja_termo.jpg\",\"width\":1920,\"height\":1280},{\"@type\":\"BreadcrumbList\",\"@id\":\"https:\/\/awero.ee\/de\/toode\/gartenhaus\/#breadcrumb\",\"itemListElement\":[{\"@type\":\"ListItem\",\"position\":1,\"name\":\"Home\",\"item\":\"https:\/\/awero.ee\/de\/startseite\/\"},{\"@type\":\"ListItem\",\"position\":2,\"name\":\"Pood\",\"item\":\"https:\/\/awero.ee\/pood\/\"},{\"@type\":\"ListItem\",\"position\":3,\"name\":\"Gartenhaus\"}]},{\"@type\":\"WebSite\",\"@id\":\"https:\/\/awero.ee\/de\/#website\",\"url\":\"https:\/\/awero.ee\/de\/\",\"name\":\"Awero - S\u00fcdamega L\u00f5una Eestist\",\"description\":\"\",\"publisher\":{\"@id\":\"https:\/\/awero.ee\/de\/#organization\"},\"potentialAction\":[{\"@type\":\"SearchAction\",\"target\":{\"@type\":\"EntryPoint\",\"urlTemplate\":\"https:\/\/awero.ee\/de\/?s={search_term_string}\"},\"query-input\":{\"@type\":\"PropertyValueSpecification\",\"valueRequired\":true,\"valueName\":\"search_term_string\"}}],\"inLanguage\":\"de\"},{\"@type\":\"Organization\",\"@id\":\"https:\/\/awero.ee\/de\/#organization\",\"name\":\"Awero - S\u00fcdamega L\u00f5una Eestist\",\"url\":\"https:\/\/awero.ee\/de\/\",\"logo\":{\"@type\":\"ImageObject\",\"inLanguage\":\"de\",\"@id\":\"https:\/\/awero.ee\/de\/#\/schema\/logo\/image\/\",\"url\":\"https:\/\/awero.ee\/wp-content\/uploads\/2024\/07\/aweroplaceholder.jpg\",\"contentUrl\":\"https:\/\/awero.ee\/wp-content\/uploads\/2024\/07\/aweroplaceholder.jpg\",\"width\":1250,\"height\":834,\"caption\":\"Awero - S\u00fcdamega L\u00f5una Eestist\"},\"image\":{\"@id\":\"https:\/\/awero.ee\/de\/#\/schema\/logo\/image\/\"}}]}<\/script>\n<!-- \/ Yoast SEO plugin. -->","yoast_head_json":{"title":"Gartenhaus - Awero - S\u00fcdamega L\u00f5una-Eestist","robots":{"index":"index","follow":"follow","max-snippet":"max-snippet:-1","max-image-preview":"max-image-preview:large","max-video-preview":"max-video-preview:-1"},"canonical":"https:\/\/awero.ee\/de\/toode\/gartenhaus\/","og_locale":"de_DE","og_type":"article","og_title":"Gartenhaus - Awero - S\u00fcdamega L\u00f5una-Eestist","og_description":"Dieses kompakte und stilvolle Gartenhaus bietet den perfekten Stauraum f\u00fcr Gartenwerkzeuge, Zubeh\u00f6r oder sonstige Utensilien. Hergestellt aus strapazierf\u00e4higem nat\u00fcrlichem Fichtenholz (24 mm) oder Thermokiefernholz (28 mm). Das Haus ist mit einem klassischen Satteldach aus Bitumenschindeln ausgestattet und besitzt eine T\u00fcr mit Fenster, die den Innenraum mit nat\u00fcrlichem Licht erhellt. Eine einfache und praktische L\u00f6sung f\u00fcr jeden Garten. Das Haus ist wahlweise fertig montiert oder als Bausatz (Einzelteile zur Selbstmontage) erh\u00e4ltlich.","og_url":"https:\/\/awero.ee\/de\/toode\/gartenhaus\/","og_site_name":"Awero - S\u00fcdamega L\u00f5una-Eestist","og_image":[{"width":1920,"height":1280,"url":"https:\/\/awero.ee\/wp-content\/uploads\/2025\/04\/aiamaja_termo.jpg","type":"image\/jpeg"}],"twitter_card":"summary_large_image","schema":{"@context":"https:\/\/schema.org","@graph":[{"@type":"WebPage","@id":"https:\/\/awero.ee\/de\/toode\/gartenhaus\/","url":"https:\/\/awero.ee\/de\/toode\/gartenhaus\/","name":"Gartenhaus - Awero - S\u00fcdamega L\u00f5una-Eestist","isPartOf":{"@id":"https:\/\/awero.ee\/de\/#website"},"primaryImageOfPage":{"@id":"https:\/\/awero.ee\/de\/toode\/gartenhaus\/#primaryimage"},"image":{"@id":"https:\/\/awero.ee\/de\/toode\/gartenhaus\/#primaryimage"},"thumbnailUrl":"https:\/\/awero.ee\/wp-content\/uploads\/2025\/04\/aiamaja_termo.jpg","datePublished":"2025-04-13T17:50:51+00:00","breadcrumb":{"@id":"https:\/\/awero.ee\/de\/toode\/gartenhaus\/#breadcrumb"},"inLanguage":"de","potentialAction":[{"@type":"ReadAction","target":["https:\/\/awero.ee\/de\/toode\/gartenhaus\/"]}]},{"@type":"ImageObject","inLanguage":"de","@id":"https:\/\/awero.ee\/de\/toode\/gartenhaus\/#primaryimage","url":"https:\/\/awero.ee\/wp-content\/uploads\/2025\/04\/aiamaja_termo.jpg","contentUrl":"https:\/\/awero.ee\/wp-content\/uploads\/2025\/04\/aiamaja_termo.jpg","width":1920,"height":1280},{"@type":"BreadcrumbList","@id":"https:\/\/awero.ee\/de\/toode\/gartenhaus\/#breadcrumb","itemListElement":[{"@type":"ListItem","position":1,"name":"Home","item":"https:\/\/awero.ee\/de\/startseite\/"},{"@type":"ListItem","position":2,"name":"Pood","item":"https:\/\/awero.ee\/pood\/"},{"@type":"ListItem","position":3,"name":"Gartenhaus"}]},{"@type":"WebSite","@id":"https:\/\/awero.ee\/de\/#website","url":"https:\/\/awero.ee\/de\/","name":"Awero - S\u00fcdamega L\u00f5una Eestist","description":"","publisher":{"@id":"https:\/\/awero.ee\/de\/#organization"},"potentialAction":[{"@type":"SearchAction","target":{"@type":"EntryPoint","urlTemplate":"https:\/\/awero.ee\/de\/?s={search_term_string}"},"query-input":{"@type":"PropertyValueSpecification","valueRequired":true,"valueName":"search_term_string"}}],"inLanguage":"de"},{"@type":"Organization","@id":"https:\/\/awero.ee\/de\/#organization","name":"Awero - S\u00fcdamega L\u00f5una Eestist","url":"https:\/\/awero.ee\/de\/","logo":{"@type":"ImageObject","inLanguage":"de","@id":"https:\/\/awero.ee\/de\/#\/schema\/logo\/image\/","url":"https:\/\/awero.ee\/wp-content\/uploads\/2024\/07\/aweroplaceholder.jpg","contentUrl":"https:\/\/awero.ee\/wp-content\/uploads\/2024\/07\/aweroplaceholder.jpg","width":1250,"height":834,"caption":"Awero - S\u00fcdamega L\u00f5una Eestist"},"image":{"@id":"https:\/\/awero.ee\/de\/#\/schema\/logo\/image\/"}}]}},"_links":{"self":[{"href":"https:\/\/awero.ee\/de\/wp-json\/wp\/v2\/product\/14224","targetHints":{"allow":["GET"]}}],"collection":[{"href":"https:\/\/awero.ee\/de\/wp-json\/wp\/v2\/product"}],"about":[{"href":"https:\/\/awero.ee\/de\/wp-json\/wp\/v2\/types\/product"}],"wp:featuredmedia":[{"embeddable":true,"href":"https:\/\/awero.ee\/de\/wp-json\/wp\/v2\/media\/14230"}],"wp:attachment":[{"href":"https:\/\/awero.ee\/de\/wp-json\/wp\/v2\/media?parent=14224"}],"wp:term":[{"taxonomy":"product_brand","embeddable":true,"href":"https:\/\/awero.ee\/de\/wp-json\/wp\/v2\/product_brand?post=14224"},{"taxonomy":"product_cat","embeddable":true,"href":"https:\/\/awero.ee\/de\/wp-json\/wp\/v2\/product_cat?post=14224"},{"taxonomy":"product_tag","embeddable":true,"href":"https:\/\/awero.ee\/de\/wp-json\/wp\/v2\/product_tag?post=14224"}],"curies":[{"name":"wp","href":"https:\/\/api.w.org\/{rel}","templated":true}]}}