{"id":14209,"date":"2025-04-13T17:35:09","date_gmt":"2025-04-13T17:35:09","guid":{"rendered":"https:\/\/awero.ee\/toode\/pflanzkubel-70-l\/"},"modified":"2025-04-13T17:35:09","modified_gmt":"2025-04-13T17:35:09","slug":"pflanzkubel-70-l","status":"publish","type":"product","link":"https:\/\/awero.ee\/de\/toode\/pflanzkubel-70-l\/","title":{"rendered":"Pflanzk\u00fcbel 70 l"},"content":{"rendered":"<div class=\"container single-product-description-text\">\n<p><strong>Das Set enth\u00e4lt:<\/strong><\/p>\n<ul>\n<li>18 mm dicke Thermoholzplatten<\/li>\n<li>Befestigungsmaterial<\/li>\n<li>Montageanleitung.<\/li>\n<\/ul>\n<p><strong>Es wird empfohlen, die Holzteile des Produkts unmittelbar nach dem Zusammenbau mit einem Holzschutzmittel zu behandeln, um das Holz vor Feuchtigkeit und anderen Einfl\u00fcssen zu sch\u00fctzen.<\/strong> Spezielle Holzschutzmittel f\u00fcr Holzprodukte sind in gut sortierten Baum\u00e4rkten erh\u00e4ltlich.<\/p>\n<p>Hinweis: Aufgrund der Gr\u00f6\u00dfe der Verpackung ist die Lieferung an eine Packstation nicht m\u00f6glich. Bitte holen Sie die Ware selbst ab oder kontaktieren Sie unsere Verkaufsexperten unter +372 516 0518, um einen Kurierdienst zu beauftragen. <\/p>\n<\/div>\n","protected":false},"excerpt":{"rendered":"<div class=\"woocommerce-product-details__short-description\">\n<p>Der Pflanzk\u00fcbel aus Thermoholz ist eine sch\u00f6ne und praktische L\u00f6sung f\u00fcr Ihren Garten oder Balkon. Er bietet Platz f\u00fcr Blumen, Kr\u00e4uter, Beeren oder Gem\u00fcse. In einem Pflanzk\u00fcbel erw\u00e4rmt sich die Erde im Fr\u00fchjahr schneller, sodass die gew\u00fcnschten Pflanzen etwas fr\u00fcher eingesetzt werden k\u00f6nnen.  <\/p>\n<p>Der Pflanzk\u00fcbel wird zerlegt geliefert.<\/p>\n<\/div>\n","protected":false},"featured_media":2780,"template":"","meta":{"_acf_changed":false},"product_brand":[],"product_cat":[1670],"product_tag":[],"class_list":{"0":"post-14209","1":"product","2":"type-product","3":"status-publish","4":"has-post-thumbnail","6":"product_cat-gartenzubehor-voi-gartenprodukte","8":"first","9":"instock","10":"shipping-taxable","11":"product-type-simple"},"acf":[],"yoast_head":"<!-- This site is optimized with the Yoast SEO plugin v26.8 - https:\/\/yoast.com\/product\/yoast-seo-wordpress\/ -->\n<title>Pflanzk\u00fcbel 70 l - Awero - S\u00fcdamega L\u00f5una-Eestist<\/title>\n<meta name=\"robots\" content=\"index, follow, max-snippet:-1, max-image-preview:large, max-video-preview:-1\" \/>\n<link rel=\"canonical\" href=\"https:\/\/awero.ee\/de\/toode\/pflanzkubel-70-l\/\" \/>\n<meta property=\"og:locale\" content=\"de_DE\" \/>\n<meta property=\"og:type\" content=\"article\" \/>\n<meta property=\"og:title\" content=\"Pflanzk\u00fcbel 70 l - Awero - S\u00fcdamega L\u00f5una-Eestist\" \/>\n<meta property=\"og:description\" content=\"Der Pflanzk\u00fcbel aus Thermoholz ist eine sch\u00f6ne und praktische L\u00f6sung f\u00fcr Ihren Garten oder Balkon. Er bietet Platz f\u00fcr Blumen, Kr\u00e4uter, Beeren oder Gem\u00fcse. In einem Pflanzk\u00fcbel erw\u00e4rmt sich die Erde im Fr\u00fchjahr schneller, sodass die gew\u00fcnschten Pflanzen etwas fr\u00fcher eingesetzt werden k\u00f6nnen.  Der Pflanzk\u00fcbel wird zerlegt geliefert.\" \/>\n<meta property=\"og:url\" content=\"https:\/\/awero.ee\/de\/toode\/pflanzkubel-70-l\/\" \/>\n<meta property=\"og:site_name\" content=\"Awero - S\u00fcdamega L\u00f5una-Eestist\" \/>\n<meta property=\"og:image\" content=\"https:\/\/awero.ee\/wp-content\/uploads\/2025\/04\/Taimekast_suur.jpg\" \/>\n\t<meta property=\"og:image:width\" content=\"1868\" \/>\n\t<meta property=\"og:image:height\" content=\"1246\" \/>\n\t<meta property=\"og:image:type\" content=\"image\/jpeg\" \/>\n<meta name=\"twitter:card\" content=\"summary_large_image\" \/>\n<script type=\"application\/ld+json\" class=\"yoast-schema-graph\">{\"@context\":\"https:\/\/schema.org\",\"@graph\":[{\"@type\":\"WebPage\",\"@id\":\"https:\/\/awero.ee\/de\/toode\/pflanzkubel-70-l\/\",\"url\":\"https:\/\/awero.ee\/de\/toode\/pflanzkubel-70-l\/\",\"name\":\"Pflanzk\u00fcbel 70 l - Awero - S\u00fcdamega L\u00f5una-Eestist\",\"isPartOf\":{\"@id\":\"https:\/\/awero.ee\/de\/#website\"},\"primaryImageOfPage\":{\"@id\":\"https:\/\/awero.ee\/de\/toode\/pflanzkubel-70-l\/#primaryimage\"},\"image\":{\"@id\":\"https:\/\/awero.ee\/de\/toode\/pflanzkubel-70-l\/#primaryimage\"},\"thumbnailUrl\":\"https:\/\/awero.ee\/wp-content\/uploads\/2025\/04\/Taimekast_suur.jpg\",\"datePublished\":\"2025-04-13T17:35:09+00:00\",\"breadcrumb\":{\"@id\":\"https:\/\/awero.ee\/de\/toode\/pflanzkubel-70-l\/#breadcrumb\"},\"inLanguage\":\"de\",\"potentialAction\":[{\"@type\":\"ReadAction\",\"target\":[\"https:\/\/awero.ee\/de\/toode\/pflanzkubel-70-l\/\"]}]},{\"@type\":\"ImageObject\",\"inLanguage\":\"de\",\"@id\":\"https:\/\/awero.ee\/de\/toode\/pflanzkubel-70-l\/#primaryimage\",\"url\":\"https:\/\/awero.ee\/wp-content\/uploads\/2025\/04\/Taimekast_suur.jpg\",\"contentUrl\":\"https:\/\/awero.ee\/wp-content\/uploads\/2025\/04\/Taimekast_suur.jpg\",\"width\":1868,\"height\":1246},{\"@type\":\"BreadcrumbList\",\"@id\":\"https:\/\/awero.ee\/de\/toode\/pflanzkubel-70-l\/#breadcrumb\",\"itemListElement\":[{\"@type\":\"ListItem\",\"position\":1,\"name\":\"Home\",\"item\":\"https:\/\/awero.ee\/de\/startseite\/\"},{\"@type\":\"ListItem\",\"position\":2,\"name\":\"Pood\",\"item\":\"https:\/\/awero.ee\/pood\/\"},{\"@type\":\"ListItem\",\"position\":3,\"name\":\"Pflanzk\u00fcbel 70 l\"}]},{\"@type\":\"WebSite\",\"@id\":\"https:\/\/awero.ee\/de\/#website\",\"url\":\"https:\/\/awero.ee\/de\/\",\"name\":\"Awero - S\u00fcdamega L\u00f5una Eestist\",\"description\":\"\",\"publisher\":{\"@id\":\"https:\/\/awero.ee\/de\/#organization\"},\"potentialAction\":[{\"@type\":\"SearchAction\",\"target\":{\"@type\":\"EntryPoint\",\"urlTemplate\":\"https:\/\/awero.ee\/de\/?s={search_term_string}\"},\"query-input\":{\"@type\":\"PropertyValueSpecification\",\"valueRequired\":true,\"valueName\":\"search_term_string\"}}],\"inLanguage\":\"de\"},{\"@type\":\"Organization\",\"@id\":\"https:\/\/awero.ee\/de\/#organization\",\"name\":\"Awero - S\u00fcdamega L\u00f5una Eestist\",\"url\":\"https:\/\/awero.ee\/de\/\",\"logo\":{\"@type\":\"ImageObject\",\"inLanguage\":\"de\",\"@id\":\"https:\/\/awero.ee\/de\/#\/schema\/logo\/image\/\",\"url\":\"https:\/\/awero.ee\/wp-content\/uploads\/2024\/07\/aweroplaceholder.jpg\",\"contentUrl\":\"https:\/\/awero.ee\/wp-content\/uploads\/2024\/07\/aweroplaceholder.jpg\",\"width\":1250,\"height\":834,\"caption\":\"Awero - S\u00fcdamega L\u00f5una Eestist\"},\"image\":{\"@id\":\"https:\/\/awero.ee\/de\/#\/schema\/logo\/image\/\"}}]}<\/script>\n<!-- \/ Yoast SEO plugin. -->","yoast_head_json":{"title":"Pflanzk\u00fcbel 70 l - Awero - S\u00fcdamega L\u00f5una-Eestist","robots":{"index":"index","follow":"follow","max-snippet":"max-snippet:-1","max-image-preview":"max-image-preview:large","max-video-preview":"max-video-preview:-1"},"canonical":"https:\/\/awero.ee\/de\/toode\/pflanzkubel-70-l\/","og_locale":"de_DE","og_type":"article","og_title":"Pflanzk\u00fcbel 70 l - Awero - S\u00fcdamega L\u00f5una-Eestist","og_description":"Der Pflanzk\u00fcbel aus Thermoholz ist eine sch\u00f6ne und praktische L\u00f6sung f\u00fcr Ihren Garten oder Balkon. Er bietet Platz f\u00fcr Blumen, Kr\u00e4uter, Beeren oder Gem\u00fcse. In einem Pflanzk\u00fcbel erw\u00e4rmt sich die Erde im Fr\u00fchjahr schneller, sodass die gew\u00fcnschten Pflanzen etwas fr\u00fcher eingesetzt werden k\u00f6nnen.  Der Pflanzk\u00fcbel wird zerlegt geliefert.","og_url":"https:\/\/awero.ee\/de\/toode\/pflanzkubel-70-l\/","og_site_name":"Awero - S\u00fcdamega L\u00f5una-Eestist","og_image":[{"width":1868,"height":1246,"url":"https:\/\/awero.ee\/wp-content\/uploads\/2025\/04\/Taimekast_suur.jpg","type":"image\/jpeg"}],"twitter_card":"summary_large_image","schema":{"@context":"https:\/\/schema.org","@graph":[{"@type":"WebPage","@id":"https:\/\/awero.ee\/de\/toode\/pflanzkubel-70-l\/","url":"https:\/\/awero.ee\/de\/toode\/pflanzkubel-70-l\/","name":"Pflanzk\u00fcbel 70 l - Awero - S\u00fcdamega L\u00f5una-Eestist","isPartOf":{"@id":"https:\/\/awero.ee\/de\/#website"},"primaryImageOfPage":{"@id":"https:\/\/awero.ee\/de\/toode\/pflanzkubel-70-l\/#primaryimage"},"image":{"@id":"https:\/\/awero.ee\/de\/toode\/pflanzkubel-70-l\/#primaryimage"},"thumbnailUrl":"https:\/\/awero.ee\/wp-content\/uploads\/2025\/04\/Taimekast_suur.jpg","datePublished":"2025-04-13T17:35:09+00:00","breadcrumb":{"@id":"https:\/\/awero.ee\/de\/toode\/pflanzkubel-70-l\/#breadcrumb"},"inLanguage":"de","potentialAction":[{"@type":"ReadAction","target":["https:\/\/awero.ee\/de\/toode\/pflanzkubel-70-l\/"]}]},{"@type":"ImageObject","inLanguage":"de","@id":"https:\/\/awero.ee\/de\/toode\/pflanzkubel-70-l\/#primaryimage","url":"https:\/\/awero.ee\/wp-content\/uploads\/2025\/04\/Taimekast_suur.jpg","contentUrl":"https:\/\/awero.ee\/wp-content\/uploads\/2025\/04\/Taimekast_suur.jpg","width":1868,"height":1246},{"@type":"BreadcrumbList","@id":"https:\/\/awero.ee\/de\/toode\/pflanzkubel-70-l\/#breadcrumb","itemListElement":[{"@type":"ListItem","position":1,"name":"Home","item":"https:\/\/awero.ee\/de\/startseite\/"},{"@type":"ListItem","position":2,"name":"Pood","item":"https:\/\/awero.ee\/pood\/"},{"@type":"ListItem","position":3,"name":"Pflanzk\u00fcbel 70 l"}]},{"@type":"WebSite","@id":"https:\/\/awero.ee\/de\/#website","url":"https:\/\/awero.ee\/de\/","name":"Awero - S\u00fcdamega L\u00f5una Eestist","description":"","publisher":{"@id":"https:\/\/awero.ee\/de\/#organization"},"potentialAction":[{"@type":"SearchAction","target":{"@type":"EntryPoint","urlTemplate":"https:\/\/awero.ee\/de\/?s={search_term_string}"},"query-input":{"@type":"PropertyValueSpecification","valueRequired":true,"valueName":"search_term_string"}}],"inLanguage":"de"},{"@type":"Organization","@id":"https:\/\/awero.ee\/de\/#organization","name":"Awero - S\u00fcdamega L\u00f5una Eestist","url":"https:\/\/awero.ee\/de\/","logo":{"@type":"ImageObject","inLanguage":"de","@id":"https:\/\/awero.ee\/de\/#\/schema\/logo\/image\/","url":"https:\/\/awero.ee\/wp-content\/uploads\/2024\/07\/aweroplaceholder.jpg","contentUrl":"https:\/\/awero.ee\/wp-content\/uploads\/2024\/07\/aweroplaceholder.jpg","width":1250,"height":834,"caption":"Awero - S\u00fcdamega L\u00f5una Eestist"},"image":{"@id":"https:\/\/awero.ee\/de\/#\/schema\/logo\/image\/"}}]}},"_links":{"self":[{"href":"https:\/\/awero.ee\/de\/wp-json\/wp\/v2\/product\/14209","targetHints":{"allow":["GET"]}}],"collection":[{"href":"https:\/\/awero.ee\/de\/wp-json\/wp\/v2\/product"}],"about":[{"href":"https:\/\/awero.ee\/de\/wp-json\/wp\/v2\/types\/product"}],"wp:featuredmedia":[{"embeddable":true,"href":"https:\/\/awero.ee\/de\/wp-json\/wp\/v2\/media\/2780"}],"wp:attachment":[{"href":"https:\/\/awero.ee\/de\/wp-json\/wp\/v2\/media?parent=14209"}],"wp:term":[{"taxonomy":"product_brand","embeddable":true,"href":"https:\/\/awero.ee\/de\/wp-json\/wp\/v2\/product_brand?post=14209"},{"taxonomy":"product_cat","embeddable":true,"href":"https:\/\/awero.ee\/de\/wp-json\/wp\/v2\/product_cat?post=14209"},{"taxonomy":"product_tag","embeddable":true,"href":"https:\/\/awero.ee\/de\/wp-json\/wp\/v2\/product_tag?post=14209"}],"curies":[{"name":"wp","href":"https:\/\/api.w.org\/{rel}","templated":true}]}}