{"id":14185,"date":"2025-04-10T10:34:47","date_gmt":"2025-04-10T10:34:47","guid":{"rendered":"https:\/\/awero.ee\/toode\/nano-spa-2\/"},"modified":"2025-04-10T10:34:47","modified_gmt":"2025-04-10T10:34:47","slug":"nano-spa-2","status":"publish","type":"product","link":"https:\/\/awero.ee\/de\/toode\/nano-spa-2\/","title":{"rendered":"Nano Spa"},"content":{"rendered":"<div class=\"container single-product-description-text\">\n<p>Das Besondere an diesem Badefass sind die<strong> ergonomische<\/strong> und pflegeleichte Wanne aus Glasfaserkunststoff, die luxuri\u00f6se Verkleidung aus Thermoholz sowie der elektrisch beheizte Ofen. F\u00fcr das Badefass stehen zwei Heizleistungen zur Auswahl: 3 kW oder 6 kW. Geliefert wird das Badefass mit einem elektrischen Ofen und einem Filtersystem, das das Wasser sauber h\u00e4lt und kontinuierlich in Bewegung h\u00e4lt. Mit dem elektrischen Ofen l\u00e4sst sich das Wasser bequem und einfach erw\u00e4rmen, sodass Sie Harmonie und angenehme Momente genie\u00dfen k\u00f6nnen. <\/p>\n<p><strong>Das Set enth\u00e4lt:<\/strong><\/p>\n<ul>\n<li>integrierter Elektroofen (3 kW oder 6 kW)<\/li>\n<li>Bedienung f\u00fcr den Ofen<\/li>\n<li>Au\u00dfenverkleidung aus Thermoholz (mit Holzschutzmittel behandelt)<\/li>\n<li>Zweistufige runde Badefass-Treppe<\/li>\n<li><strong>Au\u00dfenverkleidung aus Thermoholz <\/strong>(mit Holzschutzmittel behandelt)<\/li>\n<\/ul>\n<p>F\u00fcr das Badefass kann eine Vielzahl von <strong><a href=\"https:\/\/awero.ee\/tootekategooria\/lisavarustus\/\">Zusatzausstattungen<\/a><\/strong> bestellt werden: LED-Beleuchtung (RGB), Luftsprudelanlage, digitales Wasserthermometer, Stereoanlage, Getr\u00e4nkehalter, w\u00e4rmeisolierte Abdeckung und ein Betonsockel f\u00fcr das Badefass.<\/p>\n<\/div>\n","protected":false},"excerpt":{"rendered":"<p>Das <strong>elektrisch beheizte Badefass <\/strong>ist ein hochwertiger Home-Spa, der bis ins Detail durchdacht, ganzj\u00e4hrig nutzbar und leicht zu pflegen ist. Es kann mit komfortablen und luxuri\u00f6sen Zusatzausstattungen erg\u00e4nzt werden. <\/p>\n<p>Zum Set des elektrisch beheizten Badefasses geh\u00f6rt au\u00dferdem ein Filtersystem mit Filterkugeln. <\/p>\n","protected":false},"featured_media":13315,"template":"","meta":{"_acf_changed":false},"product_brand":[],"product_cat":[1672,1673],"product_tag":[],"class_list":{"0":"post-14185","1":"product","2":"type-product","3":"status-publish","4":"has-post-thumbnail","6":"product_cat-badefasser","7":"product_cat-elektroheizung","9":"first","10":"instock","11":"sale","12":"shipping-taxable","13":"product-type-variable"},"acf":[],"yoast_head":"<!-- This site is optimized with the Yoast SEO plugin v26.8 - https:\/\/yoast.com\/product\/yoast-seo-wordpress\/ -->\n<title>Nano Spa - Awero - S\u00fcdamega L\u00f5una-Eestist<\/title>\n<meta name=\"robots\" content=\"index, follow, max-snippet:-1, max-image-preview:large, max-video-preview:-1\" \/>\n<link rel=\"canonical\" href=\"https:\/\/awero.ee\/de\/toode\/nano-spa-2\/\" \/>\n<meta property=\"og:locale\" content=\"de_DE\" \/>\n<meta property=\"og:type\" content=\"article\" \/>\n<meta property=\"og:title\" content=\"Nano Spa - Awero - S\u00fcdamega L\u00f5una-Eestist\" \/>\n<meta property=\"og:description\" content=\"Das elektrisch beheizte Badefass ist ein hochwertiger Home-Spa, der bis ins Detail durchdacht, ganzj\u00e4hrig nutzbar und leicht zu pflegen ist. Es kann mit komfortablen und luxuri\u00f6sen Zusatzausstattungen erg\u00e4nzt werden.  Zum Set des elektrisch beheizten Badefasses geh\u00f6rt au\u00dferdem ein Filtersystem mit Filterkugeln.\" \/>\n<meta property=\"og:url\" content=\"https:\/\/awero.ee\/de\/toode\/nano-spa-2\/\" \/>\n<meta property=\"og:site_name\" content=\"Awero - S\u00fcdamega L\u00f5una-Eestist\" \/>\n<meta property=\"og:image\" content=\"https:\/\/awero.ee\/wp-content\/uploads\/2025\/04\/taust-termo-hall-3-scaled.jpg\" \/>\n\t<meta property=\"og:image:width\" content=\"2560\" \/>\n\t<meta property=\"og:image:height\" content=\"2134\" \/>\n\t<meta property=\"og:image:type\" content=\"image\/jpeg\" \/>\n<meta name=\"twitter:card\" content=\"summary_large_image\" \/>\n<meta name=\"twitter:label1\" content=\"Gesch\u00e4tzte Lesezeit\" \/>\n\t<meta name=\"twitter:data1\" content=\"1\u00a0Minute\" \/>\n<script type=\"application\/ld+json\" class=\"yoast-schema-graph\">{\"@context\":\"https:\/\/schema.org\",\"@graph\":[{\"@type\":\"WebPage\",\"@id\":\"https:\/\/awero.ee\/de\/toode\/nano-spa-2\/\",\"url\":\"https:\/\/awero.ee\/de\/toode\/nano-spa-2\/\",\"name\":\"Nano Spa - Awero - S\u00fcdamega L\u00f5una-Eestist\",\"isPartOf\":{\"@id\":\"https:\/\/awero.ee\/de\/#website\"},\"primaryImageOfPage\":{\"@id\":\"https:\/\/awero.ee\/de\/toode\/nano-spa-2\/#primaryimage\"},\"image\":{\"@id\":\"https:\/\/awero.ee\/de\/toode\/nano-spa-2\/#primaryimage\"},\"thumbnailUrl\":\"https:\/\/awero.ee\/wp-content\/uploads\/2025\/04\/taust-termo-hall-3-scaled.jpg\",\"datePublished\":\"2025-04-10T10:34:47+00:00\",\"breadcrumb\":{\"@id\":\"https:\/\/awero.ee\/de\/toode\/nano-spa-2\/#breadcrumb\"},\"inLanguage\":\"de\",\"potentialAction\":[{\"@type\":\"ReadAction\",\"target\":[\"https:\/\/awero.ee\/de\/toode\/nano-spa-2\/\"]}]},{\"@type\":\"ImageObject\",\"inLanguage\":\"de\",\"@id\":\"https:\/\/awero.ee\/de\/toode\/nano-spa-2\/#primaryimage\",\"url\":\"https:\/\/awero.ee\/wp-content\/uploads\/2025\/04\/taust-termo-hall-3-scaled.jpg\",\"contentUrl\":\"https:\/\/awero.ee\/wp-content\/uploads\/2025\/04\/taust-termo-hall-3-scaled.jpg\",\"width\":2560,\"height\":2134},{\"@type\":\"BreadcrumbList\",\"@id\":\"https:\/\/awero.ee\/de\/toode\/nano-spa-2\/#breadcrumb\",\"itemListElement\":[{\"@type\":\"ListItem\",\"position\":1,\"name\":\"Home\",\"item\":\"https:\/\/awero.ee\/de\/startseite\/\"},{\"@type\":\"ListItem\",\"position\":2,\"name\":\"Pood\",\"item\":\"https:\/\/awero.ee\/pood\/\"},{\"@type\":\"ListItem\",\"position\":3,\"name\":\"Nano Spa\"}]},{\"@type\":\"WebSite\",\"@id\":\"https:\/\/awero.ee\/de\/#website\",\"url\":\"https:\/\/awero.ee\/de\/\",\"name\":\"Awero - S\u00fcdamega L\u00f5una Eestist\",\"description\":\"\",\"publisher\":{\"@id\":\"https:\/\/awero.ee\/de\/#organization\"},\"potentialAction\":[{\"@type\":\"SearchAction\",\"target\":{\"@type\":\"EntryPoint\",\"urlTemplate\":\"https:\/\/awero.ee\/de\/?s={search_term_string}\"},\"query-input\":{\"@type\":\"PropertyValueSpecification\",\"valueRequired\":true,\"valueName\":\"search_term_string\"}}],\"inLanguage\":\"de\"},{\"@type\":\"Organization\",\"@id\":\"https:\/\/awero.ee\/de\/#organization\",\"name\":\"Awero - S\u00fcdamega L\u00f5una Eestist\",\"url\":\"https:\/\/awero.ee\/de\/\",\"logo\":{\"@type\":\"ImageObject\",\"inLanguage\":\"de\",\"@id\":\"https:\/\/awero.ee\/de\/#\/schema\/logo\/image\/\",\"url\":\"https:\/\/awero.ee\/wp-content\/uploads\/2024\/07\/aweroplaceholder.jpg\",\"contentUrl\":\"https:\/\/awero.ee\/wp-content\/uploads\/2024\/07\/aweroplaceholder.jpg\",\"width\":1250,\"height\":834,\"caption\":\"Awero - S\u00fcdamega L\u00f5una Eestist\"},\"image\":{\"@id\":\"https:\/\/awero.ee\/de\/#\/schema\/logo\/image\/\"}}]}<\/script>\n<!-- \/ Yoast SEO plugin. -->","yoast_head_json":{"title":"Nano Spa - Awero - S\u00fcdamega L\u00f5una-Eestist","robots":{"index":"index","follow":"follow","max-snippet":"max-snippet:-1","max-image-preview":"max-image-preview:large","max-video-preview":"max-video-preview:-1"},"canonical":"https:\/\/awero.ee\/de\/toode\/nano-spa-2\/","og_locale":"de_DE","og_type":"article","og_title":"Nano Spa - Awero - S\u00fcdamega L\u00f5una-Eestist","og_description":"Das elektrisch beheizte Badefass ist ein hochwertiger Home-Spa, der bis ins Detail durchdacht, ganzj\u00e4hrig nutzbar und leicht zu pflegen ist. Es kann mit komfortablen und luxuri\u00f6sen Zusatzausstattungen erg\u00e4nzt werden.  Zum Set des elektrisch beheizten Badefasses geh\u00f6rt au\u00dferdem ein Filtersystem mit Filterkugeln.","og_url":"https:\/\/awero.ee\/de\/toode\/nano-spa-2\/","og_site_name":"Awero - S\u00fcdamega L\u00f5una-Eestist","og_image":[{"width":2560,"height":2134,"url":"https:\/\/awero.ee\/wp-content\/uploads\/2025\/04\/taust-termo-hall-3-scaled.jpg","type":"image\/jpeg"}],"twitter_card":"summary_large_image","twitter_misc":{"Gesch\u00e4tzte Lesezeit":"1\u00a0Minute"},"schema":{"@context":"https:\/\/schema.org","@graph":[{"@type":"WebPage","@id":"https:\/\/awero.ee\/de\/toode\/nano-spa-2\/","url":"https:\/\/awero.ee\/de\/toode\/nano-spa-2\/","name":"Nano Spa - Awero - S\u00fcdamega L\u00f5una-Eestist","isPartOf":{"@id":"https:\/\/awero.ee\/de\/#website"},"primaryImageOfPage":{"@id":"https:\/\/awero.ee\/de\/toode\/nano-spa-2\/#primaryimage"},"image":{"@id":"https:\/\/awero.ee\/de\/toode\/nano-spa-2\/#primaryimage"},"thumbnailUrl":"https:\/\/awero.ee\/wp-content\/uploads\/2025\/04\/taust-termo-hall-3-scaled.jpg","datePublished":"2025-04-10T10:34:47+00:00","breadcrumb":{"@id":"https:\/\/awero.ee\/de\/toode\/nano-spa-2\/#breadcrumb"},"inLanguage":"de","potentialAction":[{"@type":"ReadAction","target":["https:\/\/awero.ee\/de\/toode\/nano-spa-2\/"]}]},{"@type":"ImageObject","inLanguage":"de","@id":"https:\/\/awero.ee\/de\/toode\/nano-spa-2\/#primaryimage","url":"https:\/\/awero.ee\/wp-content\/uploads\/2025\/04\/taust-termo-hall-3-scaled.jpg","contentUrl":"https:\/\/awero.ee\/wp-content\/uploads\/2025\/04\/taust-termo-hall-3-scaled.jpg","width":2560,"height":2134},{"@type":"BreadcrumbList","@id":"https:\/\/awero.ee\/de\/toode\/nano-spa-2\/#breadcrumb","itemListElement":[{"@type":"ListItem","position":1,"name":"Home","item":"https:\/\/awero.ee\/de\/startseite\/"},{"@type":"ListItem","position":2,"name":"Pood","item":"https:\/\/awero.ee\/pood\/"},{"@type":"ListItem","position":3,"name":"Nano Spa"}]},{"@type":"WebSite","@id":"https:\/\/awero.ee\/de\/#website","url":"https:\/\/awero.ee\/de\/","name":"Awero - S\u00fcdamega L\u00f5una Eestist","description":"","publisher":{"@id":"https:\/\/awero.ee\/de\/#organization"},"potentialAction":[{"@type":"SearchAction","target":{"@type":"EntryPoint","urlTemplate":"https:\/\/awero.ee\/de\/?s={search_term_string}"},"query-input":{"@type":"PropertyValueSpecification","valueRequired":true,"valueName":"search_term_string"}}],"inLanguage":"de"},{"@type":"Organization","@id":"https:\/\/awero.ee\/de\/#organization","name":"Awero - S\u00fcdamega L\u00f5una Eestist","url":"https:\/\/awero.ee\/de\/","logo":{"@type":"ImageObject","inLanguage":"de","@id":"https:\/\/awero.ee\/de\/#\/schema\/logo\/image\/","url":"https:\/\/awero.ee\/wp-content\/uploads\/2024\/07\/aweroplaceholder.jpg","contentUrl":"https:\/\/awero.ee\/wp-content\/uploads\/2024\/07\/aweroplaceholder.jpg","width":1250,"height":834,"caption":"Awero - S\u00fcdamega L\u00f5una Eestist"},"image":{"@id":"https:\/\/awero.ee\/de\/#\/schema\/logo\/image\/"}}]}},"_links":{"self":[{"href":"https:\/\/awero.ee\/de\/wp-json\/wp\/v2\/product\/14185","targetHints":{"allow":["GET"]}}],"collection":[{"href":"https:\/\/awero.ee\/de\/wp-json\/wp\/v2\/product"}],"about":[{"href":"https:\/\/awero.ee\/de\/wp-json\/wp\/v2\/types\/product"}],"wp:featuredmedia":[{"embeddable":true,"href":"https:\/\/awero.ee\/de\/wp-json\/wp\/v2\/media\/13315"}],"wp:attachment":[{"href":"https:\/\/awero.ee\/de\/wp-json\/wp\/v2\/media?parent=14185"}],"wp:term":[{"taxonomy":"product_brand","embeddable":true,"href":"https:\/\/awero.ee\/de\/wp-json\/wp\/v2\/product_brand?post=14185"},{"taxonomy":"product_cat","embeddable":true,"href":"https:\/\/awero.ee\/de\/wp-json\/wp\/v2\/product_cat?post=14185"},{"taxonomy":"product_tag","embeddable":true,"href":"https:\/\/awero.ee\/de\/wp-json\/wp\/v2\/product_tag?post=14185"}],"curies":[{"name":"wp","href":"https:\/\/api.w.org\/{rel}","templated":true}]}}