{"id":14125,"date":"2025-04-01T09:47:01","date_gmt":"2025-04-01T09:47:01","guid":{"rendered":"https:\/\/awero.ee\/toode\/badefass-delux-220-mit-integriertem-ofen\/"},"modified":"2025-04-01T09:47:01","modified_gmt":"2025-04-01T09:47:01","slug":"badefass-delux-220-mit-integriertem-ofen","status":"publish","type":"product","link":"https:\/\/awero.ee\/de\/toode\/badefass-delux-220-mit-integriertem-ofen\/","title":{"rendered":"Badefass \u201eDeLux 220\u201c mit integriertem Ofen"},"content":{"rendered":"<div class=\"container single-product-description-text\">\n<p>Das Besondere an diesem Badefass sind die<strong> ergonomische<\/strong> und pflegeleichte Wanne aus <strong>Glasfaserkunststoff<\/strong>, die luxuri\u00f6se Verkleidung aus Thermoholz sowie der integrierte Ofen aus hochwertigem Edelstahl (AISI 304). Da das Badefass weniger Zeit und Holz zum Aufheizen ben\u00f6tigt, k\u00f6nnen Sie Harmonie und angenehme Momente schneller genie\u00dfen. <\/p>\n<p><strong>Das Set enth\u00e4lt:<\/strong><\/p>\n<ul>\n<li>integrierter Edelstahl-Ofen (30 kW)<\/li>\n<li>2 m hoher Schornstein mit Funkenschutzgitter und Schornsteinkappe<\/li>\n<li>Au\u00dfenverkleidung aus Thermoholz (mit Holzschutzmittel behandelt)<\/li>\n<li>Zweistufige runde Badefass-Treppe<\/li>\n<li><strong>Ergonomische Wanne aus Glasfaserkunststof<\/strong>f (Farbauswahl: grau, wei\u00df, blau).<\/li>\n<\/ul>\n<p>F\u00fcr das Badefass kann eine Vielzahl von<strong><a href=\"http:\/\/tootekategooria\/lisavarustus\/\"> Zusatzausstattungen<\/a><\/strong> bestellt werden: LED-Beleuchtung (RGB), Luftsprudelanlage, digitales Wasserthermometer, Stereoanlage, Getr\u00e4nkehalter, Filtersystem, Abdeckung aus Glasfaserkunststoff, w\u00e4rmeisolierte Abdeckung und ein Betonsockel f\u00fcr das Badefass.<\/p>\n<\/div>\n","protected":false},"excerpt":{"rendered":"<p><strong>Das Badefass \u201eDeLux 220\u201c<\/strong> mit integriertem Ofen aus AISI 304 ist ein gr\u00f6\u00dferer und ger\u00e4umigerer hochwertiger Home-Spa, der bis ins Detail durchdacht, ganzj\u00e4hrig nutzbar und leicht zu pflegen ist. F\u00fcr das Badefass kann eine Vielzahl an Zusatzausstattungen bestellt werden. <\/p>\n","protected":false},"featured_media":14135,"template":"","meta":{"_acf_changed":false},"product_brand":[],"product_cat":[1672,1675],"product_tag":[],"class_list":{"0":"post-14125","1":"product","2":"type-product","3":"status-publish","4":"has-post-thumbnail","6":"product_cat-badefasser","7":"product_cat-mit-integriertem-ofen","9":"first","10":"instock","11":"sale","12":"shipping-taxable","13":"product-type-variable"},"acf":[],"yoast_head":"<!-- This site is optimized with the Yoast SEO plugin v26.8 - https:\/\/yoast.com\/product\/yoast-seo-wordpress\/ -->\n<title>Badefass \u201eDeLux 220\u201c mit integriertem Ofen - Awero - S\u00fcdamega L\u00f5una-Eestist<\/title>\n<meta name=\"robots\" content=\"index, follow, max-snippet:-1, max-image-preview:large, max-video-preview:-1\" \/>\n<link rel=\"canonical\" href=\"https:\/\/awero.ee\/de\/toode\/badefass-delux-220-mit-integriertem-ofen\/\" \/>\n<meta property=\"og:locale\" content=\"de_DE\" \/>\n<meta property=\"og:type\" content=\"article\" \/>\n<meta property=\"og:title\" content=\"Badefass \u201eDeLux 220\u201c mit integriertem Ofen - Awero - S\u00fcdamega L\u00f5una-Eestist\" \/>\n<meta property=\"og:description\" content=\"Das Badefass \u201eDeLux 220\u201c mit integriertem Ofen aus AISI 304 ist ein gr\u00f6\u00dferer und ger\u00e4umigerer hochwertiger Home-Spa, der bis ins Detail durchdacht, ganzj\u00e4hrig nutzbar und leicht zu pflegen ist. F\u00fcr das Badefass kann eine Vielzahl an Zusatzausstattungen bestellt werden.\" \/>\n<meta property=\"og:url\" content=\"https:\/\/awero.ee\/de\/toode\/badefass-delux-220-mit-integriertem-ofen\/\" \/>\n<meta property=\"og:site_name\" content=\"Awero - S\u00fcdamega L\u00f5una-Eestist\" \/>\n<meta property=\"og:image\" content=\"https:\/\/awero.ee\/wp-content\/uploads\/2025\/04\/taust-scaled.jpg\" \/>\n\t<meta property=\"og:image:width\" content=\"2560\" \/>\n\t<meta property=\"og:image:height\" content=\"1840\" \/>\n\t<meta property=\"og:image:type\" content=\"image\/jpeg\" \/>\n<meta name=\"twitter:card\" content=\"summary_large_image\" \/>\n<meta name=\"twitter:label1\" content=\"Gesch\u00e4tzte Lesezeit\" \/>\n\t<meta name=\"twitter:data1\" content=\"1\u00a0Minute\" \/>\n<script type=\"application\/ld+json\" class=\"yoast-schema-graph\">{\"@context\":\"https:\/\/schema.org\",\"@graph\":[{\"@type\":\"WebPage\",\"@id\":\"https:\/\/awero.ee\/de\/toode\/badefass-delux-220-mit-integriertem-ofen\/\",\"url\":\"https:\/\/awero.ee\/de\/toode\/badefass-delux-220-mit-integriertem-ofen\/\",\"name\":\"Badefass \u201eDeLux 220\u201c mit integriertem Ofen - Awero - S\u00fcdamega L\u00f5una-Eestist\",\"isPartOf\":{\"@id\":\"https:\/\/awero.ee\/de\/#website\"},\"primaryImageOfPage\":{\"@id\":\"https:\/\/awero.ee\/de\/toode\/badefass-delux-220-mit-integriertem-ofen\/#primaryimage\"},\"image\":{\"@id\":\"https:\/\/awero.ee\/de\/toode\/badefass-delux-220-mit-integriertem-ofen\/#primaryimage\"},\"thumbnailUrl\":\"https:\/\/awero.ee\/wp-content\/uploads\/2025\/04\/taust-scaled.jpg\",\"datePublished\":\"2025-04-01T09:47:01+00:00\",\"breadcrumb\":{\"@id\":\"https:\/\/awero.ee\/de\/toode\/badefass-delux-220-mit-integriertem-ofen\/#breadcrumb\"},\"inLanguage\":\"de\",\"potentialAction\":[{\"@type\":\"ReadAction\",\"target\":[\"https:\/\/awero.ee\/de\/toode\/badefass-delux-220-mit-integriertem-ofen\/\"]}]},{\"@type\":\"ImageObject\",\"inLanguage\":\"de\",\"@id\":\"https:\/\/awero.ee\/de\/toode\/badefass-delux-220-mit-integriertem-ofen\/#primaryimage\",\"url\":\"https:\/\/awero.ee\/wp-content\/uploads\/2025\/04\/taust-scaled.jpg\",\"contentUrl\":\"https:\/\/awero.ee\/wp-content\/uploads\/2025\/04\/taust-scaled.jpg\",\"width\":2560,\"height\":1840},{\"@type\":\"BreadcrumbList\",\"@id\":\"https:\/\/awero.ee\/de\/toode\/badefass-delux-220-mit-integriertem-ofen\/#breadcrumb\",\"itemListElement\":[{\"@type\":\"ListItem\",\"position\":1,\"name\":\"Home\",\"item\":\"https:\/\/awero.ee\/de\/startseite\/\"},{\"@type\":\"ListItem\",\"position\":2,\"name\":\"Pood\",\"item\":\"https:\/\/awero.ee\/pood\/\"},{\"@type\":\"ListItem\",\"position\":3,\"name\":\"Badefass \u201eDeLux 220\u201c mit integriertem Ofen\"}]},{\"@type\":\"WebSite\",\"@id\":\"https:\/\/awero.ee\/de\/#website\",\"url\":\"https:\/\/awero.ee\/de\/\",\"name\":\"Awero - S\u00fcdamega L\u00f5una Eestist\",\"description\":\"\",\"publisher\":{\"@id\":\"https:\/\/awero.ee\/de\/#organization\"},\"potentialAction\":[{\"@type\":\"SearchAction\",\"target\":{\"@type\":\"EntryPoint\",\"urlTemplate\":\"https:\/\/awero.ee\/de\/?s={search_term_string}\"},\"query-input\":{\"@type\":\"PropertyValueSpecification\",\"valueRequired\":true,\"valueName\":\"search_term_string\"}}],\"inLanguage\":\"de\"},{\"@type\":\"Organization\",\"@id\":\"https:\/\/awero.ee\/de\/#organization\",\"name\":\"Awero - S\u00fcdamega L\u00f5una Eestist\",\"url\":\"https:\/\/awero.ee\/de\/\",\"logo\":{\"@type\":\"ImageObject\",\"inLanguage\":\"de\",\"@id\":\"https:\/\/awero.ee\/de\/#\/schema\/logo\/image\/\",\"url\":\"https:\/\/awero.ee\/wp-content\/uploads\/2024\/07\/aweroplaceholder.jpg\",\"contentUrl\":\"https:\/\/awero.ee\/wp-content\/uploads\/2024\/07\/aweroplaceholder.jpg\",\"width\":1250,\"height\":834,\"caption\":\"Awero - S\u00fcdamega L\u00f5una Eestist\"},\"image\":{\"@id\":\"https:\/\/awero.ee\/de\/#\/schema\/logo\/image\/\"}}]}<\/script>\n<!-- \/ Yoast SEO plugin. -->","yoast_head_json":{"title":"Badefass \u201eDeLux 220\u201c mit integriertem Ofen - Awero - S\u00fcdamega L\u00f5una-Eestist","robots":{"index":"index","follow":"follow","max-snippet":"max-snippet:-1","max-image-preview":"max-image-preview:large","max-video-preview":"max-video-preview:-1"},"canonical":"https:\/\/awero.ee\/de\/toode\/badefass-delux-220-mit-integriertem-ofen\/","og_locale":"de_DE","og_type":"article","og_title":"Badefass \u201eDeLux 220\u201c mit integriertem Ofen - Awero - S\u00fcdamega L\u00f5una-Eestist","og_description":"Das Badefass \u201eDeLux 220\u201c mit integriertem Ofen aus AISI 304 ist ein gr\u00f6\u00dferer und ger\u00e4umigerer hochwertiger Home-Spa, der bis ins Detail durchdacht, ganzj\u00e4hrig nutzbar und leicht zu pflegen ist. F\u00fcr das Badefass kann eine Vielzahl an Zusatzausstattungen bestellt werden.","og_url":"https:\/\/awero.ee\/de\/toode\/badefass-delux-220-mit-integriertem-ofen\/","og_site_name":"Awero - S\u00fcdamega L\u00f5una-Eestist","og_image":[{"width":2560,"height":1840,"url":"https:\/\/awero.ee\/wp-content\/uploads\/2025\/04\/taust-scaled.jpg","type":"image\/jpeg"}],"twitter_card":"summary_large_image","twitter_misc":{"Gesch\u00e4tzte Lesezeit":"1\u00a0Minute"},"schema":{"@context":"https:\/\/schema.org","@graph":[{"@type":"WebPage","@id":"https:\/\/awero.ee\/de\/toode\/badefass-delux-220-mit-integriertem-ofen\/","url":"https:\/\/awero.ee\/de\/toode\/badefass-delux-220-mit-integriertem-ofen\/","name":"Badefass \u201eDeLux 220\u201c mit integriertem Ofen - Awero - S\u00fcdamega L\u00f5una-Eestist","isPartOf":{"@id":"https:\/\/awero.ee\/de\/#website"},"primaryImageOfPage":{"@id":"https:\/\/awero.ee\/de\/toode\/badefass-delux-220-mit-integriertem-ofen\/#primaryimage"},"image":{"@id":"https:\/\/awero.ee\/de\/toode\/badefass-delux-220-mit-integriertem-ofen\/#primaryimage"},"thumbnailUrl":"https:\/\/awero.ee\/wp-content\/uploads\/2025\/04\/taust-scaled.jpg","datePublished":"2025-04-01T09:47:01+00:00","breadcrumb":{"@id":"https:\/\/awero.ee\/de\/toode\/badefass-delux-220-mit-integriertem-ofen\/#breadcrumb"},"inLanguage":"de","potentialAction":[{"@type":"ReadAction","target":["https:\/\/awero.ee\/de\/toode\/badefass-delux-220-mit-integriertem-ofen\/"]}]},{"@type":"ImageObject","inLanguage":"de","@id":"https:\/\/awero.ee\/de\/toode\/badefass-delux-220-mit-integriertem-ofen\/#primaryimage","url":"https:\/\/awero.ee\/wp-content\/uploads\/2025\/04\/taust-scaled.jpg","contentUrl":"https:\/\/awero.ee\/wp-content\/uploads\/2025\/04\/taust-scaled.jpg","width":2560,"height":1840},{"@type":"BreadcrumbList","@id":"https:\/\/awero.ee\/de\/toode\/badefass-delux-220-mit-integriertem-ofen\/#breadcrumb","itemListElement":[{"@type":"ListItem","position":1,"name":"Home","item":"https:\/\/awero.ee\/de\/startseite\/"},{"@type":"ListItem","position":2,"name":"Pood","item":"https:\/\/awero.ee\/pood\/"},{"@type":"ListItem","position":3,"name":"Badefass \u201eDeLux 220\u201c mit integriertem Ofen"}]},{"@type":"WebSite","@id":"https:\/\/awero.ee\/de\/#website","url":"https:\/\/awero.ee\/de\/","name":"Awero - S\u00fcdamega L\u00f5una Eestist","description":"","publisher":{"@id":"https:\/\/awero.ee\/de\/#organization"},"potentialAction":[{"@type":"SearchAction","target":{"@type":"EntryPoint","urlTemplate":"https:\/\/awero.ee\/de\/?s={search_term_string}"},"query-input":{"@type":"PropertyValueSpecification","valueRequired":true,"valueName":"search_term_string"}}],"inLanguage":"de"},{"@type":"Organization","@id":"https:\/\/awero.ee\/de\/#organization","name":"Awero - S\u00fcdamega L\u00f5una Eestist","url":"https:\/\/awero.ee\/de\/","logo":{"@type":"ImageObject","inLanguage":"de","@id":"https:\/\/awero.ee\/de\/#\/schema\/logo\/image\/","url":"https:\/\/awero.ee\/wp-content\/uploads\/2024\/07\/aweroplaceholder.jpg","contentUrl":"https:\/\/awero.ee\/wp-content\/uploads\/2024\/07\/aweroplaceholder.jpg","width":1250,"height":834,"caption":"Awero - S\u00fcdamega L\u00f5una Eestist"},"image":{"@id":"https:\/\/awero.ee\/de\/#\/schema\/logo\/image\/"}}]}},"_links":{"self":[{"href":"https:\/\/awero.ee\/de\/wp-json\/wp\/v2\/product\/14125","targetHints":{"allow":["GET"]}}],"collection":[{"href":"https:\/\/awero.ee\/de\/wp-json\/wp\/v2\/product"}],"about":[{"href":"https:\/\/awero.ee\/de\/wp-json\/wp\/v2\/types\/product"}],"wp:featuredmedia":[{"embeddable":true,"href":"https:\/\/awero.ee\/de\/wp-json\/wp\/v2\/media\/14135"}],"wp:attachment":[{"href":"https:\/\/awero.ee\/de\/wp-json\/wp\/v2\/media?parent=14125"}],"wp:term":[{"taxonomy":"product_brand","embeddable":true,"href":"https:\/\/awero.ee\/de\/wp-json\/wp\/v2\/product_brand?post=14125"},{"taxonomy":"product_cat","embeddable":true,"href":"https:\/\/awero.ee\/de\/wp-json\/wp\/v2\/product_cat?post=14125"},{"taxonomy":"product_tag","embeddable":true,"href":"https:\/\/awero.ee\/de\/wp-json\/wp\/v2\/product_tag?post=14125"}],"curies":[{"name":"wp","href":"https:\/\/api.w.org\/{rel}","templated":true}]}}