{"id":14098,"date":"2025-03-09T07:30:47","date_gmt":"2025-03-09T07:30:47","guid":{"rendered":"https:\/\/awero.ee\/toode\/badefass-180-mit-ausenofen-aus-fichtenholz\/"},"modified":"2025-03-09T07:30:47","modified_gmt":"2025-03-09T07:30:47","slug":"badefass-180-mit-ausenofen-aus-fichtenholz","status":"publish","type":"product","link":"https:\/\/awero.ee\/de\/toode\/badefass-180-mit-ausenofen-aus-fichtenholz\/","title":{"rendered":"Badefass 180 mit Au\u00dfenofen, aus Fichtenholz"},"content":{"rendered":"<p><strong>Das Set enth\u00e4lt:<\/strong><\/p>\n<ul>\n<li>AISI 304 roostevabast terasest v\u00e4lisahi (30 kW),<\/li>\n<li>2 m hoher Schornstein mit Funkenschutzgitter und Schornsteinkappe<\/li>\n<li>Treppe<\/li>\n<li>Paddel zum Umr\u00fchren des Wassers.<\/li>\n<\/ul>\n<p>&nbsp;<\/p>\n<p>F\u00fcr das Badefass k\u00f6nnen <a href=\"https:\/\/awero.ee\/tootekategooria\/lisavarustus\/\">Zusatzausstattungen<\/a> bestellt werden: Getr\u00e4nkehalter, Filtersystem, PVC-Abdeckung, Holzabdeckung und ein Betonsockel f\u00fcr das Badefass.<\/p>\n","protected":false},"excerpt":{"rendered":"<p>Ein klassisches Holz-Badefass, das zwar etwas mehr Pflege und eine pers\u00f6nliche Herangehensweise erfordert, aber dennoch eine gute und preiswerte L\u00f6sung f\u00fcr weniger anspruchsvolle Menschen ist, die nat\u00fcrliches Holz lieben.<\/p>\n<p>Bei der Nutzung dieses Badefasses ist es wichtig zu wissen, dass es im Sommer bei trockenem Wetter nicht leer stehen darf, da das Holz sonst austrocknet und sich Spalten bilden k\u00f6nnen. Das erneute Bef\u00fcllen mit Wasser und das Aufquellen des Holzes, damit es wieder wasserdicht wird, ist ein langwieriger Prozess. Um dies zu vermeiden, sollte die Wanne mindestens zur H\u00e4lfte mit Wasser gef\u00fcllt bleiben. Wir empfehlen, das Wasser direkt vor der erneuten Nutzung der Wanne zu wechseln.  <\/p>\n","protected":false},"featured_media":14092,"template":"","meta":{"_acf_changed":false},"product_brand":[],"product_cat":[1683,1672,1678],"product_tag":[],"class_list":{"0":"post-14098","1":"product","2":"type-product","3":"status-publish","4":"has-post-thumbnail","6":"product_cat-rabatt","7":"product_cat-badefasser","8":"product_cat-mit-ausenofen","10":"first","11":"instock","12":"sale","13":"shipping-taxable","14":"product-type-variable"},"acf":[],"yoast_head":"<!-- This site is optimized with the Yoast SEO plugin v26.8 - https:\/\/yoast.com\/product\/yoast-seo-wordpress\/ -->\n<title>Badefass 180 mit Au\u00dfenofen, aus Fichtenholz - Awero - S\u00fcdamega L\u00f5una-Eestist<\/title>\n<meta name=\"robots\" content=\"index, follow, max-snippet:-1, max-image-preview:large, max-video-preview:-1\" \/>\n<link rel=\"canonical\" href=\"https:\/\/awero.ee\/de\/toode\/badefass-180-mit-ausenofen-aus-fichtenholz\/\" \/>\n<meta property=\"og:locale\" content=\"de_DE\" \/>\n<meta property=\"og:type\" content=\"article\" \/>\n<meta property=\"og:title\" content=\"Badefass 180 mit Au\u00dfenofen, aus Fichtenholz - Awero - S\u00fcdamega L\u00f5una-Eestist\" \/>\n<meta property=\"og:description\" content=\"Ein klassisches Holz-Badefass, das zwar etwas mehr Pflege und eine pers\u00f6nliche Herangehensweise erfordert, aber dennoch eine gute und preiswerte L\u00f6sung f\u00fcr weniger anspruchsvolle Menschen ist, die nat\u00fcrliches Holz lieben. Bei der Nutzung dieses Badefasses ist es wichtig zu wissen, dass es im Sommer bei trockenem Wetter nicht leer stehen darf, da das Holz sonst austrocknet und sich Spalten bilden k\u00f6nnen. Das erneute Bef\u00fcllen mit Wasser und das Aufquellen des Holzes, damit es wieder wasserdicht wird, ist ein langwieriger Prozess. Um dies zu vermeiden, sollte die Wanne mindestens zur H\u00e4lfte mit Wasser gef\u00fcllt bleiben. Wir empfehlen, das Wasser direkt vor der erneuten Nutzung der Wanne zu wechseln.\" \/>\n<meta property=\"og:url\" content=\"https:\/\/awero.ee\/de\/toode\/badefass-180-mit-ausenofen-aus-fichtenholz\/\" \/>\n<meta property=\"og:site_name\" content=\"Awero - S\u00fcdamega L\u00f5una-Eestist\" \/>\n<meta property=\"og:image\" content=\"https:\/\/awero.ee\/wp-content\/uploads\/2025\/03\/Hottub_Eco_D180_kuusk_external.jpg\" \/>\n\t<meta property=\"og:image:width\" content=\"2500\" \/>\n\t<meta property=\"og:image:height\" content=\"1667\" \/>\n\t<meta property=\"og:image:type\" content=\"image\/jpeg\" \/>\n<meta name=\"twitter:card\" content=\"summary_large_image\" \/>\n<script type=\"application\/ld+json\" class=\"yoast-schema-graph\">{\"@context\":\"https:\/\/schema.org\",\"@graph\":[{\"@type\":\"WebPage\",\"@id\":\"https:\/\/awero.ee\/de\/toode\/badefass-180-mit-ausenofen-aus-fichtenholz\/\",\"url\":\"https:\/\/awero.ee\/de\/toode\/badefass-180-mit-ausenofen-aus-fichtenholz\/\",\"name\":\"Badefass 180 mit Au\u00dfenofen, aus Fichtenholz - Awero - S\u00fcdamega L\u00f5una-Eestist\",\"isPartOf\":{\"@id\":\"https:\/\/awero.ee\/de\/#website\"},\"primaryImageOfPage\":{\"@id\":\"https:\/\/awero.ee\/de\/toode\/badefass-180-mit-ausenofen-aus-fichtenholz\/#primaryimage\"},\"image\":{\"@id\":\"https:\/\/awero.ee\/de\/toode\/badefass-180-mit-ausenofen-aus-fichtenholz\/#primaryimage\"},\"thumbnailUrl\":\"https:\/\/awero.ee\/wp-content\/uploads\/2025\/03\/Hottub_Eco_D180_kuusk_external.jpg\",\"datePublished\":\"2025-03-09T07:30:47+00:00\",\"breadcrumb\":{\"@id\":\"https:\/\/awero.ee\/de\/toode\/badefass-180-mit-ausenofen-aus-fichtenholz\/#breadcrumb\"},\"inLanguage\":\"de\",\"potentialAction\":[{\"@type\":\"ReadAction\",\"target\":[\"https:\/\/awero.ee\/de\/toode\/badefass-180-mit-ausenofen-aus-fichtenholz\/\"]}]},{\"@type\":\"ImageObject\",\"inLanguage\":\"de\",\"@id\":\"https:\/\/awero.ee\/de\/toode\/badefass-180-mit-ausenofen-aus-fichtenholz\/#primaryimage\",\"url\":\"https:\/\/awero.ee\/wp-content\/uploads\/2025\/03\/Hottub_Eco_D180_kuusk_external.jpg\",\"contentUrl\":\"https:\/\/awero.ee\/wp-content\/uploads\/2025\/03\/Hottub_Eco_D180_kuusk_external.jpg\",\"width\":2500,\"height\":1667},{\"@type\":\"BreadcrumbList\",\"@id\":\"https:\/\/awero.ee\/de\/toode\/badefass-180-mit-ausenofen-aus-fichtenholz\/#breadcrumb\",\"itemListElement\":[{\"@type\":\"ListItem\",\"position\":1,\"name\":\"Home\",\"item\":\"https:\/\/awero.ee\/de\/startseite\/\"},{\"@type\":\"ListItem\",\"position\":2,\"name\":\"Pood\",\"item\":\"https:\/\/awero.ee\/pood\/\"},{\"@type\":\"ListItem\",\"position\":3,\"name\":\"Badefass 180 mit Au\u00dfenofen, aus Fichtenholz\"}]},{\"@type\":\"WebSite\",\"@id\":\"https:\/\/awero.ee\/de\/#website\",\"url\":\"https:\/\/awero.ee\/de\/\",\"name\":\"Awero - S\u00fcdamega L\u00f5una Eestist\",\"description\":\"\",\"publisher\":{\"@id\":\"https:\/\/awero.ee\/de\/#organization\"},\"potentialAction\":[{\"@type\":\"SearchAction\",\"target\":{\"@type\":\"EntryPoint\",\"urlTemplate\":\"https:\/\/awero.ee\/de\/?s={search_term_string}\"},\"query-input\":{\"@type\":\"PropertyValueSpecification\",\"valueRequired\":true,\"valueName\":\"search_term_string\"}}],\"inLanguage\":\"de\"},{\"@type\":\"Organization\",\"@id\":\"https:\/\/awero.ee\/de\/#organization\",\"name\":\"Awero - S\u00fcdamega L\u00f5una Eestist\",\"url\":\"https:\/\/awero.ee\/de\/\",\"logo\":{\"@type\":\"ImageObject\",\"inLanguage\":\"de\",\"@id\":\"https:\/\/awero.ee\/de\/#\/schema\/logo\/image\/\",\"url\":\"https:\/\/awero.ee\/wp-content\/uploads\/2024\/07\/aweroplaceholder.jpg\",\"contentUrl\":\"https:\/\/awero.ee\/wp-content\/uploads\/2024\/07\/aweroplaceholder.jpg\",\"width\":1250,\"height\":834,\"caption\":\"Awero - S\u00fcdamega L\u00f5una Eestist\"},\"image\":{\"@id\":\"https:\/\/awero.ee\/de\/#\/schema\/logo\/image\/\"}}]}<\/script>\n<!-- \/ Yoast SEO plugin. -->","yoast_head_json":{"title":"Badefass 180 mit Au\u00dfenofen, aus Fichtenholz - Awero - S\u00fcdamega L\u00f5una-Eestist","robots":{"index":"index","follow":"follow","max-snippet":"max-snippet:-1","max-image-preview":"max-image-preview:large","max-video-preview":"max-video-preview:-1"},"canonical":"https:\/\/awero.ee\/de\/toode\/badefass-180-mit-ausenofen-aus-fichtenholz\/","og_locale":"de_DE","og_type":"article","og_title":"Badefass 180 mit Au\u00dfenofen, aus Fichtenholz - Awero - S\u00fcdamega L\u00f5una-Eestist","og_description":"Ein klassisches Holz-Badefass, das zwar etwas mehr Pflege und eine pers\u00f6nliche Herangehensweise erfordert, aber dennoch eine gute und preiswerte L\u00f6sung f\u00fcr weniger anspruchsvolle Menschen ist, die nat\u00fcrliches Holz lieben. Bei der Nutzung dieses Badefasses ist es wichtig zu wissen, dass es im Sommer bei trockenem Wetter nicht leer stehen darf, da das Holz sonst austrocknet und sich Spalten bilden k\u00f6nnen. Das erneute Bef\u00fcllen mit Wasser und das Aufquellen des Holzes, damit es wieder wasserdicht wird, ist ein langwieriger Prozess. Um dies zu vermeiden, sollte die Wanne mindestens zur H\u00e4lfte mit Wasser gef\u00fcllt bleiben. Wir empfehlen, das Wasser direkt vor der erneuten Nutzung der Wanne zu wechseln.","og_url":"https:\/\/awero.ee\/de\/toode\/badefass-180-mit-ausenofen-aus-fichtenholz\/","og_site_name":"Awero - S\u00fcdamega L\u00f5una-Eestist","og_image":[{"width":2500,"height":1667,"url":"https:\/\/awero.ee\/wp-content\/uploads\/2025\/03\/Hottub_Eco_D180_kuusk_external.jpg","type":"image\/jpeg"}],"twitter_card":"summary_large_image","schema":{"@context":"https:\/\/schema.org","@graph":[{"@type":"WebPage","@id":"https:\/\/awero.ee\/de\/toode\/badefass-180-mit-ausenofen-aus-fichtenholz\/","url":"https:\/\/awero.ee\/de\/toode\/badefass-180-mit-ausenofen-aus-fichtenholz\/","name":"Badefass 180 mit Au\u00dfenofen, aus Fichtenholz - Awero - S\u00fcdamega L\u00f5una-Eestist","isPartOf":{"@id":"https:\/\/awero.ee\/de\/#website"},"primaryImageOfPage":{"@id":"https:\/\/awero.ee\/de\/toode\/badefass-180-mit-ausenofen-aus-fichtenholz\/#primaryimage"},"image":{"@id":"https:\/\/awero.ee\/de\/toode\/badefass-180-mit-ausenofen-aus-fichtenholz\/#primaryimage"},"thumbnailUrl":"https:\/\/awero.ee\/wp-content\/uploads\/2025\/03\/Hottub_Eco_D180_kuusk_external.jpg","datePublished":"2025-03-09T07:30:47+00:00","breadcrumb":{"@id":"https:\/\/awero.ee\/de\/toode\/badefass-180-mit-ausenofen-aus-fichtenholz\/#breadcrumb"},"inLanguage":"de","potentialAction":[{"@type":"ReadAction","target":["https:\/\/awero.ee\/de\/toode\/badefass-180-mit-ausenofen-aus-fichtenholz\/"]}]},{"@type":"ImageObject","inLanguage":"de","@id":"https:\/\/awero.ee\/de\/toode\/badefass-180-mit-ausenofen-aus-fichtenholz\/#primaryimage","url":"https:\/\/awero.ee\/wp-content\/uploads\/2025\/03\/Hottub_Eco_D180_kuusk_external.jpg","contentUrl":"https:\/\/awero.ee\/wp-content\/uploads\/2025\/03\/Hottub_Eco_D180_kuusk_external.jpg","width":2500,"height":1667},{"@type":"BreadcrumbList","@id":"https:\/\/awero.ee\/de\/toode\/badefass-180-mit-ausenofen-aus-fichtenholz\/#breadcrumb","itemListElement":[{"@type":"ListItem","position":1,"name":"Home","item":"https:\/\/awero.ee\/de\/startseite\/"},{"@type":"ListItem","position":2,"name":"Pood","item":"https:\/\/awero.ee\/pood\/"},{"@type":"ListItem","position":3,"name":"Badefass 180 mit Au\u00dfenofen, aus Fichtenholz"}]},{"@type":"WebSite","@id":"https:\/\/awero.ee\/de\/#website","url":"https:\/\/awero.ee\/de\/","name":"Awero - S\u00fcdamega L\u00f5una Eestist","description":"","publisher":{"@id":"https:\/\/awero.ee\/de\/#organization"},"potentialAction":[{"@type":"SearchAction","target":{"@type":"EntryPoint","urlTemplate":"https:\/\/awero.ee\/de\/?s={search_term_string}"},"query-input":{"@type":"PropertyValueSpecification","valueRequired":true,"valueName":"search_term_string"}}],"inLanguage":"de"},{"@type":"Organization","@id":"https:\/\/awero.ee\/de\/#organization","name":"Awero - S\u00fcdamega L\u00f5una Eestist","url":"https:\/\/awero.ee\/de\/","logo":{"@type":"ImageObject","inLanguage":"de","@id":"https:\/\/awero.ee\/de\/#\/schema\/logo\/image\/","url":"https:\/\/awero.ee\/wp-content\/uploads\/2024\/07\/aweroplaceholder.jpg","contentUrl":"https:\/\/awero.ee\/wp-content\/uploads\/2024\/07\/aweroplaceholder.jpg","width":1250,"height":834,"caption":"Awero - S\u00fcdamega L\u00f5una Eestist"},"image":{"@id":"https:\/\/awero.ee\/de\/#\/schema\/logo\/image\/"}}]}},"_links":{"self":[{"href":"https:\/\/awero.ee\/de\/wp-json\/wp\/v2\/product\/14098","targetHints":{"allow":["GET"]}}],"collection":[{"href":"https:\/\/awero.ee\/de\/wp-json\/wp\/v2\/product"}],"about":[{"href":"https:\/\/awero.ee\/de\/wp-json\/wp\/v2\/types\/product"}],"wp:featuredmedia":[{"embeddable":true,"href":"https:\/\/awero.ee\/de\/wp-json\/wp\/v2\/media\/14092"}],"wp:attachment":[{"href":"https:\/\/awero.ee\/de\/wp-json\/wp\/v2\/media?parent=14098"}],"wp:term":[{"taxonomy":"product_brand","embeddable":true,"href":"https:\/\/awero.ee\/de\/wp-json\/wp\/v2\/product_brand?post=14098"},{"taxonomy":"product_cat","embeddable":true,"href":"https:\/\/awero.ee\/de\/wp-json\/wp\/v2\/product_cat?post=14098"},{"taxonomy":"product_tag","embeddable":true,"href":"https:\/\/awero.ee\/de\/wp-json\/wp\/v2\/product_tag?post=14098"}],"curies":[{"name":"wp","href":"https:\/\/api.w.org\/{rel}","templated":true}]}}