{"id":13993,"date":"2025-02-19T10:12:38","date_gmt":"2025-02-19T10:12:38","guid":{"rendered":"https:\/\/awero.ee\/toode\/badefass-250\/"},"modified":"2025-02-19T10:12:38","modified_gmt":"2025-02-19T10:12:38","slug":"badefass-250","status":"publish","type":"product","link":"https:\/\/awero.ee\/de\/toode\/badefass-250\/","title":{"rendered":"Badefass 250"},"content":{"rendered":"","protected":false},"excerpt":{"rendered":"<p>Das Badefass mit Au\u00dfenofen und einem Durchmesser von 250 cm ist gro\u00df und ger\u00e4umig und eignet sich ideal f\u00fcr gr\u00f6\u00dfere Gruppen. Die Au\u00dfenverkleidung besteht aus strapazierf\u00e4higem und witterungsbest\u00e4ndigem Thermoholz. Die Wanne ist aus pflegeleichtem und strapazierf\u00e4higem Glasfaserkunststoff gefertigt und sorgt f\u00fcr hohen Nutzungskomfort sowie eine lange Lebensdauer. Das Wasser wird durch einen leistungsstarken 40-kW-Au\u00dfenofen aus Edelstahl erw\u00e4rmt. Zum Set geh\u00f6rt au\u00dferdem eine zweistufige runde Treppe. Ideal f\u00fcr Familien oder gr\u00f6\u00dfere Gruppen ist es f\u00fcr die ganzj\u00e4hrige Nutzung geeignet.     <\/p>\n","protected":false},"featured_media":13994,"template":"","meta":{"_acf_changed":false},"product_brand":[],"product_cat":[1672,1678],"product_tag":[],"class_list":{"0":"post-13993","1":"product","2":"type-product","3":"status-publish","4":"has-post-thumbnail","6":"product_cat-badefasser","7":"product_cat-mit-ausenofen","9":"first","10":"instock","11":"sale","12":"shipping-taxable","13":"product-type-variable"},"acf":[],"yoast_head":"<!-- This site is optimized with the Yoast SEO plugin v27.5 - https:\/\/yoast.com\/product\/yoast-seo-wordpress\/ -->\n<title>Badefass 250 - Awero - S\u00fcdamega L\u00f5una-Eestist<\/title>\n<meta name=\"robots\" content=\"index, follow, max-snippet:-1, max-image-preview:large, max-video-preview:-1\" \/>\n<link rel=\"canonical\" href=\"https:\/\/awero.ee\/de\/toode\/badefass-250\/\" \/>\n<meta property=\"og:locale\" content=\"de_DE\" \/>\n<meta property=\"og:type\" content=\"article\" \/>\n<meta property=\"og:title\" content=\"Badefass 250 - Awero - S\u00fcdamega L\u00f5una-Eestist\" \/>\n<meta property=\"og:description\" content=\"Das Badefass mit Au\u00dfenofen und einem Durchmesser von 250 cm ist gro\u00df und ger\u00e4umig und eignet sich ideal f\u00fcr gr\u00f6\u00dfere Gruppen. Die Au\u00dfenverkleidung besteht aus strapazierf\u00e4higem und witterungsbest\u00e4ndigem Thermoholz. Die Wanne ist aus pflegeleichtem und strapazierf\u00e4higem Glasfaserkunststoff gefertigt und sorgt f\u00fcr hohen Nutzungskomfort sowie eine lange Lebensdauer. Das Wasser wird durch einen leistungsstarken 40-kW-Au\u00dfenofen aus Edelstahl erw\u00e4rmt. Zum Set geh\u00f6rt au\u00dferdem eine zweistufige runde Treppe. Ideal f\u00fcr Familien oder gr\u00f6\u00dfere Gruppen ist es f\u00fcr die ganzj\u00e4hrige Nutzung geeignet.\" \/>\n<meta property=\"og:url\" content=\"https:\/\/awero.ee\/de\/toode\/badefass-250\/\" \/>\n<meta property=\"og:site_name\" content=\"Awero - S\u00fcdamega L\u00f5una-Eestist\" \/>\n<meta property=\"og:image\" content=\"https:\/\/awero.ee\/wp-content\/uploads\/2025\/02\/Kymblustynn_250_g.jpg\" \/>\n\t<meta property=\"og:image:width\" content=\"2500\" \/>\n\t<meta property=\"og:image:height\" content=\"1667\" \/>\n\t<meta property=\"og:image:type\" content=\"image\/jpeg\" \/>\n<meta name=\"twitter:card\" content=\"summary_large_image\" \/>\n<script type=\"application\/ld+json\" class=\"yoast-schema-graph\">{\"@context\":\"https:\\\/\\\/schema.org\",\"@graph\":[{\"@type\":\"WebPage\",\"@id\":\"https:\\\/\\\/awero.ee\\\/de\\\/toode\\\/badefass-250\\\/\",\"url\":\"https:\\\/\\\/awero.ee\\\/de\\\/toode\\\/badefass-250\\\/\",\"name\":\"Badefass 250 - Awero - S\u00fcdamega L\u00f5una-Eestist\",\"isPartOf\":{\"@id\":\"https:\\\/\\\/awero.ee\\\/de\\\/#website\"},\"primaryImageOfPage\":{\"@id\":\"https:\\\/\\\/awero.ee\\\/de\\\/toode\\\/badefass-250\\\/#primaryimage\"},\"image\":{\"@id\":\"https:\\\/\\\/awero.ee\\\/de\\\/toode\\\/badefass-250\\\/#primaryimage\"},\"thumbnailUrl\":\"https:\\\/\\\/awero.ee\\\/wp-content\\\/uploads\\\/2025\\\/02\\\/Kymblustynn_250_g.jpg\",\"datePublished\":\"2025-02-19T10:12:38+00:00\",\"breadcrumb\":{\"@id\":\"https:\\\/\\\/awero.ee\\\/de\\\/toode\\\/badefass-250\\\/#breadcrumb\"},\"inLanguage\":\"de\",\"potentialAction\":[{\"@type\":\"ReadAction\",\"target\":[\"https:\\\/\\\/awero.ee\\\/de\\\/toode\\\/badefass-250\\\/\"]}]},{\"@type\":\"ImageObject\",\"inLanguage\":\"de\",\"@id\":\"https:\\\/\\\/awero.ee\\\/de\\\/toode\\\/badefass-250\\\/#primaryimage\",\"url\":\"https:\\\/\\\/awero.ee\\\/wp-content\\\/uploads\\\/2025\\\/02\\\/Kymblustynn_250_g.jpg\",\"contentUrl\":\"https:\\\/\\\/awero.ee\\\/wp-content\\\/uploads\\\/2025\\\/02\\\/Kymblustynn_250_g.jpg\",\"width\":2500,\"height\":1667},{\"@type\":\"BreadcrumbList\",\"@id\":\"https:\\\/\\\/awero.ee\\\/de\\\/toode\\\/badefass-250\\\/#breadcrumb\",\"itemListElement\":[{\"@type\":\"ListItem\",\"position\":1,\"name\":\"Home\",\"item\":\"https:\\\/\\\/awero.ee\\\/de\\\/startseite\\\/\"},{\"@type\":\"ListItem\",\"position\":2,\"name\":\"Pood\",\"item\":\"https:\\\/\\\/awero.ee\\\/pood\\\/\"},{\"@type\":\"ListItem\",\"position\":3,\"name\":\"Badefass 250\"}]},{\"@type\":\"WebSite\",\"@id\":\"https:\\\/\\\/awero.ee\\\/de\\\/#website\",\"url\":\"https:\\\/\\\/awero.ee\\\/de\\\/\",\"name\":\"Awero - S\u00fcdamega L\u00f5una Eestist\",\"description\":\"\",\"publisher\":{\"@id\":\"https:\\\/\\\/awero.ee\\\/de\\\/#organization\"},\"potentialAction\":[{\"@type\":\"SearchAction\",\"target\":{\"@type\":\"EntryPoint\",\"urlTemplate\":\"https:\\\/\\\/awero.ee\\\/de\\\/?s={search_term_string}\"},\"query-input\":{\"@type\":\"PropertyValueSpecification\",\"valueRequired\":true,\"valueName\":\"search_term_string\"}}],\"inLanguage\":\"de\"},{\"@type\":\"Organization\",\"@id\":\"https:\\\/\\\/awero.ee\\\/de\\\/#organization\",\"name\":\"Awero - S\u00fcdamega L\u00f5una Eestist\",\"url\":\"https:\\\/\\\/awero.ee\\\/de\\\/\",\"logo\":{\"@type\":\"ImageObject\",\"inLanguage\":\"de\",\"@id\":\"https:\\\/\\\/awero.ee\\\/de\\\/#\\\/schema\\\/logo\\\/image\\\/\",\"url\":\"https:\\\/\\\/awero.ee\\\/wp-content\\\/uploads\\\/2024\\\/07\\\/aweroplaceholder.jpg\",\"contentUrl\":\"https:\\\/\\\/awero.ee\\\/wp-content\\\/uploads\\\/2024\\\/07\\\/aweroplaceholder.jpg\",\"width\":1250,\"height\":834,\"caption\":\"Awero - S\u00fcdamega L\u00f5una Eestist\"},\"image\":{\"@id\":\"https:\\\/\\\/awero.ee\\\/de\\\/#\\\/schema\\\/logo\\\/image\\\/\"}}]}<\/script>\n<!-- \/ Yoast SEO plugin. -->","yoast_head_json":{"title":"Badefass 250 - Awero - S\u00fcdamega L\u00f5una-Eestist","robots":{"index":"index","follow":"follow","max-snippet":"max-snippet:-1","max-image-preview":"max-image-preview:large","max-video-preview":"max-video-preview:-1"},"canonical":"https:\/\/awero.ee\/de\/toode\/badefass-250\/","og_locale":"de_DE","og_type":"article","og_title":"Badefass 250 - Awero - S\u00fcdamega L\u00f5una-Eestist","og_description":"Das Badefass mit Au\u00dfenofen und einem Durchmesser von 250 cm ist gro\u00df und ger\u00e4umig und eignet sich ideal f\u00fcr gr\u00f6\u00dfere Gruppen. Die Au\u00dfenverkleidung besteht aus strapazierf\u00e4higem und witterungsbest\u00e4ndigem Thermoholz. Die Wanne ist aus pflegeleichtem und strapazierf\u00e4higem Glasfaserkunststoff gefertigt und sorgt f\u00fcr hohen Nutzungskomfort sowie eine lange Lebensdauer. Das Wasser wird durch einen leistungsstarken 40-kW-Au\u00dfenofen aus Edelstahl erw\u00e4rmt. Zum Set geh\u00f6rt au\u00dferdem eine zweistufige runde Treppe. Ideal f\u00fcr Familien oder gr\u00f6\u00dfere Gruppen ist es f\u00fcr die ganzj\u00e4hrige Nutzung geeignet.","og_url":"https:\/\/awero.ee\/de\/toode\/badefass-250\/","og_site_name":"Awero - S\u00fcdamega L\u00f5una-Eestist","og_image":[{"width":2500,"height":1667,"url":"https:\/\/awero.ee\/wp-content\/uploads\/2025\/02\/Kymblustynn_250_g.jpg","type":"image\/jpeg"}],"twitter_card":"summary_large_image","schema":{"@context":"https:\/\/schema.org","@graph":[{"@type":"WebPage","@id":"https:\/\/awero.ee\/de\/toode\/badefass-250\/","url":"https:\/\/awero.ee\/de\/toode\/badefass-250\/","name":"Badefass 250 - Awero - S\u00fcdamega L\u00f5una-Eestist","isPartOf":{"@id":"https:\/\/awero.ee\/de\/#website"},"primaryImageOfPage":{"@id":"https:\/\/awero.ee\/de\/toode\/badefass-250\/#primaryimage"},"image":{"@id":"https:\/\/awero.ee\/de\/toode\/badefass-250\/#primaryimage"},"thumbnailUrl":"https:\/\/awero.ee\/wp-content\/uploads\/2025\/02\/Kymblustynn_250_g.jpg","datePublished":"2025-02-19T10:12:38+00:00","breadcrumb":{"@id":"https:\/\/awero.ee\/de\/toode\/badefass-250\/#breadcrumb"},"inLanguage":"de","potentialAction":[{"@type":"ReadAction","target":["https:\/\/awero.ee\/de\/toode\/badefass-250\/"]}]},{"@type":"ImageObject","inLanguage":"de","@id":"https:\/\/awero.ee\/de\/toode\/badefass-250\/#primaryimage","url":"https:\/\/awero.ee\/wp-content\/uploads\/2025\/02\/Kymblustynn_250_g.jpg","contentUrl":"https:\/\/awero.ee\/wp-content\/uploads\/2025\/02\/Kymblustynn_250_g.jpg","width":2500,"height":1667},{"@type":"BreadcrumbList","@id":"https:\/\/awero.ee\/de\/toode\/badefass-250\/#breadcrumb","itemListElement":[{"@type":"ListItem","position":1,"name":"Home","item":"https:\/\/awero.ee\/de\/startseite\/"},{"@type":"ListItem","position":2,"name":"Pood","item":"https:\/\/awero.ee\/pood\/"},{"@type":"ListItem","position":3,"name":"Badefass 250"}]},{"@type":"WebSite","@id":"https:\/\/awero.ee\/de\/#website","url":"https:\/\/awero.ee\/de\/","name":"Awero - S\u00fcdamega L\u00f5una Eestist","description":"","publisher":{"@id":"https:\/\/awero.ee\/de\/#organization"},"potentialAction":[{"@type":"SearchAction","target":{"@type":"EntryPoint","urlTemplate":"https:\/\/awero.ee\/de\/?s={search_term_string}"},"query-input":{"@type":"PropertyValueSpecification","valueRequired":true,"valueName":"search_term_string"}}],"inLanguage":"de"},{"@type":"Organization","@id":"https:\/\/awero.ee\/de\/#organization","name":"Awero - S\u00fcdamega L\u00f5una Eestist","url":"https:\/\/awero.ee\/de\/","logo":{"@type":"ImageObject","inLanguage":"de","@id":"https:\/\/awero.ee\/de\/#\/schema\/logo\/image\/","url":"https:\/\/awero.ee\/wp-content\/uploads\/2024\/07\/aweroplaceholder.jpg","contentUrl":"https:\/\/awero.ee\/wp-content\/uploads\/2024\/07\/aweroplaceholder.jpg","width":1250,"height":834,"caption":"Awero - S\u00fcdamega L\u00f5una Eestist"},"image":{"@id":"https:\/\/awero.ee\/de\/#\/schema\/logo\/image\/"}}]}},"_links":{"self":[{"href":"https:\/\/awero.ee\/de\/wp-json\/wp\/v2\/product\/13993","targetHints":{"allow":["GET"]}}],"collection":[{"href":"https:\/\/awero.ee\/de\/wp-json\/wp\/v2\/product"}],"about":[{"href":"https:\/\/awero.ee\/de\/wp-json\/wp\/v2\/types\/product"}],"wp:featuredmedia":[{"embeddable":true,"href":"https:\/\/awero.ee\/de\/wp-json\/wp\/v2\/media\/13994"}],"wp:attachment":[{"href":"https:\/\/awero.ee\/de\/wp-json\/wp\/v2\/media?parent=13993"}],"wp:term":[{"taxonomy":"product_brand","embeddable":true,"href":"https:\/\/awero.ee\/de\/wp-json\/wp\/v2\/product_brand?post=13993"},{"taxonomy":"product_cat","embeddable":true,"href":"https:\/\/awero.ee\/de\/wp-json\/wp\/v2\/product_cat?post=13993"},{"taxonomy":"product_tag","embeddable":true,"href":"https:\/\/awero.ee\/de\/wp-json\/wp\/v2\/product_tag?post=13993"}],"curies":[{"name":"wp","href":"https:\/\/api.w.org\/{rel}","templated":true}]}}