{"id":13969,"date":"2025-02-19T09:10:34","date_gmt":"2025-02-19T09:10:34","guid":{"rendered":"https:\/\/awero.ee\/toode\/eisfass-ofuro\/"},"modified":"2025-02-19T09:10:34","modified_gmt":"2025-02-19T09:10:34","slug":"eisfass-ofuro","status":"publish","type":"product","link":"https:\/\/awero.ee\/de\/toode\/eisfass-ofuro\/","title":{"rendered":"Eisfass \u201eOfuro\u201c"},"content":{"rendered":"<div class=\"container single-product-description-text\">\n<div class=\"container single-product-description-text\">\n<p><strong>Das Set enth\u00e4lt:<\/strong><\/p>\n<ul>\n<li>Wanne aus<strong> Glasfaserkunststoff<\/strong> (Farbauswahl: grau, wei\u00df, schwarz, hellblau, blau)<\/li>\n<li>Au\u00dfenverkleidung aus Thermoholz (mit Holzschutzmittel behandelt)<\/li>\n<li>runde Stufe (mit Holzschutzmittel behandelt).<\/li>\n<\/ul>\n<p>F\u00fcr das Eisfass k\u00f6nnen eine isolierte Abdeckung und ein Kombi-Heiz- und K\u00fchlger\u00e4t bestellt werden, wodurch es f\u00fcr K\u00e4lte- und W\u00e4rmetherapie verwendet werden kann. Zudem kann das Fass von au\u00dfen mit PUR-Schaumstoff isoliert werden, damit das Wasser l\u00e4nger die Temperatur h\u00e4lt.  Optional sind zudem eine LED-Leuchte und ein Thermometer verf\u00fcgbar.<\/p>\n<p>Die Thermoholzabdeckung f\u00fcr das K\u00fchlger\u00e4t ist nicht im Lieferumfang enthalten.<\/p>\n<\/div>\n<\/div>\n","protected":false},"excerpt":{"rendered":"<p>Unser Sortiment wurde um <strong>das neue<\/strong> Eisfass <strong>\u201eOfuro IceTub<\/strong>\u201c erweitert, das sich f\u00fcr ein erfrischendes Bad f\u00fcr zwei Personen eignet. Das ovale Eisfass verf\u00fcgt \u00fcber eine pflegeleichte Wanne <strong><\/strong> <strong><\/strong> mit ergonomischen Sitzen und eine wiederstandf\u00e4hige Au\u00dfenverkleidung aus Thermoholz. <\/p>\n","protected":false},"featured_media":13971,"template":"","meta":{"_acf_changed":false},"product_brand":[],"product_cat":[1672,1676],"product_tag":[],"class_list":{"0":"post-13969","1":"product","2":"type-product","3":"status-publish","4":"has-post-thumbnail","6":"product_cat-badefasser","7":"product_cat-eisfasser","9":"first","10":"instock","11":"sale","12":"shipping-taxable","13":"product-type-variable"},"acf":[],"yoast_head":"<!-- This site is optimized with the Yoast SEO plugin v26.8 - https:\/\/yoast.com\/product\/yoast-seo-wordpress\/ -->\n<title>Eisfass \u201eOfuro\u201c - Awero - S\u00fcdamega L\u00f5una-Eestist<\/title>\n<meta name=\"robots\" content=\"index, follow, max-snippet:-1, max-image-preview:large, max-video-preview:-1\" \/>\n<link rel=\"canonical\" href=\"https:\/\/awero.ee\/de\/toode\/eisfass-ofuro\/\" \/>\n<meta property=\"og:locale\" content=\"de_DE\" \/>\n<meta property=\"og:type\" content=\"article\" \/>\n<meta property=\"og:title\" content=\"Eisfass \u201eOfuro\u201c - Awero - S\u00fcdamega L\u00f5una-Eestist\" \/>\n<meta property=\"og:description\" content=\"Unser Sortiment wurde um das neue Eisfass \u201eOfuro IceTub\u201c erweitert, das sich f\u00fcr ein erfrischendes Bad f\u00fcr zwei Personen eignet. Das ovale Eisfass verf\u00fcgt \u00fcber eine pflegeleichte Wanne  mit ergonomischen Sitzen und eine wiederstandf\u00e4hige Au\u00dfenverkleidung aus Thermoholz.\" \/>\n<meta property=\"og:url\" content=\"https:\/\/awero.ee\/de\/toode\/eisfass-ofuro\/\" \/>\n<meta property=\"og:site_name\" content=\"Awero - S\u00fcdamega L\u00f5una-Eestist\" \/>\n<meta property=\"og:image\" content=\"https:\/\/awero.ee\/wp-content\/uploads\/2025\/02\/Ofuro-termo-chiller.jpg\" \/>\n\t<meta property=\"og:image:width\" content=\"2500\" \/>\n\t<meta property=\"og:image:height\" content=\"1667\" \/>\n\t<meta property=\"og:image:type\" content=\"image\/jpeg\" \/>\n<meta name=\"twitter:card\" content=\"summary_large_image\" \/>\n<script type=\"application\/ld+json\" class=\"yoast-schema-graph\">{\"@context\":\"https:\/\/schema.org\",\"@graph\":[{\"@type\":\"WebPage\",\"@id\":\"https:\/\/awero.ee\/de\/toode\/eisfass-ofuro\/\",\"url\":\"https:\/\/awero.ee\/de\/toode\/eisfass-ofuro\/\",\"name\":\"Eisfass \u201eOfuro\u201c - Awero - S\u00fcdamega L\u00f5una-Eestist\",\"isPartOf\":{\"@id\":\"https:\/\/awero.ee\/de\/#website\"},\"primaryImageOfPage\":{\"@id\":\"https:\/\/awero.ee\/de\/toode\/eisfass-ofuro\/#primaryimage\"},\"image\":{\"@id\":\"https:\/\/awero.ee\/de\/toode\/eisfass-ofuro\/#primaryimage\"},\"thumbnailUrl\":\"https:\/\/awero.ee\/wp-content\/uploads\/2025\/02\/Ofuro-termo-chiller.jpg\",\"datePublished\":\"2025-02-19T09:10:34+00:00\",\"breadcrumb\":{\"@id\":\"https:\/\/awero.ee\/de\/toode\/eisfass-ofuro\/#breadcrumb\"},\"inLanguage\":\"de\",\"potentialAction\":[{\"@type\":\"ReadAction\",\"target\":[\"https:\/\/awero.ee\/de\/toode\/eisfass-ofuro\/\"]}]},{\"@type\":\"ImageObject\",\"inLanguage\":\"de\",\"@id\":\"https:\/\/awero.ee\/de\/toode\/eisfass-ofuro\/#primaryimage\",\"url\":\"https:\/\/awero.ee\/wp-content\/uploads\/2025\/02\/Ofuro-termo-chiller.jpg\",\"contentUrl\":\"https:\/\/awero.ee\/wp-content\/uploads\/2025\/02\/Ofuro-termo-chiller.jpg\",\"width\":2500,\"height\":1667},{\"@type\":\"BreadcrumbList\",\"@id\":\"https:\/\/awero.ee\/de\/toode\/eisfass-ofuro\/#breadcrumb\",\"itemListElement\":[{\"@type\":\"ListItem\",\"position\":1,\"name\":\"Home\",\"item\":\"https:\/\/awero.ee\/de\/startseite\/\"},{\"@type\":\"ListItem\",\"position\":2,\"name\":\"Pood\",\"item\":\"https:\/\/awero.ee\/pood\/\"},{\"@type\":\"ListItem\",\"position\":3,\"name\":\"Eisfass \u201eOfuro\u201c\"}]},{\"@type\":\"WebSite\",\"@id\":\"https:\/\/awero.ee\/de\/#website\",\"url\":\"https:\/\/awero.ee\/de\/\",\"name\":\"Awero - S\u00fcdamega L\u00f5una Eestist\",\"description\":\"\",\"publisher\":{\"@id\":\"https:\/\/awero.ee\/de\/#organization\"},\"potentialAction\":[{\"@type\":\"SearchAction\",\"target\":{\"@type\":\"EntryPoint\",\"urlTemplate\":\"https:\/\/awero.ee\/de\/?s={search_term_string}\"},\"query-input\":{\"@type\":\"PropertyValueSpecification\",\"valueRequired\":true,\"valueName\":\"search_term_string\"}}],\"inLanguage\":\"de\"},{\"@type\":\"Organization\",\"@id\":\"https:\/\/awero.ee\/de\/#organization\",\"name\":\"Awero - S\u00fcdamega L\u00f5una Eestist\",\"url\":\"https:\/\/awero.ee\/de\/\",\"logo\":{\"@type\":\"ImageObject\",\"inLanguage\":\"de\",\"@id\":\"https:\/\/awero.ee\/de\/#\/schema\/logo\/image\/\",\"url\":\"https:\/\/awero.ee\/wp-content\/uploads\/2024\/07\/aweroplaceholder.jpg\",\"contentUrl\":\"https:\/\/awero.ee\/wp-content\/uploads\/2024\/07\/aweroplaceholder.jpg\",\"width\":1250,\"height\":834,\"caption\":\"Awero - S\u00fcdamega L\u00f5una Eestist\"},\"image\":{\"@id\":\"https:\/\/awero.ee\/de\/#\/schema\/logo\/image\/\"}}]}<\/script>\n<!-- \/ Yoast SEO plugin. -->","yoast_head_json":{"title":"Eisfass \u201eOfuro\u201c - Awero - S\u00fcdamega L\u00f5una-Eestist","robots":{"index":"index","follow":"follow","max-snippet":"max-snippet:-1","max-image-preview":"max-image-preview:large","max-video-preview":"max-video-preview:-1"},"canonical":"https:\/\/awero.ee\/de\/toode\/eisfass-ofuro\/","og_locale":"de_DE","og_type":"article","og_title":"Eisfass \u201eOfuro\u201c - Awero - S\u00fcdamega L\u00f5una-Eestist","og_description":"Unser Sortiment wurde um das neue Eisfass \u201eOfuro IceTub\u201c erweitert, das sich f\u00fcr ein erfrischendes Bad f\u00fcr zwei Personen eignet. Das ovale Eisfass verf\u00fcgt \u00fcber eine pflegeleichte Wanne  mit ergonomischen Sitzen und eine wiederstandf\u00e4hige Au\u00dfenverkleidung aus Thermoholz.","og_url":"https:\/\/awero.ee\/de\/toode\/eisfass-ofuro\/","og_site_name":"Awero - S\u00fcdamega L\u00f5una-Eestist","og_image":[{"width":2500,"height":1667,"url":"https:\/\/awero.ee\/wp-content\/uploads\/2025\/02\/Ofuro-termo-chiller.jpg","type":"image\/jpeg"}],"twitter_card":"summary_large_image","schema":{"@context":"https:\/\/schema.org","@graph":[{"@type":"WebPage","@id":"https:\/\/awero.ee\/de\/toode\/eisfass-ofuro\/","url":"https:\/\/awero.ee\/de\/toode\/eisfass-ofuro\/","name":"Eisfass \u201eOfuro\u201c - Awero - S\u00fcdamega L\u00f5una-Eestist","isPartOf":{"@id":"https:\/\/awero.ee\/de\/#website"},"primaryImageOfPage":{"@id":"https:\/\/awero.ee\/de\/toode\/eisfass-ofuro\/#primaryimage"},"image":{"@id":"https:\/\/awero.ee\/de\/toode\/eisfass-ofuro\/#primaryimage"},"thumbnailUrl":"https:\/\/awero.ee\/wp-content\/uploads\/2025\/02\/Ofuro-termo-chiller.jpg","datePublished":"2025-02-19T09:10:34+00:00","breadcrumb":{"@id":"https:\/\/awero.ee\/de\/toode\/eisfass-ofuro\/#breadcrumb"},"inLanguage":"de","potentialAction":[{"@type":"ReadAction","target":["https:\/\/awero.ee\/de\/toode\/eisfass-ofuro\/"]}]},{"@type":"ImageObject","inLanguage":"de","@id":"https:\/\/awero.ee\/de\/toode\/eisfass-ofuro\/#primaryimage","url":"https:\/\/awero.ee\/wp-content\/uploads\/2025\/02\/Ofuro-termo-chiller.jpg","contentUrl":"https:\/\/awero.ee\/wp-content\/uploads\/2025\/02\/Ofuro-termo-chiller.jpg","width":2500,"height":1667},{"@type":"BreadcrumbList","@id":"https:\/\/awero.ee\/de\/toode\/eisfass-ofuro\/#breadcrumb","itemListElement":[{"@type":"ListItem","position":1,"name":"Home","item":"https:\/\/awero.ee\/de\/startseite\/"},{"@type":"ListItem","position":2,"name":"Pood","item":"https:\/\/awero.ee\/pood\/"},{"@type":"ListItem","position":3,"name":"Eisfass \u201eOfuro\u201c"}]},{"@type":"WebSite","@id":"https:\/\/awero.ee\/de\/#website","url":"https:\/\/awero.ee\/de\/","name":"Awero - S\u00fcdamega L\u00f5una Eestist","description":"","publisher":{"@id":"https:\/\/awero.ee\/de\/#organization"},"potentialAction":[{"@type":"SearchAction","target":{"@type":"EntryPoint","urlTemplate":"https:\/\/awero.ee\/de\/?s={search_term_string}"},"query-input":{"@type":"PropertyValueSpecification","valueRequired":true,"valueName":"search_term_string"}}],"inLanguage":"de"},{"@type":"Organization","@id":"https:\/\/awero.ee\/de\/#organization","name":"Awero - S\u00fcdamega L\u00f5una Eestist","url":"https:\/\/awero.ee\/de\/","logo":{"@type":"ImageObject","inLanguage":"de","@id":"https:\/\/awero.ee\/de\/#\/schema\/logo\/image\/","url":"https:\/\/awero.ee\/wp-content\/uploads\/2024\/07\/aweroplaceholder.jpg","contentUrl":"https:\/\/awero.ee\/wp-content\/uploads\/2024\/07\/aweroplaceholder.jpg","width":1250,"height":834,"caption":"Awero - S\u00fcdamega L\u00f5una Eestist"},"image":{"@id":"https:\/\/awero.ee\/de\/#\/schema\/logo\/image\/"}}]}},"_links":{"self":[{"href":"https:\/\/awero.ee\/de\/wp-json\/wp\/v2\/product\/13969","targetHints":{"allow":["GET"]}}],"collection":[{"href":"https:\/\/awero.ee\/de\/wp-json\/wp\/v2\/product"}],"about":[{"href":"https:\/\/awero.ee\/de\/wp-json\/wp\/v2\/types\/product"}],"wp:featuredmedia":[{"embeddable":true,"href":"https:\/\/awero.ee\/de\/wp-json\/wp\/v2\/media\/13971"}],"wp:attachment":[{"href":"https:\/\/awero.ee\/de\/wp-json\/wp\/v2\/media?parent=13969"}],"wp:term":[{"taxonomy":"product_brand","embeddable":true,"href":"https:\/\/awero.ee\/de\/wp-json\/wp\/v2\/product_brand?post=13969"},{"taxonomy":"product_cat","embeddable":true,"href":"https:\/\/awero.ee\/de\/wp-json\/wp\/v2\/product_cat?post=13969"},{"taxonomy":"product_tag","embeddable":true,"href":"https:\/\/awero.ee\/de\/wp-json\/wp\/v2\/product_tag?post=13969"}],"curies":[{"name":"wp","href":"https:\/\/api.w.org\/{rel}","templated":true}]}}