{"id":13917,"date":"2025-02-18T11:01:16","date_gmt":"2025-02-18T11:01:16","guid":{"rendered":"https:\/\/awero.ee\/toode\/badefass-ofuro-mit-gasofen\/"},"modified":"2025-02-18T11:01:16","modified_gmt":"2025-02-18T11:01:16","slug":"badefass-ofuro-mit-gasofen","status":"publish","type":"product","link":"https:\/\/awero.ee\/de\/toode\/badefass-ofuro-mit-gasofen\/","title":{"rendered":"Badefass \u201eOfuro\u201c mit Gasofen"},"content":{"rendered":"<div class=\"container single-product-description-text\">\n<p>Das Besondere am <strong>Ofuro <\/strong>sind die <strong>ergonomischen Sitze<\/strong> und die pflegeleichte Wanne aus<strong> Glasfaserkunststoff,<\/strong> die luxuri\u00f6se Thermoholzverkleidung sowie der hochwertige Gasofen aus rostfreiem Stahl. Das Wasser wird bequem und schnell erhitzt, sodass Sie die Harmonie und die angenehmen Momente schneller genie\u00dfen k\u00f6nnen. <\/p>\n<p><strong>Das Set enth\u00e4lt:<\/strong><\/p>\n<ul>\n<li>Gasofen (32 kW)<\/li>\n<li>Au\u00dfenverkleidung aus Thermoholz (mit Holzschutzmittel behandelt)<\/li>\n<li>Zweistufige runde Badefass-Treppe<\/li>\n<li>graue Wanne aus<strong> Glasfaserkunststoff und mit ergonomischen Sitzen<\/strong>.<\/li>\n<\/ul>\n<p>F\u00fcr die Wanne kann eine Vielzahl von <strong><a href=\"https:\/\/awero.ee\/tootekategooria\/lisavarustus\/\">Zusatzausstattungen<\/a><\/strong> bestellt werden: LED-Beleuchtung (RGB), Luftsprudelanlage, digitales Wasserthermometer, Stereoanlage, Getr\u00e4nkehalter, Filtersystem, w\u00e4rmeisolierte Abdeckung.<\/p>\n<\/div>\n","protected":false},"excerpt":{"rendered":"<p>Das Badefass <strong>OFURO<\/strong> mit Gasofen aus <strong>AISI 304<\/strong> ist ein hochwertiger,<strong> privater<\/strong> Home-Spa<strong> f\u00fcr zwei Personen<\/strong>, der bis ins Detail durchdacht, ganzj\u00e4hrig nutzbar und leicht zu pflegen ist.<\/p>\n","protected":false},"featured_media":13918,"template":"","meta":{"_acf_changed":false},"product_brand":[],"product_cat":[1672,1674],"product_tag":[],"class_list":{"0":"post-13917","1":"product","2":"type-product","3":"status-publish","4":"has-post-thumbnail","6":"product_cat-badefasser","7":"product_cat-mit-gasofen","9":"first","10":"instock","11":"sale","12":"shipping-taxable","13":"product-type-variable"},"acf":[],"yoast_head":"<!-- This site is optimized with the Yoast SEO plugin v26.8 - https:\/\/yoast.com\/product\/yoast-seo-wordpress\/ -->\n<title>Badefass \u201eOfuro\u201c mit Gasofen - Awero - S\u00fcdamega L\u00f5una-Eestist<\/title>\n<meta name=\"robots\" content=\"index, follow, max-snippet:-1, max-image-preview:large, max-video-preview:-1\" \/>\n<link rel=\"canonical\" href=\"https:\/\/awero.ee\/de\/toode\/badefass-ofuro-mit-gasofen\/\" \/>\n<meta property=\"og:locale\" content=\"de_DE\" \/>\n<meta property=\"og:type\" content=\"article\" \/>\n<meta property=\"og:title\" content=\"Badefass \u201eOfuro\u201c mit Gasofen - Awero - S\u00fcdamega L\u00f5una-Eestist\" \/>\n<meta property=\"og:description\" content=\"Das Badefass OFURO mit Gasofen aus AISI 304 ist ein hochwertiger, privater Home-Spa f\u00fcr zwei Personen, der bis ins Detail durchdacht, ganzj\u00e4hrig nutzbar und leicht zu pflegen ist.\" \/>\n<meta property=\"og:url\" content=\"https:\/\/awero.ee\/de\/toode\/badefass-ofuro-mit-gasofen\/\" \/>\n<meta property=\"og:site_name\" content=\"Awero - S\u00fcdamega L\u00f5una-Eestist\" \/>\n<meta property=\"og:image\" content=\"https:\/\/awero.ee\/wp-content\/uploads\/2025\/02\/Ofuro_gaasiahjuga.jpg\" \/>\n\t<meta property=\"og:image:width\" content=\"2500\" \/>\n\t<meta property=\"og:image:height\" content=\"1667\" \/>\n\t<meta property=\"og:image:type\" content=\"image\/jpeg\" \/>\n<meta name=\"twitter:card\" content=\"summary_large_image\" \/>\n<script type=\"application\/ld+json\" class=\"yoast-schema-graph\">{\"@context\":\"https:\/\/schema.org\",\"@graph\":[{\"@type\":\"WebPage\",\"@id\":\"https:\/\/awero.ee\/de\/toode\/badefass-ofuro-mit-gasofen\/\",\"url\":\"https:\/\/awero.ee\/de\/toode\/badefass-ofuro-mit-gasofen\/\",\"name\":\"Badefass \u201eOfuro\u201c mit Gasofen - Awero - S\u00fcdamega L\u00f5una-Eestist\",\"isPartOf\":{\"@id\":\"https:\/\/awero.ee\/de\/#website\"},\"primaryImageOfPage\":{\"@id\":\"https:\/\/awero.ee\/de\/toode\/badefass-ofuro-mit-gasofen\/#primaryimage\"},\"image\":{\"@id\":\"https:\/\/awero.ee\/de\/toode\/badefass-ofuro-mit-gasofen\/#primaryimage\"},\"thumbnailUrl\":\"https:\/\/awero.ee\/wp-content\/uploads\/2025\/02\/Ofuro_gaasiahjuga.jpg\",\"datePublished\":\"2025-02-18T11:01:16+00:00\",\"breadcrumb\":{\"@id\":\"https:\/\/awero.ee\/de\/toode\/badefass-ofuro-mit-gasofen\/#breadcrumb\"},\"inLanguage\":\"de\",\"potentialAction\":[{\"@type\":\"ReadAction\",\"target\":[\"https:\/\/awero.ee\/de\/toode\/badefass-ofuro-mit-gasofen\/\"]}]},{\"@type\":\"ImageObject\",\"inLanguage\":\"de\",\"@id\":\"https:\/\/awero.ee\/de\/toode\/badefass-ofuro-mit-gasofen\/#primaryimage\",\"url\":\"https:\/\/awero.ee\/wp-content\/uploads\/2025\/02\/Ofuro_gaasiahjuga.jpg\",\"contentUrl\":\"https:\/\/awero.ee\/wp-content\/uploads\/2025\/02\/Ofuro_gaasiahjuga.jpg\",\"width\":2500,\"height\":1667},{\"@type\":\"BreadcrumbList\",\"@id\":\"https:\/\/awero.ee\/de\/toode\/badefass-ofuro-mit-gasofen\/#breadcrumb\",\"itemListElement\":[{\"@type\":\"ListItem\",\"position\":1,\"name\":\"Home\",\"item\":\"https:\/\/awero.ee\/de\/startseite\/\"},{\"@type\":\"ListItem\",\"position\":2,\"name\":\"Pood\",\"item\":\"https:\/\/awero.ee\/pood\/\"},{\"@type\":\"ListItem\",\"position\":3,\"name\":\"Badefass \u201eOfuro\u201c mit Gasofen\"}]},{\"@type\":\"WebSite\",\"@id\":\"https:\/\/awero.ee\/de\/#website\",\"url\":\"https:\/\/awero.ee\/de\/\",\"name\":\"Awero - S\u00fcdamega L\u00f5una Eestist\",\"description\":\"\",\"publisher\":{\"@id\":\"https:\/\/awero.ee\/de\/#organization\"},\"potentialAction\":[{\"@type\":\"SearchAction\",\"target\":{\"@type\":\"EntryPoint\",\"urlTemplate\":\"https:\/\/awero.ee\/de\/?s={search_term_string}\"},\"query-input\":{\"@type\":\"PropertyValueSpecification\",\"valueRequired\":true,\"valueName\":\"search_term_string\"}}],\"inLanguage\":\"de\"},{\"@type\":\"Organization\",\"@id\":\"https:\/\/awero.ee\/de\/#organization\",\"name\":\"Awero - S\u00fcdamega L\u00f5una Eestist\",\"url\":\"https:\/\/awero.ee\/de\/\",\"logo\":{\"@type\":\"ImageObject\",\"inLanguage\":\"de\",\"@id\":\"https:\/\/awero.ee\/de\/#\/schema\/logo\/image\/\",\"url\":\"https:\/\/awero.ee\/wp-content\/uploads\/2024\/07\/aweroplaceholder.jpg\",\"contentUrl\":\"https:\/\/awero.ee\/wp-content\/uploads\/2024\/07\/aweroplaceholder.jpg\",\"width\":1250,\"height\":834,\"caption\":\"Awero - S\u00fcdamega L\u00f5una Eestist\"},\"image\":{\"@id\":\"https:\/\/awero.ee\/de\/#\/schema\/logo\/image\/\"}}]}<\/script>\n<!-- \/ Yoast SEO plugin. -->","yoast_head_json":{"title":"Badefass \u201eOfuro\u201c mit Gasofen - Awero - S\u00fcdamega L\u00f5una-Eestist","robots":{"index":"index","follow":"follow","max-snippet":"max-snippet:-1","max-image-preview":"max-image-preview:large","max-video-preview":"max-video-preview:-1"},"canonical":"https:\/\/awero.ee\/de\/toode\/badefass-ofuro-mit-gasofen\/","og_locale":"de_DE","og_type":"article","og_title":"Badefass \u201eOfuro\u201c mit Gasofen - Awero - S\u00fcdamega L\u00f5una-Eestist","og_description":"Das Badefass OFURO mit Gasofen aus AISI 304 ist ein hochwertiger, privater Home-Spa f\u00fcr zwei Personen, der bis ins Detail durchdacht, ganzj\u00e4hrig nutzbar und leicht zu pflegen ist.","og_url":"https:\/\/awero.ee\/de\/toode\/badefass-ofuro-mit-gasofen\/","og_site_name":"Awero - S\u00fcdamega L\u00f5una-Eestist","og_image":[{"width":2500,"height":1667,"url":"https:\/\/awero.ee\/wp-content\/uploads\/2025\/02\/Ofuro_gaasiahjuga.jpg","type":"image\/jpeg"}],"twitter_card":"summary_large_image","schema":{"@context":"https:\/\/schema.org","@graph":[{"@type":"WebPage","@id":"https:\/\/awero.ee\/de\/toode\/badefass-ofuro-mit-gasofen\/","url":"https:\/\/awero.ee\/de\/toode\/badefass-ofuro-mit-gasofen\/","name":"Badefass \u201eOfuro\u201c mit Gasofen - Awero - S\u00fcdamega L\u00f5una-Eestist","isPartOf":{"@id":"https:\/\/awero.ee\/de\/#website"},"primaryImageOfPage":{"@id":"https:\/\/awero.ee\/de\/toode\/badefass-ofuro-mit-gasofen\/#primaryimage"},"image":{"@id":"https:\/\/awero.ee\/de\/toode\/badefass-ofuro-mit-gasofen\/#primaryimage"},"thumbnailUrl":"https:\/\/awero.ee\/wp-content\/uploads\/2025\/02\/Ofuro_gaasiahjuga.jpg","datePublished":"2025-02-18T11:01:16+00:00","breadcrumb":{"@id":"https:\/\/awero.ee\/de\/toode\/badefass-ofuro-mit-gasofen\/#breadcrumb"},"inLanguage":"de","potentialAction":[{"@type":"ReadAction","target":["https:\/\/awero.ee\/de\/toode\/badefass-ofuro-mit-gasofen\/"]}]},{"@type":"ImageObject","inLanguage":"de","@id":"https:\/\/awero.ee\/de\/toode\/badefass-ofuro-mit-gasofen\/#primaryimage","url":"https:\/\/awero.ee\/wp-content\/uploads\/2025\/02\/Ofuro_gaasiahjuga.jpg","contentUrl":"https:\/\/awero.ee\/wp-content\/uploads\/2025\/02\/Ofuro_gaasiahjuga.jpg","width":2500,"height":1667},{"@type":"BreadcrumbList","@id":"https:\/\/awero.ee\/de\/toode\/badefass-ofuro-mit-gasofen\/#breadcrumb","itemListElement":[{"@type":"ListItem","position":1,"name":"Home","item":"https:\/\/awero.ee\/de\/startseite\/"},{"@type":"ListItem","position":2,"name":"Pood","item":"https:\/\/awero.ee\/pood\/"},{"@type":"ListItem","position":3,"name":"Badefass \u201eOfuro\u201c mit Gasofen"}]},{"@type":"WebSite","@id":"https:\/\/awero.ee\/de\/#website","url":"https:\/\/awero.ee\/de\/","name":"Awero - S\u00fcdamega L\u00f5una Eestist","description":"","publisher":{"@id":"https:\/\/awero.ee\/de\/#organization"},"potentialAction":[{"@type":"SearchAction","target":{"@type":"EntryPoint","urlTemplate":"https:\/\/awero.ee\/de\/?s={search_term_string}"},"query-input":{"@type":"PropertyValueSpecification","valueRequired":true,"valueName":"search_term_string"}}],"inLanguage":"de"},{"@type":"Organization","@id":"https:\/\/awero.ee\/de\/#organization","name":"Awero - S\u00fcdamega L\u00f5una Eestist","url":"https:\/\/awero.ee\/de\/","logo":{"@type":"ImageObject","inLanguage":"de","@id":"https:\/\/awero.ee\/de\/#\/schema\/logo\/image\/","url":"https:\/\/awero.ee\/wp-content\/uploads\/2024\/07\/aweroplaceholder.jpg","contentUrl":"https:\/\/awero.ee\/wp-content\/uploads\/2024\/07\/aweroplaceholder.jpg","width":1250,"height":834,"caption":"Awero - S\u00fcdamega L\u00f5una Eestist"},"image":{"@id":"https:\/\/awero.ee\/de\/#\/schema\/logo\/image\/"}}]}},"_links":{"self":[{"href":"https:\/\/awero.ee\/de\/wp-json\/wp\/v2\/product\/13917","targetHints":{"allow":["GET"]}}],"collection":[{"href":"https:\/\/awero.ee\/de\/wp-json\/wp\/v2\/product"}],"about":[{"href":"https:\/\/awero.ee\/de\/wp-json\/wp\/v2\/types\/product"}],"wp:featuredmedia":[{"embeddable":true,"href":"https:\/\/awero.ee\/de\/wp-json\/wp\/v2\/media\/13918"}],"wp:attachment":[{"href":"https:\/\/awero.ee\/de\/wp-json\/wp\/v2\/media?parent=13917"}],"wp:term":[{"taxonomy":"product_brand","embeddable":true,"href":"https:\/\/awero.ee\/de\/wp-json\/wp\/v2\/product_brand?post=13917"},{"taxonomy":"product_cat","embeddable":true,"href":"https:\/\/awero.ee\/de\/wp-json\/wp\/v2\/product_cat?post=13917"},{"taxonomy":"product_tag","embeddable":true,"href":"https:\/\/awero.ee\/de\/wp-json\/wp\/v2\/product_tag?post=13917"}],"curies":[{"name":"wp","href":"https:\/\/api.w.org\/{rel}","templated":true}]}}